{"id":10020,"date":"2026-03-26T12:35:07","date_gmt":"2026-03-26T10:35:07","guid":{"rendered":"https:\/\/adexa.ee\/toode\/roheline-poimitud-tokestustross-hobedaste-otstega-15-m-adexa-br01gs\/"},"modified":"2026-03-26T12:35:09","modified_gmt":"2026-03-26T10:35:09","slug":"roheline-poimitud-tokestustross-hobedaste-otstega-15-m-adexa-br01gs","status":"publish","type":"product","link":"https:\/\/adexa.ee\/en\/toode\/roheline-poimitud-tokestustross-hobedaste-otstega-15-m-adexa-br01gs\/","title":{"rendered":"Roheline p\u00f5imitud t\u00f5kestustross h\u00f5bedaste otstega 1,5 m | Adexa BR01GS"},"content":{"rendered":"<p>Varustatud p\u00f5imitud k\u00f6iedisaini ja h\u00f5bedaste otstega, see tross juhatab k\u00f5ik teie k\u00fclalised \u00f5iges suunas. Nii klassikaline kui ka elegantne, see rahvahulga juhtimise tross pakub usaldusv\u00e4\u00e4rset abi teie restoranis, \u00f6\u00f6klubis v\u00f5i kasiinos. K\u00f6ie liikumine on lihtne t\u00e4nu konksudele, mida on lihtne avada ja sulgeda. Pikkus: 1500 mm Konksu l\u00e4bim\u00f5\u00f5t: 28 mm<\/p>\n<table style=\"border-collapse: collapse; width: 100%; text-align: left;\">\n<tbody>\n<tr>\n<td style=\"border: 1px solid #ddd; padding: 8px; width: 45%;\"><strong>Kaal<\/strong><\/td>\n<td style=\"border: 1px solid #ddd; padding: 8px;\">0.5 kg<\/td>\n<\/tr>\n<tr>\n<td style=\"border: 1px solid #ddd; padding: 8px; width: 45%;\"><strong>Garantii<\/strong><\/td>\n<td style=\"border: 1px solid #ddd; padding: 8px;\">12 kuu varuosade garantii<\/td>\n<\/tr>\n<tr>\n<td style=\"border: 1px solid #ddd; padding: 8px; width: 45%;\"><strong>Materjal<\/strong><\/td>\n<td style=\"border: 1px solid #ddd; padding: 8px;\">Punutud k\u00f6is<\/td>\n<\/tr>\n<tr>\n<td style=\"border: 1px solid #ddd; padding: 8px; width: 45%;\"><strong>V\u00e4rv<\/strong><\/td>\n<td style=\"border: 1px solid #ddd; padding: 8px;\">Roheline (k\u00f6is) \/ H\u00f5bedane (otsad)<\/td>\n<\/tr>\n<tr>\n<td style=\"border: 1px solid #ddd; padding: 8px; width: 45%;\"><strong>L\u00e4bim\u00f5\u00f5t<\/strong><\/td>\n<td style=\"border: 1px solid #ddd; padding: 8px;\">28 mm<\/td>\n<\/tr>\n<tr>\n<td style=\"border: 1px solid #ddd; padding: 8px; width: 45%;\"><strong>Pikkus<\/strong><\/td>\n<td style=\"border: 1px solid #ddd; padding: 8px;\">1500 mm<\/td>\n<\/tr>\n<\/tbody>\n<\/table>\n","protected":false},"excerpt":{"rendered":"<p>Varustatud p\u00f5imitud k\u00f6iedisaini ja h\u00f5bedaste otstega, see tross juhatab k\u00f5ik teie k\u00fclalised \u00f5iges suunas. Nii klassikaline kui ka elegantne, see<\/p>\n","protected":false},"featured_media":10022,"template":"","meta":[],"product_brand":[],"product_cat":[621,561],"product_tag":[],"class_list":{"0":"post-10020","1":"product","2":"type-product","3":"status-publish","4":"has-post-thumbnail","6":"product_cat-eralduspostid-ja-paelad","7":"product_cat-moobel-ja-hoiustamine","9":"first","10":"instock","11":"sale","12":"taxable","13":"shipping-taxable","14":"purchasable","15":"product-type-simple"},"yoast_head":"<!-- This site is optimized with the Yoast SEO plugin v27.3 - https:\/\/yoast.com\/product\/yoast-seo-wordpress\/ -->\n<title>Roheline p\u00f5imitud t\u00f5kestustross h\u00f5bedaste otstega 1,5 m | Adexa BR01GS - Adexa \u2013 Suurk\u00f6\u00f6giseadmed restoranidele ja toitlustusele<\/title>\n<meta name=\"robots\" content=\"index, follow, max-snippet:-1, max-image-preview:large, max-video-preview:-1\" \/>\n<link rel=\"canonical\" href=\"https:\/\/adexa.ee\/toode\/roheline-poimitud-tokestustross-hobedaste-otstega-15-m-adexa-br01gs\/\" \/>\n<meta property=\"og:locale\" content=\"en_US\" \/>\n<meta property=\"og:type\" content=\"article\" \/>\n<meta property=\"og:title\" content=\"Roheline p\u00f5imitud t\u00f5kestustross h\u00f5bedaste otstega 1,5 m | Adexa BR01GS - Adexa \u2013 Suurk\u00f6\u00f6giseadmed restoranidele ja toitlustusele\" \/>\n<meta property=\"og:description\" content=\"Varustatud p\u00f5imitud k\u00f6iedisaini ja h\u00f5bedaste otstega, see tross juhatab k\u00f5ik teie k\u00fclalised \u00f5iges suunas. Nii klassikaline kui ka elegantne, see\" \/>\n<meta property=\"og:url\" content=\"https:\/\/adexa.ee\/toode\/roheline-poimitud-tokestustross-hobedaste-otstega-15-m-adexa-br01gs\/\" \/>\n<meta property=\"og:site_name\" content=\"Adexa \u2013 Suurk\u00f6\u00f6giseadmed restoranidele ja toitlustusele\" \/>\n<meta property=\"article:modified_time\" content=\"2026-03-26T10:35:09+00:00\" \/>\n<meta property=\"og:image\" content=\"https:\/\/adexa.ee\/wp-content\/uploads\/2024\/12\/BR01GS.jpg\" \/>\n\t<meta property=\"og:image:width\" content=\"1361\" \/>\n\t<meta property=\"og:image:height\" content=\"1361\" \/>\n\t<meta property=\"og:image:type\" content=\"image\/jpeg\" \/>\n<meta name=\"twitter:card\" content=\"summary_large_image\" \/>\n<script type=\"application\/ld+json\" class=\"yoast-schema-graph\">{\"@context\":\"https:\\\/\\\/schema.org\",\"@graph\":[{\"@type\":\"WebPage\",\"@id\":\"https:\\\/\\\/adexa.ee\\\/toode\\\/roheline-poimitud-tokestustross-hobedaste-otstega-15-m-adexa-br01gs\\\/\",\"url\":\"https:\\\/\\\/adexa.ee\\\/toode\\\/roheline-poimitud-tokestustross-hobedaste-otstega-15-m-adexa-br01gs\\\/\",\"name\":\"Roheline p\u00f5imitud t\u00f5kestustross h\u00f5bedaste otstega 1,5 m | Adexa BR01GS - Adexa \u2013 Suurk\u00f6\u00f6giseadmed restoranidele ja toitlustusele\",\"isPartOf\":{\"@id\":\"https:\\\/\\\/adexa.ee\\\/#website\"},\"primaryImageOfPage\":{\"@id\":\"https:\\\/\\\/adexa.ee\\\/toode\\\/roheline-poimitud-tokestustross-hobedaste-otstega-15-m-adexa-br01gs\\\/#primaryimage\"},\"image\":{\"@id\":\"https:\\\/\\\/adexa.ee\\\/toode\\\/roheline-poimitud-tokestustross-hobedaste-otstega-15-m-adexa-br01gs\\\/#primaryimage\"},\"thumbnailUrl\":\"https:\\\/\\\/adexa.ee\\\/wp-content\\\/uploads\\\/2024\\\/12\\\/BR01GS.jpg\",\"datePublished\":\"2026-03-26T10:35:07+00:00\",\"dateModified\":\"2026-03-26T10:35:09+00:00\",\"breadcrumb\":{\"@id\":\"https:\\\/\\\/adexa.ee\\\/toode\\\/roheline-poimitud-tokestustross-hobedaste-otstega-15-m-adexa-br01gs\\\/#breadcrumb\"},\"inLanguage\":\"en-US\",\"potentialAction\":[{\"@type\":\"ReadAction\",\"target\":[\"https:\\\/\\\/adexa.ee\\\/toode\\\/roheline-poimitud-tokestustross-hobedaste-otstega-15-m-adexa-br01gs\\\/\"]}]},{\"@type\":\"ImageObject\",\"inLanguage\":\"en-US\",\"@id\":\"https:\\\/\\\/adexa.ee\\\/toode\\\/roheline-poimitud-tokestustross-hobedaste-otstega-15-m-adexa-br01gs\\\/#primaryimage\",\"url\":\"https:\\\/\\\/adexa.ee\\\/wp-content\\\/uploads\\\/2024\\\/12\\\/BR01GS.jpg\",\"contentUrl\":\"https:\\\/\\\/adexa.ee\\\/wp-content\\\/uploads\\\/2024\\\/12\\\/BR01GS.jpg\",\"width\":1361,\"height\":1361},{\"@type\":\"BreadcrumbList\",\"@id\":\"https:\\\/\\\/adexa.ee\\\/toode\\\/roheline-poimitud-tokestustross-hobedaste-otstega-15-m-adexa-br01gs\\\/#breadcrumb\",\"itemListElement\":[{\"@type\":\"ListItem\",\"position\":1,\"name\":\"Home\",\"item\":\"https:\\\/\\\/adexa.ee\\\/\"},{\"@type\":\"ListItem\",\"position\":2,\"name\":\"Tooted\",\"item\":\"https:\\\/\\\/adexa.ee\\\/pood\\\/\"},{\"@type\":\"ListItem\",\"position\":3,\"name\":\"Roheline p\u00f5imitud t\u00f5kestustross h\u00f5bedaste otstega 1,5 m | Adexa BR01GS\"}]},{\"@type\":\"WebSite\",\"@id\":\"https:\\\/\\\/adexa.ee\\\/#website\",\"url\":\"https:\\\/\\\/adexa.ee\\\/\",\"name\":\"Adexa\",\"description\":\"\",\"publisher\":{\"@id\":\"https:\\\/\\\/adexa.ee\\\/#organization\"},\"potentialAction\":[{\"@type\":\"SearchAction\",\"target\":{\"@type\":\"EntryPoint\",\"urlTemplate\":\"https:\\\/\\\/adexa.ee\\\/?s={search_term_string}\"},\"query-input\":{\"@type\":\"PropertyValueSpecification\",\"valueRequired\":true,\"valueName\":\"search_term_string\"}}],\"inLanguage\":\"en-US\"},{\"@type\":\"Organization\",\"@id\":\"https:\\\/\\\/adexa.ee\\\/#organization\",\"name\":\"Adexa\",\"url\":\"https:\\\/\\\/adexa.ee\\\/\",\"logo\":{\"@type\":\"ImageObject\",\"inLanguage\":\"en-US\",\"@id\":\"https:\\\/\\\/adexa.ee\\\/#\\\/schema\\\/logo\\\/image\\\/\",\"url\":\"https:\\\/\\\/adexa.ee\\\/wp-content\\\/uploads\\\/2024\\\/04\\\/chef-cooks-working-in-professional-kitchen-2023-11-27-05-07-39-utc-scaled.jpg\",\"contentUrl\":\"https:\\\/\\\/adexa.ee\\\/wp-content\\\/uploads\\\/2024\\\/04\\\/chef-cooks-working-in-professional-kitchen-2023-11-27-05-07-39-utc-scaled.jpg\",\"width\":2560,\"height\":1708,\"caption\":\"Adexa\"},\"image\":{\"@id\":\"https:\\\/\\\/adexa.ee\\\/#\\\/schema\\\/logo\\\/image\\\/\"}}]}<\/script>\n<!-- \/ Yoast SEO plugin. -->","yoast_head_json":{"title":"Roheline p\u00f5imitud t\u00f5kestustross h\u00f5bedaste otstega 1,5 m | Adexa BR01GS - Adexa \u2013 Suurk\u00f6\u00f6giseadmed restoranidele ja toitlustusele","robots":{"index":"index","follow":"follow","max-snippet":"max-snippet:-1","max-image-preview":"max-image-preview:large","max-video-preview":"max-video-preview:-1"},"canonical":"https:\/\/adexa.ee\/toode\/roheline-poimitud-tokestustross-hobedaste-otstega-15-m-adexa-br01gs\/","og_locale":"en_US","og_type":"article","og_title":"Roheline p\u00f5imitud t\u00f5kestustross h\u00f5bedaste otstega 1,5 m | Adexa BR01GS - Adexa \u2013 Suurk\u00f6\u00f6giseadmed restoranidele ja toitlustusele","og_description":"Varustatud p\u00f5imitud k\u00f6iedisaini ja h\u00f5bedaste otstega, see tross juhatab k\u00f5ik teie k\u00fclalised \u00f5iges suunas. Nii klassikaline kui ka elegantne, see","og_url":"https:\/\/adexa.ee\/toode\/roheline-poimitud-tokestustross-hobedaste-otstega-15-m-adexa-br01gs\/","og_site_name":"Adexa \u2013 Suurk\u00f6\u00f6giseadmed restoranidele ja toitlustusele","article_modified_time":"2026-03-26T10:35:09+00:00","og_image":[{"width":1361,"height":1361,"url":"https:\/\/adexa.ee\/wp-content\/uploads\/2024\/12\/BR01GS.jpg","type":"image\/jpeg"}],"twitter_card":"summary_large_image","schema":{"@context":"https:\/\/schema.org","@graph":[{"@type":"WebPage","@id":"https:\/\/adexa.ee\/toode\/roheline-poimitud-tokestustross-hobedaste-otstega-15-m-adexa-br01gs\/","url":"https:\/\/adexa.ee\/toode\/roheline-poimitud-tokestustross-hobedaste-otstega-15-m-adexa-br01gs\/","name":"Roheline p\u00f5imitud t\u00f5kestustross h\u00f5bedaste otstega 1,5 m | Adexa BR01GS - Adexa \u2013 Suurk\u00f6\u00f6giseadmed restoranidele ja toitlustusele","isPartOf":{"@id":"https:\/\/adexa.ee\/#website"},"primaryImageOfPage":{"@id":"https:\/\/adexa.ee\/toode\/roheline-poimitud-tokestustross-hobedaste-otstega-15-m-adexa-br01gs\/#primaryimage"},"image":{"@id":"https:\/\/adexa.ee\/toode\/roheline-poimitud-tokestustross-hobedaste-otstega-15-m-adexa-br01gs\/#primaryimage"},"thumbnailUrl":"https:\/\/adexa.ee\/wp-content\/uploads\/2024\/12\/BR01GS.jpg","datePublished":"2026-03-26T10:35:07+00:00","dateModified":"2026-03-26T10:35:09+00:00","breadcrumb":{"@id":"https:\/\/adexa.ee\/toode\/roheline-poimitud-tokestustross-hobedaste-otstega-15-m-adexa-br01gs\/#breadcrumb"},"inLanguage":"en-US","potentialAction":[{"@type":"ReadAction","target":["https:\/\/adexa.ee\/toode\/roheline-poimitud-tokestustross-hobedaste-otstega-15-m-adexa-br01gs\/"]}]},{"@type":"ImageObject","inLanguage":"en-US","@id":"https:\/\/adexa.ee\/toode\/roheline-poimitud-tokestustross-hobedaste-otstega-15-m-adexa-br01gs\/#primaryimage","url":"https:\/\/adexa.ee\/wp-content\/uploads\/2024\/12\/BR01GS.jpg","contentUrl":"https:\/\/adexa.ee\/wp-content\/uploads\/2024\/12\/BR01GS.jpg","width":1361,"height":1361},{"@type":"BreadcrumbList","@id":"https:\/\/adexa.ee\/toode\/roheline-poimitud-tokestustross-hobedaste-otstega-15-m-adexa-br01gs\/#breadcrumb","itemListElement":[{"@type":"ListItem","position":1,"name":"Home","item":"https:\/\/adexa.ee\/"},{"@type":"ListItem","position":2,"name":"Tooted","item":"https:\/\/adexa.ee\/pood\/"},{"@type":"ListItem","position":3,"name":"Roheline p\u00f5imitud t\u00f5kestustross h\u00f5bedaste otstega 1,5 m | Adexa BR01GS"}]},{"@type":"WebSite","@id":"https:\/\/adexa.ee\/#website","url":"https:\/\/adexa.ee\/","name":"Adexa","description":"","publisher":{"@id":"https:\/\/adexa.ee\/#organization"},"potentialAction":[{"@type":"SearchAction","target":{"@type":"EntryPoint","urlTemplate":"https:\/\/adexa.ee\/?s={search_term_string}"},"query-input":{"@type":"PropertyValueSpecification","valueRequired":true,"valueName":"search_term_string"}}],"inLanguage":"en-US"},{"@type":"Organization","@id":"https:\/\/adexa.ee\/#organization","name":"Adexa","url":"https:\/\/adexa.ee\/","logo":{"@type":"ImageObject","inLanguage":"en-US","@id":"https:\/\/adexa.ee\/#\/schema\/logo\/image\/","url":"https:\/\/adexa.ee\/wp-content\/uploads\/2024\/04\/chef-cooks-working-in-professional-kitchen-2023-11-27-05-07-39-utc-scaled.jpg","contentUrl":"https:\/\/adexa.ee\/wp-content\/uploads\/2024\/04\/chef-cooks-working-in-professional-kitchen-2023-11-27-05-07-39-utc-scaled.jpg","width":2560,"height":1708,"caption":"Adexa"},"image":{"@id":"https:\/\/adexa.ee\/#\/schema\/logo\/image\/"}}]}},"_links":{"self":[{"href":"https:\/\/adexa.ee\/en\/wp-json\/wp\/v2\/product\/10020","targetHints":{"allow":["GET"]}}],"collection":[{"href":"https:\/\/adexa.ee\/en\/wp-json\/wp\/v2\/product"}],"about":[{"href":"https:\/\/adexa.ee\/en\/wp-json\/wp\/v2\/types\/product"}],"wp:featuredmedia":[{"embeddable":true,"href":"https:\/\/adexa.ee\/en\/wp-json\/wp\/v2\/media\/10022"}],"wp:attachment":[{"href":"https:\/\/adexa.ee\/en\/wp-json\/wp\/v2\/media?parent=10020"}],"wp:term":[{"taxonomy":"product_brand","embeddable":true,"href":"https:\/\/adexa.ee\/en\/wp-json\/wp\/v2\/product_brand?post=10020"},{"taxonomy":"product_cat","embeddable":true,"href":"https:\/\/adexa.ee\/en\/wp-json\/wp\/v2\/product_cat?post=10020"},{"taxonomy":"product_tag","embeddable":true,"href":"https:\/\/adexa.ee\/en\/wp-json\/wp\/v2\/product_tag?post=10020"}],"curies":[{"name":"wp","href":"https:\/\/api.w.org\/{rel}","templated":true}]}}