{"id":10034,"date":"2026-03-31T09:05:06","date_gmt":"2026-03-31T06:05:06","guid":{"rendered":"https:\/\/adexa.ee\/toode\/riiul-alus-panni-karu-roostevaba-teras-gastronorm-gn1-1-6-tasandit-adexa-rt1106\/"},"modified":"2026-03-31T09:05:08","modified_gmt":"2026-03-31T06:05:08","slug":"riiul-karu-roostevaba-teras-gn1-1-6-tasandit-adexa-rt1106","status":"publish","type":"product","link":"https:\/\/adexa.ee\/en\/toode\/riiul-karu-roostevaba-teras-gn1-1-6-tasandit-adexa-rt1106\/","title":{"rendered":"Riiul\/K\u00e4ru Roostevaba teras  GN1\/1 6 tasandit | Adexa RT1106"},"content":{"rendered":"<p>See k\u00f5rge kvaliteediga GN 1\/1 suurusega professionaalne riiulik\u00e4ru on ideaalne suures koguses kommertslike Gastronormi alustade, pannide v\u00f5i alustade virnastamiseks ja hoiustamiseks. K\u00e4ru on paigaldatud neljale ratasele, et tagada lihtne liikumine teie restoranis, pagarit\u00f6\u00f6kojas v\u00f5i sarnases toitlustusasutuses. Mahutavus: 6 x GN1\/1 mahutit M\u00f5\u00f5tmed: 380x550x1000mm \u00dcksikasjalikumat teavet leiate jaotises &#8220;Spetsifikatsioon&#8221;.<\/p>\n<table style=\"border-collapse: collapse; width: 100%; text-align: left;\">\n<tbody>\n<tr>\n<td style=\"border: 1px solid #ddd; padding: 8px; width: 45%;\"><strong>S\u00fcgavus<\/strong><\/td>\n<td style=\"border: 1px solid #ddd; padding: 8px;\">550mm<\/td>\n<\/tr>\n<tr>\n<td style=\"border: 1px solid #ddd; padding: 8px; width: 45%;\"><strong>K\u00f5rgus<\/strong><\/td>\n<td style=\"border: 1px solid #ddd; padding: 8px;\">1000mm<\/td>\n<\/tr>\n<tr>\n<td style=\"border: 1px solid #ddd; padding: 8px; width: 45%;\"><strong>Laius<\/strong><\/td>\n<td style=\"border: 1px solid #ddd; padding: 8px;\">380mm<\/td>\n<\/tr>\n<tr>\n<td style=\"border: 1px solid #ddd; padding: 8px; width: 45%;\"><strong>Kaal<\/strong><\/td>\n<td style=\"border: 1px solid #ddd; padding: 8px;\">12kg<\/td>\n<\/tr>\n<tr>\n<td style=\"border: 1px solid #ddd; padding: 8px; width: 45%;\"><strong>Garantii<\/strong><\/td>\n<td style=\"border: 1px solid #ddd; padding: 8px;\">12 kuu varuosade garantii<\/td>\n<\/tr>\n<tr>\n<td style=\"border: 1px solid #ddd; padding: 8px; width: 45%;\"><strong>Mahutavus<\/strong><\/td>\n<td style=\"border: 1px solid #ddd; padding: 8px;\">6 x GN1\/1<\/td>\n<\/tr>\n<tr>\n<td style=\"border: 1px solid #ddd; padding: 8px; width: 45%;\"><strong>Plaadi\/V\u00f5re suurus<\/strong><\/td>\n<td style=\"border: 1px solid #ddd; padding: 8px;\">GN1\/1<\/td>\n<\/tr>\n<tr>\n<td style=\"border: 1px solid #ddd; padding: 8px; width: 45%;\"><strong>Rullikud<\/strong><\/td>\n<td style=\"border: 1px solid #ddd; padding: 8px;\">Piduritega<\/td>\n<\/tr>\n<tr>\n<td style=\"border: 1px solid #ddd; padding: 8px; width: 45%;\"><strong>Materjal<\/strong><\/td>\n<td style=\"border: 1px solid #ddd; padding: 8px;\">Roostevaba teras<\/td>\n<\/tr>\n<\/tbody>\n<\/table>\n","protected":false},"excerpt":{"rendered":"<p>See k\u00f5rge kvaliteediga GN 1\/1 suurusega professionaalne riiulik\u00e4ru on ideaalne suures koguses kommertslike Gastronormi alustade, pannide v\u00f5i alustade virnastamiseks ja<\/p>\n","protected":false},"featured_media":10036,"template":"","meta":[],"product_brand":[],"product_cat":[624,623,572],"product_tag":[],"class_list":{"0":"post-10034","1":"product","2":"type-product","3":"status-publish","4":"has-post-thumbnail","6":"product_cat-kandikukarud","7":"product_cat-karud","8":"product_cat-roostevabad-tooted","10":"first","11":"instock","12":"sale","13":"taxable","14":"shipping-taxable","15":"purchasable","16":"product-type-simple"},"yoast_head":"<!-- This site is optimized with the Yoast SEO plugin v27.3 - https:\/\/yoast.com\/product\/yoast-seo-wordpress\/ -->\n<title>Riiul\/K\u00e4ru Roostevaba teras GN1\/1 6 tasandit | Adexa RT1106 - Adexa \u2013 Suurk\u00f6\u00f6giseadmed restoranidele ja toitlustusele<\/title>\n<meta name=\"robots\" content=\"index, follow, max-snippet:-1, max-image-preview:large, max-video-preview:-1\" \/>\n<link rel=\"canonical\" href=\"https:\/\/adexa.ee\/toode\/riiul-karu-roostevaba-teras-gn1-1-6-tasandit-adexa-rt1106\/\" \/>\n<meta property=\"og:locale\" content=\"en_US\" \/>\n<meta property=\"og:type\" content=\"article\" \/>\n<meta property=\"og:title\" content=\"Riiul\/K\u00e4ru Roostevaba teras GN1\/1 6 tasandit | Adexa RT1106 - Adexa \u2013 Suurk\u00f6\u00f6giseadmed restoranidele ja toitlustusele\" \/>\n<meta property=\"og:description\" content=\"See k\u00f5rge kvaliteediga GN 1\/1 suurusega professionaalne riiulik\u00e4ru on ideaalne suures koguses kommertslike Gastronormi alustade, pannide v\u00f5i alustade virnastamiseks ja\" \/>\n<meta property=\"og:url\" content=\"https:\/\/adexa.ee\/toode\/riiul-karu-roostevaba-teras-gn1-1-6-tasandit-adexa-rt1106\/\" \/>\n<meta property=\"og:site_name\" content=\"Adexa \u2013 Suurk\u00f6\u00f6giseadmed restoranidele ja toitlustusele\" \/>\n<meta property=\"article:modified_time\" content=\"2026-03-31T06:05:08+00:00\" \/>\n<meta property=\"og:image\" content=\"https:\/\/adexa.ee\/wp-content\/uploads\/2024\/12\/RT1106-.jpg\" \/>\n\t<meta property=\"og:image:width\" content=\"600\" \/>\n\t<meta property=\"og:image:height\" content=\"600\" \/>\n\t<meta property=\"og:image:type\" content=\"image\/jpeg\" \/>\n<meta name=\"twitter:card\" content=\"summary_large_image\" \/>\n<script type=\"application\/ld+json\" class=\"yoast-schema-graph\">{\"@context\":\"https:\\\/\\\/schema.org\",\"@graph\":[{\"@type\":\"WebPage\",\"@id\":\"https:\\\/\\\/adexa.ee\\\/toode\\\/riiul-karu-roostevaba-teras-gn1-1-6-tasandit-adexa-rt1106\\\/\",\"url\":\"https:\\\/\\\/adexa.ee\\\/toode\\\/riiul-karu-roostevaba-teras-gn1-1-6-tasandit-adexa-rt1106\\\/\",\"name\":\"Riiul\\\/K\u00e4ru Roostevaba teras GN1\\\/1 6 tasandit | Adexa RT1106 - Adexa \u2013 Suurk\u00f6\u00f6giseadmed restoranidele ja toitlustusele\",\"isPartOf\":{\"@id\":\"https:\\\/\\\/adexa.ee\\\/#website\"},\"primaryImageOfPage\":{\"@id\":\"https:\\\/\\\/adexa.ee\\\/toode\\\/riiul-karu-roostevaba-teras-gn1-1-6-tasandit-adexa-rt1106\\\/#primaryimage\"},\"image\":{\"@id\":\"https:\\\/\\\/adexa.ee\\\/toode\\\/riiul-karu-roostevaba-teras-gn1-1-6-tasandit-adexa-rt1106\\\/#primaryimage\"},\"thumbnailUrl\":\"https:\\\/\\\/adexa.ee\\\/wp-content\\\/uploads\\\/2024\\\/12\\\/RT1106-.jpg\",\"datePublished\":\"2026-03-31T06:05:06+00:00\",\"dateModified\":\"2026-03-31T06:05:08+00:00\",\"breadcrumb\":{\"@id\":\"https:\\\/\\\/adexa.ee\\\/toode\\\/riiul-karu-roostevaba-teras-gn1-1-6-tasandit-adexa-rt1106\\\/#breadcrumb\"},\"inLanguage\":\"en-US\",\"potentialAction\":[{\"@type\":\"ReadAction\",\"target\":[\"https:\\\/\\\/adexa.ee\\\/toode\\\/riiul-karu-roostevaba-teras-gn1-1-6-tasandit-adexa-rt1106\\\/\"]}]},{\"@type\":\"ImageObject\",\"inLanguage\":\"en-US\",\"@id\":\"https:\\\/\\\/adexa.ee\\\/toode\\\/riiul-karu-roostevaba-teras-gn1-1-6-tasandit-adexa-rt1106\\\/#primaryimage\",\"url\":\"https:\\\/\\\/adexa.ee\\\/wp-content\\\/uploads\\\/2024\\\/12\\\/RT1106-.jpg\",\"contentUrl\":\"https:\\\/\\\/adexa.ee\\\/wp-content\\\/uploads\\\/2024\\\/12\\\/RT1106-.jpg\",\"width\":600,\"height\":600},{\"@type\":\"BreadcrumbList\",\"@id\":\"https:\\\/\\\/adexa.ee\\\/toode\\\/riiul-karu-roostevaba-teras-gn1-1-6-tasandit-adexa-rt1106\\\/#breadcrumb\",\"itemListElement\":[{\"@type\":\"ListItem\",\"position\":1,\"name\":\"Home\",\"item\":\"https:\\\/\\\/adexa.ee\\\/\"},{\"@type\":\"ListItem\",\"position\":2,\"name\":\"Tooted\",\"item\":\"https:\\\/\\\/adexa.ee\\\/pood\\\/\"},{\"@type\":\"ListItem\",\"position\":3,\"name\":\"Riiul\\\/K\u00e4ru Roostevaba teras GN1\\\/1 6 tasandit | Adexa RT1106\"}]},{\"@type\":\"WebSite\",\"@id\":\"https:\\\/\\\/adexa.ee\\\/#website\",\"url\":\"https:\\\/\\\/adexa.ee\\\/\",\"name\":\"Adexa\",\"description\":\"\",\"publisher\":{\"@id\":\"https:\\\/\\\/adexa.ee\\\/#organization\"},\"potentialAction\":[{\"@type\":\"SearchAction\",\"target\":{\"@type\":\"EntryPoint\",\"urlTemplate\":\"https:\\\/\\\/adexa.ee\\\/?s={search_term_string}\"},\"query-input\":{\"@type\":\"PropertyValueSpecification\",\"valueRequired\":true,\"valueName\":\"search_term_string\"}}],\"inLanguage\":\"en-US\"},{\"@type\":\"Organization\",\"@id\":\"https:\\\/\\\/adexa.ee\\\/#organization\",\"name\":\"Adexa\",\"url\":\"https:\\\/\\\/adexa.ee\\\/\",\"logo\":{\"@type\":\"ImageObject\",\"inLanguage\":\"en-US\",\"@id\":\"https:\\\/\\\/adexa.ee\\\/#\\\/schema\\\/logo\\\/image\\\/\",\"url\":\"https:\\\/\\\/adexa.ee\\\/wp-content\\\/uploads\\\/2024\\\/04\\\/chef-cooks-working-in-professional-kitchen-2023-11-27-05-07-39-utc-scaled.jpg\",\"contentUrl\":\"https:\\\/\\\/adexa.ee\\\/wp-content\\\/uploads\\\/2024\\\/04\\\/chef-cooks-working-in-professional-kitchen-2023-11-27-05-07-39-utc-scaled.jpg\",\"width\":2560,\"height\":1708,\"caption\":\"Adexa\"},\"image\":{\"@id\":\"https:\\\/\\\/adexa.ee\\\/#\\\/schema\\\/logo\\\/image\\\/\"}}]}<\/script>\n<!-- \/ Yoast SEO plugin. -->","yoast_head_json":{"title":"Riiul\/K\u00e4ru Roostevaba teras GN1\/1 6 tasandit | Adexa RT1106 - Adexa \u2013 Suurk\u00f6\u00f6giseadmed restoranidele ja toitlustusele","robots":{"index":"index","follow":"follow","max-snippet":"max-snippet:-1","max-image-preview":"max-image-preview:large","max-video-preview":"max-video-preview:-1"},"canonical":"https:\/\/adexa.ee\/toode\/riiul-karu-roostevaba-teras-gn1-1-6-tasandit-adexa-rt1106\/","og_locale":"en_US","og_type":"article","og_title":"Riiul\/K\u00e4ru Roostevaba teras GN1\/1 6 tasandit | Adexa RT1106 - Adexa \u2013 Suurk\u00f6\u00f6giseadmed restoranidele ja toitlustusele","og_description":"See k\u00f5rge kvaliteediga GN 1\/1 suurusega professionaalne riiulik\u00e4ru on ideaalne suures koguses kommertslike Gastronormi alustade, pannide v\u00f5i alustade virnastamiseks ja","og_url":"https:\/\/adexa.ee\/toode\/riiul-karu-roostevaba-teras-gn1-1-6-tasandit-adexa-rt1106\/","og_site_name":"Adexa \u2013 Suurk\u00f6\u00f6giseadmed restoranidele ja toitlustusele","article_modified_time":"2026-03-31T06:05:08+00:00","og_image":[{"width":600,"height":600,"url":"https:\/\/adexa.ee\/wp-content\/uploads\/2024\/12\/RT1106-.jpg","type":"image\/jpeg"}],"twitter_card":"summary_large_image","schema":{"@context":"https:\/\/schema.org","@graph":[{"@type":"WebPage","@id":"https:\/\/adexa.ee\/toode\/riiul-karu-roostevaba-teras-gn1-1-6-tasandit-adexa-rt1106\/","url":"https:\/\/adexa.ee\/toode\/riiul-karu-roostevaba-teras-gn1-1-6-tasandit-adexa-rt1106\/","name":"Riiul\/K\u00e4ru Roostevaba teras GN1\/1 6 tasandit | Adexa RT1106 - Adexa \u2013 Suurk\u00f6\u00f6giseadmed restoranidele ja toitlustusele","isPartOf":{"@id":"https:\/\/adexa.ee\/#website"},"primaryImageOfPage":{"@id":"https:\/\/adexa.ee\/toode\/riiul-karu-roostevaba-teras-gn1-1-6-tasandit-adexa-rt1106\/#primaryimage"},"image":{"@id":"https:\/\/adexa.ee\/toode\/riiul-karu-roostevaba-teras-gn1-1-6-tasandit-adexa-rt1106\/#primaryimage"},"thumbnailUrl":"https:\/\/adexa.ee\/wp-content\/uploads\/2024\/12\/RT1106-.jpg","datePublished":"2026-03-31T06:05:06+00:00","dateModified":"2026-03-31T06:05:08+00:00","breadcrumb":{"@id":"https:\/\/adexa.ee\/toode\/riiul-karu-roostevaba-teras-gn1-1-6-tasandit-adexa-rt1106\/#breadcrumb"},"inLanguage":"en-US","potentialAction":[{"@type":"ReadAction","target":["https:\/\/adexa.ee\/toode\/riiul-karu-roostevaba-teras-gn1-1-6-tasandit-adexa-rt1106\/"]}]},{"@type":"ImageObject","inLanguage":"en-US","@id":"https:\/\/adexa.ee\/toode\/riiul-karu-roostevaba-teras-gn1-1-6-tasandit-adexa-rt1106\/#primaryimage","url":"https:\/\/adexa.ee\/wp-content\/uploads\/2024\/12\/RT1106-.jpg","contentUrl":"https:\/\/adexa.ee\/wp-content\/uploads\/2024\/12\/RT1106-.jpg","width":600,"height":600},{"@type":"BreadcrumbList","@id":"https:\/\/adexa.ee\/toode\/riiul-karu-roostevaba-teras-gn1-1-6-tasandit-adexa-rt1106\/#breadcrumb","itemListElement":[{"@type":"ListItem","position":1,"name":"Home","item":"https:\/\/adexa.ee\/"},{"@type":"ListItem","position":2,"name":"Tooted","item":"https:\/\/adexa.ee\/pood\/"},{"@type":"ListItem","position":3,"name":"Riiul\/K\u00e4ru Roostevaba teras GN1\/1 6 tasandit | Adexa RT1106"}]},{"@type":"WebSite","@id":"https:\/\/adexa.ee\/#website","url":"https:\/\/adexa.ee\/","name":"Adexa","description":"","publisher":{"@id":"https:\/\/adexa.ee\/#organization"},"potentialAction":[{"@type":"SearchAction","target":{"@type":"EntryPoint","urlTemplate":"https:\/\/adexa.ee\/?s={search_term_string}"},"query-input":{"@type":"PropertyValueSpecification","valueRequired":true,"valueName":"search_term_string"}}],"inLanguage":"en-US"},{"@type":"Organization","@id":"https:\/\/adexa.ee\/#organization","name":"Adexa","url":"https:\/\/adexa.ee\/","logo":{"@type":"ImageObject","inLanguage":"en-US","@id":"https:\/\/adexa.ee\/#\/schema\/logo\/image\/","url":"https:\/\/adexa.ee\/wp-content\/uploads\/2024\/04\/chef-cooks-working-in-professional-kitchen-2023-11-27-05-07-39-utc-scaled.jpg","contentUrl":"https:\/\/adexa.ee\/wp-content\/uploads\/2024\/04\/chef-cooks-working-in-professional-kitchen-2023-11-27-05-07-39-utc-scaled.jpg","width":2560,"height":1708,"caption":"Adexa"},"image":{"@id":"https:\/\/adexa.ee\/#\/schema\/logo\/image\/"}}]}},"_links":{"self":[{"href":"https:\/\/adexa.ee\/en\/wp-json\/wp\/v2\/product\/10034","targetHints":{"allow":["GET"]}}],"collection":[{"href":"https:\/\/adexa.ee\/en\/wp-json\/wp\/v2\/product"}],"about":[{"href":"https:\/\/adexa.ee\/en\/wp-json\/wp\/v2\/types\/product"}],"wp:featuredmedia":[{"embeddable":true,"href":"https:\/\/adexa.ee\/en\/wp-json\/wp\/v2\/media\/10036"}],"wp:attachment":[{"href":"https:\/\/adexa.ee\/en\/wp-json\/wp\/v2\/media?parent=10034"}],"wp:term":[{"taxonomy":"product_brand","embeddable":true,"href":"https:\/\/adexa.ee\/en\/wp-json\/wp\/v2\/product_brand?post=10034"},{"taxonomy":"product_cat","embeddable":true,"href":"https:\/\/adexa.ee\/en\/wp-json\/wp\/v2\/product_cat?post=10034"},{"taxonomy":"product_tag","embeddable":true,"href":"https:\/\/adexa.ee\/en\/wp-json\/wp\/v2\/product_tag?post=10034"}],"curies":[{"name":"wp","href":"https:\/\/api.w.org\/{rel}","templated":true}]}}