{"id":10043,"date":"2026-03-26T09:05:15","date_gmt":"2026-03-26T07:05:15","guid":{"rendered":"https:\/\/adexa.ee\/toode\/jahutatud-serveerimislette-kaartasapind-1500mm-7xgn1-4-sugavus-330mm-roostevaba-terasest-kaas-adexa-ea15\/"},"modified":"2026-03-26T09:05:20","modified_gmt":"2026-03-26T07:05:20","slug":"jahutusega-serveerimislett-1500mm-7xgn1-4-sugavus-330mm-roostevaba-terasest-kaas-adexa-ea15","status":"publish","type":"product","link":"https:\/\/adexa.ee\/en\/toode\/jahutusega-serveerimislett-1500mm-7xgn1-4-sugavus-330mm-roostevaba-terasest-kaas-adexa-ea15\/","title":{"rendered":"Jahutusega Serveerimislett  1500mm 7xGN1\/4 S\u00fcgavus 330mm Roostevaba terasest kaas | Adexa EA15"},"content":{"rendered":"<p>See k\u00f5rgekvaliteediline jahutatud pealislaadimisseade on m\u00f5eldud pakkuma silmapaistvat j\u00f5udlust igap\u00e4evaselt k\u00f5igis toitlustusasutustes. Ideaalne restoranidesse, kiirtoidupoodidesse, kaasaostukohtadesse, delipoedesse, v\u00f5ileivabaaridesse jne. See on valmistatud k\u00f5rgtasemel roostevabast terasest, et tagada usaldusv\u00e4\u00e4rsus, j\u00f5udlus, stiil ja suurep\u00e4rane hinna ja kvaliteedi suhe. Pange t\u00e4hele, et GN pannid ja kaaned EI kuulu seadme m\u00fc\u00fcgi hulka. Suurep\u00e4rane k\u00f5ikide koostisosade, t\u00fckeldatud k\u00f6\u00f6giviljade, salati ja muu k\u00fclmhoidmiseks ning k\u00e4ep\u00e4rast hoidmiseks toitude kaunistamiseks, v\u00f5ileibade ja pitsade valmistamiseks jne. Sellel on t\u00e4ielikult reguleeritav temperatuuri kontroller ning lihtsasti hooldatav ja puhastatav k\u00f5rgtasemel roostevaba terase kere. Digitaalne ekraan Digitaalne termostaat Elektrooniline temperatuuri kontroll Korpus valmistatud esmaklassilisest roostevabast terasest AISI 304 Roostevabast terasest kate CFC-vaba jahutusvahend \u00dcmardatud sisek\u00fcljed Dokumendid Kl\u00f5psa siia, et alla laadida Kasutusjuhend Kl\u00f5psa siia, et alla laadida CE vastavusdeklaratsioon Palun vaata allpool oleva &#8216;Spetsifikatsioon&#8217; jaotise alt detailset teavet.<\/p>\n<table style=\"border-collapse: collapse; width: 100%; text-align: left;\">\n<tbody>\n<tr>\n<td style=\"border: 1px solid #ddd; padding: 8px; width: 45%;\"><strong>S\u00fcgavus<\/strong><\/td>\n<td style=\"border: 1px solid #ddd; padding: 8px;\">335mm<\/td>\n<\/tr>\n<tr>\n<td style=\"border: 1px solid #ddd; padding: 8px; width: 45%;\"><strong>K\u00f5rgus<\/strong><\/td>\n<td style=\"border: 1px solid #ddd; padding: 8px;\">255mm<\/td>\n<\/tr>\n<tr>\n<td style=\"border: 1px solid #ddd; padding: 8px; width: 45%;\"><strong>Laius<\/strong><\/td>\n<td style=\"border: 1px solid #ddd; padding: 8px;\">1500 mm<\/td>\n<\/tr>\n<tr>\n<td style=\"border: 1px solid #ddd; padding: 8px; width: 45%;\"><strong>Kaal<\/strong><\/td>\n<td style=\"border: 1px solid #ddd; padding: 8px;\">43kg<\/td>\n<\/tr>\n<tr>\n<td style=\"border: 1px solid #ddd; padding: 8px; width: 45%;\"><strong>Garantii<\/strong><\/td>\n<td style=\"border: 1px solid #ddd; padding: 8px;\">12 kuu varuosade garantii<\/td>\n<\/tr>\n<tr>\n<td style=\"border: 1px solid #ddd; padding: 8px; width: 45%;\"><strong>Toiteallikas<\/strong><\/td>\n<td style=\"border: 1px solid #ddd; padding: 8px;\">230V \/ 1 faas<\/td>\n<\/tr>\n<tr>\n<td style=\"border: 1px solid #ddd; padding: 8px; width: 45%;\"><strong>Jahutamine<\/strong><\/td>\n<td style=\"border: 1px solid #ddd; padding: 8px;\">Staatiline<\/td>\n<\/tr>\n<tr>\n<td style=\"border: 1px solid #ddd; padding: 8px; width: 45%;\"><strong>Sulatamine<\/strong><\/td>\n<td style=\"border: 1px solid #ddd; padding: 8px;\">K\u00e4siraamat<\/td>\n<\/tr>\n<tr>\n<td style=\"border: 1px solid #ddd; padding: 8px; width: 45%;\"><strong>Temperatuur<\/strong><\/td>\n<td style=\"border: 1px solid #ddd; padding: 8px;\">+2\u00b0C kuni +10\u00b0C<\/td>\n<\/tr>\n<tr>\n<td style=\"border: 1px solid #ddd; padding: 8px; width: 45%;\"><strong>Kontrollid<\/strong><\/td>\n<td style=\"border: 1px solid #ddd; padding: 8px;\">Digitaalne<\/td>\n<\/tr>\n<tr>\n<td style=\"border: 1px solid #ddd; padding: 8px; width: 45%;\"><strong>Materjal (v\u00e4limine)<\/strong><\/td>\n<td style=\"border: 1px solid #ddd; padding: 8px;\">Roostevaba teras<\/td>\n<\/tr>\n<tr>\n<td style=\"border: 1px solid #ddd; padding: 8px; width: 45%;\"><strong>Materjal (sisemine)<\/strong><\/td>\n<td style=\"border: 1px solid #ddd; padding: 8px;\">Roostevaba teras<\/td>\n<\/tr>\n<tr>\n<td style=\"border: 1px solid #ddd; padding: 8px; width: 45%;\"><strong>Mahutavus<\/strong><\/td>\n<td style=\"border: 1px solid #ddd; padding: 8px;\">7 x GN1\/4<\/td>\n<\/tr>\n<tr>\n<td style=\"border: 1px solid #ddd; padding: 8px; width: 45%;\"><strong>V\u00f5imsus<\/strong><\/td>\n<td style=\"border: 1px solid #ddd; padding: 8px;\">149W<\/td>\n<\/tr>\n<tr>\n<td style=\"border: 1px solid #ddd; padding: 8px; width: 45%;\"><strong>Plaadi\/V\u00f5re suurus<\/strong><\/td>\n<td style=\"border: 1px solid #ddd; padding: 8px;\">GN1\/4<\/td>\n<\/tr>\n<tr>\n<td style=\"border: 1px solid #ddd; padding: 8px; width: 45%;\"><strong>K\u00fclmaaine<\/strong><\/td>\n<td style=\"border: 1px solid #ddd; padding: 8px;\">R600a<\/td>\n<\/tr>\n<\/tbody>\n<\/table>\n","protected":false},"excerpt":{"rendered":"<p>See k\u00f5rgekvaliteediline jahutatud pealislaadimisseade on m\u00f5eldud pakkuma silmapaistvat j\u00f5udlust igap\u00e4evaselt k\u00f5igis toitlustusasutustes. Ideaalne restoranidesse, kiirtoidupoodidesse, kaasaostukohtadesse, delipoedesse, v\u00f5ileivabaaridesse jne. See<\/p>\n","protected":false},"featured_media":10046,"template":"","meta":[],"product_brand":[],"product_cat":[564,628],"product_tag":[],"class_list":{"0":"post-10043","1":"product","2":"type-product","3":"status-publish","4":"has-post-thumbnail","6":"product_cat-jahutusseadmed","7":"product_cat-lauapealsed-kulmletid-serveerimislauad","9":"first","10":"instock","11":"sale","12":"taxable","13":"shipping-taxable","14":"purchasable","15":"product-type-simple"},"yoast_head":"<!-- This site is optimized with the Yoast SEO plugin v27.3 - https:\/\/yoast.com\/product\/yoast-seo-wordpress\/ -->\n<title>Jahutusega Serveerimislett 1500mm 7xGN1\/4 S\u00fcgavus 330mm Roostevaba terasest kaas | Adexa EA15 - Adexa \u2013 Suurk\u00f6\u00f6giseadmed restoranidele ja toitlustusele<\/title>\n<meta name=\"robots\" content=\"index, follow, max-snippet:-1, max-image-preview:large, max-video-preview:-1\" \/>\n<link rel=\"canonical\" href=\"https:\/\/adexa.ee\/toode\/jahutusega-serveerimislett-1500mm-7xgn1-4-sugavus-330mm-roostevaba-terasest-kaas-adexa-ea15\/\" \/>\n<meta property=\"og:locale\" content=\"en_US\" \/>\n<meta property=\"og:type\" content=\"article\" \/>\n<meta property=\"og:title\" content=\"Jahutusega Serveerimislett 1500mm 7xGN1\/4 S\u00fcgavus 330mm Roostevaba terasest kaas | Adexa EA15 - Adexa \u2013 Suurk\u00f6\u00f6giseadmed restoranidele ja toitlustusele\" \/>\n<meta property=\"og:description\" content=\"See k\u00f5rgekvaliteediline jahutatud pealislaadimisseade on m\u00f5eldud pakkuma silmapaistvat j\u00f5udlust igap\u00e4evaselt k\u00f5igis toitlustusasutustes. Ideaalne restoranidesse, kiirtoidupoodidesse, kaasaostukohtadesse, delipoedesse, v\u00f5ileivabaaridesse jne. See\" \/>\n<meta property=\"og:url\" content=\"https:\/\/adexa.ee\/toode\/jahutusega-serveerimislett-1500mm-7xgn1-4-sugavus-330mm-roostevaba-terasest-kaas-adexa-ea15\/\" \/>\n<meta property=\"og:site_name\" content=\"Adexa \u2013 Suurk\u00f6\u00f6giseadmed restoranidele ja toitlustusele\" \/>\n<meta property=\"article:modified_time\" content=\"2026-03-26T07:05:20+00:00\" \/>\n<meta property=\"og:image\" content=\"https:\/\/adexa.ee\/wp-content\/uploads\/2024\/12\/VRX1500330SS.jpg\" \/>\n\t<meta property=\"og:image:width\" content=\"1200\" \/>\n\t<meta property=\"og:image:height\" content=\"1200\" \/>\n\t<meta property=\"og:image:type\" content=\"image\/jpeg\" \/>\n<meta name=\"twitter:card\" content=\"summary_large_image\" \/>\n<meta name=\"twitter:label1\" content=\"Est. reading time\" \/>\n\t<meta name=\"twitter:data1\" content=\"1 minute\" \/>\n<script type=\"application\/ld+json\" class=\"yoast-schema-graph\">{\"@context\":\"https:\\\/\\\/schema.org\",\"@graph\":[{\"@type\":\"WebPage\",\"@id\":\"https:\\\/\\\/adexa.ee\\\/toode\\\/jahutusega-serveerimislett-1500mm-7xgn1-4-sugavus-330mm-roostevaba-terasest-kaas-adexa-ea15\\\/\",\"url\":\"https:\\\/\\\/adexa.ee\\\/toode\\\/jahutusega-serveerimislett-1500mm-7xgn1-4-sugavus-330mm-roostevaba-terasest-kaas-adexa-ea15\\\/\",\"name\":\"Jahutusega Serveerimislett 1500mm 7xGN1\\\/4 S\u00fcgavus 330mm Roostevaba terasest kaas | Adexa EA15 - Adexa \u2013 Suurk\u00f6\u00f6giseadmed restoranidele ja toitlustusele\",\"isPartOf\":{\"@id\":\"https:\\\/\\\/adexa.ee\\\/#website\"},\"primaryImageOfPage\":{\"@id\":\"https:\\\/\\\/adexa.ee\\\/toode\\\/jahutusega-serveerimislett-1500mm-7xgn1-4-sugavus-330mm-roostevaba-terasest-kaas-adexa-ea15\\\/#primaryimage\"},\"image\":{\"@id\":\"https:\\\/\\\/adexa.ee\\\/toode\\\/jahutusega-serveerimislett-1500mm-7xgn1-4-sugavus-330mm-roostevaba-terasest-kaas-adexa-ea15\\\/#primaryimage\"},\"thumbnailUrl\":\"https:\\\/\\\/adexa.ee\\\/wp-content\\\/uploads\\\/2024\\\/12\\\/VRX1500330SS.jpg\",\"datePublished\":\"2026-03-26T07:05:15+00:00\",\"dateModified\":\"2026-03-26T07:05:20+00:00\",\"breadcrumb\":{\"@id\":\"https:\\\/\\\/adexa.ee\\\/toode\\\/jahutusega-serveerimislett-1500mm-7xgn1-4-sugavus-330mm-roostevaba-terasest-kaas-adexa-ea15\\\/#breadcrumb\"},\"inLanguage\":\"en-US\",\"potentialAction\":[{\"@type\":\"ReadAction\",\"target\":[\"https:\\\/\\\/adexa.ee\\\/toode\\\/jahutusega-serveerimislett-1500mm-7xgn1-4-sugavus-330mm-roostevaba-terasest-kaas-adexa-ea15\\\/\"]}]},{\"@type\":\"ImageObject\",\"inLanguage\":\"en-US\",\"@id\":\"https:\\\/\\\/adexa.ee\\\/toode\\\/jahutusega-serveerimislett-1500mm-7xgn1-4-sugavus-330mm-roostevaba-terasest-kaas-adexa-ea15\\\/#primaryimage\",\"url\":\"https:\\\/\\\/adexa.ee\\\/wp-content\\\/uploads\\\/2024\\\/12\\\/VRX1500330SS.jpg\",\"contentUrl\":\"https:\\\/\\\/adexa.ee\\\/wp-content\\\/uploads\\\/2024\\\/12\\\/VRX1500330SS.jpg\",\"width\":1200,\"height\":1200},{\"@type\":\"BreadcrumbList\",\"@id\":\"https:\\\/\\\/adexa.ee\\\/toode\\\/jahutusega-serveerimislett-1500mm-7xgn1-4-sugavus-330mm-roostevaba-terasest-kaas-adexa-ea15\\\/#breadcrumb\",\"itemListElement\":[{\"@type\":\"ListItem\",\"position\":1,\"name\":\"Home\",\"item\":\"https:\\\/\\\/adexa.ee\\\/\"},{\"@type\":\"ListItem\",\"position\":2,\"name\":\"Tooted\",\"item\":\"https:\\\/\\\/adexa.ee\\\/pood\\\/\"},{\"@type\":\"ListItem\",\"position\":3,\"name\":\"Jahutusega Serveerimislett 1500mm 7xGN1\\\/4 S\u00fcgavus 330mm Roostevaba terasest kaas | Adexa EA15\"}]},{\"@type\":\"WebSite\",\"@id\":\"https:\\\/\\\/adexa.ee\\\/#website\",\"url\":\"https:\\\/\\\/adexa.ee\\\/\",\"name\":\"Adexa\",\"description\":\"\",\"publisher\":{\"@id\":\"https:\\\/\\\/adexa.ee\\\/#organization\"},\"potentialAction\":[{\"@type\":\"SearchAction\",\"target\":{\"@type\":\"EntryPoint\",\"urlTemplate\":\"https:\\\/\\\/adexa.ee\\\/?s={search_term_string}\"},\"query-input\":{\"@type\":\"PropertyValueSpecification\",\"valueRequired\":true,\"valueName\":\"search_term_string\"}}],\"inLanguage\":\"en-US\"},{\"@type\":\"Organization\",\"@id\":\"https:\\\/\\\/adexa.ee\\\/#organization\",\"name\":\"Adexa\",\"url\":\"https:\\\/\\\/adexa.ee\\\/\",\"logo\":{\"@type\":\"ImageObject\",\"inLanguage\":\"en-US\",\"@id\":\"https:\\\/\\\/adexa.ee\\\/#\\\/schema\\\/logo\\\/image\\\/\",\"url\":\"https:\\\/\\\/adexa.ee\\\/wp-content\\\/uploads\\\/2024\\\/04\\\/chef-cooks-working-in-professional-kitchen-2023-11-27-05-07-39-utc-scaled.jpg\",\"contentUrl\":\"https:\\\/\\\/adexa.ee\\\/wp-content\\\/uploads\\\/2024\\\/04\\\/chef-cooks-working-in-professional-kitchen-2023-11-27-05-07-39-utc-scaled.jpg\",\"width\":2560,\"height\":1708,\"caption\":\"Adexa\"},\"image\":{\"@id\":\"https:\\\/\\\/adexa.ee\\\/#\\\/schema\\\/logo\\\/image\\\/\"}}]}<\/script>\n<!-- \/ Yoast SEO plugin. -->","yoast_head_json":{"title":"Jahutusega Serveerimislett 1500mm 7xGN1\/4 S\u00fcgavus 330mm Roostevaba terasest kaas | Adexa EA15 - Adexa \u2013 Suurk\u00f6\u00f6giseadmed restoranidele ja toitlustusele","robots":{"index":"index","follow":"follow","max-snippet":"max-snippet:-1","max-image-preview":"max-image-preview:large","max-video-preview":"max-video-preview:-1"},"canonical":"https:\/\/adexa.ee\/toode\/jahutusega-serveerimislett-1500mm-7xgn1-4-sugavus-330mm-roostevaba-terasest-kaas-adexa-ea15\/","og_locale":"en_US","og_type":"article","og_title":"Jahutusega Serveerimislett 1500mm 7xGN1\/4 S\u00fcgavus 330mm Roostevaba terasest kaas | Adexa EA15 - Adexa \u2013 Suurk\u00f6\u00f6giseadmed restoranidele ja toitlustusele","og_description":"See k\u00f5rgekvaliteediline jahutatud pealislaadimisseade on m\u00f5eldud pakkuma silmapaistvat j\u00f5udlust igap\u00e4evaselt k\u00f5igis toitlustusasutustes. Ideaalne restoranidesse, kiirtoidupoodidesse, kaasaostukohtadesse, delipoedesse, v\u00f5ileivabaaridesse jne. See","og_url":"https:\/\/adexa.ee\/toode\/jahutusega-serveerimislett-1500mm-7xgn1-4-sugavus-330mm-roostevaba-terasest-kaas-adexa-ea15\/","og_site_name":"Adexa \u2013 Suurk\u00f6\u00f6giseadmed restoranidele ja toitlustusele","article_modified_time":"2026-03-26T07:05:20+00:00","og_image":[{"width":1200,"height":1200,"url":"https:\/\/adexa.ee\/wp-content\/uploads\/2024\/12\/VRX1500330SS.jpg","type":"image\/jpeg"}],"twitter_card":"summary_large_image","twitter_misc":{"Est. reading time":"1 minute"},"schema":{"@context":"https:\/\/schema.org","@graph":[{"@type":"WebPage","@id":"https:\/\/adexa.ee\/toode\/jahutusega-serveerimislett-1500mm-7xgn1-4-sugavus-330mm-roostevaba-terasest-kaas-adexa-ea15\/","url":"https:\/\/adexa.ee\/toode\/jahutusega-serveerimislett-1500mm-7xgn1-4-sugavus-330mm-roostevaba-terasest-kaas-adexa-ea15\/","name":"Jahutusega Serveerimislett 1500mm 7xGN1\/4 S\u00fcgavus 330mm Roostevaba terasest kaas | Adexa EA15 - Adexa \u2013 Suurk\u00f6\u00f6giseadmed restoranidele ja toitlustusele","isPartOf":{"@id":"https:\/\/adexa.ee\/#website"},"primaryImageOfPage":{"@id":"https:\/\/adexa.ee\/toode\/jahutusega-serveerimislett-1500mm-7xgn1-4-sugavus-330mm-roostevaba-terasest-kaas-adexa-ea15\/#primaryimage"},"image":{"@id":"https:\/\/adexa.ee\/toode\/jahutusega-serveerimislett-1500mm-7xgn1-4-sugavus-330mm-roostevaba-terasest-kaas-adexa-ea15\/#primaryimage"},"thumbnailUrl":"https:\/\/adexa.ee\/wp-content\/uploads\/2024\/12\/VRX1500330SS.jpg","datePublished":"2026-03-26T07:05:15+00:00","dateModified":"2026-03-26T07:05:20+00:00","breadcrumb":{"@id":"https:\/\/adexa.ee\/toode\/jahutusega-serveerimislett-1500mm-7xgn1-4-sugavus-330mm-roostevaba-terasest-kaas-adexa-ea15\/#breadcrumb"},"inLanguage":"en-US","potentialAction":[{"@type":"ReadAction","target":["https:\/\/adexa.ee\/toode\/jahutusega-serveerimislett-1500mm-7xgn1-4-sugavus-330mm-roostevaba-terasest-kaas-adexa-ea15\/"]}]},{"@type":"ImageObject","inLanguage":"en-US","@id":"https:\/\/adexa.ee\/toode\/jahutusega-serveerimislett-1500mm-7xgn1-4-sugavus-330mm-roostevaba-terasest-kaas-adexa-ea15\/#primaryimage","url":"https:\/\/adexa.ee\/wp-content\/uploads\/2024\/12\/VRX1500330SS.jpg","contentUrl":"https:\/\/adexa.ee\/wp-content\/uploads\/2024\/12\/VRX1500330SS.jpg","width":1200,"height":1200},{"@type":"BreadcrumbList","@id":"https:\/\/adexa.ee\/toode\/jahutusega-serveerimislett-1500mm-7xgn1-4-sugavus-330mm-roostevaba-terasest-kaas-adexa-ea15\/#breadcrumb","itemListElement":[{"@type":"ListItem","position":1,"name":"Home","item":"https:\/\/adexa.ee\/"},{"@type":"ListItem","position":2,"name":"Tooted","item":"https:\/\/adexa.ee\/pood\/"},{"@type":"ListItem","position":3,"name":"Jahutusega Serveerimislett 1500mm 7xGN1\/4 S\u00fcgavus 330mm Roostevaba terasest kaas | Adexa EA15"}]},{"@type":"WebSite","@id":"https:\/\/adexa.ee\/#website","url":"https:\/\/adexa.ee\/","name":"Adexa","description":"","publisher":{"@id":"https:\/\/adexa.ee\/#organization"},"potentialAction":[{"@type":"SearchAction","target":{"@type":"EntryPoint","urlTemplate":"https:\/\/adexa.ee\/?s={search_term_string}"},"query-input":{"@type":"PropertyValueSpecification","valueRequired":true,"valueName":"search_term_string"}}],"inLanguage":"en-US"},{"@type":"Organization","@id":"https:\/\/adexa.ee\/#organization","name":"Adexa","url":"https:\/\/adexa.ee\/","logo":{"@type":"ImageObject","inLanguage":"en-US","@id":"https:\/\/adexa.ee\/#\/schema\/logo\/image\/","url":"https:\/\/adexa.ee\/wp-content\/uploads\/2024\/04\/chef-cooks-working-in-professional-kitchen-2023-11-27-05-07-39-utc-scaled.jpg","contentUrl":"https:\/\/adexa.ee\/wp-content\/uploads\/2024\/04\/chef-cooks-working-in-professional-kitchen-2023-11-27-05-07-39-utc-scaled.jpg","width":2560,"height":1708,"caption":"Adexa"},"image":{"@id":"https:\/\/adexa.ee\/#\/schema\/logo\/image\/"}}]}},"_links":{"self":[{"href":"https:\/\/adexa.ee\/en\/wp-json\/wp\/v2\/product\/10043","targetHints":{"allow":["GET"]}}],"collection":[{"href":"https:\/\/adexa.ee\/en\/wp-json\/wp\/v2\/product"}],"about":[{"href":"https:\/\/adexa.ee\/en\/wp-json\/wp\/v2\/types\/product"}],"wp:featuredmedia":[{"embeddable":true,"href":"https:\/\/adexa.ee\/en\/wp-json\/wp\/v2\/media\/10046"}],"wp:attachment":[{"href":"https:\/\/adexa.ee\/en\/wp-json\/wp\/v2\/media?parent=10043"}],"wp:term":[{"taxonomy":"product_brand","embeddable":true,"href":"https:\/\/adexa.ee\/en\/wp-json\/wp\/v2\/product_brand?post=10043"},{"taxonomy":"product_cat","embeddable":true,"href":"https:\/\/adexa.ee\/en\/wp-json\/wp\/v2\/product_cat?post=10043"},{"taxonomy":"product_tag","embeddable":true,"href":"https:\/\/adexa.ee\/en\/wp-json\/wp\/v2\/product_tag?post=10043"}],"curies":[{"name":"wp","href":"https:\/\/api.w.org\/{rel}","templated":true}]}}