{"id":10134,"date":"2026-04-01T12:05:07","date_gmt":"2026-04-01T09:05:07","guid":{"rendered":"https:\/\/adexa.ee\/toode\/riiul-alus-pannikaru-roostevaba-teras-gastronorm-gn1-1-15-tasandit-adexa-rt1115\/"},"modified":"2026-04-01T12:05:09","modified_gmt":"2026-04-01T09:05:09","slug":"kandikukaru-roostevaba-teras-gastronorm-gn1-1-15-taset-adexa-rt1115","status":"publish","type":"product","link":"https:\/\/adexa.ee\/en\/toode\/kandikukaru-roostevaba-teras-gastronorm-gn1-1-15-taset-adexa-rt1115\/","title":{"rendered":"Kandikuk\u00e4ru Roostevaba teras Gastronorm GN1\/1 15 taset | Adexa RT1115"},"content":{"rendered":"<p>See k\u00f5rgekvaliteediline GN 1\/1 suuruses professionaalne riiulik\u00e4ru on ideaalne suure hulga kommertslike Gastronormi aluste, pannide v\u00f5i salvide ladestamiseks ja hoidmiseks. See on paigaldatud neljale rattale, et h\u00f5lbustada liikumist teie restoranis, pagarit\u00f6\u00f6kojas v\u00f5i sarnases toitlustusasutuses. Mahutavus: 15 x GN1\/1 konteinerit. M\u00f5\u00f5tmed: 380x550x1735mm. T\u00e4psema teabe saamiseks vaata allpool &#8216;Spetsifikatsioon&#8217;.<\/p>\n<table style=\"border-collapse: collapse; width: 100%; text-align: left;\">\n<tbody>\n<tr>\n<td style=\"border: 1px solid #ddd; padding: 8px; width: 45%;\"><strong>S\u00fcgavus<\/strong><\/td>\n<td style=\"border: 1px solid #ddd; padding: 8px;\">550 mm<\/td>\n<\/tr>\n<tr>\n<td style=\"border: 1px solid #ddd; padding: 8px; width: 45%;\"><strong>K\u00f5rgus<\/strong><\/td>\n<td style=\"border: 1px solid #ddd; padding: 8px;\">1735mm<\/td>\n<\/tr>\n<tr>\n<td style=\"border: 1px solid #ddd; padding: 8px; width: 45%;\"><strong>Laius<\/strong><\/td>\n<td style=\"border: 1px solid #ddd; padding: 8px;\">380 mm<\/td>\n<\/tr>\n<tr>\n<td style=\"border: 1px solid #ddd; padding: 8px; width: 45%;\"><strong>Kaal<\/strong><\/td>\n<td style=\"border: 1px solid #ddd; padding: 8px;\">19 kg<\/td>\n<\/tr>\n<tr>\n<td style=\"border: 1px solid #ddd; padding: 8px; width: 45%;\"><strong>Garantii<\/strong><\/td>\n<td style=\"border: 1px solid #ddd; padding: 8px;\">12 kuu varuosade garantii<\/td>\n<\/tr>\n<tr>\n<td style=\"border: 1px solid #ddd; padding: 8px; width: 45%;\"><strong>Mahutavus<\/strong><\/td>\n<td style=\"border: 1px solid #ddd; padding: 8px;\">15 x GN1\/1<\/td>\n<\/tr>\n<tr>\n<td style=\"border: 1px solid #ddd; padding: 8px; width: 45%;\"><strong>Rullikud<\/strong><\/td>\n<td style=\"border: 1px solid #ddd; padding: 8px;\">Piduritega<\/td>\n<\/tr>\n<tr>\n<td style=\"border: 1px solid #ddd; padding: 8px; width: 45%;\"><strong>Materjal<\/strong><\/td>\n<td style=\"border: 1px solid #ddd; padding: 8px;\">Roostevaba teras<\/td>\n<\/tr>\n<\/tbody>\n<\/table>\n","protected":false},"excerpt":{"rendered":"<p>See k\u00f5rgekvaliteediline GN 1\/1 suuruses professionaalne riiulik\u00e4ru on ideaalne suure hulga kommertslike Gastronormi aluste, pannide v\u00f5i salvide ladestamiseks ja hoidmiseks.<\/p>\n","protected":false},"featured_media":10136,"template":"","meta":[],"product_brand":[],"product_cat":[624,623,572],"product_tag":[],"class_list":{"0":"post-10134","1":"product","2":"type-product","3":"status-publish","4":"has-post-thumbnail","6":"product_cat-kandikukarud","7":"product_cat-karud","8":"product_cat-roostevabad-tooted","10":"first","11":"instock","12":"sale","13":"taxable","14":"shipping-taxable","15":"purchasable","16":"product-type-simple"},"yoast_head":"<!-- This site is optimized with the Yoast SEO plugin v27.3 - https:\/\/yoast.com\/product\/yoast-seo-wordpress\/ -->\n<title>Kandikuk\u00e4ru Roostevaba teras Gastronorm GN1\/1 15 taset | Adexa RT1115 - Adexa \u2013 Suurk\u00f6\u00f6giseadmed restoranidele ja toitlustusele<\/title>\n<meta name=\"robots\" content=\"index, follow, max-snippet:-1, max-image-preview:large, max-video-preview:-1\" \/>\n<link rel=\"canonical\" href=\"https:\/\/adexa.ee\/toode\/kandikukaru-roostevaba-teras-gastronorm-gn1-1-15-taset-adexa-rt1115\/\" \/>\n<meta property=\"og:locale\" content=\"en_US\" \/>\n<meta property=\"og:type\" content=\"article\" \/>\n<meta property=\"og:title\" content=\"Kandikuk\u00e4ru Roostevaba teras Gastronorm GN1\/1 15 taset | Adexa RT1115 - Adexa \u2013 Suurk\u00f6\u00f6giseadmed restoranidele ja toitlustusele\" \/>\n<meta property=\"og:description\" content=\"See k\u00f5rgekvaliteediline GN 1\/1 suuruses professionaalne riiulik\u00e4ru on ideaalne suure hulga kommertslike Gastronormi aluste, pannide v\u00f5i salvide ladestamiseks ja hoidmiseks.\" \/>\n<meta property=\"og:url\" content=\"https:\/\/adexa.ee\/toode\/kandikukaru-roostevaba-teras-gastronorm-gn1-1-15-taset-adexa-rt1115\/\" \/>\n<meta property=\"og:site_name\" content=\"Adexa \u2013 Suurk\u00f6\u00f6giseadmed restoranidele ja toitlustusele\" \/>\n<meta property=\"article:modified_time\" content=\"2026-04-01T09:05:09+00:00\" \/>\n<meta property=\"og:image\" content=\"https:\/\/adexa.ee\/wp-content\/uploads\/2024\/12\/RT1115.jpg\" \/>\n\t<meta property=\"og:image:width\" content=\"1200\" \/>\n\t<meta property=\"og:image:height\" content=\"1200\" \/>\n\t<meta property=\"og:image:type\" content=\"image\/jpeg\" \/>\n<meta name=\"twitter:card\" content=\"summary_large_image\" \/>\n<script type=\"application\/ld+json\" class=\"yoast-schema-graph\">{\"@context\":\"https:\\\/\\\/schema.org\",\"@graph\":[{\"@type\":\"WebPage\",\"@id\":\"https:\\\/\\\/adexa.ee\\\/toode\\\/kandikukaru-roostevaba-teras-gastronorm-gn1-1-15-taset-adexa-rt1115\\\/\",\"url\":\"https:\\\/\\\/adexa.ee\\\/toode\\\/kandikukaru-roostevaba-teras-gastronorm-gn1-1-15-taset-adexa-rt1115\\\/\",\"name\":\"Kandikuk\u00e4ru Roostevaba teras Gastronorm GN1\\\/1 15 taset | Adexa RT1115 - Adexa \u2013 Suurk\u00f6\u00f6giseadmed restoranidele ja toitlustusele\",\"isPartOf\":{\"@id\":\"https:\\\/\\\/adexa.ee\\\/#website\"},\"primaryImageOfPage\":{\"@id\":\"https:\\\/\\\/adexa.ee\\\/toode\\\/kandikukaru-roostevaba-teras-gastronorm-gn1-1-15-taset-adexa-rt1115\\\/#primaryimage\"},\"image\":{\"@id\":\"https:\\\/\\\/adexa.ee\\\/toode\\\/kandikukaru-roostevaba-teras-gastronorm-gn1-1-15-taset-adexa-rt1115\\\/#primaryimage\"},\"thumbnailUrl\":\"https:\\\/\\\/adexa.ee\\\/wp-content\\\/uploads\\\/2024\\\/12\\\/RT1115.jpg\",\"datePublished\":\"2026-04-01T09:05:07+00:00\",\"dateModified\":\"2026-04-01T09:05:09+00:00\",\"breadcrumb\":{\"@id\":\"https:\\\/\\\/adexa.ee\\\/toode\\\/kandikukaru-roostevaba-teras-gastronorm-gn1-1-15-taset-adexa-rt1115\\\/#breadcrumb\"},\"inLanguage\":\"en-US\",\"potentialAction\":[{\"@type\":\"ReadAction\",\"target\":[\"https:\\\/\\\/adexa.ee\\\/toode\\\/kandikukaru-roostevaba-teras-gastronorm-gn1-1-15-taset-adexa-rt1115\\\/\"]}]},{\"@type\":\"ImageObject\",\"inLanguage\":\"en-US\",\"@id\":\"https:\\\/\\\/adexa.ee\\\/toode\\\/kandikukaru-roostevaba-teras-gastronorm-gn1-1-15-taset-adexa-rt1115\\\/#primaryimage\",\"url\":\"https:\\\/\\\/adexa.ee\\\/wp-content\\\/uploads\\\/2024\\\/12\\\/RT1115.jpg\",\"contentUrl\":\"https:\\\/\\\/adexa.ee\\\/wp-content\\\/uploads\\\/2024\\\/12\\\/RT1115.jpg\",\"width\":1200,\"height\":1200},{\"@type\":\"BreadcrumbList\",\"@id\":\"https:\\\/\\\/adexa.ee\\\/toode\\\/kandikukaru-roostevaba-teras-gastronorm-gn1-1-15-taset-adexa-rt1115\\\/#breadcrumb\",\"itemListElement\":[{\"@type\":\"ListItem\",\"position\":1,\"name\":\"Home\",\"item\":\"https:\\\/\\\/adexa.ee\\\/\"},{\"@type\":\"ListItem\",\"position\":2,\"name\":\"Tooted\",\"item\":\"https:\\\/\\\/adexa.ee\\\/pood\\\/\"},{\"@type\":\"ListItem\",\"position\":3,\"name\":\"Kandikuk\u00e4ru Roostevaba teras Gastronorm GN1\\\/1 15 taset | Adexa RT1115\"}]},{\"@type\":\"WebSite\",\"@id\":\"https:\\\/\\\/adexa.ee\\\/#website\",\"url\":\"https:\\\/\\\/adexa.ee\\\/\",\"name\":\"Adexa\",\"description\":\"\",\"publisher\":{\"@id\":\"https:\\\/\\\/adexa.ee\\\/#organization\"},\"potentialAction\":[{\"@type\":\"SearchAction\",\"target\":{\"@type\":\"EntryPoint\",\"urlTemplate\":\"https:\\\/\\\/adexa.ee\\\/?s={search_term_string}\"},\"query-input\":{\"@type\":\"PropertyValueSpecification\",\"valueRequired\":true,\"valueName\":\"search_term_string\"}}],\"inLanguage\":\"en-US\"},{\"@type\":\"Organization\",\"@id\":\"https:\\\/\\\/adexa.ee\\\/#organization\",\"name\":\"Adexa\",\"url\":\"https:\\\/\\\/adexa.ee\\\/\",\"logo\":{\"@type\":\"ImageObject\",\"inLanguage\":\"en-US\",\"@id\":\"https:\\\/\\\/adexa.ee\\\/#\\\/schema\\\/logo\\\/image\\\/\",\"url\":\"https:\\\/\\\/adexa.ee\\\/wp-content\\\/uploads\\\/2024\\\/04\\\/chef-cooks-working-in-professional-kitchen-2023-11-27-05-07-39-utc-scaled.jpg\",\"contentUrl\":\"https:\\\/\\\/adexa.ee\\\/wp-content\\\/uploads\\\/2024\\\/04\\\/chef-cooks-working-in-professional-kitchen-2023-11-27-05-07-39-utc-scaled.jpg\",\"width\":2560,\"height\":1708,\"caption\":\"Adexa\"},\"image\":{\"@id\":\"https:\\\/\\\/adexa.ee\\\/#\\\/schema\\\/logo\\\/image\\\/\"}}]}<\/script>\n<!-- \/ Yoast SEO plugin. -->","yoast_head_json":{"title":"Kandikuk\u00e4ru Roostevaba teras Gastronorm GN1\/1 15 taset | Adexa RT1115 - Adexa \u2013 Suurk\u00f6\u00f6giseadmed restoranidele ja toitlustusele","robots":{"index":"index","follow":"follow","max-snippet":"max-snippet:-1","max-image-preview":"max-image-preview:large","max-video-preview":"max-video-preview:-1"},"canonical":"https:\/\/adexa.ee\/toode\/kandikukaru-roostevaba-teras-gastronorm-gn1-1-15-taset-adexa-rt1115\/","og_locale":"en_US","og_type":"article","og_title":"Kandikuk\u00e4ru Roostevaba teras Gastronorm GN1\/1 15 taset | Adexa RT1115 - Adexa \u2013 Suurk\u00f6\u00f6giseadmed restoranidele ja toitlustusele","og_description":"See k\u00f5rgekvaliteediline GN 1\/1 suuruses professionaalne riiulik\u00e4ru on ideaalne suure hulga kommertslike Gastronormi aluste, pannide v\u00f5i salvide ladestamiseks ja hoidmiseks.","og_url":"https:\/\/adexa.ee\/toode\/kandikukaru-roostevaba-teras-gastronorm-gn1-1-15-taset-adexa-rt1115\/","og_site_name":"Adexa \u2013 Suurk\u00f6\u00f6giseadmed restoranidele ja toitlustusele","article_modified_time":"2026-04-01T09:05:09+00:00","og_image":[{"width":1200,"height":1200,"url":"https:\/\/adexa.ee\/wp-content\/uploads\/2024\/12\/RT1115.jpg","type":"image\/jpeg"}],"twitter_card":"summary_large_image","schema":{"@context":"https:\/\/schema.org","@graph":[{"@type":"WebPage","@id":"https:\/\/adexa.ee\/toode\/kandikukaru-roostevaba-teras-gastronorm-gn1-1-15-taset-adexa-rt1115\/","url":"https:\/\/adexa.ee\/toode\/kandikukaru-roostevaba-teras-gastronorm-gn1-1-15-taset-adexa-rt1115\/","name":"Kandikuk\u00e4ru Roostevaba teras Gastronorm GN1\/1 15 taset | Adexa RT1115 - Adexa \u2013 Suurk\u00f6\u00f6giseadmed restoranidele ja toitlustusele","isPartOf":{"@id":"https:\/\/adexa.ee\/#website"},"primaryImageOfPage":{"@id":"https:\/\/adexa.ee\/toode\/kandikukaru-roostevaba-teras-gastronorm-gn1-1-15-taset-adexa-rt1115\/#primaryimage"},"image":{"@id":"https:\/\/adexa.ee\/toode\/kandikukaru-roostevaba-teras-gastronorm-gn1-1-15-taset-adexa-rt1115\/#primaryimage"},"thumbnailUrl":"https:\/\/adexa.ee\/wp-content\/uploads\/2024\/12\/RT1115.jpg","datePublished":"2026-04-01T09:05:07+00:00","dateModified":"2026-04-01T09:05:09+00:00","breadcrumb":{"@id":"https:\/\/adexa.ee\/toode\/kandikukaru-roostevaba-teras-gastronorm-gn1-1-15-taset-adexa-rt1115\/#breadcrumb"},"inLanguage":"en-US","potentialAction":[{"@type":"ReadAction","target":["https:\/\/adexa.ee\/toode\/kandikukaru-roostevaba-teras-gastronorm-gn1-1-15-taset-adexa-rt1115\/"]}]},{"@type":"ImageObject","inLanguage":"en-US","@id":"https:\/\/adexa.ee\/toode\/kandikukaru-roostevaba-teras-gastronorm-gn1-1-15-taset-adexa-rt1115\/#primaryimage","url":"https:\/\/adexa.ee\/wp-content\/uploads\/2024\/12\/RT1115.jpg","contentUrl":"https:\/\/adexa.ee\/wp-content\/uploads\/2024\/12\/RT1115.jpg","width":1200,"height":1200},{"@type":"BreadcrumbList","@id":"https:\/\/adexa.ee\/toode\/kandikukaru-roostevaba-teras-gastronorm-gn1-1-15-taset-adexa-rt1115\/#breadcrumb","itemListElement":[{"@type":"ListItem","position":1,"name":"Home","item":"https:\/\/adexa.ee\/"},{"@type":"ListItem","position":2,"name":"Tooted","item":"https:\/\/adexa.ee\/pood\/"},{"@type":"ListItem","position":3,"name":"Kandikuk\u00e4ru Roostevaba teras Gastronorm GN1\/1 15 taset | Adexa RT1115"}]},{"@type":"WebSite","@id":"https:\/\/adexa.ee\/#website","url":"https:\/\/adexa.ee\/","name":"Adexa","description":"","publisher":{"@id":"https:\/\/adexa.ee\/#organization"},"potentialAction":[{"@type":"SearchAction","target":{"@type":"EntryPoint","urlTemplate":"https:\/\/adexa.ee\/?s={search_term_string}"},"query-input":{"@type":"PropertyValueSpecification","valueRequired":true,"valueName":"search_term_string"}}],"inLanguage":"en-US"},{"@type":"Organization","@id":"https:\/\/adexa.ee\/#organization","name":"Adexa","url":"https:\/\/adexa.ee\/","logo":{"@type":"ImageObject","inLanguage":"en-US","@id":"https:\/\/adexa.ee\/#\/schema\/logo\/image\/","url":"https:\/\/adexa.ee\/wp-content\/uploads\/2024\/04\/chef-cooks-working-in-professional-kitchen-2023-11-27-05-07-39-utc-scaled.jpg","contentUrl":"https:\/\/adexa.ee\/wp-content\/uploads\/2024\/04\/chef-cooks-working-in-professional-kitchen-2023-11-27-05-07-39-utc-scaled.jpg","width":2560,"height":1708,"caption":"Adexa"},"image":{"@id":"https:\/\/adexa.ee\/#\/schema\/logo\/image\/"}}]}},"_links":{"self":[{"href":"https:\/\/adexa.ee\/en\/wp-json\/wp\/v2\/product\/10134","targetHints":{"allow":["GET"]}}],"collection":[{"href":"https:\/\/adexa.ee\/en\/wp-json\/wp\/v2\/product"}],"about":[{"href":"https:\/\/adexa.ee\/en\/wp-json\/wp\/v2\/types\/product"}],"wp:featuredmedia":[{"embeddable":true,"href":"https:\/\/adexa.ee\/en\/wp-json\/wp\/v2\/media\/10136"}],"wp:attachment":[{"href":"https:\/\/adexa.ee\/en\/wp-json\/wp\/v2\/media?parent=10134"}],"wp:term":[{"taxonomy":"product_brand","embeddable":true,"href":"https:\/\/adexa.ee\/en\/wp-json\/wp\/v2\/product_brand?post=10134"},{"taxonomy":"product_cat","embeddable":true,"href":"https:\/\/adexa.ee\/en\/wp-json\/wp\/v2\/product_cat?post=10134"},{"taxonomy":"product_tag","embeddable":true,"href":"https:\/\/adexa.ee\/en\/wp-json\/wp\/v2\/product_tag?post=10134"}],"curies":[{"name":"wp","href":"https:\/\/api.w.org\/{rel}","templated":true}]}}