{"id":10191,"date":"2026-03-26T09:05:32","date_gmt":"2026-03-26T07:05:32","guid":{"rendered":"https:\/\/adexa.ee\/?post_type=product&#038;p=10191"},"modified":"2026-03-26T09:05:34","modified_gmt":"2026-03-26T07:05:34","slug":"elektriline-marmiit-gn1-1-roostevaba-teras-peegelviimistlus-9-liitrit-adexa-ra2301be","status":"publish","type":"product","link":"https:\/\/adexa.ee\/en\/toode\/elektriline-marmiit-gn1-1-roostevaba-teras-peegelviimistlus-9-liitrit-adexa-ra2301be\/","title":{"rendered":"Elektriline Marmiit  GN1\/1 Roostevaba teras Peegelviimistlus 9 liitrit | Adexa RA2301BE"},"content":{"rendered":"<p>Tagage, et teie toit p\u00fcsib kauem soojana selle kommertsliku elektrilise chaferiga. Ideaalne toidu hoidmiseks serveerimistemperatuuril buffeelaudades, professionaalsed rullkatusega chafing n\u00f5ud pakuvad kaasaskantavat ja mugavat kuumutamist. M\u00e4rgk\u00fctte p\u00f5him\u00f5ttega, see on varustatud roostevabast terasest vee- ja toidun\u00f5udega. Valmistatud kergesti puhastatavast roostevabast terasest, et s\u00e4\u00e4sta v\u00e4\u00e4rtuslikku aega \u00f5htu l\u00f5pus. DokumentatsioonKlikkige siia Kasutusjuhendi allalaadimiseks. Lisainformatsiooni saamiseks vaadake jaotist &#8216;Spetsifikatsioon&#8217;.<\/p>\n<table style=\"border-collapse: collapse; width: 100%; text-align: left;\">\n<tbody>\n<tr>\n<td style=\"border: 1px solid #ddd; padding: 8px; width: 45%;\"><strong>S\u00fcgavus<\/strong><\/td>\n<td style=\"border: 1px solid #ddd; padding: 8px;\">455 mm<\/td>\n<\/tr>\n<tr>\n<td style=\"border: 1px solid #ddd; padding: 8px; width: 45%;\"><strong>K\u00f5rgus<\/strong><\/td>\n<td style=\"border: 1px solid #ddd; padding: 8px;\">290 mm<\/td>\n<\/tr>\n<tr>\n<td style=\"border: 1px solid #ddd; padding: 8px; width: 45%;\"><strong>Laius<\/strong><\/td>\n<td style=\"border: 1px solid #ddd; padding: 8px;\">645 mm<\/td>\n<\/tr>\n<tr>\n<td style=\"border: 1px solid #ddd; padding: 8px; width: 45%;\"><strong>Kaal<\/strong><\/td>\n<td style=\"border: 1px solid #ddd; padding: 8px;\">10 kg<\/td>\n<\/tr>\n<tr>\n<td style=\"border: 1px solid #ddd; padding: 8px; width: 45%;\"><strong>Garantii<\/strong><\/td>\n<td style=\"border: 1px solid #ddd; padding: 8px;\">12 kuu varuosade garantii<\/td>\n<\/tr>\n<tr>\n<td style=\"border: 1px solid #ddd; padding: 8px; width: 45%;\"><strong>Toiteallikas<\/strong><\/td>\n<td style=\"border: 1px solid #ddd; padding: 8px;\">230V \/ 1 faas<\/td>\n<\/tr>\n<tr>\n<td style=\"border: 1px solid #ddd; padding: 8px; width: 45%;\"><strong>Materjal<\/strong><\/td>\n<td style=\"border: 1px solid #ddd; padding: 8px;\">Roostevaba teras<\/td>\n<\/tr>\n<\/tbody>\n<\/table>\n","protected":false},"excerpt":{"rendered":"<p>Tagage, et teie toit p\u00fcsib kauem soojana selle kommertsliku elektrilise chaferiga. Ideaalne toidu hoidmiseks serveerimistemperatuuril buffeelaudades, professionaalsed rullkatusega chafing n\u00f5ud<\/p>\n","protected":false},"featured_media":31310,"template":"","meta":[],"product_brand":[],"product_cat":[557,640,639,586,558],"product_tag":[],"class_list":{"0":"post-10191","1":"product","2":"type-product","3":"status-publish","4":"has-post-thumbnail","6":"product_cat-kupsetusseadmed","7":"product_cat-chafing-kaaned-toidu-soojendamine","8":"product_cat-chafing-kaaned","9":"product_cat-serveerimine","10":"product_cat-toidu-soojendamine","12":"first","13":"instock","14":"sale","15":"taxable","16":"shipping-taxable","17":"purchasable","18":"product-type-simple"},"yoast_head":"<!-- This site is optimized with the Yoast SEO plugin v27.3 - https:\/\/yoast.com\/product\/yoast-seo-wordpress\/ -->\n<title>Elektriline Marmiit GN1\/1 Roostevaba teras Peegelviimistlus 9 liitrit | Adexa RA2301BE - Adexa \u2013 Suurk\u00f6\u00f6giseadmed restoranidele ja toitlustusele<\/title>\n<meta name=\"robots\" content=\"index, follow, max-snippet:-1, max-image-preview:large, max-video-preview:-1\" \/>\n<link rel=\"canonical\" href=\"https:\/\/adexa.ee\/toode\/elektriline-marmiit-gn1-1-roostevaba-teras-peegelviimistlus-9-liitrit-adexa-ra2301be\/\" \/>\n<meta property=\"og:locale\" content=\"en_US\" \/>\n<meta property=\"og:type\" content=\"article\" \/>\n<meta property=\"og:title\" content=\"Elektriline Marmiit GN1\/1 Roostevaba teras Peegelviimistlus 9 liitrit | Adexa RA2301BE - Adexa \u2013 Suurk\u00f6\u00f6giseadmed restoranidele ja toitlustusele\" \/>\n<meta property=\"og:description\" content=\"Tagage, et teie toit p\u00fcsib kauem soojana selle kommertsliku elektrilise chaferiga. Ideaalne toidu hoidmiseks serveerimistemperatuuril buffeelaudades, professionaalsed rullkatusega chafing n\u00f5ud\" \/>\n<meta property=\"og:url\" content=\"https:\/\/adexa.ee\/toode\/elektriline-marmiit-gn1-1-roostevaba-teras-peegelviimistlus-9-liitrit-adexa-ra2301be\/\" \/>\n<meta property=\"og:site_name\" content=\"Adexa \u2013 Suurk\u00f6\u00f6giseadmed restoranidele ja toitlustusele\" \/>\n<meta property=\"article:modified_time\" content=\"2026-03-26T07:05:34+00:00\" \/>\n<meta property=\"og:image\" content=\"https:\/\/adexa.ee\/wp-content\/uploads\/2025\/01\/RA2103BE.jpg\" \/>\n\t<meta property=\"og:image:width\" content=\"1200\" \/>\n\t<meta property=\"og:image:height\" content=\"1200\" \/>\n\t<meta property=\"og:image:type\" content=\"image\/jpeg\" \/>\n<meta name=\"twitter:card\" content=\"summary_large_image\" \/>\n<script type=\"application\/ld+json\" class=\"yoast-schema-graph\">{\"@context\":\"https:\\\/\\\/schema.org\",\"@graph\":[{\"@type\":\"WebPage\",\"@id\":\"https:\\\/\\\/adexa.ee\\\/toode\\\/elektriline-marmiit-gn1-1-roostevaba-teras-peegelviimistlus-9-liitrit-adexa-ra2301be\\\/\",\"url\":\"https:\\\/\\\/adexa.ee\\\/toode\\\/elektriline-marmiit-gn1-1-roostevaba-teras-peegelviimistlus-9-liitrit-adexa-ra2301be\\\/\",\"name\":\"Elektriline Marmiit GN1\\\/1 Roostevaba teras Peegelviimistlus 9 liitrit | Adexa RA2301BE - Adexa \u2013 Suurk\u00f6\u00f6giseadmed restoranidele ja toitlustusele\",\"isPartOf\":{\"@id\":\"https:\\\/\\\/adexa.ee\\\/#website\"},\"primaryImageOfPage\":{\"@id\":\"https:\\\/\\\/adexa.ee\\\/toode\\\/elektriline-marmiit-gn1-1-roostevaba-teras-peegelviimistlus-9-liitrit-adexa-ra2301be\\\/#primaryimage\"},\"image\":{\"@id\":\"https:\\\/\\\/adexa.ee\\\/toode\\\/elektriline-marmiit-gn1-1-roostevaba-teras-peegelviimistlus-9-liitrit-adexa-ra2301be\\\/#primaryimage\"},\"thumbnailUrl\":\"https:\\\/\\\/adexa.ee\\\/wp-content\\\/uploads\\\/2025\\\/01\\\/RA2103BE.jpg\",\"datePublished\":\"2026-03-26T07:05:32+00:00\",\"dateModified\":\"2026-03-26T07:05:34+00:00\",\"breadcrumb\":{\"@id\":\"https:\\\/\\\/adexa.ee\\\/toode\\\/elektriline-marmiit-gn1-1-roostevaba-teras-peegelviimistlus-9-liitrit-adexa-ra2301be\\\/#breadcrumb\"},\"inLanguage\":\"en-US\",\"potentialAction\":[{\"@type\":\"ReadAction\",\"target\":[\"https:\\\/\\\/adexa.ee\\\/toode\\\/elektriline-marmiit-gn1-1-roostevaba-teras-peegelviimistlus-9-liitrit-adexa-ra2301be\\\/\"]}]},{\"@type\":\"ImageObject\",\"inLanguage\":\"en-US\",\"@id\":\"https:\\\/\\\/adexa.ee\\\/toode\\\/elektriline-marmiit-gn1-1-roostevaba-teras-peegelviimistlus-9-liitrit-adexa-ra2301be\\\/#primaryimage\",\"url\":\"https:\\\/\\\/adexa.ee\\\/wp-content\\\/uploads\\\/2025\\\/01\\\/RA2103BE.jpg\",\"contentUrl\":\"https:\\\/\\\/adexa.ee\\\/wp-content\\\/uploads\\\/2025\\\/01\\\/RA2103BE.jpg\",\"width\":1200,\"height\":1200},{\"@type\":\"BreadcrumbList\",\"@id\":\"https:\\\/\\\/adexa.ee\\\/toode\\\/elektriline-marmiit-gn1-1-roostevaba-teras-peegelviimistlus-9-liitrit-adexa-ra2301be\\\/#breadcrumb\",\"itemListElement\":[{\"@type\":\"ListItem\",\"position\":1,\"name\":\"Home\",\"item\":\"https:\\\/\\\/adexa.ee\\\/\"},{\"@type\":\"ListItem\",\"position\":2,\"name\":\"Tooted\",\"item\":\"https:\\\/\\\/adexa.ee\\\/pood\\\/\"},{\"@type\":\"ListItem\",\"position\":3,\"name\":\"Elektriline Marmiit GN1\\\/1 Roostevaba teras Peegelviimistlus 9 liitrit | Adexa RA2301BE\"}]},{\"@type\":\"WebSite\",\"@id\":\"https:\\\/\\\/adexa.ee\\\/#website\",\"url\":\"https:\\\/\\\/adexa.ee\\\/\",\"name\":\"Adexa\",\"description\":\"\",\"publisher\":{\"@id\":\"https:\\\/\\\/adexa.ee\\\/#organization\"},\"potentialAction\":[{\"@type\":\"SearchAction\",\"target\":{\"@type\":\"EntryPoint\",\"urlTemplate\":\"https:\\\/\\\/adexa.ee\\\/?s={search_term_string}\"},\"query-input\":{\"@type\":\"PropertyValueSpecification\",\"valueRequired\":true,\"valueName\":\"search_term_string\"}}],\"inLanguage\":\"en-US\"},{\"@type\":\"Organization\",\"@id\":\"https:\\\/\\\/adexa.ee\\\/#organization\",\"name\":\"Adexa\",\"url\":\"https:\\\/\\\/adexa.ee\\\/\",\"logo\":{\"@type\":\"ImageObject\",\"inLanguage\":\"en-US\",\"@id\":\"https:\\\/\\\/adexa.ee\\\/#\\\/schema\\\/logo\\\/image\\\/\",\"url\":\"https:\\\/\\\/adexa.ee\\\/wp-content\\\/uploads\\\/2024\\\/04\\\/chef-cooks-working-in-professional-kitchen-2023-11-27-05-07-39-utc-scaled.jpg\",\"contentUrl\":\"https:\\\/\\\/adexa.ee\\\/wp-content\\\/uploads\\\/2024\\\/04\\\/chef-cooks-working-in-professional-kitchen-2023-11-27-05-07-39-utc-scaled.jpg\",\"width\":2560,\"height\":1708,\"caption\":\"Adexa\"},\"image\":{\"@id\":\"https:\\\/\\\/adexa.ee\\\/#\\\/schema\\\/logo\\\/image\\\/\"}}]}<\/script>\n<!-- \/ Yoast SEO plugin. -->","yoast_head_json":{"title":"Elektriline Marmiit GN1\/1 Roostevaba teras Peegelviimistlus 9 liitrit | Adexa RA2301BE - Adexa \u2013 Suurk\u00f6\u00f6giseadmed restoranidele ja toitlustusele","robots":{"index":"index","follow":"follow","max-snippet":"max-snippet:-1","max-image-preview":"max-image-preview:large","max-video-preview":"max-video-preview:-1"},"canonical":"https:\/\/adexa.ee\/toode\/elektriline-marmiit-gn1-1-roostevaba-teras-peegelviimistlus-9-liitrit-adexa-ra2301be\/","og_locale":"en_US","og_type":"article","og_title":"Elektriline Marmiit GN1\/1 Roostevaba teras Peegelviimistlus 9 liitrit | Adexa RA2301BE - Adexa \u2013 Suurk\u00f6\u00f6giseadmed restoranidele ja toitlustusele","og_description":"Tagage, et teie toit p\u00fcsib kauem soojana selle kommertsliku elektrilise chaferiga. Ideaalne toidu hoidmiseks serveerimistemperatuuril buffeelaudades, professionaalsed rullkatusega chafing n\u00f5ud","og_url":"https:\/\/adexa.ee\/toode\/elektriline-marmiit-gn1-1-roostevaba-teras-peegelviimistlus-9-liitrit-adexa-ra2301be\/","og_site_name":"Adexa \u2013 Suurk\u00f6\u00f6giseadmed restoranidele ja toitlustusele","article_modified_time":"2026-03-26T07:05:34+00:00","og_image":[{"width":1200,"height":1200,"url":"https:\/\/adexa.ee\/wp-content\/uploads\/2025\/01\/RA2103BE.jpg","type":"image\/jpeg"}],"twitter_card":"summary_large_image","schema":{"@context":"https:\/\/schema.org","@graph":[{"@type":"WebPage","@id":"https:\/\/adexa.ee\/toode\/elektriline-marmiit-gn1-1-roostevaba-teras-peegelviimistlus-9-liitrit-adexa-ra2301be\/","url":"https:\/\/adexa.ee\/toode\/elektriline-marmiit-gn1-1-roostevaba-teras-peegelviimistlus-9-liitrit-adexa-ra2301be\/","name":"Elektriline Marmiit GN1\/1 Roostevaba teras Peegelviimistlus 9 liitrit | Adexa RA2301BE - Adexa \u2013 Suurk\u00f6\u00f6giseadmed restoranidele ja toitlustusele","isPartOf":{"@id":"https:\/\/adexa.ee\/#website"},"primaryImageOfPage":{"@id":"https:\/\/adexa.ee\/toode\/elektriline-marmiit-gn1-1-roostevaba-teras-peegelviimistlus-9-liitrit-adexa-ra2301be\/#primaryimage"},"image":{"@id":"https:\/\/adexa.ee\/toode\/elektriline-marmiit-gn1-1-roostevaba-teras-peegelviimistlus-9-liitrit-adexa-ra2301be\/#primaryimage"},"thumbnailUrl":"https:\/\/adexa.ee\/wp-content\/uploads\/2025\/01\/RA2103BE.jpg","datePublished":"2026-03-26T07:05:32+00:00","dateModified":"2026-03-26T07:05:34+00:00","breadcrumb":{"@id":"https:\/\/adexa.ee\/toode\/elektriline-marmiit-gn1-1-roostevaba-teras-peegelviimistlus-9-liitrit-adexa-ra2301be\/#breadcrumb"},"inLanguage":"en-US","potentialAction":[{"@type":"ReadAction","target":["https:\/\/adexa.ee\/toode\/elektriline-marmiit-gn1-1-roostevaba-teras-peegelviimistlus-9-liitrit-adexa-ra2301be\/"]}]},{"@type":"ImageObject","inLanguage":"en-US","@id":"https:\/\/adexa.ee\/toode\/elektriline-marmiit-gn1-1-roostevaba-teras-peegelviimistlus-9-liitrit-adexa-ra2301be\/#primaryimage","url":"https:\/\/adexa.ee\/wp-content\/uploads\/2025\/01\/RA2103BE.jpg","contentUrl":"https:\/\/adexa.ee\/wp-content\/uploads\/2025\/01\/RA2103BE.jpg","width":1200,"height":1200},{"@type":"BreadcrumbList","@id":"https:\/\/adexa.ee\/toode\/elektriline-marmiit-gn1-1-roostevaba-teras-peegelviimistlus-9-liitrit-adexa-ra2301be\/#breadcrumb","itemListElement":[{"@type":"ListItem","position":1,"name":"Home","item":"https:\/\/adexa.ee\/"},{"@type":"ListItem","position":2,"name":"Tooted","item":"https:\/\/adexa.ee\/pood\/"},{"@type":"ListItem","position":3,"name":"Elektriline Marmiit GN1\/1 Roostevaba teras Peegelviimistlus 9 liitrit | Adexa RA2301BE"}]},{"@type":"WebSite","@id":"https:\/\/adexa.ee\/#website","url":"https:\/\/adexa.ee\/","name":"Adexa","description":"","publisher":{"@id":"https:\/\/adexa.ee\/#organization"},"potentialAction":[{"@type":"SearchAction","target":{"@type":"EntryPoint","urlTemplate":"https:\/\/adexa.ee\/?s={search_term_string}"},"query-input":{"@type":"PropertyValueSpecification","valueRequired":true,"valueName":"search_term_string"}}],"inLanguage":"en-US"},{"@type":"Organization","@id":"https:\/\/adexa.ee\/#organization","name":"Adexa","url":"https:\/\/adexa.ee\/","logo":{"@type":"ImageObject","inLanguage":"en-US","@id":"https:\/\/adexa.ee\/#\/schema\/logo\/image\/","url":"https:\/\/adexa.ee\/wp-content\/uploads\/2024\/04\/chef-cooks-working-in-professional-kitchen-2023-11-27-05-07-39-utc-scaled.jpg","contentUrl":"https:\/\/adexa.ee\/wp-content\/uploads\/2024\/04\/chef-cooks-working-in-professional-kitchen-2023-11-27-05-07-39-utc-scaled.jpg","width":2560,"height":1708,"caption":"Adexa"},"image":{"@id":"https:\/\/adexa.ee\/#\/schema\/logo\/image\/"}}]}},"_links":{"self":[{"href":"https:\/\/adexa.ee\/en\/wp-json\/wp\/v2\/product\/10191","targetHints":{"allow":["GET"]}}],"collection":[{"href":"https:\/\/adexa.ee\/en\/wp-json\/wp\/v2\/product"}],"about":[{"href":"https:\/\/adexa.ee\/en\/wp-json\/wp\/v2\/types\/product"}],"wp:featuredmedia":[{"embeddable":true,"href":"https:\/\/adexa.ee\/en\/wp-json\/wp\/v2\/media\/31310"}],"wp:attachment":[{"href":"https:\/\/adexa.ee\/en\/wp-json\/wp\/v2\/media?parent=10191"}],"wp:term":[{"taxonomy":"product_brand","embeddable":true,"href":"https:\/\/adexa.ee\/en\/wp-json\/wp\/v2\/product_brand?post=10191"},{"taxonomy":"product_cat","embeddable":true,"href":"https:\/\/adexa.ee\/en\/wp-json\/wp\/v2\/product_cat?post=10191"},{"taxonomy":"product_tag","embeddable":true,"href":"https:\/\/adexa.ee\/en\/wp-json\/wp\/v2\/product_tag?post=10191"}],"curies":[{"name":"wp","href":"https:\/\/api.w.org\/{rel}","templated":true}]}}