{"id":10196,"date":"2026-04-01T12:05:09","date_gmt":"2026-04-01T09:05:09","guid":{"rendered":"https:\/\/adexa.ee\/toode\/kommertslik-jaakuubikumasin-alaleti-50-kg-24h-adexa-cim50\/"},"modified":"2026-04-01T12:05:10","modified_gmt":"2026-04-01T09:05:10","slug":"kaubanduslik-jaakuubikumasin-alalett-50kg-24h-roostevaba-teras-digitaalsed-juhtnupud-adexa-cim50","status":"publish","type":"product","link":"https:\/\/adexa.ee\/en\/toode\/kaubanduslik-jaakuubikumasin-alalett-50kg-24h-roostevaba-teras-digitaalsed-juhtnupud-adexa-cim50\/","title":{"rendered":"Kaubanduslik j\u00e4\u00e4kuubikumasin Alalett 50kg\/24h Roostevaba teras Digitaalsed juhtnupud | Adexa CIM50"},"content":{"rendered":"<p>See j\u00e4\u00e4kuubikumasin pakub kogu vajaliku j\u00f5udluse ja usaldusv\u00e4\u00e4rsuse, et tagada teie klientidele v\u00f5i v\u00e4ljapanekutele pidev v\u00e4rske j\u00e4\u00e4 voog. Suudab toota kuni 50 kg j\u00e4\u00e4d iga 24 tunni tagant, olles suurep\u00e4rane valik baaridele, pubidele ja toidukohtadele, kus ruumi on piiratud. T\u00e4nu lihtsatele juhtnuppudele ja professionaalsele roostevabast terasest ehitusele on seda v\u00e4ga lihtne paigaldada, kasutada ja puhastada. 50kg\/24h 12kg mahuti 350x430x760mm Digitaalsed juhtnupud Vajalik veev\u00f5rk Ideaalne kohvikutele, hotellidele, baaridele, pagarit\u00f6\u00f6kodadele, k\u00fclmade jookide kauplustele ja muudele toiduainet\u00f6\u00f6stustele. See professionaalne j\u00e4\u00e4masin on hetkel suure allahindlusega saadaval. Dokumendid Kl\u00f5psake siia, et alla laadida kasutusjuhend. T\u00e4psema teabe leiate jaotisest &#8216;Spetsifikatsioon&#8217;.<\/p>\n<table style=\"border-collapse: collapse; width: 100%; text-align: left;\">\n<tbody>\n<tr>\n<td style=\"border: 1px solid #ddd; padding: 8px; width: 45%;\"><strong>S\u00fcgavus<\/strong><\/td>\n<td style=\"border: 1px solid #ddd; padding: 8px;\">430mm<\/td>\n<\/tr>\n<tr>\n<td style=\"border: 1px solid #ddd; padding: 8px; width: 45%;\"><strong>K\u00f5rgus<\/strong><\/td>\n<td style=\"border: 1px solid #ddd; padding: 8px;\">760 mm<\/td>\n<\/tr>\n<tr>\n<td style=\"border: 1px solid #ddd; padding: 8px; width: 45%;\"><strong>Laius<\/strong><\/td>\n<td style=\"border: 1px solid #ddd; padding: 8px;\">350mm<\/td>\n<\/tr>\n<tr>\n<td style=\"border: 1px solid #ddd; padding: 8px; width: 45%;\"><strong>Kaal<\/strong><\/td>\n<td style=\"border: 1px solid #ddd; padding: 8px;\">19.5 kg<\/td>\n<\/tr>\n<tr>\n<td style=\"border: 1px solid #ddd; padding: 8px; width: 45%;\"><strong>Garantii<\/strong><\/td>\n<td style=\"border: 1px solid #ddd; padding: 8px;\">12 kuu varuosade garantii<\/td>\n<\/tr>\n<tr>\n<td style=\"border: 1px solid #ddd; padding: 8px; width: 45%;\"><strong>V\u00f5imsus<\/strong><\/td>\n<td style=\"border: 1px solid #ddd; padding: 8px;\">230W<\/td>\n<\/tr>\n<tr>\n<td style=\"border: 1px solid #ddd; padding: 8px; width: 45%;\"><strong>Materjal<\/strong><\/td>\n<td style=\"border: 1px solid #ddd; padding: 8px;\">Roostevaba teras<\/td>\n<\/tr>\n<tr>\n<td style=\"border: 1px solid #ddd; padding: 8px; width: 45%;\"><strong>V\u00e4rv<\/strong><\/td>\n<td style=\"border: 1px solid #ddd; padding: 8px;\">Roostevaba teras<\/td>\n<\/tr>\n<tr>\n<td style=\"border: 1px solid #ddd; padding: 8px; width: 45%;\"><strong>Jahutamine<\/strong><\/td>\n<td style=\"border: 1px solid #ddd; padding: 8px;\">\u00d5hkjahutusega<\/td>\n<\/tr>\n<tr>\n<td style=\"border: 1px solid #ddd; padding: 8px; width: 45%;\"><strong>Tootlikkus<\/strong><\/td>\n<td style=\"border: 1px solid #ddd; padding: 8px;\">50 kg\/24 h<\/td>\n<\/tr>\n<tr>\n<td style=\"border: 1px solid #ddd; padding: 8px; width: 45%;\"><strong>K\u00fclmaaine<\/strong><\/td>\n<td style=\"border: 1px solid #ddd; padding: 8px;\">R290<\/td>\n<\/tr>\n<tr>\n<td style=\"border: 1px solid #ddd; padding: 8px; width: 45%;\"><strong>Kontrollid<\/strong><\/td>\n<td style=\"border: 1px solid #ddd; padding: 8px;\">Digitaalne<\/td>\n<\/tr>\n<tr>\n<td style=\"border: 1px solid #ddd; padding: 8px; width: 45%;\"><strong>Suurus (j\u00e4\u00e4)<\/strong><\/td>\n<td style=\"border: 1px solid #ddd; padding: 8px;\">22x22x22 mm<\/td>\n<\/tr>\n<tr>\n<td style=\"border: 1px solid #ddd; padding: 8px; width: 45%;\"><strong>Mahutavus (pr\u00fcgikast)<\/strong><\/td>\n<td style=\"border: 1px solid #ddd; padding: 8px;\">12kg<\/td>\n<\/tr>\n<tr>\n<td style=\"border: 1px solid #ddd; padding: 8px; width: 45%;\"><strong>Veetoru \u00fchendus<\/strong><\/td>\n<td style=\"border: 1px solid #ddd; padding: 8px;\">N\u00f5utav vee\u00fchendus p\u00f5hiv\u00f5rguga<\/td>\n<\/tr>\n<\/tbody>\n<\/table>\n","protected":false},"excerpt":{"rendered":"<p>See j\u00e4\u00e4kuubikumasin pakub kogu vajaliku j\u00f5udluse ja usaldusv\u00e4\u00e4rsuse, et tagada teie klientidele v\u00f5i v\u00e4ljapanekutele pidev v\u00e4rske j\u00e4\u00e4 voog. Suudab toota<\/p>\n","protected":false},"featured_media":32852,"template":"","meta":[],"product_brand":[],"product_cat":[680,643,641,564,613,569],"product_tag":[],"class_list":{"0":"post-10196","1":"product","2":"type-product","3":"status-publish","4":"has-post-thumbnail","6":"product_cat-jaakuubikumasinad","7":"product_cat-jaamasinad","8":"product_cat-jaamasinad-ja-jaahelveste-masinad","9":"product_cat-jahutusseadmed","10":"product_cat-kohv-ja-joogid","11":"product_cat-lopumuuk","13":"first","14":"instock","15":"sale","16":"taxable","17":"shipping-taxable","18":"purchasable","19":"product-type-simple"},"yoast_head":"<!-- This site is optimized with the Yoast SEO plugin v27.3 - https:\/\/yoast.com\/product\/yoast-seo-wordpress\/ -->\n<title>Kaubanduslik j\u00e4\u00e4kuubikumasin Alalett 50kg\/24h Roostevaba teras Digitaalsed juhtnupud | Adexa CIM50 - Adexa \u2013 Suurk\u00f6\u00f6giseadmed restoranidele ja toitlustusele<\/title>\n<meta name=\"robots\" content=\"index, follow, max-snippet:-1, max-image-preview:large, max-video-preview:-1\" \/>\n<link rel=\"canonical\" href=\"https:\/\/adexa.ee\/toode\/kaubanduslik-jaakuubikumasin-alalett-50kg-24h-roostevaba-teras-digitaalsed-juhtnupud-adexa-cim50\/\" \/>\n<meta property=\"og:locale\" content=\"en_US\" \/>\n<meta property=\"og:type\" content=\"article\" \/>\n<meta property=\"og:title\" content=\"Kaubanduslik j\u00e4\u00e4kuubikumasin Alalett 50kg\/24h Roostevaba teras Digitaalsed juhtnupud | Adexa CIM50 - Adexa \u2013 Suurk\u00f6\u00f6giseadmed restoranidele ja toitlustusele\" \/>\n<meta property=\"og:description\" content=\"See j\u00e4\u00e4kuubikumasin pakub kogu vajaliku j\u00f5udluse ja usaldusv\u00e4\u00e4rsuse, et tagada teie klientidele v\u00f5i v\u00e4ljapanekutele pidev v\u00e4rske j\u00e4\u00e4 voog. Suudab toota\" \/>\n<meta property=\"og:url\" content=\"https:\/\/adexa.ee\/toode\/kaubanduslik-jaakuubikumasin-alalett-50kg-24h-roostevaba-teras-digitaalsed-juhtnupud-adexa-cim50\/\" \/>\n<meta property=\"og:site_name\" content=\"Adexa \u2013 Suurk\u00f6\u00f6giseadmed restoranidele ja toitlustusele\" \/>\n<meta property=\"article:modified_time\" content=\"2026-04-01T09:05:10+00:00\" \/>\n<meta property=\"og:image\" content=\"https:\/\/adexa.ee\/wp-content\/uploads\/2025\/05\/CIM50SSD.jpg\" \/>\n\t<meta property=\"og:image:width\" content=\"2000\" \/>\n\t<meta property=\"og:image:height\" content=\"2000\" \/>\n\t<meta property=\"og:image:type\" content=\"image\/jpeg\" \/>\n<meta name=\"twitter:card\" content=\"summary_large_image\" \/>\n<meta name=\"twitter:label1\" content=\"Est. reading time\" \/>\n\t<meta name=\"twitter:data1\" content=\"1 minute\" \/>\n<script type=\"application\/ld+json\" class=\"yoast-schema-graph\">{\"@context\":\"https:\\\/\\\/schema.org\",\"@graph\":[{\"@type\":\"WebPage\",\"@id\":\"https:\\\/\\\/adexa.ee\\\/toode\\\/kaubanduslik-jaakuubikumasin-alalett-50kg-24h-roostevaba-teras-digitaalsed-juhtnupud-adexa-cim50\\\/\",\"url\":\"https:\\\/\\\/adexa.ee\\\/toode\\\/kaubanduslik-jaakuubikumasin-alalett-50kg-24h-roostevaba-teras-digitaalsed-juhtnupud-adexa-cim50\\\/\",\"name\":\"Kaubanduslik j\u00e4\u00e4kuubikumasin Alalett 50kg\\\/24h Roostevaba teras Digitaalsed juhtnupud | Adexa CIM50 - Adexa \u2013 Suurk\u00f6\u00f6giseadmed restoranidele ja toitlustusele\",\"isPartOf\":{\"@id\":\"https:\\\/\\\/adexa.ee\\\/#website\"},\"primaryImageOfPage\":{\"@id\":\"https:\\\/\\\/adexa.ee\\\/toode\\\/kaubanduslik-jaakuubikumasin-alalett-50kg-24h-roostevaba-teras-digitaalsed-juhtnupud-adexa-cim50\\\/#primaryimage\"},\"image\":{\"@id\":\"https:\\\/\\\/adexa.ee\\\/toode\\\/kaubanduslik-jaakuubikumasin-alalett-50kg-24h-roostevaba-teras-digitaalsed-juhtnupud-adexa-cim50\\\/#primaryimage\"},\"thumbnailUrl\":\"https:\\\/\\\/adexa.ee\\\/wp-content\\\/uploads\\\/2025\\\/05\\\/CIM50SSD.jpg\",\"datePublished\":\"2026-04-01T09:05:09+00:00\",\"dateModified\":\"2026-04-01T09:05:10+00:00\",\"breadcrumb\":{\"@id\":\"https:\\\/\\\/adexa.ee\\\/toode\\\/kaubanduslik-jaakuubikumasin-alalett-50kg-24h-roostevaba-teras-digitaalsed-juhtnupud-adexa-cim50\\\/#breadcrumb\"},\"inLanguage\":\"en-US\",\"potentialAction\":[{\"@type\":\"ReadAction\",\"target\":[\"https:\\\/\\\/adexa.ee\\\/toode\\\/kaubanduslik-jaakuubikumasin-alalett-50kg-24h-roostevaba-teras-digitaalsed-juhtnupud-adexa-cim50\\\/\"]}]},{\"@type\":\"ImageObject\",\"inLanguage\":\"en-US\",\"@id\":\"https:\\\/\\\/adexa.ee\\\/toode\\\/kaubanduslik-jaakuubikumasin-alalett-50kg-24h-roostevaba-teras-digitaalsed-juhtnupud-adexa-cim50\\\/#primaryimage\",\"url\":\"https:\\\/\\\/adexa.ee\\\/wp-content\\\/uploads\\\/2025\\\/05\\\/CIM50SSD.jpg\",\"contentUrl\":\"https:\\\/\\\/adexa.ee\\\/wp-content\\\/uploads\\\/2025\\\/05\\\/CIM50SSD.jpg\",\"width\":2000,\"height\":2000},{\"@type\":\"BreadcrumbList\",\"@id\":\"https:\\\/\\\/adexa.ee\\\/toode\\\/kaubanduslik-jaakuubikumasin-alalett-50kg-24h-roostevaba-teras-digitaalsed-juhtnupud-adexa-cim50\\\/#breadcrumb\",\"itemListElement\":[{\"@type\":\"ListItem\",\"position\":1,\"name\":\"Home\",\"item\":\"https:\\\/\\\/adexa.ee\\\/\"},{\"@type\":\"ListItem\",\"position\":2,\"name\":\"Tooted\",\"item\":\"https:\\\/\\\/adexa.ee\\\/pood\\\/\"},{\"@type\":\"ListItem\",\"position\":3,\"name\":\"Kaubanduslik j\u00e4\u00e4kuubikumasin Alalett 50kg\\\/24h Roostevaba teras Digitaalsed juhtnupud | Adexa CIM50\"}]},{\"@type\":\"WebSite\",\"@id\":\"https:\\\/\\\/adexa.ee\\\/#website\",\"url\":\"https:\\\/\\\/adexa.ee\\\/\",\"name\":\"Adexa\",\"description\":\"\",\"publisher\":{\"@id\":\"https:\\\/\\\/adexa.ee\\\/#organization\"},\"potentialAction\":[{\"@type\":\"SearchAction\",\"target\":{\"@type\":\"EntryPoint\",\"urlTemplate\":\"https:\\\/\\\/adexa.ee\\\/?s={search_term_string}\"},\"query-input\":{\"@type\":\"PropertyValueSpecification\",\"valueRequired\":true,\"valueName\":\"search_term_string\"}}],\"inLanguage\":\"en-US\"},{\"@type\":\"Organization\",\"@id\":\"https:\\\/\\\/adexa.ee\\\/#organization\",\"name\":\"Adexa\",\"url\":\"https:\\\/\\\/adexa.ee\\\/\",\"logo\":{\"@type\":\"ImageObject\",\"inLanguage\":\"en-US\",\"@id\":\"https:\\\/\\\/adexa.ee\\\/#\\\/schema\\\/logo\\\/image\\\/\",\"url\":\"https:\\\/\\\/adexa.ee\\\/wp-content\\\/uploads\\\/2024\\\/04\\\/chef-cooks-working-in-professional-kitchen-2023-11-27-05-07-39-utc-scaled.jpg\",\"contentUrl\":\"https:\\\/\\\/adexa.ee\\\/wp-content\\\/uploads\\\/2024\\\/04\\\/chef-cooks-working-in-professional-kitchen-2023-11-27-05-07-39-utc-scaled.jpg\",\"width\":2560,\"height\":1708,\"caption\":\"Adexa\"},\"image\":{\"@id\":\"https:\\\/\\\/adexa.ee\\\/#\\\/schema\\\/logo\\\/image\\\/\"}}]}<\/script>\n<!-- \/ Yoast SEO plugin. -->","yoast_head_json":{"title":"Kaubanduslik j\u00e4\u00e4kuubikumasin Alalett 50kg\/24h Roostevaba teras Digitaalsed juhtnupud | Adexa CIM50 - Adexa \u2013 Suurk\u00f6\u00f6giseadmed restoranidele ja toitlustusele","robots":{"index":"index","follow":"follow","max-snippet":"max-snippet:-1","max-image-preview":"max-image-preview:large","max-video-preview":"max-video-preview:-1"},"canonical":"https:\/\/adexa.ee\/toode\/kaubanduslik-jaakuubikumasin-alalett-50kg-24h-roostevaba-teras-digitaalsed-juhtnupud-adexa-cim50\/","og_locale":"en_US","og_type":"article","og_title":"Kaubanduslik j\u00e4\u00e4kuubikumasin Alalett 50kg\/24h Roostevaba teras Digitaalsed juhtnupud | Adexa CIM50 - Adexa \u2013 Suurk\u00f6\u00f6giseadmed restoranidele ja toitlustusele","og_description":"See j\u00e4\u00e4kuubikumasin pakub kogu vajaliku j\u00f5udluse ja usaldusv\u00e4\u00e4rsuse, et tagada teie klientidele v\u00f5i v\u00e4ljapanekutele pidev v\u00e4rske j\u00e4\u00e4 voog. Suudab toota","og_url":"https:\/\/adexa.ee\/toode\/kaubanduslik-jaakuubikumasin-alalett-50kg-24h-roostevaba-teras-digitaalsed-juhtnupud-adexa-cim50\/","og_site_name":"Adexa \u2013 Suurk\u00f6\u00f6giseadmed restoranidele ja toitlustusele","article_modified_time":"2026-04-01T09:05:10+00:00","og_image":[{"width":2000,"height":2000,"url":"https:\/\/adexa.ee\/wp-content\/uploads\/2025\/05\/CIM50SSD.jpg","type":"image\/jpeg"}],"twitter_card":"summary_large_image","twitter_misc":{"Est. reading time":"1 minute"},"schema":{"@context":"https:\/\/schema.org","@graph":[{"@type":"WebPage","@id":"https:\/\/adexa.ee\/toode\/kaubanduslik-jaakuubikumasin-alalett-50kg-24h-roostevaba-teras-digitaalsed-juhtnupud-adexa-cim50\/","url":"https:\/\/adexa.ee\/toode\/kaubanduslik-jaakuubikumasin-alalett-50kg-24h-roostevaba-teras-digitaalsed-juhtnupud-adexa-cim50\/","name":"Kaubanduslik j\u00e4\u00e4kuubikumasin Alalett 50kg\/24h Roostevaba teras Digitaalsed juhtnupud | Adexa CIM50 - Adexa \u2013 Suurk\u00f6\u00f6giseadmed restoranidele ja toitlustusele","isPartOf":{"@id":"https:\/\/adexa.ee\/#website"},"primaryImageOfPage":{"@id":"https:\/\/adexa.ee\/toode\/kaubanduslik-jaakuubikumasin-alalett-50kg-24h-roostevaba-teras-digitaalsed-juhtnupud-adexa-cim50\/#primaryimage"},"image":{"@id":"https:\/\/adexa.ee\/toode\/kaubanduslik-jaakuubikumasin-alalett-50kg-24h-roostevaba-teras-digitaalsed-juhtnupud-adexa-cim50\/#primaryimage"},"thumbnailUrl":"https:\/\/adexa.ee\/wp-content\/uploads\/2025\/05\/CIM50SSD.jpg","datePublished":"2026-04-01T09:05:09+00:00","dateModified":"2026-04-01T09:05:10+00:00","breadcrumb":{"@id":"https:\/\/adexa.ee\/toode\/kaubanduslik-jaakuubikumasin-alalett-50kg-24h-roostevaba-teras-digitaalsed-juhtnupud-adexa-cim50\/#breadcrumb"},"inLanguage":"en-US","potentialAction":[{"@type":"ReadAction","target":["https:\/\/adexa.ee\/toode\/kaubanduslik-jaakuubikumasin-alalett-50kg-24h-roostevaba-teras-digitaalsed-juhtnupud-adexa-cim50\/"]}]},{"@type":"ImageObject","inLanguage":"en-US","@id":"https:\/\/adexa.ee\/toode\/kaubanduslik-jaakuubikumasin-alalett-50kg-24h-roostevaba-teras-digitaalsed-juhtnupud-adexa-cim50\/#primaryimage","url":"https:\/\/adexa.ee\/wp-content\/uploads\/2025\/05\/CIM50SSD.jpg","contentUrl":"https:\/\/adexa.ee\/wp-content\/uploads\/2025\/05\/CIM50SSD.jpg","width":2000,"height":2000},{"@type":"BreadcrumbList","@id":"https:\/\/adexa.ee\/toode\/kaubanduslik-jaakuubikumasin-alalett-50kg-24h-roostevaba-teras-digitaalsed-juhtnupud-adexa-cim50\/#breadcrumb","itemListElement":[{"@type":"ListItem","position":1,"name":"Home","item":"https:\/\/adexa.ee\/"},{"@type":"ListItem","position":2,"name":"Tooted","item":"https:\/\/adexa.ee\/pood\/"},{"@type":"ListItem","position":3,"name":"Kaubanduslik j\u00e4\u00e4kuubikumasin Alalett 50kg\/24h Roostevaba teras Digitaalsed juhtnupud | Adexa CIM50"}]},{"@type":"WebSite","@id":"https:\/\/adexa.ee\/#website","url":"https:\/\/adexa.ee\/","name":"Adexa","description":"","publisher":{"@id":"https:\/\/adexa.ee\/#organization"},"potentialAction":[{"@type":"SearchAction","target":{"@type":"EntryPoint","urlTemplate":"https:\/\/adexa.ee\/?s={search_term_string}"},"query-input":{"@type":"PropertyValueSpecification","valueRequired":true,"valueName":"search_term_string"}}],"inLanguage":"en-US"},{"@type":"Organization","@id":"https:\/\/adexa.ee\/#organization","name":"Adexa","url":"https:\/\/adexa.ee\/","logo":{"@type":"ImageObject","inLanguage":"en-US","@id":"https:\/\/adexa.ee\/#\/schema\/logo\/image\/","url":"https:\/\/adexa.ee\/wp-content\/uploads\/2024\/04\/chef-cooks-working-in-professional-kitchen-2023-11-27-05-07-39-utc-scaled.jpg","contentUrl":"https:\/\/adexa.ee\/wp-content\/uploads\/2024\/04\/chef-cooks-working-in-professional-kitchen-2023-11-27-05-07-39-utc-scaled.jpg","width":2560,"height":1708,"caption":"Adexa"},"image":{"@id":"https:\/\/adexa.ee\/#\/schema\/logo\/image\/"}}]}},"_links":{"self":[{"href":"https:\/\/adexa.ee\/en\/wp-json\/wp\/v2\/product\/10196","targetHints":{"allow":["GET"]}}],"collection":[{"href":"https:\/\/adexa.ee\/en\/wp-json\/wp\/v2\/product"}],"about":[{"href":"https:\/\/adexa.ee\/en\/wp-json\/wp\/v2\/types\/product"}],"wp:featuredmedia":[{"embeddable":true,"href":"https:\/\/adexa.ee\/en\/wp-json\/wp\/v2\/media\/32852"}],"wp:attachment":[{"href":"https:\/\/adexa.ee\/en\/wp-json\/wp\/v2\/media?parent=10196"}],"wp:term":[{"taxonomy":"product_brand","embeddable":true,"href":"https:\/\/adexa.ee\/en\/wp-json\/wp\/v2\/product_brand?post=10196"},{"taxonomy":"product_cat","embeddable":true,"href":"https:\/\/adexa.ee\/en\/wp-json\/wp\/v2\/product_cat?post=10196"},{"taxonomy":"product_tag","embeddable":true,"href":"https:\/\/adexa.ee\/en\/wp-json\/wp\/v2\/product_tag?post=10196"}],"curies":[{"name":"wp","href":"https:\/\/api.w.org\/{rel}","templated":true}]}}