{"id":10209,"date":"2026-03-26T09:05:32","date_gmt":"2026-03-26T07:05:32","guid":{"rendered":"https:\/\/adexa.ee\/toode\/kaubanduslik-maitseaine-kastmepump-dispenser-4x2-liitrine-roostevaba-teras-adexa-nhp004\/"},"modified":"2026-03-26T09:05:35","modified_gmt":"2026-03-26T07:05:35","slug":"maitseaine-kastmepump-dispenser-4x2-liitrine-roostevaba-teras-adexa-nhp004","status":"publish","type":"product","link":"https:\/\/adexa.ee\/en\/toode\/maitseaine-kastmepump-dispenser-4x2-liitrine-roostevaba-teras-adexa-nhp004\/","title":{"rendered":"Maitseaine-\/Kastmepump-Dispenser 4X2-Liitrine Roostevaba Teras | Adexa Nhp004"},"content":{"rendered":"<p>Korraldage ja hoidke maitseaineid oma m\u00fc\u00fcgikioskis, sn\u00e4kibaaris v\u00f5i j\u00e4\u00e4tisesalongis selle maitseaine-dispenseriga! See dispenser on ideaalne hot dogide, hamburgerite ja magustoitude katete, samuti majoneesi, sinepi v\u00f5i ket\u0161upi hoidmiseks. Lisafunktsionaalsuse ja portsjonikontrolli tagamiseks saab roostevabast terasest pumbaid reguleerida nii, et need jagaksid erinevaid koguseid \u00fche pumba kohta. See dispenserikomplekt on valmistatud vastupidavast roostevabast terasest ja toiduga kokkupuutumiseks sobivast plastikust, tagades pikaajalise kasutuse ja lihtsa puhastamise h\u00f5ivatud toiduainetet\u00f6\u00f6stuse keskkondades.<\/p>\n<table style=\"border-collapse: collapse; width: 100%; text-align: left;\">\n<tbody>\n<tr>\n<td style=\"border: 1px solid #ddd; padding: 8px; width: 45%;\"><strong>S\u00fcgavus<\/strong><\/td>\n<td style=\"border: 1px solid #ddd; padding: 8px;\">200 mm<\/td>\n<\/tr>\n<tr>\n<td style=\"border: 1px solid #ddd; padding: 8px; width: 45%;\"><strong>K\u00f5rgus<\/strong><\/td>\n<td style=\"border: 1px solid #ddd; padding: 8px;\">320 mm<\/td>\n<\/tr>\n<tr>\n<td style=\"border: 1px solid #ddd; padding: 8px; width: 45%;\"><strong>Laius<\/strong><\/td>\n<td style=\"border: 1px solid #ddd; padding: 8px;\">470 mm<\/td>\n<\/tr>\n<tr>\n<td style=\"border: 1px solid #ddd; padding: 8px; width: 45%;\"><strong>Mahutavus<\/strong><\/td>\n<td style=\"border: 1px solid #ddd; padding: 8px;\">4 x 2 liitrit<\/td>\n<\/tr>\n<tr>\n<td style=\"border: 1px solid #ddd; padding: 8px; width: 45%;\"><strong>Materjal<\/strong><\/td>\n<td style=\"border: 1px solid #ddd; padding: 8px;\">Roostevaba teras \/ Plastik<\/td>\n<\/tr>\n<\/tbody>\n<\/table>\n","protected":false},"excerpt":{"rendered":"<p>Korraldage ja hoidke maitseaineid oma m\u00fc\u00fcgikioskis, sn\u00e4kibaaris v\u00f5i j\u00e4\u00e4tisesalongis selle maitseaine-dispenseriga! See dispenser on ideaalne hot dogide, hamburgerite ja magustoitude<\/p>\n","protected":false},"featured_media":10212,"template":"","meta":[],"product_brand":[],"product_cat":[682,579],"product_tag":[],"class_list":{"0":"post-10209","1":"product","2":"type-product","3":"status-publish","4":"has-post-thumbnail","6":"product_cat-dosaatorid-kastmepudelid-ja-kastmete-anumad","7":"product_cat-koogitarbed-noud","9":"first","10":"instock","11":"sale","12":"taxable","13":"shipping-taxable","14":"purchasable","15":"product-type-simple"},"yoast_head":"<!-- This site is optimized with the Yoast SEO plugin v27.3 - https:\/\/yoast.com\/product\/yoast-seo-wordpress\/ -->\n<title>Maitseaine-\/Kastmepump-Dispenser 4X2-Liitrine Roostevaba Teras | Adexa Nhp004 - Adexa \u2013 Suurk\u00f6\u00f6giseadmed restoranidele ja toitlustusele<\/title>\n<meta name=\"robots\" content=\"index, follow, max-snippet:-1, max-image-preview:large, max-video-preview:-1\" \/>\n<link rel=\"canonical\" href=\"https:\/\/adexa.ee\/toode\/maitseaine-kastmepump-dispenser-4x2-liitrine-roostevaba-teras-adexa-nhp004\/\" \/>\n<meta property=\"og:locale\" content=\"en_US\" \/>\n<meta property=\"og:type\" content=\"article\" \/>\n<meta property=\"og:title\" content=\"Maitseaine-\/Kastmepump-Dispenser 4X2-Liitrine Roostevaba Teras | Adexa Nhp004 - Adexa \u2013 Suurk\u00f6\u00f6giseadmed restoranidele ja toitlustusele\" \/>\n<meta property=\"og:description\" content=\"Korraldage ja hoidke maitseaineid oma m\u00fc\u00fcgikioskis, sn\u00e4kibaaris v\u00f5i j\u00e4\u00e4tisesalongis selle maitseaine-dispenseriga! See dispenser on ideaalne hot dogide, hamburgerite ja magustoitude\" \/>\n<meta property=\"og:url\" content=\"https:\/\/adexa.ee\/toode\/maitseaine-kastmepump-dispenser-4x2-liitrine-roostevaba-teras-adexa-nhp004\/\" \/>\n<meta property=\"og:site_name\" content=\"Adexa \u2013 Suurk\u00f6\u00f6giseadmed restoranidele ja toitlustusele\" \/>\n<meta property=\"article:modified_time\" content=\"2026-03-26T07:05:35+00:00\" \/>\n<meta property=\"og:image\" content=\"https:\/\/adexa.ee\/wp-content\/uploads\/2024\/12\/NHP004-.jpg\" \/>\n\t<meta property=\"og:image:width\" content=\"2000\" \/>\n\t<meta property=\"og:image:height\" content=\"2000\" \/>\n\t<meta property=\"og:image:type\" content=\"image\/jpeg\" \/>\n<meta name=\"twitter:card\" content=\"summary_large_image\" \/>\n<script type=\"application\/ld+json\" class=\"yoast-schema-graph\">{\"@context\":\"https:\\\/\\\/schema.org\",\"@graph\":[{\"@type\":\"WebPage\",\"@id\":\"https:\\\/\\\/adexa.ee\\\/toode\\\/maitseaine-kastmepump-dispenser-4x2-liitrine-roostevaba-teras-adexa-nhp004\\\/\",\"url\":\"https:\\\/\\\/adexa.ee\\\/toode\\\/maitseaine-kastmepump-dispenser-4x2-liitrine-roostevaba-teras-adexa-nhp004\\\/\",\"name\":\"Maitseaine-\\\/Kastmepump-Dispenser 4X2-Liitrine Roostevaba Teras | Adexa Nhp004 - Adexa \u2013 Suurk\u00f6\u00f6giseadmed restoranidele ja toitlustusele\",\"isPartOf\":{\"@id\":\"https:\\\/\\\/adexa.ee\\\/#website\"},\"primaryImageOfPage\":{\"@id\":\"https:\\\/\\\/adexa.ee\\\/toode\\\/maitseaine-kastmepump-dispenser-4x2-liitrine-roostevaba-teras-adexa-nhp004\\\/#primaryimage\"},\"image\":{\"@id\":\"https:\\\/\\\/adexa.ee\\\/toode\\\/maitseaine-kastmepump-dispenser-4x2-liitrine-roostevaba-teras-adexa-nhp004\\\/#primaryimage\"},\"thumbnailUrl\":\"https:\\\/\\\/adexa.ee\\\/wp-content\\\/uploads\\\/2024\\\/12\\\/NHP004-.jpg\",\"datePublished\":\"2026-03-26T07:05:32+00:00\",\"dateModified\":\"2026-03-26T07:05:35+00:00\",\"breadcrumb\":{\"@id\":\"https:\\\/\\\/adexa.ee\\\/toode\\\/maitseaine-kastmepump-dispenser-4x2-liitrine-roostevaba-teras-adexa-nhp004\\\/#breadcrumb\"},\"inLanguage\":\"en-US\",\"potentialAction\":[{\"@type\":\"ReadAction\",\"target\":[\"https:\\\/\\\/adexa.ee\\\/toode\\\/maitseaine-kastmepump-dispenser-4x2-liitrine-roostevaba-teras-adexa-nhp004\\\/\"]}]},{\"@type\":\"ImageObject\",\"inLanguage\":\"en-US\",\"@id\":\"https:\\\/\\\/adexa.ee\\\/toode\\\/maitseaine-kastmepump-dispenser-4x2-liitrine-roostevaba-teras-adexa-nhp004\\\/#primaryimage\",\"url\":\"https:\\\/\\\/adexa.ee\\\/wp-content\\\/uploads\\\/2024\\\/12\\\/NHP004-.jpg\",\"contentUrl\":\"https:\\\/\\\/adexa.ee\\\/wp-content\\\/uploads\\\/2024\\\/12\\\/NHP004-.jpg\",\"width\":2000,\"height\":2000},{\"@type\":\"BreadcrumbList\",\"@id\":\"https:\\\/\\\/adexa.ee\\\/toode\\\/maitseaine-kastmepump-dispenser-4x2-liitrine-roostevaba-teras-adexa-nhp004\\\/#breadcrumb\",\"itemListElement\":[{\"@type\":\"ListItem\",\"position\":1,\"name\":\"Home\",\"item\":\"https:\\\/\\\/adexa.ee\\\/\"},{\"@type\":\"ListItem\",\"position\":2,\"name\":\"Tooted\",\"item\":\"https:\\\/\\\/adexa.ee\\\/pood\\\/\"},{\"@type\":\"ListItem\",\"position\":3,\"name\":\"Maitseaine-\\\/Kastmepump-Dispenser 4X2-Liitrine Roostevaba Teras | Adexa Nhp004\"}]},{\"@type\":\"WebSite\",\"@id\":\"https:\\\/\\\/adexa.ee\\\/#website\",\"url\":\"https:\\\/\\\/adexa.ee\\\/\",\"name\":\"Adexa\",\"description\":\"\",\"publisher\":{\"@id\":\"https:\\\/\\\/adexa.ee\\\/#organization\"},\"potentialAction\":[{\"@type\":\"SearchAction\",\"target\":{\"@type\":\"EntryPoint\",\"urlTemplate\":\"https:\\\/\\\/adexa.ee\\\/?s={search_term_string}\"},\"query-input\":{\"@type\":\"PropertyValueSpecification\",\"valueRequired\":true,\"valueName\":\"search_term_string\"}}],\"inLanguage\":\"en-US\"},{\"@type\":\"Organization\",\"@id\":\"https:\\\/\\\/adexa.ee\\\/#organization\",\"name\":\"Adexa\",\"url\":\"https:\\\/\\\/adexa.ee\\\/\",\"logo\":{\"@type\":\"ImageObject\",\"inLanguage\":\"en-US\",\"@id\":\"https:\\\/\\\/adexa.ee\\\/#\\\/schema\\\/logo\\\/image\\\/\",\"url\":\"https:\\\/\\\/adexa.ee\\\/wp-content\\\/uploads\\\/2024\\\/04\\\/chef-cooks-working-in-professional-kitchen-2023-11-27-05-07-39-utc-scaled.jpg\",\"contentUrl\":\"https:\\\/\\\/adexa.ee\\\/wp-content\\\/uploads\\\/2024\\\/04\\\/chef-cooks-working-in-professional-kitchen-2023-11-27-05-07-39-utc-scaled.jpg\",\"width\":2560,\"height\":1708,\"caption\":\"Adexa\"},\"image\":{\"@id\":\"https:\\\/\\\/adexa.ee\\\/#\\\/schema\\\/logo\\\/image\\\/\"}}]}<\/script>\n<!-- \/ Yoast SEO plugin. -->","yoast_head_json":{"title":"Maitseaine-\/Kastmepump-Dispenser 4X2-Liitrine Roostevaba Teras | Adexa Nhp004 - Adexa \u2013 Suurk\u00f6\u00f6giseadmed restoranidele ja toitlustusele","robots":{"index":"index","follow":"follow","max-snippet":"max-snippet:-1","max-image-preview":"max-image-preview:large","max-video-preview":"max-video-preview:-1"},"canonical":"https:\/\/adexa.ee\/toode\/maitseaine-kastmepump-dispenser-4x2-liitrine-roostevaba-teras-adexa-nhp004\/","og_locale":"en_US","og_type":"article","og_title":"Maitseaine-\/Kastmepump-Dispenser 4X2-Liitrine Roostevaba Teras | Adexa Nhp004 - Adexa \u2013 Suurk\u00f6\u00f6giseadmed restoranidele ja toitlustusele","og_description":"Korraldage ja hoidke maitseaineid oma m\u00fc\u00fcgikioskis, sn\u00e4kibaaris v\u00f5i j\u00e4\u00e4tisesalongis selle maitseaine-dispenseriga! See dispenser on ideaalne hot dogide, hamburgerite ja magustoitude","og_url":"https:\/\/adexa.ee\/toode\/maitseaine-kastmepump-dispenser-4x2-liitrine-roostevaba-teras-adexa-nhp004\/","og_site_name":"Adexa \u2013 Suurk\u00f6\u00f6giseadmed restoranidele ja toitlustusele","article_modified_time":"2026-03-26T07:05:35+00:00","og_image":[{"width":2000,"height":2000,"url":"https:\/\/adexa.ee\/wp-content\/uploads\/2024\/12\/NHP004-.jpg","type":"image\/jpeg"}],"twitter_card":"summary_large_image","schema":{"@context":"https:\/\/schema.org","@graph":[{"@type":"WebPage","@id":"https:\/\/adexa.ee\/toode\/maitseaine-kastmepump-dispenser-4x2-liitrine-roostevaba-teras-adexa-nhp004\/","url":"https:\/\/adexa.ee\/toode\/maitseaine-kastmepump-dispenser-4x2-liitrine-roostevaba-teras-adexa-nhp004\/","name":"Maitseaine-\/Kastmepump-Dispenser 4X2-Liitrine Roostevaba Teras | Adexa Nhp004 - Adexa \u2013 Suurk\u00f6\u00f6giseadmed restoranidele ja toitlustusele","isPartOf":{"@id":"https:\/\/adexa.ee\/#website"},"primaryImageOfPage":{"@id":"https:\/\/adexa.ee\/toode\/maitseaine-kastmepump-dispenser-4x2-liitrine-roostevaba-teras-adexa-nhp004\/#primaryimage"},"image":{"@id":"https:\/\/adexa.ee\/toode\/maitseaine-kastmepump-dispenser-4x2-liitrine-roostevaba-teras-adexa-nhp004\/#primaryimage"},"thumbnailUrl":"https:\/\/adexa.ee\/wp-content\/uploads\/2024\/12\/NHP004-.jpg","datePublished":"2026-03-26T07:05:32+00:00","dateModified":"2026-03-26T07:05:35+00:00","breadcrumb":{"@id":"https:\/\/adexa.ee\/toode\/maitseaine-kastmepump-dispenser-4x2-liitrine-roostevaba-teras-adexa-nhp004\/#breadcrumb"},"inLanguage":"en-US","potentialAction":[{"@type":"ReadAction","target":["https:\/\/adexa.ee\/toode\/maitseaine-kastmepump-dispenser-4x2-liitrine-roostevaba-teras-adexa-nhp004\/"]}]},{"@type":"ImageObject","inLanguage":"en-US","@id":"https:\/\/adexa.ee\/toode\/maitseaine-kastmepump-dispenser-4x2-liitrine-roostevaba-teras-adexa-nhp004\/#primaryimage","url":"https:\/\/adexa.ee\/wp-content\/uploads\/2024\/12\/NHP004-.jpg","contentUrl":"https:\/\/adexa.ee\/wp-content\/uploads\/2024\/12\/NHP004-.jpg","width":2000,"height":2000},{"@type":"BreadcrumbList","@id":"https:\/\/adexa.ee\/toode\/maitseaine-kastmepump-dispenser-4x2-liitrine-roostevaba-teras-adexa-nhp004\/#breadcrumb","itemListElement":[{"@type":"ListItem","position":1,"name":"Home","item":"https:\/\/adexa.ee\/"},{"@type":"ListItem","position":2,"name":"Tooted","item":"https:\/\/adexa.ee\/pood\/"},{"@type":"ListItem","position":3,"name":"Maitseaine-\/Kastmepump-Dispenser 4X2-Liitrine Roostevaba Teras | Adexa Nhp004"}]},{"@type":"WebSite","@id":"https:\/\/adexa.ee\/#website","url":"https:\/\/adexa.ee\/","name":"Adexa","description":"","publisher":{"@id":"https:\/\/adexa.ee\/#organization"},"potentialAction":[{"@type":"SearchAction","target":{"@type":"EntryPoint","urlTemplate":"https:\/\/adexa.ee\/?s={search_term_string}"},"query-input":{"@type":"PropertyValueSpecification","valueRequired":true,"valueName":"search_term_string"}}],"inLanguage":"en-US"},{"@type":"Organization","@id":"https:\/\/adexa.ee\/#organization","name":"Adexa","url":"https:\/\/adexa.ee\/","logo":{"@type":"ImageObject","inLanguage":"en-US","@id":"https:\/\/adexa.ee\/#\/schema\/logo\/image\/","url":"https:\/\/adexa.ee\/wp-content\/uploads\/2024\/04\/chef-cooks-working-in-professional-kitchen-2023-11-27-05-07-39-utc-scaled.jpg","contentUrl":"https:\/\/adexa.ee\/wp-content\/uploads\/2024\/04\/chef-cooks-working-in-professional-kitchen-2023-11-27-05-07-39-utc-scaled.jpg","width":2560,"height":1708,"caption":"Adexa"},"image":{"@id":"https:\/\/adexa.ee\/#\/schema\/logo\/image\/"}}]}},"_links":{"self":[{"href":"https:\/\/adexa.ee\/en\/wp-json\/wp\/v2\/product\/10209","targetHints":{"allow":["GET"]}}],"collection":[{"href":"https:\/\/adexa.ee\/en\/wp-json\/wp\/v2\/product"}],"about":[{"href":"https:\/\/adexa.ee\/en\/wp-json\/wp\/v2\/types\/product"}],"wp:featuredmedia":[{"embeddable":true,"href":"https:\/\/adexa.ee\/en\/wp-json\/wp\/v2\/media\/10212"}],"wp:attachment":[{"href":"https:\/\/adexa.ee\/en\/wp-json\/wp\/v2\/media?parent=10209"}],"wp:term":[{"taxonomy":"product_brand","embeddable":true,"href":"https:\/\/adexa.ee\/en\/wp-json\/wp\/v2\/product_brand?post=10209"},{"taxonomy":"product_cat","embeddable":true,"href":"https:\/\/adexa.ee\/en\/wp-json\/wp\/v2\/product_cat?post=10209"},{"taxonomy":"product_tag","embeddable":true,"href":"https:\/\/adexa.ee\/en\/wp-json\/wp\/v2\/product_tag?post=10209"}],"curies":[{"name":"wp","href":"https:\/\/api.w.org\/{rel}","templated":true}]}}