{"id":10223,"date":"2026-03-30T23:35:07","date_gmt":"2026-03-30T20:35:07","guid":{"rendered":"https:\/\/adexa.ee\/toode\/kaubanduslik-teenindus-serveerimis-koristuskaru-kapiga-roostevaba-teras-3-tasandit-860x540x940mm-adexa-rst3ac\/"},"modified":"2026-03-30T23:35:08","modified_gmt":"2026-03-30T20:35:08","slug":"teenindus-serveerimis-koristuskaru-kapiga-roostevaba-teras-3-tasandit-860x540x940mm-adexa-rst3ac","status":"publish","type":"product","link":"https:\/\/adexa.ee\/en\/toode\/teenindus-serveerimis-koristuskaru-kapiga-roostevaba-teras-3-tasandit-860x540x940mm-adexa-rst3ac\/","title":{"rendered":"Teenindus-\/Serveerimis-\/Koristusk\u00e4ru Kapiga Roostevaba Teras 3 Tasandit 860X540X940Mm | Adexa Rst3Ac"},"content":{"rendered":"<p>See serveerimisk\u00e4ru kolme tugeva lauapinnaga sobib ideaalselt igasse keskkonda. T\u00e4nu oma tugevale konstruktsioonile on see eriti sobiv kasutamiseks s\u00f6\u00f6klates, suurk\u00f6\u00f6kides, restoranides, avalikes asutustes, aga ka erasektoris. Selle abil muutub toitude v\u00f5i jookide serveerimine v\u00f5i laudade koristamine ning n\u00f5ude k\u00f6\u00f6ki viimine lihtsaks. See roostevabast terasest k\u00e4ru on erakordselt vastupidav ja lihtne puhastada. M\u00f5\u00f5tmed:&nbsp;860x540x940mm3 tasandit\u00dcmarad torud mugavaks haaramiseksToodetakse lahtiv\u00f5etuna &#8211; lihtne ise kokku pannaDokumendidKl\u00f5psake siia, et laadida alla kokkupaneku juhised\u00dcksikasjalikku teavet leiate jaotises &#8220;Spetsifikatsioon&#8221;.<\/p>\n<table style=\"border-collapse: collapse; width: 100%; text-align: left;\">\n<tbody>\n<tr>\n<td style=\"border: 1px solid #ddd; padding: 8px; width: 45%;\"><strong>S\u00fcgavus<\/strong><\/td>\n<td style=\"border: 1px solid #ddd; padding: 8px;\">540mm<\/td>\n<\/tr>\n<tr>\n<td style=\"border: 1px solid #ddd; padding: 8px; width: 45%;\"><strong>K\u00f5rgus<\/strong><\/td>\n<td style=\"border: 1px solid #ddd; padding: 8px;\">940mm<\/td>\n<\/tr>\n<tr>\n<td style=\"border: 1px solid #ddd; padding: 8px; width: 45%;\"><strong>Laius<\/strong><\/td>\n<td style=\"border: 1px solid #ddd; padding: 8px;\">860mm<\/td>\n<\/tr>\n<tr>\n<td style=\"border: 1px solid #ddd; padding: 8px; width: 45%;\"><strong>Kaal<\/strong><\/td>\n<td style=\"border: 1px solid #ddd; padding: 8px;\">22kg<\/td>\n<\/tr>\n<tr>\n<td style=\"border: 1px solid #ddd; padding: 8px; width: 45%;\"><strong>Garantii<\/strong><\/td>\n<td style=\"border: 1px solid #ddd; padding: 8px;\">12 kuu varuosade garantii<\/td>\n<\/tr>\n<tr>\n<td style=\"border: 1px solid #ddd; padding: 8px; width: 45%;\"><strong>Mahutavus<\/strong><\/td>\n<td style=\"border: 1px solid #ddd; padding: 8px;\">150kg<\/td>\n<\/tr>\n<tr>\n<td style=\"border: 1px solid #ddd; padding: 8px; width: 45%;\"><strong>Rullikud<\/strong><\/td>\n<td style=\"border: 1px solid #ddd; padding: 8px;\">Piduritega<\/td>\n<\/tr>\n<tr>\n<td style=\"border: 1px solid #ddd; padding: 8px; width: 45%;\"><strong>Materjal<\/strong><\/td>\n<td style=\"border: 1px solid #ddd; padding: 8px;\">Roostevaba teras<\/td>\n<\/tr>\n<tr>\n<td style=\"border: 1px solid #ddd; padding: 8px; width: 45%;\"><strong>Tasemed<\/strong><\/td>\n<td style=\"border: 1px solid #ddd; padding: 8px;\">3<\/td>\n<\/tr>\n<\/tbody>\n<\/table>\n","protected":false},"excerpt":{"rendered":"<p>See serveerimisk\u00e4ru kolme tugeva lauapinnaga sobib ideaalselt igasse keskkonda. T\u00e4nu oma tugevale konstruktsioonile on see eriti sobiv kasutamiseks s\u00f6\u00f6klates, suurk\u00f6\u00f6kides,<\/p>\n","protected":false},"featured_media":10225,"template":"","meta":[],"product_brand":[],"product_cat":[623,569,572],"product_tag":[],"class_list":{"0":"post-10223","1":"product","2":"type-product","3":"status-publish","4":"has-post-thumbnail","6":"product_cat-karud","7":"product_cat-lopumuuk","8":"product_cat-roostevabad-tooted","10":"first","11":"instock","12":"sale","13":"taxable","14":"shipping-taxable","15":"purchasable","16":"product-type-simple"},"yoast_head":"<!-- This site is optimized with the Yoast SEO plugin v27.3 - https:\/\/yoast.com\/product\/yoast-seo-wordpress\/ -->\n<title>Teenindus-\/Serveerimis-\/Koristusk\u00e4ru Kapiga Roostevaba Teras 3 Tasandit 860X540X940Mm | Adexa Rst3Ac - Adexa \u2013 Suurk\u00f6\u00f6giseadmed restoranidele ja toitlustusele<\/title>\n<meta name=\"robots\" content=\"index, follow, max-snippet:-1, max-image-preview:large, max-video-preview:-1\" \/>\n<link rel=\"canonical\" href=\"https:\/\/adexa.ee\/toode\/teenindus-serveerimis-koristuskaru-kapiga-roostevaba-teras-3-tasandit-860x540x940mm-adexa-rst3ac\/\" \/>\n<meta property=\"og:locale\" content=\"en_US\" \/>\n<meta property=\"og:type\" content=\"article\" \/>\n<meta property=\"og:title\" content=\"Teenindus-\/Serveerimis-\/Koristusk\u00e4ru Kapiga Roostevaba Teras 3 Tasandit 860X540X940Mm | Adexa Rst3Ac - Adexa \u2013 Suurk\u00f6\u00f6giseadmed restoranidele ja toitlustusele\" \/>\n<meta property=\"og:description\" content=\"See serveerimisk\u00e4ru kolme tugeva lauapinnaga sobib ideaalselt igasse keskkonda. T\u00e4nu oma tugevale konstruktsioonile on see eriti sobiv kasutamiseks s\u00f6\u00f6klates, suurk\u00f6\u00f6kides,\" \/>\n<meta property=\"og:url\" content=\"https:\/\/adexa.ee\/toode\/teenindus-serveerimis-koristuskaru-kapiga-roostevaba-teras-3-tasandit-860x540x940mm-adexa-rst3ac\/\" \/>\n<meta property=\"og:site_name\" content=\"Adexa \u2013 Suurk\u00f6\u00f6giseadmed restoranidele ja toitlustusele\" \/>\n<meta property=\"article:modified_time\" content=\"2026-03-30T20:35:08+00:00\" \/>\n<meta property=\"og:image\" content=\"https:\/\/adexa.ee\/wp-content\/uploads\/2024\/12\/RST3AC.jpg\" \/>\n\t<meta property=\"og:image:width\" content=\"2000\" \/>\n\t<meta property=\"og:image:height\" content=\"2000\" \/>\n\t<meta property=\"og:image:type\" content=\"image\/jpeg\" \/>\n<meta name=\"twitter:card\" content=\"summary_large_image\" \/>\n<meta name=\"twitter:label1\" content=\"Est. reading time\" \/>\n\t<meta name=\"twitter:data1\" content=\"1 minute\" \/>\n<script type=\"application\/ld+json\" class=\"yoast-schema-graph\">{\"@context\":\"https:\\\/\\\/schema.org\",\"@graph\":[{\"@type\":\"WebPage\",\"@id\":\"https:\\\/\\\/adexa.ee\\\/toode\\\/teenindus-serveerimis-koristuskaru-kapiga-roostevaba-teras-3-tasandit-860x540x940mm-adexa-rst3ac\\\/\",\"url\":\"https:\\\/\\\/adexa.ee\\\/toode\\\/teenindus-serveerimis-koristuskaru-kapiga-roostevaba-teras-3-tasandit-860x540x940mm-adexa-rst3ac\\\/\",\"name\":\"Teenindus-\\\/Serveerimis-\\\/Koristusk\u00e4ru Kapiga Roostevaba Teras 3 Tasandit 860X540X940Mm | Adexa Rst3Ac - Adexa \u2013 Suurk\u00f6\u00f6giseadmed restoranidele ja toitlustusele\",\"isPartOf\":{\"@id\":\"https:\\\/\\\/adexa.ee\\\/#website\"},\"primaryImageOfPage\":{\"@id\":\"https:\\\/\\\/adexa.ee\\\/toode\\\/teenindus-serveerimis-koristuskaru-kapiga-roostevaba-teras-3-tasandit-860x540x940mm-adexa-rst3ac\\\/#primaryimage\"},\"image\":{\"@id\":\"https:\\\/\\\/adexa.ee\\\/toode\\\/teenindus-serveerimis-koristuskaru-kapiga-roostevaba-teras-3-tasandit-860x540x940mm-adexa-rst3ac\\\/#primaryimage\"},\"thumbnailUrl\":\"https:\\\/\\\/adexa.ee\\\/wp-content\\\/uploads\\\/2024\\\/12\\\/RST3AC.jpg\",\"datePublished\":\"2026-03-30T20:35:07+00:00\",\"dateModified\":\"2026-03-30T20:35:08+00:00\",\"breadcrumb\":{\"@id\":\"https:\\\/\\\/adexa.ee\\\/toode\\\/teenindus-serveerimis-koristuskaru-kapiga-roostevaba-teras-3-tasandit-860x540x940mm-adexa-rst3ac\\\/#breadcrumb\"},\"inLanguage\":\"en-US\",\"potentialAction\":[{\"@type\":\"ReadAction\",\"target\":[\"https:\\\/\\\/adexa.ee\\\/toode\\\/teenindus-serveerimis-koristuskaru-kapiga-roostevaba-teras-3-tasandit-860x540x940mm-adexa-rst3ac\\\/\"]}]},{\"@type\":\"ImageObject\",\"inLanguage\":\"en-US\",\"@id\":\"https:\\\/\\\/adexa.ee\\\/toode\\\/teenindus-serveerimis-koristuskaru-kapiga-roostevaba-teras-3-tasandit-860x540x940mm-adexa-rst3ac\\\/#primaryimage\",\"url\":\"https:\\\/\\\/adexa.ee\\\/wp-content\\\/uploads\\\/2024\\\/12\\\/RST3AC.jpg\",\"contentUrl\":\"https:\\\/\\\/adexa.ee\\\/wp-content\\\/uploads\\\/2024\\\/12\\\/RST3AC.jpg\",\"width\":2000,\"height\":2000},{\"@type\":\"BreadcrumbList\",\"@id\":\"https:\\\/\\\/adexa.ee\\\/toode\\\/teenindus-serveerimis-koristuskaru-kapiga-roostevaba-teras-3-tasandit-860x540x940mm-adexa-rst3ac\\\/#breadcrumb\",\"itemListElement\":[{\"@type\":\"ListItem\",\"position\":1,\"name\":\"Home\",\"item\":\"https:\\\/\\\/adexa.ee\\\/\"},{\"@type\":\"ListItem\",\"position\":2,\"name\":\"Tooted\",\"item\":\"https:\\\/\\\/adexa.ee\\\/pood\\\/\"},{\"@type\":\"ListItem\",\"position\":3,\"name\":\"Teenindus-\\\/Serveerimis-\\\/Koristusk\u00e4ru Kapiga Roostevaba Teras 3 Tasandit 860X540X940Mm | Adexa Rst3Ac\"}]},{\"@type\":\"WebSite\",\"@id\":\"https:\\\/\\\/adexa.ee\\\/#website\",\"url\":\"https:\\\/\\\/adexa.ee\\\/\",\"name\":\"Adexa\",\"description\":\"\",\"publisher\":{\"@id\":\"https:\\\/\\\/adexa.ee\\\/#organization\"},\"potentialAction\":[{\"@type\":\"SearchAction\",\"target\":{\"@type\":\"EntryPoint\",\"urlTemplate\":\"https:\\\/\\\/adexa.ee\\\/?s={search_term_string}\"},\"query-input\":{\"@type\":\"PropertyValueSpecification\",\"valueRequired\":true,\"valueName\":\"search_term_string\"}}],\"inLanguage\":\"en-US\"},{\"@type\":\"Organization\",\"@id\":\"https:\\\/\\\/adexa.ee\\\/#organization\",\"name\":\"Adexa\",\"url\":\"https:\\\/\\\/adexa.ee\\\/\",\"logo\":{\"@type\":\"ImageObject\",\"inLanguage\":\"en-US\",\"@id\":\"https:\\\/\\\/adexa.ee\\\/#\\\/schema\\\/logo\\\/image\\\/\",\"url\":\"https:\\\/\\\/adexa.ee\\\/wp-content\\\/uploads\\\/2024\\\/04\\\/chef-cooks-working-in-professional-kitchen-2023-11-27-05-07-39-utc-scaled.jpg\",\"contentUrl\":\"https:\\\/\\\/adexa.ee\\\/wp-content\\\/uploads\\\/2024\\\/04\\\/chef-cooks-working-in-professional-kitchen-2023-11-27-05-07-39-utc-scaled.jpg\",\"width\":2560,\"height\":1708,\"caption\":\"Adexa\"},\"image\":{\"@id\":\"https:\\\/\\\/adexa.ee\\\/#\\\/schema\\\/logo\\\/image\\\/\"}}]}<\/script>\n<!-- \/ Yoast SEO plugin. -->","yoast_head_json":{"title":"Teenindus-\/Serveerimis-\/Koristusk\u00e4ru Kapiga Roostevaba Teras 3 Tasandit 860X540X940Mm | Adexa Rst3Ac - Adexa \u2013 Suurk\u00f6\u00f6giseadmed restoranidele ja toitlustusele","robots":{"index":"index","follow":"follow","max-snippet":"max-snippet:-1","max-image-preview":"max-image-preview:large","max-video-preview":"max-video-preview:-1"},"canonical":"https:\/\/adexa.ee\/toode\/teenindus-serveerimis-koristuskaru-kapiga-roostevaba-teras-3-tasandit-860x540x940mm-adexa-rst3ac\/","og_locale":"en_US","og_type":"article","og_title":"Teenindus-\/Serveerimis-\/Koristusk\u00e4ru Kapiga Roostevaba Teras 3 Tasandit 860X540X940Mm | Adexa Rst3Ac - Adexa \u2013 Suurk\u00f6\u00f6giseadmed restoranidele ja toitlustusele","og_description":"See serveerimisk\u00e4ru kolme tugeva lauapinnaga sobib ideaalselt igasse keskkonda. T\u00e4nu oma tugevale konstruktsioonile on see eriti sobiv kasutamiseks s\u00f6\u00f6klates, suurk\u00f6\u00f6kides,","og_url":"https:\/\/adexa.ee\/toode\/teenindus-serveerimis-koristuskaru-kapiga-roostevaba-teras-3-tasandit-860x540x940mm-adexa-rst3ac\/","og_site_name":"Adexa \u2013 Suurk\u00f6\u00f6giseadmed restoranidele ja toitlustusele","article_modified_time":"2026-03-30T20:35:08+00:00","og_image":[{"width":2000,"height":2000,"url":"https:\/\/adexa.ee\/wp-content\/uploads\/2024\/12\/RST3AC.jpg","type":"image\/jpeg"}],"twitter_card":"summary_large_image","twitter_misc":{"Est. reading time":"1 minute"},"schema":{"@context":"https:\/\/schema.org","@graph":[{"@type":"WebPage","@id":"https:\/\/adexa.ee\/toode\/teenindus-serveerimis-koristuskaru-kapiga-roostevaba-teras-3-tasandit-860x540x940mm-adexa-rst3ac\/","url":"https:\/\/adexa.ee\/toode\/teenindus-serveerimis-koristuskaru-kapiga-roostevaba-teras-3-tasandit-860x540x940mm-adexa-rst3ac\/","name":"Teenindus-\/Serveerimis-\/Koristusk\u00e4ru Kapiga Roostevaba Teras 3 Tasandit 860X540X940Mm | Adexa Rst3Ac - Adexa \u2013 Suurk\u00f6\u00f6giseadmed restoranidele ja toitlustusele","isPartOf":{"@id":"https:\/\/adexa.ee\/#website"},"primaryImageOfPage":{"@id":"https:\/\/adexa.ee\/toode\/teenindus-serveerimis-koristuskaru-kapiga-roostevaba-teras-3-tasandit-860x540x940mm-adexa-rst3ac\/#primaryimage"},"image":{"@id":"https:\/\/adexa.ee\/toode\/teenindus-serveerimis-koristuskaru-kapiga-roostevaba-teras-3-tasandit-860x540x940mm-adexa-rst3ac\/#primaryimage"},"thumbnailUrl":"https:\/\/adexa.ee\/wp-content\/uploads\/2024\/12\/RST3AC.jpg","datePublished":"2026-03-30T20:35:07+00:00","dateModified":"2026-03-30T20:35:08+00:00","breadcrumb":{"@id":"https:\/\/adexa.ee\/toode\/teenindus-serveerimis-koristuskaru-kapiga-roostevaba-teras-3-tasandit-860x540x940mm-adexa-rst3ac\/#breadcrumb"},"inLanguage":"en-US","potentialAction":[{"@type":"ReadAction","target":["https:\/\/adexa.ee\/toode\/teenindus-serveerimis-koristuskaru-kapiga-roostevaba-teras-3-tasandit-860x540x940mm-adexa-rst3ac\/"]}]},{"@type":"ImageObject","inLanguage":"en-US","@id":"https:\/\/adexa.ee\/toode\/teenindus-serveerimis-koristuskaru-kapiga-roostevaba-teras-3-tasandit-860x540x940mm-adexa-rst3ac\/#primaryimage","url":"https:\/\/adexa.ee\/wp-content\/uploads\/2024\/12\/RST3AC.jpg","contentUrl":"https:\/\/adexa.ee\/wp-content\/uploads\/2024\/12\/RST3AC.jpg","width":2000,"height":2000},{"@type":"BreadcrumbList","@id":"https:\/\/adexa.ee\/toode\/teenindus-serveerimis-koristuskaru-kapiga-roostevaba-teras-3-tasandit-860x540x940mm-adexa-rst3ac\/#breadcrumb","itemListElement":[{"@type":"ListItem","position":1,"name":"Home","item":"https:\/\/adexa.ee\/"},{"@type":"ListItem","position":2,"name":"Tooted","item":"https:\/\/adexa.ee\/pood\/"},{"@type":"ListItem","position":3,"name":"Teenindus-\/Serveerimis-\/Koristusk\u00e4ru Kapiga Roostevaba Teras 3 Tasandit 860X540X940Mm | Adexa Rst3Ac"}]},{"@type":"WebSite","@id":"https:\/\/adexa.ee\/#website","url":"https:\/\/adexa.ee\/","name":"Adexa","description":"","publisher":{"@id":"https:\/\/adexa.ee\/#organization"},"potentialAction":[{"@type":"SearchAction","target":{"@type":"EntryPoint","urlTemplate":"https:\/\/adexa.ee\/?s={search_term_string}"},"query-input":{"@type":"PropertyValueSpecification","valueRequired":true,"valueName":"search_term_string"}}],"inLanguage":"en-US"},{"@type":"Organization","@id":"https:\/\/adexa.ee\/#organization","name":"Adexa","url":"https:\/\/adexa.ee\/","logo":{"@type":"ImageObject","inLanguage":"en-US","@id":"https:\/\/adexa.ee\/#\/schema\/logo\/image\/","url":"https:\/\/adexa.ee\/wp-content\/uploads\/2024\/04\/chef-cooks-working-in-professional-kitchen-2023-11-27-05-07-39-utc-scaled.jpg","contentUrl":"https:\/\/adexa.ee\/wp-content\/uploads\/2024\/04\/chef-cooks-working-in-professional-kitchen-2023-11-27-05-07-39-utc-scaled.jpg","width":2560,"height":1708,"caption":"Adexa"},"image":{"@id":"https:\/\/adexa.ee\/#\/schema\/logo\/image\/"}}]}},"_links":{"self":[{"href":"https:\/\/adexa.ee\/en\/wp-json\/wp\/v2\/product\/10223","targetHints":{"allow":["GET"]}}],"collection":[{"href":"https:\/\/adexa.ee\/en\/wp-json\/wp\/v2\/product"}],"about":[{"href":"https:\/\/adexa.ee\/en\/wp-json\/wp\/v2\/types\/product"}],"wp:featuredmedia":[{"embeddable":true,"href":"https:\/\/adexa.ee\/en\/wp-json\/wp\/v2\/media\/10225"}],"wp:attachment":[{"href":"https:\/\/adexa.ee\/en\/wp-json\/wp\/v2\/media?parent=10223"}],"wp:term":[{"taxonomy":"product_brand","embeddable":true,"href":"https:\/\/adexa.ee\/en\/wp-json\/wp\/v2\/product_brand?post=10223"},{"taxonomy":"product_cat","embeddable":true,"href":"https:\/\/adexa.ee\/en\/wp-json\/wp\/v2\/product_cat?post=10223"},{"taxonomy":"product_tag","embeddable":true,"href":"https:\/\/adexa.ee\/en\/wp-json\/wp\/v2\/product_tag?post=10223"}],"curies":[{"name":"wp","href":"https:\/\/api.w.org\/{rel}","templated":true}]}}