{"id":10234,"date":"2026-03-26T09:05:32","date_gmt":"2026-03-26T07:05:32","guid":{"rendered":"https:\/\/adexa.ee\/toode\/kommertslik-maitseaineriiul-kaanega-sisaldab-3xgn1-4-150mm-konteinerit-roostevaba-teras-adexa-che03adfl\/"},"modified":"2026-03-26T09:05:38","modified_gmt":"2026-03-26T07:05:38","slug":"maitseaineriiul-kaanega-sisaldab-3xgn1-4-150mm-konteinerit-roostevaba-teras-adexa-che03adfl","status":"publish","type":"product","link":"https:\/\/adexa.ee\/en\/toode\/maitseaineriiul-kaanega-sisaldab-3xgn1-4-150mm-konteinerit-roostevaba-teras-adexa-che03adfl\/","title":{"rendered":"Maitseaineriiul Kaanega, Sisaldab 3Xgn1\/4-150Mm Konteinerit, Roostevaba Teras | Adexa Che03Adfl"},"content":{"rendered":"<p>See maitseaineriiul on ideaalne toidu esitlemiseks buffetil v\u00f5i toidu ettevalmistamiseks k\u00f6\u00f6gis ettevalmistusjaamas. Valmistatud tugevast roostevabast terasest, on konteinerite riiul v\u00e4ga vastupidav, v\u00f5imaldades tal taluda aastatepikkust intensiivset kasutamist, v\u00e4hendades seega vajadust osta asendusi. Sile roostevaba teras on samuti v\u00e4ga lihtne puhastada. sisaldab 3xGN1\/4-150mm konteinerit.<\/p>\n<table style=\"border-collapse: collapse; width: 100%; text-align: left;\">\n<tbody>\n<tr>\n<td style=\"border: 1px solid #ddd; padding: 8px; width: 45%;\"><strong>S\u00fcgavus<\/strong><\/td>\n<td style=\"border: 1px solid #ddd; padding: 8px;\">315 mm<\/td>\n<\/tr>\n<tr>\n<td style=\"border: 1px solid #ddd; padding: 8px; width: 45%;\"><strong>K\u00f5rgus<\/strong><\/td>\n<td style=\"border: 1px solid #ddd; padding: 8px;\">265 mm<\/td>\n<\/tr>\n<tr>\n<td style=\"border: 1px solid #ddd; padding: 8px; width: 45%;\"><strong>Laius<\/strong><\/td>\n<td style=\"border: 1px solid #ddd; padding: 8px;\">630 mm<\/td>\n<\/tr>\n<tr>\n<td style=\"border: 1px solid #ddd; padding: 8px; width: 45%;\"><strong>Kaal<\/strong><\/td>\n<td style=\"border: 1px solid #ddd; padding: 8px;\">4 kg<\/td>\n<\/tr>\n<tr>\n<td style=\"border: 1px solid #ddd; padding: 8px; width: 45%;\"><strong>Mahutavus<\/strong><\/td>\n<td style=\"border: 1px solid #ddd; padding: 8px;\">3 x GN1\/4 konteinerit 150 mm s\u00fcgavusega<\/td>\n<\/tr>\n<tr>\n<td style=\"border: 1px solid #ddd; padding: 8px; width: 45%;\"><strong>Materjal<\/strong><\/td>\n<td style=\"border: 1px solid #ddd; padding: 8px;\">Roostevaba teras<\/td>\n<\/tr>\n<tr>\n<td style=\"border: 1px solid #ddd; padding: 8px; width: 45%;\"><strong>Kaasas<\/strong><\/td>\n<td style=\"border: 1px solid #ddd; padding: 8px;\">GN konteinerid<\/td>\n<\/tr>\n<\/tbody>\n<\/table>\n","protected":false},"excerpt":{"rendered":"<p>See maitseaineriiul on ideaalne toidu esitlemiseks buffetil v\u00f5i toidu ettevalmistamiseks k\u00f6\u00f6gis ettevalmistusjaamas. Valmistatud tugevast roostevabast terasest, on konteinerite riiul v\u00e4ga<\/p>\n","protected":false},"featured_media":10237,"template":"","meta":[],"product_brand":[],"product_cat":[585,584,579,557,572],"product_tag":[],"class_list":{"0":"post-10234","1":"product","2":"type-product","3":"status-publish","4":"has-post-thumbnail","6":"product_cat-gn-noud","7":"product_cat-hoidikud-ja-kandikud","8":"product_cat-koogitarbed-noud","9":"product_cat-kupsetusseadmed","10":"product_cat-roostevabad-tooted","12":"first","13":"instock","14":"sale","15":"taxable","16":"shipping-taxable","17":"purchasable","18":"product-type-simple"},"yoast_head":"<!-- This site is optimized with the Yoast SEO plugin v27.3 - https:\/\/yoast.com\/product\/yoast-seo-wordpress\/ -->\n<title>Maitseaineriiul Kaanega, Sisaldab 3Xgn1\/4-150Mm Konteinerit, Roostevaba Teras | Adexa Che03Adfl - Adexa \u2013 Suurk\u00f6\u00f6giseadmed restoranidele ja toitlustusele<\/title>\n<meta name=\"robots\" content=\"index, follow, max-snippet:-1, max-image-preview:large, max-video-preview:-1\" \/>\n<link rel=\"canonical\" href=\"https:\/\/adexa.ee\/toode\/maitseaineriiul-kaanega-sisaldab-3xgn1-4-150mm-konteinerit-roostevaba-teras-adexa-che03adfl\/\" \/>\n<meta property=\"og:locale\" content=\"en_US\" \/>\n<meta property=\"og:type\" content=\"article\" \/>\n<meta property=\"og:title\" content=\"Maitseaineriiul Kaanega, Sisaldab 3Xgn1\/4-150Mm Konteinerit, Roostevaba Teras | Adexa Che03Adfl - Adexa \u2013 Suurk\u00f6\u00f6giseadmed restoranidele ja toitlustusele\" \/>\n<meta property=\"og:description\" content=\"See maitseaineriiul on ideaalne toidu esitlemiseks buffetil v\u00f5i toidu ettevalmistamiseks k\u00f6\u00f6gis ettevalmistusjaamas. Valmistatud tugevast roostevabast terasest, on konteinerite riiul v\u00e4ga\" \/>\n<meta property=\"og:url\" content=\"https:\/\/adexa.ee\/toode\/maitseaineriiul-kaanega-sisaldab-3xgn1-4-150mm-konteinerit-roostevaba-teras-adexa-che03adfl\/\" \/>\n<meta property=\"og:site_name\" content=\"Adexa \u2013 Suurk\u00f6\u00f6giseadmed restoranidele ja toitlustusele\" \/>\n<meta property=\"article:modified_time\" content=\"2026-03-26T07:05:38+00:00\" \/>\n<meta property=\"og:image\" content=\"https:\/\/adexa.ee\/wp-content\/uploads\/2024\/12\/CHE03ADFL.jpg\" \/>\n\t<meta property=\"og:image:width\" content=\"994\" \/>\n\t<meta property=\"og:image:height\" content=\"994\" \/>\n\t<meta property=\"og:image:type\" content=\"image\/jpeg\" \/>\n<meta name=\"twitter:card\" content=\"summary_large_image\" \/>\n<script type=\"application\/ld+json\" class=\"yoast-schema-graph\">{\"@context\":\"https:\\\/\\\/schema.org\",\"@graph\":[{\"@type\":\"WebPage\",\"@id\":\"https:\\\/\\\/adexa.ee\\\/toode\\\/maitseaineriiul-kaanega-sisaldab-3xgn1-4-150mm-konteinerit-roostevaba-teras-adexa-che03adfl\\\/\",\"url\":\"https:\\\/\\\/adexa.ee\\\/toode\\\/maitseaineriiul-kaanega-sisaldab-3xgn1-4-150mm-konteinerit-roostevaba-teras-adexa-che03adfl\\\/\",\"name\":\"Maitseaineriiul Kaanega, Sisaldab 3Xgn1\\\/4-150Mm Konteinerit, Roostevaba Teras | Adexa Che03Adfl - Adexa \u2013 Suurk\u00f6\u00f6giseadmed restoranidele ja toitlustusele\",\"isPartOf\":{\"@id\":\"https:\\\/\\\/adexa.ee\\\/#website\"},\"primaryImageOfPage\":{\"@id\":\"https:\\\/\\\/adexa.ee\\\/toode\\\/maitseaineriiul-kaanega-sisaldab-3xgn1-4-150mm-konteinerit-roostevaba-teras-adexa-che03adfl\\\/#primaryimage\"},\"image\":{\"@id\":\"https:\\\/\\\/adexa.ee\\\/toode\\\/maitseaineriiul-kaanega-sisaldab-3xgn1-4-150mm-konteinerit-roostevaba-teras-adexa-che03adfl\\\/#primaryimage\"},\"thumbnailUrl\":\"https:\\\/\\\/adexa.ee\\\/wp-content\\\/uploads\\\/2024\\\/12\\\/CHE03ADFL.jpg\",\"datePublished\":\"2026-03-26T07:05:32+00:00\",\"dateModified\":\"2026-03-26T07:05:38+00:00\",\"breadcrumb\":{\"@id\":\"https:\\\/\\\/adexa.ee\\\/toode\\\/maitseaineriiul-kaanega-sisaldab-3xgn1-4-150mm-konteinerit-roostevaba-teras-adexa-che03adfl\\\/#breadcrumb\"},\"inLanguage\":\"en-US\",\"potentialAction\":[{\"@type\":\"ReadAction\",\"target\":[\"https:\\\/\\\/adexa.ee\\\/toode\\\/maitseaineriiul-kaanega-sisaldab-3xgn1-4-150mm-konteinerit-roostevaba-teras-adexa-che03adfl\\\/\"]}]},{\"@type\":\"ImageObject\",\"inLanguage\":\"en-US\",\"@id\":\"https:\\\/\\\/adexa.ee\\\/toode\\\/maitseaineriiul-kaanega-sisaldab-3xgn1-4-150mm-konteinerit-roostevaba-teras-adexa-che03adfl\\\/#primaryimage\",\"url\":\"https:\\\/\\\/adexa.ee\\\/wp-content\\\/uploads\\\/2024\\\/12\\\/CHE03ADFL.jpg\",\"contentUrl\":\"https:\\\/\\\/adexa.ee\\\/wp-content\\\/uploads\\\/2024\\\/12\\\/CHE03ADFL.jpg\",\"width\":994,\"height\":994},{\"@type\":\"BreadcrumbList\",\"@id\":\"https:\\\/\\\/adexa.ee\\\/toode\\\/maitseaineriiul-kaanega-sisaldab-3xgn1-4-150mm-konteinerit-roostevaba-teras-adexa-che03adfl\\\/#breadcrumb\",\"itemListElement\":[{\"@type\":\"ListItem\",\"position\":1,\"name\":\"Home\",\"item\":\"https:\\\/\\\/adexa.ee\\\/\"},{\"@type\":\"ListItem\",\"position\":2,\"name\":\"Tooted\",\"item\":\"https:\\\/\\\/adexa.ee\\\/pood\\\/\"},{\"@type\":\"ListItem\",\"position\":3,\"name\":\"Maitseaineriiul Kaanega, Sisaldab 3Xgn1\\\/4-150Mm Konteinerit, Roostevaba Teras | Adexa Che03Adfl\"}]},{\"@type\":\"WebSite\",\"@id\":\"https:\\\/\\\/adexa.ee\\\/#website\",\"url\":\"https:\\\/\\\/adexa.ee\\\/\",\"name\":\"Adexa\",\"description\":\"\",\"publisher\":{\"@id\":\"https:\\\/\\\/adexa.ee\\\/#organization\"},\"potentialAction\":[{\"@type\":\"SearchAction\",\"target\":{\"@type\":\"EntryPoint\",\"urlTemplate\":\"https:\\\/\\\/adexa.ee\\\/?s={search_term_string}\"},\"query-input\":{\"@type\":\"PropertyValueSpecification\",\"valueRequired\":true,\"valueName\":\"search_term_string\"}}],\"inLanguage\":\"en-US\"},{\"@type\":\"Organization\",\"@id\":\"https:\\\/\\\/adexa.ee\\\/#organization\",\"name\":\"Adexa\",\"url\":\"https:\\\/\\\/adexa.ee\\\/\",\"logo\":{\"@type\":\"ImageObject\",\"inLanguage\":\"en-US\",\"@id\":\"https:\\\/\\\/adexa.ee\\\/#\\\/schema\\\/logo\\\/image\\\/\",\"url\":\"https:\\\/\\\/adexa.ee\\\/wp-content\\\/uploads\\\/2024\\\/04\\\/chef-cooks-working-in-professional-kitchen-2023-11-27-05-07-39-utc-scaled.jpg\",\"contentUrl\":\"https:\\\/\\\/adexa.ee\\\/wp-content\\\/uploads\\\/2024\\\/04\\\/chef-cooks-working-in-professional-kitchen-2023-11-27-05-07-39-utc-scaled.jpg\",\"width\":2560,\"height\":1708,\"caption\":\"Adexa\"},\"image\":{\"@id\":\"https:\\\/\\\/adexa.ee\\\/#\\\/schema\\\/logo\\\/image\\\/\"}}]}<\/script>\n<!-- \/ Yoast SEO plugin. -->","yoast_head_json":{"title":"Maitseaineriiul Kaanega, Sisaldab 3Xgn1\/4-150Mm Konteinerit, Roostevaba Teras | Adexa Che03Adfl - Adexa \u2013 Suurk\u00f6\u00f6giseadmed restoranidele ja toitlustusele","robots":{"index":"index","follow":"follow","max-snippet":"max-snippet:-1","max-image-preview":"max-image-preview:large","max-video-preview":"max-video-preview:-1"},"canonical":"https:\/\/adexa.ee\/toode\/maitseaineriiul-kaanega-sisaldab-3xgn1-4-150mm-konteinerit-roostevaba-teras-adexa-che03adfl\/","og_locale":"en_US","og_type":"article","og_title":"Maitseaineriiul Kaanega, Sisaldab 3Xgn1\/4-150Mm Konteinerit, Roostevaba Teras | Adexa Che03Adfl - Adexa \u2013 Suurk\u00f6\u00f6giseadmed restoranidele ja toitlustusele","og_description":"See maitseaineriiul on ideaalne toidu esitlemiseks buffetil v\u00f5i toidu ettevalmistamiseks k\u00f6\u00f6gis ettevalmistusjaamas. Valmistatud tugevast roostevabast terasest, on konteinerite riiul v\u00e4ga","og_url":"https:\/\/adexa.ee\/toode\/maitseaineriiul-kaanega-sisaldab-3xgn1-4-150mm-konteinerit-roostevaba-teras-adexa-che03adfl\/","og_site_name":"Adexa \u2013 Suurk\u00f6\u00f6giseadmed restoranidele ja toitlustusele","article_modified_time":"2026-03-26T07:05:38+00:00","og_image":[{"width":994,"height":994,"url":"https:\/\/adexa.ee\/wp-content\/uploads\/2024\/12\/CHE03ADFL.jpg","type":"image\/jpeg"}],"twitter_card":"summary_large_image","schema":{"@context":"https:\/\/schema.org","@graph":[{"@type":"WebPage","@id":"https:\/\/adexa.ee\/toode\/maitseaineriiul-kaanega-sisaldab-3xgn1-4-150mm-konteinerit-roostevaba-teras-adexa-che03adfl\/","url":"https:\/\/adexa.ee\/toode\/maitseaineriiul-kaanega-sisaldab-3xgn1-4-150mm-konteinerit-roostevaba-teras-adexa-che03adfl\/","name":"Maitseaineriiul Kaanega, Sisaldab 3Xgn1\/4-150Mm Konteinerit, Roostevaba Teras | Adexa Che03Adfl - Adexa \u2013 Suurk\u00f6\u00f6giseadmed restoranidele ja toitlustusele","isPartOf":{"@id":"https:\/\/adexa.ee\/#website"},"primaryImageOfPage":{"@id":"https:\/\/adexa.ee\/toode\/maitseaineriiul-kaanega-sisaldab-3xgn1-4-150mm-konteinerit-roostevaba-teras-adexa-che03adfl\/#primaryimage"},"image":{"@id":"https:\/\/adexa.ee\/toode\/maitseaineriiul-kaanega-sisaldab-3xgn1-4-150mm-konteinerit-roostevaba-teras-adexa-che03adfl\/#primaryimage"},"thumbnailUrl":"https:\/\/adexa.ee\/wp-content\/uploads\/2024\/12\/CHE03ADFL.jpg","datePublished":"2026-03-26T07:05:32+00:00","dateModified":"2026-03-26T07:05:38+00:00","breadcrumb":{"@id":"https:\/\/adexa.ee\/toode\/maitseaineriiul-kaanega-sisaldab-3xgn1-4-150mm-konteinerit-roostevaba-teras-adexa-che03adfl\/#breadcrumb"},"inLanguage":"en-US","potentialAction":[{"@type":"ReadAction","target":["https:\/\/adexa.ee\/toode\/maitseaineriiul-kaanega-sisaldab-3xgn1-4-150mm-konteinerit-roostevaba-teras-adexa-che03adfl\/"]}]},{"@type":"ImageObject","inLanguage":"en-US","@id":"https:\/\/adexa.ee\/toode\/maitseaineriiul-kaanega-sisaldab-3xgn1-4-150mm-konteinerit-roostevaba-teras-adexa-che03adfl\/#primaryimage","url":"https:\/\/adexa.ee\/wp-content\/uploads\/2024\/12\/CHE03ADFL.jpg","contentUrl":"https:\/\/adexa.ee\/wp-content\/uploads\/2024\/12\/CHE03ADFL.jpg","width":994,"height":994},{"@type":"BreadcrumbList","@id":"https:\/\/adexa.ee\/toode\/maitseaineriiul-kaanega-sisaldab-3xgn1-4-150mm-konteinerit-roostevaba-teras-adexa-che03adfl\/#breadcrumb","itemListElement":[{"@type":"ListItem","position":1,"name":"Home","item":"https:\/\/adexa.ee\/"},{"@type":"ListItem","position":2,"name":"Tooted","item":"https:\/\/adexa.ee\/pood\/"},{"@type":"ListItem","position":3,"name":"Maitseaineriiul Kaanega, Sisaldab 3Xgn1\/4-150Mm Konteinerit, Roostevaba Teras | Adexa Che03Adfl"}]},{"@type":"WebSite","@id":"https:\/\/adexa.ee\/#website","url":"https:\/\/adexa.ee\/","name":"Adexa","description":"","publisher":{"@id":"https:\/\/adexa.ee\/#organization"},"potentialAction":[{"@type":"SearchAction","target":{"@type":"EntryPoint","urlTemplate":"https:\/\/adexa.ee\/?s={search_term_string}"},"query-input":{"@type":"PropertyValueSpecification","valueRequired":true,"valueName":"search_term_string"}}],"inLanguage":"en-US"},{"@type":"Organization","@id":"https:\/\/adexa.ee\/#organization","name":"Adexa","url":"https:\/\/adexa.ee\/","logo":{"@type":"ImageObject","inLanguage":"en-US","@id":"https:\/\/adexa.ee\/#\/schema\/logo\/image\/","url":"https:\/\/adexa.ee\/wp-content\/uploads\/2024\/04\/chef-cooks-working-in-professional-kitchen-2023-11-27-05-07-39-utc-scaled.jpg","contentUrl":"https:\/\/adexa.ee\/wp-content\/uploads\/2024\/04\/chef-cooks-working-in-professional-kitchen-2023-11-27-05-07-39-utc-scaled.jpg","width":2560,"height":1708,"caption":"Adexa"},"image":{"@id":"https:\/\/adexa.ee\/#\/schema\/logo\/image\/"}}]}},"_links":{"self":[{"href":"https:\/\/adexa.ee\/en\/wp-json\/wp\/v2\/product\/10234","targetHints":{"allow":["GET"]}}],"collection":[{"href":"https:\/\/adexa.ee\/en\/wp-json\/wp\/v2\/product"}],"about":[{"href":"https:\/\/adexa.ee\/en\/wp-json\/wp\/v2\/types\/product"}],"wp:featuredmedia":[{"embeddable":true,"href":"https:\/\/adexa.ee\/en\/wp-json\/wp\/v2\/media\/10237"}],"wp:attachment":[{"href":"https:\/\/adexa.ee\/en\/wp-json\/wp\/v2\/media?parent=10234"}],"wp:term":[{"taxonomy":"product_brand","embeddable":true,"href":"https:\/\/adexa.ee\/en\/wp-json\/wp\/v2\/product_brand?post=10234"},{"taxonomy":"product_cat","embeddable":true,"href":"https:\/\/adexa.ee\/en\/wp-json\/wp\/v2\/product_cat?post=10234"},{"taxonomy":"product_tag","embeddable":true,"href":"https:\/\/adexa.ee\/en\/wp-json\/wp\/v2\/product_tag?post=10234"}],"curies":[{"name":"wp","href":"https:\/\/api.w.org\/{rel}","templated":true}]}}