{"id":10257,"date":"2026-03-26T09:05:32","date_gmt":"2026-03-26T07:05:32","guid":{"rendered":"https:\/\/adexa.ee\/toode\/kokkupandav-roostevabast-terasest-bistroo-laud-600x600x700mm-adexa-whbt6060\/"},"modified":"2026-03-26T09:05:40","modified_gmt":"2026-03-26T07:05:40","slug":"kokkupandav-roostevabast-terasest-bistroo-laud-600x600x700mm-adexa-whbt6060","status":"publish","type":"product","link":"https:\/\/adexa.ee\/en\/toode\/kokkupandav-roostevabast-terasest-bistroo-laud-600x600x700mm-adexa-whbt6060\/","title":{"rendered":"Kokkupandav roostevabast terasest bistroo laud 600x600x700mm | Adexa WHBT6060"},"content":{"rendered":"<p>See kommertskasutuseks m\u00f5eldud kindel kokkupandav laud sobib v\u00f5rdselt h\u00e4sti nii p\u00fcsiva k\u00f6\u00f6gim\u00f6\u00f6blina kui ka v\u00e4likatmiseks, pakkudes lisaruum serveerimiseks v\u00f5i toidu ettevalmistamiseks. Valmistatud kvaliteetsest 304 roostevabast terasest ja 201 roostevabast terasest jalgade jaoks, need vastupidavad lauad pakuvad usaldusv\u00e4\u00e4rset portatiivset pinda, mis on tugev ja h\u00f5lpsasti puhastatav. Tugevad, stabiilsed ja praktilised lauad, kui vajate t\u00f6\u00f6pinda kaasa v\u00f5tta. Lihtsad kaasas kanda ja \u00fcles seada, kasutamiseks k\u00f6\u00f6gi osana v\u00f5i lisaruumina serveerimisel. Suurep\u00e4rane k\u00f6\u00f6gis toidu ettevalmistamise lauana v\u00f5i lisaruumi leidmiseks taldrikute serveerimisel. Palun vaadake t\u00e4pset teavet jaotises &#8220;Spetsifikatsioonid&#8221;.<\/p>\n<table style=\"border-collapse: collapse; width: 100%; text-align: left;\">\n<tbody>\n<tr>\n<td style=\"border: 1px solid #ddd; padding: 8px; width: 45%;\"><strong>S\u00fcgavus<\/strong><\/td>\n<td style=\"border: 1px solid #ddd; padding: 8px;\">600 mm<\/td>\n<\/tr>\n<tr>\n<td style=\"border: 1px solid #ddd; padding: 8px; width: 45%;\"><strong>K\u00f5rgus<\/strong><\/td>\n<td style=\"border: 1px solid #ddd; padding: 8px;\">700 mm<\/td>\n<\/tr>\n<tr>\n<td style=\"border: 1px solid #ddd; padding: 8px; width: 45%;\"><strong>Laius<\/strong><\/td>\n<td style=\"border: 1px solid #ddd; padding: 8px;\">600 mm<\/td>\n<\/tr>\n<tr>\n<td style=\"border: 1px solid #ddd; padding: 8px; width: 45%;\"><strong>Kaal<\/strong><\/td>\n<td style=\"border: 1px solid #ddd; padding: 8px;\">5 kg<\/td>\n<\/tr>\n<tr>\n<td style=\"border: 1px solid #ddd; padding: 8px; width: 45%;\"><strong>Garantii<\/strong><\/td>\n<td style=\"border: 1px solid #ddd; padding: 8px;\">12 kuu varuosade garantii<\/td>\n<\/tr>\n<tr>\n<td style=\"border: 1px solid #ddd; padding: 8px; width: 45%;\"><strong>Materjal<\/strong><\/td>\n<td style=\"border: 1px solid #ddd; padding: 8px;\">Roostevaba teras<\/td>\n<\/tr>\n<\/tbody>\n<\/table>\n","protected":false},"excerpt":{"rendered":"<p>See kommertskasutuseks m\u00f5eldud kindel kokkupandav laud sobib v\u00f5rdselt h\u00e4sti nii p\u00fcsiva k\u00f6\u00f6gim\u00f6\u00f6blina kui ka v\u00e4likatmiseks, pakkudes lisaruum serveerimiseks v\u00f5i toidu<\/p>\n","protected":false},"featured_media":10263,"template":"","meta":[],"product_brand":[],"product_cat":[562,691,693,692,561,572,592],"product_tag":[],"class_list":{"0":"post-10257","1":"product","2":"type-product","3":"status-publish","4":"has-post-thumbnail","6":"product_cat-bistroo-ja-soogilauad","7":"product_cat-keskne-600mm","8":"product_cat-kokkupandavad-lauad-ja-toolid","9":"product_cat-kokkupandavad-toolauad","10":"product_cat-moobel-ja-hoiustamine","11":"product_cat-roostevabad-tooted","12":"product_cat-toolauad","14":"first","15":"instock","16":"sale","17":"taxable","18":"shipping-taxable","19":"purchasable","20":"product-type-simple"},"yoast_head":"<!-- This site is optimized with the Yoast SEO plugin v27.3 - https:\/\/yoast.com\/product\/yoast-seo-wordpress\/ -->\n<title>Kokkupandav roostevabast terasest bistroo laud 600x600x700mm | Adexa WHBT6060 - Adexa \u2013 Suurk\u00f6\u00f6giseadmed restoranidele ja toitlustusele<\/title>\n<meta name=\"robots\" content=\"index, follow, max-snippet:-1, max-image-preview:large, max-video-preview:-1\" \/>\n<link rel=\"canonical\" href=\"https:\/\/adexa.ee\/toode\/kokkupandav-roostevabast-terasest-bistroo-laud-600x600x700mm-adexa-whbt6060\/\" \/>\n<meta property=\"og:locale\" content=\"en_US\" \/>\n<meta property=\"og:type\" content=\"article\" \/>\n<meta property=\"og:title\" content=\"Kokkupandav roostevabast terasest bistroo laud 600x600x700mm | Adexa WHBT6060 - Adexa \u2013 Suurk\u00f6\u00f6giseadmed restoranidele ja toitlustusele\" \/>\n<meta property=\"og:description\" content=\"See kommertskasutuseks m\u00f5eldud kindel kokkupandav laud sobib v\u00f5rdselt h\u00e4sti nii p\u00fcsiva k\u00f6\u00f6gim\u00f6\u00f6blina kui ka v\u00e4likatmiseks, pakkudes lisaruum serveerimiseks v\u00f5i toidu\" \/>\n<meta property=\"og:url\" content=\"https:\/\/adexa.ee\/toode\/kokkupandav-roostevabast-terasest-bistroo-laud-600x600x700mm-adexa-whbt6060\/\" \/>\n<meta property=\"og:site_name\" content=\"Adexa \u2013 Suurk\u00f6\u00f6giseadmed restoranidele ja toitlustusele\" \/>\n<meta property=\"article:modified_time\" content=\"2026-03-26T07:05:40+00:00\" \/>\n<meta property=\"og:image\" content=\"https:\/\/adexa.ee\/wp-content\/uploads\/2024\/12\/WHBT6060.jpg\" \/>\n\t<meta property=\"og:image:width\" content=\"2000\" \/>\n\t<meta property=\"og:image:height\" content=\"2000\" \/>\n\t<meta property=\"og:image:type\" content=\"image\/jpeg\" \/>\n<meta name=\"twitter:card\" content=\"summary_large_image\" \/>\n<meta name=\"twitter:label1\" content=\"Est. reading time\" \/>\n\t<meta name=\"twitter:data1\" content=\"1 minute\" \/>\n<script type=\"application\/ld+json\" class=\"yoast-schema-graph\">{\"@context\":\"https:\\\/\\\/schema.org\",\"@graph\":[{\"@type\":\"WebPage\",\"@id\":\"https:\\\/\\\/adexa.ee\\\/toode\\\/kokkupandav-roostevabast-terasest-bistroo-laud-600x600x700mm-adexa-whbt6060\\\/\",\"url\":\"https:\\\/\\\/adexa.ee\\\/toode\\\/kokkupandav-roostevabast-terasest-bistroo-laud-600x600x700mm-adexa-whbt6060\\\/\",\"name\":\"Kokkupandav roostevabast terasest bistroo laud 600x600x700mm | Adexa WHBT6060 - Adexa \u2013 Suurk\u00f6\u00f6giseadmed restoranidele ja toitlustusele\",\"isPartOf\":{\"@id\":\"https:\\\/\\\/adexa.ee\\\/#website\"},\"primaryImageOfPage\":{\"@id\":\"https:\\\/\\\/adexa.ee\\\/toode\\\/kokkupandav-roostevabast-terasest-bistroo-laud-600x600x700mm-adexa-whbt6060\\\/#primaryimage\"},\"image\":{\"@id\":\"https:\\\/\\\/adexa.ee\\\/toode\\\/kokkupandav-roostevabast-terasest-bistroo-laud-600x600x700mm-adexa-whbt6060\\\/#primaryimage\"},\"thumbnailUrl\":\"https:\\\/\\\/adexa.ee\\\/wp-content\\\/uploads\\\/2024\\\/12\\\/WHBT6060.jpg\",\"datePublished\":\"2026-03-26T07:05:32+00:00\",\"dateModified\":\"2026-03-26T07:05:40+00:00\",\"breadcrumb\":{\"@id\":\"https:\\\/\\\/adexa.ee\\\/toode\\\/kokkupandav-roostevabast-terasest-bistroo-laud-600x600x700mm-adexa-whbt6060\\\/#breadcrumb\"},\"inLanguage\":\"en-US\",\"potentialAction\":[{\"@type\":\"ReadAction\",\"target\":[\"https:\\\/\\\/adexa.ee\\\/toode\\\/kokkupandav-roostevabast-terasest-bistroo-laud-600x600x700mm-adexa-whbt6060\\\/\"]}]},{\"@type\":\"ImageObject\",\"inLanguage\":\"en-US\",\"@id\":\"https:\\\/\\\/adexa.ee\\\/toode\\\/kokkupandav-roostevabast-terasest-bistroo-laud-600x600x700mm-adexa-whbt6060\\\/#primaryimage\",\"url\":\"https:\\\/\\\/adexa.ee\\\/wp-content\\\/uploads\\\/2024\\\/12\\\/WHBT6060.jpg\",\"contentUrl\":\"https:\\\/\\\/adexa.ee\\\/wp-content\\\/uploads\\\/2024\\\/12\\\/WHBT6060.jpg\",\"width\":2000,\"height\":2000},{\"@type\":\"BreadcrumbList\",\"@id\":\"https:\\\/\\\/adexa.ee\\\/toode\\\/kokkupandav-roostevabast-terasest-bistroo-laud-600x600x700mm-adexa-whbt6060\\\/#breadcrumb\",\"itemListElement\":[{\"@type\":\"ListItem\",\"position\":1,\"name\":\"Home\",\"item\":\"https:\\\/\\\/adexa.ee\\\/\"},{\"@type\":\"ListItem\",\"position\":2,\"name\":\"Tooted\",\"item\":\"https:\\\/\\\/adexa.ee\\\/pood\\\/\"},{\"@type\":\"ListItem\",\"position\":3,\"name\":\"Kokkupandav roostevabast terasest bistroo laud 600x600x700mm | Adexa WHBT6060\"}]},{\"@type\":\"WebSite\",\"@id\":\"https:\\\/\\\/adexa.ee\\\/#website\",\"url\":\"https:\\\/\\\/adexa.ee\\\/\",\"name\":\"Adexa\",\"description\":\"\",\"publisher\":{\"@id\":\"https:\\\/\\\/adexa.ee\\\/#organization\"},\"potentialAction\":[{\"@type\":\"SearchAction\",\"target\":{\"@type\":\"EntryPoint\",\"urlTemplate\":\"https:\\\/\\\/adexa.ee\\\/?s={search_term_string}\"},\"query-input\":{\"@type\":\"PropertyValueSpecification\",\"valueRequired\":true,\"valueName\":\"search_term_string\"}}],\"inLanguage\":\"en-US\"},{\"@type\":\"Organization\",\"@id\":\"https:\\\/\\\/adexa.ee\\\/#organization\",\"name\":\"Adexa\",\"url\":\"https:\\\/\\\/adexa.ee\\\/\",\"logo\":{\"@type\":\"ImageObject\",\"inLanguage\":\"en-US\",\"@id\":\"https:\\\/\\\/adexa.ee\\\/#\\\/schema\\\/logo\\\/image\\\/\",\"url\":\"https:\\\/\\\/adexa.ee\\\/wp-content\\\/uploads\\\/2024\\\/04\\\/chef-cooks-working-in-professional-kitchen-2023-11-27-05-07-39-utc-scaled.jpg\",\"contentUrl\":\"https:\\\/\\\/adexa.ee\\\/wp-content\\\/uploads\\\/2024\\\/04\\\/chef-cooks-working-in-professional-kitchen-2023-11-27-05-07-39-utc-scaled.jpg\",\"width\":2560,\"height\":1708,\"caption\":\"Adexa\"},\"image\":{\"@id\":\"https:\\\/\\\/adexa.ee\\\/#\\\/schema\\\/logo\\\/image\\\/\"}}]}<\/script>\n<!-- \/ Yoast SEO plugin. -->","yoast_head_json":{"title":"Kokkupandav roostevabast terasest bistroo laud 600x600x700mm | Adexa WHBT6060 - Adexa \u2013 Suurk\u00f6\u00f6giseadmed restoranidele ja toitlustusele","robots":{"index":"index","follow":"follow","max-snippet":"max-snippet:-1","max-image-preview":"max-image-preview:large","max-video-preview":"max-video-preview:-1"},"canonical":"https:\/\/adexa.ee\/toode\/kokkupandav-roostevabast-terasest-bistroo-laud-600x600x700mm-adexa-whbt6060\/","og_locale":"en_US","og_type":"article","og_title":"Kokkupandav roostevabast terasest bistroo laud 600x600x700mm | Adexa WHBT6060 - Adexa \u2013 Suurk\u00f6\u00f6giseadmed restoranidele ja toitlustusele","og_description":"See kommertskasutuseks m\u00f5eldud kindel kokkupandav laud sobib v\u00f5rdselt h\u00e4sti nii p\u00fcsiva k\u00f6\u00f6gim\u00f6\u00f6blina kui ka v\u00e4likatmiseks, pakkudes lisaruum serveerimiseks v\u00f5i toidu","og_url":"https:\/\/adexa.ee\/toode\/kokkupandav-roostevabast-terasest-bistroo-laud-600x600x700mm-adexa-whbt6060\/","og_site_name":"Adexa \u2013 Suurk\u00f6\u00f6giseadmed restoranidele ja toitlustusele","article_modified_time":"2026-03-26T07:05:40+00:00","og_image":[{"width":2000,"height":2000,"url":"https:\/\/adexa.ee\/wp-content\/uploads\/2024\/12\/WHBT6060.jpg","type":"image\/jpeg"}],"twitter_card":"summary_large_image","twitter_misc":{"Est. reading time":"1 minute"},"schema":{"@context":"https:\/\/schema.org","@graph":[{"@type":"WebPage","@id":"https:\/\/adexa.ee\/toode\/kokkupandav-roostevabast-terasest-bistroo-laud-600x600x700mm-adexa-whbt6060\/","url":"https:\/\/adexa.ee\/toode\/kokkupandav-roostevabast-terasest-bistroo-laud-600x600x700mm-adexa-whbt6060\/","name":"Kokkupandav roostevabast terasest bistroo laud 600x600x700mm | Adexa WHBT6060 - Adexa \u2013 Suurk\u00f6\u00f6giseadmed restoranidele ja toitlustusele","isPartOf":{"@id":"https:\/\/adexa.ee\/#website"},"primaryImageOfPage":{"@id":"https:\/\/adexa.ee\/toode\/kokkupandav-roostevabast-terasest-bistroo-laud-600x600x700mm-adexa-whbt6060\/#primaryimage"},"image":{"@id":"https:\/\/adexa.ee\/toode\/kokkupandav-roostevabast-terasest-bistroo-laud-600x600x700mm-adexa-whbt6060\/#primaryimage"},"thumbnailUrl":"https:\/\/adexa.ee\/wp-content\/uploads\/2024\/12\/WHBT6060.jpg","datePublished":"2026-03-26T07:05:32+00:00","dateModified":"2026-03-26T07:05:40+00:00","breadcrumb":{"@id":"https:\/\/adexa.ee\/toode\/kokkupandav-roostevabast-terasest-bistroo-laud-600x600x700mm-adexa-whbt6060\/#breadcrumb"},"inLanguage":"en-US","potentialAction":[{"@type":"ReadAction","target":["https:\/\/adexa.ee\/toode\/kokkupandav-roostevabast-terasest-bistroo-laud-600x600x700mm-adexa-whbt6060\/"]}]},{"@type":"ImageObject","inLanguage":"en-US","@id":"https:\/\/adexa.ee\/toode\/kokkupandav-roostevabast-terasest-bistroo-laud-600x600x700mm-adexa-whbt6060\/#primaryimage","url":"https:\/\/adexa.ee\/wp-content\/uploads\/2024\/12\/WHBT6060.jpg","contentUrl":"https:\/\/adexa.ee\/wp-content\/uploads\/2024\/12\/WHBT6060.jpg","width":2000,"height":2000},{"@type":"BreadcrumbList","@id":"https:\/\/adexa.ee\/toode\/kokkupandav-roostevabast-terasest-bistroo-laud-600x600x700mm-adexa-whbt6060\/#breadcrumb","itemListElement":[{"@type":"ListItem","position":1,"name":"Home","item":"https:\/\/adexa.ee\/"},{"@type":"ListItem","position":2,"name":"Tooted","item":"https:\/\/adexa.ee\/pood\/"},{"@type":"ListItem","position":3,"name":"Kokkupandav roostevabast terasest bistroo laud 600x600x700mm | Adexa WHBT6060"}]},{"@type":"WebSite","@id":"https:\/\/adexa.ee\/#website","url":"https:\/\/adexa.ee\/","name":"Adexa","description":"","publisher":{"@id":"https:\/\/adexa.ee\/#organization"},"potentialAction":[{"@type":"SearchAction","target":{"@type":"EntryPoint","urlTemplate":"https:\/\/adexa.ee\/?s={search_term_string}"},"query-input":{"@type":"PropertyValueSpecification","valueRequired":true,"valueName":"search_term_string"}}],"inLanguage":"en-US"},{"@type":"Organization","@id":"https:\/\/adexa.ee\/#organization","name":"Adexa","url":"https:\/\/adexa.ee\/","logo":{"@type":"ImageObject","inLanguage":"en-US","@id":"https:\/\/adexa.ee\/#\/schema\/logo\/image\/","url":"https:\/\/adexa.ee\/wp-content\/uploads\/2024\/04\/chef-cooks-working-in-professional-kitchen-2023-11-27-05-07-39-utc-scaled.jpg","contentUrl":"https:\/\/adexa.ee\/wp-content\/uploads\/2024\/04\/chef-cooks-working-in-professional-kitchen-2023-11-27-05-07-39-utc-scaled.jpg","width":2560,"height":1708,"caption":"Adexa"},"image":{"@id":"https:\/\/adexa.ee\/#\/schema\/logo\/image\/"}}]}},"_links":{"self":[{"href":"https:\/\/adexa.ee\/en\/wp-json\/wp\/v2\/product\/10257","targetHints":{"allow":["GET"]}}],"collection":[{"href":"https:\/\/adexa.ee\/en\/wp-json\/wp\/v2\/product"}],"about":[{"href":"https:\/\/adexa.ee\/en\/wp-json\/wp\/v2\/types\/product"}],"wp:featuredmedia":[{"embeddable":true,"href":"https:\/\/adexa.ee\/en\/wp-json\/wp\/v2\/media\/10263"}],"wp:attachment":[{"href":"https:\/\/adexa.ee\/en\/wp-json\/wp\/v2\/media?parent=10257"}],"wp:term":[{"taxonomy":"product_brand","embeddable":true,"href":"https:\/\/adexa.ee\/en\/wp-json\/wp\/v2\/product_brand?post=10257"},{"taxonomy":"product_cat","embeddable":true,"href":"https:\/\/adexa.ee\/en\/wp-json\/wp\/v2\/product_cat?post=10257"},{"taxonomy":"product_tag","embeddable":true,"href":"https:\/\/adexa.ee\/en\/wp-json\/wp\/v2\/product_tag?post=10257"}],"curies":[{"name":"wp","href":"https:\/\/api.w.org\/{rel}","templated":true}]}}