{"id":10305,"date":"2026-03-26T18:05:16","date_gmt":"2026-03-26T16:05:16","guid":{"rendered":"https:\/\/adexa.ee\/toode\/jahutatud-letikulmik-pagaritoostusele-3-uksega-sugavus-800mm-adexa-bc31\/"},"modified":"2026-03-26T18:05:18","modified_gmt":"2026-03-26T16:05:18","slug":"jahutuslett-pagaritoostusele-3-uksega-sugavus-800mm-adexa-bc31","status":"publish","type":"product","link":"https:\/\/adexa.ee\/en\/toode\/jahutuslett-pagaritoostusele-3-uksega-sugavus-800mm-adexa-bc31\/","title":{"rendered":"Jahutuslett Pagarit\u00f6\u00f6stusele 3-uksega S\u00fcgavus 800mm | Adexa BC31"},"content":{"rendered":"<p>See professionaalne pagari letik\u00fclmik pakub enam kui piisavalt usaldusv\u00e4\u00e4rset hoiuruumi suure hulga kiireks ligip\u00e4\u00e4suks vajalike koostisosade hoidmiseks. Leti peal on vastupidav roostevabast terasest pind, mis sobib ideaalselt pitsa- v\u00f5i leivatainaste ettevalmistamiseks. Kasutamine on samuti lihtne t\u00e4nu sisseehitatud digitaalsele juhtpaneelile ja kergesti reguleeritavatele riiulitele. Suurep\u00e4rase kvaliteediga ettevalmistuslett professionaalsetele restoranidele, pagarit\u00f6\u00f6kodadele ja toitlustusk\u00f6\u00f6kidele. CFC-vaba k\u00fclmaaine ja vaht AISI 304 roostevabast terasest raamkonstruktsioon P\u00f5hi \u00fcmardatud servadega lihtsaks puhastamiseks Ventileeritud jahutus paremaks \u00f5huringluseks Ise suletuvad uksed K\u00fcteelement ukseraamis, mis v\u00e4listab kondensatsiooni Elektrooniline termostaat ja digitaalne LED-temperatuurin\u00e4idik t\u00e4pseks juhtimiseks ja lihtsaks lugemiseks Automaatne sulatus ja kondensatsioonivee automaatne aurustumine Magnettihendid, mida saab vahetada ilma t\u00f6\u00f6riistu kasutamata M\u00f5eldud 600x400mm pagarialustele Dokumendid Kl\u00f5psake siin, et kasutusjuhend alla laadida Kl\u00f5psake siin, et vaadata plahvatuse vaadet Kl\u00f5psake siin, et alla laadida vastavusdeklaratsioon CE Konkreetse teabe saamiseks vaadake jaotist &#8220;Spetsifikatsioon&#8221;.<\/p>\n<table style=\"border-collapse: collapse; width: 100%; text-align: left;\">\n<tbody>\n<tr>\n<td style=\"border: 1px solid #ddd; padding: 8px; width: 45%;\"><strong>S\u00fcgavus<\/strong><\/td>\n<td style=\"border: 1px solid #ddd; padding: 8px;\">800 mm<\/td>\n<\/tr>\n<tr>\n<td style=\"border: 1px solid #ddd; padding: 8px; width: 45%;\"><strong>K\u00f5rgus<\/strong><\/td>\n<td style=\"border: 1px solid #ddd; padding: 8px;\">860 mm<\/td>\n<\/tr>\n<tr>\n<td style=\"border: 1px solid #ddd; padding: 8px; width: 45%;\"><strong>Laius<\/strong><\/td>\n<td style=\"border: 1px solid #ddd; padding: 8px;\">2020mm<\/td>\n<\/tr>\n<tr>\n<td style=\"border: 1px solid #ddd; padding: 8px; width: 45%;\"><strong>Kaal<\/strong><\/td>\n<td style=\"border: 1px solid #ddd; padding: 8px;\">142 kg<\/td>\n<\/tr>\n<tr>\n<td style=\"border: 1px solid #ddd; padding: 8px; width: 45%;\"><strong>Garantii<\/strong><\/td>\n<td style=\"border: 1px solid #ddd; padding: 8px;\">12 kuu varuosade garantii<\/td>\n<\/tr>\n<tr>\n<td style=\"border: 1px solid #ddd; padding: 8px; width: 45%;\"><strong>Mahutavus<\/strong><\/td>\n<td style=\"border: 1px solid #ddd; padding: 8px;\">635 liitrit<\/td>\n<\/tr>\n<tr>\n<td style=\"border: 1px solid #ddd; padding: 8px; width: 45%;\"><strong>Uksed \/ Sahtlid<\/strong><\/td>\n<td style=\"border: 1px solid #ddd; padding: 8px;\">3 ust<\/td>\n<\/tr>\n<tr>\n<td style=\"border: 1px solid #ddd; padding: 8px; width: 45%;\"><strong>Toiteallikas<\/strong><\/td>\n<td style=\"border: 1px solid #ddd; padding: 8px;\">230V \/ 1 faas<\/td>\n<\/tr>\n<tr>\n<td style=\"border: 1px solid #ddd; padding: 8px; width: 45%;\"><strong>Plaadi\/V\u00f5re suurus<\/strong><\/td>\n<td style=\"border: 1px solid #ddd; padding: 8px;\">600x400mm (uksed)<\/td>\n<\/tr>\n<tr>\n<td style=\"border: 1px solid #ddd; padding: 8px; width: 45%;\"><strong>Rullikud<\/strong><\/td>\n<td style=\"border: 1px solid #ddd; padding: 8px;\">Jah<\/td>\n<\/tr>\n<tr>\n<td style=\"border: 1px solid #ddd; padding: 8px; width: 45%;\"><strong>Riiulid<\/strong><\/td>\n<td style=\"border: 1px solid #ddd; padding: 8px;\">1 ukse kohta<\/td>\n<\/tr>\n<tr>\n<td style=\"border: 1px solid #ddd; padding: 8px; width: 45%;\"><strong>Materjal<\/strong><\/td>\n<td style=\"border: 1px solid #ddd; padding: 8px;\">Roostevaba teras<\/td>\n<\/tr>\n<tr>\n<td style=\"border: 1px solid #ddd; padding: 8px; width: 45%;\"><strong>Jahutamine<\/strong><\/td>\n<td style=\"border: 1px solid #ddd; padding: 8px;\">Ventileeritud<\/td>\n<\/tr>\n<tr>\n<td style=\"border: 1px solid #ddd; padding: 8px; width: 45%;\"><strong>Sulatamine<\/strong><\/td>\n<td style=\"border: 1px solid #ddd; padding: 8px;\">Automaatne<\/td>\n<\/tr>\n<tr>\n<td style=\"border: 1px solid #ddd; padding: 8px; width: 45%;\"><strong>Temperatuur<\/strong><\/td>\n<td style=\"border: 1px solid #ddd; padding: 8px;\">+2 \u00b0C kuni +8 \u00b0C<\/td>\n<\/tr>\n<tr>\n<td style=\"border: 1px solid #ddd; padding: 8px; width: 45%;\"><strong>T\u00f6\u00f6 pind<\/strong><\/td>\n<td style=\"border: 1px solid #ddd; padding: 8px;\">Roostevaba teras<\/td>\n<\/tr>\n<tr>\n<td style=\"border: 1px solid #ddd; padding: 8px; width: 45%;\"><strong>Kontrollid<\/strong><\/td>\n<td style=\"border: 1px solid #ddd; padding: 8px;\">Digitaalne<\/td>\n<\/tr>\n<\/tbody>\n<\/table>\n","protected":false},"excerpt":{"rendered":"<p>See professionaalne pagari letik\u00fclmik pakub enam kui piisavalt usaldusv\u00e4\u00e4rset hoiuruumi suure hulga kiireks ligip\u00e4\u00e4suks vajalike koostisosade hoidmiseks. Leti peal on<\/p>\n","protected":false},"featured_media":10307,"template":"","meta":[],"product_brand":[],"product_cat":[686,564,702,565,569,701,684],"product_tag":[],"class_list":{"0":"post-10305","1":"product","2":"type-product","3":"status-publish","4":"has-post-thumbnail","6":"product_cat-jahutusega-pitsaletid","7":"product_cat-jahutusseadmed","8":"product_cat-kolm-ukse-kontroller-kulmikut","9":"product_cat-letikulmikud","10":"product_cat-lopumuuk","11":"product_cat-pagari-jahutuskapid-letid","12":"product_cat-salati-ja-voileiva-valmistamise-letid","14":"first","15":"instock","16":"sale","17":"taxable","18":"shipping-taxable","19":"purchasable","20":"product-type-simple"},"yoast_head":"<!-- This site is optimized with the Yoast SEO plugin v27.3 - https:\/\/yoast.com\/product\/yoast-seo-wordpress\/ -->\n<title>Jahutuslett Pagarit\u00f6\u00f6stusele 3-uksega S\u00fcgavus 800mm | Adexa BC31 - Adexa \u2013 Suurk\u00f6\u00f6giseadmed restoranidele ja toitlustusele<\/title>\n<meta name=\"robots\" content=\"index, follow, max-snippet:-1, max-image-preview:large, max-video-preview:-1\" \/>\n<link rel=\"canonical\" href=\"https:\/\/adexa.ee\/toode\/jahutuslett-pagaritoostusele-3-uksega-sugavus-800mm-adexa-bc31\/\" \/>\n<meta property=\"og:locale\" content=\"en_US\" \/>\n<meta property=\"og:type\" content=\"article\" \/>\n<meta property=\"og:title\" content=\"Jahutuslett Pagarit\u00f6\u00f6stusele 3-uksega S\u00fcgavus 800mm | Adexa BC31 - Adexa \u2013 Suurk\u00f6\u00f6giseadmed restoranidele ja toitlustusele\" \/>\n<meta property=\"og:description\" content=\"See professionaalne pagari letik\u00fclmik pakub enam kui piisavalt usaldusv\u00e4\u00e4rset hoiuruumi suure hulga kiireks ligip\u00e4\u00e4suks vajalike koostisosade hoidmiseks. Leti peal on\" \/>\n<meta property=\"og:url\" content=\"https:\/\/adexa.ee\/toode\/jahutuslett-pagaritoostusele-3-uksega-sugavus-800mm-adexa-bc31\/\" \/>\n<meta property=\"og:site_name\" content=\"Adexa \u2013 Suurk\u00f6\u00f6giseadmed restoranidele ja toitlustusele\" \/>\n<meta property=\"article:modified_time\" content=\"2026-03-26T16:05:18+00:00\" \/>\n<meta property=\"og:image\" content=\"https:\/\/adexa.ee\/wp-content\/uploads\/2024\/12\/FG31V.jpg\" \/>\n\t<meta property=\"og:image:width\" content=\"1200\" \/>\n\t<meta property=\"og:image:height\" content=\"1200\" \/>\n\t<meta property=\"og:image:type\" content=\"image\/jpeg\" \/>\n<meta name=\"twitter:card\" content=\"summary_large_image\" \/>\n<meta name=\"twitter:label1\" content=\"Est. reading time\" \/>\n\t<meta name=\"twitter:data1\" content=\"1 minute\" \/>\n<script type=\"application\/ld+json\" class=\"yoast-schema-graph\">{\"@context\":\"https:\\\/\\\/schema.org\",\"@graph\":[{\"@type\":\"WebPage\",\"@id\":\"https:\\\/\\\/adexa.ee\\\/toode\\\/jahutuslett-pagaritoostusele-3-uksega-sugavus-800mm-adexa-bc31\\\/\",\"url\":\"https:\\\/\\\/adexa.ee\\\/toode\\\/jahutuslett-pagaritoostusele-3-uksega-sugavus-800mm-adexa-bc31\\\/\",\"name\":\"Jahutuslett Pagarit\u00f6\u00f6stusele 3-uksega S\u00fcgavus 800mm | Adexa BC31 - Adexa \u2013 Suurk\u00f6\u00f6giseadmed restoranidele ja toitlustusele\",\"isPartOf\":{\"@id\":\"https:\\\/\\\/adexa.ee\\\/#website\"},\"primaryImageOfPage\":{\"@id\":\"https:\\\/\\\/adexa.ee\\\/toode\\\/jahutuslett-pagaritoostusele-3-uksega-sugavus-800mm-adexa-bc31\\\/#primaryimage\"},\"image\":{\"@id\":\"https:\\\/\\\/adexa.ee\\\/toode\\\/jahutuslett-pagaritoostusele-3-uksega-sugavus-800mm-adexa-bc31\\\/#primaryimage\"},\"thumbnailUrl\":\"https:\\\/\\\/adexa.ee\\\/wp-content\\\/uploads\\\/2024\\\/12\\\/FG31V.jpg\",\"datePublished\":\"2026-03-26T16:05:16+00:00\",\"dateModified\":\"2026-03-26T16:05:18+00:00\",\"breadcrumb\":{\"@id\":\"https:\\\/\\\/adexa.ee\\\/toode\\\/jahutuslett-pagaritoostusele-3-uksega-sugavus-800mm-adexa-bc31\\\/#breadcrumb\"},\"inLanguage\":\"en-US\",\"potentialAction\":[{\"@type\":\"ReadAction\",\"target\":[\"https:\\\/\\\/adexa.ee\\\/toode\\\/jahutuslett-pagaritoostusele-3-uksega-sugavus-800mm-adexa-bc31\\\/\"]}]},{\"@type\":\"ImageObject\",\"inLanguage\":\"en-US\",\"@id\":\"https:\\\/\\\/adexa.ee\\\/toode\\\/jahutuslett-pagaritoostusele-3-uksega-sugavus-800mm-adexa-bc31\\\/#primaryimage\",\"url\":\"https:\\\/\\\/adexa.ee\\\/wp-content\\\/uploads\\\/2024\\\/12\\\/FG31V.jpg\",\"contentUrl\":\"https:\\\/\\\/adexa.ee\\\/wp-content\\\/uploads\\\/2024\\\/12\\\/FG31V.jpg\",\"width\":1200,\"height\":1200},{\"@type\":\"BreadcrumbList\",\"@id\":\"https:\\\/\\\/adexa.ee\\\/toode\\\/jahutuslett-pagaritoostusele-3-uksega-sugavus-800mm-adexa-bc31\\\/#breadcrumb\",\"itemListElement\":[{\"@type\":\"ListItem\",\"position\":1,\"name\":\"Home\",\"item\":\"https:\\\/\\\/adexa.ee\\\/\"},{\"@type\":\"ListItem\",\"position\":2,\"name\":\"Tooted\",\"item\":\"https:\\\/\\\/adexa.ee\\\/pood\\\/\"},{\"@type\":\"ListItem\",\"position\":3,\"name\":\"Jahutuslett Pagarit\u00f6\u00f6stusele 3-uksega S\u00fcgavus 800mm | Adexa BC31\"}]},{\"@type\":\"WebSite\",\"@id\":\"https:\\\/\\\/adexa.ee\\\/#website\",\"url\":\"https:\\\/\\\/adexa.ee\\\/\",\"name\":\"Adexa\",\"description\":\"\",\"publisher\":{\"@id\":\"https:\\\/\\\/adexa.ee\\\/#organization\"},\"potentialAction\":[{\"@type\":\"SearchAction\",\"target\":{\"@type\":\"EntryPoint\",\"urlTemplate\":\"https:\\\/\\\/adexa.ee\\\/?s={search_term_string}\"},\"query-input\":{\"@type\":\"PropertyValueSpecification\",\"valueRequired\":true,\"valueName\":\"search_term_string\"}}],\"inLanguage\":\"en-US\"},{\"@type\":\"Organization\",\"@id\":\"https:\\\/\\\/adexa.ee\\\/#organization\",\"name\":\"Adexa\",\"url\":\"https:\\\/\\\/adexa.ee\\\/\",\"logo\":{\"@type\":\"ImageObject\",\"inLanguage\":\"en-US\",\"@id\":\"https:\\\/\\\/adexa.ee\\\/#\\\/schema\\\/logo\\\/image\\\/\",\"url\":\"https:\\\/\\\/adexa.ee\\\/wp-content\\\/uploads\\\/2024\\\/04\\\/chef-cooks-working-in-professional-kitchen-2023-11-27-05-07-39-utc-scaled.jpg\",\"contentUrl\":\"https:\\\/\\\/adexa.ee\\\/wp-content\\\/uploads\\\/2024\\\/04\\\/chef-cooks-working-in-professional-kitchen-2023-11-27-05-07-39-utc-scaled.jpg\",\"width\":2560,\"height\":1708,\"caption\":\"Adexa\"},\"image\":{\"@id\":\"https:\\\/\\\/adexa.ee\\\/#\\\/schema\\\/logo\\\/image\\\/\"}}]}<\/script>\n<!-- \/ Yoast SEO plugin. -->","yoast_head_json":{"title":"Jahutuslett Pagarit\u00f6\u00f6stusele 3-uksega S\u00fcgavus 800mm | Adexa BC31 - Adexa \u2013 Suurk\u00f6\u00f6giseadmed restoranidele ja toitlustusele","robots":{"index":"index","follow":"follow","max-snippet":"max-snippet:-1","max-image-preview":"max-image-preview:large","max-video-preview":"max-video-preview:-1"},"canonical":"https:\/\/adexa.ee\/toode\/jahutuslett-pagaritoostusele-3-uksega-sugavus-800mm-adexa-bc31\/","og_locale":"en_US","og_type":"article","og_title":"Jahutuslett Pagarit\u00f6\u00f6stusele 3-uksega S\u00fcgavus 800mm | Adexa BC31 - Adexa \u2013 Suurk\u00f6\u00f6giseadmed restoranidele ja toitlustusele","og_description":"See professionaalne pagari letik\u00fclmik pakub enam kui piisavalt usaldusv\u00e4\u00e4rset hoiuruumi suure hulga kiireks ligip\u00e4\u00e4suks vajalike koostisosade hoidmiseks. Leti peal on","og_url":"https:\/\/adexa.ee\/toode\/jahutuslett-pagaritoostusele-3-uksega-sugavus-800mm-adexa-bc31\/","og_site_name":"Adexa \u2013 Suurk\u00f6\u00f6giseadmed restoranidele ja toitlustusele","article_modified_time":"2026-03-26T16:05:18+00:00","og_image":[{"width":1200,"height":1200,"url":"https:\/\/adexa.ee\/wp-content\/uploads\/2024\/12\/FG31V.jpg","type":"image\/jpeg"}],"twitter_card":"summary_large_image","twitter_misc":{"Est. reading time":"1 minute"},"schema":{"@context":"https:\/\/schema.org","@graph":[{"@type":"WebPage","@id":"https:\/\/adexa.ee\/toode\/jahutuslett-pagaritoostusele-3-uksega-sugavus-800mm-adexa-bc31\/","url":"https:\/\/adexa.ee\/toode\/jahutuslett-pagaritoostusele-3-uksega-sugavus-800mm-adexa-bc31\/","name":"Jahutuslett Pagarit\u00f6\u00f6stusele 3-uksega S\u00fcgavus 800mm | Adexa BC31 - Adexa \u2013 Suurk\u00f6\u00f6giseadmed restoranidele ja toitlustusele","isPartOf":{"@id":"https:\/\/adexa.ee\/#website"},"primaryImageOfPage":{"@id":"https:\/\/adexa.ee\/toode\/jahutuslett-pagaritoostusele-3-uksega-sugavus-800mm-adexa-bc31\/#primaryimage"},"image":{"@id":"https:\/\/adexa.ee\/toode\/jahutuslett-pagaritoostusele-3-uksega-sugavus-800mm-adexa-bc31\/#primaryimage"},"thumbnailUrl":"https:\/\/adexa.ee\/wp-content\/uploads\/2024\/12\/FG31V.jpg","datePublished":"2026-03-26T16:05:16+00:00","dateModified":"2026-03-26T16:05:18+00:00","breadcrumb":{"@id":"https:\/\/adexa.ee\/toode\/jahutuslett-pagaritoostusele-3-uksega-sugavus-800mm-adexa-bc31\/#breadcrumb"},"inLanguage":"en-US","potentialAction":[{"@type":"ReadAction","target":["https:\/\/adexa.ee\/toode\/jahutuslett-pagaritoostusele-3-uksega-sugavus-800mm-adexa-bc31\/"]}]},{"@type":"ImageObject","inLanguage":"en-US","@id":"https:\/\/adexa.ee\/toode\/jahutuslett-pagaritoostusele-3-uksega-sugavus-800mm-adexa-bc31\/#primaryimage","url":"https:\/\/adexa.ee\/wp-content\/uploads\/2024\/12\/FG31V.jpg","contentUrl":"https:\/\/adexa.ee\/wp-content\/uploads\/2024\/12\/FG31V.jpg","width":1200,"height":1200},{"@type":"BreadcrumbList","@id":"https:\/\/adexa.ee\/toode\/jahutuslett-pagaritoostusele-3-uksega-sugavus-800mm-adexa-bc31\/#breadcrumb","itemListElement":[{"@type":"ListItem","position":1,"name":"Home","item":"https:\/\/adexa.ee\/"},{"@type":"ListItem","position":2,"name":"Tooted","item":"https:\/\/adexa.ee\/pood\/"},{"@type":"ListItem","position":3,"name":"Jahutuslett Pagarit\u00f6\u00f6stusele 3-uksega S\u00fcgavus 800mm | Adexa BC31"}]},{"@type":"WebSite","@id":"https:\/\/adexa.ee\/#website","url":"https:\/\/adexa.ee\/","name":"Adexa","description":"","publisher":{"@id":"https:\/\/adexa.ee\/#organization"},"potentialAction":[{"@type":"SearchAction","target":{"@type":"EntryPoint","urlTemplate":"https:\/\/adexa.ee\/?s={search_term_string}"},"query-input":{"@type":"PropertyValueSpecification","valueRequired":true,"valueName":"search_term_string"}}],"inLanguage":"en-US"},{"@type":"Organization","@id":"https:\/\/adexa.ee\/#organization","name":"Adexa","url":"https:\/\/adexa.ee\/","logo":{"@type":"ImageObject","inLanguage":"en-US","@id":"https:\/\/adexa.ee\/#\/schema\/logo\/image\/","url":"https:\/\/adexa.ee\/wp-content\/uploads\/2024\/04\/chef-cooks-working-in-professional-kitchen-2023-11-27-05-07-39-utc-scaled.jpg","contentUrl":"https:\/\/adexa.ee\/wp-content\/uploads\/2024\/04\/chef-cooks-working-in-professional-kitchen-2023-11-27-05-07-39-utc-scaled.jpg","width":2560,"height":1708,"caption":"Adexa"},"image":{"@id":"https:\/\/adexa.ee\/#\/schema\/logo\/image\/"}}]}},"_links":{"self":[{"href":"https:\/\/adexa.ee\/en\/wp-json\/wp\/v2\/product\/10305","targetHints":{"allow":["GET"]}}],"collection":[{"href":"https:\/\/adexa.ee\/en\/wp-json\/wp\/v2\/product"}],"about":[{"href":"https:\/\/adexa.ee\/en\/wp-json\/wp\/v2\/types\/product"}],"wp:featuredmedia":[{"embeddable":true,"href":"https:\/\/adexa.ee\/en\/wp-json\/wp\/v2\/media\/10307"}],"wp:attachment":[{"href":"https:\/\/adexa.ee\/en\/wp-json\/wp\/v2\/media?parent=10305"}],"wp:term":[{"taxonomy":"product_brand","embeddable":true,"href":"https:\/\/adexa.ee\/en\/wp-json\/wp\/v2\/product_brand?post=10305"},{"taxonomy":"product_cat","embeddable":true,"href":"https:\/\/adexa.ee\/en\/wp-json\/wp\/v2\/product_cat?post=10305"},{"taxonomy":"product_tag","embeddable":true,"href":"https:\/\/adexa.ee\/en\/wp-json\/wp\/v2\/product_tag?post=10305"}],"curies":[{"name":"wp","href":"https:\/\/api.w.org\/{rel}","templated":true}]}}