{"id":10424,"date":"2026-03-26T09:05:50","date_gmt":"2026-03-26T07:05:50","guid":{"rendered":"https:\/\/adexa.ee\/toode\/elektriline-suutegrilli-nou-ummargune-klaaskaanega-roostevaba-teras-6-liitrit-adexa-ecd06de\/"},"modified":"2026-03-26T09:05:55","modified_gmt":"2026-03-26T07:05:55","slug":"elektriline-marmiit-ummargune-klaaskaanega-roostevaba-teras-6-liitrit-adexa-ecd06de","status":"publish","type":"product","link":"https:\/\/adexa.ee\/en\/toode\/elektriline-marmiit-ummargune-klaaskaanega-roostevaba-teras-6-liitrit-adexa-ecd06de\/","title":{"rendered":"Elektriline Marmiit \u00dcmmargune Klaaskaanega Roostevaba teras 6 liitrit | Adexa ECD06DE"},"content":{"rendered":"<p>Atraktiivne toiduesitlus, mis on ideaalne kasutamiseks buffeedel, kvaliteetne roostevabast terasest konstruktsioon koos kaanes oleva klaasosaga, mis v\u00f5imaldab toitu kuvada ka kaetud olekus. See kommertskasutuseks m\u00f5eldud s\u00fc\u00fctegrill on turvalisem kui traditsioonilised lahendused, kuna puuduvad lahtised leegid. H\u00fcdrauliline kaane avamis- ja sulgemiss\u00fcsteem tagab parema ohutuse ja lihtsama kasutamise. See toitlustusasutuste s\u00fc\u00fctegrilli n\u00f5u t\u00f6\u00f6tab sisemisel elektrilisel k\u00fcttelaual. Dokumentatsioon Vajuta siia, et alla laadida kasutusjuhend. \u00dcksikasjalikku teavet leiate allpool jaotises \u201eSpetsifikatsioon\u201c.<\/p>\n<table style=\"border-collapse: collapse; width: 100%; text-align: left;\">\n<tbody>\n<tr>\n<td style=\"border: 1px solid #ddd; padding: 8px; width: 45%;\"><strong>S\u00fcgavus<\/strong><\/td>\n<td style=\"border: 1px solid #ddd; padding: 8px;\">330 mm<\/td>\n<\/tr>\n<tr>\n<td style=\"border: 1px solid #ddd; padding: 8px; width: 45%;\"><strong>K\u00f5rgus<\/strong><\/td>\n<td style=\"border: 1px solid #ddd; padding: 8px;\">220 mm<\/td>\n<\/tr>\n<tr>\n<td style=\"border: 1px solid #ddd; padding: 8px; width: 45%;\"><strong>Laius<\/strong><\/td>\n<td style=\"border: 1px solid #ddd; padding: 8px;\">405 mm<\/td>\n<\/tr>\n<tr>\n<td style=\"border: 1px solid #ddd; padding: 8px; width: 45%;\"><strong>Kaal<\/strong><\/td>\n<td style=\"border: 1px solid #ddd; padding: 8px;\">3,7 kg<\/td>\n<\/tr>\n<tr>\n<td style=\"border: 1px solid #ddd; padding: 8px; width: 45%;\"><strong>Garantii<\/strong><\/td>\n<td style=\"border: 1px solid #ddd; padding: 8px;\">12 kuu varuosade garantii<\/td>\n<\/tr>\n<tr>\n<td style=\"border: 1px solid #ddd; padding: 8px; width: 45%;\"><strong>Toiteallikas<\/strong><\/td>\n<td style=\"border: 1px solid #ddd; padding: 8px;\">230V \/ 1 faas<\/td>\n<\/tr>\n<tr>\n<td style=\"border: 1px solid #ddd; padding: 8px; width: 45%;\"><strong>Materjal<\/strong><\/td>\n<td style=\"border: 1px solid #ddd; padding: 8px;\">Roostevaba teras<\/td>\n<\/tr>\n<tr>\n<td style=\"border: 1px solid #ddd; padding: 8px; width: 45%;\"><strong>L\u00e4bim\u00f5\u00f5t (kauss)<\/strong><\/td>\n<td style=\"border: 1px solid #ddd; padding: 8px;\">300 mm<\/td>\n<\/tr>\n<\/tbody>\n<\/table>\n","protected":false},"excerpt":{"rendered":"<p>Atraktiivne toiduesitlus, mis on ideaalne kasutamiseks buffeedel, kvaliteetne roostevabast terasest konstruktsioon koos kaanes oleva klaasosaga, mis v\u00f5imaldab toitu kuvada ka<\/p>\n","protected":false},"featured_media":10426,"template":"","meta":[],"product_brand":[],"product_cat":[557,639,640,586,558],"product_tag":[],"class_list":{"0":"post-10424","1":"product","2":"type-product","3":"status-publish","4":"has-post-thumbnail","6":"product_cat-kupsetusseadmed","7":"product_cat-chafing-kaaned","8":"product_cat-chafing-kaaned-toidu-soojendamine","9":"product_cat-serveerimine","10":"product_cat-toidu-soojendamine","12":"first","13":"instock","14":"sale","15":"taxable","16":"shipping-taxable","17":"purchasable","18":"product-type-simple"},"yoast_head":"<!-- This site is optimized with the Yoast SEO plugin v27.3 - https:\/\/yoast.com\/product\/yoast-seo-wordpress\/ -->\n<title>Elektriline Marmiit \u00dcmmargune Klaaskaanega Roostevaba teras 6 liitrit | Adexa ECD06DE - Adexa \u2013 Suurk\u00f6\u00f6giseadmed restoranidele ja toitlustusele<\/title>\n<meta name=\"robots\" content=\"index, follow, max-snippet:-1, max-image-preview:large, max-video-preview:-1\" \/>\n<link rel=\"canonical\" href=\"https:\/\/adexa.ee\/toode\/elektriline-marmiit-ummargune-klaaskaanega-roostevaba-teras-6-liitrit-adexa-ecd06de\/\" \/>\n<meta property=\"og:locale\" content=\"en_US\" \/>\n<meta property=\"og:type\" content=\"article\" \/>\n<meta property=\"og:title\" content=\"Elektriline Marmiit \u00dcmmargune Klaaskaanega Roostevaba teras 6 liitrit | Adexa ECD06DE - Adexa \u2013 Suurk\u00f6\u00f6giseadmed restoranidele ja toitlustusele\" \/>\n<meta property=\"og:description\" content=\"Atraktiivne toiduesitlus, mis on ideaalne kasutamiseks buffeedel, kvaliteetne roostevabast terasest konstruktsioon koos kaanes oleva klaasosaga, mis v\u00f5imaldab toitu kuvada ka\" \/>\n<meta property=\"og:url\" content=\"https:\/\/adexa.ee\/toode\/elektriline-marmiit-ummargune-klaaskaanega-roostevaba-teras-6-liitrit-adexa-ecd06de\/\" \/>\n<meta property=\"og:site_name\" content=\"Adexa \u2013 Suurk\u00f6\u00f6giseadmed restoranidele ja toitlustusele\" \/>\n<meta property=\"article:modified_time\" content=\"2026-03-26T07:05:55+00:00\" \/>\n<meta property=\"og:image\" content=\"https:\/\/adexa.ee\/wp-content\/uploads\/2024\/12\/ECD06.jpg\" \/>\n\t<meta property=\"og:image:width\" content=\"1502\" \/>\n\t<meta property=\"og:image:height\" content=\"1502\" \/>\n\t<meta property=\"og:image:type\" content=\"image\/jpeg\" \/>\n<meta name=\"twitter:card\" content=\"summary_large_image\" \/>\n<meta name=\"twitter:label1\" content=\"Est. reading time\" \/>\n\t<meta name=\"twitter:data1\" content=\"1 minute\" \/>\n<script type=\"application\/ld+json\" class=\"yoast-schema-graph\">{\"@context\":\"https:\\\/\\\/schema.org\",\"@graph\":[{\"@type\":\"WebPage\",\"@id\":\"https:\\\/\\\/adexa.ee\\\/toode\\\/elektriline-marmiit-ummargune-klaaskaanega-roostevaba-teras-6-liitrit-adexa-ecd06de\\\/\",\"url\":\"https:\\\/\\\/adexa.ee\\\/toode\\\/elektriline-marmiit-ummargune-klaaskaanega-roostevaba-teras-6-liitrit-adexa-ecd06de\\\/\",\"name\":\"Elektriline Marmiit \u00dcmmargune Klaaskaanega Roostevaba teras 6 liitrit | Adexa ECD06DE - Adexa \u2013 Suurk\u00f6\u00f6giseadmed restoranidele ja toitlustusele\",\"isPartOf\":{\"@id\":\"https:\\\/\\\/adexa.ee\\\/#website\"},\"primaryImageOfPage\":{\"@id\":\"https:\\\/\\\/adexa.ee\\\/toode\\\/elektriline-marmiit-ummargune-klaaskaanega-roostevaba-teras-6-liitrit-adexa-ecd06de\\\/#primaryimage\"},\"image\":{\"@id\":\"https:\\\/\\\/adexa.ee\\\/toode\\\/elektriline-marmiit-ummargune-klaaskaanega-roostevaba-teras-6-liitrit-adexa-ecd06de\\\/#primaryimage\"},\"thumbnailUrl\":\"https:\\\/\\\/adexa.ee\\\/wp-content\\\/uploads\\\/2024\\\/12\\\/ECD06.jpg\",\"datePublished\":\"2026-03-26T07:05:50+00:00\",\"dateModified\":\"2026-03-26T07:05:55+00:00\",\"breadcrumb\":{\"@id\":\"https:\\\/\\\/adexa.ee\\\/toode\\\/elektriline-marmiit-ummargune-klaaskaanega-roostevaba-teras-6-liitrit-adexa-ecd06de\\\/#breadcrumb\"},\"inLanguage\":\"en-US\",\"potentialAction\":[{\"@type\":\"ReadAction\",\"target\":[\"https:\\\/\\\/adexa.ee\\\/toode\\\/elektriline-marmiit-ummargune-klaaskaanega-roostevaba-teras-6-liitrit-adexa-ecd06de\\\/\"]}]},{\"@type\":\"ImageObject\",\"inLanguage\":\"en-US\",\"@id\":\"https:\\\/\\\/adexa.ee\\\/toode\\\/elektriline-marmiit-ummargune-klaaskaanega-roostevaba-teras-6-liitrit-adexa-ecd06de\\\/#primaryimage\",\"url\":\"https:\\\/\\\/adexa.ee\\\/wp-content\\\/uploads\\\/2024\\\/12\\\/ECD06.jpg\",\"contentUrl\":\"https:\\\/\\\/adexa.ee\\\/wp-content\\\/uploads\\\/2024\\\/12\\\/ECD06.jpg\",\"width\":1502,\"height\":1502},{\"@type\":\"BreadcrumbList\",\"@id\":\"https:\\\/\\\/adexa.ee\\\/toode\\\/elektriline-marmiit-ummargune-klaaskaanega-roostevaba-teras-6-liitrit-adexa-ecd06de\\\/#breadcrumb\",\"itemListElement\":[{\"@type\":\"ListItem\",\"position\":1,\"name\":\"Home\",\"item\":\"https:\\\/\\\/adexa.ee\\\/\"},{\"@type\":\"ListItem\",\"position\":2,\"name\":\"Tooted\",\"item\":\"https:\\\/\\\/adexa.ee\\\/pood\\\/\"},{\"@type\":\"ListItem\",\"position\":3,\"name\":\"Elektriline Marmiit \u00dcmmargune Klaaskaanega Roostevaba teras 6 liitrit | Adexa ECD06DE\"}]},{\"@type\":\"WebSite\",\"@id\":\"https:\\\/\\\/adexa.ee\\\/#website\",\"url\":\"https:\\\/\\\/adexa.ee\\\/\",\"name\":\"Adexa\",\"description\":\"\",\"publisher\":{\"@id\":\"https:\\\/\\\/adexa.ee\\\/#organization\"},\"potentialAction\":[{\"@type\":\"SearchAction\",\"target\":{\"@type\":\"EntryPoint\",\"urlTemplate\":\"https:\\\/\\\/adexa.ee\\\/?s={search_term_string}\"},\"query-input\":{\"@type\":\"PropertyValueSpecification\",\"valueRequired\":true,\"valueName\":\"search_term_string\"}}],\"inLanguage\":\"en-US\"},{\"@type\":\"Organization\",\"@id\":\"https:\\\/\\\/adexa.ee\\\/#organization\",\"name\":\"Adexa\",\"url\":\"https:\\\/\\\/adexa.ee\\\/\",\"logo\":{\"@type\":\"ImageObject\",\"inLanguage\":\"en-US\",\"@id\":\"https:\\\/\\\/adexa.ee\\\/#\\\/schema\\\/logo\\\/image\\\/\",\"url\":\"https:\\\/\\\/adexa.ee\\\/wp-content\\\/uploads\\\/2024\\\/04\\\/chef-cooks-working-in-professional-kitchen-2023-11-27-05-07-39-utc-scaled.jpg\",\"contentUrl\":\"https:\\\/\\\/adexa.ee\\\/wp-content\\\/uploads\\\/2024\\\/04\\\/chef-cooks-working-in-professional-kitchen-2023-11-27-05-07-39-utc-scaled.jpg\",\"width\":2560,\"height\":1708,\"caption\":\"Adexa\"},\"image\":{\"@id\":\"https:\\\/\\\/adexa.ee\\\/#\\\/schema\\\/logo\\\/image\\\/\"}}]}<\/script>\n<!-- \/ Yoast SEO plugin. -->","yoast_head_json":{"title":"Elektriline Marmiit \u00dcmmargune Klaaskaanega Roostevaba teras 6 liitrit | Adexa ECD06DE - Adexa \u2013 Suurk\u00f6\u00f6giseadmed restoranidele ja toitlustusele","robots":{"index":"index","follow":"follow","max-snippet":"max-snippet:-1","max-image-preview":"max-image-preview:large","max-video-preview":"max-video-preview:-1"},"canonical":"https:\/\/adexa.ee\/toode\/elektriline-marmiit-ummargune-klaaskaanega-roostevaba-teras-6-liitrit-adexa-ecd06de\/","og_locale":"en_US","og_type":"article","og_title":"Elektriline Marmiit \u00dcmmargune Klaaskaanega Roostevaba teras 6 liitrit | Adexa ECD06DE - Adexa \u2013 Suurk\u00f6\u00f6giseadmed restoranidele ja toitlustusele","og_description":"Atraktiivne toiduesitlus, mis on ideaalne kasutamiseks buffeedel, kvaliteetne roostevabast terasest konstruktsioon koos kaanes oleva klaasosaga, mis v\u00f5imaldab toitu kuvada ka","og_url":"https:\/\/adexa.ee\/toode\/elektriline-marmiit-ummargune-klaaskaanega-roostevaba-teras-6-liitrit-adexa-ecd06de\/","og_site_name":"Adexa \u2013 Suurk\u00f6\u00f6giseadmed restoranidele ja toitlustusele","article_modified_time":"2026-03-26T07:05:55+00:00","og_image":[{"width":1502,"height":1502,"url":"https:\/\/adexa.ee\/wp-content\/uploads\/2024\/12\/ECD06.jpg","type":"image\/jpeg"}],"twitter_card":"summary_large_image","twitter_misc":{"Est. reading time":"1 minute"},"schema":{"@context":"https:\/\/schema.org","@graph":[{"@type":"WebPage","@id":"https:\/\/adexa.ee\/toode\/elektriline-marmiit-ummargune-klaaskaanega-roostevaba-teras-6-liitrit-adexa-ecd06de\/","url":"https:\/\/adexa.ee\/toode\/elektriline-marmiit-ummargune-klaaskaanega-roostevaba-teras-6-liitrit-adexa-ecd06de\/","name":"Elektriline Marmiit \u00dcmmargune Klaaskaanega Roostevaba teras 6 liitrit | Adexa ECD06DE - Adexa \u2013 Suurk\u00f6\u00f6giseadmed restoranidele ja toitlustusele","isPartOf":{"@id":"https:\/\/adexa.ee\/#website"},"primaryImageOfPage":{"@id":"https:\/\/adexa.ee\/toode\/elektriline-marmiit-ummargune-klaaskaanega-roostevaba-teras-6-liitrit-adexa-ecd06de\/#primaryimage"},"image":{"@id":"https:\/\/adexa.ee\/toode\/elektriline-marmiit-ummargune-klaaskaanega-roostevaba-teras-6-liitrit-adexa-ecd06de\/#primaryimage"},"thumbnailUrl":"https:\/\/adexa.ee\/wp-content\/uploads\/2024\/12\/ECD06.jpg","datePublished":"2026-03-26T07:05:50+00:00","dateModified":"2026-03-26T07:05:55+00:00","breadcrumb":{"@id":"https:\/\/adexa.ee\/toode\/elektriline-marmiit-ummargune-klaaskaanega-roostevaba-teras-6-liitrit-adexa-ecd06de\/#breadcrumb"},"inLanguage":"en-US","potentialAction":[{"@type":"ReadAction","target":["https:\/\/adexa.ee\/toode\/elektriline-marmiit-ummargune-klaaskaanega-roostevaba-teras-6-liitrit-adexa-ecd06de\/"]}]},{"@type":"ImageObject","inLanguage":"en-US","@id":"https:\/\/adexa.ee\/toode\/elektriline-marmiit-ummargune-klaaskaanega-roostevaba-teras-6-liitrit-adexa-ecd06de\/#primaryimage","url":"https:\/\/adexa.ee\/wp-content\/uploads\/2024\/12\/ECD06.jpg","contentUrl":"https:\/\/adexa.ee\/wp-content\/uploads\/2024\/12\/ECD06.jpg","width":1502,"height":1502},{"@type":"BreadcrumbList","@id":"https:\/\/adexa.ee\/toode\/elektriline-marmiit-ummargune-klaaskaanega-roostevaba-teras-6-liitrit-adexa-ecd06de\/#breadcrumb","itemListElement":[{"@type":"ListItem","position":1,"name":"Home","item":"https:\/\/adexa.ee\/"},{"@type":"ListItem","position":2,"name":"Tooted","item":"https:\/\/adexa.ee\/pood\/"},{"@type":"ListItem","position":3,"name":"Elektriline Marmiit \u00dcmmargune Klaaskaanega Roostevaba teras 6 liitrit | Adexa ECD06DE"}]},{"@type":"WebSite","@id":"https:\/\/adexa.ee\/#website","url":"https:\/\/adexa.ee\/","name":"Adexa","description":"","publisher":{"@id":"https:\/\/adexa.ee\/#organization"},"potentialAction":[{"@type":"SearchAction","target":{"@type":"EntryPoint","urlTemplate":"https:\/\/adexa.ee\/?s={search_term_string}"},"query-input":{"@type":"PropertyValueSpecification","valueRequired":true,"valueName":"search_term_string"}}],"inLanguage":"en-US"},{"@type":"Organization","@id":"https:\/\/adexa.ee\/#organization","name":"Adexa","url":"https:\/\/adexa.ee\/","logo":{"@type":"ImageObject","inLanguage":"en-US","@id":"https:\/\/adexa.ee\/#\/schema\/logo\/image\/","url":"https:\/\/adexa.ee\/wp-content\/uploads\/2024\/04\/chef-cooks-working-in-professional-kitchen-2023-11-27-05-07-39-utc-scaled.jpg","contentUrl":"https:\/\/adexa.ee\/wp-content\/uploads\/2024\/04\/chef-cooks-working-in-professional-kitchen-2023-11-27-05-07-39-utc-scaled.jpg","width":2560,"height":1708,"caption":"Adexa"},"image":{"@id":"https:\/\/adexa.ee\/#\/schema\/logo\/image\/"}}]}},"_links":{"self":[{"href":"https:\/\/adexa.ee\/en\/wp-json\/wp\/v2\/product\/10424","targetHints":{"allow":["GET"]}}],"collection":[{"href":"https:\/\/adexa.ee\/en\/wp-json\/wp\/v2\/product"}],"about":[{"href":"https:\/\/adexa.ee\/en\/wp-json\/wp\/v2\/types\/product"}],"wp:featuredmedia":[{"embeddable":true,"href":"https:\/\/adexa.ee\/en\/wp-json\/wp\/v2\/media\/10426"}],"wp:attachment":[{"href":"https:\/\/adexa.ee\/en\/wp-json\/wp\/v2\/media?parent=10424"}],"wp:term":[{"taxonomy":"product_brand","embeddable":true,"href":"https:\/\/adexa.ee\/en\/wp-json\/wp\/v2\/product_brand?post=10424"},{"taxonomy":"product_cat","embeddable":true,"href":"https:\/\/adexa.ee\/en\/wp-json\/wp\/v2\/product_cat?post=10424"},{"taxonomy":"product_tag","embeddable":true,"href":"https:\/\/adexa.ee\/en\/wp-json\/wp\/v2\/product_tag?post=10424"}],"curies":[{"name":"wp","href":"https:\/\/api.w.org\/{rel}","templated":true}]}}