{"id":10436,"date":"2026-03-26T09:05:50","date_gmt":"2026-03-26T07:05:50","guid":{"rendered":"https:\/\/adexa.ee\/toode\/kaubanduslik-toopinna-porandakapp-2-lukandust-roostevaba-teras-1400x600x850mm-servaaaris-adexa-scp14060b\/"},"modified":"2026-03-26T09:05:57","modified_gmt":"2026-03-26T07:05:57","slug":"toopind-porandakapp-2-lukandust-roostevaba-teras-1400x600x850mm-pritsmekaitse-adexa-scp14060b","status":"publish","type":"product","link":"https:\/\/adexa.ee\/en\/toode\/toopind-porandakapp-2-lukandust-roostevaba-teras-1400x600x850mm-pritsmekaitse-adexa-scp14060b\/","title":{"rendered":"T\u00f6\u00f6pind P\u00f5randakapp 2 L\u00fckandust Roostevaba Teras 1400X600X850Mm Pritsmekaitse | Adexa Scp14060B"},"content":{"rendered":"<p>See roostevabast terasest kapp sobib ideaalselt kasutamiseks t\u00f6\u00f6laudade asemel teie restoranis v\u00f5i toitlustusasutuses. T\u00e4ielikult valmistatud k\u00f5rgekvaliteedilisest roostevabast terasest. Raskeveokite professionaalne k\u00f6\u00f6gialus\u00fcksus, mis talub h\u00f5ivatud k\u00f6\u00f6gi n\u00f5udmisi. Kasulik lahtiste toiduainete, nagu riis v\u00f5i jahu, hoiustamiseks. Sellel kapil on lihtsasti liuglevad uksed. T\u00e4psema teabe saamiseks vaadake jaotist &#8216;Spetsifikatsioon&#8217;.<\/p>\n<table style=\"border-collapse: collapse; width: 100%; text-align: left;\">\n<tbody>\n<tr>\n<td style=\"border: 1px solid #ddd; padding: 8px; width: 45%;\"><strong>S\u00fcgavus<\/strong><\/td>\n<td style=\"border: 1px solid #ddd; padding: 8px;\">600 mm<\/td>\n<\/tr>\n<tr>\n<td style=\"border: 1px solid #ddd; padding: 8px; width: 45%;\"><strong>K\u00f5rgus<\/strong><\/td>\n<td style=\"border: 1px solid #ddd; padding: 8px;\">Reguleeritav 850-900 mm (+100 mm k\u00f5rgendus)<\/td>\n<\/tr>\n<tr>\n<td style=\"border: 1px solid #ddd; padding: 8px; width: 45%;\"><strong>Laius<\/strong><\/td>\n<td style=\"border: 1px solid #ddd; padding: 8px;\">1400 mm<\/td>\n<\/tr>\n<tr>\n<td style=\"border: 1px solid #ddd; padding: 8px; width: 45%;\"><strong>Kaal<\/strong><\/td>\n<td style=\"border: 1px solid #ddd; padding: 8px;\">47 kg<\/td>\n<\/tr>\n<tr>\n<td style=\"border: 1px solid #ddd; padding: 8px; width: 45%;\"><strong>Garantii<\/strong><\/td>\n<td style=\"border: 1px solid #ddd; padding: 8px;\">12 kuu varuosade garantii<\/td>\n<\/tr>\n<tr>\n<td style=\"border: 1px solid #ddd; padding: 8px; width: 45%;\"><strong>Kokku panemine<\/strong><\/td>\n<td style=\"border: 1px solid #ddd; padding: 8px;\">Lahtiv\u00f5etud<\/td>\n<\/tr>\n<tr>\n<td style=\"border: 1px solid #ddd; padding: 8px; width: 45%;\"><strong>Uksed \/ Sahtlid<\/strong><\/td>\n<td style=\"border: 1px solid #ddd; padding: 8px;\">2 l\u00fckandust<\/td>\n<\/tr>\n<tr>\n<td style=\"border: 1px solid #ddd; padding: 8px; width: 45%;\"><strong>Materjal<\/strong><\/td>\n<td style=\"border: 1px solid #ddd; padding: 8px;\">Roostevaba teras<\/td>\n<\/tr>\n<tr>\n<td style=\"border: 1px solid #ddd; padding: 8px; width: 45%;\"><strong>Pritsekaitse<\/strong><\/td>\n<td style=\"border: 1px solid #ddd; padding: 8px;\">Jah<\/td>\n<\/tr>\n<\/tbody>\n<\/table>\n","protected":false},"excerpt":{"rendered":"<p>See roostevabast terasest kapp sobib ideaalselt kasutamiseks t\u00f6\u00f6laudade asemel teie restoranis v\u00f5i toitlustusasutuses. T\u00e4ielikult valmistatud k\u00f5rgekvaliteedilisest roostevabast terasest. Raskeveokite professionaalne<\/p>\n","protected":false},"featured_media":10190,"template":"","meta":[],"product_brand":[],"product_cat":[615,569,572,616],"product_tag":[],"class_list":{"0":"post-10436","1":"product","2":"type-product","3":"status-publish","4":"has-post-thumbnail","6":"product_cat-aluslaekapid","7":"product_cat-lopumuuk","8":"product_cat-roostevabad-tooted","9":"product_cat-seinakinnitus-600-mm","11":"first","12":"instock","13":"sale","14":"taxable","15":"shipping-taxable","16":"purchasable","17":"product-type-simple"},"yoast_head":"<!-- This site is optimized with the Yoast SEO plugin v27.3 - https:\/\/yoast.com\/product\/yoast-seo-wordpress\/ -->\n<title>T\u00f6\u00f6pind P\u00f5randakapp 2 L\u00fckandust Roostevaba Teras 1400X600X850Mm Pritsmekaitse | Adexa Scp14060B - Adexa \u2013 Suurk\u00f6\u00f6giseadmed restoranidele ja toitlustusele<\/title>\n<meta name=\"robots\" content=\"index, follow, max-snippet:-1, max-image-preview:large, max-video-preview:-1\" \/>\n<link rel=\"canonical\" href=\"https:\/\/adexa.ee\/toode\/toopind-porandakapp-2-lukandust-roostevaba-teras-1400x600x850mm-pritsmekaitse-adexa-scp14060b\/\" \/>\n<meta property=\"og:locale\" content=\"en_US\" \/>\n<meta property=\"og:type\" content=\"article\" \/>\n<meta property=\"og:title\" content=\"T\u00f6\u00f6pind P\u00f5randakapp 2 L\u00fckandust Roostevaba Teras 1400X600X850Mm Pritsmekaitse | Adexa Scp14060B - Adexa \u2013 Suurk\u00f6\u00f6giseadmed restoranidele ja toitlustusele\" \/>\n<meta property=\"og:description\" content=\"See roostevabast terasest kapp sobib ideaalselt kasutamiseks t\u00f6\u00f6laudade asemel teie restoranis v\u00f5i toitlustusasutuses. T\u00e4ielikult valmistatud k\u00f5rgekvaliteedilisest roostevabast terasest. Raskeveokite professionaalne\" \/>\n<meta property=\"og:url\" content=\"https:\/\/adexa.ee\/toode\/toopind-porandakapp-2-lukandust-roostevaba-teras-1400x600x850mm-pritsmekaitse-adexa-scp14060b\/\" \/>\n<meta property=\"og:site_name\" content=\"Adexa \u2013 Suurk\u00f6\u00f6giseadmed restoranidele ja toitlustusele\" \/>\n<meta property=\"article:modified_time\" content=\"2026-03-26T07:05:57+00:00\" \/>\n<meta property=\"og:image\" content=\"https:\/\/adexa.ee\/wp-content\/uploads\/2024\/12\/SCP-B.jpg\" \/>\n\t<meta property=\"og:image:width\" content=\"2000\" \/>\n\t<meta property=\"og:image:height\" content=\"2000\" \/>\n\t<meta property=\"og:image:type\" content=\"image\/jpeg\" \/>\n<meta name=\"twitter:card\" content=\"summary_large_image\" \/>\n<script type=\"application\/ld+json\" class=\"yoast-schema-graph\">{\"@context\":\"https:\\\/\\\/schema.org\",\"@graph\":[{\"@type\":\"WebPage\",\"@id\":\"https:\\\/\\\/adexa.ee\\\/toode\\\/toopind-porandakapp-2-lukandust-roostevaba-teras-1400x600x850mm-pritsmekaitse-adexa-scp14060b\\\/\",\"url\":\"https:\\\/\\\/adexa.ee\\\/toode\\\/toopind-porandakapp-2-lukandust-roostevaba-teras-1400x600x850mm-pritsmekaitse-adexa-scp14060b\\\/\",\"name\":\"T\u00f6\u00f6pind P\u00f5randakapp 2 L\u00fckandust Roostevaba Teras 1400X600X850Mm Pritsmekaitse | Adexa Scp14060B - Adexa \u2013 Suurk\u00f6\u00f6giseadmed restoranidele ja toitlustusele\",\"isPartOf\":{\"@id\":\"https:\\\/\\\/adexa.ee\\\/#website\"},\"primaryImageOfPage\":{\"@id\":\"https:\\\/\\\/adexa.ee\\\/toode\\\/toopind-porandakapp-2-lukandust-roostevaba-teras-1400x600x850mm-pritsmekaitse-adexa-scp14060b\\\/#primaryimage\"},\"image\":{\"@id\":\"https:\\\/\\\/adexa.ee\\\/toode\\\/toopind-porandakapp-2-lukandust-roostevaba-teras-1400x600x850mm-pritsmekaitse-adexa-scp14060b\\\/#primaryimage\"},\"thumbnailUrl\":\"https:\\\/\\\/adexa.ee\\\/wp-content\\\/uploads\\\/2024\\\/12\\\/SCP-B.jpg\",\"datePublished\":\"2026-03-26T07:05:50+00:00\",\"dateModified\":\"2026-03-26T07:05:57+00:00\",\"breadcrumb\":{\"@id\":\"https:\\\/\\\/adexa.ee\\\/toode\\\/toopind-porandakapp-2-lukandust-roostevaba-teras-1400x600x850mm-pritsmekaitse-adexa-scp14060b\\\/#breadcrumb\"},\"inLanguage\":\"en-US\",\"potentialAction\":[{\"@type\":\"ReadAction\",\"target\":[\"https:\\\/\\\/adexa.ee\\\/toode\\\/toopind-porandakapp-2-lukandust-roostevaba-teras-1400x600x850mm-pritsmekaitse-adexa-scp14060b\\\/\"]}]},{\"@type\":\"ImageObject\",\"inLanguage\":\"en-US\",\"@id\":\"https:\\\/\\\/adexa.ee\\\/toode\\\/toopind-porandakapp-2-lukandust-roostevaba-teras-1400x600x850mm-pritsmekaitse-adexa-scp14060b\\\/#primaryimage\",\"url\":\"https:\\\/\\\/adexa.ee\\\/wp-content\\\/uploads\\\/2024\\\/12\\\/SCP-B.jpg\",\"contentUrl\":\"https:\\\/\\\/adexa.ee\\\/wp-content\\\/uploads\\\/2024\\\/12\\\/SCP-B.jpg\",\"width\":2000,\"height\":2000},{\"@type\":\"BreadcrumbList\",\"@id\":\"https:\\\/\\\/adexa.ee\\\/toode\\\/toopind-porandakapp-2-lukandust-roostevaba-teras-1400x600x850mm-pritsmekaitse-adexa-scp14060b\\\/#breadcrumb\",\"itemListElement\":[{\"@type\":\"ListItem\",\"position\":1,\"name\":\"Home\",\"item\":\"https:\\\/\\\/adexa.ee\\\/\"},{\"@type\":\"ListItem\",\"position\":2,\"name\":\"Tooted\",\"item\":\"https:\\\/\\\/adexa.ee\\\/pood\\\/\"},{\"@type\":\"ListItem\",\"position\":3,\"name\":\"T\u00f6\u00f6pind P\u00f5randakapp 2 L\u00fckandust Roostevaba Teras 1400X600X850Mm Pritsmekaitse | Adexa Scp14060B\"}]},{\"@type\":\"WebSite\",\"@id\":\"https:\\\/\\\/adexa.ee\\\/#website\",\"url\":\"https:\\\/\\\/adexa.ee\\\/\",\"name\":\"Adexa\",\"description\":\"\",\"publisher\":{\"@id\":\"https:\\\/\\\/adexa.ee\\\/#organization\"},\"potentialAction\":[{\"@type\":\"SearchAction\",\"target\":{\"@type\":\"EntryPoint\",\"urlTemplate\":\"https:\\\/\\\/adexa.ee\\\/?s={search_term_string}\"},\"query-input\":{\"@type\":\"PropertyValueSpecification\",\"valueRequired\":true,\"valueName\":\"search_term_string\"}}],\"inLanguage\":\"en-US\"},{\"@type\":\"Organization\",\"@id\":\"https:\\\/\\\/adexa.ee\\\/#organization\",\"name\":\"Adexa\",\"url\":\"https:\\\/\\\/adexa.ee\\\/\",\"logo\":{\"@type\":\"ImageObject\",\"inLanguage\":\"en-US\",\"@id\":\"https:\\\/\\\/adexa.ee\\\/#\\\/schema\\\/logo\\\/image\\\/\",\"url\":\"https:\\\/\\\/adexa.ee\\\/wp-content\\\/uploads\\\/2024\\\/04\\\/chef-cooks-working-in-professional-kitchen-2023-11-27-05-07-39-utc-scaled.jpg\",\"contentUrl\":\"https:\\\/\\\/adexa.ee\\\/wp-content\\\/uploads\\\/2024\\\/04\\\/chef-cooks-working-in-professional-kitchen-2023-11-27-05-07-39-utc-scaled.jpg\",\"width\":2560,\"height\":1708,\"caption\":\"Adexa\"},\"image\":{\"@id\":\"https:\\\/\\\/adexa.ee\\\/#\\\/schema\\\/logo\\\/image\\\/\"}}]}<\/script>\n<!-- \/ Yoast SEO plugin. -->","yoast_head_json":{"title":"T\u00f6\u00f6pind P\u00f5randakapp 2 L\u00fckandust Roostevaba Teras 1400X600X850Mm Pritsmekaitse | Adexa Scp14060B - Adexa \u2013 Suurk\u00f6\u00f6giseadmed restoranidele ja toitlustusele","robots":{"index":"index","follow":"follow","max-snippet":"max-snippet:-1","max-image-preview":"max-image-preview:large","max-video-preview":"max-video-preview:-1"},"canonical":"https:\/\/adexa.ee\/toode\/toopind-porandakapp-2-lukandust-roostevaba-teras-1400x600x850mm-pritsmekaitse-adexa-scp14060b\/","og_locale":"en_US","og_type":"article","og_title":"T\u00f6\u00f6pind P\u00f5randakapp 2 L\u00fckandust Roostevaba Teras 1400X600X850Mm Pritsmekaitse | Adexa Scp14060B - Adexa \u2013 Suurk\u00f6\u00f6giseadmed restoranidele ja toitlustusele","og_description":"See roostevabast terasest kapp sobib ideaalselt kasutamiseks t\u00f6\u00f6laudade asemel teie restoranis v\u00f5i toitlustusasutuses. T\u00e4ielikult valmistatud k\u00f5rgekvaliteedilisest roostevabast terasest. Raskeveokite professionaalne","og_url":"https:\/\/adexa.ee\/toode\/toopind-porandakapp-2-lukandust-roostevaba-teras-1400x600x850mm-pritsmekaitse-adexa-scp14060b\/","og_site_name":"Adexa \u2013 Suurk\u00f6\u00f6giseadmed restoranidele ja toitlustusele","article_modified_time":"2026-03-26T07:05:57+00:00","og_image":[{"width":2000,"height":2000,"url":"https:\/\/adexa.ee\/wp-content\/uploads\/2024\/12\/SCP-B.jpg","type":"image\/jpeg"}],"twitter_card":"summary_large_image","schema":{"@context":"https:\/\/schema.org","@graph":[{"@type":"WebPage","@id":"https:\/\/adexa.ee\/toode\/toopind-porandakapp-2-lukandust-roostevaba-teras-1400x600x850mm-pritsmekaitse-adexa-scp14060b\/","url":"https:\/\/adexa.ee\/toode\/toopind-porandakapp-2-lukandust-roostevaba-teras-1400x600x850mm-pritsmekaitse-adexa-scp14060b\/","name":"T\u00f6\u00f6pind P\u00f5randakapp 2 L\u00fckandust Roostevaba Teras 1400X600X850Mm Pritsmekaitse | Adexa Scp14060B - Adexa \u2013 Suurk\u00f6\u00f6giseadmed restoranidele ja toitlustusele","isPartOf":{"@id":"https:\/\/adexa.ee\/#website"},"primaryImageOfPage":{"@id":"https:\/\/adexa.ee\/toode\/toopind-porandakapp-2-lukandust-roostevaba-teras-1400x600x850mm-pritsmekaitse-adexa-scp14060b\/#primaryimage"},"image":{"@id":"https:\/\/adexa.ee\/toode\/toopind-porandakapp-2-lukandust-roostevaba-teras-1400x600x850mm-pritsmekaitse-adexa-scp14060b\/#primaryimage"},"thumbnailUrl":"https:\/\/adexa.ee\/wp-content\/uploads\/2024\/12\/SCP-B.jpg","datePublished":"2026-03-26T07:05:50+00:00","dateModified":"2026-03-26T07:05:57+00:00","breadcrumb":{"@id":"https:\/\/adexa.ee\/toode\/toopind-porandakapp-2-lukandust-roostevaba-teras-1400x600x850mm-pritsmekaitse-adexa-scp14060b\/#breadcrumb"},"inLanguage":"en-US","potentialAction":[{"@type":"ReadAction","target":["https:\/\/adexa.ee\/toode\/toopind-porandakapp-2-lukandust-roostevaba-teras-1400x600x850mm-pritsmekaitse-adexa-scp14060b\/"]}]},{"@type":"ImageObject","inLanguage":"en-US","@id":"https:\/\/adexa.ee\/toode\/toopind-porandakapp-2-lukandust-roostevaba-teras-1400x600x850mm-pritsmekaitse-adexa-scp14060b\/#primaryimage","url":"https:\/\/adexa.ee\/wp-content\/uploads\/2024\/12\/SCP-B.jpg","contentUrl":"https:\/\/adexa.ee\/wp-content\/uploads\/2024\/12\/SCP-B.jpg","width":2000,"height":2000},{"@type":"BreadcrumbList","@id":"https:\/\/adexa.ee\/toode\/toopind-porandakapp-2-lukandust-roostevaba-teras-1400x600x850mm-pritsmekaitse-adexa-scp14060b\/#breadcrumb","itemListElement":[{"@type":"ListItem","position":1,"name":"Home","item":"https:\/\/adexa.ee\/"},{"@type":"ListItem","position":2,"name":"Tooted","item":"https:\/\/adexa.ee\/pood\/"},{"@type":"ListItem","position":3,"name":"T\u00f6\u00f6pind P\u00f5randakapp 2 L\u00fckandust Roostevaba Teras 1400X600X850Mm Pritsmekaitse | Adexa Scp14060B"}]},{"@type":"WebSite","@id":"https:\/\/adexa.ee\/#website","url":"https:\/\/adexa.ee\/","name":"Adexa","description":"","publisher":{"@id":"https:\/\/adexa.ee\/#organization"},"potentialAction":[{"@type":"SearchAction","target":{"@type":"EntryPoint","urlTemplate":"https:\/\/adexa.ee\/?s={search_term_string}"},"query-input":{"@type":"PropertyValueSpecification","valueRequired":true,"valueName":"search_term_string"}}],"inLanguage":"en-US"},{"@type":"Organization","@id":"https:\/\/adexa.ee\/#organization","name":"Adexa","url":"https:\/\/adexa.ee\/","logo":{"@type":"ImageObject","inLanguage":"en-US","@id":"https:\/\/adexa.ee\/#\/schema\/logo\/image\/","url":"https:\/\/adexa.ee\/wp-content\/uploads\/2024\/04\/chef-cooks-working-in-professional-kitchen-2023-11-27-05-07-39-utc-scaled.jpg","contentUrl":"https:\/\/adexa.ee\/wp-content\/uploads\/2024\/04\/chef-cooks-working-in-professional-kitchen-2023-11-27-05-07-39-utc-scaled.jpg","width":2560,"height":1708,"caption":"Adexa"},"image":{"@id":"https:\/\/adexa.ee\/#\/schema\/logo\/image\/"}}]}},"_links":{"self":[{"href":"https:\/\/adexa.ee\/en\/wp-json\/wp\/v2\/product\/10436","targetHints":{"allow":["GET"]}}],"collection":[{"href":"https:\/\/adexa.ee\/en\/wp-json\/wp\/v2\/product"}],"about":[{"href":"https:\/\/adexa.ee\/en\/wp-json\/wp\/v2\/types\/product"}],"wp:featuredmedia":[{"embeddable":true,"href":"https:\/\/adexa.ee\/en\/wp-json\/wp\/v2\/media\/10190"}],"wp:attachment":[{"href":"https:\/\/adexa.ee\/en\/wp-json\/wp\/v2\/media?parent=10436"}],"wp:term":[{"taxonomy":"product_brand","embeddable":true,"href":"https:\/\/adexa.ee\/en\/wp-json\/wp\/v2\/product_brand?post=10436"},{"taxonomy":"product_cat","embeddable":true,"href":"https:\/\/adexa.ee\/en\/wp-json\/wp\/v2\/product_cat?post=10436"},{"taxonomy":"product_tag","embeddable":true,"href":"https:\/\/adexa.ee\/en\/wp-json\/wp\/v2\/product_tag?post=10436"}],"curies":[{"name":"wp","href":"https:\/\/api.w.org\/{rel}","templated":true}]}}