{"id":10555,"date":"2026-03-31T08:35:17","date_gmt":"2026-03-31T05:35:17","guid":{"rendered":"https:\/\/adexa.ee\/toode\/kommertslik-kohvimasin-kasitsi-taitmiseks-1-klaaskann-2-soojendusplaati-adexa-rb286w\/"},"modified":"2026-03-31T08:35:19","modified_gmt":"2026-03-31T05:35:19","slug":"kohvimasin-kasitsi-taitmiseks-1-klaaskann-2-soojendusplaati-adexa-rb286w","status":"publish","type":"product","link":"https:\/\/adexa.ee\/en\/toode\/kohvimasin-kasitsi-taitmiseks-1-klaaskann-2-soojendusplaati-adexa-rb286w\/","title":{"rendered":"kohvimasin k\u00e4sitsi t\u00e4itmiseks 1 klaaskann, 2 soojendusplaati | Adexa RB286W"},"content":{"rendered":"<p>Tee oma klientidele v\u00f5i k\u00fclalistele suurep\u00e4rase maitsega kohvi professionaalse filtrikohvimasinaga. See toitlustusasutustele m\u00f5eldud k\u00e4sitsi t\u00e4idetav masin on loodud avalikeks kohtadeks, kus inimesed vajavad suurep\u00e4rase kohvi valmistamist lihtsalt, mugavalt ja kiiresti, nagu kontorites, konverentsiruumides, klubides, baarides ja restoranides. Oma kaasaegse ja voolujoonelise disainiga toob see kommertslik kohvimasin kohvi valmistamise t\u00e4iesti uuele mugavuse ja luksuse tasemele. Masinal on 2,2-liitrine sisemine veepaak ja kaks s\u00f5ltumatult juhitavat soojendusplaati &#8211; see t\u00e4hendab, et saate t\u00e4ita kogu 1,8-liitrise kannu ja hoida seda soojas enne, kui peate masina uuesti t\u00e4itma. Kuni 140 tassi tunnis (16,7 liitrit)Mahutavus (kann): 1,8 liitritMahutavus (paak): 2,2 liitritKeetmise temperatuur: +92 \u00b0C kuni +96 \u00b0CKeetmise aeg: 6 kuni 7 minV\u00f5imsus: 2,02 kWToiteallikas: 230 \/ 1 faasTavaline UK pistik paigaldatudMasin ja filtrikandja on valmistatud roostevabast terasestSisaldab 1 klaaskannu&#8221;Pumba stiilis&#8221; pruulimiss\u00fcsteem, iga kannu jaoks kasutatakse ainult v\u00e4rsket vettKuumutades pruulimatemperatuuri vett ainult siis, kui vaja, k\u00f5ige energiat\u00f5husam.Kohv tehakse optimaalsel temperatuurilKohvi hoitakse alati optimaalsel temperatuurilKolmekordne turvakaitsePalun vaadake &#8216;Spetsifikatsioonid&#8217; alt t\u00e4psema teabe saamiseks.<\/p>\n<table style=\"border-collapse: collapse; width: 100%; text-align: left;\">\n<tbody>\n<tr>\n<td style=\"border: 1px solid #ddd; padding: 8px; width: 45%;\"><strong>S\u00fcgavus<\/strong><\/td>\n<td style=\"border: 1px solid #ddd; padding: 8px;\">405 mm<\/td>\n<\/tr>\n<tr>\n<td style=\"border: 1px solid #ddd; padding: 8px; width: 45%;\"><strong>K\u00f5rgus<\/strong><\/td>\n<td style=\"border: 1px solid #ddd; padding: 8px;\">455 mm<\/td>\n<\/tr>\n<tr>\n<td style=\"border: 1px solid #ddd; padding: 8px; width: 45%;\"><strong>Laius<\/strong><\/td>\n<td style=\"border: 1px solid #ddd; padding: 8px;\">205 mm<\/td>\n<\/tr>\n<tr>\n<td style=\"border: 1px solid #ddd; padding: 8px; width: 45%;\"><strong>Kaal<\/strong><\/td>\n<td style=\"border: 1px solid #ddd; padding: 8px;\">5,8 kg<\/td>\n<\/tr>\n<tr>\n<td style=\"border: 1px solid #ddd; padding: 8px; width: 45%;\"><strong>Garantii<\/strong><\/td>\n<td style=\"border: 1px solid #ddd; padding: 8px;\">12 kuu varuosade garantii<\/td>\n<\/tr>\n<tr>\n<td style=\"border: 1px solid #ddd; padding: 8px; width: 45%;\"><strong>Mahutavus<\/strong><\/td>\n<td style=\"border: 1px solid #ddd; padding: 8px;\">1,8 liitrit (pott)<\/td>\n<\/tr>\n<tr>\n<td style=\"border: 1px solid #ddd; padding: 8px; width: 45%;\"><strong>Toiteallikas<\/strong><\/td>\n<td style=\"border: 1px solid #ddd; padding: 8px;\">230 V \/ 1 faas<\/td>\n<\/tr>\n<tr>\n<td style=\"border: 1px solid #ddd; padding: 8px; width: 45%;\"><strong>V\u00f5imsus<\/strong><\/td>\n<td style=\"border: 1px solid #ddd; padding: 8px;\">2020W<\/td>\n<\/tr>\n<tr>\n<td style=\"border: 1px solid #ddd; padding: 8px; width: 45%;\"><strong>Materjal<\/strong><\/td>\n<td style=\"border: 1px solid #ddd; padding: 8px;\">Roostevabast terasest ja plastist kohvihoidja<\/td>\n<\/tr>\n<tr>\n<td style=\"border: 1px solid #ddd; padding: 8px; width: 45%;\"><strong>Kaasas<\/strong><\/td>\n<td style=\"border: 1px solid #ddd; padding: 8px;\">1 pott<\/td>\n<\/tr>\n<tr>\n<td style=\"border: 1px solid #ddd; padding: 8px; width: 45%;\"><strong>Tootlikkus<\/strong><\/td>\n<td style=\"border: 1px solid #ddd; padding: 8px;\">Kuni 140 tassi tunnis (16,7 liitrit)<\/td>\n<\/tr>\n<tr>\n<td style=\"border: 1px solid #ddd; padding: 8px; width: 45%;\"><strong>Temperatuur<\/strong><\/td>\n<td style=\"border: 1px solid #ddd; padding: 8px;\">+92 kuni +96 \u00b0C<\/td>\n<\/tr>\n<tr>\n<td style=\"border: 1px solid #ddd; padding: 8px; width: 45%;\"><strong>Valmimisaeg<\/strong><\/td>\n<td style=\"border: 1px solid #ddd; padding: 8px;\">6 kuni 7 minutit<\/td>\n<\/tr>\n<tr>\n<td style=\"border: 1px solid #ddd; padding: 8px; width: 45%;\"><strong>Mahutavus (reservuaar)<\/strong><\/td>\n<td style=\"border: 1px solid #ddd; padding: 8px;\">2,2 liitrit<\/td>\n<\/tr>\n<\/tbody>\n<\/table>\n","protected":false},"excerpt":{"rendered":"<p>Tee oma klientidele v\u00f5i k\u00fclalistele suurep\u00e4rase maitsega kohvi professionaalse filtrikohvimasinaga. See toitlustusasutustele m\u00f5eldud k\u00e4sitsi t\u00e4idetav masin on loodud avalikeks kohtadeks,<\/p>\n","protected":false},"featured_media":10562,"template":"","meta":[],"product_brand":[],"product_cat":[729,613],"product_tag":[],"class_list":{"0":"post-10555","1":"product","2":"type-product","3":"status-publish","4":"has-post-thumbnail","6":"product_cat-filtrikohvimasinad","7":"product_cat-kohv-ja-joogid","9":"first","10":"instock","11":"sale","12":"taxable","13":"shipping-taxable","14":"purchasable","15":"product-type-simple"},"yoast_head":"<!-- This site is optimized with the Yoast SEO plugin v27.3 - https:\/\/yoast.com\/product\/yoast-seo-wordpress\/ -->\n<title>kohvimasin k\u00e4sitsi t\u00e4itmiseks 1 klaaskann, 2 soojendusplaati | Adexa RB286W - Adexa \u2013 Suurk\u00f6\u00f6giseadmed restoranidele ja toitlustusele<\/title>\n<meta name=\"robots\" content=\"index, follow, max-snippet:-1, max-image-preview:large, max-video-preview:-1\" \/>\n<link rel=\"canonical\" href=\"https:\/\/adexa.ee\/toode\/kohvimasin-kasitsi-taitmiseks-1-klaaskann-2-soojendusplaati-adexa-rb286w\/\" \/>\n<meta property=\"og:locale\" content=\"en_US\" \/>\n<meta property=\"og:type\" content=\"article\" \/>\n<meta property=\"og:title\" content=\"kohvimasin k\u00e4sitsi t\u00e4itmiseks 1 klaaskann, 2 soojendusplaati | Adexa RB286W - Adexa \u2013 Suurk\u00f6\u00f6giseadmed restoranidele ja toitlustusele\" \/>\n<meta property=\"og:description\" content=\"Tee oma klientidele v\u00f5i k\u00fclalistele suurep\u00e4rase maitsega kohvi professionaalse filtrikohvimasinaga. See toitlustusasutustele m\u00f5eldud k\u00e4sitsi t\u00e4idetav masin on loodud avalikeks kohtadeks,\" \/>\n<meta property=\"og:url\" content=\"https:\/\/adexa.ee\/toode\/kohvimasin-kasitsi-taitmiseks-1-klaaskann-2-soojendusplaati-adexa-rb286w\/\" \/>\n<meta property=\"og:site_name\" content=\"Adexa \u2013 Suurk\u00f6\u00f6giseadmed restoranidele ja toitlustusele\" \/>\n<meta property=\"article:modified_time\" content=\"2026-03-31T05:35:19+00:00\" \/>\n<meta property=\"og:image\" content=\"https:\/\/adexa.ee\/wp-content\/uploads\/2024\/12\/RB286W.jpg\" \/>\n\t<meta property=\"og:image:width\" content=\"2000\" \/>\n\t<meta property=\"og:image:height\" content=\"2000\" \/>\n\t<meta property=\"og:image:type\" content=\"image\/jpeg\" \/>\n<meta name=\"twitter:card\" content=\"summary_large_image\" \/>\n<meta name=\"twitter:label1\" content=\"Est. reading time\" \/>\n\t<meta name=\"twitter:data1\" content=\"1 minute\" \/>\n<script type=\"application\/ld+json\" class=\"yoast-schema-graph\">{\"@context\":\"https:\\\/\\\/schema.org\",\"@graph\":[{\"@type\":\"WebPage\",\"@id\":\"https:\\\/\\\/adexa.ee\\\/toode\\\/kohvimasin-kasitsi-taitmiseks-1-klaaskann-2-soojendusplaati-adexa-rb286w\\\/\",\"url\":\"https:\\\/\\\/adexa.ee\\\/toode\\\/kohvimasin-kasitsi-taitmiseks-1-klaaskann-2-soojendusplaati-adexa-rb286w\\\/\",\"name\":\"kohvimasin k\u00e4sitsi t\u00e4itmiseks 1 klaaskann, 2 soojendusplaati | Adexa RB286W - Adexa \u2013 Suurk\u00f6\u00f6giseadmed restoranidele ja toitlustusele\",\"isPartOf\":{\"@id\":\"https:\\\/\\\/adexa.ee\\\/#website\"},\"primaryImageOfPage\":{\"@id\":\"https:\\\/\\\/adexa.ee\\\/toode\\\/kohvimasin-kasitsi-taitmiseks-1-klaaskann-2-soojendusplaati-adexa-rb286w\\\/#primaryimage\"},\"image\":{\"@id\":\"https:\\\/\\\/adexa.ee\\\/toode\\\/kohvimasin-kasitsi-taitmiseks-1-klaaskann-2-soojendusplaati-adexa-rb286w\\\/#primaryimage\"},\"thumbnailUrl\":\"https:\\\/\\\/adexa.ee\\\/wp-content\\\/uploads\\\/2024\\\/12\\\/RB286W.jpg\",\"datePublished\":\"2026-03-31T05:35:17+00:00\",\"dateModified\":\"2026-03-31T05:35:19+00:00\",\"breadcrumb\":{\"@id\":\"https:\\\/\\\/adexa.ee\\\/toode\\\/kohvimasin-kasitsi-taitmiseks-1-klaaskann-2-soojendusplaati-adexa-rb286w\\\/#breadcrumb\"},\"inLanguage\":\"en-US\",\"potentialAction\":[{\"@type\":\"ReadAction\",\"target\":[\"https:\\\/\\\/adexa.ee\\\/toode\\\/kohvimasin-kasitsi-taitmiseks-1-klaaskann-2-soojendusplaati-adexa-rb286w\\\/\"]}]},{\"@type\":\"ImageObject\",\"inLanguage\":\"en-US\",\"@id\":\"https:\\\/\\\/adexa.ee\\\/toode\\\/kohvimasin-kasitsi-taitmiseks-1-klaaskann-2-soojendusplaati-adexa-rb286w\\\/#primaryimage\",\"url\":\"https:\\\/\\\/adexa.ee\\\/wp-content\\\/uploads\\\/2024\\\/12\\\/RB286W.jpg\",\"contentUrl\":\"https:\\\/\\\/adexa.ee\\\/wp-content\\\/uploads\\\/2024\\\/12\\\/RB286W.jpg\",\"width\":2000,\"height\":2000},{\"@type\":\"BreadcrumbList\",\"@id\":\"https:\\\/\\\/adexa.ee\\\/toode\\\/kohvimasin-kasitsi-taitmiseks-1-klaaskann-2-soojendusplaati-adexa-rb286w\\\/#breadcrumb\",\"itemListElement\":[{\"@type\":\"ListItem\",\"position\":1,\"name\":\"Home\",\"item\":\"https:\\\/\\\/adexa.ee\\\/\"},{\"@type\":\"ListItem\",\"position\":2,\"name\":\"Tooted\",\"item\":\"https:\\\/\\\/adexa.ee\\\/pood\\\/\"},{\"@type\":\"ListItem\",\"position\":3,\"name\":\"kohvimasin k\u00e4sitsi t\u00e4itmiseks 1 klaaskann, 2 soojendusplaati | Adexa RB286W\"}]},{\"@type\":\"WebSite\",\"@id\":\"https:\\\/\\\/adexa.ee\\\/#website\",\"url\":\"https:\\\/\\\/adexa.ee\\\/\",\"name\":\"Adexa\",\"description\":\"\",\"publisher\":{\"@id\":\"https:\\\/\\\/adexa.ee\\\/#organization\"},\"potentialAction\":[{\"@type\":\"SearchAction\",\"target\":{\"@type\":\"EntryPoint\",\"urlTemplate\":\"https:\\\/\\\/adexa.ee\\\/?s={search_term_string}\"},\"query-input\":{\"@type\":\"PropertyValueSpecification\",\"valueRequired\":true,\"valueName\":\"search_term_string\"}}],\"inLanguage\":\"en-US\"},{\"@type\":\"Organization\",\"@id\":\"https:\\\/\\\/adexa.ee\\\/#organization\",\"name\":\"Adexa\",\"url\":\"https:\\\/\\\/adexa.ee\\\/\",\"logo\":{\"@type\":\"ImageObject\",\"inLanguage\":\"en-US\",\"@id\":\"https:\\\/\\\/adexa.ee\\\/#\\\/schema\\\/logo\\\/image\\\/\",\"url\":\"https:\\\/\\\/adexa.ee\\\/wp-content\\\/uploads\\\/2024\\\/04\\\/chef-cooks-working-in-professional-kitchen-2023-11-27-05-07-39-utc-scaled.jpg\",\"contentUrl\":\"https:\\\/\\\/adexa.ee\\\/wp-content\\\/uploads\\\/2024\\\/04\\\/chef-cooks-working-in-professional-kitchen-2023-11-27-05-07-39-utc-scaled.jpg\",\"width\":2560,\"height\":1708,\"caption\":\"Adexa\"},\"image\":{\"@id\":\"https:\\\/\\\/adexa.ee\\\/#\\\/schema\\\/logo\\\/image\\\/\"}}]}<\/script>\n<!-- \/ Yoast SEO plugin. -->","yoast_head_json":{"title":"kohvimasin k\u00e4sitsi t\u00e4itmiseks 1 klaaskann, 2 soojendusplaati | Adexa RB286W - Adexa \u2013 Suurk\u00f6\u00f6giseadmed restoranidele ja toitlustusele","robots":{"index":"index","follow":"follow","max-snippet":"max-snippet:-1","max-image-preview":"max-image-preview:large","max-video-preview":"max-video-preview:-1"},"canonical":"https:\/\/adexa.ee\/toode\/kohvimasin-kasitsi-taitmiseks-1-klaaskann-2-soojendusplaati-adexa-rb286w\/","og_locale":"en_US","og_type":"article","og_title":"kohvimasin k\u00e4sitsi t\u00e4itmiseks 1 klaaskann, 2 soojendusplaati | Adexa RB286W - Adexa \u2013 Suurk\u00f6\u00f6giseadmed restoranidele ja toitlustusele","og_description":"Tee oma klientidele v\u00f5i k\u00fclalistele suurep\u00e4rase maitsega kohvi professionaalse filtrikohvimasinaga. See toitlustusasutustele m\u00f5eldud k\u00e4sitsi t\u00e4idetav masin on loodud avalikeks kohtadeks,","og_url":"https:\/\/adexa.ee\/toode\/kohvimasin-kasitsi-taitmiseks-1-klaaskann-2-soojendusplaati-adexa-rb286w\/","og_site_name":"Adexa \u2013 Suurk\u00f6\u00f6giseadmed restoranidele ja toitlustusele","article_modified_time":"2026-03-31T05:35:19+00:00","og_image":[{"width":2000,"height":2000,"url":"https:\/\/adexa.ee\/wp-content\/uploads\/2024\/12\/RB286W.jpg","type":"image\/jpeg"}],"twitter_card":"summary_large_image","twitter_misc":{"Est. reading time":"1 minute"},"schema":{"@context":"https:\/\/schema.org","@graph":[{"@type":"WebPage","@id":"https:\/\/adexa.ee\/toode\/kohvimasin-kasitsi-taitmiseks-1-klaaskann-2-soojendusplaati-adexa-rb286w\/","url":"https:\/\/adexa.ee\/toode\/kohvimasin-kasitsi-taitmiseks-1-klaaskann-2-soojendusplaati-adexa-rb286w\/","name":"kohvimasin k\u00e4sitsi t\u00e4itmiseks 1 klaaskann, 2 soojendusplaati | Adexa RB286W - Adexa \u2013 Suurk\u00f6\u00f6giseadmed restoranidele ja toitlustusele","isPartOf":{"@id":"https:\/\/adexa.ee\/#website"},"primaryImageOfPage":{"@id":"https:\/\/adexa.ee\/toode\/kohvimasin-kasitsi-taitmiseks-1-klaaskann-2-soojendusplaati-adexa-rb286w\/#primaryimage"},"image":{"@id":"https:\/\/adexa.ee\/toode\/kohvimasin-kasitsi-taitmiseks-1-klaaskann-2-soojendusplaati-adexa-rb286w\/#primaryimage"},"thumbnailUrl":"https:\/\/adexa.ee\/wp-content\/uploads\/2024\/12\/RB286W.jpg","datePublished":"2026-03-31T05:35:17+00:00","dateModified":"2026-03-31T05:35:19+00:00","breadcrumb":{"@id":"https:\/\/adexa.ee\/toode\/kohvimasin-kasitsi-taitmiseks-1-klaaskann-2-soojendusplaati-adexa-rb286w\/#breadcrumb"},"inLanguage":"en-US","potentialAction":[{"@type":"ReadAction","target":["https:\/\/adexa.ee\/toode\/kohvimasin-kasitsi-taitmiseks-1-klaaskann-2-soojendusplaati-adexa-rb286w\/"]}]},{"@type":"ImageObject","inLanguage":"en-US","@id":"https:\/\/adexa.ee\/toode\/kohvimasin-kasitsi-taitmiseks-1-klaaskann-2-soojendusplaati-adexa-rb286w\/#primaryimage","url":"https:\/\/adexa.ee\/wp-content\/uploads\/2024\/12\/RB286W.jpg","contentUrl":"https:\/\/adexa.ee\/wp-content\/uploads\/2024\/12\/RB286W.jpg","width":2000,"height":2000},{"@type":"BreadcrumbList","@id":"https:\/\/adexa.ee\/toode\/kohvimasin-kasitsi-taitmiseks-1-klaaskann-2-soojendusplaati-adexa-rb286w\/#breadcrumb","itemListElement":[{"@type":"ListItem","position":1,"name":"Home","item":"https:\/\/adexa.ee\/"},{"@type":"ListItem","position":2,"name":"Tooted","item":"https:\/\/adexa.ee\/pood\/"},{"@type":"ListItem","position":3,"name":"kohvimasin k\u00e4sitsi t\u00e4itmiseks 1 klaaskann, 2 soojendusplaati | Adexa RB286W"}]},{"@type":"WebSite","@id":"https:\/\/adexa.ee\/#website","url":"https:\/\/adexa.ee\/","name":"Adexa","description":"","publisher":{"@id":"https:\/\/adexa.ee\/#organization"},"potentialAction":[{"@type":"SearchAction","target":{"@type":"EntryPoint","urlTemplate":"https:\/\/adexa.ee\/?s={search_term_string}"},"query-input":{"@type":"PropertyValueSpecification","valueRequired":true,"valueName":"search_term_string"}}],"inLanguage":"en-US"},{"@type":"Organization","@id":"https:\/\/adexa.ee\/#organization","name":"Adexa","url":"https:\/\/adexa.ee\/","logo":{"@type":"ImageObject","inLanguage":"en-US","@id":"https:\/\/adexa.ee\/#\/schema\/logo\/image\/","url":"https:\/\/adexa.ee\/wp-content\/uploads\/2024\/04\/chef-cooks-working-in-professional-kitchen-2023-11-27-05-07-39-utc-scaled.jpg","contentUrl":"https:\/\/adexa.ee\/wp-content\/uploads\/2024\/04\/chef-cooks-working-in-professional-kitchen-2023-11-27-05-07-39-utc-scaled.jpg","width":2560,"height":1708,"caption":"Adexa"},"image":{"@id":"https:\/\/adexa.ee\/#\/schema\/logo\/image\/"}}]}},"_links":{"self":[{"href":"https:\/\/adexa.ee\/en\/wp-json\/wp\/v2\/product\/10555","targetHints":{"allow":["GET"]}}],"collection":[{"href":"https:\/\/adexa.ee\/en\/wp-json\/wp\/v2\/product"}],"about":[{"href":"https:\/\/adexa.ee\/en\/wp-json\/wp\/v2\/types\/product"}],"wp:featuredmedia":[{"embeddable":true,"href":"https:\/\/adexa.ee\/en\/wp-json\/wp\/v2\/media\/10562"}],"wp:attachment":[{"href":"https:\/\/adexa.ee\/en\/wp-json\/wp\/v2\/media?parent=10555"}],"wp:term":[{"taxonomy":"product_brand","embeddable":true,"href":"https:\/\/adexa.ee\/en\/wp-json\/wp\/v2\/product_brand?post=10555"},{"taxonomy":"product_cat","embeddable":true,"href":"https:\/\/adexa.ee\/en\/wp-json\/wp\/v2\/product_cat?post=10555"},{"taxonomy":"product_tag","embeddable":true,"href":"https:\/\/adexa.ee\/en\/wp-json\/wp\/v2\/product_tag?post=10555"}],"curies":[{"name":"wp","href":"https:\/\/api.w.org\/{rel}","templated":true}]}}