{"id":10603,"date":"2026-03-27T08:25:15","date_gmt":"2026-03-27T06:25:15","guid":{"rendered":"https:\/\/adexa.ee\/?post_type=product&#038;p=10603"},"modified":"2026-03-27T08:25:16","modified_gmt":"2026-03-27T06:25:16","slug":"professionaalne-planetaarmikser-20-liitrit-3-kiirust-adexa-b20","status":"publish","type":"product","link":"https:\/\/adexa.ee\/en\/toode\/professionaalne-planetaarmikser-20-liitrit-3-kiirust-adexa-b20\/","title":{"rendered":"Professionaalne planetaarmikser 20 liitrit, 3 kiirust | Adexa B20"},"content":{"rendered":"<p>Suurep\u00e4rane hinna ja kvaliteedi suhe \u00fcldotstarbelise planetaarmikseri jaoks. Sellel on palju kasutusv\u00f5imalusi, mist\u00f5ttu sobib see ideaalselt pagarit\u00f6\u00f6kodadesse, pitsarestoranidesse, restoranidesse v\u00f5i muudesse toitlustusettev\u00f5tetesse. V\u00f5ib kasutada toiduprotsessorina, pagarimikserina, professionaalse mikserina v\u00f5i tainamikserina. L\u00fchidalt \u00f6eldes on see v\u00e4ga mitmek\u00fclgne professionaalne vertikaalne mikser. Roostevabast terasest turvakaitsmed3 kiirustSobib kuni maksimaalselt 3-4 kg kuiva jahu jaoksMahutavus: 20 liitrit Komplektis roostevabast terasest vispel, taina konks ja lamedaotsaline segaja230V \/ 13 ampritStandardne Suurbritannia pistikPaigaldatudPalun vaadake \u00fcksikasjaliku teabe saamiseks jaotist &#8216;Spetsifikatsioon&#8217;.<\/p>\n<table style=\"border-collapse: collapse; width: 100%; text-align: left;\">\n<tbody>\n<tr>\n<td style=\"border: 1px solid #ddd; padding: 8px; width: 45%;\"><strong>S\u00fcgavus<\/strong><\/td>\n<td style=\"border: 1px solid #ddd; padding: 8px;\">530 mm<\/td>\n<\/tr>\n<tr>\n<td style=\"border: 1px solid #ddd; padding: 8px; width: 45%;\"><strong>K\u00f5rgus<\/strong><\/td>\n<td style=\"border: 1px solid #ddd; padding: 8px;\">820 mm<\/td>\n<\/tr>\n<tr>\n<td style=\"border: 1px solid #ddd; padding: 8px; width: 45%;\"><strong>Laius<\/strong><\/td>\n<td style=\"border: 1px solid #ddd; padding: 8px;\">435 mm<\/td>\n<\/tr>\n<tr>\n<td style=\"border: 1px solid #ddd; padding: 8px; width: 45%;\"><strong>Kaal<\/strong><\/td>\n<td style=\"border: 1px solid #ddd; padding: 8px;\">65 kg<\/td>\n<\/tr>\n<tr>\n<td style=\"border: 1px solid #ddd; padding: 8px; width: 45%;\"><strong>Garantii<\/strong><\/td>\n<td style=\"border: 1px solid #ddd; padding: 8px;\">12 kuu varuosade garantii<\/td>\n<\/tr>\n<tr>\n<td style=\"border: 1px solid #ddd; padding: 8px; width: 45%;\"><strong>Mahutavus<\/strong><\/td>\n<td style=\"border: 1px solid #ddd; padding: 8px;\">20 liitrit \/ 3-4 kg kuiva jahu<\/td>\n<\/tr>\n<tr>\n<td style=\"border: 1px solid #ddd; padding: 8px; width: 45%;\"><strong>Toiteallikas<\/strong><\/td>\n<td style=\"border: 1px solid #ddd; padding: 8px;\">230V \/ 1 faas<\/td>\n<\/tr>\n<tr>\n<td style=\"border: 1px solid #ddd; padding: 8px; width: 45%;\"><strong>V\u00f5imsus<\/strong><\/td>\n<td style=\"border: 1px solid #ddd; padding: 8px;\">1100W<\/td>\n<\/tr>\n<tr>\n<td style=\"border: 1px solid #ddd; padding: 8px; width: 45%;\"><strong>Kaasas<\/strong><\/td>\n<td style=\"border: 1px solid #ddd; padding: 8px;\">Pritsmekaitse, Vahustaja, Taignakonks, Lame vispel (roostevaba teras)<\/td>\n<\/tr>\n<tr>\n<td style=\"border: 1px solid #ddd; padding: 8px; width: 45%;\"><strong>V\u00e4rv<\/strong><\/td>\n<td style=\"border: 1px solid #ddd; padding: 8px;\">H\u00f5be<\/td>\n<\/tr>\n<tr>\n<td style=\"border: 1px solid #ddd; padding: 8px; width: 45%;\"><strong>P\/min<\/strong><\/td>\n<td style=\"border: 1px solid #ddd; padding: 8px;\">105 &#8211; 180 &#8211; 425<\/td>\n<\/tr>\n<\/tbody>\n<\/table>\n","protected":false},"excerpt":{"rendered":"<p>Suurep\u00e4rane hinna ja kvaliteedi suhe \u00fcldotstarbelise planetaarmikseri jaoks. Sellel on palju kasutusv\u00f5imalusi, mist\u00f5ttu sobib see ideaalselt pagarit\u00f6\u00f6kodadesse, pitsarestoranidesse, restoranidesse v\u00f5i<\/p>\n","protected":false},"featured_media":31603,"template":"","meta":[],"product_brand":[],"product_cat":[714,690,664,733,735,736,734,732],"product_tag":[],"class_list":{"0":"post-10603","1":"product","2":"type-product","3":"status-publish","4":"has-post-thumbnail","6":"product_cat-ettevalmistus","7":"product_cat-kaup-super-diiliga","8":"product_cat-pitsa-ja-grill","9":"product_cat-planetaarmikserid","10":"product_cat-planetaarsegajad","11":"product_cat-planetaarsegajad-spiraalmikserid-taignasegajad","12":"product_cat-spiraalmikserid-taignasegajad","13":"product_cat-taigna-sotkumis-ja-segamismasinad","15":"first","16":"instock","17":"sale","18":"taxable","19":"shipping-taxable","20":"purchasable","21":"product-type-simple"},"yoast_head":"<!-- This site is optimized with the Yoast SEO plugin v27.3 - https:\/\/yoast.com\/product\/yoast-seo-wordpress\/ -->\n<title>Professionaalne planetaarmikser 20 liitrit, 3 kiirust | Adexa B20 - Adexa \u2013 Suurk\u00f6\u00f6giseadmed restoranidele ja toitlustusele<\/title>\n<meta name=\"robots\" content=\"index, follow, max-snippet:-1, max-image-preview:large, max-video-preview:-1\" \/>\n<link rel=\"canonical\" href=\"https:\/\/adexa.ee\/toode\/professionaalne-planetaarmikser-20-liitrit-3-kiirust-adexa-b20\/\" \/>\n<meta property=\"og:locale\" content=\"en_US\" \/>\n<meta property=\"og:type\" content=\"article\" \/>\n<meta property=\"og:title\" content=\"Professionaalne planetaarmikser 20 liitrit, 3 kiirust | Adexa B20 - Adexa \u2013 Suurk\u00f6\u00f6giseadmed restoranidele ja toitlustusele\" \/>\n<meta property=\"og:description\" content=\"Suurep\u00e4rane hinna ja kvaliteedi suhe \u00fcldotstarbelise planetaarmikseri jaoks. Sellel on palju kasutusv\u00f5imalusi, mist\u00f5ttu sobib see ideaalselt pagarit\u00f6\u00f6kodadesse, pitsarestoranidesse, restoranidesse v\u00f5i\" \/>\n<meta property=\"og:url\" content=\"https:\/\/adexa.ee\/toode\/professionaalne-planetaarmikser-20-liitrit-3-kiirust-adexa-b20\/\" \/>\n<meta property=\"og:site_name\" content=\"Adexa \u2013 Suurk\u00f6\u00f6giseadmed restoranidele ja toitlustusele\" \/>\n<meta property=\"article:modified_time\" content=\"2026-03-27T06:25:16+00:00\" \/>\n<meta property=\"og:image\" content=\"https:\/\/adexa.ee\/wp-content\/uploads\/2025\/02\/B20.jpg\" \/>\n\t<meta property=\"og:image:width\" content=\"1920\" \/>\n\t<meta property=\"og:image:height\" content=\"1920\" \/>\n\t<meta property=\"og:image:type\" content=\"image\/jpeg\" \/>\n<meta name=\"twitter:card\" content=\"summary_large_image\" \/>\n<meta name=\"twitter:label1\" content=\"Est. reading time\" \/>\n\t<meta name=\"twitter:data1\" content=\"1 minute\" \/>\n<script type=\"application\/ld+json\" class=\"yoast-schema-graph\">{\"@context\":\"https:\\\/\\\/schema.org\",\"@graph\":[{\"@type\":\"WebPage\",\"@id\":\"https:\\\/\\\/adexa.ee\\\/toode\\\/professionaalne-planetaarmikser-20-liitrit-3-kiirust-adexa-b20\\\/\",\"url\":\"https:\\\/\\\/adexa.ee\\\/toode\\\/professionaalne-planetaarmikser-20-liitrit-3-kiirust-adexa-b20\\\/\",\"name\":\"Professionaalne planetaarmikser 20 liitrit, 3 kiirust | Adexa B20 - Adexa \u2013 Suurk\u00f6\u00f6giseadmed restoranidele ja toitlustusele\",\"isPartOf\":{\"@id\":\"https:\\\/\\\/adexa.ee\\\/#website\"},\"primaryImageOfPage\":{\"@id\":\"https:\\\/\\\/adexa.ee\\\/toode\\\/professionaalne-planetaarmikser-20-liitrit-3-kiirust-adexa-b20\\\/#primaryimage\"},\"image\":{\"@id\":\"https:\\\/\\\/adexa.ee\\\/toode\\\/professionaalne-planetaarmikser-20-liitrit-3-kiirust-adexa-b20\\\/#primaryimage\"},\"thumbnailUrl\":\"https:\\\/\\\/adexa.ee\\\/wp-content\\\/uploads\\\/2025\\\/02\\\/B20.jpg\",\"datePublished\":\"2026-03-27T06:25:15+00:00\",\"dateModified\":\"2026-03-27T06:25:16+00:00\",\"breadcrumb\":{\"@id\":\"https:\\\/\\\/adexa.ee\\\/toode\\\/professionaalne-planetaarmikser-20-liitrit-3-kiirust-adexa-b20\\\/#breadcrumb\"},\"inLanguage\":\"en-US\",\"potentialAction\":[{\"@type\":\"ReadAction\",\"target\":[\"https:\\\/\\\/adexa.ee\\\/toode\\\/professionaalne-planetaarmikser-20-liitrit-3-kiirust-adexa-b20\\\/\"]}]},{\"@type\":\"ImageObject\",\"inLanguage\":\"en-US\",\"@id\":\"https:\\\/\\\/adexa.ee\\\/toode\\\/professionaalne-planetaarmikser-20-liitrit-3-kiirust-adexa-b20\\\/#primaryimage\",\"url\":\"https:\\\/\\\/adexa.ee\\\/wp-content\\\/uploads\\\/2025\\\/02\\\/B20.jpg\",\"contentUrl\":\"https:\\\/\\\/adexa.ee\\\/wp-content\\\/uploads\\\/2025\\\/02\\\/B20.jpg\",\"width\":1920,\"height\":1920},{\"@type\":\"BreadcrumbList\",\"@id\":\"https:\\\/\\\/adexa.ee\\\/toode\\\/professionaalne-planetaarmikser-20-liitrit-3-kiirust-adexa-b20\\\/#breadcrumb\",\"itemListElement\":[{\"@type\":\"ListItem\",\"position\":1,\"name\":\"Home\",\"item\":\"https:\\\/\\\/adexa.ee\\\/\"},{\"@type\":\"ListItem\",\"position\":2,\"name\":\"Tooted\",\"item\":\"https:\\\/\\\/adexa.ee\\\/pood\\\/\"},{\"@type\":\"ListItem\",\"position\":3,\"name\":\"Professionaalne planetaarmikser 20 liitrit, 3 kiirust | Adexa B20\"}]},{\"@type\":\"WebSite\",\"@id\":\"https:\\\/\\\/adexa.ee\\\/#website\",\"url\":\"https:\\\/\\\/adexa.ee\\\/\",\"name\":\"Adexa\",\"description\":\"\",\"publisher\":{\"@id\":\"https:\\\/\\\/adexa.ee\\\/#organization\"},\"potentialAction\":[{\"@type\":\"SearchAction\",\"target\":{\"@type\":\"EntryPoint\",\"urlTemplate\":\"https:\\\/\\\/adexa.ee\\\/?s={search_term_string}\"},\"query-input\":{\"@type\":\"PropertyValueSpecification\",\"valueRequired\":true,\"valueName\":\"search_term_string\"}}],\"inLanguage\":\"en-US\"},{\"@type\":\"Organization\",\"@id\":\"https:\\\/\\\/adexa.ee\\\/#organization\",\"name\":\"Adexa\",\"url\":\"https:\\\/\\\/adexa.ee\\\/\",\"logo\":{\"@type\":\"ImageObject\",\"inLanguage\":\"en-US\",\"@id\":\"https:\\\/\\\/adexa.ee\\\/#\\\/schema\\\/logo\\\/image\\\/\",\"url\":\"https:\\\/\\\/adexa.ee\\\/wp-content\\\/uploads\\\/2024\\\/04\\\/chef-cooks-working-in-professional-kitchen-2023-11-27-05-07-39-utc-scaled.jpg\",\"contentUrl\":\"https:\\\/\\\/adexa.ee\\\/wp-content\\\/uploads\\\/2024\\\/04\\\/chef-cooks-working-in-professional-kitchen-2023-11-27-05-07-39-utc-scaled.jpg\",\"width\":2560,\"height\":1708,\"caption\":\"Adexa\"},\"image\":{\"@id\":\"https:\\\/\\\/adexa.ee\\\/#\\\/schema\\\/logo\\\/image\\\/\"}}]}<\/script>\n<!-- \/ Yoast SEO plugin. -->","yoast_head_json":{"title":"Professionaalne planetaarmikser 20 liitrit, 3 kiirust | Adexa B20 - Adexa \u2013 Suurk\u00f6\u00f6giseadmed restoranidele ja toitlustusele","robots":{"index":"index","follow":"follow","max-snippet":"max-snippet:-1","max-image-preview":"max-image-preview:large","max-video-preview":"max-video-preview:-1"},"canonical":"https:\/\/adexa.ee\/toode\/professionaalne-planetaarmikser-20-liitrit-3-kiirust-adexa-b20\/","og_locale":"en_US","og_type":"article","og_title":"Professionaalne planetaarmikser 20 liitrit, 3 kiirust | Adexa B20 - Adexa \u2013 Suurk\u00f6\u00f6giseadmed restoranidele ja toitlustusele","og_description":"Suurep\u00e4rane hinna ja kvaliteedi suhe \u00fcldotstarbelise planetaarmikseri jaoks. Sellel on palju kasutusv\u00f5imalusi, mist\u00f5ttu sobib see ideaalselt pagarit\u00f6\u00f6kodadesse, pitsarestoranidesse, restoranidesse v\u00f5i","og_url":"https:\/\/adexa.ee\/toode\/professionaalne-planetaarmikser-20-liitrit-3-kiirust-adexa-b20\/","og_site_name":"Adexa \u2013 Suurk\u00f6\u00f6giseadmed restoranidele ja toitlustusele","article_modified_time":"2026-03-27T06:25:16+00:00","og_image":[{"width":1920,"height":1920,"url":"https:\/\/adexa.ee\/wp-content\/uploads\/2025\/02\/B20.jpg","type":"image\/jpeg"}],"twitter_card":"summary_large_image","twitter_misc":{"Est. reading time":"1 minute"},"schema":{"@context":"https:\/\/schema.org","@graph":[{"@type":"WebPage","@id":"https:\/\/adexa.ee\/toode\/professionaalne-planetaarmikser-20-liitrit-3-kiirust-adexa-b20\/","url":"https:\/\/adexa.ee\/toode\/professionaalne-planetaarmikser-20-liitrit-3-kiirust-adexa-b20\/","name":"Professionaalne planetaarmikser 20 liitrit, 3 kiirust | Adexa B20 - Adexa \u2013 Suurk\u00f6\u00f6giseadmed restoranidele ja toitlustusele","isPartOf":{"@id":"https:\/\/adexa.ee\/#website"},"primaryImageOfPage":{"@id":"https:\/\/adexa.ee\/toode\/professionaalne-planetaarmikser-20-liitrit-3-kiirust-adexa-b20\/#primaryimage"},"image":{"@id":"https:\/\/adexa.ee\/toode\/professionaalne-planetaarmikser-20-liitrit-3-kiirust-adexa-b20\/#primaryimage"},"thumbnailUrl":"https:\/\/adexa.ee\/wp-content\/uploads\/2025\/02\/B20.jpg","datePublished":"2026-03-27T06:25:15+00:00","dateModified":"2026-03-27T06:25:16+00:00","breadcrumb":{"@id":"https:\/\/adexa.ee\/toode\/professionaalne-planetaarmikser-20-liitrit-3-kiirust-adexa-b20\/#breadcrumb"},"inLanguage":"en-US","potentialAction":[{"@type":"ReadAction","target":["https:\/\/adexa.ee\/toode\/professionaalne-planetaarmikser-20-liitrit-3-kiirust-adexa-b20\/"]}]},{"@type":"ImageObject","inLanguage":"en-US","@id":"https:\/\/adexa.ee\/toode\/professionaalne-planetaarmikser-20-liitrit-3-kiirust-adexa-b20\/#primaryimage","url":"https:\/\/adexa.ee\/wp-content\/uploads\/2025\/02\/B20.jpg","contentUrl":"https:\/\/adexa.ee\/wp-content\/uploads\/2025\/02\/B20.jpg","width":1920,"height":1920},{"@type":"BreadcrumbList","@id":"https:\/\/adexa.ee\/toode\/professionaalne-planetaarmikser-20-liitrit-3-kiirust-adexa-b20\/#breadcrumb","itemListElement":[{"@type":"ListItem","position":1,"name":"Home","item":"https:\/\/adexa.ee\/"},{"@type":"ListItem","position":2,"name":"Tooted","item":"https:\/\/adexa.ee\/pood\/"},{"@type":"ListItem","position":3,"name":"Professionaalne planetaarmikser 20 liitrit, 3 kiirust | Adexa B20"}]},{"@type":"WebSite","@id":"https:\/\/adexa.ee\/#website","url":"https:\/\/adexa.ee\/","name":"Adexa","description":"","publisher":{"@id":"https:\/\/adexa.ee\/#organization"},"potentialAction":[{"@type":"SearchAction","target":{"@type":"EntryPoint","urlTemplate":"https:\/\/adexa.ee\/?s={search_term_string}"},"query-input":{"@type":"PropertyValueSpecification","valueRequired":true,"valueName":"search_term_string"}}],"inLanguage":"en-US"},{"@type":"Organization","@id":"https:\/\/adexa.ee\/#organization","name":"Adexa","url":"https:\/\/adexa.ee\/","logo":{"@type":"ImageObject","inLanguage":"en-US","@id":"https:\/\/adexa.ee\/#\/schema\/logo\/image\/","url":"https:\/\/adexa.ee\/wp-content\/uploads\/2024\/04\/chef-cooks-working-in-professional-kitchen-2023-11-27-05-07-39-utc-scaled.jpg","contentUrl":"https:\/\/adexa.ee\/wp-content\/uploads\/2024\/04\/chef-cooks-working-in-professional-kitchen-2023-11-27-05-07-39-utc-scaled.jpg","width":2560,"height":1708,"caption":"Adexa"},"image":{"@id":"https:\/\/adexa.ee\/#\/schema\/logo\/image\/"}}]}},"_links":{"self":[{"href":"https:\/\/adexa.ee\/en\/wp-json\/wp\/v2\/product\/10603","targetHints":{"allow":["GET"]}}],"collection":[{"href":"https:\/\/adexa.ee\/en\/wp-json\/wp\/v2\/product"}],"about":[{"href":"https:\/\/adexa.ee\/en\/wp-json\/wp\/v2\/types\/product"}],"wp:featuredmedia":[{"embeddable":true,"href":"https:\/\/adexa.ee\/en\/wp-json\/wp\/v2\/media\/31603"}],"wp:attachment":[{"href":"https:\/\/adexa.ee\/en\/wp-json\/wp\/v2\/media?parent=10603"}],"wp:term":[{"taxonomy":"product_brand","embeddable":true,"href":"https:\/\/adexa.ee\/en\/wp-json\/wp\/v2\/product_brand?post=10603"},{"taxonomy":"product_cat","embeddable":true,"href":"https:\/\/adexa.ee\/en\/wp-json\/wp\/v2\/product_cat?post=10603"},{"taxonomy":"product_tag","embeddable":true,"href":"https:\/\/adexa.ee\/en\/wp-json\/wp\/v2\/product_tag?post=10603"}],"curies":[{"name":"wp","href":"https:\/\/api.w.org\/{rel}","templated":true}]}}