{"id":10610,"date":"2026-04-01T11:35:13","date_gmt":"2026-04-01T08:35:13","guid":{"rendered":"https:\/\/adexa.ee\/toode\/kaubanduslik-noudepesumasina-korvikaru-roostevaba-teras-9-taset-550x510x1700mm-adexa-rt5509\/"},"modified":"2026-04-01T11:35:14","modified_gmt":"2026-04-01T08:35:14","slug":"noudepesumasina-korvikaru-roostevaba-teras-9-taset-550x510x1700mm-adexa-rt5509","status":"publish","type":"product","link":"https:\/\/adexa.ee\/en\/toode\/noudepesumasina-korvikaru-roostevaba-teras-9-taset-550x510x1700mm-adexa-rt5509\/","title":{"rendered":"n\u00f5udepesumasina korvik\u00e4ru roostevaba teras 9 taset 550x510x1700mm | Adexa RT5509"},"content":{"rendered":"<p>Kavandatud \u00fcheksa 500mm x 500mm n\u00f5udepesumasina korvi hoidmiseks. T\u00e4nu oma tugevale konstruktsioonile sobib see eriti h\u00e4sti kasutamiseks s\u00f6\u00f6klates, suurk\u00f6\u00f6kides, restoranides, avalikes asutustes, aga ka erasektoris. See roostevabast terasest k\u00e4ru on erakordselt vastupidav ja kergesti puhastatav. Valmistatud k\u00f5rgekvaliteedilisest roostevabast terasest. 550x510x1700mm 9 taset Tugev ja vastupidav konstruktsioon Tarnitakse osadena, lihtne ise kokku panna N\u00f5udepesumasina korvid EI kuulu komplekti T\u00e4pse teabe jaoks vaadake jaotist &#8220;Spetsifikatsioon&#8221;.<\/p>\n<table style=\"border-collapse: collapse; width: 100%; text-align: left;\">\n<tbody>\n<tr>\n<td style=\"border: 1px solid #ddd; padding: 8px; width: 45%;\"><strong>S\u00fcgavus<\/strong><\/td>\n<td style=\"border: 1px solid #ddd; padding: 8px;\">510 mm<\/td>\n<\/tr>\n<tr>\n<td style=\"border: 1px solid #ddd; padding: 8px; width: 45%;\"><strong>K\u00f5rgus<\/strong><\/td>\n<td style=\"border: 1px solid #ddd; padding: 8px;\">1700 mm<\/td>\n<\/tr>\n<tr>\n<td style=\"border: 1px solid #ddd; padding: 8px; width: 45%;\"><strong>Laius<\/strong><\/td>\n<td style=\"border: 1px solid #ddd; padding: 8px;\">550mm<\/td>\n<\/tr>\n<tr>\n<td style=\"border: 1px solid #ddd; padding: 8px; width: 45%;\"><strong>Kaal<\/strong><\/td>\n<td style=\"border: 1px solid #ddd; padding: 8px;\">11kg<\/td>\n<\/tr>\n<tr>\n<td style=\"border: 1px solid #ddd; padding: 8px; width: 45%;\"><strong>Garantii<\/strong><\/td>\n<td style=\"border: 1px solid #ddd; padding: 8px;\">12 kuu varuosade garantii<\/td>\n<\/tr>\n<tr>\n<td style=\"border: 1px solid #ddd; padding: 8px; width: 45%;\"><strong>Mahutavus<\/strong><\/td>\n<td style=\"border: 1px solid #ddd; padding: 8px;\">9 n\u00f5udepesumasina korvi<\/td>\n<\/tr>\n<tr>\n<td style=\"border: 1px solid #ddd; padding: 8px; width: 45%;\"><strong>Plaadi\/V\u00f5re suurus<\/strong><\/td>\n<td style=\"border: 1px solid #ddd; padding: 8px;\">500&#215;500 mm<\/td>\n<\/tr>\n<tr>\n<td style=\"border: 1px solid #ddd; padding: 8px; width: 45%;\"><strong>Rullikud<\/strong><\/td>\n<td style=\"border: 1px solid #ddd; padding: 8px;\">4 p\u00f6\u00f6rlevat ratast (2 piduritega)<\/td>\n<\/tr>\n<tr>\n<td style=\"border: 1px solid #ddd; padding: 8px; width: 45%;\"><strong>Materjal<\/strong><\/td>\n<td style=\"border: 1px solid #ddd; padding: 8px;\">Roostevaba teras<\/td>\n<\/tr>\n<tr>\n<td style=\"border: 1px solid #ddd; padding: 8px; width: 45%;\"><strong>Tasemed<\/strong><\/td>\n<td style=\"border: 1px solid #ddd; padding: 8px;\">9<\/td>\n<\/tr>\n<\/tbody>\n<\/table>\n","protected":false},"excerpt":{"rendered":"<p>Kavandatud \u00fcheksa 500mm x 500mm n\u00f5udepesumasina korvi hoidmiseks. T\u00e4nu oma tugevale konstruktsioonile sobib see eriti h\u00e4sti kasutamiseks s\u00f6\u00f6klates, suurk\u00f6\u00f6kides, restoranides,<\/p>\n","protected":false},"featured_media":10613,"template":"","meta":[],"product_brand":[],"product_cat":[623,665,569,561,609,725,572,656],"product_tag":[],"class_list":{"0":"post-10610","1":"product","2":"type-product","3":"status-publish","4":"has-post-thumbnail","6":"product_cat-karud","7":"product_cat-ladustamine-transport","8":"product_cat-lopumuuk","9":"product_cat-moobel-ja-hoiustamine","10":"product_cat-noudepesu","11":"product_cat-noudepesukorvid","12":"product_cat-roostevabad-tooted","13":"product_cat-tarvikud","15":"first","16":"instock","17":"sale","18":"taxable","19":"shipping-taxable","20":"purchasable","21":"product-type-simple"},"yoast_head":"<!-- This site is optimized with the Yoast SEO plugin v27.3 - https:\/\/yoast.com\/product\/yoast-seo-wordpress\/ -->\n<title>n\u00f5udepesumasina korvik\u00e4ru roostevaba teras 9 taset 550x510x1700mm | Adexa RT5509 - Adexa \u2013 Suurk\u00f6\u00f6giseadmed restoranidele ja toitlustusele<\/title>\n<meta name=\"robots\" content=\"index, follow, max-snippet:-1, max-image-preview:large, max-video-preview:-1\" \/>\n<link rel=\"canonical\" href=\"https:\/\/adexa.ee\/toode\/noudepesumasina-korvikaru-roostevaba-teras-9-taset-550x510x1700mm-adexa-rt5509\/\" \/>\n<meta property=\"og:locale\" content=\"en_US\" \/>\n<meta property=\"og:type\" content=\"article\" \/>\n<meta property=\"og:title\" content=\"n\u00f5udepesumasina korvik\u00e4ru roostevaba teras 9 taset 550x510x1700mm | Adexa RT5509 - Adexa \u2013 Suurk\u00f6\u00f6giseadmed restoranidele ja toitlustusele\" \/>\n<meta property=\"og:description\" content=\"Kavandatud \u00fcheksa 500mm x 500mm n\u00f5udepesumasina korvi hoidmiseks. T\u00e4nu oma tugevale konstruktsioonile sobib see eriti h\u00e4sti kasutamiseks s\u00f6\u00f6klates, suurk\u00f6\u00f6kides, restoranides,\" \/>\n<meta property=\"og:url\" content=\"https:\/\/adexa.ee\/toode\/noudepesumasina-korvikaru-roostevaba-teras-9-taset-550x510x1700mm-adexa-rt5509\/\" \/>\n<meta property=\"og:site_name\" content=\"Adexa \u2013 Suurk\u00f6\u00f6giseadmed restoranidele ja toitlustusele\" \/>\n<meta property=\"article:modified_time\" content=\"2026-04-01T08:35:14+00:00\" \/>\n<meta property=\"og:image\" content=\"https:\/\/adexa.ee\/wp-content\/uploads\/2024\/12\/RT5509.jpg\" \/>\n\t<meta property=\"og:image:width\" content=\"2000\" \/>\n\t<meta property=\"og:image:height\" content=\"2000\" \/>\n\t<meta property=\"og:image:type\" content=\"image\/jpeg\" \/>\n<meta name=\"twitter:card\" content=\"summary_large_image\" \/>\n<meta name=\"twitter:label1\" content=\"Est. reading time\" \/>\n\t<meta name=\"twitter:data1\" content=\"1 minute\" \/>\n<script type=\"application\/ld+json\" class=\"yoast-schema-graph\">{\"@context\":\"https:\\\/\\\/schema.org\",\"@graph\":[{\"@type\":\"WebPage\",\"@id\":\"https:\\\/\\\/adexa.ee\\\/toode\\\/noudepesumasina-korvikaru-roostevaba-teras-9-taset-550x510x1700mm-adexa-rt5509\\\/\",\"url\":\"https:\\\/\\\/adexa.ee\\\/toode\\\/noudepesumasina-korvikaru-roostevaba-teras-9-taset-550x510x1700mm-adexa-rt5509\\\/\",\"name\":\"n\u00f5udepesumasina korvik\u00e4ru roostevaba teras 9 taset 550x510x1700mm | Adexa RT5509 - Adexa \u2013 Suurk\u00f6\u00f6giseadmed restoranidele ja toitlustusele\",\"isPartOf\":{\"@id\":\"https:\\\/\\\/adexa.ee\\\/#website\"},\"primaryImageOfPage\":{\"@id\":\"https:\\\/\\\/adexa.ee\\\/toode\\\/noudepesumasina-korvikaru-roostevaba-teras-9-taset-550x510x1700mm-adexa-rt5509\\\/#primaryimage\"},\"image\":{\"@id\":\"https:\\\/\\\/adexa.ee\\\/toode\\\/noudepesumasina-korvikaru-roostevaba-teras-9-taset-550x510x1700mm-adexa-rt5509\\\/#primaryimage\"},\"thumbnailUrl\":\"https:\\\/\\\/adexa.ee\\\/wp-content\\\/uploads\\\/2024\\\/12\\\/RT5509.jpg\",\"datePublished\":\"2026-04-01T08:35:13+00:00\",\"dateModified\":\"2026-04-01T08:35:14+00:00\",\"breadcrumb\":{\"@id\":\"https:\\\/\\\/adexa.ee\\\/toode\\\/noudepesumasina-korvikaru-roostevaba-teras-9-taset-550x510x1700mm-adexa-rt5509\\\/#breadcrumb\"},\"inLanguage\":\"en-US\",\"potentialAction\":[{\"@type\":\"ReadAction\",\"target\":[\"https:\\\/\\\/adexa.ee\\\/toode\\\/noudepesumasina-korvikaru-roostevaba-teras-9-taset-550x510x1700mm-adexa-rt5509\\\/\"]}]},{\"@type\":\"ImageObject\",\"inLanguage\":\"en-US\",\"@id\":\"https:\\\/\\\/adexa.ee\\\/toode\\\/noudepesumasina-korvikaru-roostevaba-teras-9-taset-550x510x1700mm-adexa-rt5509\\\/#primaryimage\",\"url\":\"https:\\\/\\\/adexa.ee\\\/wp-content\\\/uploads\\\/2024\\\/12\\\/RT5509.jpg\",\"contentUrl\":\"https:\\\/\\\/adexa.ee\\\/wp-content\\\/uploads\\\/2024\\\/12\\\/RT5509.jpg\",\"width\":2000,\"height\":2000},{\"@type\":\"BreadcrumbList\",\"@id\":\"https:\\\/\\\/adexa.ee\\\/toode\\\/noudepesumasina-korvikaru-roostevaba-teras-9-taset-550x510x1700mm-adexa-rt5509\\\/#breadcrumb\",\"itemListElement\":[{\"@type\":\"ListItem\",\"position\":1,\"name\":\"Home\",\"item\":\"https:\\\/\\\/adexa.ee\\\/\"},{\"@type\":\"ListItem\",\"position\":2,\"name\":\"Tooted\",\"item\":\"https:\\\/\\\/adexa.ee\\\/pood\\\/\"},{\"@type\":\"ListItem\",\"position\":3,\"name\":\"n\u00f5udepesumasina korvik\u00e4ru roostevaba teras 9 taset 550x510x1700mm | Adexa RT5509\"}]},{\"@type\":\"WebSite\",\"@id\":\"https:\\\/\\\/adexa.ee\\\/#website\",\"url\":\"https:\\\/\\\/adexa.ee\\\/\",\"name\":\"Adexa\",\"description\":\"\",\"publisher\":{\"@id\":\"https:\\\/\\\/adexa.ee\\\/#organization\"},\"potentialAction\":[{\"@type\":\"SearchAction\",\"target\":{\"@type\":\"EntryPoint\",\"urlTemplate\":\"https:\\\/\\\/adexa.ee\\\/?s={search_term_string}\"},\"query-input\":{\"@type\":\"PropertyValueSpecification\",\"valueRequired\":true,\"valueName\":\"search_term_string\"}}],\"inLanguage\":\"en-US\"},{\"@type\":\"Organization\",\"@id\":\"https:\\\/\\\/adexa.ee\\\/#organization\",\"name\":\"Adexa\",\"url\":\"https:\\\/\\\/adexa.ee\\\/\",\"logo\":{\"@type\":\"ImageObject\",\"inLanguage\":\"en-US\",\"@id\":\"https:\\\/\\\/adexa.ee\\\/#\\\/schema\\\/logo\\\/image\\\/\",\"url\":\"https:\\\/\\\/adexa.ee\\\/wp-content\\\/uploads\\\/2024\\\/04\\\/chef-cooks-working-in-professional-kitchen-2023-11-27-05-07-39-utc-scaled.jpg\",\"contentUrl\":\"https:\\\/\\\/adexa.ee\\\/wp-content\\\/uploads\\\/2024\\\/04\\\/chef-cooks-working-in-professional-kitchen-2023-11-27-05-07-39-utc-scaled.jpg\",\"width\":2560,\"height\":1708,\"caption\":\"Adexa\"},\"image\":{\"@id\":\"https:\\\/\\\/adexa.ee\\\/#\\\/schema\\\/logo\\\/image\\\/\"}}]}<\/script>\n<!-- \/ Yoast SEO plugin. -->","yoast_head_json":{"title":"n\u00f5udepesumasina korvik\u00e4ru roostevaba teras 9 taset 550x510x1700mm | Adexa RT5509 - Adexa \u2013 Suurk\u00f6\u00f6giseadmed restoranidele ja toitlustusele","robots":{"index":"index","follow":"follow","max-snippet":"max-snippet:-1","max-image-preview":"max-image-preview:large","max-video-preview":"max-video-preview:-1"},"canonical":"https:\/\/adexa.ee\/toode\/noudepesumasina-korvikaru-roostevaba-teras-9-taset-550x510x1700mm-adexa-rt5509\/","og_locale":"en_US","og_type":"article","og_title":"n\u00f5udepesumasina korvik\u00e4ru roostevaba teras 9 taset 550x510x1700mm | Adexa RT5509 - Adexa \u2013 Suurk\u00f6\u00f6giseadmed restoranidele ja toitlustusele","og_description":"Kavandatud \u00fcheksa 500mm x 500mm n\u00f5udepesumasina korvi hoidmiseks. T\u00e4nu oma tugevale konstruktsioonile sobib see eriti h\u00e4sti kasutamiseks s\u00f6\u00f6klates, suurk\u00f6\u00f6kides, restoranides,","og_url":"https:\/\/adexa.ee\/toode\/noudepesumasina-korvikaru-roostevaba-teras-9-taset-550x510x1700mm-adexa-rt5509\/","og_site_name":"Adexa \u2013 Suurk\u00f6\u00f6giseadmed restoranidele ja toitlustusele","article_modified_time":"2026-04-01T08:35:14+00:00","og_image":[{"width":2000,"height":2000,"url":"https:\/\/adexa.ee\/wp-content\/uploads\/2024\/12\/RT5509.jpg","type":"image\/jpeg"}],"twitter_card":"summary_large_image","twitter_misc":{"Est. reading time":"1 minute"},"schema":{"@context":"https:\/\/schema.org","@graph":[{"@type":"WebPage","@id":"https:\/\/adexa.ee\/toode\/noudepesumasina-korvikaru-roostevaba-teras-9-taset-550x510x1700mm-adexa-rt5509\/","url":"https:\/\/adexa.ee\/toode\/noudepesumasina-korvikaru-roostevaba-teras-9-taset-550x510x1700mm-adexa-rt5509\/","name":"n\u00f5udepesumasina korvik\u00e4ru roostevaba teras 9 taset 550x510x1700mm | Adexa RT5509 - Adexa \u2013 Suurk\u00f6\u00f6giseadmed restoranidele ja toitlustusele","isPartOf":{"@id":"https:\/\/adexa.ee\/#website"},"primaryImageOfPage":{"@id":"https:\/\/adexa.ee\/toode\/noudepesumasina-korvikaru-roostevaba-teras-9-taset-550x510x1700mm-adexa-rt5509\/#primaryimage"},"image":{"@id":"https:\/\/adexa.ee\/toode\/noudepesumasina-korvikaru-roostevaba-teras-9-taset-550x510x1700mm-adexa-rt5509\/#primaryimage"},"thumbnailUrl":"https:\/\/adexa.ee\/wp-content\/uploads\/2024\/12\/RT5509.jpg","datePublished":"2026-04-01T08:35:13+00:00","dateModified":"2026-04-01T08:35:14+00:00","breadcrumb":{"@id":"https:\/\/adexa.ee\/toode\/noudepesumasina-korvikaru-roostevaba-teras-9-taset-550x510x1700mm-adexa-rt5509\/#breadcrumb"},"inLanguage":"en-US","potentialAction":[{"@type":"ReadAction","target":["https:\/\/adexa.ee\/toode\/noudepesumasina-korvikaru-roostevaba-teras-9-taset-550x510x1700mm-adexa-rt5509\/"]}]},{"@type":"ImageObject","inLanguage":"en-US","@id":"https:\/\/adexa.ee\/toode\/noudepesumasina-korvikaru-roostevaba-teras-9-taset-550x510x1700mm-adexa-rt5509\/#primaryimage","url":"https:\/\/adexa.ee\/wp-content\/uploads\/2024\/12\/RT5509.jpg","contentUrl":"https:\/\/adexa.ee\/wp-content\/uploads\/2024\/12\/RT5509.jpg","width":2000,"height":2000},{"@type":"BreadcrumbList","@id":"https:\/\/adexa.ee\/toode\/noudepesumasina-korvikaru-roostevaba-teras-9-taset-550x510x1700mm-adexa-rt5509\/#breadcrumb","itemListElement":[{"@type":"ListItem","position":1,"name":"Home","item":"https:\/\/adexa.ee\/"},{"@type":"ListItem","position":2,"name":"Tooted","item":"https:\/\/adexa.ee\/pood\/"},{"@type":"ListItem","position":3,"name":"n\u00f5udepesumasina korvik\u00e4ru roostevaba teras 9 taset 550x510x1700mm | Adexa RT5509"}]},{"@type":"WebSite","@id":"https:\/\/adexa.ee\/#website","url":"https:\/\/adexa.ee\/","name":"Adexa","description":"","publisher":{"@id":"https:\/\/adexa.ee\/#organization"},"potentialAction":[{"@type":"SearchAction","target":{"@type":"EntryPoint","urlTemplate":"https:\/\/adexa.ee\/?s={search_term_string}"},"query-input":{"@type":"PropertyValueSpecification","valueRequired":true,"valueName":"search_term_string"}}],"inLanguage":"en-US"},{"@type":"Organization","@id":"https:\/\/adexa.ee\/#organization","name":"Adexa","url":"https:\/\/adexa.ee\/","logo":{"@type":"ImageObject","inLanguage":"en-US","@id":"https:\/\/adexa.ee\/#\/schema\/logo\/image\/","url":"https:\/\/adexa.ee\/wp-content\/uploads\/2024\/04\/chef-cooks-working-in-professional-kitchen-2023-11-27-05-07-39-utc-scaled.jpg","contentUrl":"https:\/\/adexa.ee\/wp-content\/uploads\/2024\/04\/chef-cooks-working-in-professional-kitchen-2023-11-27-05-07-39-utc-scaled.jpg","width":2560,"height":1708,"caption":"Adexa"},"image":{"@id":"https:\/\/adexa.ee\/#\/schema\/logo\/image\/"}}]}},"_links":{"self":[{"href":"https:\/\/adexa.ee\/en\/wp-json\/wp\/v2\/product\/10610","targetHints":{"allow":["GET"]}}],"collection":[{"href":"https:\/\/adexa.ee\/en\/wp-json\/wp\/v2\/product"}],"about":[{"href":"https:\/\/adexa.ee\/en\/wp-json\/wp\/v2\/types\/product"}],"wp:featuredmedia":[{"embeddable":true,"href":"https:\/\/adexa.ee\/en\/wp-json\/wp\/v2\/media\/10613"}],"wp:attachment":[{"href":"https:\/\/adexa.ee\/en\/wp-json\/wp\/v2\/media?parent=10610"}],"wp:term":[{"taxonomy":"product_brand","embeddable":true,"href":"https:\/\/adexa.ee\/en\/wp-json\/wp\/v2\/product_brand?post=10610"},{"taxonomy":"product_cat","embeddable":true,"href":"https:\/\/adexa.ee\/en\/wp-json\/wp\/v2\/product_cat?post=10610"},{"taxonomy":"product_tag","embeddable":true,"href":"https:\/\/adexa.ee\/en\/wp-json\/wp\/v2\/product_tag?post=10610"}],"curies":[{"name":"wp","href":"https:\/\/api.w.org\/{rel}","templated":true}]}}