{"id":10618,"date":"2026-03-26T09:15:02","date_gmt":"2026-03-26T07:15:02","guid":{"rendered":"https:\/\/adexa.ee\/toode\/eelloputuse-pihustusuhik-kiiksegistiga-dekile-kinnitatav-uhe-sisselaskeavaga-korgus-1000-mm-roostevaba-teras-adexa-eq2803a12\/"},"modified":"2026-04-02T21:39:45","modified_gmt":"2026-04-02T18:39:45","slug":"eelloputusdush-segistiga-korgus-1000-mm-roostevaba-teras-adexa-eq2803a12","status":"publish","type":"product","link":"https:\/\/adexa.ee\/en\/toode\/eelloputusdush-segistiga-korgus-1000-mm-roostevaba-teras-adexa-eq2803a12\/","title":{"rendered":"Eelloputusdush segistiga  K\u00f5rgus 1000 mm Roostevaba teras | Adexa EQ2803A12"},"content":{"rendered":"<p>Professionaalne ja \u00e4\u00e4rmiselt vastupidav eelloputuse pihusti, mis sobib ideaalselt toitlustusasutustele, kommertsk\u00f6\u00f6kidele, restoranidele ja hotellidele. Vedrumehhanismiga kael ning keraamiline p\u00f6\u00f6rdkassett lekete v\u00e4ltimiseks muudavad m\u00f5lemad eelloputuse \u00fchikud vastupidavaks ja sagedaseks kasutamiseks sobivaks. Dekimontaa\u017e \u00dche sisselaskeavaga (kuum v\u00f5i k\u00fclm vesi) Tugev roostevaba terasest konstruktsioon Monoblokk &#8211; \u00fche vees\u00f6\u00f6tmega<\/p>\n<table style=\"border-collapse: collapse; width: 100%; text-align: left;\">\n<tbody>\n<tr>\n<td style=\"border: 1px solid #ddd; padding: 8px; width: 45%;\"><strong>K\u00f5rgus<\/strong><\/td>\n<td style=\"border: 1px solid #ddd; padding: 8px;\">1000 mm<\/td>\n<\/tr>\n<tr>\n<td style=\"border: 1px solid #ddd; padding: 8px; width: 45%;\"><strong>Garantii<\/strong><\/td>\n<td style=\"border: 1px solid #ddd; padding: 8px;\">12 kuu varuosade garantii<\/td>\n<\/tr>\n<tr>\n<td style=\"border: 1px solid #ddd; padding: 8px; width: 45%;\"><strong>T\u00fc\u00fcp<\/strong><\/td>\n<td style=\"border: 1px solid #ddd; padding: 8px;\">\u00dcks auk \/ \u00dcks sisselaskeava<\/td>\n<\/tr>\n<tr>\n<td style=\"border: 1px solid #ddd; padding: 8px; width: 45%;\"><strong>Versioon<\/strong><\/td>\n<td style=\"border: 1px solid #ddd; padding: 8px;\">Teki kinnitus<\/td>\n<\/tr>\n<tr>\n<td style=\"border: 1px solid #ddd; padding: 8px; width: 45%;\"><strong>Materjal<\/strong><\/td>\n<td style=\"border: 1px solid #ddd; padding: 8px;\">Roostevaba teras<\/td>\n<\/tr>\n<tr>\n<td style=\"border: 1px solid #ddd; padding: 8px; width: 45%;\"><strong>Segisti<\/strong><\/td>\n<td style=\"border: 1px solid #ddd; padding: 8px;\">Jah<\/td>\n<\/tr>\n<tr>\n<td style=\"border: 1px solid #ddd; padding: 8px; width: 45%;\"><strong>L\u00e4bim\u00f5\u00f5t<\/strong><\/td>\n<td style=\"border: 1px solid #ddd; padding: 8px;\">\u00d822mm (s\u00fcvendi auk)<\/td>\n<\/tr>\n<tr>\n<td style=\"border: 1px solid #ddd; padding: 8px; width: 45%;\"><strong>M\u00f5\u00f5tmed<\/strong><\/td>\n<td style=\"border: 1px solid #ddd; padding: 8px;\">Post: 500 mm \/ Voolik: 950 mm \/ Vedru: 660 mm<\/td>\n<\/tr>\n<\/tbody>\n<\/table>\n","protected":false},"excerpt":{"rendered":"<p>Professionaalne ja \u00e4\u00e4rmiselt vastupidav eelloputuse pihusti, mis sobib ideaalselt toitlustusasutustele, kommertsk\u00f6\u00f6kidele, restoranidele ja hotellidele. Vedrumehhanismiga kael ning keraamiline p\u00f6\u00f6rdkassett lekete<\/p>\n","protected":false},"featured_media":10621,"template":"","meta":[],"product_brand":[],"product_cat":[610,698,569,609,661],"product_tag":[],"class_list":{"0":"post-10618","1":"product","2":"type-product","3":"status-publish","4":"has-post-thumbnail","6":"product_cat-dusid-segistid","7":"product_cat-eelpesudushid","8":"product_cat-lopumuuk","9":"product_cat-noudepesu","10":"product_cat-valamutarvikud","12":"first","13":"instock","14":"sale","15":"taxable","16":"shipping-taxable","17":"purchasable","18":"product-type-simple"},"yoast_head":"<!-- This site is optimized with the Yoast SEO plugin v27.3 - https:\/\/yoast.com\/product\/yoast-seo-wordpress\/ -->\n<title>Eelloputusdush segistiga K\u00f5rgus 1000 mm Roostevaba teras | Adexa EQ2803A12 - Adexa \u2013 Suurk\u00f6\u00f6giseadmed restoranidele ja toitlustusele<\/title>\n<meta name=\"robots\" content=\"index, follow, max-snippet:-1, max-image-preview:large, max-video-preview:-1\" \/>\n<link rel=\"canonical\" href=\"https:\/\/adexa.ee\/toode\/eelloputusdush-segistiga-korgus-1000-mm-roostevaba-teras-adexa-eq2803a12\/\" \/>\n<meta property=\"og:locale\" content=\"en_US\" \/>\n<meta property=\"og:type\" content=\"article\" \/>\n<meta property=\"og:title\" content=\"Eelloputusdush segistiga K\u00f5rgus 1000 mm Roostevaba teras | Adexa EQ2803A12 - Adexa \u2013 Suurk\u00f6\u00f6giseadmed restoranidele ja toitlustusele\" \/>\n<meta property=\"og:description\" content=\"Professionaalne ja \u00e4\u00e4rmiselt vastupidav eelloputuse pihusti, mis sobib ideaalselt toitlustusasutustele, kommertsk\u00f6\u00f6kidele, restoranidele ja hotellidele. Vedrumehhanismiga kael ning keraamiline p\u00f6\u00f6rdkassett lekete\" \/>\n<meta property=\"og:url\" content=\"https:\/\/adexa.ee\/toode\/eelloputusdush-segistiga-korgus-1000-mm-roostevaba-teras-adexa-eq2803a12\/\" \/>\n<meta property=\"og:site_name\" content=\"Adexa \u2013 Suurk\u00f6\u00f6giseadmed restoranidele ja toitlustusele\" \/>\n<meta property=\"article:modified_time\" content=\"2026-04-02T18:39:45+00:00\" \/>\n<meta property=\"og:image\" content=\"https:\/\/adexa.ee\/wp-content\/uploads\/2024\/12\/EQ280312.jpg\" \/>\n\t<meta property=\"og:image:width\" content=\"900\" \/>\n\t<meta property=\"og:image:height\" content=\"900\" \/>\n\t<meta property=\"og:image:type\" content=\"image\/jpeg\" \/>\n<meta name=\"twitter:card\" content=\"summary_large_image\" \/>\n<script type=\"application\/ld+json\" class=\"yoast-schema-graph\">{\"@context\":\"https:\\\/\\\/schema.org\",\"@graph\":[{\"@type\":\"WebPage\",\"@id\":\"https:\\\/\\\/adexa.ee\\\/toode\\\/eelloputusdush-segistiga-korgus-1000-mm-roostevaba-teras-adexa-eq2803a12\\\/\",\"url\":\"https:\\\/\\\/adexa.ee\\\/toode\\\/eelloputusdush-segistiga-korgus-1000-mm-roostevaba-teras-adexa-eq2803a12\\\/\",\"name\":\"Eelloputusdush segistiga K\u00f5rgus 1000 mm Roostevaba teras | Adexa EQ2803A12 - Adexa \u2013 Suurk\u00f6\u00f6giseadmed restoranidele ja toitlustusele\",\"isPartOf\":{\"@id\":\"https:\\\/\\\/adexa.ee\\\/#website\"},\"primaryImageOfPage\":{\"@id\":\"https:\\\/\\\/adexa.ee\\\/toode\\\/eelloputusdush-segistiga-korgus-1000-mm-roostevaba-teras-adexa-eq2803a12\\\/#primaryimage\"},\"image\":{\"@id\":\"https:\\\/\\\/adexa.ee\\\/toode\\\/eelloputusdush-segistiga-korgus-1000-mm-roostevaba-teras-adexa-eq2803a12\\\/#primaryimage\"},\"thumbnailUrl\":\"https:\\\/\\\/adexa.ee\\\/wp-content\\\/uploads\\\/2024\\\/12\\\/EQ280312.jpg\",\"datePublished\":\"2026-03-26T07:15:02+00:00\",\"dateModified\":\"2026-04-02T18:39:45+00:00\",\"breadcrumb\":{\"@id\":\"https:\\\/\\\/adexa.ee\\\/toode\\\/eelloputusdush-segistiga-korgus-1000-mm-roostevaba-teras-adexa-eq2803a12\\\/#breadcrumb\"},\"inLanguage\":\"en-US\",\"potentialAction\":[{\"@type\":\"ReadAction\",\"target\":[\"https:\\\/\\\/adexa.ee\\\/toode\\\/eelloputusdush-segistiga-korgus-1000-mm-roostevaba-teras-adexa-eq2803a12\\\/\"]}]},{\"@type\":\"ImageObject\",\"inLanguage\":\"en-US\",\"@id\":\"https:\\\/\\\/adexa.ee\\\/toode\\\/eelloputusdush-segistiga-korgus-1000-mm-roostevaba-teras-adexa-eq2803a12\\\/#primaryimage\",\"url\":\"https:\\\/\\\/adexa.ee\\\/wp-content\\\/uploads\\\/2024\\\/12\\\/EQ280312.jpg\",\"contentUrl\":\"https:\\\/\\\/adexa.ee\\\/wp-content\\\/uploads\\\/2024\\\/12\\\/EQ280312.jpg\",\"width\":900,\"height\":900},{\"@type\":\"BreadcrumbList\",\"@id\":\"https:\\\/\\\/adexa.ee\\\/toode\\\/eelloputusdush-segistiga-korgus-1000-mm-roostevaba-teras-adexa-eq2803a12\\\/#breadcrumb\",\"itemListElement\":[{\"@type\":\"ListItem\",\"position\":1,\"name\":\"Home\",\"item\":\"https:\\\/\\\/adexa.ee\\\/\"},{\"@type\":\"ListItem\",\"position\":2,\"name\":\"Tooted\",\"item\":\"https:\\\/\\\/adexa.ee\\\/pood\\\/\"},{\"@type\":\"ListItem\",\"position\":3,\"name\":\"Eelloputusdush segistiga K\u00f5rgus 1000 mm Roostevaba teras | Adexa EQ2803A12\"}]},{\"@type\":\"WebSite\",\"@id\":\"https:\\\/\\\/adexa.ee\\\/#website\",\"url\":\"https:\\\/\\\/adexa.ee\\\/\",\"name\":\"Adexa\",\"description\":\"\",\"publisher\":{\"@id\":\"https:\\\/\\\/adexa.ee\\\/#organization\"},\"potentialAction\":[{\"@type\":\"SearchAction\",\"target\":{\"@type\":\"EntryPoint\",\"urlTemplate\":\"https:\\\/\\\/adexa.ee\\\/?s={search_term_string}\"},\"query-input\":{\"@type\":\"PropertyValueSpecification\",\"valueRequired\":true,\"valueName\":\"search_term_string\"}}],\"inLanguage\":\"en-US\"},{\"@type\":\"Organization\",\"@id\":\"https:\\\/\\\/adexa.ee\\\/#organization\",\"name\":\"Adexa\",\"url\":\"https:\\\/\\\/adexa.ee\\\/\",\"logo\":{\"@type\":\"ImageObject\",\"inLanguage\":\"en-US\",\"@id\":\"https:\\\/\\\/adexa.ee\\\/#\\\/schema\\\/logo\\\/image\\\/\",\"url\":\"https:\\\/\\\/adexa.ee\\\/wp-content\\\/uploads\\\/2024\\\/04\\\/chef-cooks-working-in-professional-kitchen-2023-11-27-05-07-39-utc-scaled.jpg\",\"contentUrl\":\"https:\\\/\\\/adexa.ee\\\/wp-content\\\/uploads\\\/2024\\\/04\\\/chef-cooks-working-in-professional-kitchen-2023-11-27-05-07-39-utc-scaled.jpg\",\"width\":2560,\"height\":1708,\"caption\":\"Adexa\"},\"image\":{\"@id\":\"https:\\\/\\\/adexa.ee\\\/#\\\/schema\\\/logo\\\/image\\\/\"}}]}<\/script>\n<!-- \/ Yoast SEO plugin. -->","yoast_head_json":{"title":"Eelloputusdush segistiga K\u00f5rgus 1000 mm Roostevaba teras | Adexa EQ2803A12 - Adexa \u2013 Suurk\u00f6\u00f6giseadmed restoranidele ja toitlustusele","robots":{"index":"index","follow":"follow","max-snippet":"max-snippet:-1","max-image-preview":"max-image-preview:large","max-video-preview":"max-video-preview:-1"},"canonical":"https:\/\/adexa.ee\/toode\/eelloputusdush-segistiga-korgus-1000-mm-roostevaba-teras-adexa-eq2803a12\/","og_locale":"en_US","og_type":"article","og_title":"Eelloputusdush segistiga K\u00f5rgus 1000 mm Roostevaba teras | Adexa EQ2803A12 - Adexa \u2013 Suurk\u00f6\u00f6giseadmed restoranidele ja toitlustusele","og_description":"Professionaalne ja \u00e4\u00e4rmiselt vastupidav eelloputuse pihusti, mis sobib ideaalselt toitlustusasutustele, kommertsk\u00f6\u00f6kidele, restoranidele ja hotellidele. Vedrumehhanismiga kael ning keraamiline p\u00f6\u00f6rdkassett lekete","og_url":"https:\/\/adexa.ee\/toode\/eelloputusdush-segistiga-korgus-1000-mm-roostevaba-teras-adexa-eq2803a12\/","og_site_name":"Adexa \u2013 Suurk\u00f6\u00f6giseadmed restoranidele ja toitlustusele","article_modified_time":"2026-04-02T18:39:45+00:00","og_image":[{"width":900,"height":900,"url":"https:\/\/adexa.ee\/wp-content\/uploads\/2024\/12\/EQ280312.jpg","type":"image\/jpeg"}],"twitter_card":"summary_large_image","schema":{"@context":"https:\/\/schema.org","@graph":[{"@type":"WebPage","@id":"https:\/\/adexa.ee\/toode\/eelloputusdush-segistiga-korgus-1000-mm-roostevaba-teras-adexa-eq2803a12\/","url":"https:\/\/adexa.ee\/toode\/eelloputusdush-segistiga-korgus-1000-mm-roostevaba-teras-adexa-eq2803a12\/","name":"Eelloputusdush segistiga K\u00f5rgus 1000 mm Roostevaba teras | Adexa EQ2803A12 - Adexa \u2013 Suurk\u00f6\u00f6giseadmed restoranidele ja toitlustusele","isPartOf":{"@id":"https:\/\/adexa.ee\/#website"},"primaryImageOfPage":{"@id":"https:\/\/adexa.ee\/toode\/eelloputusdush-segistiga-korgus-1000-mm-roostevaba-teras-adexa-eq2803a12\/#primaryimage"},"image":{"@id":"https:\/\/adexa.ee\/toode\/eelloputusdush-segistiga-korgus-1000-mm-roostevaba-teras-adexa-eq2803a12\/#primaryimage"},"thumbnailUrl":"https:\/\/adexa.ee\/wp-content\/uploads\/2024\/12\/EQ280312.jpg","datePublished":"2026-03-26T07:15:02+00:00","dateModified":"2026-04-02T18:39:45+00:00","breadcrumb":{"@id":"https:\/\/adexa.ee\/toode\/eelloputusdush-segistiga-korgus-1000-mm-roostevaba-teras-adexa-eq2803a12\/#breadcrumb"},"inLanguage":"en-US","potentialAction":[{"@type":"ReadAction","target":["https:\/\/adexa.ee\/toode\/eelloputusdush-segistiga-korgus-1000-mm-roostevaba-teras-adexa-eq2803a12\/"]}]},{"@type":"ImageObject","inLanguage":"en-US","@id":"https:\/\/adexa.ee\/toode\/eelloputusdush-segistiga-korgus-1000-mm-roostevaba-teras-adexa-eq2803a12\/#primaryimage","url":"https:\/\/adexa.ee\/wp-content\/uploads\/2024\/12\/EQ280312.jpg","contentUrl":"https:\/\/adexa.ee\/wp-content\/uploads\/2024\/12\/EQ280312.jpg","width":900,"height":900},{"@type":"BreadcrumbList","@id":"https:\/\/adexa.ee\/toode\/eelloputusdush-segistiga-korgus-1000-mm-roostevaba-teras-adexa-eq2803a12\/#breadcrumb","itemListElement":[{"@type":"ListItem","position":1,"name":"Home","item":"https:\/\/adexa.ee\/"},{"@type":"ListItem","position":2,"name":"Tooted","item":"https:\/\/adexa.ee\/pood\/"},{"@type":"ListItem","position":3,"name":"Eelloputusdush segistiga K\u00f5rgus 1000 mm Roostevaba teras | Adexa EQ2803A12"}]},{"@type":"WebSite","@id":"https:\/\/adexa.ee\/#website","url":"https:\/\/adexa.ee\/","name":"Adexa","description":"","publisher":{"@id":"https:\/\/adexa.ee\/#organization"},"potentialAction":[{"@type":"SearchAction","target":{"@type":"EntryPoint","urlTemplate":"https:\/\/adexa.ee\/?s={search_term_string}"},"query-input":{"@type":"PropertyValueSpecification","valueRequired":true,"valueName":"search_term_string"}}],"inLanguage":"en-US"},{"@type":"Organization","@id":"https:\/\/adexa.ee\/#organization","name":"Adexa","url":"https:\/\/adexa.ee\/","logo":{"@type":"ImageObject","inLanguage":"en-US","@id":"https:\/\/adexa.ee\/#\/schema\/logo\/image\/","url":"https:\/\/adexa.ee\/wp-content\/uploads\/2024\/04\/chef-cooks-working-in-professional-kitchen-2023-11-27-05-07-39-utc-scaled.jpg","contentUrl":"https:\/\/adexa.ee\/wp-content\/uploads\/2024\/04\/chef-cooks-working-in-professional-kitchen-2023-11-27-05-07-39-utc-scaled.jpg","width":2560,"height":1708,"caption":"Adexa"},"image":{"@id":"https:\/\/adexa.ee\/#\/schema\/logo\/image\/"}}]}},"_links":{"self":[{"href":"https:\/\/adexa.ee\/en\/wp-json\/wp\/v2\/product\/10618","targetHints":{"allow":["GET"]}}],"collection":[{"href":"https:\/\/adexa.ee\/en\/wp-json\/wp\/v2\/product"}],"about":[{"href":"https:\/\/adexa.ee\/en\/wp-json\/wp\/v2\/types\/product"}],"wp:featuredmedia":[{"embeddable":true,"href":"https:\/\/adexa.ee\/en\/wp-json\/wp\/v2\/media\/10621"}],"wp:attachment":[{"href":"https:\/\/adexa.ee\/en\/wp-json\/wp\/v2\/media?parent=10618"}],"wp:term":[{"taxonomy":"product_brand","embeddable":true,"href":"https:\/\/adexa.ee\/en\/wp-json\/wp\/v2\/product_brand?post=10618"},{"taxonomy":"product_cat","embeddable":true,"href":"https:\/\/adexa.ee\/en\/wp-json\/wp\/v2\/product_cat?post=10618"},{"taxonomy":"product_tag","embeddable":true,"href":"https:\/\/adexa.ee\/en\/wp-json\/wp\/v2\/product_tag?post=10618"}],"curies":[{"name":"wp","href":"https:\/\/api.w.org\/{rel}","templated":true}]}}