{"id":10622,"date":"2026-03-30T17:35:17","date_gmt":"2026-03-30T14:35:17","guid":{"rendered":"https:\/\/adexa.ee\/toode\/professionaalne-ahjukinnas-eriti-pikk-silikoonist-must-adexa-bhsc01b\/"},"modified":"2026-03-30T17:35:19","modified_gmt":"2026-03-30T14:35:19","slug":"professionaalne-ahjukinnas-eriti-pikk-silikoonist-must-adexa-bhsc01b","status":"publish","type":"product","link":"https:\/\/adexa.ee\/en\/toode\/professionaalne-ahjukinnas-eriti-pikk-silikoonist-must-adexa-bhsc01b\/","title":{"rendered":"Professionaalne ahjukinnas, eriti pikk, silikoonist, must | Adexa BHSC01B"},"content":{"rendered":"<p>Kuumuse- ja leegikindel \u2013 pakub kaitset kuni 450\u00b0F, see \u00fcksik ahjukinnas vatiiniga puuvillase voodriga pakub paremat mugavust toiduvalmistamisel. Need kaitsevad ka \u00f5rnu k\u00e4sivarsi p\u00f5letuste eest, mis v\u00f5ivad tekkida, kui v\u00e4ligrillil tekib leek. Need ei s\u00fctti ega sula lahtise leegi l\u00e4hedal kasutamisel. Eriti pikk \u2013 see pikk ahjukinnas kaitseb s\u00f5rmi, k\u00e4si ja randmeid p\u00f5letuste eest. Pikem randmekaitse kaitseb s\u00f5rmede otstest kuni randme taha. See v\u00f5imaldab teil potte, panne ja k\u00f6\u00f6gin\u00f5usid ohutult haarata ilma libisemiste ja lekkimisteta. Auru- ja veekindel \u2013 erinevalt kangast ahjukinnastest ei ima meie silikoonist ahjukinnas vedelikke. Kinda silikoonosa on t\u00e4iesti veekindel. Need aitavad kaitsta ka k\u00e4si, kui hoiate kuumi taldrikuid ja n\u00f5usid, t\u00f6\u00f6tate grilli kohal v\u00f5i ulatute ahju. Samuti saate seda kasutada potikaitsena, et haarata kuuma potti. Tekstuuriga libisemiskindel haare \u2013 see silikoonist ahjukinnas on paindlik, hingav ja pakub t\u00e4nu mittelibiseva tekstuuriga peopesale paremat kontrolli ja stabiilsust. Pehme pol\u00fcesterpuuvillane vooder lisab ka lisakaitse ja mugavuse kihi. Lihtne puhastada ja masinas pestav \u2013 valmistatud BPA-vabast silikoonist, meie silikoonkindaid on plekikindlad ja neid on lihtne puhastada vaid sooja vee ja v\u00e4hese seebiga. Need ei rebene, h\u00f5rene ega hargne.<\/p>\n<table style=\"border-collapse: collapse; width: 100%; text-align: left;\">\n<tbody>\n<tr>\n<td style=\"border: 1px solid #ddd; padding: 8px; width: 45%;\"><strong>Laius<\/strong><\/td>\n<td style=\"border: 1px solid #ddd; padding: 8px;\">180 mm<\/td>\n<\/tr>\n<tr>\n<td style=\"border: 1px solid #ddd; padding: 8px; width: 45%;\"><strong>Materjal<\/strong><\/td>\n<td style=\"border: 1px solid #ddd; padding: 8px;\">Silikoon<\/td>\n<\/tr>\n<tr>\n<td style=\"border: 1px solid #ddd; padding: 8px; width: 45%;\"><strong>Temperatuur<\/strong><\/td>\n<td style=\"border: 1px solid #ddd; padding: 8px;\">Kuni +450\u00b0C<\/td>\n<\/tr>\n<tr>\n<td style=\"border: 1px solid #ddd; padding: 8px; width: 45%;\"><strong>Pikkus<\/strong><\/td>\n<td style=\"border: 1px solid #ddd; padding: 8px;\">375 mm<\/td>\n<\/tr>\n<\/tbody>\n<\/table>\n","protected":false},"excerpt":{"rendered":"<p>Kuumuse- ja leegikindel \u2013 pakub kaitset kuni 450\u00b0F, see \u00fcksik ahjukinnas vatiiniga puuvillase voodriga pakub paremat mugavust toiduvalmistamisel. Need kaitsevad<\/p>\n","protected":false},"featured_media":10624,"template":"","meta":[],"product_brand":[],"product_cat":[737,580,579],"product_tag":[],"class_list":{"0":"post-10622","1":"product","2":"type-product","3":"status-publish","4":"has-post-thumbnail","6":"product_cat-ahjukindad","7":"product_cat-koogiriistad","8":"product_cat-koogitarbed-noud","10":"first","11":"instock","12":"sale","13":"taxable","14":"shipping-taxable","15":"purchasable","16":"product-type-simple"},"yoast_head":"<!-- This site is optimized with the Yoast SEO plugin v27.3 - https:\/\/yoast.com\/product\/yoast-seo-wordpress\/ -->\n<title>Professionaalne ahjukinnas, eriti pikk, silikoonist, must | Adexa BHSC01B - Adexa \u2013 Suurk\u00f6\u00f6giseadmed restoranidele ja toitlustusele<\/title>\n<meta name=\"robots\" content=\"index, follow, max-snippet:-1, max-image-preview:large, max-video-preview:-1\" \/>\n<link rel=\"canonical\" href=\"https:\/\/adexa.ee\/toode\/professionaalne-ahjukinnas-eriti-pikk-silikoonist-must-adexa-bhsc01b\/\" \/>\n<meta property=\"og:locale\" content=\"en_US\" \/>\n<meta property=\"og:type\" content=\"article\" \/>\n<meta property=\"og:title\" content=\"Professionaalne ahjukinnas, eriti pikk, silikoonist, must | Adexa BHSC01B - Adexa \u2013 Suurk\u00f6\u00f6giseadmed restoranidele ja toitlustusele\" \/>\n<meta property=\"og:description\" content=\"Kuumuse- ja leegikindel \u2013 pakub kaitset kuni 450\u00b0F, see \u00fcksik ahjukinnas vatiiniga puuvillase voodriga pakub paremat mugavust toiduvalmistamisel. Need kaitsevad\" \/>\n<meta property=\"og:url\" content=\"https:\/\/adexa.ee\/toode\/professionaalne-ahjukinnas-eriti-pikk-silikoonist-must-adexa-bhsc01b\/\" \/>\n<meta property=\"og:site_name\" content=\"Adexa \u2013 Suurk\u00f6\u00f6giseadmed restoranidele ja toitlustusele\" \/>\n<meta property=\"article:modified_time\" content=\"2026-03-30T14:35:19+00:00\" \/>\n<meta property=\"og:image\" content=\"https:\/\/adexa.ee\/wp-content\/uploads\/2024\/12\/BHSC01B.jpg\" \/>\n\t<meta property=\"og:image:width\" content=\"900\" \/>\n\t<meta property=\"og:image:height\" content=\"900\" \/>\n\t<meta property=\"og:image:type\" content=\"image\/jpeg\" \/>\n<meta name=\"twitter:card\" content=\"summary_large_image\" \/>\n<meta name=\"twitter:label1\" content=\"Est. reading time\" \/>\n\t<meta name=\"twitter:data1\" content=\"1 minute\" \/>\n<script type=\"application\/ld+json\" class=\"yoast-schema-graph\">{\"@context\":\"https:\\\/\\\/schema.org\",\"@graph\":[{\"@type\":\"WebPage\",\"@id\":\"https:\\\/\\\/adexa.ee\\\/toode\\\/professionaalne-ahjukinnas-eriti-pikk-silikoonist-must-adexa-bhsc01b\\\/\",\"url\":\"https:\\\/\\\/adexa.ee\\\/toode\\\/professionaalne-ahjukinnas-eriti-pikk-silikoonist-must-adexa-bhsc01b\\\/\",\"name\":\"Professionaalne ahjukinnas, eriti pikk, silikoonist, must | Adexa BHSC01B - Adexa \u2013 Suurk\u00f6\u00f6giseadmed restoranidele ja toitlustusele\",\"isPartOf\":{\"@id\":\"https:\\\/\\\/adexa.ee\\\/#website\"},\"primaryImageOfPage\":{\"@id\":\"https:\\\/\\\/adexa.ee\\\/toode\\\/professionaalne-ahjukinnas-eriti-pikk-silikoonist-must-adexa-bhsc01b\\\/#primaryimage\"},\"image\":{\"@id\":\"https:\\\/\\\/adexa.ee\\\/toode\\\/professionaalne-ahjukinnas-eriti-pikk-silikoonist-must-adexa-bhsc01b\\\/#primaryimage\"},\"thumbnailUrl\":\"https:\\\/\\\/adexa.ee\\\/wp-content\\\/uploads\\\/2024\\\/12\\\/BHSC01B.jpg\",\"datePublished\":\"2026-03-30T14:35:17+00:00\",\"dateModified\":\"2026-03-30T14:35:19+00:00\",\"breadcrumb\":{\"@id\":\"https:\\\/\\\/adexa.ee\\\/toode\\\/professionaalne-ahjukinnas-eriti-pikk-silikoonist-must-adexa-bhsc01b\\\/#breadcrumb\"},\"inLanguage\":\"en-US\",\"potentialAction\":[{\"@type\":\"ReadAction\",\"target\":[\"https:\\\/\\\/adexa.ee\\\/toode\\\/professionaalne-ahjukinnas-eriti-pikk-silikoonist-must-adexa-bhsc01b\\\/\"]}]},{\"@type\":\"ImageObject\",\"inLanguage\":\"en-US\",\"@id\":\"https:\\\/\\\/adexa.ee\\\/toode\\\/professionaalne-ahjukinnas-eriti-pikk-silikoonist-must-adexa-bhsc01b\\\/#primaryimage\",\"url\":\"https:\\\/\\\/adexa.ee\\\/wp-content\\\/uploads\\\/2024\\\/12\\\/BHSC01B.jpg\",\"contentUrl\":\"https:\\\/\\\/adexa.ee\\\/wp-content\\\/uploads\\\/2024\\\/12\\\/BHSC01B.jpg\",\"width\":900,\"height\":900},{\"@type\":\"BreadcrumbList\",\"@id\":\"https:\\\/\\\/adexa.ee\\\/toode\\\/professionaalne-ahjukinnas-eriti-pikk-silikoonist-must-adexa-bhsc01b\\\/#breadcrumb\",\"itemListElement\":[{\"@type\":\"ListItem\",\"position\":1,\"name\":\"Home\",\"item\":\"https:\\\/\\\/adexa.ee\\\/\"},{\"@type\":\"ListItem\",\"position\":2,\"name\":\"Tooted\",\"item\":\"https:\\\/\\\/adexa.ee\\\/pood\\\/\"},{\"@type\":\"ListItem\",\"position\":3,\"name\":\"Professionaalne ahjukinnas, eriti pikk, silikoonist, must | Adexa BHSC01B\"}]},{\"@type\":\"WebSite\",\"@id\":\"https:\\\/\\\/adexa.ee\\\/#website\",\"url\":\"https:\\\/\\\/adexa.ee\\\/\",\"name\":\"Adexa\",\"description\":\"\",\"publisher\":{\"@id\":\"https:\\\/\\\/adexa.ee\\\/#organization\"},\"potentialAction\":[{\"@type\":\"SearchAction\",\"target\":{\"@type\":\"EntryPoint\",\"urlTemplate\":\"https:\\\/\\\/adexa.ee\\\/?s={search_term_string}\"},\"query-input\":{\"@type\":\"PropertyValueSpecification\",\"valueRequired\":true,\"valueName\":\"search_term_string\"}}],\"inLanguage\":\"en-US\"},{\"@type\":\"Organization\",\"@id\":\"https:\\\/\\\/adexa.ee\\\/#organization\",\"name\":\"Adexa\",\"url\":\"https:\\\/\\\/adexa.ee\\\/\",\"logo\":{\"@type\":\"ImageObject\",\"inLanguage\":\"en-US\",\"@id\":\"https:\\\/\\\/adexa.ee\\\/#\\\/schema\\\/logo\\\/image\\\/\",\"url\":\"https:\\\/\\\/adexa.ee\\\/wp-content\\\/uploads\\\/2024\\\/04\\\/chef-cooks-working-in-professional-kitchen-2023-11-27-05-07-39-utc-scaled.jpg\",\"contentUrl\":\"https:\\\/\\\/adexa.ee\\\/wp-content\\\/uploads\\\/2024\\\/04\\\/chef-cooks-working-in-professional-kitchen-2023-11-27-05-07-39-utc-scaled.jpg\",\"width\":2560,\"height\":1708,\"caption\":\"Adexa\"},\"image\":{\"@id\":\"https:\\\/\\\/adexa.ee\\\/#\\\/schema\\\/logo\\\/image\\\/\"}}]}<\/script>\n<!-- \/ Yoast SEO plugin. -->","yoast_head_json":{"title":"Professionaalne ahjukinnas, eriti pikk, silikoonist, must | Adexa BHSC01B - Adexa \u2013 Suurk\u00f6\u00f6giseadmed restoranidele ja toitlustusele","robots":{"index":"index","follow":"follow","max-snippet":"max-snippet:-1","max-image-preview":"max-image-preview:large","max-video-preview":"max-video-preview:-1"},"canonical":"https:\/\/adexa.ee\/toode\/professionaalne-ahjukinnas-eriti-pikk-silikoonist-must-adexa-bhsc01b\/","og_locale":"en_US","og_type":"article","og_title":"Professionaalne ahjukinnas, eriti pikk, silikoonist, must | Adexa BHSC01B - Adexa \u2013 Suurk\u00f6\u00f6giseadmed restoranidele ja toitlustusele","og_description":"Kuumuse- ja leegikindel \u2013 pakub kaitset kuni 450\u00b0F, see \u00fcksik ahjukinnas vatiiniga puuvillase voodriga pakub paremat mugavust toiduvalmistamisel. Need kaitsevad","og_url":"https:\/\/adexa.ee\/toode\/professionaalne-ahjukinnas-eriti-pikk-silikoonist-must-adexa-bhsc01b\/","og_site_name":"Adexa \u2013 Suurk\u00f6\u00f6giseadmed restoranidele ja toitlustusele","article_modified_time":"2026-03-30T14:35:19+00:00","og_image":[{"width":900,"height":900,"url":"https:\/\/adexa.ee\/wp-content\/uploads\/2024\/12\/BHSC01B.jpg","type":"image\/jpeg"}],"twitter_card":"summary_large_image","twitter_misc":{"Est. reading time":"1 minute"},"schema":{"@context":"https:\/\/schema.org","@graph":[{"@type":"WebPage","@id":"https:\/\/adexa.ee\/toode\/professionaalne-ahjukinnas-eriti-pikk-silikoonist-must-adexa-bhsc01b\/","url":"https:\/\/adexa.ee\/toode\/professionaalne-ahjukinnas-eriti-pikk-silikoonist-must-adexa-bhsc01b\/","name":"Professionaalne ahjukinnas, eriti pikk, silikoonist, must | Adexa BHSC01B - Adexa \u2013 Suurk\u00f6\u00f6giseadmed restoranidele ja toitlustusele","isPartOf":{"@id":"https:\/\/adexa.ee\/#website"},"primaryImageOfPage":{"@id":"https:\/\/adexa.ee\/toode\/professionaalne-ahjukinnas-eriti-pikk-silikoonist-must-adexa-bhsc01b\/#primaryimage"},"image":{"@id":"https:\/\/adexa.ee\/toode\/professionaalne-ahjukinnas-eriti-pikk-silikoonist-must-adexa-bhsc01b\/#primaryimage"},"thumbnailUrl":"https:\/\/adexa.ee\/wp-content\/uploads\/2024\/12\/BHSC01B.jpg","datePublished":"2026-03-30T14:35:17+00:00","dateModified":"2026-03-30T14:35:19+00:00","breadcrumb":{"@id":"https:\/\/adexa.ee\/toode\/professionaalne-ahjukinnas-eriti-pikk-silikoonist-must-adexa-bhsc01b\/#breadcrumb"},"inLanguage":"en-US","potentialAction":[{"@type":"ReadAction","target":["https:\/\/adexa.ee\/toode\/professionaalne-ahjukinnas-eriti-pikk-silikoonist-must-adexa-bhsc01b\/"]}]},{"@type":"ImageObject","inLanguage":"en-US","@id":"https:\/\/adexa.ee\/toode\/professionaalne-ahjukinnas-eriti-pikk-silikoonist-must-adexa-bhsc01b\/#primaryimage","url":"https:\/\/adexa.ee\/wp-content\/uploads\/2024\/12\/BHSC01B.jpg","contentUrl":"https:\/\/adexa.ee\/wp-content\/uploads\/2024\/12\/BHSC01B.jpg","width":900,"height":900},{"@type":"BreadcrumbList","@id":"https:\/\/adexa.ee\/toode\/professionaalne-ahjukinnas-eriti-pikk-silikoonist-must-adexa-bhsc01b\/#breadcrumb","itemListElement":[{"@type":"ListItem","position":1,"name":"Home","item":"https:\/\/adexa.ee\/"},{"@type":"ListItem","position":2,"name":"Tooted","item":"https:\/\/adexa.ee\/pood\/"},{"@type":"ListItem","position":3,"name":"Professionaalne ahjukinnas, eriti pikk, silikoonist, must | Adexa BHSC01B"}]},{"@type":"WebSite","@id":"https:\/\/adexa.ee\/#website","url":"https:\/\/adexa.ee\/","name":"Adexa","description":"","publisher":{"@id":"https:\/\/adexa.ee\/#organization"},"potentialAction":[{"@type":"SearchAction","target":{"@type":"EntryPoint","urlTemplate":"https:\/\/adexa.ee\/?s={search_term_string}"},"query-input":{"@type":"PropertyValueSpecification","valueRequired":true,"valueName":"search_term_string"}}],"inLanguage":"en-US"},{"@type":"Organization","@id":"https:\/\/adexa.ee\/#organization","name":"Adexa","url":"https:\/\/adexa.ee\/","logo":{"@type":"ImageObject","inLanguage":"en-US","@id":"https:\/\/adexa.ee\/#\/schema\/logo\/image\/","url":"https:\/\/adexa.ee\/wp-content\/uploads\/2024\/04\/chef-cooks-working-in-professional-kitchen-2023-11-27-05-07-39-utc-scaled.jpg","contentUrl":"https:\/\/adexa.ee\/wp-content\/uploads\/2024\/04\/chef-cooks-working-in-professional-kitchen-2023-11-27-05-07-39-utc-scaled.jpg","width":2560,"height":1708,"caption":"Adexa"},"image":{"@id":"https:\/\/adexa.ee\/#\/schema\/logo\/image\/"}}]}},"_links":{"self":[{"href":"https:\/\/adexa.ee\/en\/wp-json\/wp\/v2\/product\/10622","targetHints":{"allow":["GET"]}}],"collection":[{"href":"https:\/\/adexa.ee\/en\/wp-json\/wp\/v2\/product"}],"about":[{"href":"https:\/\/adexa.ee\/en\/wp-json\/wp\/v2\/types\/product"}],"wp:featuredmedia":[{"embeddable":true,"href":"https:\/\/adexa.ee\/en\/wp-json\/wp\/v2\/media\/10624"}],"wp:attachment":[{"href":"https:\/\/adexa.ee\/en\/wp-json\/wp\/v2\/media?parent=10622"}],"wp:term":[{"taxonomy":"product_brand","embeddable":true,"href":"https:\/\/adexa.ee\/en\/wp-json\/wp\/v2\/product_brand?post=10622"},{"taxonomy":"product_cat","embeddable":true,"href":"https:\/\/adexa.ee\/en\/wp-json\/wp\/v2\/product_cat?post=10622"},{"taxonomy":"product_tag","embeddable":true,"href":"https:\/\/adexa.ee\/en\/wp-json\/wp\/v2\/product_tag?post=10622"}],"curies":[{"name":"wp","href":"https:\/\/api.w.org\/{rel}","templated":true}]}}