{"id":10625,"date":"2026-03-29T17:35:13","date_gmt":"2026-03-29T14:35:13","guid":{"rendered":"https:\/\/adexa.ee\/toode\/kasitsi-lihaveski-lauapealne-adexa-mg001\/"},"modified":"2026-03-29T17:35:14","modified_gmt":"2026-03-29T14:35:14","slug":"manuaalne-hakklihamasin-lauapealne-adexa-mg001","status":"publish","type":"product","link":"https:\/\/adexa.ee\/en\/toode\/manuaalne-hakklihamasin-lauapealne-adexa-mg001\/","title":{"rendered":"Manuaalne hakklihamasin lauapealne | Adexa MG001"},"content":{"rendered":"<p>Valmista vorste, hamburgereid ja palju muud selle k\u00e4sitsi lihaveskiga! Lihaveski on varustatud klambriga, et saaksite selle otse oma k\u00f6\u00f6gilauale kinnitada. See k\u00e4sitsi lihaveski jahvatab 1-2 kg liha minutis. Komplekti kuulub jahvatusplaat, t\u00e4ites lehter koos \u00e4\u00e4riku ja t\u00e4itega, mis sobib erinevateks liha jahvatamise ja t\u00e4itmise rakendusteks. Selle seadme toidukindel tina kattekihi ja nailonist tigukruvi laager tagavad, et see lihaveski peab ajale vastu.<\/p>\n<table style=\"border-collapse: collapse; width: 100%; text-align: left;\">\n<tbody>\n<tr>\n<td style=\"border: 1px solid #ddd; padding: 8px; width: 45%;\"><strong>S\u00fcgavus<\/strong><\/td>\n<td style=\"border: 1px solid #ddd; padding: 8px;\">157 mm<\/td>\n<\/tr>\n<tr>\n<td style=\"border: 1px solid #ddd; padding: 8px; width: 45%;\"><strong>K\u00f5rgus<\/strong><\/td>\n<td style=\"border: 1px solid #ddd; padding: 8px;\">265mm<\/td>\n<\/tr>\n<tr>\n<td style=\"border: 1px solid #ddd; padding: 8px; width: 45%;\"><strong>Laius<\/strong><\/td>\n<td style=\"border: 1px solid #ddd; padding: 8px;\">105 mm<\/td>\n<\/tr>\n<tr>\n<td style=\"border: 1px solid #ddd; padding: 8px; width: 45%;\"><strong>Kaal<\/strong><\/td>\n<td style=\"border: 1px solid #ddd; padding: 8px;\">0,8 kg<\/td>\n<\/tr>\n<tr>\n<td style=\"border: 1px solid #ddd; padding: 8px; width: 45%;\"><strong>Garantii<\/strong><\/td>\n<td style=\"border: 1px solid #ddd; padding: 8px;\">12 kuuline varuosade garantii<\/td>\n<\/tr>\n<tr>\n<td style=\"border: 1px solid #ddd; padding: 8px; width: 45%;\"><strong>Materjal<\/strong><\/td>\n<td style=\"border: 1px solid #ddd; padding: 8px;\">Roostevaba teras ja alumiinium<\/td>\n<\/tr>\n<tr>\n<td style=\"border: 1px solid #ddd; padding: 8px; width: 45%;\"><strong>Kaasas<\/strong><\/td>\n<td style=\"border: 1px solid #ddd; padding: 8px;\">L\u00f5ikamisplaat, Vorstilehter, L\u00f5ikamisnuga<\/td>\n<\/tr>\n<tr>\n<td style=\"border: 1px solid #ddd; padding: 8px; width: 45%;\"><strong>Tootlikkus<\/strong><\/td>\n<td style=\"border: 1px solid #ddd; padding: 8px;\">1-2 kg\/h<\/td>\n<\/tr>\n<\/tbody>\n<\/table>\n","protected":false},"excerpt":{"rendered":"<p>Valmista vorste, hamburgereid ja palju muud selle k\u00e4sitsi lihaveskiga! Lihaveski on varustatud klambriga, et saaksite selle otse oma k\u00f6\u00f6gilauale kinnitada.<\/p>\n","protected":false},"featured_media":10631,"template":"","meta":[],"product_brand":[],"product_cat":[3833,714,715,571,569],"product_tag":[],"class_list":{"0":"post-10625","1":"product","2":"type-product","3":"status-publish","4":"has-post-thumbnail","6":"product_cat-uued-tooted","7":"product_cat-ettevalmistus","8":"product_cat-hakklihamasinad","9":"product_cat-laovaru-muuk","10":"product_cat-lopumuuk","12":"first","13":"instock","14":"sale","15":"taxable","16":"shipping-taxable","17":"purchasable","18":"product-type-simple"},"yoast_head":"<!-- This site is optimized with the Yoast SEO plugin v27.3 - https:\/\/yoast.com\/product\/yoast-seo-wordpress\/ -->\n<title>Manuaalne hakklihamasin lauapealne | Adexa MG001 - Adexa \u2013 Suurk\u00f6\u00f6giseadmed restoranidele ja toitlustusele<\/title>\n<meta name=\"robots\" content=\"index, follow, max-snippet:-1, max-image-preview:large, max-video-preview:-1\" \/>\n<link rel=\"canonical\" href=\"https:\/\/adexa.ee\/toode\/manuaalne-hakklihamasin-lauapealne-adexa-mg001\/\" \/>\n<meta property=\"og:locale\" content=\"en_US\" \/>\n<meta property=\"og:type\" content=\"article\" \/>\n<meta property=\"og:title\" content=\"Manuaalne hakklihamasin lauapealne | Adexa MG001 - Adexa \u2013 Suurk\u00f6\u00f6giseadmed restoranidele ja toitlustusele\" \/>\n<meta property=\"og:description\" content=\"Valmista vorste, hamburgereid ja palju muud selle k\u00e4sitsi lihaveskiga! Lihaveski on varustatud klambriga, et saaksite selle otse oma k\u00f6\u00f6gilauale kinnitada.\" \/>\n<meta property=\"og:url\" content=\"https:\/\/adexa.ee\/toode\/manuaalne-hakklihamasin-lauapealne-adexa-mg001\/\" \/>\n<meta property=\"og:site_name\" content=\"Adexa \u2013 Suurk\u00f6\u00f6giseadmed restoranidele ja toitlustusele\" \/>\n<meta property=\"article:modified_time\" content=\"2026-03-29T14:35:14+00:00\" \/>\n<meta property=\"og:image\" content=\"https:\/\/adexa.ee\/wp-content\/uploads\/2024\/12\/MG001.jpg\" \/>\n\t<meta property=\"og:image:width\" content=\"1834\" \/>\n\t<meta property=\"og:image:height\" content=\"1834\" \/>\n\t<meta property=\"og:image:type\" content=\"image\/jpeg\" \/>\n<meta name=\"twitter:card\" content=\"summary_large_image\" \/>\n<script type=\"application\/ld+json\" class=\"yoast-schema-graph\">{\"@context\":\"https:\\\/\\\/schema.org\",\"@graph\":[{\"@type\":\"WebPage\",\"@id\":\"https:\\\/\\\/adexa.ee\\\/toode\\\/manuaalne-hakklihamasin-lauapealne-adexa-mg001\\\/\",\"url\":\"https:\\\/\\\/adexa.ee\\\/toode\\\/manuaalne-hakklihamasin-lauapealne-adexa-mg001\\\/\",\"name\":\"Manuaalne hakklihamasin lauapealne | Adexa MG001 - Adexa \u2013 Suurk\u00f6\u00f6giseadmed restoranidele ja toitlustusele\",\"isPartOf\":{\"@id\":\"https:\\\/\\\/adexa.ee\\\/#website\"},\"primaryImageOfPage\":{\"@id\":\"https:\\\/\\\/adexa.ee\\\/toode\\\/manuaalne-hakklihamasin-lauapealne-adexa-mg001\\\/#primaryimage\"},\"image\":{\"@id\":\"https:\\\/\\\/adexa.ee\\\/toode\\\/manuaalne-hakklihamasin-lauapealne-adexa-mg001\\\/#primaryimage\"},\"thumbnailUrl\":\"https:\\\/\\\/adexa.ee\\\/wp-content\\\/uploads\\\/2024\\\/12\\\/MG001.jpg\",\"datePublished\":\"2026-03-29T14:35:13+00:00\",\"dateModified\":\"2026-03-29T14:35:14+00:00\",\"breadcrumb\":{\"@id\":\"https:\\\/\\\/adexa.ee\\\/toode\\\/manuaalne-hakklihamasin-lauapealne-adexa-mg001\\\/#breadcrumb\"},\"inLanguage\":\"en-US\",\"potentialAction\":[{\"@type\":\"ReadAction\",\"target\":[\"https:\\\/\\\/adexa.ee\\\/toode\\\/manuaalne-hakklihamasin-lauapealne-adexa-mg001\\\/\"]}]},{\"@type\":\"ImageObject\",\"inLanguage\":\"en-US\",\"@id\":\"https:\\\/\\\/adexa.ee\\\/toode\\\/manuaalne-hakklihamasin-lauapealne-adexa-mg001\\\/#primaryimage\",\"url\":\"https:\\\/\\\/adexa.ee\\\/wp-content\\\/uploads\\\/2024\\\/12\\\/MG001.jpg\",\"contentUrl\":\"https:\\\/\\\/adexa.ee\\\/wp-content\\\/uploads\\\/2024\\\/12\\\/MG001.jpg\",\"width\":1834,\"height\":1834},{\"@type\":\"BreadcrumbList\",\"@id\":\"https:\\\/\\\/adexa.ee\\\/toode\\\/manuaalne-hakklihamasin-lauapealne-adexa-mg001\\\/#breadcrumb\",\"itemListElement\":[{\"@type\":\"ListItem\",\"position\":1,\"name\":\"Home\",\"item\":\"https:\\\/\\\/adexa.ee\\\/\"},{\"@type\":\"ListItem\",\"position\":2,\"name\":\"Tooted\",\"item\":\"https:\\\/\\\/adexa.ee\\\/pood\\\/\"},{\"@type\":\"ListItem\",\"position\":3,\"name\":\"Manuaalne hakklihamasin lauapealne | Adexa MG001\"}]},{\"@type\":\"WebSite\",\"@id\":\"https:\\\/\\\/adexa.ee\\\/#website\",\"url\":\"https:\\\/\\\/adexa.ee\\\/\",\"name\":\"Adexa\",\"description\":\"\",\"publisher\":{\"@id\":\"https:\\\/\\\/adexa.ee\\\/#organization\"},\"potentialAction\":[{\"@type\":\"SearchAction\",\"target\":{\"@type\":\"EntryPoint\",\"urlTemplate\":\"https:\\\/\\\/adexa.ee\\\/?s={search_term_string}\"},\"query-input\":{\"@type\":\"PropertyValueSpecification\",\"valueRequired\":true,\"valueName\":\"search_term_string\"}}],\"inLanguage\":\"en-US\"},{\"@type\":\"Organization\",\"@id\":\"https:\\\/\\\/adexa.ee\\\/#organization\",\"name\":\"Adexa\",\"url\":\"https:\\\/\\\/adexa.ee\\\/\",\"logo\":{\"@type\":\"ImageObject\",\"inLanguage\":\"en-US\",\"@id\":\"https:\\\/\\\/adexa.ee\\\/#\\\/schema\\\/logo\\\/image\\\/\",\"url\":\"https:\\\/\\\/adexa.ee\\\/wp-content\\\/uploads\\\/2024\\\/04\\\/chef-cooks-working-in-professional-kitchen-2023-11-27-05-07-39-utc-scaled.jpg\",\"contentUrl\":\"https:\\\/\\\/adexa.ee\\\/wp-content\\\/uploads\\\/2024\\\/04\\\/chef-cooks-working-in-professional-kitchen-2023-11-27-05-07-39-utc-scaled.jpg\",\"width\":2560,\"height\":1708,\"caption\":\"Adexa\"},\"image\":{\"@id\":\"https:\\\/\\\/adexa.ee\\\/#\\\/schema\\\/logo\\\/image\\\/\"}}]}<\/script>\n<!-- \/ Yoast SEO plugin. -->","yoast_head_json":{"title":"Manuaalne hakklihamasin lauapealne | Adexa MG001 - Adexa \u2013 Suurk\u00f6\u00f6giseadmed restoranidele ja toitlustusele","robots":{"index":"index","follow":"follow","max-snippet":"max-snippet:-1","max-image-preview":"max-image-preview:large","max-video-preview":"max-video-preview:-1"},"canonical":"https:\/\/adexa.ee\/toode\/manuaalne-hakklihamasin-lauapealne-adexa-mg001\/","og_locale":"en_US","og_type":"article","og_title":"Manuaalne hakklihamasin lauapealne | Adexa MG001 - Adexa \u2013 Suurk\u00f6\u00f6giseadmed restoranidele ja toitlustusele","og_description":"Valmista vorste, hamburgereid ja palju muud selle k\u00e4sitsi lihaveskiga! Lihaveski on varustatud klambriga, et saaksite selle otse oma k\u00f6\u00f6gilauale kinnitada.","og_url":"https:\/\/adexa.ee\/toode\/manuaalne-hakklihamasin-lauapealne-adexa-mg001\/","og_site_name":"Adexa \u2013 Suurk\u00f6\u00f6giseadmed restoranidele ja toitlustusele","article_modified_time":"2026-03-29T14:35:14+00:00","og_image":[{"width":1834,"height":1834,"url":"https:\/\/adexa.ee\/wp-content\/uploads\/2024\/12\/MG001.jpg","type":"image\/jpeg"}],"twitter_card":"summary_large_image","schema":{"@context":"https:\/\/schema.org","@graph":[{"@type":"WebPage","@id":"https:\/\/adexa.ee\/toode\/manuaalne-hakklihamasin-lauapealne-adexa-mg001\/","url":"https:\/\/adexa.ee\/toode\/manuaalne-hakklihamasin-lauapealne-adexa-mg001\/","name":"Manuaalne hakklihamasin lauapealne | Adexa MG001 - Adexa \u2013 Suurk\u00f6\u00f6giseadmed restoranidele ja toitlustusele","isPartOf":{"@id":"https:\/\/adexa.ee\/#website"},"primaryImageOfPage":{"@id":"https:\/\/adexa.ee\/toode\/manuaalne-hakklihamasin-lauapealne-adexa-mg001\/#primaryimage"},"image":{"@id":"https:\/\/adexa.ee\/toode\/manuaalne-hakklihamasin-lauapealne-adexa-mg001\/#primaryimage"},"thumbnailUrl":"https:\/\/adexa.ee\/wp-content\/uploads\/2024\/12\/MG001.jpg","datePublished":"2026-03-29T14:35:13+00:00","dateModified":"2026-03-29T14:35:14+00:00","breadcrumb":{"@id":"https:\/\/adexa.ee\/toode\/manuaalne-hakklihamasin-lauapealne-adexa-mg001\/#breadcrumb"},"inLanguage":"en-US","potentialAction":[{"@type":"ReadAction","target":["https:\/\/adexa.ee\/toode\/manuaalne-hakklihamasin-lauapealne-adexa-mg001\/"]}]},{"@type":"ImageObject","inLanguage":"en-US","@id":"https:\/\/adexa.ee\/toode\/manuaalne-hakklihamasin-lauapealne-adexa-mg001\/#primaryimage","url":"https:\/\/adexa.ee\/wp-content\/uploads\/2024\/12\/MG001.jpg","contentUrl":"https:\/\/adexa.ee\/wp-content\/uploads\/2024\/12\/MG001.jpg","width":1834,"height":1834},{"@type":"BreadcrumbList","@id":"https:\/\/adexa.ee\/toode\/manuaalne-hakklihamasin-lauapealne-adexa-mg001\/#breadcrumb","itemListElement":[{"@type":"ListItem","position":1,"name":"Home","item":"https:\/\/adexa.ee\/"},{"@type":"ListItem","position":2,"name":"Tooted","item":"https:\/\/adexa.ee\/pood\/"},{"@type":"ListItem","position":3,"name":"Manuaalne hakklihamasin lauapealne | Adexa MG001"}]},{"@type":"WebSite","@id":"https:\/\/adexa.ee\/#website","url":"https:\/\/adexa.ee\/","name":"Adexa","description":"","publisher":{"@id":"https:\/\/adexa.ee\/#organization"},"potentialAction":[{"@type":"SearchAction","target":{"@type":"EntryPoint","urlTemplate":"https:\/\/adexa.ee\/?s={search_term_string}"},"query-input":{"@type":"PropertyValueSpecification","valueRequired":true,"valueName":"search_term_string"}}],"inLanguage":"en-US"},{"@type":"Organization","@id":"https:\/\/adexa.ee\/#organization","name":"Adexa","url":"https:\/\/adexa.ee\/","logo":{"@type":"ImageObject","inLanguage":"en-US","@id":"https:\/\/adexa.ee\/#\/schema\/logo\/image\/","url":"https:\/\/adexa.ee\/wp-content\/uploads\/2024\/04\/chef-cooks-working-in-professional-kitchen-2023-11-27-05-07-39-utc-scaled.jpg","contentUrl":"https:\/\/adexa.ee\/wp-content\/uploads\/2024\/04\/chef-cooks-working-in-professional-kitchen-2023-11-27-05-07-39-utc-scaled.jpg","width":2560,"height":1708,"caption":"Adexa"},"image":{"@id":"https:\/\/adexa.ee\/#\/schema\/logo\/image\/"}}]}},"_links":{"self":[{"href":"https:\/\/adexa.ee\/en\/wp-json\/wp\/v2\/product\/10625","targetHints":{"allow":["GET"]}}],"collection":[{"href":"https:\/\/adexa.ee\/en\/wp-json\/wp\/v2\/product"}],"about":[{"href":"https:\/\/adexa.ee\/en\/wp-json\/wp\/v2\/types\/product"}],"wp:featuredmedia":[{"embeddable":true,"href":"https:\/\/adexa.ee\/en\/wp-json\/wp\/v2\/media\/10631"}],"wp:attachment":[{"href":"https:\/\/adexa.ee\/en\/wp-json\/wp\/v2\/media?parent=10625"}],"wp:term":[{"taxonomy":"product_brand","embeddable":true,"href":"https:\/\/adexa.ee\/en\/wp-json\/wp\/v2\/product_brand?post=10625"},{"taxonomy":"product_cat","embeddable":true,"href":"https:\/\/adexa.ee\/en\/wp-json\/wp\/v2\/product_cat?post=10625"},{"taxonomy":"product_tag","embeddable":true,"href":"https:\/\/adexa.ee\/en\/wp-json\/wp\/v2\/product_tag?post=10625"}],"curies":[{"name":"wp","href":"https:\/\/api.w.org\/{rel}","templated":true}]}}