{"id":10655,"date":"2026-03-26T20:05:17","date_gmt":"2026-03-26T18:05:17","guid":{"rendered":"https:\/\/adexa.ee\/?post_type=product&#038;p=10655"},"modified":"2026-03-26T20:05:18","modified_gmt":"2026-03-26T18:05:18","slug":"soojendusalus-roostevabast-terasest-gn1-1-530x325mm-adexa-tswp53","status":"publish","type":"product","link":"https:\/\/adexa.ee\/en\/toode\/soojendusalus-roostevabast-terasest-gn1-1-530x325mm-adexa-tswp53\/","title":{"rendered":"Soojendusalus Roostevabast Terasest Gn1\/1 530X325Mm | Adexa Tswp53"},"content":{"rendered":"<p>Professionaalne soojendusalus, mis on ideaalne k\u00f5igi toitude hoidmiseks serveerimiseks valmis temperatuuril. V\u00e4ga kasulik igasugustes toitlustusasutustes nagu pizzeriad, restoranid ja hotellid. See kuum plaat pakub \u00fchtlast ja p\u00f5hjalikku toidu soojendusv\u00f5imet. Samuti suurep\u00e4rane buffee- ja bankettide jaoks hotellides ja restoranides. V\u00f5imsus: 0,3 kW Pinge: 230V Aluse suurus: 530&#215;325 mm CE\/ROHS sertifitseeritud Palun vaadake &#8216;Spetsifikatsioon&#8217; alt \u00fcksikasjalikku teavet.<\/p>\n<table style=\"border-collapse: collapse; width: 100%; text-align: left;\">\n<tbody>\n<tr>\n<td style=\"border: 1px solid #ddd; padding: 8px; width: 45%;\"><strong>S\u00fcgavus<\/strong><\/td>\n<td style=\"border: 1px solid #ddd; padding: 8px;\">325mm<\/td>\n<\/tr>\n<tr>\n<td style=\"border: 1px solid #ddd; padding: 8px; width: 45%;\"><strong>K\u00f5rgus<\/strong><\/td>\n<td style=\"border: 1px solid #ddd; padding: 8px;\">100mm<\/td>\n<\/tr>\n<tr>\n<td style=\"border: 1px solid #ddd; padding: 8px; width: 45%;\"><strong>Laius<\/strong><\/td>\n<td style=\"border: 1px solid #ddd; padding: 8px;\">530mm<\/td>\n<\/tr>\n<tr>\n<td style=\"border: 1px solid #ddd; padding: 8px; width: 45%;\"><strong>Kaal<\/strong><\/td>\n<td style=\"border: 1px solid #ddd; padding: 8px;\">4,4 kg<\/td>\n<\/tr>\n<tr>\n<td style=\"border: 1px solid #ddd; padding: 8px; width: 45%;\"><strong>Garantii<\/strong><\/td>\n<td style=\"border: 1px solid #ddd; padding: 8px;\">12 kuu varuosade garantii<\/td>\n<\/tr>\n<tr>\n<td style=\"border: 1px solid #ddd; padding: 8px; width: 45%;\"><strong>Toiteallikas<\/strong><\/td>\n<td style=\"border: 1px solid #ddd; padding: 8px;\">230V \/ 1 faas<\/td>\n<\/tr>\n<tr>\n<td style=\"border: 1px solid #ddd; padding: 8px; width: 45%;\"><strong>Materjal<\/strong><\/td>\n<td style=\"border: 1px solid #ddd; padding: 8px;\">Roostevaba teras<\/td>\n<\/tr>\n<tr>\n<td style=\"border: 1px solid #ddd; padding: 8px; width: 45%;\"><strong>Temperatuur<\/strong><\/td>\n<td style=\"border: 1px solid #ddd; padding: 8px;\">30\u00b0C kuni 85\u00b0C<\/td>\n<\/tr>\n<tr>\n<td style=\"border: 1px solid #ddd; padding: 8px; width: 45%;\"><strong>V\u00f5imsus<\/strong><\/td>\n<td style=\"border: 1px solid #ddd; padding: 8px;\">300W<\/td>\n<\/tr>\n<\/tbody>\n<\/table>\n","protected":false},"excerpt":{"rendered":"<p>Professionaalne soojendusalus, mis on ideaalne k\u00f5igi toitude hoidmiseks serveerimiseks valmis temperatuuril. V\u00e4ga kasulik igasugustes toitlustusasutustes nagu pizzeriad, restoranid ja hotellid.<\/p>\n","protected":false},"featured_media":10657,"template":"","meta":[],"product_brand":[],"product_cat":[741,560,557,671,586,558],"product_tag":[],"class_list":{"0":"post-10655","1":"product","2":"type-product","3":"status-publish","4":"has-post-thumbnail","6":"product_cat-banketikarud-ja-toidu-soojendus","7":"product_cat-bufee-toidusoojendajad","8":"product_cat-kupsetusseadmed","9":"product_cat-muud-toidu-soojendusvahendid","10":"product_cat-serveerimine","11":"product_cat-toidu-soojendamine","13":"first","14":"instock","15":"sale","16":"taxable","17":"shipping-taxable","18":"purchasable","19":"product-type-simple"},"yoast_head":"<!-- This site is optimized with the Yoast SEO plugin v27.3 - https:\/\/yoast.com\/product\/yoast-seo-wordpress\/ -->\n<title>Soojendusalus Roostevabast Terasest Gn1\/1 530X325Mm | Adexa Tswp53 - Adexa \u2013 Suurk\u00f6\u00f6giseadmed restoranidele ja toitlustusele<\/title>\n<meta name=\"robots\" content=\"index, follow, max-snippet:-1, max-image-preview:large, max-video-preview:-1\" \/>\n<link rel=\"canonical\" href=\"https:\/\/adexa.ee\/toode\/soojendusalus-roostevabast-terasest-gn1-1-530x325mm-adexa-tswp53\/\" \/>\n<meta property=\"og:locale\" content=\"en_US\" \/>\n<meta property=\"og:type\" content=\"article\" \/>\n<meta property=\"og:title\" content=\"Soojendusalus Roostevabast Terasest Gn1\/1 530X325Mm | Adexa Tswp53 - Adexa \u2013 Suurk\u00f6\u00f6giseadmed restoranidele ja toitlustusele\" \/>\n<meta property=\"og:description\" content=\"Professionaalne soojendusalus, mis on ideaalne k\u00f5igi toitude hoidmiseks serveerimiseks valmis temperatuuril. V\u00e4ga kasulik igasugustes toitlustusasutustes nagu pizzeriad, restoranid ja hotellid.\" \/>\n<meta property=\"og:url\" content=\"https:\/\/adexa.ee\/toode\/soojendusalus-roostevabast-terasest-gn1-1-530x325mm-adexa-tswp53\/\" \/>\n<meta property=\"og:site_name\" content=\"Adexa \u2013 Suurk\u00f6\u00f6giseadmed restoranidele ja toitlustusele\" \/>\n<meta property=\"article:modified_time\" content=\"2026-03-26T18:05:18+00:00\" \/>\n<meta property=\"og:image\" content=\"https:\/\/adexa.ee\/wp-content\/uploads\/2024\/12\/TTWP50-1.jpg\" \/>\n\t<meta property=\"og:image:width\" content=\"944\" \/>\n\t<meta property=\"og:image:height\" content=\"944\" \/>\n\t<meta property=\"og:image:type\" content=\"image\/jpeg\" \/>\n<meta name=\"twitter:card\" content=\"summary_large_image\" \/>\n<script type=\"application\/ld+json\" class=\"yoast-schema-graph\">{\"@context\":\"https:\\\/\\\/schema.org\",\"@graph\":[{\"@type\":\"WebPage\",\"@id\":\"https:\\\/\\\/adexa.ee\\\/toode\\\/soojendusalus-roostevabast-terasest-gn1-1-530x325mm-adexa-tswp53\\\/\",\"url\":\"https:\\\/\\\/adexa.ee\\\/toode\\\/soojendusalus-roostevabast-terasest-gn1-1-530x325mm-adexa-tswp53\\\/\",\"name\":\"Soojendusalus Roostevabast Terasest Gn1\\\/1 530X325Mm | Adexa Tswp53 - Adexa \u2013 Suurk\u00f6\u00f6giseadmed restoranidele ja toitlustusele\",\"isPartOf\":{\"@id\":\"https:\\\/\\\/adexa.ee\\\/#website\"},\"primaryImageOfPage\":{\"@id\":\"https:\\\/\\\/adexa.ee\\\/toode\\\/soojendusalus-roostevabast-terasest-gn1-1-530x325mm-adexa-tswp53\\\/#primaryimage\"},\"image\":{\"@id\":\"https:\\\/\\\/adexa.ee\\\/toode\\\/soojendusalus-roostevabast-terasest-gn1-1-530x325mm-adexa-tswp53\\\/#primaryimage\"},\"thumbnailUrl\":\"https:\\\/\\\/adexa.ee\\\/wp-content\\\/uploads\\\/2024\\\/12\\\/TTWP50-1.jpg\",\"datePublished\":\"2026-03-26T18:05:17+00:00\",\"dateModified\":\"2026-03-26T18:05:18+00:00\",\"breadcrumb\":{\"@id\":\"https:\\\/\\\/adexa.ee\\\/toode\\\/soojendusalus-roostevabast-terasest-gn1-1-530x325mm-adexa-tswp53\\\/#breadcrumb\"},\"inLanguage\":\"en-US\",\"potentialAction\":[{\"@type\":\"ReadAction\",\"target\":[\"https:\\\/\\\/adexa.ee\\\/toode\\\/soojendusalus-roostevabast-terasest-gn1-1-530x325mm-adexa-tswp53\\\/\"]}]},{\"@type\":\"ImageObject\",\"inLanguage\":\"en-US\",\"@id\":\"https:\\\/\\\/adexa.ee\\\/toode\\\/soojendusalus-roostevabast-terasest-gn1-1-530x325mm-adexa-tswp53\\\/#primaryimage\",\"url\":\"https:\\\/\\\/adexa.ee\\\/wp-content\\\/uploads\\\/2024\\\/12\\\/TTWP50-1.jpg\",\"contentUrl\":\"https:\\\/\\\/adexa.ee\\\/wp-content\\\/uploads\\\/2024\\\/12\\\/TTWP50-1.jpg\",\"width\":944,\"height\":944},{\"@type\":\"BreadcrumbList\",\"@id\":\"https:\\\/\\\/adexa.ee\\\/toode\\\/soojendusalus-roostevabast-terasest-gn1-1-530x325mm-adexa-tswp53\\\/#breadcrumb\",\"itemListElement\":[{\"@type\":\"ListItem\",\"position\":1,\"name\":\"Home\",\"item\":\"https:\\\/\\\/adexa.ee\\\/\"},{\"@type\":\"ListItem\",\"position\":2,\"name\":\"Tooted\",\"item\":\"https:\\\/\\\/adexa.ee\\\/pood\\\/\"},{\"@type\":\"ListItem\",\"position\":3,\"name\":\"Soojendusalus Roostevabast Terasest Gn1\\\/1 530X325Mm | Adexa Tswp53\"}]},{\"@type\":\"WebSite\",\"@id\":\"https:\\\/\\\/adexa.ee\\\/#website\",\"url\":\"https:\\\/\\\/adexa.ee\\\/\",\"name\":\"Adexa\",\"description\":\"\",\"publisher\":{\"@id\":\"https:\\\/\\\/adexa.ee\\\/#organization\"},\"potentialAction\":[{\"@type\":\"SearchAction\",\"target\":{\"@type\":\"EntryPoint\",\"urlTemplate\":\"https:\\\/\\\/adexa.ee\\\/?s={search_term_string}\"},\"query-input\":{\"@type\":\"PropertyValueSpecification\",\"valueRequired\":true,\"valueName\":\"search_term_string\"}}],\"inLanguage\":\"en-US\"},{\"@type\":\"Organization\",\"@id\":\"https:\\\/\\\/adexa.ee\\\/#organization\",\"name\":\"Adexa\",\"url\":\"https:\\\/\\\/adexa.ee\\\/\",\"logo\":{\"@type\":\"ImageObject\",\"inLanguage\":\"en-US\",\"@id\":\"https:\\\/\\\/adexa.ee\\\/#\\\/schema\\\/logo\\\/image\\\/\",\"url\":\"https:\\\/\\\/adexa.ee\\\/wp-content\\\/uploads\\\/2024\\\/04\\\/chef-cooks-working-in-professional-kitchen-2023-11-27-05-07-39-utc-scaled.jpg\",\"contentUrl\":\"https:\\\/\\\/adexa.ee\\\/wp-content\\\/uploads\\\/2024\\\/04\\\/chef-cooks-working-in-professional-kitchen-2023-11-27-05-07-39-utc-scaled.jpg\",\"width\":2560,\"height\":1708,\"caption\":\"Adexa\"},\"image\":{\"@id\":\"https:\\\/\\\/adexa.ee\\\/#\\\/schema\\\/logo\\\/image\\\/\"}}]}<\/script>\n<!-- \/ Yoast SEO plugin. -->","yoast_head_json":{"title":"Soojendusalus Roostevabast Terasest Gn1\/1 530X325Mm | Adexa Tswp53 - Adexa \u2013 Suurk\u00f6\u00f6giseadmed restoranidele ja toitlustusele","robots":{"index":"index","follow":"follow","max-snippet":"max-snippet:-1","max-image-preview":"max-image-preview:large","max-video-preview":"max-video-preview:-1"},"canonical":"https:\/\/adexa.ee\/toode\/soojendusalus-roostevabast-terasest-gn1-1-530x325mm-adexa-tswp53\/","og_locale":"en_US","og_type":"article","og_title":"Soojendusalus Roostevabast Terasest Gn1\/1 530X325Mm | Adexa Tswp53 - Adexa \u2013 Suurk\u00f6\u00f6giseadmed restoranidele ja toitlustusele","og_description":"Professionaalne soojendusalus, mis on ideaalne k\u00f5igi toitude hoidmiseks serveerimiseks valmis temperatuuril. V\u00e4ga kasulik igasugustes toitlustusasutustes nagu pizzeriad, restoranid ja hotellid.","og_url":"https:\/\/adexa.ee\/toode\/soojendusalus-roostevabast-terasest-gn1-1-530x325mm-adexa-tswp53\/","og_site_name":"Adexa \u2013 Suurk\u00f6\u00f6giseadmed restoranidele ja toitlustusele","article_modified_time":"2026-03-26T18:05:18+00:00","og_image":[{"width":944,"height":944,"url":"https:\/\/adexa.ee\/wp-content\/uploads\/2024\/12\/TTWP50-1.jpg","type":"image\/jpeg"}],"twitter_card":"summary_large_image","schema":{"@context":"https:\/\/schema.org","@graph":[{"@type":"WebPage","@id":"https:\/\/adexa.ee\/toode\/soojendusalus-roostevabast-terasest-gn1-1-530x325mm-adexa-tswp53\/","url":"https:\/\/adexa.ee\/toode\/soojendusalus-roostevabast-terasest-gn1-1-530x325mm-adexa-tswp53\/","name":"Soojendusalus Roostevabast Terasest Gn1\/1 530X325Mm | Adexa Tswp53 - Adexa \u2013 Suurk\u00f6\u00f6giseadmed restoranidele ja toitlustusele","isPartOf":{"@id":"https:\/\/adexa.ee\/#website"},"primaryImageOfPage":{"@id":"https:\/\/adexa.ee\/toode\/soojendusalus-roostevabast-terasest-gn1-1-530x325mm-adexa-tswp53\/#primaryimage"},"image":{"@id":"https:\/\/adexa.ee\/toode\/soojendusalus-roostevabast-terasest-gn1-1-530x325mm-adexa-tswp53\/#primaryimage"},"thumbnailUrl":"https:\/\/adexa.ee\/wp-content\/uploads\/2024\/12\/TTWP50-1.jpg","datePublished":"2026-03-26T18:05:17+00:00","dateModified":"2026-03-26T18:05:18+00:00","breadcrumb":{"@id":"https:\/\/adexa.ee\/toode\/soojendusalus-roostevabast-terasest-gn1-1-530x325mm-adexa-tswp53\/#breadcrumb"},"inLanguage":"en-US","potentialAction":[{"@type":"ReadAction","target":["https:\/\/adexa.ee\/toode\/soojendusalus-roostevabast-terasest-gn1-1-530x325mm-adexa-tswp53\/"]}]},{"@type":"ImageObject","inLanguage":"en-US","@id":"https:\/\/adexa.ee\/toode\/soojendusalus-roostevabast-terasest-gn1-1-530x325mm-adexa-tswp53\/#primaryimage","url":"https:\/\/adexa.ee\/wp-content\/uploads\/2024\/12\/TTWP50-1.jpg","contentUrl":"https:\/\/adexa.ee\/wp-content\/uploads\/2024\/12\/TTWP50-1.jpg","width":944,"height":944},{"@type":"BreadcrumbList","@id":"https:\/\/adexa.ee\/toode\/soojendusalus-roostevabast-terasest-gn1-1-530x325mm-adexa-tswp53\/#breadcrumb","itemListElement":[{"@type":"ListItem","position":1,"name":"Home","item":"https:\/\/adexa.ee\/"},{"@type":"ListItem","position":2,"name":"Tooted","item":"https:\/\/adexa.ee\/pood\/"},{"@type":"ListItem","position":3,"name":"Soojendusalus Roostevabast Terasest Gn1\/1 530X325Mm | Adexa Tswp53"}]},{"@type":"WebSite","@id":"https:\/\/adexa.ee\/#website","url":"https:\/\/adexa.ee\/","name":"Adexa","description":"","publisher":{"@id":"https:\/\/adexa.ee\/#organization"},"potentialAction":[{"@type":"SearchAction","target":{"@type":"EntryPoint","urlTemplate":"https:\/\/adexa.ee\/?s={search_term_string}"},"query-input":{"@type":"PropertyValueSpecification","valueRequired":true,"valueName":"search_term_string"}}],"inLanguage":"en-US"},{"@type":"Organization","@id":"https:\/\/adexa.ee\/#organization","name":"Adexa","url":"https:\/\/adexa.ee\/","logo":{"@type":"ImageObject","inLanguage":"en-US","@id":"https:\/\/adexa.ee\/#\/schema\/logo\/image\/","url":"https:\/\/adexa.ee\/wp-content\/uploads\/2024\/04\/chef-cooks-working-in-professional-kitchen-2023-11-27-05-07-39-utc-scaled.jpg","contentUrl":"https:\/\/adexa.ee\/wp-content\/uploads\/2024\/04\/chef-cooks-working-in-professional-kitchen-2023-11-27-05-07-39-utc-scaled.jpg","width":2560,"height":1708,"caption":"Adexa"},"image":{"@id":"https:\/\/adexa.ee\/#\/schema\/logo\/image\/"}}]}},"_links":{"self":[{"href":"https:\/\/adexa.ee\/en\/wp-json\/wp\/v2\/product\/10655","targetHints":{"allow":["GET"]}}],"collection":[{"href":"https:\/\/adexa.ee\/en\/wp-json\/wp\/v2\/product"}],"about":[{"href":"https:\/\/adexa.ee\/en\/wp-json\/wp\/v2\/types\/product"}],"wp:featuredmedia":[{"embeddable":true,"href":"https:\/\/adexa.ee\/en\/wp-json\/wp\/v2\/media\/10657"}],"wp:attachment":[{"href":"https:\/\/adexa.ee\/en\/wp-json\/wp\/v2\/media?parent=10655"}],"wp:term":[{"taxonomy":"product_brand","embeddable":true,"href":"https:\/\/adexa.ee\/en\/wp-json\/wp\/v2\/product_brand?post=10655"},{"taxonomy":"product_cat","embeddable":true,"href":"https:\/\/adexa.ee\/en\/wp-json\/wp\/v2\/product_cat?post=10655"},{"taxonomy":"product_tag","embeddable":true,"href":"https:\/\/adexa.ee\/en\/wp-json\/wp\/v2\/product_tag?post=10655"}],"curies":[{"name":"wp","href":"https:\/\/api.w.org\/{rel}","templated":true}]}}