{"id":10692,"date":"2026-03-29T18:35:13","date_gmt":"2026-03-29T15:35:13","guid":{"rendered":"https:\/\/adexa.ee\/toode\/premium-kaubanduslik-toolaud-roostevaba-teras-ilma-alumise-riiulita-aaris-800x600x980-1080mm-adexa-dw8060\/"},"modified":"2026-03-29T18:35:14","modified_gmt":"2026-03-29T15:35:14","slug":"premium-toolaud-roostevaba-teras-ilma-alumise-riiulita-pritsmekaitse-800x600x980-1080mm-adexa-dw8060","status":"publish","type":"product","link":"https:\/\/adexa.ee\/en\/toode\/premium-toolaud-roostevaba-teras-ilma-alumise-riiulita-pritsmekaitse-800x600x980-1080mm-adexa-dw8060\/","title":{"rendered":"Premium T\u00f6\u00f6laud Roostevaba Teras Ilma Alumise Riiulita Pritsmekaitse 800X600X980\/1080Mm | Adexa Dw8060"},"content":{"rendered":"<p>See on suurep\u00e4rane hinna ja kvaliteedi suhe kaubanduslik t\u00f6\u00f6laud. Raskekaaluline, esmaklassiline 201 AISI roostevaba terase laud, mis vastab toitlustust\u00f6\u00f6stuse k\u00f5rgetele kvaliteedistandarditele. Kaitseks alumine paneel ja kergelt \u00fclesp\u00f6\u00f6ratud servad. Vastavus rahvusvahelistele h\u00fcgieeni- ja puhastatavuse standarditele. Valmistatud roostevabast terasest Scotch Brite viimistlusega, et vastata k\u00f5rgeimatele h\u00fcgieenistandarditele. Tugevdatud t\u00f6\u00f6pind Topeltseinaga roostevabast terasest t\u00f6\u00f6pind Kandev\u00f5ime kuni 500 kg Eriti k\u00f5rge kandev\u00f5ime \u00dcksikasjaliku teabe jaoks vaadake jaotist &#8216;Spetsifikatsioon&#8217;.<\/p>\n<table style=\"border-collapse: collapse; width: 100%; text-align: left;\">\n<tbody>\n<tr>\n<td style=\"border: 1px solid #ddd; padding: 8px; width: 45%;\"><strong>S\u00fcgavus<\/strong><\/td>\n<td style=\"border: 1px solid #ddd; padding: 8px;\">600 mm<\/td>\n<\/tr>\n<tr>\n<td style=\"border: 1px solid #ddd; padding: 8px; width: 45%;\"><strong>K\u00f5rgus<\/strong><\/td>\n<td style=\"border: 1px solid #ddd; padding: 8px;\">980\/1080 mm<\/td>\n<\/tr>\n<tr>\n<td style=\"border: 1px solid #ddd; padding: 8px; width: 45%;\"><strong>Laius<\/strong><\/td>\n<td style=\"border: 1px solid #ddd; padding: 8px;\">800 mm<\/td>\n<\/tr>\n<tr>\n<td style=\"border: 1px solid #ddd; padding: 8px; width: 45%;\"><strong>Kaal<\/strong><\/td>\n<td style=\"border: 1px solid #ddd; padding: 8px;\">15,0 kg<\/td>\n<\/tr>\n<tr>\n<td style=\"border: 1px solid #ddd; padding: 8px; width: 45%;\"><strong>Garantii<\/strong><\/td>\n<td style=\"border: 1px solid #ddd; padding: 8px;\">12 kuu varuosade garantii<\/td>\n<\/tr>\n<tr>\n<td style=\"border: 1px solid #ddd; padding: 8px; width: 45%;\"><strong>Kokku panemine<\/strong><\/td>\n<td style=\"border: 1px solid #ddd; padding: 8px;\">Lahtiv\u00f5etud<\/td>\n<\/tr>\n<tr>\n<td style=\"border: 1px solid #ddd; padding: 8px; width: 45%;\"><strong>K\u00f5rgus (pritsmekaitse)<\/strong><\/td>\n<td style=\"border: 1px solid #ddd; padding: 8px;\">100 mm<\/td>\n<\/tr>\n<tr>\n<td style=\"border: 1px solid #ddd; padding: 8px; width: 45%;\"><strong>Alumine riiul<\/strong><\/td>\n<td style=\"border: 1px solid #ddd; padding: 8px;\">Ei<\/td>\n<\/tr>\n<tr>\n<td style=\"border: 1px solid #ddd; padding: 8px; width: 45%;\"><strong>Materjal<\/strong><\/td>\n<td style=\"border: 1px solid #ddd; padding: 8px;\">Roostevaba teras<\/td>\n<\/tr>\n<\/tbody>\n<\/table>\n","protected":false},"excerpt":{"rendered":"<p>See on suurep\u00e4rane hinna ja kvaliteedi suhe kaubanduslik t\u00f6\u00f6laud. Raskekaaluline, esmaklassiline 201 AISI roostevaba terase laud, mis vastab toitlustust\u00f6\u00f6stuse k\u00f5rgetele<\/p>\n","protected":false},"featured_media":10176,"template":"","meta":[],"product_brand":[],"product_cat":[673,569,572,592],"product_tag":[],"class_list":{"0":"post-10692","1":"product","2":"type-product","3":"status-publish","4":"has-post-thumbnail","6":"product_cat-ilma-alusriiulita","7":"product_cat-lopumuuk","8":"product_cat-roostevabad-tooted","9":"product_cat-toolauad","11":"first","12":"instock","13":"sale","14":"taxable","15":"shipping-taxable","16":"purchasable","17":"product-type-simple"},"yoast_head":"<!-- This site is optimized with the Yoast SEO plugin v27.3 - https:\/\/yoast.com\/product\/yoast-seo-wordpress\/ -->\n<title>Premium T\u00f6\u00f6laud Roostevaba Teras Ilma Alumise Riiulita Pritsmekaitse 800X600X980\/1080Mm | Adexa Dw8060 - Adexa \u2013 Suurk\u00f6\u00f6giseadmed restoranidele ja toitlustusele<\/title>\n<meta name=\"robots\" content=\"index, follow, max-snippet:-1, max-image-preview:large, max-video-preview:-1\" \/>\n<link rel=\"canonical\" href=\"https:\/\/adexa.ee\/toode\/premium-toolaud-roostevaba-teras-ilma-alumise-riiulita-pritsmekaitse-800x600x980-1080mm-adexa-dw8060\/\" \/>\n<meta property=\"og:locale\" content=\"en_US\" \/>\n<meta property=\"og:type\" content=\"article\" \/>\n<meta property=\"og:title\" content=\"Premium T\u00f6\u00f6laud Roostevaba Teras Ilma Alumise Riiulita Pritsmekaitse 800X600X980\/1080Mm | Adexa Dw8060 - Adexa \u2013 Suurk\u00f6\u00f6giseadmed restoranidele ja toitlustusele\" \/>\n<meta property=\"og:description\" content=\"See on suurep\u00e4rane hinna ja kvaliteedi suhe kaubanduslik t\u00f6\u00f6laud. Raskekaaluline, esmaklassiline 201 AISI roostevaba terase laud, mis vastab toitlustust\u00f6\u00f6stuse k\u00f5rgetele\" \/>\n<meta property=\"og:url\" content=\"https:\/\/adexa.ee\/toode\/premium-toolaud-roostevaba-teras-ilma-alumise-riiulita-pritsmekaitse-800x600x980-1080mm-adexa-dw8060\/\" \/>\n<meta property=\"og:site_name\" content=\"Adexa \u2013 Suurk\u00f6\u00f6giseadmed restoranidele ja toitlustusele\" \/>\n<meta property=\"article:modified_time\" content=\"2026-03-29T15:35:14+00:00\" \/>\n<meta property=\"og:image\" content=\"https:\/\/adexa.ee\/wp-content\/uploads\/2024\/12\/DW.jpg\" \/>\n\t<meta property=\"og:image:width\" content=\"600\" \/>\n\t<meta property=\"og:image:height\" content=\"600\" \/>\n\t<meta property=\"og:image:type\" content=\"image\/jpeg\" \/>\n<meta name=\"twitter:card\" content=\"summary_large_image\" \/>\n<meta name=\"twitter:label1\" content=\"Est. reading time\" \/>\n\t<meta name=\"twitter:data1\" content=\"1 minute\" \/>\n<script type=\"application\/ld+json\" class=\"yoast-schema-graph\">{\"@context\":\"https:\\\/\\\/schema.org\",\"@graph\":[{\"@type\":\"WebPage\",\"@id\":\"https:\\\/\\\/adexa.ee\\\/toode\\\/premium-toolaud-roostevaba-teras-ilma-alumise-riiulita-pritsmekaitse-800x600x980-1080mm-adexa-dw8060\\\/\",\"url\":\"https:\\\/\\\/adexa.ee\\\/toode\\\/premium-toolaud-roostevaba-teras-ilma-alumise-riiulita-pritsmekaitse-800x600x980-1080mm-adexa-dw8060\\\/\",\"name\":\"Premium T\u00f6\u00f6laud Roostevaba Teras Ilma Alumise Riiulita Pritsmekaitse 800X600X980\\\/1080Mm | Adexa Dw8060 - Adexa \u2013 Suurk\u00f6\u00f6giseadmed restoranidele ja toitlustusele\",\"isPartOf\":{\"@id\":\"https:\\\/\\\/adexa.ee\\\/#website\"},\"primaryImageOfPage\":{\"@id\":\"https:\\\/\\\/adexa.ee\\\/toode\\\/premium-toolaud-roostevaba-teras-ilma-alumise-riiulita-pritsmekaitse-800x600x980-1080mm-adexa-dw8060\\\/#primaryimage\"},\"image\":{\"@id\":\"https:\\\/\\\/adexa.ee\\\/toode\\\/premium-toolaud-roostevaba-teras-ilma-alumise-riiulita-pritsmekaitse-800x600x980-1080mm-adexa-dw8060\\\/#primaryimage\"},\"thumbnailUrl\":\"https:\\\/\\\/adexa.ee\\\/wp-content\\\/uploads\\\/2024\\\/12\\\/DW.jpg\",\"datePublished\":\"2026-03-29T15:35:13+00:00\",\"dateModified\":\"2026-03-29T15:35:14+00:00\",\"breadcrumb\":{\"@id\":\"https:\\\/\\\/adexa.ee\\\/toode\\\/premium-toolaud-roostevaba-teras-ilma-alumise-riiulita-pritsmekaitse-800x600x980-1080mm-adexa-dw8060\\\/#breadcrumb\"},\"inLanguage\":\"en-US\",\"potentialAction\":[{\"@type\":\"ReadAction\",\"target\":[\"https:\\\/\\\/adexa.ee\\\/toode\\\/premium-toolaud-roostevaba-teras-ilma-alumise-riiulita-pritsmekaitse-800x600x980-1080mm-adexa-dw8060\\\/\"]}]},{\"@type\":\"ImageObject\",\"inLanguage\":\"en-US\",\"@id\":\"https:\\\/\\\/adexa.ee\\\/toode\\\/premium-toolaud-roostevaba-teras-ilma-alumise-riiulita-pritsmekaitse-800x600x980-1080mm-adexa-dw8060\\\/#primaryimage\",\"url\":\"https:\\\/\\\/adexa.ee\\\/wp-content\\\/uploads\\\/2024\\\/12\\\/DW.jpg\",\"contentUrl\":\"https:\\\/\\\/adexa.ee\\\/wp-content\\\/uploads\\\/2024\\\/12\\\/DW.jpg\",\"width\":600,\"height\":600},{\"@type\":\"BreadcrumbList\",\"@id\":\"https:\\\/\\\/adexa.ee\\\/toode\\\/premium-toolaud-roostevaba-teras-ilma-alumise-riiulita-pritsmekaitse-800x600x980-1080mm-adexa-dw8060\\\/#breadcrumb\",\"itemListElement\":[{\"@type\":\"ListItem\",\"position\":1,\"name\":\"Home\",\"item\":\"https:\\\/\\\/adexa.ee\\\/\"},{\"@type\":\"ListItem\",\"position\":2,\"name\":\"Tooted\",\"item\":\"https:\\\/\\\/adexa.ee\\\/pood\\\/\"},{\"@type\":\"ListItem\",\"position\":3,\"name\":\"Premium T\u00f6\u00f6laud Roostevaba Teras Ilma Alumise Riiulita Pritsmekaitse 800X600X980\\\/1080Mm | Adexa Dw8060\"}]},{\"@type\":\"WebSite\",\"@id\":\"https:\\\/\\\/adexa.ee\\\/#website\",\"url\":\"https:\\\/\\\/adexa.ee\\\/\",\"name\":\"Adexa\",\"description\":\"\",\"publisher\":{\"@id\":\"https:\\\/\\\/adexa.ee\\\/#organization\"},\"potentialAction\":[{\"@type\":\"SearchAction\",\"target\":{\"@type\":\"EntryPoint\",\"urlTemplate\":\"https:\\\/\\\/adexa.ee\\\/?s={search_term_string}\"},\"query-input\":{\"@type\":\"PropertyValueSpecification\",\"valueRequired\":true,\"valueName\":\"search_term_string\"}}],\"inLanguage\":\"en-US\"},{\"@type\":\"Organization\",\"@id\":\"https:\\\/\\\/adexa.ee\\\/#organization\",\"name\":\"Adexa\",\"url\":\"https:\\\/\\\/adexa.ee\\\/\",\"logo\":{\"@type\":\"ImageObject\",\"inLanguage\":\"en-US\",\"@id\":\"https:\\\/\\\/adexa.ee\\\/#\\\/schema\\\/logo\\\/image\\\/\",\"url\":\"https:\\\/\\\/adexa.ee\\\/wp-content\\\/uploads\\\/2024\\\/04\\\/chef-cooks-working-in-professional-kitchen-2023-11-27-05-07-39-utc-scaled.jpg\",\"contentUrl\":\"https:\\\/\\\/adexa.ee\\\/wp-content\\\/uploads\\\/2024\\\/04\\\/chef-cooks-working-in-professional-kitchen-2023-11-27-05-07-39-utc-scaled.jpg\",\"width\":2560,\"height\":1708,\"caption\":\"Adexa\"},\"image\":{\"@id\":\"https:\\\/\\\/adexa.ee\\\/#\\\/schema\\\/logo\\\/image\\\/\"}}]}<\/script>\n<!-- \/ Yoast SEO plugin. -->","yoast_head_json":{"title":"Premium T\u00f6\u00f6laud Roostevaba Teras Ilma Alumise Riiulita Pritsmekaitse 800X600X980\/1080Mm | Adexa Dw8060 - Adexa \u2013 Suurk\u00f6\u00f6giseadmed restoranidele ja toitlustusele","robots":{"index":"index","follow":"follow","max-snippet":"max-snippet:-1","max-image-preview":"max-image-preview:large","max-video-preview":"max-video-preview:-1"},"canonical":"https:\/\/adexa.ee\/toode\/premium-toolaud-roostevaba-teras-ilma-alumise-riiulita-pritsmekaitse-800x600x980-1080mm-adexa-dw8060\/","og_locale":"en_US","og_type":"article","og_title":"Premium T\u00f6\u00f6laud Roostevaba Teras Ilma Alumise Riiulita Pritsmekaitse 800X600X980\/1080Mm | Adexa Dw8060 - Adexa \u2013 Suurk\u00f6\u00f6giseadmed restoranidele ja toitlustusele","og_description":"See on suurep\u00e4rane hinna ja kvaliteedi suhe kaubanduslik t\u00f6\u00f6laud. Raskekaaluline, esmaklassiline 201 AISI roostevaba terase laud, mis vastab toitlustust\u00f6\u00f6stuse k\u00f5rgetele","og_url":"https:\/\/adexa.ee\/toode\/premium-toolaud-roostevaba-teras-ilma-alumise-riiulita-pritsmekaitse-800x600x980-1080mm-adexa-dw8060\/","og_site_name":"Adexa \u2013 Suurk\u00f6\u00f6giseadmed restoranidele ja toitlustusele","article_modified_time":"2026-03-29T15:35:14+00:00","og_image":[{"width":600,"height":600,"url":"https:\/\/adexa.ee\/wp-content\/uploads\/2024\/12\/DW.jpg","type":"image\/jpeg"}],"twitter_card":"summary_large_image","twitter_misc":{"Est. reading time":"1 minute"},"schema":{"@context":"https:\/\/schema.org","@graph":[{"@type":"WebPage","@id":"https:\/\/adexa.ee\/toode\/premium-toolaud-roostevaba-teras-ilma-alumise-riiulita-pritsmekaitse-800x600x980-1080mm-adexa-dw8060\/","url":"https:\/\/adexa.ee\/toode\/premium-toolaud-roostevaba-teras-ilma-alumise-riiulita-pritsmekaitse-800x600x980-1080mm-adexa-dw8060\/","name":"Premium T\u00f6\u00f6laud Roostevaba Teras Ilma Alumise Riiulita Pritsmekaitse 800X600X980\/1080Mm | Adexa Dw8060 - Adexa \u2013 Suurk\u00f6\u00f6giseadmed restoranidele ja toitlustusele","isPartOf":{"@id":"https:\/\/adexa.ee\/#website"},"primaryImageOfPage":{"@id":"https:\/\/adexa.ee\/toode\/premium-toolaud-roostevaba-teras-ilma-alumise-riiulita-pritsmekaitse-800x600x980-1080mm-adexa-dw8060\/#primaryimage"},"image":{"@id":"https:\/\/adexa.ee\/toode\/premium-toolaud-roostevaba-teras-ilma-alumise-riiulita-pritsmekaitse-800x600x980-1080mm-adexa-dw8060\/#primaryimage"},"thumbnailUrl":"https:\/\/adexa.ee\/wp-content\/uploads\/2024\/12\/DW.jpg","datePublished":"2026-03-29T15:35:13+00:00","dateModified":"2026-03-29T15:35:14+00:00","breadcrumb":{"@id":"https:\/\/adexa.ee\/toode\/premium-toolaud-roostevaba-teras-ilma-alumise-riiulita-pritsmekaitse-800x600x980-1080mm-adexa-dw8060\/#breadcrumb"},"inLanguage":"en-US","potentialAction":[{"@type":"ReadAction","target":["https:\/\/adexa.ee\/toode\/premium-toolaud-roostevaba-teras-ilma-alumise-riiulita-pritsmekaitse-800x600x980-1080mm-adexa-dw8060\/"]}]},{"@type":"ImageObject","inLanguage":"en-US","@id":"https:\/\/adexa.ee\/toode\/premium-toolaud-roostevaba-teras-ilma-alumise-riiulita-pritsmekaitse-800x600x980-1080mm-adexa-dw8060\/#primaryimage","url":"https:\/\/adexa.ee\/wp-content\/uploads\/2024\/12\/DW.jpg","contentUrl":"https:\/\/adexa.ee\/wp-content\/uploads\/2024\/12\/DW.jpg","width":600,"height":600},{"@type":"BreadcrumbList","@id":"https:\/\/adexa.ee\/toode\/premium-toolaud-roostevaba-teras-ilma-alumise-riiulita-pritsmekaitse-800x600x980-1080mm-adexa-dw8060\/#breadcrumb","itemListElement":[{"@type":"ListItem","position":1,"name":"Home","item":"https:\/\/adexa.ee\/"},{"@type":"ListItem","position":2,"name":"Tooted","item":"https:\/\/adexa.ee\/pood\/"},{"@type":"ListItem","position":3,"name":"Premium T\u00f6\u00f6laud Roostevaba Teras Ilma Alumise Riiulita Pritsmekaitse 800X600X980\/1080Mm | Adexa Dw8060"}]},{"@type":"WebSite","@id":"https:\/\/adexa.ee\/#website","url":"https:\/\/adexa.ee\/","name":"Adexa","description":"","publisher":{"@id":"https:\/\/adexa.ee\/#organization"},"potentialAction":[{"@type":"SearchAction","target":{"@type":"EntryPoint","urlTemplate":"https:\/\/adexa.ee\/?s={search_term_string}"},"query-input":{"@type":"PropertyValueSpecification","valueRequired":true,"valueName":"search_term_string"}}],"inLanguage":"en-US"},{"@type":"Organization","@id":"https:\/\/adexa.ee\/#organization","name":"Adexa","url":"https:\/\/adexa.ee\/","logo":{"@type":"ImageObject","inLanguage":"en-US","@id":"https:\/\/adexa.ee\/#\/schema\/logo\/image\/","url":"https:\/\/adexa.ee\/wp-content\/uploads\/2024\/04\/chef-cooks-working-in-professional-kitchen-2023-11-27-05-07-39-utc-scaled.jpg","contentUrl":"https:\/\/adexa.ee\/wp-content\/uploads\/2024\/04\/chef-cooks-working-in-professional-kitchen-2023-11-27-05-07-39-utc-scaled.jpg","width":2560,"height":1708,"caption":"Adexa"},"image":{"@id":"https:\/\/adexa.ee\/#\/schema\/logo\/image\/"}}]}},"_links":{"self":[{"href":"https:\/\/adexa.ee\/en\/wp-json\/wp\/v2\/product\/10692","targetHints":{"allow":["GET"]}}],"collection":[{"href":"https:\/\/adexa.ee\/en\/wp-json\/wp\/v2\/product"}],"about":[{"href":"https:\/\/adexa.ee\/en\/wp-json\/wp\/v2\/types\/product"}],"wp:featuredmedia":[{"embeddable":true,"href":"https:\/\/adexa.ee\/en\/wp-json\/wp\/v2\/media\/10176"}],"wp:attachment":[{"href":"https:\/\/adexa.ee\/en\/wp-json\/wp\/v2\/media?parent=10692"}],"wp:term":[{"taxonomy":"product_brand","embeddable":true,"href":"https:\/\/adexa.ee\/en\/wp-json\/wp\/v2\/product_brand?post=10692"},{"taxonomy":"product_cat","embeddable":true,"href":"https:\/\/adexa.ee\/en\/wp-json\/wp\/v2\/product_cat?post=10692"},{"taxonomy":"product_tag","embeddable":true,"href":"https:\/\/adexa.ee\/en\/wp-json\/wp\/v2\/product_tag?post=10692"}],"curies":[{"name":"wp","href":"https:\/\/api.w.org\/{rel}","templated":true}]}}