{"id":10700,"date":"2026-03-26T18:05:21","date_gmt":"2026-03-26T16:05:21","guid":{"rendered":"https:\/\/adexa.ee\/toode\/pizza-lett-3-ukseline-kulmutatud-letipind-6xgn1-4-sugavus-700mm-adexa-pz14pt14\/"},"modified":"2026-03-26T18:05:22","modified_gmt":"2026-03-26T16:05:22","slug":"pizza-lett-3-ukseline-kulmutatud-letipind-6xgn1-4-sugavus-700mm-adexa-pz14pt14","status":"publish","type":"product","link":"https:\/\/adexa.ee\/en\/toode\/pizza-lett-3-ukseline-kulmutatud-letipind-6xgn1-4-sugavus-700mm-adexa-pz14pt14\/","title":{"rendered":"Pizza lett 3-ukseline k\u00fclmutatud letipind 6xGN1\/4, s\u00fcgavus 700mm | Adexa PZ14+PT14"},"content":{"rendered":"<p>See k\u00f5rge kvaliteediga 3-ukseline k\u00fclmutatud pitsa ettevalmistuslett koos katteosaga on varustatud graniitsel ettevalmistuspinnaga ja k\u00fclmutatud katteosaga, mis mahutab 6 x GN1\/4 panni. See on loodud pakkuma suurep\u00e4rast j\u00f5udlust p\u00e4evast p\u00e4eva k\u00f5igis, h\u00f5ivatud toitlustuskohtades. See on t\u00f5eliselt silmapaistev, suurep\u00e4rase v\u00e4\u00e4rtusega professionaalne pitsa ettevalmistuslett, millel on hea suurusega k\u00fclmutatud hoiuruum. Ideaalne restoranidele, pitsapoodidele, kiirtoidukohtadele, v\u00f5ileivabaaridele ja muule. Valmistatud kvaliteetsest roostevabast terasest, tagades k\u00f5rge j\u00f5udluse, usaldusv\u00e4\u00e4rsuse, stiili ja suurep\u00e4rase hinna. Selle t\u00e4islaiuses graniitkattes pind v\u00f5imaldab suure ruumi pitsa, v\u00f5ileibade jne valmistamiseks ja pealmine k\u00fclmutatud katteosa v\u00f5imaldab lihtsat juurdep\u00e4\u00e4su, kuhu saad paigutada 6 x GN1\/4 panni (ei kuulu komplekti) k\u00f5ikidele katetele v\u00f5i salatitele jne. 700 mm s\u00fcgavusel tagab see seade piisava ettevalmistusruumi. Esipaneelile on paigaldatud reguleeritav termostaat ja digitaalne ekraan koos kvaliteetse Careli kontrolleriga. Lihtsasti puhastatav roostevabast terasest sisemus loob ideaalse keskkonna kogu ettevalmistusaja toidule. Dokumendid Klikka siia, et alla laadida kasutusjuhend Klikka siia, et alla laadida tehniline joonis Klikka siia, et alla laadida energiatarbimise etiket Klikka siia, et alla laadida plahvatusvaade Klikka siia, et alla laadida varuosade nimekiri Klikka siia, et alla laadida CE vastavusdeklaratsioon Klaas selle seadme jaoks asub eraldi kambris pakendi all \u2013 palun veendu, et see on k\u00e4tte saadud enne kaitsekarbi utiliseerimist. Palun vaata rubriiki &#8216;Spetsifikatsioon&#8217; detailse teabe jaoks.<\/p>\n<table style=\"border-collapse: collapse; width: 100%; text-align: left;\">\n<tbody>\n<tr>\n<td style=\"border: 1px solid #ddd; padding: 8px; width: 45%;\"><strong>S\u00fcgavus<\/strong><\/td>\n<td style=\"border: 1px solid #ddd; padding: 8px;\">700 mm<\/td>\n<\/tr>\n<tr>\n<td style=\"border: 1px solid #ddd; padding: 8px; width: 45%;\"><strong>K\u00f5rgus<\/strong><\/td>\n<td style=\"border: 1px solid #ddd; padding: 8px;\">910 mm<\/td>\n<\/tr>\n<tr>\n<td style=\"border: 1px solid #ddd; padding: 8px; width: 45%;\"><strong>Laius<\/strong><\/td>\n<td style=\"border: 1px solid #ddd; padding: 8px;\">1400 mm<\/td>\n<\/tr>\n<tr>\n<td style=\"border: 1px solid #ddd; padding: 8px; width: 45%;\"><strong>Kaal<\/strong><\/td>\n<td style=\"border: 1px solid #ddd; padding: 8px;\">220 kg<\/td>\n<\/tr>\n<tr>\n<td style=\"border: 1px solid #ddd; padding: 8px; width: 45%;\"><strong>Garantii<\/strong><\/td>\n<td style=\"border: 1px solid #ddd; padding: 8px;\">12 kuu varuosade garantii<\/td>\n<\/tr>\n<tr>\n<td style=\"border: 1px solid #ddd; padding: 8px; width: 45%;\"><strong>Mahutavus<\/strong><\/td>\n<td style=\"border: 1px solid #ddd; padding: 8px;\">368 liitrit<\/td>\n<\/tr>\n<tr>\n<td style=\"border: 1px solid #ddd; padding: 8px; width: 45%;\"><strong>Uksed \/ Sahtlid<\/strong><\/td>\n<td style=\"border: 1px solid #ddd; padding: 8px;\">3 ust<\/td>\n<\/tr>\n<tr>\n<td style=\"border: 1px solid #ddd; padding: 8px; width: 45%;\"><strong>Toiteallikas<\/strong><\/td>\n<td style=\"border: 1px solid #ddd; padding: 8px;\">230V \/ 1 faas<\/td>\n<\/tr>\n<tr>\n<td style=\"border: 1px solid #ddd; padding: 8px; width: 45%;\"><strong>V\u00f5imsus<\/strong><\/td>\n<td style=\"border: 1px solid #ddd; padding: 8px;\">193W<\/td>\n<\/tr>\n<tr>\n<td style=\"border: 1px solid #ddd; padding: 8px; width: 45%;\"><strong>Temperatuur<\/strong><\/td>\n<td style=\"border: 1px solid #ddd; padding: 8px;\">+2 \u00b0C kuni +8 \u00b0C<\/td>\n<\/tr>\n<tr>\n<td style=\"border: 1px solid #ddd; padding: 8px; width: 45%;\"><strong>T\u00f6\u00f6 pind<\/strong><\/td>\n<td style=\"border: 1px solid #ddd; padding: 8px;\">Graniit<\/td>\n<\/tr>\n<tr>\n<td style=\"border: 1px solid #ddd; padding: 8px; width: 45%;\"><strong>Materjal (v\u00e4limine)<\/strong><\/td>\n<td style=\"border: 1px solid #ddd; padding: 8px;\">Roostevaba teras<\/td>\n<\/tr>\n<tr>\n<td style=\"border: 1px solid #ddd; padding: 8px; width: 45%;\"><strong>Laius (teenindus)<\/strong><\/td>\n<td style=\"border: 1px solid #ddd; padding: 8px;\">1400 mm<\/td>\n<\/tr>\n<tr>\n<td style=\"border: 1px solid #ddd; padding: 8px; width: 45%;\"><strong>S\u00fcgavus (teenindus)<\/strong><\/td>\n<td style=\"border: 1px solid #ddd; padding: 8px;\">350 mm<\/td>\n<\/tr>\n<tr>\n<td style=\"border: 1px solid #ddd; padding: 8px; width: 45%;\"><strong>K\u00f5rgus (teenindus)<\/strong><\/td>\n<td style=\"border: 1px solid #ddd; padding: 8px;\">435 mm<\/td>\n<\/tr>\n<tr>\n<td style=\"border: 1px solid #ddd; padding: 8px; width: 45%;\"><strong>Kaal (teenindus)<\/strong><\/td>\n<td style=\"border: 1px solid #ddd; padding: 8px;\">51 kg<\/td>\n<\/tr>\n<tr>\n<td style=\"border: 1px solid #ddd; padding: 8px; width: 45%;\"><strong>Materjal (sisemine)<\/strong><\/td>\n<td style=\"border: 1px solid #ddd; padding: 8px;\">Roostevaba teras<\/td>\n<\/tr>\n<tr>\n<td style=\"border: 1px solid #ddd; padding: 8px; width: 45%;\"><strong>Mahutavus (teenindus)<\/strong><\/td>\n<td style=\"border: 1px solid #ddd; padding: 8px;\">6 x GN1\/4 (kuni 150 mm s\u00fcgavus)<\/td>\n<\/tr>\n<tr>\n<td style=\"border: 1px solid #ddd; padding: 8px; width: 45%;\"><strong>Toiteallikas (teenindus)<\/strong><\/td>\n<td style=\"border: 1px solid #ddd; padding: 8px;\">230V \/ 1 faas<\/td>\n<\/tr>\n<tr>\n<td style=\"border: 1px solid #ddd; padding: 8px; width: 45%;\"><strong>V\u00f5imsus (teenindus)<\/strong><\/td>\n<td style=\"border: 1px solid #ddd; padding: 8px;\">185W<\/td>\n<\/tr>\n<\/tbody>\n<\/table>\n","protected":false},"excerpt":{"rendered":"<p>See k\u00f5rge kvaliteediga 3-ukseline k\u00fclmutatud pitsa ettevalmistuslett koos katteosaga on varustatud graniitsel ettevalmistuspinnaga ja k\u00fclmutatud katteosaga, mis mahutab 6 x<\/p>\n","protected":false},"featured_media":10702,"template":"","meta":[],"product_brand":[],"product_cat":[686,564,569,685,664],"product_tag":[],"class_list":{"0":"post-10700","1":"product","2":"type-product","3":"status-publish","4":"has-post-thumbnail","6":"product_cat-jahutusega-pitsaletid","7":"product_cat-jahutusseadmed","8":"product_cat-lopumuuk","9":"product_cat-pitsavalmistuslauad","10":"product_cat-pitsa-ja-grill","12":"first","13":"instock","14":"sale","15":"taxable","16":"shipping-taxable","17":"purchasable","18":"product-type-simple"},"yoast_head":"<!-- This site is optimized with the Yoast SEO plugin v27.3 - https:\/\/yoast.com\/product\/yoast-seo-wordpress\/ -->\n<title>Pizza lett 3-ukseline k\u00fclmutatud letipind 6xGN1\/4, s\u00fcgavus 700mm | Adexa PZ14+PT14 - Adexa \u2013 Suurk\u00f6\u00f6giseadmed restoranidele ja toitlustusele<\/title>\n<meta name=\"robots\" content=\"index, follow, max-snippet:-1, max-image-preview:large, max-video-preview:-1\" \/>\n<link rel=\"canonical\" href=\"https:\/\/adexa.ee\/toode\/pizza-lett-3-ukseline-kulmutatud-letipind-6xgn1-4-sugavus-700mm-adexa-pz14pt14\/\" \/>\n<meta property=\"og:locale\" content=\"en_US\" \/>\n<meta property=\"og:type\" content=\"article\" \/>\n<meta property=\"og:title\" content=\"Pizza lett 3-ukseline k\u00fclmutatud letipind 6xGN1\/4, s\u00fcgavus 700mm | Adexa PZ14+PT14 - Adexa \u2013 Suurk\u00f6\u00f6giseadmed restoranidele ja toitlustusele\" \/>\n<meta property=\"og:description\" content=\"See k\u00f5rge kvaliteediga 3-ukseline k\u00fclmutatud pitsa ettevalmistuslett koos katteosaga on varustatud graniitsel ettevalmistuspinnaga ja k\u00fclmutatud katteosaga, mis mahutab 6 x\" \/>\n<meta property=\"og:url\" content=\"https:\/\/adexa.ee\/toode\/pizza-lett-3-ukseline-kulmutatud-letipind-6xgn1-4-sugavus-700mm-adexa-pz14pt14\/\" \/>\n<meta property=\"og:site_name\" content=\"Adexa \u2013 Suurk\u00f6\u00f6giseadmed restoranidele ja toitlustusele\" \/>\n<meta property=\"article:modified_time\" content=\"2026-03-26T16:05:22+00:00\" \/>\n<meta property=\"og:image\" content=\"https:\/\/adexa.ee\/wp-content\/uploads\/2024\/12\/PZ14-PT14.jpg\" \/>\n\t<meta property=\"og:image:width\" content=\"1200\" \/>\n\t<meta property=\"og:image:height\" content=\"1200\" \/>\n\t<meta property=\"og:image:type\" content=\"image\/jpeg\" \/>\n<meta name=\"twitter:card\" content=\"summary_large_image\" \/>\n<meta name=\"twitter:label1\" content=\"Est. reading time\" \/>\n\t<meta name=\"twitter:data1\" content=\"1 minute\" \/>\n<script type=\"application\/ld+json\" class=\"yoast-schema-graph\">{\"@context\":\"https:\\\/\\\/schema.org\",\"@graph\":[{\"@type\":\"WebPage\",\"@id\":\"https:\\\/\\\/adexa.ee\\\/toode\\\/pizza-lett-3-ukseline-kulmutatud-letipind-6xgn1-4-sugavus-700mm-adexa-pz14pt14\\\/\",\"url\":\"https:\\\/\\\/adexa.ee\\\/toode\\\/pizza-lett-3-ukseline-kulmutatud-letipind-6xgn1-4-sugavus-700mm-adexa-pz14pt14\\\/\",\"name\":\"Pizza lett 3-ukseline k\u00fclmutatud letipind 6xGN1\\\/4, s\u00fcgavus 700mm | Adexa PZ14+PT14 - Adexa \u2013 Suurk\u00f6\u00f6giseadmed restoranidele ja toitlustusele\",\"isPartOf\":{\"@id\":\"https:\\\/\\\/adexa.ee\\\/#website\"},\"primaryImageOfPage\":{\"@id\":\"https:\\\/\\\/adexa.ee\\\/toode\\\/pizza-lett-3-ukseline-kulmutatud-letipind-6xgn1-4-sugavus-700mm-adexa-pz14pt14\\\/#primaryimage\"},\"image\":{\"@id\":\"https:\\\/\\\/adexa.ee\\\/toode\\\/pizza-lett-3-ukseline-kulmutatud-letipind-6xgn1-4-sugavus-700mm-adexa-pz14pt14\\\/#primaryimage\"},\"thumbnailUrl\":\"https:\\\/\\\/adexa.ee\\\/wp-content\\\/uploads\\\/2024\\\/12\\\/PZ14-PT14.jpg\",\"datePublished\":\"2026-03-26T16:05:21+00:00\",\"dateModified\":\"2026-03-26T16:05:22+00:00\",\"breadcrumb\":{\"@id\":\"https:\\\/\\\/adexa.ee\\\/toode\\\/pizza-lett-3-ukseline-kulmutatud-letipind-6xgn1-4-sugavus-700mm-adexa-pz14pt14\\\/#breadcrumb\"},\"inLanguage\":\"en-US\",\"potentialAction\":[{\"@type\":\"ReadAction\",\"target\":[\"https:\\\/\\\/adexa.ee\\\/toode\\\/pizza-lett-3-ukseline-kulmutatud-letipind-6xgn1-4-sugavus-700mm-adexa-pz14pt14\\\/\"]}]},{\"@type\":\"ImageObject\",\"inLanguage\":\"en-US\",\"@id\":\"https:\\\/\\\/adexa.ee\\\/toode\\\/pizza-lett-3-ukseline-kulmutatud-letipind-6xgn1-4-sugavus-700mm-adexa-pz14pt14\\\/#primaryimage\",\"url\":\"https:\\\/\\\/adexa.ee\\\/wp-content\\\/uploads\\\/2024\\\/12\\\/PZ14-PT14.jpg\",\"contentUrl\":\"https:\\\/\\\/adexa.ee\\\/wp-content\\\/uploads\\\/2024\\\/12\\\/PZ14-PT14.jpg\",\"width\":1200,\"height\":1200},{\"@type\":\"BreadcrumbList\",\"@id\":\"https:\\\/\\\/adexa.ee\\\/toode\\\/pizza-lett-3-ukseline-kulmutatud-letipind-6xgn1-4-sugavus-700mm-adexa-pz14pt14\\\/#breadcrumb\",\"itemListElement\":[{\"@type\":\"ListItem\",\"position\":1,\"name\":\"Home\",\"item\":\"https:\\\/\\\/adexa.ee\\\/\"},{\"@type\":\"ListItem\",\"position\":2,\"name\":\"Tooted\",\"item\":\"https:\\\/\\\/adexa.ee\\\/pood\\\/\"},{\"@type\":\"ListItem\",\"position\":3,\"name\":\"Pizza lett 3-ukseline k\u00fclmutatud letipind 6xGN1\\\/4, s\u00fcgavus 700mm | Adexa PZ14+PT14\"}]},{\"@type\":\"WebSite\",\"@id\":\"https:\\\/\\\/adexa.ee\\\/#website\",\"url\":\"https:\\\/\\\/adexa.ee\\\/\",\"name\":\"Adexa\",\"description\":\"\",\"publisher\":{\"@id\":\"https:\\\/\\\/adexa.ee\\\/#organization\"},\"potentialAction\":[{\"@type\":\"SearchAction\",\"target\":{\"@type\":\"EntryPoint\",\"urlTemplate\":\"https:\\\/\\\/adexa.ee\\\/?s={search_term_string}\"},\"query-input\":{\"@type\":\"PropertyValueSpecification\",\"valueRequired\":true,\"valueName\":\"search_term_string\"}}],\"inLanguage\":\"en-US\"},{\"@type\":\"Organization\",\"@id\":\"https:\\\/\\\/adexa.ee\\\/#organization\",\"name\":\"Adexa\",\"url\":\"https:\\\/\\\/adexa.ee\\\/\",\"logo\":{\"@type\":\"ImageObject\",\"inLanguage\":\"en-US\",\"@id\":\"https:\\\/\\\/adexa.ee\\\/#\\\/schema\\\/logo\\\/image\\\/\",\"url\":\"https:\\\/\\\/adexa.ee\\\/wp-content\\\/uploads\\\/2024\\\/04\\\/chef-cooks-working-in-professional-kitchen-2023-11-27-05-07-39-utc-scaled.jpg\",\"contentUrl\":\"https:\\\/\\\/adexa.ee\\\/wp-content\\\/uploads\\\/2024\\\/04\\\/chef-cooks-working-in-professional-kitchen-2023-11-27-05-07-39-utc-scaled.jpg\",\"width\":2560,\"height\":1708,\"caption\":\"Adexa\"},\"image\":{\"@id\":\"https:\\\/\\\/adexa.ee\\\/#\\\/schema\\\/logo\\\/image\\\/\"}}]}<\/script>\n<!-- \/ Yoast SEO plugin. -->","yoast_head_json":{"title":"Pizza lett 3-ukseline k\u00fclmutatud letipind 6xGN1\/4, s\u00fcgavus 700mm | Adexa PZ14+PT14 - Adexa \u2013 Suurk\u00f6\u00f6giseadmed restoranidele ja toitlustusele","robots":{"index":"index","follow":"follow","max-snippet":"max-snippet:-1","max-image-preview":"max-image-preview:large","max-video-preview":"max-video-preview:-1"},"canonical":"https:\/\/adexa.ee\/toode\/pizza-lett-3-ukseline-kulmutatud-letipind-6xgn1-4-sugavus-700mm-adexa-pz14pt14\/","og_locale":"en_US","og_type":"article","og_title":"Pizza lett 3-ukseline k\u00fclmutatud letipind 6xGN1\/4, s\u00fcgavus 700mm | Adexa PZ14+PT14 - Adexa \u2013 Suurk\u00f6\u00f6giseadmed restoranidele ja toitlustusele","og_description":"See k\u00f5rge kvaliteediga 3-ukseline k\u00fclmutatud pitsa ettevalmistuslett koos katteosaga on varustatud graniitsel ettevalmistuspinnaga ja k\u00fclmutatud katteosaga, mis mahutab 6 x","og_url":"https:\/\/adexa.ee\/toode\/pizza-lett-3-ukseline-kulmutatud-letipind-6xgn1-4-sugavus-700mm-adexa-pz14pt14\/","og_site_name":"Adexa \u2013 Suurk\u00f6\u00f6giseadmed restoranidele ja toitlustusele","article_modified_time":"2026-03-26T16:05:22+00:00","og_image":[{"width":1200,"height":1200,"url":"https:\/\/adexa.ee\/wp-content\/uploads\/2024\/12\/PZ14-PT14.jpg","type":"image\/jpeg"}],"twitter_card":"summary_large_image","twitter_misc":{"Est. reading time":"1 minute"},"schema":{"@context":"https:\/\/schema.org","@graph":[{"@type":"WebPage","@id":"https:\/\/adexa.ee\/toode\/pizza-lett-3-ukseline-kulmutatud-letipind-6xgn1-4-sugavus-700mm-adexa-pz14pt14\/","url":"https:\/\/adexa.ee\/toode\/pizza-lett-3-ukseline-kulmutatud-letipind-6xgn1-4-sugavus-700mm-adexa-pz14pt14\/","name":"Pizza lett 3-ukseline k\u00fclmutatud letipind 6xGN1\/4, s\u00fcgavus 700mm | Adexa PZ14+PT14 - Adexa \u2013 Suurk\u00f6\u00f6giseadmed restoranidele ja toitlustusele","isPartOf":{"@id":"https:\/\/adexa.ee\/#website"},"primaryImageOfPage":{"@id":"https:\/\/adexa.ee\/toode\/pizza-lett-3-ukseline-kulmutatud-letipind-6xgn1-4-sugavus-700mm-adexa-pz14pt14\/#primaryimage"},"image":{"@id":"https:\/\/adexa.ee\/toode\/pizza-lett-3-ukseline-kulmutatud-letipind-6xgn1-4-sugavus-700mm-adexa-pz14pt14\/#primaryimage"},"thumbnailUrl":"https:\/\/adexa.ee\/wp-content\/uploads\/2024\/12\/PZ14-PT14.jpg","datePublished":"2026-03-26T16:05:21+00:00","dateModified":"2026-03-26T16:05:22+00:00","breadcrumb":{"@id":"https:\/\/adexa.ee\/toode\/pizza-lett-3-ukseline-kulmutatud-letipind-6xgn1-4-sugavus-700mm-adexa-pz14pt14\/#breadcrumb"},"inLanguage":"en-US","potentialAction":[{"@type":"ReadAction","target":["https:\/\/adexa.ee\/toode\/pizza-lett-3-ukseline-kulmutatud-letipind-6xgn1-4-sugavus-700mm-adexa-pz14pt14\/"]}]},{"@type":"ImageObject","inLanguage":"en-US","@id":"https:\/\/adexa.ee\/toode\/pizza-lett-3-ukseline-kulmutatud-letipind-6xgn1-4-sugavus-700mm-adexa-pz14pt14\/#primaryimage","url":"https:\/\/adexa.ee\/wp-content\/uploads\/2024\/12\/PZ14-PT14.jpg","contentUrl":"https:\/\/adexa.ee\/wp-content\/uploads\/2024\/12\/PZ14-PT14.jpg","width":1200,"height":1200},{"@type":"BreadcrumbList","@id":"https:\/\/adexa.ee\/toode\/pizza-lett-3-ukseline-kulmutatud-letipind-6xgn1-4-sugavus-700mm-adexa-pz14pt14\/#breadcrumb","itemListElement":[{"@type":"ListItem","position":1,"name":"Home","item":"https:\/\/adexa.ee\/"},{"@type":"ListItem","position":2,"name":"Tooted","item":"https:\/\/adexa.ee\/pood\/"},{"@type":"ListItem","position":3,"name":"Pizza lett 3-ukseline k\u00fclmutatud letipind 6xGN1\/4, s\u00fcgavus 700mm | Adexa PZ14+PT14"}]},{"@type":"WebSite","@id":"https:\/\/adexa.ee\/#website","url":"https:\/\/adexa.ee\/","name":"Adexa","description":"","publisher":{"@id":"https:\/\/adexa.ee\/#organization"},"potentialAction":[{"@type":"SearchAction","target":{"@type":"EntryPoint","urlTemplate":"https:\/\/adexa.ee\/?s={search_term_string}"},"query-input":{"@type":"PropertyValueSpecification","valueRequired":true,"valueName":"search_term_string"}}],"inLanguage":"en-US"},{"@type":"Organization","@id":"https:\/\/adexa.ee\/#organization","name":"Adexa","url":"https:\/\/adexa.ee\/","logo":{"@type":"ImageObject","inLanguage":"en-US","@id":"https:\/\/adexa.ee\/#\/schema\/logo\/image\/","url":"https:\/\/adexa.ee\/wp-content\/uploads\/2024\/04\/chef-cooks-working-in-professional-kitchen-2023-11-27-05-07-39-utc-scaled.jpg","contentUrl":"https:\/\/adexa.ee\/wp-content\/uploads\/2024\/04\/chef-cooks-working-in-professional-kitchen-2023-11-27-05-07-39-utc-scaled.jpg","width":2560,"height":1708,"caption":"Adexa"},"image":{"@id":"https:\/\/adexa.ee\/#\/schema\/logo\/image\/"}}]}},"_links":{"self":[{"href":"https:\/\/adexa.ee\/en\/wp-json\/wp\/v2\/product\/10700","targetHints":{"allow":["GET"]}}],"collection":[{"href":"https:\/\/adexa.ee\/en\/wp-json\/wp\/v2\/product"}],"about":[{"href":"https:\/\/adexa.ee\/en\/wp-json\/wp\/v2\/types\/product"}],"wp:featuredmedia":[{"embeddable":true,"href":"https:\/\/adexa.ee\/en\/wp-json\/wp\/v2\/media\/10702"}],"wp:attachment":[{"href":"https:\/\/adexa.ee\/en\/wp-json\/wp\/v2\/media?parent=10700"}],"wp:term":[{"taxonomy":"product_brand","embeddable":true,"href":"https:\/\/adexa.ee\/en\/wp-json\/wp\/v2\/product_brand?post=10700"},{"taxonomy":"product_cat","embeddable":true,"href":"https:\/\/adexa.ee\/en\/wp-json\/wp\/v2\/product_cat?post=10700"},{"taxonomy":"product_tag","embeddable":true,"href":"https:\/\/adexa.ee\/en\/wp-json\/wp\/v2\/product_tag?post=10700"}],"curies":[{"name":"wp","href":"https:\/\/api.w.org\/{rel}","templated":true}]}}