{"id":10718,"date":"2026-03-26T09:15:24","date_gmt":"2026-03-26T07:15:24","guid":{"rendered":"https:\/\/adexa.ee\/toode\/kaubanduslik-potipesu-kraanikauss-roostevaba-teras-1-kauss-pritsmekaitse-2-ust-1200mm-sugavus-700mm-adexa-psd120702d\/"},"modified":"2026-03-26T09:15:28","modified_gmt":"2026-03-26T07:15:28","slug":"potipesu-valamu-roostevaba-teras-1-kauss-pritsmekaitse-2-ust-1200mm-sugavus-700mm-adexa-psd120702d","status":"publish","type":"product","link":"https:\/\/adexa.ee\/en\/toode\/potipesu-valamu-roostevaba-teras-1-kauss-pritsmekaitse-2-ust-1200mm-sugavus-700mm-adexa-psd120702d\/","title":{"rendered":"Potipesu Valamu Roostevaba Teras 1 Kauss Pritsmekaitse 2 Ust 1200Mm S\u00fcgavus 700Mm | Adexa Psd120702D"},"content":{"rendered":"<p>See on erakordselt hea hinna ja kvaliteedi suhtega kaubanduslik potipesu kraanikauss. Tugev, kvaliteetne t\u00e4isroostevaba terasest professionaalne kraanikauss vastab toiduainete ja restoranit\u00f6\u00f6stuse k\u00f5rgetele kvaliteedistandarditele. Roostevaba terase konstruktsioon Reguleeritavad jalad 2 liugust Otsavoolu vastane \u00e4\u00e4r Pristmekaitse Lameda pakendiga Suur kraanikausi kauss T\u00e4psema teabe saamiseks vaadake &#8216;Spetsifikatsiooni&#8217; alt.<\/p>\n<table style=\"border-collapse: collapse; width: 100%; text-align: left;\">\n<tbody>\n<tr>\n<td style=\"border: 1px solid #ddd; padding: 8px; width: 45%;\"><strong>S\u00fcgavus<\/strong><\/td>\n<td style=\"border: 1px solid #ddd; padding: 8px;\">700 mm<\/td>\n<\/tr>\n<tr>\n<td style=\"border: 1px solid #ddd; padding: 8px; width: 45%;\"><strong>K\u00f5rgus<\/strong><\/td>\n<td style=\"border: 1px solid #ddd; padding: 8px;\">850 mm (+100 mm)<\/td>\n<\/tr>\n<tr>\n<td style=\"border: 1px solid #ddd; padding: 8px; width: 45%;\"><strong>Laius<\/strong><\/td>\n<td style=\"border: 1px solid #ddd; padding: 8px;\">1200 mm<\/td>\n<\/tr>\n<tr>\n<td style=\"border: 1px solid #ddd; padding: 8px; width: 45%;\"><strong>Kaal<\/strong><\/td>\n<td style=\"border: 1px solid #ddd; padding: 8px;\">45 kg<\/td>\n<\/tr>\n<tr>\n<td style=\"border: 1px solid #ddd; padding: 8px; width: 45%;\"><strong>Garantii<\/strong><\/td>\n<td style=\"border: 1px solid #ddd; padding: 8px;\">12 kuu varuosade garantii<\/td>\n<\/tr>\n<tr>\n<td style=\"border: 1px solid #ddd; padding: 8px; width: 45%;\"><strong>Kokku panemine<\/strong><\/td>\n<td style=\"border: 1px solid #ddd; padding: 8px;\">Lahtiv\u00f5etud<\/td>\n<\/tr>\n<tr>\n<td style=\"border: 1px solid #ddd; padding: 8px; width: 45%;\"><strong>S\u00fcgavus (valamu kauss)<\/strong><\/td>\n<td style=\"border: 1px solid #ddd; padding: 8px;\">500 mm<\/td>\n<\/tr>\n<tr>\n<td style=\"border: 1px solid #ddd; padding: 8px; width: 45%;\"><strong>K\u00f5rgus (valamu kauss)<\/strong><\/td>\n<td style=\"border: 1px solid #ddd; padding: 8px;\">300 mm<\/td>\n<\/tr>\n<tr>\n<td style=\"border: 1px solid #ddd; padding: 8px; width: 45%;\"><strong>Laius (valamu kauss)<\/strong><\/td>\n<td style=\"border: 1px solid #ddd; padding: 8px;\">1060 mm<\/td>\n<\/tr>\n<tr>\n<td style=\"border: 1px solid #ddd; padding: 8px; width: 45%;\"><strong>Kausi asukoht<\/strong><\/td>\n<td style=\"border: 1px solid #ddd; padding: 8px;\">Keskel<\/td>\n<\/tr>\n<tr>\n<td style=\"border: 1px solid #ddd; padding: 8px; width: 45%;\"><strong>Uksed<\/strong><\/td>\n<td style=\"border: 1px solid #ddd; padding: 8px;\">2 l\u00fckandust<\/td>\n<\/tr>\n<tr>\n<td style=\"border: 1px solid #ddd; padding: 8px; width: 45%;\"><strong>Jalad<\/strong><\/td>\n<td style=\"border: 1px solid #ddd; padding: 8px;\">Reguleeritavad jalad<\/td>\n<\/tr>\n<tr>\n<td style=\"border: 1px solid #ddd; padding: 8px; width: 45%;\"><strong>Materjal<\/strong><\/td>\n<td style=\"border: 1px solid #ddd; padding: 8px;\">Roostevaba teras<\/td>\n<\/tr>\n<tr>\n<td style=\"border: 1px solid #ddd; padding: 8px; width: 45%;\"><strong>Pritsekaitse<\/strong><\/td>\n<td style=\"border: 1px solid #ddd; padding: 8px;\">Jah (100mm)<\/td>\n<\/tr>\n<\/tbody>\n<\/table>\n","protected":false},"excerpt":{"rendered":"<p>See on erakordselt hea hinna ja kvaliteedi suhtega kaubanduslik potipesu kraanikauss. Tugev, kvaliteetne t\u00e4isroostevaba terasest professionaalne kraanikauss vastab toiduainete ja<\/p>\n","protected":false},"featured_media":10514,"template":"","meta":[],"product_brand":[],"product_cat":[575,576,572,573],"product_tag":[],"class_list":{"0":"post-10718","1":"product","2":"type-product","3":"status-publish","4":"has-post-thumbnail","6":"product_cat-700-mm-uhe-valamuga","7":"product_cat-potipesu-valamud","8":"product_cat-roostevabad-tooted","9":"product_cat-uhesed-ja-kahesed-valamud","11":"first","12":"instock","13":"sale","14":"taxable","15":"shipping-taxable","16":"purchasable","17":"product-type-simple"},"yoast_head":"<!-- This site is optimized with the Yoast SEO plugin v27.3 - https:\/\/yoast.com\/product\/yoast-seo-wordpress\/ -->\n<title>Potipesu Valamu Roostevaba Teras 1 Kauss Pritsmekaitse 2 Ust 1200Mm S\u00fcgavus 700Mm | Adexa Psd120702D - Adexa \u2013 Suurk\u00f6\u00f6giseadmed restoranidele ja toitlustusele<\/title>\n<meta name=\"robots\" content=\"index, follow, max-snippet:-1, max-image-preview:large, max-video-preview:-1\" \/>\n<link rel=\"canonical\" href=\"https:\/\/adexa.ee\/toode\/potipesu-valamu-roostevaba-teras-1-kauss-pritsmekaitse-2-ust-1200mm-sugavus-700mm-adexa-psd120702d\/\" \/>\n<meta property=\"og:locale\" content=\"en_US\" \/>\n<meta property=\"og:type\" content=\"article\" \/>\n<meta property=\"og:title\" content=\"Potipesu Valamu Roostevaba Teras 1 Kauss Pritsmekaitse 2 Ust 1200Mm S\u00fcgavus 700Mm | Adexa Psd120702D - Adexa \u2013 Suurk\u00f6\u00f6giseadmed restoranidele ja toitlustusele\" \/>\n<meta property=\"og:description\" content=\"See on erakordselt hea hinna ja kvaliteedi suhtega kaubanduslik potipesu kraanikauss. Tugev, kvaliteetne t\u00e4isroostevaba terasest professionaalne kraanikauss vastab toiduainete ja\" \/>\n<meta property=\"og:url\" content=\"https:\/\/adexa.ee\/toode\/potipesu-valamu-roostevaba-teras-1-kauss-pritsmekaitse-2-ust-1200mm-sugavus-700mm-adexa-psd120702d\/\" \/>\n<meta property=\"og:site_name\" content=\"Adexa \u2013 Suurk\u00f6\u00f6giseadmed restoranidele ja toitlustusele\" \/>\n<meta property=\"article:modified_time\" content=\"2026-03-26T07:15:28+00:00\" \/>\n<meta property=\"og:image\" content=\"https:\/\/adexa.ee\/wp-content\/uploads\/2024\/12\/PSD1X0X0D.jpg\" \/>\n\t<meta property=\"og:image:width\" content=\"2000\" \/>\n\t<meta property=\"og:image:height\" content=\"2000\" \/>\n\t<meta property=\"og:image:type\" content=\"image\/jpeg\" \/>\n<meta name=\"twitter:card\" content=\"summary_large_image\" \/>\n<script type=\"application\/ld+json\" class=\"yoast-schema-graph\">{\"@context\":\"https:\\\/\\\/schema.org\",\"@graph\":[{\"@type\":\"WebPage\",\"@id\":\"https:\\\/\\\/adexa.ee\\\/toode\\\/potipesu-valamu-roostevaba-teras-1-kauss-pritsmekaitse-2-ust-1200mm-sugavus-700mm-adexa-psd120702d\\\/\",\"url\":\"https:\\\/\\\/adexa.ee\\\/toode\\\/potipesu-valamu-roostevaba-teras-1-kauss-pritsmekaitse-2-ust-1200mm-sugavus-700mm-adexa-psd120702d\\\/\",\"name\":\"Potipesu Valamu Roostevaba Teras 1 Kauss Pritsmekaitse 2 Ust 1200Mm S\u00fcgavus 700Mm | Adexa Psd120702D - Adexa \u2013 Suurk\u00f6\u00f6giseadmed restoranidele ja toitlustusele\",\"isPartOf\":{\"@id\":\"https:\\\/\\\/adexa.ee\\\/#website\"},\"primaryImageOfPage\":{\"@id\":\"https:\\\/\\\/adexa.ee\\\/toode\\\/potipesu-valamu-roostevaba-teras-1-kauss-pritsmekaitse-2-ust-1200mm-sugavus-700mm-adexa-psd120702d\\\/#primaryimage\"},\"image\":{\"@id\":\"https:\\\/\\\/adexa.ee\\\/toode\\\/potipesu-valamu-roostevaba-teras-1-kauss-pritsmekaitse-2-ust-1200mm-sugavus-700mm-adexa-psd120702d\\\/#primaryimage\"},\"thumbnailUrl\":\"https:\\\/\\\/adexa.ee\\\/wp-content\\\/uploads\\\/2024\\\/12\\\/PSD1X0X0D.jpg\",\"datePublished\":\"2026-03-26T07:15:24+00:00\",\"dateModified\":\"2026-03-26T07:15:28+00:00\",\"breadcrumb\":{\"@id\":\"https:\\\/\\\/adexa.ee\\\/toode\\\/potipesu-valamu-roostevaba-teras-1-kauss-pritsmekaitse-2-ust-1200mm-sugavus-700mm-adexa-psd120702d\\\/#breadcrumb\"},\"inLanguage\":\"en-US\",\"potentialAction\":[{\"@type\":\"ReadAction\",\"target\":[\"https:\\\/\\\/adexa.ee\\\/toode\\\/potipesu-valamu-roostevaba-teras-1-kauss-pritsmekaitse-2-ust-1200mm-sugavus-700mm-adexa-psd120702d\\\/\"]}]},{\"@type\":\"ImageObject\",\"inLanguage\":\"en-US\",\"@id\":\"https:\\\/\\\/adexa.ee\\\/toode\\\/potipesu-valamu-roostevaba-teras-1-kauss-pritsmekaitse-2-ust-1200mm-sugavus-700mm-adexa-psd120702d\\\/#primaryimage\",\"url\":\"https:\\\/\\\/adexa.ee\\\/wp-content\\\/uploads\\\/2024\\\/12\\\/PSD1X0X0D.jpg\",\"contentUrl\":\"https:\\\/\\\/adexa.ee\\\/wp-content\\\/uploads\\\/2024\\\/12\\\/PSD1X0X0D.jpg\",\"width\":2000,\"height\":2000},{\"@type\":\"BreadcrumbList\",\"@id\":\"https:\\\/\\\/adexa.ee\\\/toode\\\/potipesu-valamu-roostevaba-teras-1-kauss-pritsmekaitse-2-ust-1200mm-sugavus-700mm-adexa-psd120702d\\\/#breadcrumb\",\"itemListElement\":[{\"@type\":\"ListItem\",\"position\":1,\"name\":\"Home\",\"item\":\"https:\\\/\\\/adexa.ee\\\/\"},{\"@type\":\"ListItem\",\"position\":2,\"name\":\"Tooted\",\"item\":\"https:\\\/\\\/adexa.ee\\\/pood\\\/\"},{\"@type\":\"ListItem\",\"position\":3,\"name\":\"Potipesu Valamu Roostevaba Teras 1 Kauss Pritsmekaitse 2 Ust 1200Mm S\u00fcgavus 700Mm | Adexa Psd120702D\"}]},{\"@type\":\"WebSite\",\"@id\":\"https:\\\/\\\/adexa.ee\\\/#website\",\"url\":\"https:\\\/\\\/adexa.ee\\\/\",\"name\":\"Adexa\",\"description\":\"\",\"publisher\":{\"@id\":\"https:\\\/\\\/adexa.ee\\\/#organization\"},\"potentialAction\":[{\"@type\":\"SearchAction\",\"target\":{\"@type\":\"EntryPoint\",\"urlTemplate\":\"https:\\\/\\\/adexa.ee\\\/?s={search_term_string}\"},\"query-input\":{\"@type\":\"PropertyValueSpecification\",\"valueRequired\":true,\"valueName\":\"search_term_string\"}}],\"inLanguage\":\"en-US\"},{\"@type\":\"Organization\",\"@id\":\"https:\\\/\\\/adexa.ee\\\/#organization\",\"name\":\"Adexa\",\"url\":\"https:\\\/\\\/adexa.ee\\\/\",\"logo\":{\"@type\":\"ImageObject\",\"inLanguage\":\"en-US\",\"@id\":\"https:\\\/\\\/adexa.ee\\\/#\\\/schema\\\/logo\\\/image\\\/\",\"url\":\"https:\\\/\\\/adexa.ee\\\/wp-content\\\/uploads\\\/2024\\\/04\\\/chef-cooks-working-in-professional-kitchen-2023-11-27-05-07-39-utc-scaled.jpg\",\"contentUrl\":\"https:\\\/\\\/adexa.ee\\\/wp-content\\\/uploads\\\/2024\\\/04\\\/chef-cooks-working-in-professional-kitchen-2023-11-27-05-07-39-utc-scaled.jpg\",\"width\":2560,\"height\":1708,\"caption\":\"Adexa\"},\"image\":{\"@id\":\"https:\\\/\\\/adexa.ee\\\/#\\\/schema\\\/logo\\\/image\\\/\"}}]}<\/script>\n<!-- \/ Yoast SEO plugin. -->","yoast_head_json":{"title":"Potipesu Valamu Roostevaba Teras 1 Kauss Pritsmekaitse 2 Ust 1200Mm S\u00fcgavus 700Mm | Adexa Psd120702D - Adexa \u2013 Suurk\u00f6\u00f6giseadmed restoranidele ja toitlustusele","robots":{"index":"index","follow":"follow","max-snippet":"max-snippet:-1","max-image-preview":"max-image-preview:large","max-video-preview":"max-video-preview:-1"},"canonical":"https:\/\/adexa.ee\/toode\/potipesu-valamu-roostevaba-teras-1-kauss-pritsmekaitse-2-ust-1200mm-sugavus-700mm-adexa-psd120702d\/","og_locale":"en_US","og_type":"article","og_title":"Potipesu Valamu Roostevaba Teras 1 Kauss Pritsmekaitse 2 Ust 1200Mm S\u00fcgavus 700Mm | Adexa Psd120702D - Adexa \u2013 Suurk\u00f6\u00f6giseadmed restoranidele ja toitlustusele","og_description":"See on erakordselt hea hinna ja kvaliteedi suhtega kaubanduslik potipesu kraanikauss. Tugev, kvaliteetne t\u00e4isroostevaba terasest professionaalne kraanikauss vastab toiduainete ja","og_url":"https:\/\/adexa.ee\/toode\/potipesu-valamu-roostevaba-teras-1-kauss-pritsmekaitse-2-ust-1200mm-sugavus-700mm-adexa-psd120702d\/","og_site_name":"Adexa \u2013 Suurk\u00f6\u00f6giseadmed restoranidele ja toitlustusele","article_modified_time":"2026-03-26T07:15:28+00:00","og_image":[{"width":2000,"height":2000,"url":"https:\/\/adexa.ee\/wp-content\/uploads\/2024\/12\/PSD1X0X0D.jpg","type":"image\/jpeg"}],"twitter_card":"summary_large_image","schema":{"@context":"https:\/\/schema.org","@graph":[{"@type":"WebPage","@id":"https:\/\/adexa.ee\/toode\/potipesu-valamu-roostevaba-teras-1-kauss-pritsmekaitse-2-ust-1200mm-sugavus-700mm-adexa-psd120702d\/","url":"https:\/\/adexa.ee\/toode\/potipesu-valamu-roostevaba-teras-1-kauss-pritsmekaitse-2-ust-1200mm-sugavus-700mm-adexa-psd120702d\/","name":"Potipesu Valamu Roostevaba Teras 1 Kauss Pritsmekaitse 2 Ust 1200Mm S\u00fcgavus 700Mm | Adexa Psd120702D - Adexa \u2013 Suurk\u00f6\u00f6giseadmed restoranidele ja toitlustusele","isPartOf":{"@id":"https:\/\/adexa.ee\/#website"},"primaryImageOfPage":{"@id":"https:\/\/adexa.ee\/toode\/potipesu-valamu-roostevaba-teras-1-kauss-pritsmekaitse-2-ust-1200mm-sugavus-700mm-adexa-psd120702d\/#primaryimage"},"image":{"@id":"https:\/\/adexa.ee\/toode\/potipesu-valamu-roostevaba-teras-1-kauss-pritsmekaitse-2-ust-1200mm-sugavus-700mm-adexa-psd120702d\/#primaryimage"},"thumbnailUrl":"https:\/\/adexa.ee\/wp-content\/uploads\/2024\/12\/PSD1X0X0D.jpg","datePublished":"2026-03-26T07:15:24+00:00","dateModified":"2026-03-26T07:15:28+00:00","breadcrumb":{"@id":"https:\/\/adexa.ee\/toode\/potipesu-valamu-roostevaba-teras-1-kauss-pritsmekaitse-2-ust-1200mm-sugavus-700mm-adexa-psd120702d\/#breadcrumb"},"inLanguage":"en-US","potentialAction":[{"@type":"ReadAction","target":["https:\/\/adexa.ee\/toode\/potipesu-valamu-roostevaba-teras-1-kauss-pritsmekaitse-2-ust-1200mm-sugavus-700mm-adexa-psd120702d\/"]}]},{"@type":"ImageObject","inLanguage":"en-US","@id":"https:\/\/adexa.ee\/toode\/potipesu-valamu-roostevaba-teras-1-kauss-pritsmekaitse-2-ust-1200mm-sugavus-700mm-adexa-psd120702d\/#primaryimage","url":"https:\/\/adexa.ee\/wp-content\/uploads\/2024\/12\/PSD1X0X0D.jpg","contentUrl":"https:\/\/adexa.ee\/wp-content\/uploads\/2024\/12\/PSD1X0X0D.jpg","width":2000,"height":2000},{"@type":"BreadcrumbList","@id":"https:\/\/adexa.ee\/toode\/potipesu-valamu-roostevaba-teras-1-kauss-pritsmekaitse-2-ust-1200mm-sugavus-700mm-adexa-psd120702d\/#breadcrumb","itemListElement":[{"@type":"ListItem","position":1,"name":"Home","item":"https:\/\/adexa.ee\/"},{"@type":"ListItem","position":2,"name":"Tooted","item":"https:\/\/adexa.ee\/pood\/"},{"@type":"ListItem","position":3,"name":"Potipesu Valamu Roostevaba Teras 1 Kauss Pritsmekaitse 2 Ust 1200Mm S\u00fcgavus 700Mm | Adexa Psd120702D"}]},{"@type":"WebSite","@id":"https:\/\/adexa.ee\/#website","url":"https:\/\/adexa.ee\/","name":"Adexa","description":"","publisher":{"@id":"https:\/\/adexa.ee\/#organization"},"potentialAction":[{"@type":"SearchAction","target":{"@type":"EntryPoint","urlTemplate":"https:\/\/adexa.ee\/?s={search_term_string}"},"query-input":{"@type":"PropertyValueSpecification","valueRequired":true,"valueName":"search_term_string"}}],"inLanguage":"en-US"},{"@type":"Organization","@id":"https:\/\/adexa.ee\/#organization","name":"Adexa","url":"https:\/\/adexa.ee\/","logo":{"@type":"ImageObject","inLanguage":"en-US","@id":"https:\/\/adexa.ee\/#\/schema\/logo\/image\/","url":"https:\/\/adexa.ee\/wp-content\/uploads\/2024\/04\/chef-cooks-working-in-professional-kitchen-2023-11-27-05-07-39-utc-scaled.jpg","contentUrl":"https:\/\/adexa.ee\/wp-content\/uploads\/2024\/04\/chef-cooks-working-in-professional-kitchen-2023-11-27-05-07-39-utc-scaled.jpg","width":2560,"height":1708,"caption":"Adexa"},"image":{"@id":"https:\/\/adexa.ee\/#\/schema\/logo\/image\/"}}]}},"_links":{"self":[{"href":"https:\/\/adexa.ee\/en\/wp-json\/wp\/v2\/product\/10718","targetHints":{"allow":["GET"]}}],"collection":[{"href":"https:\/\/adexa.ee\/en\/wp-json\/wp\/v2\/product"}],"about":[{"href":"https:\/\/adexa.ee\/en\/wp-json\/wp\/v2\/types\/product"}],"wp:featuredmedia":[{"embeddable":true,"href":"https:\/\/adexa.ee\/en\/wp-json\/wp\/v2\/media\/10514"}],"wp:attachment":[{"href":"https:\/\/adexa.ee\/en\/wp-json\/wp\/v2\/media?parent=10718"}],"wp:term":[{"taxonomy":"product_brand","embeddable":true,"href":"https:\/\/adexa.ee\/en\/wp-json\/wp\/v2\/product_brand?post=10718"},{"taxonomy":"product_cat","embeddable":true,"href":"https:\/\/adexa.ee\/en\/wp-json\/wp\/v2\/product_cat?post=10718"},{"taxonomy":"product_tag","embeddable":true,"href":"https:\/\/adexa.ee\/en\/wp-json\/wp\/v2\/product_tag?post=10718"}],"curies":[{"name":"wp","href":"https:\/\/api.w.org\/{rel}","templated":true}]}}