{"id":10734,"date":"2026-03-26T09:15:24","date_gmt":"2026-03-26T07:15:24","guid":{"rendered":"https:\/\/adexa.ee\/toode\/koogilett-kaardus-esikulg-1500x730x1200mm-2-riiulit-must-alus-led-adexa-gn1500c2black\/"},"modified":"2026-03-26T09:15:31","modified_gmt":"2026-03-26T07:15:31","slug":"vitriinkulmik-kumer-esikulg-1500x730x1200mm-2-riiulit-must-alus-led-adexa-gn1500c2black","status":"publish","type":"product","link":"https:\/\/adexa.ee\/en\/toode\/vitriinkulmik-kumer-esikulg-1500x730x1200mm-2-riiulit-must-alus-led-adexa-gn1500c2black\/","title":{"rendered":"Vitriink\u00fclmik Kumer esik\u00fclg 1500x730x1200mm 2 riiulit Must alus LED | Adexa GN1500C2BLACK"},"content":{"rendered":"<p>Kaubanduslik kondiitritoode vitriinkapp, mis v\u00f5ib toimida pagarileti v\u00f5i professionaalse deli vitriinina v\u00f5i tavalise k\u00fclmikuna. Sobib ideaalselt kookide esitlemiseks enamikes kohvikutes, delides, restoranides, hotellides v\u00f5i kauplustes. Ts\u00fcklopentaani isolatsioon K\u00f5rgekvaliteediline digitaalne termostaat LED valgustus Premium kaubam\u00e4rgi kompressor Varustatud ratastega Kahekordne klaas vaakumiga Konvektsioonjahutus K\u00fclmaaine: R290a (CFC-vaba) Temperatuurivahemik: +2\u00b0C kuni +8\u00b0C Elektri\u00fchendus: 230V \/ 1N \/ 50Hz CE sertifikaat Toodetud vastavalt h\u00fcgieeni- ja ohutusdirektiividele Paigaldatud standardne \u00dcK pistik Dokumendid Kl\u00f5psa siia, et alla laadida kasutusjuhend<\/p>\n<table style=\"border-collapse: collapse; width: 100%; text-align: left;\">\n<tbody>\n<tr>\n<td style=\"border: 1px solid #ddd; padding: 8px; width: 45%;\"><strong>S\u00fcgavus<\/strong><\/td>\n<td style=\"border: 1px solid #ddd; padding: 8px;\">730 mm<\/td>\n<\/tr>\n<tr>\n<td style=\"border: 1px solid #ddd; padding: 8px; width: 45%;\"><strong>K\u00f5rgus<\/strong><\/td>\n<td style=\"border: 1px solid #ddd; padding: 8px;\">1200 mm<\/td>\n<\/tr>\n<tr>\n<td style=\"border: 1px solid #ddd; padding: 8px; width: 45%;\"><strong>Laius<\/strong><\/td>\n<td style=\"border: 1px solid #ddd; padding: 8px;\">1500 mm<\/td>\n<\/tr>\n<tr>\n<td style=\"border: 1px solid #ddd; padding: 8px; width: 45%;\"><strong>Kaal<\/strong><\/td>\n<td style=\"border: 1px solid #ddd; padding: 8px;\">195 kg<\/td>\n<\/tr>\n<tr>\n<td style=\"border: 1px solid #ddd; padding: 8px; width: 45%;\"><strong>Garantii<\/strong><\/td>\n<td style=\"border: 1px solid #ddd; padding: 8px;\">12 kuu varuosade garantii<\/td>\n<\/tr>\n<tr>\n<td style=\"border: 1px solid #ddd; padding: 8px; width: 45%;\"><strong>Toiteallikas<\/strong><\/td>\n<td style=\"border: 1px solid #ddd; padding: 8px;\">230V \/ 1 faas<\/td>\n<\/tr>\n<tr>\n<td style=\"border: 1px solid #ddd; padding: 8px; width: 45%;\"><strong>Rullikud<\/strong><\/td>\n<td style=\"border: 1px solid #ddd; padding: 8px;\">Jah<\/td>\n<\/tr>\n<tr>\n<td style=\"border: 1px solid #ddd; padding: 8px; width: 45%;\"><strong>Materjal<\/strong><\/td>\n<td style=\"border: 1px solid #ddd; padding: 8px;\">Roostevaba teras &#038; karastatud klaas<\/td>\n<\/tr>\n<tr>\n<td style=\"border: 1px solid #ddd; padding: 8px; width: 45%;\"><strong>V\u00e4rv<\/strong><\/td>\n<td style=\"border: 1px solid #ddd; padding: 8px;\">Must<\/td>\n<\/tr>\n<tr>\n<td style=\"border: 1px solid #ddd; padding: 8px; width: 45%;\"><strong>Sulatamine<\/strong><\/td>\n<td style=\"border: 1px solid #ddd; padding: 8px;\">Automaatne<\/td>\n<\/tr>\n<tr>\n<td style=\"border: 1px solid #ddd; padding: 8px; width: 45%;\"><strong>Temperatuur<\/strong><\/td>\n<td style=\"border: 1px solid #ddd; padding: 8px;\">+2 \u00b0C kuni +8 \u00b0C<\/td>\n<\/tr>\n<tr>\n<td style=\"border: 1px solid #ddd; padding: 8px; width: 45%;\"><strong>Siseisolatsioon<\/strong><\/td>\n<td style=\"border: 1px solid #ddd; padding: 8px;\">Ts\u00fcklopentaan 60mm<\/td>\n<\/tr>\n<tr>\n<td style=\"border: 1px solid #ddd; padding: 8px; width: 45%;\"><strong>Maht<\/strong><\/td>\n<td style=\"border: 1px solid #ddd; padding: 8px;\">650 liitrit<\/td>\n<\/tr>\n<\/tbody>\n<\/table>\n","protected":false},"excerpt":{"rendered":"<p>Kaubanduslik kondiitritoode vitriinkapp, mis v\u00f5ib toimida pagarileti v\u00f5i professionaalse deli vitriinina v\u00f5i tavalise k\u00fclmikuna. Sobib ideaalselt kookide esitlemiseks enamikes kohvikutes,<\/p>\n","protected":false},"featured_media":10063,"template":"","meta":[],"product_brand":[],"product_cat":[564,578],"product_tag":[],"class_list":{"0":"post-10734","1":"product","2":"type-product","3":"status-publish","4":"has-post-thumbnail","6":"product_cat-jahutusseadmed","7":"product_cat-kookide-ja-kondiitritoodete-vitriinid","9":"first","10":"instock","11":"sale","12":"taxable","13":"shipping-taxable","14":"purchasable","15":"product-type-simple"},"yoast_head":"<!-- This site is optimized with the Yoast SEO plugin v27.3 - https:\/\/yoast.com\/product\/yoast-seo-wordpress\/ -->\n<title>Vitriink\u00fclmik Kumer esik\u00fclg 1500x730x1200mm 2 riiulit Must alus LED | Adexa GN1500C2BLACK - Adexa \u2013 Suurk\u00f6\u00f6giseadmed restoranidele ja toitlustusele<\/title>\n<meta name=\"robots\" content=\"index, follow, max-snippet:-1, max-image-preview:large, max-video-preview:-1\" \/>\n<link rel=\"canonical\" href=\"https:\/\/adexa.ee\/toode\/vitriinkulmik-kumer-esikulg-1500x730x1200mm-2-riiulit-must-alus-led-adexa-gn1500c2black\/\" \/>\n<meta property=\"og:locale\" content=\"en_US\" \/>\n<meta property=\"og:type\" content=\"article\" \/>\n<meta property=\"og:title\" content=\"Vitriink\u00fclmik Kumer esik\u00fclg 1500x730x1200mm 2 riiulit Must alus LED | Adexa GN1500C2BLACK - Adexa \u2013 Suurk\u00f6\u00f6giseadmed restoranidele ja toitlustusele\" \/>\n<meta property=\"og:description\" content=\"Kaubanduslik kondiitritoode vitriinkapp, mis v\u00f5ib toimida pagarileti v\u00f5i professionaalse deli vitriinina v\u00f5i tavalise k\u00fclmikuna. Sobib ideaalselt kookide esitlemiseks enamikes kohvikutes,\" \/>\n<meta property=\"og:url\" content=\"https:\/\/adexa.ee\/toode\/vitriinkulmik-kumer-esikulg-1500x730x1200mm-2-riiulit-must-alus-led-adexa-gn1500c2black\/\" \/>\n<meta property=\"og:site_name\" content=\"Adexa \u2013 Suurk\u00f6\u00f6giseadmed restoranidele ja toitlustusele\" \/>\n<meta property=\"article:modified_time\" content=\"2026-03-26T07:15:31+00:00\" \/>\n<meta property=\"og:image\" content=\"https:\/\/adexa.ee\/wp-content\/uploads\/2024\/12\/RF2C.jpg\" \/>\n\t<meta property=\"og:image:width\" content=\"2000\" \/>\n\t<meta property=\"og:image:height\" content=\"2000\" \/>\n\t<meta property=\"og:image:type\" content=\"image\/jpeg\" \/>\n<meta name=\"twitter:card\" content=\"summary_large_image\" \/>\n<meta name=\"twitter:label1\" content=\"Est. reading time\" \/>\n\t<meta name=\"twitter:data1\" content=\"1 minute\" \/>\n<script type=\"application\/ld+json\" class=\"yoast-schema-graph\">{\"@context\":\"https:\\\/\\\/schema.org\",\"@graph\":[{\"@type\":\"WebPage\",\"@id\":\"https:\\\/\\\/adexa.ee\\\/toode\\\/vitriinkulmik-kumer-esikulg-1500x730x1200mm-2-riiulit-must-alus-led-adexa-gn1500c2black\\\/\",\"url\":\"https:\\\/\\\/adexa.ee\\\/toode\\\/vitriinkulmik-kumer-esikulg-1500x730x1200mm-2-riiulit-must-alus-led-adexa-gn1500c2black\\\/\",\"name\":\"Vitriink\u00fclmik Kumer esik\u00fclg 1500x730x1200mm 2 riiulit Must alus LED | Adexa GN1500C2BLACK - Adexa \u2013 Suurk\u00f6\u00f6giseadmed restoranidele ja toitlustusele\",\"isPartOf\":{\"@id\":\"https:\\\/\\\/adexa.ee\\\/#website\"},\"primaryImageOfPage\":{\"@id\":\"https:\\\/\\\/adexa.ee\\\/toode\\\/vitriinkulmik-kumer-esikulg-1500x730x1200mm-2-riiulit-must-alus-led-adexa-gn1500c2black\\\/#primaryimage\"},\"image\":{\"@id\":\"https:\\\/\\\/adexa.ee\\\/toode\\\/vitriinkulmik-kumer-esikulg-1500x730x1200mm-2-riiulit-must-alus-led-adexa-gn1500c2black\\\/#primaryimage\"},\"thumbnailUrl\":\"https:\\\/\\\/adexa.ee\\\/wp-content\\\/uploads\\\/2024\\\/12\\\/RF2C.jpg\",\"datePublished\":\"2026-03-26T07:15:24+00:00\",\"dateModified\":\"2026-03-26T07:15:31+00:00\",\"breadcrumb\":{\"@id\":\"https:\\\/\\\/adexa.ee\\\/toode\\\/vitriinkulmik-kumer-esikulg-1500x730x1200mm-2-riiulit-must-alus-led-adexa-gn1500c2black\\\/#breadcrumb\"},\"inLanguage\":\"en-US\",\"potentialAction\":[{\"@type\":\"ReadAction\",\"target\":[\"https:\\\/\\\/adexa.ee\\\/toode\\\/vitriinkulmik-kumer-esikulg-1500x730x1200mm-2-riiulit-must-alus-led-adexa-gn1500c2black\\\/\"]}]},{\"@type\":\"ImageObject\",\"inLanguage\":\"en-US\",\"@id\":\"https:\\\/\\\/adexa.ee\\\/toode\\\/vitriinkulmik-kumer-esikulg-1500x730x1200mm-2-riiulit-must-alus-led-adexa-gn1500c2black\\\/#primaryimage\",\"url\":\"https:\\\/\\\/adexa.ee\\\/wp-content\\\/uploads\\\/2024\\\/12\\\/RF2C.jpg\",\"contentUrl\":\"https:\\\/\\\/adexa.ee\\\/wp-content\\\/uploads\\\/2024\\\/12\\\/RF2C.jpg\",\"width\":2000,\"height\":2000},{\"@type\":\"BreadcrumbList\",\"@id\":\"https:\\\/\\\/adexa.ee\\\/toode\\\/vitriinkulmik-kumer-esikulg-1500x730x1200mm-2-riiulit-must-alus-led-adexa-gn1500c2black\\\/#breadcrumb\",\"itemListElement\":[{\"@type\":\"ListItem\",\"position\":1,\"name\":\"Home\",\"item\":\"https:\\\/\\\/adexa.ee\\\/\"},{\"@type\":\"ListItem\",\"position\":2,\"name\":\"Tooted\",\"item\":\"https:\\\/\\\/adexa.ee\\\/pood\\\/\"},{\"@type\":\"ListItem\",\"position\":3,\"name\":\"Vitriink\u00fclmik Kumer esik\u00fclg 1500x730x1200mm 2 riiulit Must alus LED | Adexa GN1500C2BLACK\"}]},{\"@type\":\"WebSite\",\"@id\":\"https:\\\/\\\/adexa.ee\\\/#website\",\"url\":\"https:\\\/\\\/adexa.ee\\\/\",\"name\":\"Adexa\",\"description\":\"\",\"publisher\":{\"@id\":\"https:\\\/\\\/adexa.ee\\\/#organization\"},\"potentialAction\":[{\"@type\":\"SearchAction\",\"target\":{\"@type\":\"EntryPoint\",\"urlTemplate\":\"https:\\\/\\\/adexa.ee\\\/?s={search_term_string}\"},\"query-input\":{\"@type\":\"PropertyValueSpecification\",\"valueRequired\":true,\"valueName\":\"search_term_string\"}}],\"inLanguage\":\"en-US\"},{\"@type\":\"Organization\",\"@id\":\"https:\\\/\\\/adexa.ee\\\/#organization\",\"name\":\"Adexa\",\"url\":\"https:\\\/\\\/adexa.ee\\\/\",\"logo\":{\"@type\":\"ImageObject\",\"inLanguage\":\"en-US\",\"@id\":\"https:\\\/\\\/adexa.ee\\\/#\\\/schema\\\/logo\\\/image\\\/\",\"url\":\"https:\\\/\\\/adexa.ee\\\/wp-content\\\/uploads\\\/2024\\\/04\\\/chef-cooks-working-in-professional-kitchen-2023-11-27-05-07-39-utc-scaled.jpg\",\"contentUrl\":\"https:\\\/\\\/adexa.ee\\\/wp-content\\\/uploads\\\/2024\\\/04\\\/chef-cooks-working-in-professional-kitchen-2023-11-27-05-07-39-utc-scaled.jpg\",\"width\":2560,\"height\":1708,\"caption\":\"Adexa\"},\"image\":{\"@id\":\"https:\\\/\\\/adexa.ee\\\/#\\\/schema\\\/logo\\\/image\\\/\"}}]}<\/script>\n<!-- \/ Yoast SEO plugin. -->","yoast_head_json":{"title":"Vitriink\u00fclmik Kumer esik\u00fclg 1500x730x1200mm 2 riiulit Must alus LED | Adexa GN1500C2BLACK - Adexa \u2013 Suurk\u00f6\u00f6giseadmed restoranidele ja toitlustusele","robots":{"index":"index","follow":"follow","max-snippet":"max-snippet:-1","max-image-preview":"max-image-preview:large","max-video-preview":"max-video-preview:-1"},"canonical":"https:\/\/adexa.ee\/toode\/vitriinkulmik-kumer-esikulg-1500x730x1200mm-2-riiulit-must-alus-led-adexa-gn1500c2black\/","og_locale":"en_US","og_type":"article","og_title":"Vitriink\u00fclmik Kumer esik\u00fclg 1500x730x1200mm 2 riiulit Must alus LED | Adexa GN1500C2BLACK - Adexa \u2013 Suurk\u00f6\u00f6giseadmed restoranidele ja toitlustusele","og_description":"Kaubanduslik kondiitritoode vitriinkapp, mis v\u00f5ib toimida pagarileti v\u00f5i professionaalse deli vitriinina v\u00f5i tavalise k\u00fclmikuna. Sobib ideaalselt kookide esitlemiseks enamikes kohvikutes,","og_url":"https:\/\/adexa.ee\/toode\/vitriinkulmik-kumer-esikulg-1500x730x1200mm-2-riiulit-must-alus-led-adexa-gn1500c2black\/","og_site_name":"Adexa \u2013 Suurk\u00f6\u00f6giseadmed restoranidele ja toitlustusele","article_modified_time":"2026-03-26T07:15:31+00:00","og_image":[{"width":2000,"height":2000,"url":"https:\/\/adexa.ee\/wp-content\/uploads\/2024\/12\/RF2C.jpg","type":"image\/jpeg"}],"twitter_card":"summary_large_image","twitter_misc":{"Est. reading time":"1 minute"},"schema":{"@context":"https:\/\/schema.org","@graph":[{"@type":"WebPage","@id":"https:\/\/adexa.ee\/toode\/vitriinkulmik-kumer-esikulg-1500x730x1200mm-2-riiulit-must-alus-led-adexa-gn1500c2black\/","url":"https:\/\/adexa.ee\/toode\/vitriinkulmik-kumer-esikulg-1500x730x1200mm-2-riiulit-must-alus-led-adexa-gn1500c2black\/","name":"Vitriink\u00fclmik Kumer esik\u00fclg 1500x730x1200mm 2 riiulit Must alus LED | Adexa GN1500C2BLACK - Adexa \u2013 Suurk\u00f6\u00f6giseadmed restoranidele ja toitlustusele","isPartOf":{"@id":"https:\/\/adexa.ee\/#website"},"primaryImageOfPage":{"@id":"https:\/\/adexa.ee\/toode\/vitriinkulmik-kumer-esikulg-1500x730x1200mm-2-riiulit-must-alus-led-adexa-gn1500c2black\/#primaryimage"},"image":{"@id":"https:\/\/adexa.ee\/toode\/vitriinkulmik-kumer-esikulg-1500x730x1200mm-2-riiulit-must-alus-led-adexa-gn1500c2black\/#primaryimage"},"thumbnailUrl":"https:\/\/adexa.ee\/wp-content\/uploads\/2024\/12\/RF2C.jpg","datePublished":"2026-03-26T07:15:24+00:00","dateModified":"2026-03-26T07:15:31+00:00","breadcrumb":{"@id":"https:\/\/adexa.ee\/toode\/vitriinkulmik-kumer-esikulg-1500x730x1200mm-2-riiulit-must-alus-led-adexa-gn1500c2black\/#breadcrumb"},"inLanguage":"en-US","potentialAction":[{"@type":"ReadAction","target":["https:\/\/adexa.ee\/toode\/vitriinkulmik-kumer-esikulg-1500x730x1200mm-2-riiulit-must-alus-led-adexa-gn1500c2black\/"]}]},{"@type":"ImageObject","inLanguage":"en-US","@id":"https:\/\/adexa.ee\/toode\/vitriinkulmik-kumer-esikulg-1500x730x1200mm-2-riiulit-must-alus-led-adexa-gn1500c2black\/#primaryimage","url":"https:\/\/adexa.ee\/wp-content\/uploads\/2024\/12\/RF2C.jpg","contentUrl":"https:\/\/adexa.ee\/wp-content\/uploads\/2024\/12\/RF2C.jpg","width":2000,"height":2000},{"@type":"BreadcrumbList","@id":"https:\/\/adexa.ee\/toode\/vitriinkulmik-kumer-esikulg-1500x730x1200mm-2-riiulit-must-alus-led-adexa-gn1500c2black\/#breadcrumb","itemListElement":[{"@type":"ListItem","position":1,"name":"Home","item":"https:\/\/adexa.ee\/"},{"@type":"ListItem","position":2,"name":"Tooted","item":"https:\/\/adexa.ee\/pood\/"},{"@type":"ListItem","position":3,"name":"Vitriink\u00fclmik Kumer esik\u00fclg 1500x730x1200mm 2 riiulit Must alus LED | Adexa GN1500C2BLACK"}]},{"@type":"WebSite","@id":"https:\/\/adexa.ee\/#website","url":"https:\/\/adexa.ee\/","name":"Adexa","description":"","publisher":{"@id":"https:\/\/adexa.ee\/#organization"},"potentialAction":[{"@type":"SearchAction","target":{"@type":"EntryPoint","urlTemplate":"https:\/\/adexa.ee\/?s={search_term_string}"},"query-input":{"@type":"PropertyValueSpecification","valueRequired":true,"valueName":"search_term_string"}}],"inLanguage":"en-US"},{"@type":"Organization","@id":"https:\/\/adexa.ee\/#organization","name":"Adexa","url":"https:\/\/adexa.ee\/","logo":{"@type":"ImageObject","inLanguage":"en-US","@id":"https:\/\/adexa.ee\/#\/schema\/logo\/image\/","url":"https:\/\/adexa.ee\/wp-content\/uploads\/2024\/04\/chef-cooks-working-in-professional-kitchen-2023-11-27-05-07-39-utc-scaled.jpg","contentUrl":"https:\/\/adexa.ee\/wp-content\/uploads\/2024\/04\/chef-cooks-working-in-professional-kitchen-2023-11-27-05-07-39-utc-scaled.jpg","width":2560,"height":1708,"caption":"Adexa"},"image":{"@id":"https:\/\/adexa.ee\/#\/schema\/logo\/image\/"}}]}},"_links":{"self":[{"href":"https:\/\/adexa.ee\/en\/wp-json\/wp\/v2\/product\/10734","targetHints":{"allow":["GET"]}}],"collection":[{"href":"https:\/\/adexa.ee\/en\/wp-json\/wp\/v2\/product"}],"about":[{"href":"https:\/\/adexa.ee\/en\/wp-json\/wp\/v2\/types\/product"}],"wp:featuredmedia":[{"embeddable":true,"href":"https:\/\/adexa.ee\/en\/wp-json\/wp\/v2\/media\/10063"}],"wp:attachment":[{"href":"https:\/\/adexa.ee\/en\/wp-json\/wp\/v2\/media?parent=10734"}],"wp:term":[{"taxonomy":"product_brand","embeddable":true,"href":"https:\/\/adexa.ee\/en\/wp-json\/wp\/v2\/product_brand?post=10734"},{"taxonomy":"product_cat","embeddable":true,"href":"https:\/\/adexa.ee\/en\/wp-json\/wp\/v2\/product_cat?post=10734"},{"taxonomy":"product_tag","embeddable":true,"href":"https:\/\/adexa.ee\/en\/wp-json\/wp\/v2\/product_tag?post=10734"}],"curies":[{"name":"wp","href":"https:\/\/api.w.org\/{rel}","templated":true}]}}