{"id":10791,"date":"2026-03-31T08:35:22","date_gmt":"2026-03-31T05:35:22","guid":{"rendered":"https:\/\/adexa.ee\/toode\/roostevabast-terasest-gastronoomne-kandik-perforeeritud-gn-1-2-sugavus-150mm-adexa-8126p\/"},"modified":"2026-03-31T08:35:23","modified_gmt":"2026-03-31T05:35:23","slug":"roostevabast-terasest-gn-nou-perforeeritud-gn-1-2-sugavus-150mm-adexa-8126p","status":"publish","type":"product","link":"https:\/\/adexa.ee\/en\/toode\/roostevabast-terasest-gn-nou-perforeeritud-gn-1-2-sugavus-150mm-adexa-8126p\/","title":{"rendered":"Roostevabast terasest GN n\u00f5u perforeeritud GN 1\/2 s\u00fcgavus 150mm | Adexa 8126P"},"content":{"rendered":"<p>Valmistatud k\u00f5rgekvaliteedilisest roostevabast terasest, need professionaalsed gastronoomilised kandikud on h\u00e4davajalik lisa igale restoranik\u00f6\u00f6gile. \u00dcksikasjaliku teabe leiate jaotusest &#8220;Spetsifikatsioon&#8221;.<\/p>\n<table style=\"border-collapse: collapse; width: 100%; text-align: left;\">\n<tbody>\n<tr>\n<td style=\"border: 1px solid #ddd; padding: 8px; width: 45%;\"><strong>S\u00fcgavus<\/strong><\/td>\n<td style=\"border: 1px solid #ddd; padding: 8px;\">265 mm<\/td>\n<\/tr>\n<tr>\n<td style=\"border: 1px solid #ddd; padding: 8px; width: 45%;\"><strong>K\u00f5rgus<\/strong><\/td>\n<td style=\"border: 1px solid #ddd; padding: 8px;\">150 mm<\/td>\n<\/tr>\n<tr>\n<td style=\"border: 1px solid #ddd; padding: 8px; width: 45%;\"><strong>Laius<\/strong><\/td>\n<td style=\"border: 1px solid #ddd; padding: 8px;\">325 mm<\/td>\n<\/tr>\n<tr>\n<td style=\"border: 1px solid #ddd; padding: 8px; width: 45%;\"><strong>Materjal<\/strong><\/td>\n<td style=\"border: 1px solid #ddd; padding: 8px;\">Roostevaba teras<\/td>\n<\/tr>\n<\/tbody>\n<\/table>\n","protected":false},"excerpt":{"rendered":"<p>Valmistatud k\u00f5rgekvaliteedilisest roostevabast terasest, need professionaalsed gastronoomilised kandikud on h\u00e4davajalik lisa igale restoranik\u00f6\u00f6gile. \u00dcksikasjaliku teabe leiate jaotusest &#8220;Spetsifikatsioon&#8221;. S\u00fcgavus 265<\/p>\n","protected":false},"featured_media":10793,"template":"","meta":[],"product_brand":[],"product_cat":[3813,599,600,585,759,579,601,602],"product_tag":[],"class_list":{"0":"post-10791","1":"product","2":"type-product","3":"status-publish","4":"has-post-thumbnail","6":"product_cat-roostevabast-terasest-gn-noud-ja-anumad","7":"product_cat-ahjud","8":"product_cat-ahjurestid-ja-ahjuplaadid","9":"product_cat-gn-noud","10":"product_cat-gn-noud-perforeeritud","11":"product_cat-koogitarbed-noud","12":"product_cat-roostevabast-terasest-gn-noud","13":"product_cat-roostevabast-terasest-gn-konteinerid-ja-potid","15":"first","16":"instock","17":"sale","18":"taxable","19":"shipping-taxable","20":"purchasable","21":"product-type-simple"},"yoast_head":"<!-- This site is optimized with the Yoast SEO plugin v27.3 - https:\/\/yoast.com\/product\/yoast-seo-wordpress\/ -->\n<title>Roostevabast terasest GN n\u00f5u perforeeritud GN 1\/2 s\u00fcgavus 150mm | Adexa 8126P - Adexa \u2013 Suurk\u00f6\u00f6giseadmed restoranidele ja toitlustusele<\/title>\n<meta name=\"robots\" content=\"index, follow, max-snippet:-1, max-image-preview:large, max-video-preview:-1\" \/>\n<link rel=\"canonical\" href=\"https:\/\/adexa.ee\/toode\/roostevabast-terasest-gn-nou-perforeeritud-gn-1-2-sugavus-150mm-adexa-8126p\/\" \/>\n<meta property=\"og:locale\" content=\"en_US\" \/>\n<meta property=\"og:type\" content=\"article\" \/>\n<meta property=\"og:title\" content=\"Roostevabast terasest GN n\u00f5u perforeeritud GN 1\/2 s\u00fcgavus 150mm | Adexa 8126P - Adexa \u2013 Suurk\u00f6\u00f6giseadmed restoranidele ja toitlustusele\" \/>\n<meta property=\"og:description\" content=\"Valmistatud k\u00f5rgekvaliteedilisest roostevabast terasest, need professionaalsed gastronoomilised kandikud on h\u00e4davajalik lisa igale restoranik\u00f6\u00f6gile. \u00dcksikasjaliku teabe leiate jaotusest &#8220;Spetsifikatsioon&#8221;. S\u00fcgavus 265\" \/>\n<meta property=\"og:url\" content=\"https:\/\/adexa.ee\/toode\/roostevabast-terasest-gn-nou-perforeeritud-gn-1-2-sugavus-150mm-adexa-8126p\/\" \/>\n<meta property=\"og:site_name\" content=\"Adexa \u2013 Suurk\u00f6\u00f6giseadmed restoranidele ja toitlustusele\" \/>\n<meta property=\"article:modified_time\" content=\"2026-03-31T05:35:23+00:00\" \/>\n<meta property=\"og:image\" content=\"https:\/\/adexa.ee\/wp-content\/uploads\/2024\/12\/812P-.jpg\" \/>\n\t<meta property=\"og:image:width\" content=\"2000\" \/>\n\t<meta property=\"og:image:height\" content=\"2000\" \/>\n\t<meta property=\"og:image:type\" content=\"image\/jpeg\" \/>\n<meta name=\"twitter:card\" content=\"summary_large_image\" \/>\n<script type=\"application\/ld+json\" class=\"yoast-schema-graph\">{\"@context\":\"https:\\\/\\\/schema.org\",\"@graph\":[{\"@type\":\"WebPage\",\"@id\":\"https:\\\/\\\/adexa.ee\\\/toode\\\/roostevabast-terasest-gn-nou-perforeeritud-gn-1-2-sugavus-150mm-adexa-8126p\\\/\",\"url\":\"https:\\\/\\\/adexa.ee\\\/toode\\\/roostevabast-terasest-gn-nou-perforeeritud-gn-1-2-sugavus-150mm-adexa-8126p\\\/\",\"name\":\"Roostevabast terasest GN n\u00f5u perforeeritud GN 1\\\/2 s\u00fcgavus 150mm | Adexa 8126P - Adexa \u2013 Suurk\u00f6\u00f6giseadmed restoranidele ja toitlustusele\",\"isPartOf\":{\"@id\":\"https:\\\/\\\/adexa.ee\\\/#website\"},\"primaryImageOfPage\":{\"@id\":\"https:\\\/\\\/adexa.ee\\\/toode\\\/roostevabast-terasest-gn-nou-perforeeritud-gn-1-2-sugavus-150mm-adexa-8126p\\\/#primaryimage\"},\"image\":{\"@id\":\"https:\\\/\\\/adexa.ee\\\/toode\\\/roostevabast-terasest-gn-nou-perforeeritud-gn-1-2-sugavus-150mm-adexa-8126p\\\/#primaryimage\"},\"thumbnailUrl\":\"https:\\\/\\\/adexa.ee\\\/wp-content\\\/uploads\\\/2024\\\/12\\\/812P-.jpg\",\"datePublished\":\"2026-03-31T05:35:22+00:00\",\"dateModified\":\"2026-03-31T05:35:23+00:00\",\"breadcrumb\":{\"@id\":\"https:\\\/\\\/adexa.ee\\\/toode\\\/roostevabast-terasest-gn-nou-perforeeritud-gn-1-2-sugavus-150mm-adexa-8126p\\\/#breadcrumb\"},\"inLanguage\":\"en-US\",\"potentialAction\":[{\"@type\":\"ReadAction\",\"target\":[\"https:\\\/\\\/adexa.ee\\\/toode\\\/roostevabast-terasest-gn-nou-perforeeritud-gn-1-2-sugavus-150mm-adexa-8126p\\\/\"]}]},{\"@type\":\"ImageObject\",\"inLanguage\":\"en-US\",\"@id\":\"https:\\\/\\\/adexa.ee\\\/toode\\\/roostevabast-terasest-gn-nou-perforeeritud-gn-1-2-sugavus-150mm-adexa-8126p\\\/#primaryimage\",\"url\":\"https:\\\/\\\/adexa.ee\\\/wp-content\\\/uploads\\\/2024\\\/12\\\/812P-.jpg\",\"contentUrl\":\"https:\\\/\\\/adexa.ee\\\/wp-content\\\/uploads\\\/2024\\\/12\\\/812P-.jpg\",\"width\":2000,\"height\":2000},{\"@type\":\"BreadcrumbList\",\"@id\":\"https:\\\/\\\/adexa.ee\\\/toode\\\/roostevabast-terasest-gn-nou-perforeeritud-gn-1-2-sugavus-150mm-adexa-8126p\\\/#breadcrumb\",\"itemListElement\":[{\"@type\":\"ListItem\",\"position\":1,\"name\":\"Home\",\"item\":\"https:\\\/\\\/adexa.ee\\\/\"},{\"@type\":\"ListItem\",\"position\":2,\"name\":\"Tooted\",\"item\":\"https:\\\/\\\/adexa.ee\\\/pood\\\/\"},{\"@type\":\"ListItem\",\"position\":3,\"name\":\"Roostevabast terasest GN n\u00f5u perforeeritud GN 1\\\/2 s\u00fcgavus 150mm | Adexa 8126P\"}]},{\"@type\":\"WebSite\",\"@id\":\"https:\\\/\\\/adexa.ee\\\/#website\",\"url\":\"https:\\\/\\\/adexa.ee\\\/\",\"name\":\"Adexa\",\"description\":\"\",\"publisher\":{\"@id\":\"https:\\\/\\\/adexa.ee\\\/#organization\"},\"potentialAction\":[{\"@type\":\"SearchAction\",\"target\":{\"@type\":\"EntryPoint\",\"urlTemplate\":\"https:\\\/\\\/adexa.ee\\\/?s={search_term_string}\"},\"query-input\":{\"@type\":\"PropertyValueSpecification\",\"valueRequired\":true,\"valueName\":\"search_term_string\"}}],\"inLanguage\":\"en-US\"},{\"@type\":\"Organization\",\"@id\":\"https:\\\/\\\/adexa.ee\\\/#organization\",\"name\":\"Adexa\",\"url\":\"https:\\\/\\\/adexa.ee\\\/\",\"logo\":{\"@type\":\"ImageObject\",\"inLanguage\":\"en-US\",\"@id\":\"https:\\\/\\\/adexa.ee\\\/#\\\/schema\\\/logo\\\/image\\\/\",\"url\":\"https:\\\/\\\/adexa.ee\\\/wp-content\\\/uploads\\\/2024\\\/04\\\/chef-cooks-working-in-professional-kitchen-2023-11-27-05-07-39-utc-scaled.jpg\",\"contentUrl\":\"https:\\\/\\\/adexa.ee\\\/wp-content\\\/uploads\\\/2024\\\/04\\\/chef-cooks-working-in-professional-kitchen-2023-11-27-05-07-39-utc-scaled.jpg\",\"width\":2560,\"height\":1708,\"caption\":\"Adexa\"},\"image\":{\"@id\":\"https:\\\/\\\/adexa.ee\\\/#\\\/schema\\\/logo\\\/image\\\/\"}}]}<\/script>\n<!-- \/ Yoast SEO plugin. -->","yoast_head_json":{"title":"Roostevabast terasest GN n\u00f5u perforeeritud GN 1\/2 s\u00fcgavus 150mm | Adexa 8126P - Adexa \u2013 Suurk\u00f6\u00f6giseadmed restoranidele ja toitlustusele","robots":{"index":"index","follow":"follow","max-snippet":"max-snippet:-1","max-image-preview":"max-image-preview:large","max-video-preview":"max-video-preview:-1"},"canonical":"https:\/\/adexa.ee\/toode\/roostevabast-terasest-gn-nou-perforeeritud-gn-1-2-sugavus-150mm-adexa-8126p\/","og_locale":"en_US","og_type":"article","og_title":"Roostevabast terasest GN n\u00f5u perforeeritud GN 1\/2 s\u00fcgavus 150mm | Adexa 8126P - Adexa \u2013 Suurk\u00f6\u00f6giseadmed restoranidele ja toitlustusele","og_description":"Valmistatud k\u00f5rgekvaliteedilisest roostevabast terasest, need professionaalsed gastronoomilised kandikud on h\u00e4davajalik lisa igale restoranik\u00f6\u00f6gile. \u00dcksikasjaliku teabe leiate jaotusest &#8220;Spetsifikatsioon&#8221;. S\u00fcgavus 265","og_url":"https:\/\/adexa.ee\/toode\/roostevabast-terasest-gn-nou-perforeeritud-gn-1-2-sugavus-150mm-adexa-8126p\/","og_site_name":"Adexa \u2013 Suurk\u00f6\u00f6giseadmed restoranidele ja toitlustusele","article_modified_time":"2026-03-31T05:35:23+00:00","og_image":[{"width":2000,"height":2000,"url":"https:\/\/adexa.ee\/wp-content\/uploads\/2024\/12\/812P-.jpg","type":"image\/jpeg"}],"twitter_card":"summary_large_image","schema":{"@context":"https:\/\/schema.org","@graph":[{"@type":"WebPage","@id":"https:\/\/adexa.ee\/toode\/roostevabast-terasest-gn-nou-perforeeritud-gn-1-2-sugavus-150mm-adexa-8126p\/","url":"https:\/\/adexa.ee\/toode\/roostevabast-terasest-gn-nou-perforeeritud-gn-1-2-sugavus-150mm-adexa-8126p\/","name":"Roostevabast terasest GN n\u00f5u perforeeritud GN 1\/2 s\u00fcgavus 150mm | Adexa 8126P - Adexa \u2013 Suurk\u00f6\u00f6giseadmed restoranidele ja toitlustusele","isPartOf":{"@id":"https:\/\/adexa.ee\/#website"},"primaryImageOfPage":{"@id":"https:\/\/adexa.ee\/toode\/roostevabast-terasest-gn-nou-perforeeritud-gn-1-2-sugavus-150mm-adexa-8126p\/#primaryimage"},"image":{"@id":"https:\/\/adexa.ee\/toode\/roostevabast-terasest-gn-nou-perforeeritud-gn-1-2-sugavus-150mm-adexa-8126p\/#primaryimage"},"thumbnailUrl":"https:\/\/adexa.ee\/wp-content\/uploads\/2024\/12\/812P-.jpg","datePublished":"2026-03-31T05:35:22+00:00","dateModified":"2026-03-31T05:35:23+00:00","breadcrumb":{"@id":"https:\/\/adexa.ee\/toode\/roostevabast-terasest-gn-nou-perforeeritud-gn-1-2-sugavus-150mm-adexa-8126p\/#breadcrumb"},"inLanguage":"en-US","potentialAction":[{"@type":"ReadAction","target":["https:\/\/adexa.ee\/toode\/roostevabast-terasest-gn-nou-perforeeritud-gn-1-2-sugavus-150mm-adexa-8126p\/"]}]},{"@type":"ImageObject","inLanguage":"en-US","@id":"https:\/\/adexa.ee\/toode\/roostevabast-terasest-gn-nou-perforeeritud-gn-1-2-sugavus-150mm-adexa-8126p\/#primaryimage","url":"https:\/\/adexa.ee\/wp-content\/uploads\/2024\/12\/812P-.jpg","contentUrl":"https:\/\/adexa.ee\/wp-content\/uploads\/2024\/12\/812P-.jpg","width":2000,"height":2000},{"@type":"BreadcrumbList","@id":"https:\/\/adexa.ee\/toode\/roostevabast-terasest-gn-nou-perforeeritud-gn-1-2-sugavus-150mm-adexa-8126p\/#breadcrumb","itemListElement":[{"@type":"ListItem","position":1,"name":"Home","item":"https:\/\/adexa.ee\/"},{"@type":"ListItem","position":2,"name":"Tooted","item":"https:\/\/adexa.ee\/pood\/"},{"@type":"ListItem","position":3,"name":"Roostevabast terasest GN n\u00f5u perforeeritud GN 1\/2 s\u00fcgavus 150mm | Adexa 8126P"}]},{"@type":"WebSite","@id":"https:\/\/adexa.ee\/#website","url":"https:\/\/adexa.ee\/","name":"Adexa","description":"","publisher":{"@id":"https:\/\/adexa.ee\/#organization"},"potentialAction":[{"@type":"SearchAction","target":{"@type":"EntryPoint","urlTemplate":"https:\/\/adexa.ee\/?s={search_term_string}"},"query-input":{"@type":"PropertyValueSpecification","valueRequired":true,"valueName":"search_term_string"}}],"inLanguage":"en-US"},{"@type":"Organization","@id":"https:\/\/adexa.ee\/#organization","name":"Adexa","url":"https:\/\/adexa.ee\/","logo":{"@type":"ImageObject","inLanguage":"en-US","@id":"https:\/\/adexa.ee\/#\/schema\/logo\/image\/","url":"https:\/\/adexa.ee\/wp-content\/uploads\/2024\/04\/chef-cooks-working-in-professional-kitchen-2023-11-27-05-07-39-utc-scaled.jpg","contentUrl":"https:\/\/adexa.ee\/wp-content\/uploads\/2024\/04\/chef-cooks-working-in-professional-kitchen-2023-11-27-05-07-39-utc-scaled.jpg","width":2560,"height":1708,"caption":"Adexa"},"image":{"@id":"https:\/\/adexa.ee\/#\/schema\/logo\/image\/"}}]}},"_links":{"self":[{"href":"https:\/\/adexa.ee\/en\/wp-json\/wp\/v2\/product\/10791","targetHints":{"allow":["GET"]}}],"collection":[{"href":"https:\/\/adexa.ee\/en\/wp-json\/wp\/v2\/product"}],"about":[{"href":"https:\/\/adexa.ee\/en\/wp-json\/wp\/v2\/types\/product"}],"wp:featuredmedia":[{"embeddable":true,"href":"https:\/\/adexa.ee\/en\/wp-json\/wp\/v2\/media\/10793"}],"wp:attachment":[{"href":"https:\/\/adexa.ee\/en\/wp-json\/wp\/v2\/media?parent=10791"}],"wp:term":[{"taxonomy":"product_brand","embeddable":true,"href":"https:\/\/adexa.ee\/en\/wp-json\/wp\/v2\/product_brand?post=10791"},{"taxonomy":"product_cat","embeddable":true,"href":"https:\/\/adexa.ee\/en\/wp-json\/wp\/v2\/product_cat?post=10791"},{"taxonomy":"product_tag","embeddable":true,"href":"https:\/\/adexa.ee\/en\/wp-json\/wp\/v2\/product_tag?post=10791"}],"curies":[{"name":"wp","href":"https:\/\/api.w.org\/{rel}","templated":true}]}}