{"id":10833,"date":"2026-03-26T09:15:35","date_gmt":"2026-03-26T07:15:35","guid":{"rendered":"https:\/\/adexa.ee\/toode\/kokkupandav-roostevabast-terasest-toolaua-adexa-fw41876150\/"},"modified":"2026-03-26T09:15:41","modified_gmt":"2026-03-26T07:15:41","slug":"kokkupandav-roostevabast-terasest-toolaud-adexa-fw41876150","status":"publish","type":"product","link":"https:\/\/adexa.ee\/en\/toode\/kokkupandav-roostevabast-terasest-toolaud-adexa-fw41876150\/","title":{"rendered":"Kokkupandav Roostevabast Terasest T\u00f6\u00f6laud | Adexa FW41876150"},"content":{"rendered":"<p>1800x600x850 mm | See kommertskasutuseks m\u00f5eldud kindel kokkupandav laud on v\u00f5rdselt mugav nii alalise k\u00f6\u00f6gisisustusena kui ka v\u00e4litingimustes toitlustamiseks, pakkudes lisaruumi teie buffet&#8217;ide jaoks v\u00f5i toidu valmistamiseks. Valmistatud k\u00f5rgekvaliteedilisest 304 ja 201 roostevabast terasest (jalad), need vastupidavad lauad pakuvad usaldusv\u00e4\u00e4rset kaasaskantavat pinda, mis on tugev ja lihtne puhastada. Tugevad, vastupidavad ja praktilised lauad, kui peate oma t\u00f6\u00f6pinna endaga kaasa v\u00f5tma. Kaasaskantavad ja lihtsad paigaldada, kasutamiseks k\u00f6\u00f6gi osana v\u00f5i lisaserveerimisruumina. Suurep\u00e4rased toiduvalmistamislaudade loomiseks k\u00f6\u00f6gis v\u00f5i lisaruumi jaoks serveerimisel. T\u00e4psema teabe saamiseks vaadake &#8216;Spetsifikatsioonide&#8217; all.<\/p>\n<table style=\"border-collapse: collapse; width: 100%; text-align: left;\">\n<tbody>\n<tr>\n<td style=\"border: 1px solid #ddd; padding: 8px; width: 45%;\"><strong>S\u00fcgavus<\/strong><\/td>\n<td style=\"border: 1px solid #ddd; padding: 8px;\">600 mm<\/td>\n<\/tr>\n<tr>\n<td style=\"border: 1px solid #ddd; padding: 8px; width: 45%;\"><strong>K\u00f5rgus<\/strong><\/td>\n<td style=\"border: 1px solid #ddd; padding: 8px;\">850 mm<\/td>\n<\/tr>\n<tr>\n<td style=\"border: 1px solid #ddd; padding: 8px; width: 45%;\"><strong>Laius<\/strong><\/td>\n<td style=\"border: 1px solid #ddd; padding: 8px;\">1800 mm<\/td>\n<\/tr>\n<tr>\n<td style=\"border: 1px solid #ddd; padding: 8px; width: 45%;\"><strong>Kaal<\/strong><\/td>\n<td style=\"border: 1px solid #ddd; padding: 8px;\">21 kg<\/td>\n<\/tr>\n<tr>\n<td style=\"border: 1px solid #ddd; padding: 8px; width: 45%;\"><strong>Garantii<\/strong><\/td>\n<td style=\"border: 1px solid #ddd; padding: 8px;\">12 kuu varuosade garantii<\/td>\n<\/tr>\n<tr>\n<td style=\"border: 1px solid #ddd; padding: 8px; width: 45%;\"><strong>Materjal<\/strong><\/td>\n<td style=\"border: 1px solid #ddd; padding: 8px;\">Roostevaba teras<\/td>\n<\/tr>\n<\/tbody>\n<\/table>\n","protected":false},"excerpt":{"rendered":"<p>1800x600x850 mm | See kommertskasutuseks m\u00f5eldud kindel kokkupandav laud on v\u00f5rdselt mugav nii alalise k\u00f6\u00f6gisisustusena kui ka v\u00e4litingimustes toitlustamiseks, pakkudes<\/p>\n","protected":false},"featured_media":10835,"template":"","meta":[],"product_brand":[],"product_cat":[692,572,592],"product_tag":[],"class_list":{"0":"post-10833","1":"product","2":"type-product","3":"status-publish","4":"has-post-thumbnail","6":"product_cat-kokkupandavad-toolauad","7":"product_cat-roostevabad-tooted","8":"product_cat-toolauad","10":"first","11":"instock","12":"sale","13":"taxable","14":"shipping-taxable","15":"purchasable","16":"product-type-simple"},"yoast_head":"<!-- This site is optimized with the Yoast SEO plugin v27.3 - https:\/\/yoast.com\/product\/yoast-seo-wordpress\/ -->\n<title>Kokkupandav Roostevabast Terasest T\u00f6\u00f6laud | Adexa FW41876150 - Adexa \u2013 Suurk\u00f6\u00f6giseadmed restoranidele ja toitlustusele<\/title>\n<meta name=\"robots\" content=\"index, follow, max-snippet:-1, max-image-preview:large, max-video-preview:-1\" \/>\n<link rel=\"canonical\" href=\"https:\/\/adexa.ee\/toode\/kokkupandav-roostevabast-terasest-toolaud-adexa-fw41876150\/\" \/>\n<meta property=\"og:locale\" content=\"en_US\" \/>\n<meta property=\"og:type\" content=\"article\" \/>\n<meta property=\"og:title\" content=\"Kokkupandav Roostevabast Terasest T\u00f6\u00f6laud | Adexa FW41876150 - Adexa \u2013 Suurk\u00f6\u00f6giseadmed restoranidele ja toitlustusele\" \/>\n<meta property=\"og:description\" content=\"1800x600x850 mm | See kommertskasutuseks m\u00f5eldud kindel kokkupandav laud on v\u00f5rdselt mugav nii alalise k\u00f6\u00f6gisisustusena kui ka v\u00e4litingimustes toitlustamiseks, pakkudes\" \/>\n<meta property=\"og:url\" content=\"https:\/\/adexa.ee\/toode\/kokkupandav-roostevabast-terasest-toolaud-adexa-fw41876150\/\" \/>\n<meta property=\"og:site_name\" content=\"Adexa \u2013 Suurk\u00f6\u00f6giseadmed restoranidele ja toitlustusele\" \/>\n<meta property=\"article:modified_time\" content=\"2026-03-26T07:15:41+00:00\" \/>\n<meta property=\"og:image\" content=\"https:\/\/adexa.ee\/wp-content\/uploads\/2024\/12\/FW41876.jpg\" \/>\n\t<meta property=\"og:image:width\" content=\"1200\" \/>\n\t<meta property=\"og:image:height\" content=\"1200\" \/>\n\t<meta property=\"og:image:type\" content=\"image\/jpeg\" \/>\n<meta name=\"twitter:card\" content=\"summary_large_image\" \/>\n<meta name=\"twitter:label1\" content=\"Est. reading time\" \/>\n\t<meta name=\"twitter:data1\" content=\"1 minute\" \/>\n<script type=\"application\/ld+json\" class=\"yoast-schema-graph\">{\"@context\":\"https:\\\/\\\/schema.org\",\"@graph\":[{\"@type\":\"WebPage\",\"@id\":\"https:\\\/\\\/adexa.ee\\\/toode\\\/kokkupandav-roostevabast-terasest-toolaud-adexa-fw41876150\\\/\",\"url\":\"https:\\\/\\\/adexa.ee\\\/toode\\\/kokkupandav-roostevabast-terasest-toolaud-adexa-fw41876150\\\/\",\"name\":\"Kokkupandav Roostevabast Terasest T\u00f6\u00f6laud | Adexa FW41876150 - Adexa \u2013 Suurk\u00f6\u00f6giseadmed restoranidele ja toitlustusele\",\"isPartOf\":{\"@id\":\"https:\\\/\\\/adexa.ee\\\/#website\"},\"primaryImageOfPage\":{\"@id\":\"https:\\\/\\\/adexa.ee\\\/toode\\\/kokkupandav-roostevabast-terasest-toolaud-adexa-fw41876150\\\/#primaryimage\"},\"image\":{\"@id\":\"https:\\\/\\\/adexa.ee\\\/toode\\\/kokkupandav-roostevabast-terasest-toolaud-adexa-fw41876150\\\/#primaryimage\"},\"thumbnailUrl\":\"https:\\\/\\\/adexa.ee\\\/wp-content\\\/uploads\\\/2024\\\/12\\\/FW41876.jpg\",\"datePublished\":\"2026-03-26T07:15:35+00:00\",\"dateModified\":\"2026-03-26T07:15:41+00:00\",\"breadcrumb\":{\"@id\":\"https:\\\/\\\/adexa.ee\\\/toode\\\/kokkupandav-roostevabast-terasest-toolaud-adexa-fw41876150\\\/#breadcrumb\"},\"inLanguage\":\"en-US\",\"potentialAction\":[{\"@type\":\"ReadAction\",\"target\":[\"https:\\\/\\\/adexa.ee\\\/toode\\\/kokkupandav-roostevabast-terasest-toolaud-adexa-fw41876150\\\/\"]}]},{\"@type\":\"ImageObject\",\"inLanguage\":\"en-US\",\"@id\":\"https:\\\/\\\/adexa.ee\\\/toode\\\/kokkupandav-roostevabast-terasest-toolaud-adexa-fw41876150\\\/#primaryimage\",\"url\":\"https:\\\/\\\/adexa.ee\\\/wp-content\\\/uploads\\\/2024\\\/12\\\/FW41876.jpg\",\"contentUrl\":\"https:\\\/\\\/adexa.ee\\\/wp-content\\\/uploads\\\/2024\\\/12\\\/FW41876.jpg\",\"width\":1200,\"height\":1200},{\"@type\":\"BreadcrumbList\",\"@id\":\"https:\\\/\\\/adexa.ee\\\/toode\\\/kokkupandav-roostevabast-terasest-toolaud-adexa-fw41876150\\\/#breadcrumb\",\"itemListElement\":[{\"@type\":\"ListItem\",\"position\":1,\"name\":\"Home\",\"item\":\"https:\\\/\\\/adexa.ee\\\/\"},{\"@type\":\"ListItem\",\"position\":2,\"name\":\"Tooted\",\"item\":\"https:\\\/\\\/adexa.ee\\\/pood\\\/\"},{\"@type\":\"ListItem\",\"position\":3,\"name\":\"Kokkupandav Roostevabast Terasest T\u00f6\u00f6laud | Adexa FW41876150\"}]},{\"@type\":\"WebSite\",\"@id\":\"https:\\\/\\\/adexa.ee\\\/#website\",\"url\":\"https:\\\/\\\/adexa.ee\\\/\",\"name\":\"Adexa\",\"description\":\"\",\"publisher\":{\"@id\":\"https:\\\/\\\/adexa.ee\\\/#organization\"},\"potentialAction\":[{\"@type\":\"SearchAction\",\"target\":{\"@type\":\"EntryPoint\",\"urlTemplate\":\"https:\\\/\\\/adexa.ee\\\/?s={search_term_string}\"},\"query-input\":{\"@type\":\"PropertyValueSpecification\",\"valueRequired\":true,\"valueName\":\"search_term_string\"}}],\"inLanguage\":\"en-US\"},{\"@type\":\"Organization\",\"@id\":\"https:\\\/\\\/adexa.ee\\\/#organization\",\"name\":\"Adexa\",\"url\":\"https:\\\/\\\/adexa.ee\\\/\",\"logo\":{\"@type\":\"ImageObject\",\"inLanguage\":\"en-US\",\"@id\":\"https:\\\/\\\/adexa.ee\\\/#\\\/schema\\\/logo\\\/image\\\/\",\"url\":\"https:\\\/\\\/adexa.ee\\\/wp-content\\\/uploads\\\/2024\\\/04\\\/chef-cooks-working-in-professional-kitchen-2023-11-27-05-07-39-utc-scaled.jpg\",\"contentUrl\":\"https:\\\/\\\/adexa.ee\\\/wp-content\\\/uploads\\\/2024\\\/04\\\/chef-cooks-working-in-professional-kitchen-2023-11-27-05-07-39-utc-scaled.jpg\",\"width\":2560,\"height\":1708,\"caption\":\"Adexa\"},\"image\":{\"@id\":\"https:\\\/\\\/adexa.ee\\\/#\\\/schema\\\/logo\\\/image\\\/\"}}]}<\/script>\n<!-- \/ Yoast SEO plugin. -->","yoast_head_json":{"title":"Kokkupandav Roostevabast Terasest T\u00f6\u00f6laud | Adexa FW41876150 - Adexa \u2013 Suurk\u00f6\u00f6giseadmed restoranidele ja toitlustusele","robots":{"index":"index","follow":"follow","max-snippet":"max-snippet:-1","max-image-preview":"max-image-preview:large","max-video-preview":"max-video-preview:-1"},"canonical":"https:\/\/adexa.ee\/toode\/kokkupandav-roostevabast-terasest-toolaud-adexa-fw41876150\/","og_locale":"en_US","og_type":"article","og_title":"Kokkupandav Roostevabast Terasest T\u00f6\u00f6laud | Adexa FW41876150 - Adexa \u2013 Suurk\u00f6\u00f6giseadmed restoranidele ja toitlustusele","og_description":"1800x600x850 mm | See kommertskasutuseks m\u00f5eldud kindel kokkupandav laud on v\u00f5rdselt mugav nii alalise k\u00f6\u00f6gisisustusena kui ka v\u00e4litingimustes toitlustamiseks, pakkudes","og_url":"https:\/\/adexa.ee\/toode\/kokkupandav-roostevabast-terasest-toolaud-adexa-fw41876150\/","og_site_name":"Adexa \u2013 Suurk\u00f6\u00f6giseadmed restoranidele ja toitlustusele","article_modified_time":"2026-03-26T07:15:41+00:00","og_image":[{"width":1200,"height":1200,"url":"https:\/\/adexa.ee\/wp-content\/uploads\/2024\/12\/FW41876.jpg","type":"image\/jpeg"}],"twitter_card":"summary_large_image","twitter_misc":{"Est. reading time":"1 minute"},"schema":{"@context":"https:\/\/schema.org","@graph":[{"@type":"WebPage","@id":"https:\/\/adexa.ee\/toode\/kokkupandav-roostevabast-terasest-toolaud-adexa-fw41876150\/","url":"https:\/\/adexa.ee\/toode\/kokkupandav-roostevabast-terasest-toolaud-adexa-fw41876150\/","name":"Kokkupandav Roostevabast Terasest T\u00f6\u00f6laud | Adexa FW41876150 - Adexa \u2013 Suurk\u00f6\u00f6giseadmed restoranidele ja toitlustusele","isPartOf":{"@id":"https:\/\/adexa.ee\/#website"},"primaryImageOfPage":{"@id":"https:\/\/adexa.ee\/toode\/kokkupandav-roostevabast-terasest-toolaud-adexa-fw41876150\/#primaryimage"},"image":{"@id":"https:\/\/adexa.ee\/toode\/kokkupandav-roostevabast-terasest-toolaud-adexa-fw41876150\/#primaryimage"},"thumbnailUrl":"https:\/\/adexa.ee\/wp-content\/uploads\/2024\/12\/FW41876.jpg","datePublished":"2026-03-26T07:15:35+00:00","dateModified":"2026-03-26T07:15:41+00:00","breadcrumb":{"@id":"https:\/\/adexa.ee\/toode\/kokkupandav-roostevabast-terasest-toolaud-adexa-fw41876150\/#breadcrumb"},"inLanguage":"en-US","potentialAction":[{"@type":"ReadAction","target":["https:\/\/adexa.ee\/toode\/kokkupandav-roostevabast-terasest-toolaud-adexa-fw41876150\/"]}]},{"@type":"ImageObject","inLanguage":"en-US","@id":"https:\/\/adexa.ee\/toode\/kokkupandav-roostevabast-terasest-toolaud-adexa-fw41876150\/#primaryimage","url":"https:\/\/adexa.ee\/wp-content\/uploads\/2024\/12\/FW41876.jpg","contentUrl":"https:\/\/adexa.ee\/wp-content\/uploads\/2024\/12\/FW41876.jpg","width":1200,"height":1200},{"@type":"BreadcrumbList","@id":"https:\/\/adexa.ee\/toode\/kokkupandav-roostevabast-terasest-toolaud-adexa-fw41876150\/#breadcrumb","itemListElement":[{"@type":"ListItem","position":1,"name":"Home","item":"https:\/\/adexa.ee\/"},{"@type":"ListItem","position":2,"name":"Tooted","item":"https:\/\/adexa.ee\/pood\/"},{"@type":"ListItem","position":3,"name":"Kokkupandav Roostevabast Terasest T\u00f6\u00f6laud | Adexa FW41876150"}]},{"@type":"WebSite","@id":"https:\/\/adexa.ee\/#website","url":"https:\/\/adexa.ee\/","name":"Adexa","description":"","publisher":{"@id":"https:\/\/adexa.ee\/#organization"},"potentialAction":[{"@type":"SearchAction","target":{"@type":"EntryPoint","urlTemplate":"https:\/\/adexa.ee\/?s={search_term_string}"},"query-input":{"@type":"PropertyValueSpecification","valueRequired":true,"valueName":"search_term_string"}}],"inLanguage":"en-US"},{"@type":"Organization","@id":"https:\/\/adexa.ee\/#organization","name":"Adexa","url":"https:\/\/adexa.ee\/","logo":{"@type":"ImageObject","inLanguage":"en-US","@id":"https:\/\/adexa.ee\/#\/schema\/logo\/image\/","url":"https:\/\/adexa.ee\/wp-content\/uploads\/2024\/04\/chef-cooks-working-in-professional-kitchen-2023-11-27-05-07-39-utc-scaled.jpg","contentUrl":"https:\/\/adexa.ee\/wp-content\/uploads\/2024\/04\/chef-cooks-working-in-professional-kitchen-2023-11-27-05-07-39-utc-scaled.jpg","width":2560,"height":1708,"caption":"Adexa"},"image":{"@id":"https:\/\/adexa.ee\/#\/schema\/logo\/image\/"}}]}},"_links":{"self":[{"href":"https:\/\/adexa.ee\/en\/wp-json\/wp\/v2\/product\/10833","targetHints":{"allow":["GET"]}}],"collection":[{"href":"https:\/\/adexa.ee\/en\/wp-json\/wp\/v2\/product"}],"about":[{"href":"https:\/\/adexa.ee\/en\/wp-json\/wp\/v2\/types\/product"}],"wp:featuredmedia":[{"embeddable":true,"href":"https:\/\/adexa.ee\/en\/wp-json\/wp\/v2\/media\/10835"}],"wp:attachment":[{"href":"https:\/\/adexa.ee\/en\/wp-json\/wp\/v2\/media?parent=10833"}],"wp:term":[{"taxonomy":"product_brand","embeddable":true,"href":"https:\/\/adexa.ee\/en\/wp-json\/wp\/v2\/product_brand?post=10833"},{"taxonomy":"product_cat","embeddable":true,"href":"https:\/\/adexa.ee\/en\/wp-json\/wp\/v2\/product_cat?post=10833"},{"taxonomy":"product_tag","embeddable":true,"href":"https:\/\/adexa.ee\/en\/wp-json\/wp\/v2\/product_tag?post=10833"}],"curies":[{"name":"wp","href":"https:\/\/api.w.org\/{rel}","templated":true}]}}