{"id":10845,"date":"2026-03-26T09:15:35","date_gmt":"2026-03-26T07:15:35","guid":{"rendered":"https:\/\/adexa.ee\/toode\/laadimislaua-vasak-pool-1400x650x850-mm-kraanikausiga-jaatmeavaga-pritsmekaitsega-roostevaba-teras-adexa-dwitc1465r\/"},"modified":"2026-03-26T09:15:42","modified_gmt":"2026-03-26T07:15:42","slug":"laadimislaua-vasak-pool-1400x650x850-mm-kraanikausiga-jaatmeavaga-pritsmekaitsega-roostevaba-teras-adexa-dwitc1465r","status":"publish","type":"product","link":"https:\/\/adexa.ee\/en\/toode\/laadimislaua-vasak-pool-1400x650x850-mm-kraanikausiga-jaatmeavaga-pritsmekaitsega-roostevaba-teras-adexa-dwitc1465r\/","title":{"rendered":"Laadimislaua vasak pool 1400x650x850 mm Kraanikausiga J\u00e4\u00e4tmeavaga Pritsmekaitsega Roostevaba teras | Adexa DWITC1465R"},"content":{"rendered":"<p>See laadimis-\/mustade n\u00f5ude laud pakub teie n\u00f5udepesujaamas sobiva koha mustade n\u00f5ude hoidmiseks enne nende pesuts\u00fckli l\u00e4bimist. Samuti sobib see ideaalselt n\u00f5ude eel loputamiseks enne nende pesumasinasse saatmist. T\u00e4iuslik lahendus restoranidele, kohvikutele ja hotellidele! \u00dcksikasjaliku teabe leiate alapealkirjast &#8216;Spetsifikatsioon&#8217;.<\/p>\n<table style=\"border-collapse: collapse; width: 100%; text-align: left;\">\n<tbody>\n<tr>\n<td style=\"border: 1px solid #ddd; padding: 8px; width: 45%;\"><strong>S\u00fcgavus<\/strong><\/td>\n<td style=\"border: 1px solid #ddd; padding: 8px;\">650 mm<\/td>\n<\/tr>\n<tr>\n<td style=\"border: 1px solid #ddd; padding: 8px; width: 45%;\"><strong>K\u00f5rgus<\/strong><\/td>\n<td style=\"border: 1px solid #ddd; padding: 8px;\">850 mm<\/td>\n<\/tr>\n<tr>\n<td style=\"border: 1px solid #ddd; padding: 8px; width: 45%;\"><strong>Laius<\/strong><\/td>\n<td style=\"border: 1px solid #ddd; padding: 8px;\">1400 mm<\/td>\n<\/tr>\n<tr>\n<td style=\"border: 1px solid #ddd; padding: 8px; width: 45%;\"><strong>Kaal<\/strong><\/td>\n<td style=\"border: 1px solid #ddd; padding: 8px;\">15 kg<\/td>\n<\/tr>\n<tr>\n<td style=\"border: 1px solid #ddd; padding: 8px; width: 45%;\"><strong>Garantii<\/strong><\/td>\n<td style=\"border: 1px solid #ddd; padding: 8px;\">12 kuu varuosade garantii<\/td>\n<\/tr>\n<tr>\n<td style=\"border: 1px solid #ddd; padding: 8px; width: 45%;\"><strong>Materjal<\/strong><\/td>\n<td style=\"border: 1px solid #ddd; padding: 8px;\">Roostevaba teras<\/td>\n<\/tr>\n<tr>\n<td style=\"border: 1px solid #ddd; padding: 8px; width: 45%;\"><strong>Pritsekaitse<\/strong><\/td>\n<td style=\"border: 1px solid #ddd; padding: 8px;\">Jah<\/td>\n<\/tr>\n<tr>\n<td style=\"border: 1px solid #ddd; padding: 8px; width: 45%;\"><strong>L\u00e4bim\u00f5\u00f5t<\/strong><\/td>\n<td style=\"border: 1px solid #ddd; padding: 8px;\">3,5&#8221; \/ 89mm (drenaa\u017eiauk)<\/td>\n<\/tr>\n<tr>\n<td style=\"border: 1px solid #ddd; padding: 8px; width: 45%;\"><strong>M\u00f5\u00f5tmed (kauss)<\/strong><\/td>\n<td style=\"border: 1px solid #ddd; padding: 8px;\">400x400x250 mm ja j\u00e4\u00e4tmeava<\/td>\n<\/tr>\n<\/tbody>\n<\/table>\n","protected":false},"excerpt":{"rendered":"<p>See laadimis-\/mustade n\u00f5ude laud pakub teie n\u00f5udepesujaamas sobiva koha mustade n\u00f5ude hoidmiseks enne nende pesuts\u00fckli l\u00e4bimist. Samuti sobib see ideaalselt<\/p>\n","protected":false},"featured_media":10847,"template":"","meta":[],"product_brand":[],"product_cat":[709,609,708,572,660],"product_tag":[],"class_list":{"0":"post-10845","1":"product","2":"type-product","3":"status-publish","4":"has-post-thumbnail","6":"product_cat-lauad-labipesuga-noudepesumasinatele","7":"product_cat-noudepesu","8":"product_cat-noudepesumasina-lauad","9":"product_cat-roostevabad-tooted","10":"product_cat-valamud-noudepesumasinatele","12":"first","13":"instock","14":"sale","15":"taxable","16":"shipping-taxable","17":"purchasable","18":"product-type-simple"},"yoast_head":"<!-- This site is optimized with the Yoast SEO plugin v27.3 - https:\/\/yoast.com\/product\/yoast-seo-wordpress\/ -->\n<title>Laadimislaua vasak pool 1400x650x850 mm Kraanikausiga J\u00e4\u00e4tmeavaga Pritsmekaitsega Roostevaba teras | Adexa DWITC1465R - Adexa \u2013 Suurk\u00f6\u00f6giseadmed restoranidele ja toitlustusele<\/title>\n<meta name=\"robots\" content=\"index, follow, max-snippet:-1, max-image-preview:large, max-video-preview:-1\" \/>\n<link rel=\"canonical\" href=\"https:\/\/adexa.ee\/toode\/laadimislaua-vasak-pool-1400x650x850-mm-kraanikausiga-jaatmeavaga-pritsmekaitsega-roostevaba-teras-adexa-dwitc1465r\/\" \/>\n<meta property=\"og:locale\" content=\"en_US\" \/>\n<meta property=\"og:type\" content=\"article\" \/>\n<meta property=\"og:title\" content=\"Laadimislaua vasak pool 1400x650x850 mm Kraanikausiga J\u00e4\u00e4tmeavaga Pritsmekaitsega Roostevaba teras | Adexa DWITC1465R - Adexa \u2013 Suurk\u00f6\u00f6giseadmed restoranidele ja toitlustusele\" \/>\n<meta property=\"og:description\" content=\"See laadimis-\/mustade n\u00f5ude laud pakub teie n\u00f5udepesujaamas sobiva koha mustade n\u00f5ude hoidmiseks enne nende pesuts\u00fckli l\u00e4bimist. Samuti sobib see ideaalselt\" \/>\n<meta property=\"og:url\" content=\"https:\/\/adexa.ee\/toode\/laadimislaua-vasak-pool-1400x650x850-mm-kraanikausiga-jaatmeavaga-pritsmekaitsega-roostevaba-teras-adexa-dwitc1465r\/\" \/>\n<meta property=\"og:site_name\" content=\"Adexa \u2013 Suurk\u00f6\u00f6giseadmed restoranidele ja toitlustusele\" \/>\n<meta property=\"article:modified_time\" content=\"2026-03-26T07:15:42+00:00\" \/>\n<meta property=\"og:image\" content=\"https:\/\/adexa.ee\/wp-content\/uploads\/2024\/12\/DWITC1465L.jpg\" \/>\n\t<meta property=\"og:image:width\" content=\"1304\" \/>\n\t<meta property=\"og:image:height\" content=\"1304\" \/>\n\t<meta property=\"og:image:type\" content=\"image\/jpeg\" \/>\n<meta name=\"twitter:card\" content=\"summary_large_image\" \/>\n<script type=\"application\/ld+json\" class=\"yoast-schema-graph\">{\"@context\":\"https:\\\/\\\/schema.org\",\"@graph\":[{\"@type\":\"WebPage\",\"@id\":\"https:\\\/\\\/adexa.ee\\\/toode\\\/laadimislaua-vasak-pool-1400x650x850-mm-kraanikausiga-jaatmeavaga-pritsmekaitsega-roostevaba-teras-adexa-dwitc1465r\\\/\",\"url\":\"https:\\\/\\\/adexa.ee\\\/toode\\\/laadimislaua-vasak-pool-1400x650x850-mm-kraanikausiga-jaatmeavaga-pritsmekaitsega-roostevaba-teras-adexa-dwitc1465r\\\/\",\"name\":\"Laadimislaua vasak pool 1400x650x850 mm Kraanikausiga J\u00e4\u00e4tmeavaga Pritsmekaitsega Roostevaba teras | Adexa DWITC1465R - Adexa \u2013 Suurk\u00f6\u00f6giseadmed restoranidele ja toitlustusele\",\"isPartOf\":{\"@id\":\"https:\\\/\\\/adexa.ee\\\/#website\"},\"primaryImageOfPage\":{\"@id\":\"https:\\\/\\\/adexa.ee\\\/toode\\\/laadimislaua-vasak-pool-1400x650x850-mm-kraanikausiga-jaatmeavaga-pritsmekaitsega-roostevaba-teras-adexa-dwitc1465r\\\/#primaryimage\"},\"image\":{\"@id\":\"https:\\\/\\\/adexa.ee\\\/toode\\\/laadimislaua-vasak-pool-1400x650x850-mm-kraanikausiga-jaatmeavaga-pritsmekaitsega-roostevaba-teras-adexa-dwitc1465r\\\/#primaryimage\"},\"thumbnailUrl\":\"https:\\\/\\\/adexa.ee\\\/wp-content\\\/uploads\\\/2024\\\/12\\\/DWITC1465L.jpg\",\"datePublished\":\"2026-03-26T07:15:35+00:00\",\"dateModified\":\"2026-03-26T07:15:42+00:00\",\"breadcrumb\":{\"@id\":\"https:\\\/\\\/adexa.ee\\\/toode\\\/laadimislaua-vasak-pool-1400x650x850-mm-kraanikausiga-jaatmeavaga-pritsmekaitsega-roostevaba-teras-adexa-dwitc1465r\\\/#breadcrumb\"},\"inLanguage\":\"en-US\",\"potentialAction\":[{\"@type\":\"ReadAction\",\"target\":[\"https:\\\/\\\/adexa.ee\\\/toode\\\/laadimislaua-vasak-pool-1400x650x850-mm-kraanikausiga-jaatmeavaga-pritsmekaitsega-roostevaba-teras-adexa-dwitc1465r\\\/\"]}]},{\"@type\":\"ImageObject\",\"inLanguage\":\"en-US\",\"@id\":\"https:\\\/\\\/adexa.ee\\\/toode\\\/laadimislaua-vasak-pool-1400x650x850-mm-kraanikausiga-jaatmeavaga-pritsmekaitsega-roostevaba-teras-adexa-dwitc1465r\\\/#primaryimage\",\"url\":\"https:\\\/\\\/adexa.ee\\\/wp-content\\\/uploads\\\/2024\\\/12\\\/DWITC1465L.jpg\",\"contentUrl\":\"https:\\\/\\\/adexa.ee\\\/wp-content\\\/uploads\\\/2024\\\/12\\\/DWITC1465L.jpg\",\"width\":1304,\"height\":1304},{\"@type\":\"BreadcrumbList\",\"@id\":\"https:\\\/\\\/adexa.ee\\\/toode\\\/laadimislaua-vasak-pool-1400x650x850-mm-kraanikausiga-jaatmeavaga-pritsmekaitsega-roostevaba-teras-adexa-dwitc1465r\\\/#breadcrumb\",\"itemListElement\":[{\"@type\":\"ListItem\",\"position\":1,\"name\":\"Home\",\"item\":\"https:\\\/\\\/adexa.ee\\\/\"},{\"@type\":\"ListItem\",\"position\":2,\"name\":\"Tooted\",\"item\":\"https:\\\/\\\/adexa.ee\\\/pood\\\/\"},{\"@type\":\"ListItem\",\"position\":3,\"name\":\"Laadimislaua vasak pool 1400x650x850 mm Kraanikausiga J\u00e4\u00e4tmeavaga Pritsmekaitsega Roostevaba teras | Adexa DWITC1465R\"}]},{\"@type\":\"WebSite\",\"@id\":\"https:\\\/\\\/adexa.ee\\\/#website\",\"url\":\"https:\\\/\\\/adexa.ee\\\/\",\"name\":\"Adexa\",\"description\":\"\",\"publisher\":{\"@id\":\"https:\\\/\\\/adexa.ee\\\/#organization\"},\"potentialAction\":[{\"@type\":\"SearchAction\",\"target\":{\"@type\":\"EntryPoint\",\"urlTemplate\":\"https:\\\/\\\/adexa.ee\\\/?s={search_term_string}\"},\"query-input\":{\"@type\":\"PropertyValueSpecification\",\"valueRequired\":true,\"valueName\":\"search_term_string\"}}],\"inLanguage\":\"en-US\"},{\"@type\":\"Organization\",\"@id\":\"https:\\\/\\\/adexa.ee\\\/#organization\",\"name\":\"Adexa\",\"url\":\"https:\\\/\\\/adexa.ee\\\/\",\"logo\":{\"@type\":\"ImageObject\",\"inLanguage\":\"en-US\",\"@id\":\"https:\\\/\\\/adexa.ee\\\/#\\\/schema\\\/logo\\\/image\\\/\",\"url\":\"https:\\\/\\\/adexa.ee\\\/wp-content\\\/uploads\\\/2024\\\/04\\\/chef-cooks-working-in-professional-kitchen-2023-11-27-05-07-39-utc-scaled.jpg\",\"contentUrl\":\"https:\\\/\\\/adexa.ee\\\/wp-content\\\/uploads\\\/2024\\\/04\\\/chef-cooks-working-in-professional-kitchen-2023-11-27-05-07-39-utc-scaled.jpg\",\"width\":2560,\"height\":1708,\"caption\":\"Adexa\"},\"image\":{\"@id\":\"https:\\\/\\\/adexa.ee\\\/#\\\/schema\\\/logo\\\/image\\\/\"}}]}<\/script>\n<!-- \/ Yoast SEO plugin. -->","yoast_head_json":{"title":"Laadimislaua vasak pool 1400x650x850 mm Kraanikausiga J\u00e4\u00e4tmeavaga Pritsmekaitsega Roostevaba teras | Adexa DWITC1465R - Adexa \u2013 Suurk\u00f6\u00f6giseadmed restoranidele ja toitlustusele","robots":{"index":"index","follow":"follow","max-snippet":"max-snippet:-1","max-image-preview":"max-image-preview:large","max-video-preview":"max-video-preview:-1"},"canonical":"https:\/\/adexa.ee\/toode\/laadimislaua-vasak-pool-1400x650x850-mm-kraanikausiga-jaatmeavaga-pritsmekaitsega-roostevaba-teras-adexa-dwitc1465r\/","og_locale":"en_US","og_type":"article","og_title":"Laadimislaua vasak pool 1400x650x850 mm Kraanikausiga J\u00e4\u00e4tmeavaga Pritsmekaitsega Roostevaba teras | Adexa DWITC1465R - Adexa \u2013 Suurk\u00f6\u00f6giseadmed restoranidele ja toitlustusele","og_description":"See laadimis-\/mustade n\u00f5ude laud pakub teie n\u00f5udepesujaamas sobiva koha mustade n\u00f5ude hoidmiseks enne nende pesuts\u00fckli l\u00e4bimist. Samuti sobib see ideaalselt","og_url":"https:\/\/adexa.ee\/toode\/laadimislaua-vasak-pool-1400x650x850-mm-kraanikausiga-jaatmeavaga-pritsmekaitsega-roostevaba-teras-adexa-dwitc1465r\/","og_site_name":"Adexa \u2013 Suurk\u00f6\u00f6giseadmed restoranidele ja toitlustusele","article_modified_time":"2026-03-26T07:15:42+00:00","og_image":[{"width":1304,"height":1304,"url":"https:\/\/adexa.ee\/wp-content\/uploads\/2024\/12\/DWITC1465L.jpg","type":"image\/jpeg"}],"twitter_card":"summary_large_image","schema":{"@context":"https:\/\/schema.org","@graph":[{"@type":"WebPage","@id":"https:\/\/adexa.ee\/toode\/laadimislaua-vasak-pool-1400x650x850-mm-kraanikausiga-jaatmeavaga-pritsmekaitsega-roostevaba-teras-adexa-dwitc1465r\/","url":"https:\/\/adexa.ee\/toode\/laadimislaua-vasak-pool-1400x650x850-mm-kraanikausiga-jaatmeavaga-pritsmekaitsega-roostevaba-teras-adexa-dwitc1465r\/","name":"Laadimislaua vasak pool 1400x650x850 mm Kraanikausiga J\u00e4\u00e4tmeavaga Pritsmekaitsega Roostevaba teras | Adexa DWITC1465R - Adexa \u2013 Suurk\u00f6\u00f6giseadmed restoranidele ja toitlustusele","isPartOf":{"@id":"https:\/\/adexa.ee\/#website"},"primaryImageOfPage":{"@id":"https:\/\/adexa.ee\/toode\/laadimislaua-vasak-pool-1400x650x850-mm-kraanikausiga-jaatmeavaga-pritsmekaitsega-roostevaba-teras-adexa-dwitc1465r\/#primaryimage"},"image":{"@id":"https:\/\/adexa.ee\/toode\/laadimislaua-vasak-pool-1400x650x850-mm-kraanikausiga-jaatmeavaga-pritsmekaitsega-roostevaba-teras-adexa-dwitc1465r\/#primaryimage"},"thumbnailUrl":"https:\/\/adexa.ee\/wp-content\/uploads\/2024\/12\/DWITC1465L.jpg","datePublished":"2026-03-26T07:15:35+00:00","dateModified":"2026-03-26T07:15:42+00:00","breadcrumb":{"@id":"https:\/\/adexa.ee\/toode\/laadimislaua-vasak-pool-1400x650x850-mm-kraanikausiga-jaatmeavaga-pritsmekaitsega-roostevaba-teras-adexa-dwitc1465r\/#breadcrumb"},"inLanguage":"en-US","potentialAction":[{"@type":"ReadAction","target":["https:\/\/adexa.ee\/toode\/laadimislaua-vasak-pool-1400x650x850-mm-kraanikausiga-jaatmeavaga-pritsmekaitsega-roostevaba-teras-adexa-dwitc1465r\/"]}]},{"@type":"ImageObject","inLanguage":"en-US","@id":"https:\/\/adexa.ee\/toode\/laadimislaua-vasak-pool-1400x650x850-mm-kraanikausiga-jaatmeavaga-pritsmekaitsega-roostevaba-teras-adexa-dwitc1465r\/#primaryimage","url":"https:\/\/adexa.ee\/wp-content\/uploads\/2024\/12\/DWITC1465L.jpg","contentUrl":"https:\/\/adexa.ee\/wp-content\/uploads\/2024\/12\/DWITC1465L.jpg","width":1304,"height":1304},{"@type":"BreadcrumbList","@id":"https:\/\/adexa.ee\/toode\/laadimislaua-vasak-pool-1400x650x850-mm-kraanikausiga-jaatmeavaga-pritsmekaitsega-roostevaba-teras-adexa-dwitc1465r\/#breadcrumb","itemListElement":[{"@type":"ListItem","position":1,"name":"Home","item":"https:\/\/adexa.ee\/"},{"@type":"ListItem","position":2,"name":"Tooted","item":"https:\/\/adexa.ee\/pood\/"},{"@type":"ListItem","position":3,"name":"Laadimislaua vasak pool 1400x650x850 mm Kraanikausiga J\u00e4\u00e4tmeavaga Pritsmekaitsega Roostevaba teras | Adexa DWITC1465R"}]},{"@type":"WebSite","@id":"https:\/\/adexa.ee\/#website","url":"https:\/\/adexa.ee\/","name":"Adexa","description":"","publisher":{"@id":"https:\/\/adexa.ee\/#organization"},"potentialAction":[{"@type":"SearchAction","target":{"@type":"EntryPoint","urlTemplate":"https:\/\/adexa.ee\/?s={search_term_string}"},"query-input":{"@type":"PropertyValueSpecification","valueRequired":true,"valueName":"search_term_string"}}],"inLanguage":"en-US"},{"@type":"Organization","@id":"https:\/\/adexa.ee\/#organization","name":"Adexa","url":"https:\/\/adexa.ee\/","logo":{"@type":"ImageObject","inLanguage":"en-US","@id":"https:\/\/adexa.ee\/#\/schema\/logo\/image\/","url":"https:\/\/adexa.ee\/wp-content\/uploads\/2024\/04\/chef-cooks-working-in-professional-kitchen-2023-11-27-05-07-39-utc-scaled.jpg","contentUrl":"https:\/\/adexa.ee\/wp-content\/uploads\/2024\/04\/chef-cooks-working-in-professional-kitchen-2023-11-27-05-07-39-utc-scaled.jpg","width":2560,"height":1708,"caption":"Adexa"},"image":{"@id":"https:\/\/adexa.ee\/#\/schema\/logo\/image\/"}}]}},"_links":{"self":[{"href":"https:\/\/adexa.ee\/en\/wp-json\/wp\/v2\/product\/10845","targetHints":{"allow":["GET"]}}],"collection":[{"href":"https:\/\/adexa.ee\/en\/wp-json\/wp\/v2\/product"}],"about":[{"href":"https:\/\/adexa.ee\/en\/wp-json\/wp\/v2\/types\/product"}],"wp:featuredmedia":[{"embeddable":true,"href":"https:\/\/adexa.ee\/en\/wp-json\/wp\/v2\/media\/10847"}],"wp:attachment":[{"href":"https:\/\/adexa.ee\/en\/wp-json\/wp\/v2\/media?parent=10845"}],"wp:term":[{"taxonomy":"product_brand","embeddable":true,"href":"https:\/\/adexa.ee\/en\/wp-json\/wp\/v2\/product_brand?post=10845"},{"taxonomy":"product_cat","embeddable":true,"href":"https:\/\/adexa.ee\/en\/wp-json\/wp\/v2\/product_cat?post=10845"},{"taxonomy":"product_tag","embeddable":true,"href":"https:\/\/adexa.ee\/en\/wp-json\/wp\/v2\/product_tag?post=10845"}],"curies":[{"name":"wp","href":"https:\/\/api.w.org\/{rel}","templated":true}]}}