{"id":10895,"date":"2026-04-01T15:05:21","date_gmt":"2026-04-01T12:05:21","guid":{"rendered":"https:\/\/adexa.ee\/toode\/professionaalne-kotihoidja-karuga-rattastel-ja-pedaliga-suletud-suu-adexa-stbh01\/"},"modified":"2026-04-01T15:05:23","modified_gmt":"2026-04-01T12:05:23","slug":"professionaalne-prugikotihoidja-karu-rattastel-ja-pedaliga-suletud-suu-adexa-stbh01","status":"publish","type":"product","link":"https:\/\/adexa.ee\/en\/toode\/professionaalne-prugikotihoidja-karu-rattastel-ja-pedaliga-suletud-suu-adexa-stbh01\/","title":{"rendered":"Professionaalne Pr\u00fcgikotihoidja K\u00e4ru Rattastel ja Pedaliga Suletud Suu | Adexa STBH01"},"content":{"rendered":"<p>Roostevabast terasest j\u00e4\u00e4tmekotihoidja suure jalapedaliga, mis avab selle, saab laialdaselt kasutada paljudes valdkondades, nagu k\u00f6\u00f6gid, restoranid, banketid, kontorid, haiglad jt. Valmistatud kvaliteetsest materjalist, see kommertskasutuseks m\u00f5eldud kummihoidik suletud suu pr\u00fcgikotihoidja on h\u00fcgieeniline ja lihtne viis oma pr\u00fcgist vabanemiseks. T\u00e4psema teabe saamiseks vaadake \u201eSpetsifikatsioonid\u201d all.<\/p>\n<table style=\"border-collapse: collapse; width: 100%; text-align: left;\">\n<tbody>\n<tr>\n<td style=\"border: 1px solid #ddd; padding: 8px; width: 45%;\"><strong>S\u00fcgavus<\/strong><\/td>\n<td style=\"border: 1px solid #ddd; padding: 8px;\">530 mm<\/td>\n<\/tr>\n<tr>\n<td style=\"border: 1px solid #ddd; padding: 8px; width: 45%;\"><strong>K\u00f5rgus<\/strong><\/td>\n<td style=\"border: 1px solid #ddd; padding: 8px;\">960 mm<\/td>\n<\/tr>\n<tr>\n<td style=\"border: 1px solid #ddd; padding: 8px; width: 45%;\"><strong>Laius<\/strong><\/td>\n<td style=\"border: 1px solid #ddd; padding: 8px;\">430 mm<\/td>\n<\/tr>\n<tr>\n<td style=\"border: 1px solid #ddd; padding: 8px; width: 45%;\"><strong>Kaal<\/strong><\/td>\n<td style=\"border: 1px solid #ddd; padding: 8px;\">4,6 kg<\/td>\n<\/tr>\n<tr>\n<td style=\"border: 1px solid #ddd; padding: 8px; width: 45%;\"><strong>Garantii<\/strong><\/td>\n<td style=\"border: 1px solid #ddd; padding: 8px;\">12 kuu varuosade garantii<\/td>\n<\/tr>\n<tr>\n<td style=\"border: 1px solid #ddd; padding: 8px; width: 45%;\"><strong>Rullikud<\/strong><\/td>\n<td style=\"border: 1px solid #ddd; padding: 8px;\">2 tagumist ratast<\/td>\n<\/tr>\n<tr>\n<td style=\"border: 1px solid #ddd; padding: 8px; width: 45%;\"><strong>Materjal<\/strong><\/td>\n<td style=\"border: 1px solid #ddd; padding: 8px;\">Roostevaba teras<\/td>\n<\/tr>\n<tr>\n<td style=\"border: 1px solid #ddd; padding: 8px; width: 45%;\"><strong>Pedaal<\/strong><\/td>\n<td style=\"border: 1px solid #ddd; padding: 8px;\">Jah<\/td>\n<\/tr>\n<\/tbody>\n<\/table>\n","protected":false},"excerpt":{"rendered":"<p>Roostevabast terasest j\u00e4\u00e4tmekotihoidja suure jalapedaliga, mis avab selle, saab laialdaselt kasutada paljudes valdkondades, nagu k\u00f6\u00f6gid, restoranid, banketid, kontorid, haiglad jt.<\/p>\n","protected":false},"featured_media":10900,"template":"","meta":[],"product_brand":[],"product_cat":[718,623,579,719,764,720,572],"product_tag":[],"class_list":{"0":"post-10895","1":"product","2":"type-product","3":"status-publish","4":"has-post-thumbnail","6":"product_cat-puhastus-ja-hugieen","7":"product_cat-karud","8":"product_cat-koogitarbed-noud","9":"product_cat-koristus-ja-puhastusseadmed","10":"product_cat-prugikastid","11":"product_cat-puhastusseadmed","12":"product_cat-roostevabad-tooted","14":"first","15":"instock","16":"sale","17":"taxable","18":"shipping-taxable","19":"purchasable","20":"product-type-simple"},"yoast_head":"<!-- This site is optimized with the Yoast SEO plugin v27.3 - https:\/\/yoast.com\/product\/yoast-seo-wordpress\/ -->\n<title>Professionaalne Pr\u00fcgikotihoidja K\u00e4ru Rattastel ja Pedaliga Suletud Suu | Adexa STBH01 - Adexa \u2013 Suurk\u00f6\u00f6giseadmed restoranidele ja toitlustusele<\/title>\n<meta name=\"robots\" content=\"index, follow, max-snippet:-1, max-image-preview:large, max-video-preview:-1\" \/>\n<link rel=\"canonical\" href=\"https:\/\/adexa.ee\/toode\/professionaalne-prugikotihoidja-karu-rattastel-ja-pedaliga-suletud-suu-adexa-stbh01\/\" \/>\n<meta property=\"og:locale\" content=\"en_US\" \/>\n<meta property=\"og:type\" content=\"article\" \/>\n<meta property=\"og:title\" content=\"Professionaalne Pr\u00fcgikotihoidja K\u00e4ru Rattastel ja Pedaliga Suletud Suu | Adexa STBH01 - Adexa \u2013 Suurk\u00f6\u00f6giseadmed restoranidele ja toitlustusele\" \/>\n<meta property=\"og:description\" content=\"Roostevabast terasest j\u00e4\u00e4tmekotihoidja suure jalapedaliga, mis avab selle, saab laialdaselt kasutada paljudes valdkondades, nagu k\u00f6\u00f6gid, restoranid, banketid, kontorid, haiglad jt.\" \/>\n<meta property=\"og:url\" content=\"https:\/\/adexa.ee\/toode\/professionaalne-prugikotihoidja-karu-rattastel-ja-pedaliga-suletud-suu-adexa-stbh01\/\" \/>\n<meta property=\"og:site_name\" content=\"Adexa \u2013 Suurk\u00f6\u00f6giseadmed restoranidele ja toitlustusele\" \/>\n<meta property=\"article:modified_time\" content=\"2026-04-01T12:05:23+00:00\" \/>\n<meta property=\"og:image\" content=\"https:\/\/adexa.ee\/wp-content\/uploads\/2024\/12\/STBH01-3.jpg\" \/>\n\t<meta property=\"og:image:width\" content=\"878\" \/>\n\t<meta property=\"og:image:height\" content=\"878\" \/>\n\t<meta property=\"og:image:type\" content=\"image\/jpeg\" \/>\n<meta name=\"twitter:card\" content=\"summary_large_image\" \/>\n<script type=\"application\/ld+json\" class=\"yoast-schema-graph\">{\"@context\":\"https:\\\/\\\/schema.org\",\"@graph\":[{\"@type\":\"WebPage\",\"@id\":\"https:\\\/\\\/adexa.ee\\\/toode\\\/professionaalne-prugikotihoidja-karu-rattastel-ja-pedaliga-suletud-suu-adexa-stbh01\\\/\",\"url\":\"https:\\\/\\\/adexa.ee\\\/toode\\\/professionaalne-prugikotihoidja-karu-rattastel-ja-pedaliga-suletud-suu-adexa-stbh01\\\/\",\"name\":\"Professionaalne Pr\u00fcgikotihoidja K\u00e4ru Rattastel ja Pedaliga Suletud Suu | Adexa STBH01 - Adexa \u2013 Suurk\u00f6\u00f6giseadmed restoranidele ja toitlustusele\",\"isPartOf\":{\"@id\":\"https:\\\/\\\/adexa.ee\\\/#website\"},\"primaryImageOfPage\":{\"@id\":\"https:\\\/\\\/adexa.ee\\\/toode\\\/professionaalne-prugikotihoidja-karu-rattastel-ja-pedaliga-suletud-suu-adexa-stbh01\\\/#primaryimage\"},\"image\":{\"@id\":\"https:\\\/\\\/adexa.ee\\\/toode\\\/professionaalne-prugikotihoidja-karu-rattastel-ja-pedaliga-suletud-suu-adexa-stbh01\\\/#primaryimage\"},\"thumbnailUrl\":\"https:\\\/\\\/adexa.ee\\\/wp-content\\\/uploads\\\/2024\\\/12\\\/STBH01-3.jpg\",\"datePublished\":\"2026-04-01T12:05:21+00:00\",\"dateModified\":\"2026-04-01T12:05:23+00:00\",\"breadcrumb\":{\"@id\":\"https:\\\/\\\/adexa.ee\\\/toode\\\/professionaalne-prugikotihoidja-karu-rattastel-ja-pedaliga-suletud-suu-adexa-stbh01\\\/#breadcrumb\"},\"inLanguage\":\"en-US\",\"potentialAction\":[{\"@type\":\"ReadAction\",\"target\":[\"https:\\\/\\\/adexa.ee\\\/toode\\\/professionaalne-prugikotihoidja-karu-rattastel-ja-pedaliga-suletud-suu-adexa-stbh01\\\/\"]}]},{\"@type\":\"ImageObject\",\"inLanguage\":\"en-US\",\"@id\":\"https:\\\/\\\/adexa.ee\\\/toode\\\/professionaalne-prugikotihoidja-karu-rattastel-ja-pedaliga-suletud-suu-adexa-stbh01\\\/#primaryimage\",\"url\":\"https:\\\/\\\/adexa.ee\\\/wp-content\\\/uploads\\\/2024\\\/12\\\/STBH01-3.jpg\",\"contentUrl\":\"https:\\\/\\\/adexa.ee\\\/wp-content\\\/uploads\\\/2024\\\/12\\\/STBH01-3.jpg\",\"width\":878,\"height\":878},{\"@type\":\"BreadcrumbList\",\"@id\":\"https:\\\/\\\/adexa.ee\\\/toode\\\/professionaalne-prugikotihoidja-karu-rattastel-ja-pedaliga-suletud-suu-adexa-stbh01\\\/#breadcrumb\",\"itemListElement\":[{\"@type\":\"ListItem\",\"position\":1,\"name\":\"Home\",\"item\":\"https:\\\/\\\/adexa.ee\\\/\"},{\"@type\":\"ListItem\",\"position\":2,\"name\":\"Tooted\",\"item\":\"https:\\\/\\\/adexa.ee\\\/pood\\\/\"},{\"@type\":\"ListItem\",\"position\":3,\"name\":\"Professionaalne Pr\u00fcgikotihoidja K\u00e4ru Rattastel ja Pedaliga Suletud Suu | Adexa STBH01\"}]},{\"@type\":\"WebSite\",\"@id\":\"https:\\\/\\\/adexa.ee\\\/#website\",\"url\":\"https:\\\/\\\/adexa.ee\\\/\",\"name\":\"Adexa\",\"description\":\"\",\"publisher\":{\"@id\":\"https:\\\/\\\/adexa.ee\\\/#organization\"},\"potentialAction\":[{\"@type\":\"SearchAction\",\"target\":{\"@type\":\"EntryPoint\",\"urlTemplate\":\"https:\\\/\\\/adexa.ee\\\/?s={search_term_string}\"},\"query-input\":{\"@type\":\"PropertyValueSpecification\",\"valueRequired\":true,\"valueName\":\"search_term_string\"}}],\"inLanguage\":\"en-US\"},{\"@type\":\"Organization\",\"@id\":\"https:\\\/\\\/adexa.ee\\\/#organization\",\"name\":\"Adexa\",\"url\":\"https:\\\/\\\/adexa.ee\\\/\",\"logo\":{\"@type\":\"ImageObject\",\"inLanguage\":\"en-US\",\"@id\":\"https:\\\/\\\/adexa.ee\\\/#\\\/schema\\\/logo\\\/image\\\/\",\"url\":\"https:\\\/\\\/adexa.ee\\\/wp-content\\\/uploads\\\/2024\\\/04\\\/chef-cooks-working-in-professional-kitchen-2023-11-27-05-07-39-utc-scaled.jpg\",\"contentUrl\":\"https:\\\/\\\/adexa.ee\\\/wp-content\\\/uploads\\\/2024\\\/04\\\/chef-cooks-working-in-professional-kitchen-2023-11-27-05-07-39-utc-scaled.jpg\",\"width\":2560,\"height\":1708,\"caption\":\"Adexa\"},\"image\":{\"@id\":\"https:\\\/\\\/adexa.ee\\\/#\\\/schema\\\/logo\\\/image\\\/\"}}]}<\/script>\n<!-- \/ Yoast SEO plugin. -->","yoast_head_json":{"title":"Professionaalne Pr\u00fcgikotihoidja K\u00e4ru Rattastel ja Pedaliga Suletud Suu | Adexa STBH01 - Adexa \u2013 Suurk\u00f6\u00f6giseadmed restoranidele ja toitlustusele","robots":{"index":"index","follow":"follow","max-snippet":"max-snippet:-1","max-image-preview":"max-image-preview:large","max-video-preview":"max-video-preview:-1"},"canonical":"https:\/\/adexa.ee\/toode\/professionaalne-prugikotihoidja-karu-rattastel-ja-pedaliga-suletud-suu-adexa-stbh01\/","og_locale":"en_US","og_type":"article","og_title":"Professionaalne Pr\u00fcgikotihoidja K\u00e4ru Rattastel ja Pedaliga Suletud Suu | Adexa STBH01 - Adexa \u2013 Suurk\u00f6\u00f6giseadmed restoranidele ja toitlustusele","og_description":"Roostevabast terasest j\u00e4\u00e4tmekotihoidja suure jalapedaliga, mis avab selle, saab laialdaselt kasutada paljudes valdkondades, nagu k\u00f6\u00f6gid, restoranid, banketid, kontorid, haiglad jt.","og_url":"https:\/\/adexa.ee\/toode\/professionaalne-prugikotihoidja-karu-rattastel-ja-pedaliga-suletud-suu-adexa-stbh01\/","og_site_name":"Adexa \u2013 Suurk\u00f6\u00f6giseadmed restoranidele ja toitlustusele","article_modified_time":"2026-04-01T12:05:23+00:00","og_image":[{"width":878,"height":878,"url":"https:\/\/adexa.ee\/wp-content\/uploads\/2024\/12\/STBH01-3.jpg","type":"image\/jpeg"}],"twitter_card":"summary_large_image","schema":{"@context":"https:\/\/schema.org","@graph":[{"@type":"WebPage","@id":"https:\/\/adexa.ee\/toode\/professionaalne-prugikotihoidja-karu-rattastel-ja-pedaliga-suletud-suu-adexa-stbh01\/","url":"https:\/\/adexa.ee\/toode\/professionaalne-prugikotihoidja-karu-rattastel-ja-pedaliga-suletud-suu-adexa-stbh01\/","name":"Professionaalne Pr\u00fcgikotihoidja K\u00e4ru Rattastel ja Pedaliga Suletud Suu | Adexa STBH01 - Adexa \u2013 Suurk\u00f6\u00f6giseadmed restoranidele ja toitlustusele","isPartOf":{"@id":"https:\/\/adexa.ee\/#website"},"primaryImageOfPage":{"@id":"https:\/\/adexa.ee\/toode\/professionaalne-prugikotihoidja-karu-rattastel-ja-pedaliga-suletud-suu-adexa-stbh01\/#primaryimage"},"image":{"@id":"https:\/\/adexa.ee\/toode\/professionaalne-prugikotihoidja-karu-rattastel-ja-pedaliga-suletud-suu-adexa-stbh01\/#primaryimage"},"thumbnailUrl":"https:\/\/adexa.ee\/wp-content\/uploads\/2024\/12\/STBH01-3.jpg","datePublished":"2026-04-01T12:05:21+00:00","dateModified":"2026-04-01T12:05:23+00:00","breadcrumb":{"@id":"https:\/\/adexa.ee\/toode\/professionaalne-prugikotihoidja-karu-rattastel-ja-pedaliga-suletud-suu-adexa-stbh01\/#breadcrumb"},"inLanguage":"en-US","potentialAction":[{"@type":"ReadAction","target":["https:\/\/adexa.ee\/toode\/professionaalne-prugikotihoidja-karu-rattastel-ja-pedaliga-suletud-suu-adexa-stbh01\/"]}]},{"@type":"ImageObject","inLanguage":"en-US","@id":"https:\/\/adexa.ee\/toode\/professionaalne-prugikotihoidja-karu-rattastel-ja-pedaliga-suletud-suu-adexa-stbh01\/#primaryimage","url":"https:\/\/adexa.ee\/wp-content\/uploads\/2024\/12\/STBH01-3.jpg","contentUrl":"https:\/\/adexa.ee\/wp-content\/uploads\/2024\/12\/STBH01-3.jpg","width":878,"height":878},{"@type":"BreadcrumbList","@id":"https:\/\/adexa.ee\/toode\/professionaalne-prugikotihoidja-karu-rattastel-ja-pedaliga-suletud-suu-adexa-stbh01\/#breadcrumb","itemListElement":[{"@type":"ListItem","position":1,"name":"Home","item":"https:\/\/adexa.ee\/"},{"@type":"ListItem","position":2,"name":"Tooted","item":"https:\/\/adexa.ee\/pood\/"},{"@type":"ListItem","position":3,"name":"Professionaalne Pr\u00fcgikotihoidja K\u00e4ru Rattastel ja Pedaliga Suletud Suu | Adexa STBH01"}]},{"@type":"WebSite","@id":"https:\/\/adexa.ee\/#website","url":"https:\/\/adexa.ee\/","name":"Adexa","description":"","publisher":{"@id":"https:\/\/adexa.ee\/#organization"},"potentialAction":[{"@type":"SearchAction","target":{"@type":"EntryPoint","urlTemplate":"https:\/\/adexa.ee\/?s={search_term_string}"},"query-input":{"@type":"PropertyValueSpecification","valueRequired":true,"valueName":"search_term_string"}}],"inLanguage":"en-US"},{"@type":"Organization","@id":"https:\/\/adexa.ee\/#organization","name":"Adexa","url":"https:\/\/adexa.ee\/","logo":{"@type":"ImageObject","inLanguage":"en-US","@id":"https:\/\/adexa.ee\/#\/schema\/logo\/image\/","url":"https:\/\/adexa.ee\/wp-content\/uploads\/2024\/04\/chef-cooks-working-in-professional-kitchen-2023-11-27-05-07-39-utc-scaled.jpg","contentUrl":"https:\/\/adexa.ee\/wp-content\/uploads\/2024\/04\/chef-cooks-working-in-professional-kitchen-2023-11-27-05-07-39-utc-scaled.jpg","width":2560,"height":1708,"caption":"Adexa"},"image":{"@id":"https:\/\/adexa.ee\/#\/schema\/logo\/image\/"}}]}},"_links":{"self":[{"href":"https:\/\/adexa.ee\/en\/wp-json\/wp\/v2\/product\/10895","targetHints":{"allow":["GET"]}}],"collection":[{"href":"https:\/\/adexa.ee\/en\/wp-json\/wp\/v2\/product"}],"about":[{"href":"https:\/\/adexa.ee\/en\/wp-json\/wp\/v2\/types\/product"}],"wp:featuredmedia":[{"embeddable":true,"href":"https:\/\/adexa.ee\/en\/wp-json\/wp\/v2\/media\/10900"}],"wp:attachment":[{"href":"https:\/\/adexa.ee\/en\/wp-json\/wp\/v2\/media?parent=10895"}],"wp:term":[{"taxonomy":"product_brand","embeddable":true,"href":"https:\/\/adexa.ee\/en\/wp-json\/wp\/v2\/product_brand?post=10895"},{"taxonomy":"product_cat","embeddable":true,"href":"https:\/\/adexa.ee\/en\/wp-json\/wp\/v2\/product_cat?post=10895"},{"taxonomy":"product_tag","embeddable":true,"href":"https:\/\/adexa.ee\/en\/wp-json\/wp\/v2\/product_tag?post=10895"}],"curies":[{"name":"wp","href":"https:\/\/api.w.org\/{rel}","templated":true}]}}