{"id":10983,"date":"2026-03-30T23:35:17","date_gmt":"2026-03-30T20:35:17","guid":{"rendered":"https:\/\/adexa.ee\/toode\/kaubanduslik-serveerimis-teenindus-koristuskaru-kapiga-ja-ustega-roostevaba-teras-3-tasapinda-860x540x940-mm-adexa-rst3ad\/"},"modified":"2026-03-30T23:35:18","modified_gmt":"2026-03-30T20:35:18","slug":"serveerimis-teenindus-koristuskaru-kapiga-ja-ustega-roostevaba-teras-3-tasapinda-860x540x940-mm-adexa-rst3ad","status":"publish","type":"product","link":"https:\/\/adexa.ee\/en\/toode\/serveerimis-teenindus-koristuskaru-kapiga-ja-ustega-roostevaba-teras-3-tasapinda-860x540x940-mm-adexa-rst3ad\/","title":{"rendered":"serveerimis-\/teenindus-\/koristusk\u00e4ru kapiga ja ustega, roostevaba teras, 3 tasapinda, 860x540x940 mm | Adexa RST3AD"},"content":{"rendered":"<p>See serveerimisk\u00e4ru, millel on kolm vastupidavat kandikutasapinda, saab sujuvalt integreeruda igasse keskkonda. T\u00e4nu oma tugevale konstruktsioonile sobib see eriti h\u00e4sti kasutamiseks s\u00f6\u00f6klates, suurk\u00f6\u00f6kides, restoranides, avalikes asutustes, aga ka erasektoris. Sellega muutub toitude v\u00f5i jookide serveerimine ning lauan\u00f5ude \u00e4raviimine k\u00f6\u00f6ki vaevatuks. See roostevabast terasest k\u00e4ru on m\u00e4rkimisv\u00e4\u00e4rselt vastupidav ja lihtne puhastada. M\u00f5\u00f5tmed: 860x540x940 mm 3 tasapinda \u00dcmarad torud sujuvaks haaramiseks Tarnitakse lahtiv\u00f5etuna &#8211; lihtne kokkupanek Lisainformatsiooni leiate &#8216;Spetsifikatsioonide&#8217; alt.<\/p>\n<table style=\"border-collapse: collapse; width: 100%; text-align: left;\">\n<tbody>\n<tr>\n<td style=\"border: 1px solid #ddd; padding: 8px; width: 45%;\"><strong>S\u00fcgavus<\/strong><\/td>\n<td style=\"border: 1px solid #ddd; padding: 8px;\">540mm<\/td>\n<\/tr>\n<tr>\n<td style=\"border: 1px solid #ddd; padding: 8px; width: 45%;\"><strong>K\u00f5rgus<\/strong><\/td>\n<td style=\"border: 1px solid #ddd; padding: 8px;\">940mm<\/td>\n<\/tr>\n<tr>\n<td style=\"border: 1px solid #ddd; padding: 8px; width: 45%;\"><strong>Laius<\/strong><\/td>\n<td style=\"border: 1px solid #ddd; padding: 8px;\">860mm<\/td>\n<\/tr>\n<tr>\n<td style=\"border: 1px solid #ddd; padding: 8px; width: 45%;\"><strong>Kaal<\/strong><\/td>\n<td style=\"border: 1px solid #ddd; padding: 8px;\">26kg<\/td>\n<\/tr>\n<tr>\n<td style=\"border: 1px solid #ddd; padding: 8px; width: 45%;\"><strong>Garantii<\/strong><\/td>\n<td style=\"border: 1px solid #ddd; padding: 8px;\">12 kuu varuosade garantii<\/td>\n<\/tr>\n<tr>\n<td style=\"border: 1px solid #ddd; padding: 8px; width: 45%;\"><strong>Mahutavus<\/strong><\/td>\n<td style=\"border: 1px solid #ddd; padding: 8px;\">150kg<\/td>\n<\/tr>\n<tr>\n<td style=\"border: 1px solid #ddd; padding: 8px; width: 45%;\"><strong>Rullikud<\/strong><\/td>\n<td style=\"border: 1px solid #ddd; padding: 8px;\">Piduritega<\/td>\n<\/tr>\n<tr>\n<td style=\"border: 1px solid #ddd; padding: 8px; width: 45%;\"><strong>Materjal<\/strong><\/td>\n<td style=\"border: 1px solid #ddd; padding: 8px;\">Roostevaba teras<\/td>\n<\/tr>\n<tr>\n<td style=\"border: 1px solid #ddd; padding: 8px; width: 45%;\"><strong>Tasemed<\/strong><\/td>\n<td style=\"border: 1px solid #ddd; padding: 8px;\">3<\/td>\n<\/tr>\n<\/tbody>\n<\/table>\n","protected":false},"excerpt":{"rendered":"<p>See serveerimisk\u00e4ru, millel on kolm vastupidavat kandikutasapinda, saab sujuvalt integreeruda igasse keskkonda. T\u00e4nu oma tugevale konstruktsioonile sobib see eriti h\u00e4sti<\/p>\n","protected":false},"featured_media":10985,"template":"","meta":[],"product_brand":[],"product_cat":[623,572],"product_tag":[],"class_list":{"0":"post-10983","1":"product","2":"type-product","3":"status-publish","4":"has-post-thumbnail","6":"product_cat-karud","7":"product_cat-roostevabad-tooted","9":"first","10":"instock","11":"sale","12":"taxable","13":"shipping-taxable","14":"purchasable","15":"product-type-simple"},"yoast_head":"<!-- This site is optimized with the Yoast SEO plugin v27.3 - https:\/\/yoast.com\/product\/yoast-seo-wordpress\/ -->\n<title>serveerimis-\/teenindus-\/koristusk\u00e4ru kapiga ja ustega, roostevaba teras, 3 tasapinda, 860x540x940 mm | Adexa RST3AD - Adexa \u2013 Suurk\u00f6\u00f6giseadmed restoranidele ja toitlustusele<\/title>\n<meta name=\"robots\" content=\"index, follow, max-snippet:-1, max-image-preview:large, max-video-preview:-1\" \/>\n<link rel=\"canonical\" href=\"https:\/\/adexa.ee\/toode\/serveerimis-teenindus-koristuskaru-kapiga-ja-ustega-roostevaba-teras-3-tasapinda-860x540x940-mm-adexa-rst3ad\/\" \/>\n<meta property=\"og:locale\" content=\"en_US\" \/>\n<meta property=\"og:type\" content=\"article\" \/>\n<meta property=\"og:title\" content=\"serveerimis-\/teenindus-\/koristusk\u00e4ru kapiga ja ustega, roostevaba teras, 3 tasapinda, 860x540x940 mm | Adexa RST3AD - Adexa \u2013 Suurk\u00f6\u00f6giseadmed restoranidele ja toitlustusele\" \/>\n<meta property=\"og:description\" content=\"See serveerimisk\u00e4ru, millel on kolm vastupidavat kandikutasapinda, saab sujuvalt integreeruda igasse keskkonda. T\u00e4nu oma tugevale konstruktsioonile sobib see eriti h\u00e4sti\" \/>\n<meta property=\"og:url\" content=\"https:\/\/adexa.ee\/toode\/serveerimis-teenindus-koristuskaru-kapiga-ja-ustega-roostevaba-teras-3-tasapinda-860x540x940-mm-adexa-rst3ad\/\" \/>\n<meta property=\"og:site_name\" content=\"Adexa \u2013 Suurk\u00f6\u00f6giseadmed restoranidele ja toitlustusele\" \/>\n<meta property=\"article:modified_time\" content=\"2026-03-30T20:35:18+00:00\" \/>\n<meta property=\"og:image\" content=\"https:\/\/adexa.ee\/wp-content\/uploads\/2024\/12\/RST3AD.jpg\" \/>\n\t<meta property=\"og:image:width\" content=\"2000\" \/>\n\t<meta property=\"og:image:height\" content=\"2000\" \/>\n\t<meta property=\"og:image:type\" content=\"image\/jpeg\" \/>\n<meta name=\"twitter:card\" content=\"summary_large_image\" \/>\n<meta name=\"twitter:label1\" content=\"Est. reading time\" \/>\n\t<meta name=\"twitter:data1\" content=\"1 minute\" \/>\n<script type=\"application\/ld+json\" class=\"yoast-schema-graph\">{\"@context\":\"https:\\\/\\\/schema.org\",\"@graph\":[{\"@type\":\"WebPage\",\"@id\":\"https:\\\/\\\/adexa.ee\\\/toode\\\/serveerimis-teenindus-koristuskaru-kapiga-ja-ustega-roostevaba-teras-3-tasapinda-860x540x940-mm-adexa-rst3ad\\\/\",\"url\":\"https:\\\/\\\/adexa.ee\\\/toode\\\/serveerimis-teenindus-koristuskaru-kapiga-ja-ustega-roostevaba-teras-3-tasapinda-860x540x940-mm-adexa-rst3ad\\\/\",\"name\":\"serveerimis-\\\/teenindus-\\\/koristusk\u00e4ru kapiga ja ustega, roostevaba teras, 3 tasapinda, 860x540x940 mm | Adexa RST3AD - Adexa \u2013 Suurk\u00f6\u00f6giseadmed restoranidele ja toitlustusele\",\"isPartOf\":{\"@id\":\"https:\\\/\\\/adexa.ee\\\/#website\"},\"primaryImageOfPage\":{\"@id\":\"https:\\\/\\\/adexa.ee\\\/toode\\\/serveerimis-teenindus-koristuskaru-kapiga-ja-ustega-roostevaba-teras-3-tasapinda-860x540x940-mm-adexa-rst3ad\\\/#primaryimage\"},\"image\":{\"@id\":\"https:\\\/\\\/adexa.ee\\\/toode\\\/serveerimis-teenindus-koristuskaru-kapiga-ja-ustega-roostevaba-teras-3-tasapinda-860x540x940-mm-adexa-rst3ad\\\/#primaryimage\"},\"thumbnailUrl\":\"https:\\\/\\\/adexa.ee\\\/wp-content\\\/uploads\\\/2024\\\/12\\\/RST3AD.jpg\",\"datePublished\":\"2026-03-30T20:35:17+00:00\",\"dateModified\":\"2026-03-30T20:35:18+00:00\",\"breadcrumb\":{\"@id\":\"https:\\\/\\\/adexa.ee\\\/toode\\\/serveerimis-teenindus-koristuskaru-kapiga-ja-ustega-roostevaba-teras-3-tasapinda-860x540x940-mm-adexa-rst3ad\\\/#breadcrumb\"},\"inLanguage\":\"en-US\",\"potentialAction\":[{\"@type\":\"ReadAction\",\"target\":[\"https:\\\/\\\/adexa.ee\\\/toode\\\/serveerimis-teenindus-koristuskaru-kapiga-ja-ustega-roostevaba-teras-3-tasapinda-860x540x940-mm-adexa-rst3ad\\\/\"]}]},{\"@type\":\"ImageObject\",\"inLanguage\":\"en-US\",\"@id\":\"https:\\\/\\\/adexa.ee\\\/toode\\\/serveerimis-teenindus-koristuskaru-kapiga-ja-ustega-roostevaba-teras-3-tasapinda-860x540x940-mm-adexa-rst3ad\\\/#primaryimage\",\"url\":\"https:\\\/\\\/adexa.ee\\\/wp-content\\\/uploads\\\/2024\\\/12\\\/RST3AD.jpg\",\"contentUrl\":\"https:\\\/\\\/adexa.ee\\\/wp-content\\\/uploads\\\/2024\\\/12\\\/RST3AD.jpg\",\"width\":2000,\"height\":2000},{\"@type\":\"BreadcrumbList\",\"@id\":\"https:\\\/\\\/adexa.ee\\\/toode\\\/serveerimis-teenindus-koristuskaru-kapiga-ja-ustega-roostevaba-teras-3-tasapinda-860x540x940-mm-adexa-rst3ad\\\/#breadcrumb\",\"itemListElement\":[{\"@type\":\"ListItem\",\"position\":1,\"name\":\"Home\",\"item\":\"https:\\\/\\\/adexa.ee\\\/\"},{\"@type\":\"ListItem\",\"position\":2,\"name\":\"Tooted\",\"item\":\"https:\\\/\\\/adexa.ee\\\/pood\\\/\"},{\"@type\":\"ListItem\",\"position\":3,\"name\":\"serveerimis-\\\/teenindus-\\\/koristusk\u00e4ru kapiga ja ustega, roostevaba teras, 3 tasapinda, 860x540x940 mm | Adexa RST3AD\"}]},{\"@type\":\"WebSite\",\"@id\":\"https:\\\/\\\/adexa.ee\\\/#website\",\"url\":\"https:\\\/\\\/adexa.ee\\\/\",\"name\":\"Adexa\",\"description\":\"\",\"publisher\":{\"@id\":\"https:\\\/\\\/adexa.ee\\\/#organization\"},\"potentialAction\":[{\"@type\":\"SearchAction\",\"target\":{\"@type\":\"EntryPoint\",\"urlTemplate\":\"https:\\\/\\\/adexa.ee\\\/?s={search_term_string}\"},\"query-input\":{\"@type\":\"PropertyValueSpecification\",\"valueRequired\":true,\"valueName\":\"search_term_string\"}}],\"inLanguage\":\"en-US\"},{\"@type\":\"Organization\",\"@id\":\"https:\\\/\\\/adexa.ee\\\/#organization\",\"name\":\"Adexa\",\"url\":\"https:\\\/\\\/adexa.ee\\\/\",\"logo\":{\"@type\":\"ImageObject\",\"inLanguage\":\"en-US\",\"@id\":\"https:\\\/\\\/adexa.ee\\\/#\\\/schema\\\/logo\\\/image\\\/\",\"url\":\"https:\\\/\\\/adexa.ee\\\/wp-content\\\/uploads\\\/2024\\\/04\\\/chef-cooks-working-in-professional-kitchen-2023-11-27-05-07-39-utc-scaled.jpg\",\"contentUrl\":\"https:\\\/\\\/adexa.ee\\\/wp-content\\\/uploads\\\/2024\\\/04\\\/chef-cooks-working-in-professional-kitchen-2023-11-27-05-07-39-utc-scaled.jpg\",\"width\":2560,\"height\":1708,\"caption\":\"Adexa\"},\"image\":{\"@id\":\"https:\\\/\\\/adexa.ee\\\/#\\\/schema\\\/logo\\\/image\\\/\"}}]}<\/script>\n<!-- \/ Yoast SEO plugin. -->","yoast_head_json":{"title":"serveerimis-\/teenindus-\/koristusk\u00e4ru kapiga ja ustega, roostevaba teras, 3 tasapinda, 860x540x940 mm | Adexa RST3AD - Adexa \u2013 Suurk\u00f6\u00f6giseadmed restoranidele ja toitlustusele","robots":{"index":"index","follow":"follow","max-snippet":"max-snippet:-1","max-image-preview":"max-image-preview:large","max-video-preview":"max-video-preview:-1"},"canonical":"https:\/\/adexa.ee\/toode\/serveerimis-teenindus-koristuskaru-kapiga-ja-ustega-roostevaba-teras-3-tasapinda-860x540x940-mm-adexa-rst3ad\/","og_locale":"en_US","og_type":"article","og_title":"serveerimis-\/teenindus-\/koristusk\u00e4ru kapiga ja ustega, roostevaba teras, 3 tasapinda, 860x540x940 mm | Adexa RST3AD - Adexa \u2013 Suurk\u00f6\u00f6giseadmed restoranidele ja toitlustusele","og_description":"See serveerimisk\u00e4ru, millel on kolm vastupidavat kandikutasapinda, saab sujuvalt integreeruda igasse keskkonda. T\u00e4nu oma tugevale konstruktsioonile sobib see eriti h\u00e4sti","og_url":"https:\/\/adexa.ee\/toode\/serveerimis-teenindus-koristuskaru-kapiga-ja-ustega-roostevaba-teras-3-tasapinda-860x540x940-mm-adexa-rst3ad\/","og_site_name":"Adexa \u2013 Suurk\u00f6\u00f6giseadmed restoranidele ja toitlustusele","article_modified_time":"2026-03-30T20:35:18+00:00","og_image":[{"width":2000,"height":2000,"url":"https:\/\/adexa.ee\/wp-content\/uploads\/2024\/12\/RST3AD.jpg","type":"image\/jpeg"}],"twitter_card":"summary_large_image","twitter_misc":{"Est. reading time":"1 minute"},"schema":{"@context":"https:\/\/schema.org","@graph":[{"@type":"WebPage","@id":"https:\/\/adexa.ee\/toode\/serveerimis-teenindus-koristuskaru-kapiga-ja-ustega-roostevaba-teras-3-tasapinda-860x540x940-mm-adexa-rst3ad\/","url":"https:\/\/adexa.ee\/toode\/serveerimis-teenindus-koristuskaru-kapiga-ja-ustega-roostevaba-teras-3-tasapinda-860x540x940-mm-adexa-rst3ad\/","name":"serveerimis-\/teenindus-\/koristusk\u00e4ru kapiga ja ustega, roostevaba teras, 3 tasapinda, 860x540x940 mm | Adexa RST3AD - Adexa \u2013 Suurk\u00f6\u00f6giseadmed restoranidele ja toitlustusele","isPartOf":{"@id":"https:\/\/adexa.ee\/#website"},"primaryImageOfPage":{"@id":"https:\/\/adexa.ee\/toode\/serveerimis-teenindus-koristuskaru-kapiga-ja-ustega-roostevaba-teras-3-tasapinda-860x540x940-mm-adexa-rst3ad\/#primaryimage"},"image":{"@id":"https:\/\/adexa.ee\/toode\/serveerimis-teenindus-koristuskaru-kapiga-ja-ustega-roostevaba-teras-3-tasapinda-860x540x940-mm-adexa-rst3ad\/#primaryimage"},"thumbnailUrl":"https:\/\/adexa.ee\/wp-content\/uploads\/2024\/12\/RST3AD.jpg","datePublished":"2026-03-30T20:35:17+00:00","dateModified":"2026-03-30T20:35:18+00:00","breadcrumb":{"@id":"https:\/\/adexa.ee\/toode\/serveerimis-teenindus-koristuskaru-kapiga-ja-ustega-roostevaba-teras-3-tasapinda-860x540x940-mm-adexa-rst3ad\/#breadcrumb"},"inLanguage":"en-US","potentialAction":[{"@type":"ReadAction","target":["https:\/\/adexa.ee\/toode\/serveerimis-teenindus-koristuskaru-kapiga-ja-ustega-roostevaba-teras-3-tasapinda-860x540x940-mm-adexa-rst3ad\/"]}]},{"@type":"ImageObject","inLanguage":"en-US","@id":"https:\/\/adexa.ee\/toode\/serveerimis-teenindus-koristuskaru-kapiga-ja-ustega-roostevaba-teras-3-tasapinda-860x540x940-mm-adexa-rst3ad\/#primaryimage","url":"https:\/\/adexa.ee\/wp-content\/uploads\/2024\/12\/RST3AD.jpg","contentUrl":"https:\/\/adexa.ee\/wp-content\/uploads\/2024\/12\/RST3AD.jpg","width":2000,"height":2000},{"@type":"BreadcrumbList","@id":"https:\/\/adexa.ee\/toode\/serveerimis-teenindus-koristuskaru-kapiga-ja-ustega-roostevaba-teras-3-tasapinda-860x540x940-mm-adexa-rst3ad\/#breadcrumb","itemListElement":[{"@type":"ListItem","position":1,"name":"Home","item":"https:\/\/adexa.ee\/"},{"@type":"ListItem","position":2,"name":"Tooted","item":"https:\/\/adexa.ee\/pood\/"},{"@type":"ListItem","position":3,"name":"serveerimis-\/teenindus-\/koristusk\u00e4ru kapiga ja ustega, roostevaba teras, 3 tasapinda, 860x540x940 mm | Adexa RST3AD"}]},{"@type":"WebSite","@id":"https:\/\/adexa.ee\/#website","url":"https:\/\/adexa.ee\/","name":"Adexa","description":"","publisher":{"@id":"https:\/\/adexa.ee\/#organization"},"potentialAction":[{"@type":"SearchAction","target":{"@type":"EntryPoint","urlTemplate":"https:\/\/adexa.ee\/?s={search_term_string}"},"query-input":{"@type":"PropertyValueSpecification","valueRequired":true,"valueName":"search_term_string"}}],"inLanguage":"en-US"},{"@type":"Organization","@id":"https:\/\/adexa.ee\/#organization","name":"Adexa","url":"https:\/\/adexa.ee\/","logo":{"@type":"ImageObject","inLanguage":"en-US","@id":"https:\/\/adexa.ee\/#\/schema\/logo\/image\/","url":"https:\/\/adexa.ee\/wp-content\/uploads\/2024\/04\/chef-cooks-working-in-professional-kitchen-2023-11-27-05-07-39-utc-scaled.jpg","contentUrl":"https:\/\/adexa.ee\/wp-content\/uploads\/2024\/04\/chef-cooks-working-in-professional-kitchen-2023-11-27-05-07-39-utc-scaled.jpg","width":2560,"height":1708,"caption":"Adexa"},"image":{"@id":"https:\/\/adexa.ee\/#\/schema\/logo\/image\/"}}]}},"_links":{"self":[{"href":"https:\/\/adexa.ee\/en\/wp-json\/wp\/v2\/product\/10983","targetHints":{"allow":["GET"]}}],"collection":[{"href":"https:\/\/adexa.ee\/en\/wp-json\/wp\/v2\/product"}],"about":[{"href":"https:\/\/adexa.ee\/en\/wp-json\/wp\/v2\/types\/product"}],"wp:featuredmedia":[{"embeddable":true,"href":"https:\/\/adexa.ee\/en\/wp-json\/wp\/v2\/media\/10985"}],"wp:attachment":[{"href":"https:\/\/adexa.ee\/en\/wp-json\/wp\/v2\/media?parent=10983"}],"wp:term":[{"taxonomy":"product_brand","embeddable":true,"href":"https:\/\/adexa.ee\/en\/wp-json\/wp\/v2\/product_brand?post=10983"},{"taxonomy":"product_cat","embeddable":true,"href":"https:\/\/adexa.ee\/en\/wp-json\/wp\/v2\/product_cat?post=10983"},{"taxonomy":"product_tag","embeddable":true,"href":"https:\/\/adexa.ee\/en\/wp-json\/wp\/v2\/product_tag?post=10983"}],"curies":[{"name":"wp","href":"https:\/\/api.w.org\/{rel}","templated":true}]}}