{"id":11008,"date":"2026-03-26T09:15:55","date_gmt":"2026-03-26T07:15:55","guid":{"rendered":"https:\/\/adexa.ee\/toode\/kaubanduslik-rippuv-konsool-ribakuttekeha-valgustuse-ja-kettidega-900mm-adexa-xdhhb900n\/"},"modified":"2026-03-26T09:15:56","modified_gmt":"2026-03-26T07:15:56","slug":"rippuv-konsool-ribakuttekeha-valgustuse-ja-kettidega-900mm-adexa-xdhhb900n","status":"publish","type":"product","link":"https:\/\/adexa.ee\/en\/toode\/rippuv-konsool-ribakuttekeha-valgustuse-ja-kettidega-900mm-adexa-xdhhb900n\/","title":{"rendered":"Rippuv Konsool Ribak\u00fcttekeha, Valgustuse ja Kettidega 900mm | Adexa XDHHB900N"},"content":{"rendered":"<p>See tipptasemel elektrooniliselt k\u00f6etav \u00fchetasandiline konsool on ideaalne iga toitlustusasutuse jaoks. Tugev roostevabast terasest konstruktsioon ja kuumutatud valgustid tagavad, et kokkade t\u00f6\u00f6koht hoiab toidu soojas, kuni selle v\u00e4ljastamiseni. Toit s\u00e4ilitatakse ohutus, serveerimiseks valmis temperatuuril ja seadmel on ka l\u00f5pmatu temperatuuriregulaator, et hoida toitu soovitud temperatuuril.<\/p>\n<p>Ideaalne kasutamiseks teie kohvikus, restoranis, buffetliinil v\u00f5i mujal, kus vaja hoida ettevalmistatud toite kuivamisest v\u00f5i \u00fclevalmistamisest &#8211; tagamaks, et serveeritav toit n\u00e4eks v\u00e4lja ja maitseks iga kord suurep\u00e4raselt. <\/p>\n<p>Dokumendid<\/p>\n<p>Kl\u00f5psake siin, et alla laadida kasutusjuhend<\/p>\n<p>Palun vaadake jaotust &#8220;Spetsifikatsioon&#8221; \u00fcksikasjaliku teabe saamiseks.<\/p>\n<table style=\"border-collapse: collapse; width: 100%; text-align: left;\">\n<tbody>\n<tr>\n<td style=\"border: 1px solid #ddd; padding: 8px; width: 45%;\"><strong>S\u00fcgavus<\/strong><\/td>\n<td style=\"border: 1px solid #ddd; padding: 8px;\">200 mm<\/td>\n<\/tr>\n<tr>\n<td style=\"border: 1px solid #ddd; padding: 8px; width: 45%;\"><strong>K\u00f5rgus<\/strong><\/td>\n<td style=\"border: 1px solid #ddd; padding: 8px;\">75 mm \/ 115 mm (koos kinnitustega)<\/td>\n<\/tr>\n<tr>\n<td style=\"border: 1px solid #ddd; padding: 8px; width: 45%;\"><strong>Laius<\/strong><\/td>\n<td style=\"border: 1px solid #ddd; padding: 8px;\">900 mm<\/td>\n<\/tr>\n<tr>\n<td style=\"border: 1px solid #ddd; padding: 8px; width: 45%;\"><strong>Kaal<\/strong><\/td>\n<td style=\"border: 1px solid #ddd; padding: 8px;\">3,2 kg<\/td>\n<\/tr>\n<tr>\n<td style=\"border: 1px solid #ddd; padding: 8px; width: 45%;\"><strong>Garantii<\/strong><\/td>\n<td style=\"border: 1px solid #ddd; padding: 8px;\">12 kuu varuosade garantii<\/td>\n<\/tr>\n<tr>\n<td style=\"border: 1px solid #ddd; padding: 8px; width: 45%;\"><strong>Toiteallikas<\/strong><\/td>\n<td style=\"border: 1px solid #ddd; padding: 8px;\">230V \/ 1 faas<\/td>\n<\/tr>\n<tr>\n<td style=\"border: 1px solid #ddd; padding: 8px; width: 45%;\"><strong>V\u00f5imsus<\/strong><\/td>\n<td style=\"border: 1px solid #ddd; padding: 8px;\">900W<\/td>\n<\/tr>\n<tr>\n<td style=\"border: 1px solid #ddd; padding: 8px; width: 45%;\"><strong>Materjal<\/strong><\/td>\n<td style=\"border: 1px solid #ddd; padding: 8px;\">Roostevaba teras<\/td>\n<\/tr>\n<\/tbody>\n<\/table>\n","protected":false},"excerpt":{"rendered":"<p>See tipptasemel elektrooniliselt k\u00f6etav \u00fchetasandiline konsool on ideaalne iga toitlustusasutuse jaoks. Tugev roostevabast terasest konstruktsioon ja kuumutatud valgustid tagavad, et<\/p>\n","protected":false},"featured_media":11015,"template":"","meta":[],"product_brand":[],"product_cat":[557,777,572,559,558,633,697],"product_tag":[],"class_list":{"0":"post-11008","1":"product","2":"type-product","3":"status-publish","4":"has-post-thumbnail","6":"product_cat-kupsetusseadmed","7":"product_cat-ribakutteseadmed","8":"product_cat-roostevabad-tooted","9":"product_cat-soojuslambid-ja-soojusribad","10":"product_cat-toidu-soojendamine","11":"product_cat-toidu-valjastamise-tasapinnad","12":"product_cat-ula-ja-valjastustasapinnad-1-tase","14":"first","15":"instock","16":"sale","17":"taxable","18":"shipping-taxable","19":"purchasable","20":"product-type-simple"},"yoast_head":"<!-- This site is optimized with the Yoast SEO plugin v27.3 - https:\/\/yoast.com\/product\/yoast-seo-wordpress\/ -->\n<title>Rippuv Konsool Ribak\u00fcttekeha, Valgustuse ja Kettidega 900mm | Adexa XDHHB900N - Adexa \u2013 Suurk\u00f6\u00f6giseadmed restoranidele ja toitlustusele<\/title>\n<meta name=\"robots\" content=\"index, follow, max-snippet:-1, max-image-preview:large, max-video-preview:-1\" \/>\n<link rel=\"canonical\" href=\"https:\/\/adexa.ee\/toode\/rippuv-konsool-ribakuttekeha-valgustuse-ja-kettidega-900mm-adexa-xdhhb900n\/\" \/>\n<meta property=\"og:locale\" content=\"en_US\" \/>\n<meta property=\"og:type\" content=\"article\" \/>\n<meta property=\"og:title\" content=\"Rippuv Konsool Ribak\u00fcttekeha, Valgustuse ja Kettidega 900mm | Adexa XDHHB900N - Adexa \u2013 Suurk\u00f6\u00f6giseadmed restoranidele ja toitlustusele\" \/>\n<meta property=\"og:description\" content=\"See tipptasemel elektrooniliselt k\u00f6etav \u00fchetasandiline konsool on ideaalne iga toitlustusasutuse jaoks. Tugev roostevabast terasest konstruktsioon ja kuumutatud valgustid tagavad, et\" \/>\n<meta property=\"og:url\" content=\"https:\/\/adexa.ee\/toode\/rippuv-konsool-ribakuttekeha-valgustuse-ja-kettidega-900mm-adexa-xdhhb900n\/\" \/>\n<meta property=\"og:site_name\" content=\"Adexa \u2013 Suurk\u00f6\u00f6giseadmed restoranidele ja toitlustusele\" \/>\n<meta property=\"article:modified_time\" content=\"2026-03-26T07:15:56+00:00\" \/>\n<meta property=\"og:image\" content=\"https:\/\/adexa.ee\/wp-content\/uploads\/2024\/12\/XDHHBX00N-.jpg\" \/>\n\t<meta property=\"og:image:width\" content=\"2000\" \/>\n\t<meta property=\"og:image:height\" content=\"2000\" \/>\n\t<meta property=\"og:image:type\" content=\"image\/jpeg\" \/>\n<meta name=\"twitter:card\" content=\"summary_large_image\" \/>\n<meta name=\"twitter:label1\" content=\"Est. reading time\" \/>\n\t<meta name=\"twitter:data1\" content=\"1 minute\" \/>\n<script type=\"application\/ld+json\" class=\"yoast-schema-graph\">{\"@context\":\"https:\\\/\\\/schema.org\",\"@graph\":[{\"@type\":\"WebPage\",\"@id\":\"https:\\\/\\\/adexa.ee\\\/toode\\\/rippuv-konsool-ribakuttekeha-valgustuse-ja-kettidega-900mm-adexa-xdhhb900n\\\/\",\"url\":\"https:\\\/\\\/adexa.ee\\\/toode\\\/rippuv-konsool-ribakuttekeha-valgustuse-ja-kettidega-900mm-adexa-xdhhb900n\\\/\",\"name\":\"Rippuv Konsool Ribak\u00fcttekeha, Valgustuse ja Kettidega 900mm | Adexa XDHHB900N - Adexa \u2013 Suurk\u00f6\u00f6giseadmed restoranidele ja toitlustusele\",\"isPartOf\":{\"@id\":\"https:\\\/\\\/adexa.ee\\\/#website\"},\"primaryImageOfPage\":{\"@id\":\"https:\\\/\\\/adexa.ee\\\/toode\\\/rippuv-konsool-ribakuttekeha-valgustuse-ja-kettidega-900mm-adexa-xdhhb900n\\\/#primaryimage\"},\"image\":{\"@id\":\"https:\\\/\\\/adexa.ee\\\/toode\\\/rippuv-konsool-ribakuttekeha-valgustuse-ja-kettidega-900mm-adexa-xdhhb900n\\\/#primaryimage\"},\"thumbnailUrl\":\"https:\\\/\\\/adexa.ee\\\/wp-content\\\/uploads\\\/2024\\\/12\\\/XDHHBX00N-.jpg\",\"datePublished\":\"2026-03-26T07:15:55+00:00\",\"dateModified\":\"2026-03-26T07:15:56+00:00\",\"breadcrumb\":{\"@id\":\"https:\\\/\\\/adexa.ee\\\/toode\\\/rippuv-konsool-ribakuttekeha-valgustuse-ja-kettidega-900mm-adexa-xdhhb900n\\\/#breadcrumb\"},\"inLanguage\":\"en-US\",\"potentialAction\":[{\"@type\":\"ReadAction\",\"target\":[\"https:\\\/\\\/adexa.ee\\\/toode\\\/rippuv-konsool-ribakuttekeha-valgustuse-ja-kettidega-900mm-adexa-xdhhb900n\\\/\"]}]},{\"@type\":\"ImageObject\",\"inLanguage\":\"en-US\",\"@id\":\"https:\\\/\\\/adexa.ee\\\/toode\\\/rippuv-konsool-ribakuttekeha-valgustuse-ja-kettidega-900mm-adexa-xdhhb900n\\\/#primaryimage\",\"url\":\"https:\\\/\\\/adexa.ee\\\/wp-content\\\/uploads\\\/2024\\\/12\\\/XDHHBX00N-.jpg\",\"contentUrl\":\"https:\\\/\\\/adexa.ee\\\/wp-content\\\/uploads\\\/2024\\\/12\\\/XDHHBX00N-.jpg\",\"width\":2000,\"height\":2000},{\"@type\":\"BreadcrumbList\",\"@id\":\"https:\\\/\\\/adexa.ee\\\/toode\\\/rippuv-konsool-ribakuttekeha-valgustuse-ja-kettidega-900mm-adexa-xdhhb900n\\\/#breadcrumb\",\"itemListElement\":[{\"@type\":\"ListItem\",\"position\":1,\"name\":\"Home\",\"item\":\"https:\\\/\\\/adexa.ee\\\/\"},{\"@type\":\"ListItem\",\"position\":2,\"name\":\"Tooted\",\"item\":\"https:\\\/\\\/adexa.ee\\\/pood\\\/\"},{\"@type\":\"ListItem\",\"position\":3,\"name\":\"Rippuv Konsool Ribak\u00fcttekeha, Valgustuse ja Kettidega 900mm | Adexa XDHHB900N\"}]},{\"@type\":\"WebSite\",\"@id\":\"https:\\\/\\\/adexa.ee\\\/#website\",\"url\":\"https:\\\/\\\/adexa.ee\\\/\",\"name\":\"Adexa\",\"description\":\"\",\"publisher\":{\"@id\":\"https:\\\/\\\/adexa.ee\\\/#organization\"},\"potentialAction\":[{\"@type\":\"SearchAction\",\"target\":{\"@type\":\"EntryPoint\",\"urlTemplate\":\"https:\\\/\\\/adexa.ee\\\/?s={search_term_string}\"},\"query-input\":{\"@type\":\"PropertyValueSpecification\",\"valueRequired\":true,\"valueName\":\"search_term_string\"}}],\"inLanguage\":\"en-US\"},{\"@type\":\"Organization\",\"@id\":\"https:\\\/\\\/adexa.ee\\\/#organization\",\"name\":\"Adexa\",\"url\":\"https:\\\/\\\/adexa.ee\\\/\",\"logo\":{\"@type\":\"ImageObject\",\"inLanguage\":\"en-US\",\"@id\":\"https:\\\/\\\/adexa.ee\\\/#\\\/schema\\\/logo\\\/image\\\/\",\"url\":\"https:\\\/\\\/adexa.ee\\\/wp-content\\\/uploads\\\/2024\\\/04\\\/chef-cooks-working-in-professional-kitchen-2023-11-27-05-07-39-utc-scaled.jpg\",\"contentUrl\":\"https:\\\/\\\/adexa.ee\\\/wp-content\\\/uploads\\\/2024\\\/04\\\/chef-cooks-working-in-professional-kitchen-2023-11-27-05-07-39-utc-scaled.jpg\",\"width\":2560,\"height\":1708,\"caption\":\"Adexa\"},\"image\":{\"@id\":\"https:\\\/\\\/adexa.ee\\\/#\\\/schema\\\/logo\\\/image\\\/\"}}]}<\/script>\n<!-- \/ Yoast SEO plugin. -->","yoast_head_json":{"title":"Rippuv Konsool Ribak\u00fcttekeha, Valgustuse ja Kettidega 900mm | Adexa XDHHB900N - Adexa \u2013 Suurk\u00f6\u00f6giseadmed restoranidele ja toitlustusele","robots":{"index":"index","follow":"follow","max-snippet":"max-snippet:-1","max-image-preview":"max-image-preview:large","max-video-preview":"max-video-preview:-1"},"canonical":"https:\/\/adexa.ee\/toode\/rippuv-konsool-ribakuttekeha-valgustuse-ja-kettidega-900mm-adexa-xdhhb900n\/","og_locale":"en_US","og_type":"article","og_title":"Rippuv Konsool Ribak\u00fcttekeha, Valgustuse ja Kettidega 900mm | Adexa XDHHB900N - Adexa \u2013 Suurk\u00f6\u00f6giseadmed restoranidele ja toitlustusele","og_description":"See tipptasemel elektrooniliselt k\u00f6etav \u00fchetasandiline konsool on ideaalne iga toitlustusasutuse jaoks. Tugev roostevabast terasest konstruktsioon ja kuumutatud valgustid tagavad, et","og_url":"https:\/\/adexa.ee\/toode\/rippuv-konsool-ribakuttekeha-valgustuse-ja-kettidega-900mm-adexa-xdhhb900n\/","og_site_name":"Adexa \u2013 Suurk\u00f6\u00f6giseadmed restoranidele ja toitlustusele","article_modified_time":"2026-03-26T07:15:56+00:00","og_image":[{"width":2000,"height":2000,"url":"https:\/\/adexa.ee\/wp-content\/uploads\/2024\/12\/XDHHBX00N-.jpg","type":"image\/jpeg"}],"twitter_card":"summary_large_image","twitter_misc":{"Est. reading time":"1 minute"},"schema":{"@context":"https:\/\/schema.org","@graph":[{"@type":"WebPage","@id":"https:\/\/adexa.ee\/toode\/rippuv-konsool-ribakuttekeha-valgustuse-ja-kettidega-900mm-adexa-xdhhb900n\/","url":"https:\/\/adexa.ee\/toode\/rippuv-konsool-ribakuttekeha-valgustuse-ja-kettidega-900mm-adexa-xdhhb900n\/","name":"Rippuv Konsool Ribak\u00fcttekeha, Valgustuse ja Kettidega 900mm | Adexa XDHHB900N - Adexa \u2013 Suurk\u00f6\u00f6giseadmed restoranidele ja toitlustusele","isPartOf":{"@id":"https:\/\/adexa.ee\/#website"},"primaryImageOfPage":{"@id":"https:\/\/adexa.ee\/toode\/rippuv-konsool-ribakuttekeha-valgustuse-ja-kettidega-900mm-adexa-xdhhb900n\/#primaryimage"},"image":{"@id":"https:\/\/adexa.ee\/toode\/rippuv-konsool-ribakuttekeha-valgustuse-ja-kettidega-900mm-adexa-xdhhb900n\/#primaryimage"},"thumbnailUrl":"https:\/\/adexa.ee\/wp-content\/uploads\/2024\/12\/XDHHBX00N-.jpg","datePublished":"2026-03-26T07:15:55+00:00","dateModified":"2026-03-26T07:15:56+00:00","breadcrumb":{"@id":"https:\/\/adexa.ee\/toode\/rippuv-konsool-ribakuttekeha-valgustuse-ja-kettidega-900mm-adexa-xdhhb900n\/#breadcrumb"},"inLanguage":"en-US","potentialAction":[{"@type":"ReadAction","target":["https:\/\/adexa.ee\/toode\/rippuv-konsool-ribakuttekeha-valgustuse-ja-kettidega-900mm-adexa-xdhhb900n\/"]}]},{"@type":"ImageObject","inLanguage":"en-US","@id":"https:\/\/adexa.ee\/toode\/rippuv-konsool-ribakuttekeha-valgustuse-ja-kettidega-900mm-adexa-xdhhb900n\/#primaryimage","url":"https:\/\/adexa.ee\/wp-content\/uploads\/2024\/12\/XDHHBX00N-.jpg","contentUrl":"https:\/\/adexa.ee\/wp-content\/uploads\/2024\/12\/XDHHBX00N-.jpg","width":2000,"height":2000},{"@type":"BreadcrumbList","@id":"https:\/\/adexa.ee\/toode\/rippuv-konsool-ribakuttekeha-valgustuse-ja-kettidega-900mm-adexa-xdhhb900n\/#breadcrumb","itemListElement":[{"@type":"ListItem","position":1,"name":"Home","item":"https:\/\/adexa.ee\/"},{"@type":"ListItem","position":2,"name":"Tooted","item":"https:\/\/adexa.ee\/pood\/"},{"@type":"ListItem","position":3,"name":"Rippuv Konsool Ribak\u00fcttekeha, Valgustuse ja Kettidega 900mm | Adexa XDHHB900N"}]},{"@type":"WebSite","@id":"https:\/\/adexa.ee\/#website","url":"https:\/\/adexa.ee\/","name":"Adexa","description":"","publisher":{"@id":"https:\/\/adexa.ee\/#organization"},"potentialAction":[{"@type":"SearchAction","target":{"@type":"EntryPoint","urlTemplate":"https:\/\/adexa.ee\/?s={search_term_string}"},"query-input":{"@type":"PropertyValueSpecification","valueRequired":true,"valueName":"search_term_string"}}],"inLanguage":"en-US"},{"@type":"Organization","@id":"https:\/\/adexa.ee\/#organization","name":"Adexa","url":"https:\/\/adexa.ee\/","logo":{"@type":"ImageObject","inLanguage":"en-US","@id":"https:\/\/adexa.ee\/#\/schema\/logo\/image\/","url":"https:\/\/adexa.ee\/wp-content\/uploads\/2024\/04\/chef-cooks-working-in-professional-kitchen-2023-11-27-05-07-39-utc-scaled.jpg","contentUrl":"https:\/\/adexa.ee\/wp-content\/uploads\/2024\/04\/chef-cooks-working-in-professional-kitchen-2023-11-27-05-07-39-utc-scaled.jpg","width":2560,"height":1708,"caption":"Adexa"},"image":{"@id":"https:\/\/adexa.ee\/#\/schema\/logo\/image\/"}}]}},"_links":{"self":[{"href":"https:\/\/adexa.ee\/en\/wp-json\/wp\/v2\/product\/11008","targetHints":{"allow":["GET"]}}],"collection":[{"href":"https:\/\/adexa.ee\/en\/wp-json\/wp\/v2\/product"}],"about":[{"href":"https:\/\/adexa.ee\/en\/wp-json\/wp\/v2\/types\/product"}],"wp:featuredmedia":[{"embeddable":true,"href":"https:\/\/adexa.ee\/en\/wp-json\/wp\/v2\/media\/11015"}],"wp:attachment":[{"href":"https:\/\/adexa.ee\/en\/wp-json\/wp\/v2\/media?parent=11008"}],"wp:term":[{"taxonomy":"product_brand","embeddable":true,"href":"https:\/\/adexa.ee\/en\/wp-json\/wp\/v2\/product_brand?post=11008"},{"taxonomy":"product_cat","embeddable":true,"href":"https:\/\/adexa.ee\/en\/wp-json\/wp\/v2\/product_cat?post=11008"},{"taxonomy":"product_tag","embeddable":true,"href":"https:\/\/adexa.ee\/en\/wp-json\/wp\/v2\/product_tag?post=11008"}],"curies":[{"name":"wp","href":"https:\/\/api.w.org\/{rel}","templated":true}]}}