{"id":11017,"date":"2026-03-26T09:15:55","date_gmt":"2026-03-26T07:15:55","guid":{"rendered":"https:\/\/adexa.ee\/toode\/ulalt-laetav-epp-isolatsiooniga-toidutransportoor-termokast-32-liitrit-komplektis-2xgn1-2-konteinerit-kaane-ja-kaepidemega-adexa-whepp212\/"},"modified":"2026-03-26T09:15:56","modified_gmt":"2026-03-26T07:15:56","slug":"epp-isolatsiooniga-toidutranspordi-kast-termokast-32-liitrit-komplektis-2xgn1-2-noud-kaane-ja-kaepidemega-adexa-whepp212","status":"publish","type":"product","link":"https:\/\/adexa.ee\/en\/toode\/epp-isolatsiooniga-toidutranspordi-kast-termokast-32-liitrit-komplektis-2xgn1-2-noud-kaane-ja-kaepidemega-adexa-whepp212\/","title":{"rendered":"EPP Isolatsiooniga Toidutranspordi kast \/ Termokast 32 liitrit, komplektis 2xGN1\/2 n\u00f5ud kaane ja k\u00e4epidemega | Adexa WHEPP212"},"content":{"rendered":"<p>Suurep\u00e4rase isolatsiooni ja vastupidava struktuuriga, valmistatud CFC-vabast laiendatud pol\u00fcprop\u00fcleenist (EPP), need pagarikastide termokastid on vastupidavad, kerged ja virnastatavad, samuti h\u00fcgieenilised ja n\u00f5udepesumasinas pestavad! See transport\u00f6\u00f6r sobib ideaalselt kuuma, k\u00fclma ja v\u00e4rske toidu jaoks, mida toetab tihedalt suletav kaas. See konkreetne ese on \u00fclalt laetav ja spetsiaalselt valmistatud GN pannide jaoks, selle termokastiga on kaasas ka ergonoomilised k\u00e4epidemed, mis muudavad selle kandmise ja transportimise veelgi lihtsamaks. Mahutavus: 32 liitrit Sobib j\u00e4rgmistele: 1 x GN1\/1, 2 x GN2\/2 &#038; 3 x GN1\/3 GN panni s\u00fcgavus: maksimaalselt 200 mm V\u00e4rv: Must 595x380x280mm Sisemine m\u00f5\u00f5de: 510x303x205mm Palun vaadake detailinfo saamiseks rubriiki &#8216;Spetsifikatsioon&#8217;.<\/p>\n<table style=\"border-collapse: collapse; width: 100%; text-align: left;\">\n<tbody>\n<tr>\n<td style=\"border: 1px solid #ddd; padding: 8px; width: 45%;\"><strong>S\u00fcgavus<\/strong><\/td>\n<td style=\"border: 1px solid #ddd; padding: 8px;\">380 mm<\/td>\n<\/tr>\n<tr>\n<td style=\"border: 1px solid #ddd; padding: 8px; width: 45%;\"><strong>K\u00f5rgus<\/strong><\/td>\n<td style=\"border: 1px solid #ddd; padding: 8px;\">280 mm<\/td>\n<\/tr>\n<tr>\n<td style=\"border: 1px solid #ddd; padding: 8px; width: 45%;\"><strong>Kaal<\/strong><\/td>\n<td style=\"border: 1px solid #ddd; padding: 8px;\">4,2 kg<\/td>\n<\/tr>\n<tr>\n<td style=\"border: 1px solid #ddd; padding: 8px; width: 45%;\"><strong>Mahutavus<\/strong><\/td>\n<td style=\"border: 1px solid #ddd; padding: 8px;\">32 liitrit<\/td>\n<\/tr>\n<tr>\n<td style=\"border: 1px solid #ddd; padding: 8px; width: 45%;\"><strong>Materjal<\/strong><\/td>\n<td style=\"border: 1px solid #ddd; padding: 8px;\">CFC-vaba paisutatud pol\u00fcprop\u00fcleen (EPP)<\/td>\n<\/tr>\n<tr>\n<td style=\"border: 1px solid #ddd; padding: 8px; width: 45%;\"><strong>Kaasas<\/strong><\/td>\n<td style=\"border: 1px solid #ddd; padding: 8px;\">2 x GN1\/2 konteinerit kaane ja k\u00e4epidemega (200mm s\u00fcgav)<\/td>\n<\/tr>\n<tr>\n<td style=\"border: 1px solid #ddd; padding: 8px; width: 45%;\"><strong>V\u00e4rv<\/strong><\/td>\n<td style=\"border: 1px solid #ddd; padding: 8px;\">Must<\/td>\n<\/tr>\n<tr>\n<td style=\"border: 1px solid #ddd; padding: 8px; width: 45%;\"><strong>M\u00f5\u00f5tmed (sisene)<\/strong><\/td>\n<td style=\"border: 1px solid #ddd; padding: 8px;\">510x303x205 mm<\/td>\n<\/tr>\n<\/tbody>\n<\/table>\n","protected":false},"excerpt":{"rendered":"<p>Suurep\u00e4rase isolatsiooni ja vastupidava struktuuriga, valmistatud CFC-vabast laiendatud pol\u00fcprop\u00fcleenist (EPP), need pagarikastide termokastid on vastupidavad, kerged ja virnastatavad, samuti h\u00fcgieenilised<\/p>\n","protected":false},"featured_media":11019,"template":"","meta":[],"product_brand":[],"product_cat":[3813,3833,585,579,665,572,601,602,586],"product_tag":[],"class_list":{"0":"post-11017","1":"product","2":"type-product","3":"status-publish","4":"has-post-thumbnail","6":"product_cat-roostevabast-terasest-gn-noud-ja-anumad","7":"product_cat-uued-tooted","8":"product_cat-gn-noud","9":"product_cat-koogitarbed-noud","10":"product_cat-ladustamine-transport","11":"product_cat-roostevabad-tooted","12":"product_cat-roostevabast-terasest-gn-noud","13":"product_cat-roostevabast-terasest-gn-konteinerid-ja-potid","14":"product_cat-serveerimine","16":"first","17":"instock","18":"sale","19":"taxable","20":"shipping-taxable","21":"purchasable","22":"product-type-simple"},"yoast_head":"<!-- This site is optimized with the Yoast SEO plugin v27.3 - https:\/\/yoast.com\/product\/yoast-seo-wordpress\/ -->\n<title>EPP Isolatsiooniga Toidutranspordi kast \/ Termokast 32 liitrit, komplektis 2xGN1\/2 n\u00f5ud kaane ja k\u00e4epidemega | Adexa WHEPP212 - Adexa \u2013 Suurk\u00f6\u00f6giseadmed restoranidele ja toitlustusele<\/title>\n<meta name=\"robots\" content=\"index, follow, max-snippet:-1, max-image-preview:large, max-video-preview:-1\" \/>\n<link rel=\"canonical\" href=\"https:\/\/adexa.ee\/toode\/epp-isolatsiooniga-toidutranspordi-kast-termokast-32-liitrit-komplektis-2xgn1-2-noud-kaane-ja-kaepidemega-adexa-whepp212\/\" \/>\n<meta property=\"og:locale\" content=\"en_US\" \/>\n<meta property=\"og:type\" content=\"article\" \/>\n<meta property=\"og:title\" content=\"EPP Isolatsiooniga Toidutranspordi kast \/ Termokast 32 liitrit, komplektis 2xGN1\/2 n\u00f5ud kaane ja k\u00e4epidemega | Adexa WHEPP212 - Adexa \u2013 Suurk\u00f6\u00f6giseadmed restoranidele ja toitlustusele\" \/>\n<meta property=\"og:description\" content=\"Suurep\u00e4rase isolatsiooni ja vastupidava struktuuriga, valmistatud CFC-vabast laiendatud pol\u00fcprop\u00fcleenist (EPP), need pagarikastide termokastid on vastupidavad, kerged ja virnastatavad, samuti h\u00fcgieenilised\" \/>\n<meta property=\"og:url\" content=\"https:\/\/adexa.ee\/toode\/epp-isolatsiooniga-toidutranspordi-kast-termokast-32-liitrit-komplektis-2xgn1-2-noud-kaane-ja-kaepidemega-adexa-whepp212\/\" \/>\n<meta property=\"og:site_name\" content=\"Adexa \u2013 Suurk\u00f6\u00f6giseadmed restoranidele ja toitlustusele\" \/>\n<meta property=\"article:modified_time\" content=\"2026-03-26T07:15:56+00:00\" \/>\n<meta property=\"og:image\" content=\"https:\/\/adexa.ee\/wp-content\/uploads\/2024\/12\/WHEPP212.jpg\" \/>\n\t<meta property=\"og:image:width\" content=\"1021\" \/>\n\t<meta property=\"og:image:height\" content=\"1021\" \/>\n\t<meta property=\"og:image:type\" content=\"image\/jpeg\" \/>\n<meta name=\"twitter:card\" content=\"summary_large_image\" \/>\n<meta name=\"twitter:label1\" content=\"Est. reading time\" \/>\n\t<meta name=\"twitter:data1\" content=\"1 minute\" \/>\n<script type=\"application\/ld+json\" class=\"yoast-schema-graph\">{\"@context\":\"https:\\\/\\\/schema.org\",\"@graph\":[{\"@type\":\"WebPage\",\"@id\":\"https:\\\/\\\/adexa.ee\\\/toode\\\/epp-isolatsiooniga-toidutranspordi-kast-termokast-32-liitrit-komplektis-2xgn1-2-noud-kaane-ja-kaepidemega-adexa-whepp212\\\/\",\"url\":\"https:\\\/\\\/adexa.ee\\\/toode\\\/epp-isolatsiooniga-toidutranspordi-kast-termokast-32-liitrit-komplektis-2xgn1-2-noud-kaane-ja-kaepidemega-adexa-whepp212\\\/\",\"name\":\"EPP Isolatsiooniga Toidutranspordi kast \\\/ Termokast 32 liitrit, komplektis 2xGN1\\\/2 n\u00f5ud kaane ja k\u00e4epidemega | Adexa WHEPP212 - Adexa \u2013 Suurk\u00f6\u00f6giseadmed restoranidele ja toitlustusele\",\"isPartOf\":{\"@id\":\"https:\\\/\\\/adexa.ee\\\/#website\"},\"primaryImageOfPage\":{\"@id\":\"https:\\\/\\\/adexa.ee\\\/toode\\\/epp-isolatsiooniga-toidutranspordi-kast-termokast-32-liitrit-komplektis-2xgn1-2-noud-kaane-ja-kaepidemega-adexa-whepp212\\\/#primaryimage\"},\"image\":{\"@id\":\"https:\\\/\\\/adexa.ee\\\/toode\\\/epp-isolatsiooniga-toidutranspordi-kast-termokast-32-liitrit-komplektis-2xgn1-2-noud-kaane-ja-kaepidemega-adexa-whepp212\\\/#primaryimage\"},\"thumbnailUrl\":\"https:\\\/\\\/adexa.ee\\\/wp-content\\\/uploads\\\/2024\\\/12\\\/WHEPP212.jpg\",\"datePublished\":\"2026-03-26T07:15:55+00:00\",\"dateModified\":\"2026-03-26T07:15:56+00:00\",\"breadcrumb\":{\"@id\":\"https:\\\/\\\/adexa.ee\\\/toode\\\/epp-isolatsiooniga-toidutranspordi-kast-termokast-32-liitrit-komplektis-2xgn1-2-noud-kaane-ja-kaepidemega-adexa-whepp212\\\/#breadcrumb\"},\"inLanguage\":\"en-US\",\"potentialAction\":[{\"@type\":\"ReadAction\",\"target\":[\"https:\\\/\\\/adexa.ee\\\/toode\\\/epp-isolatsiooniga-toidutranspordi-kast-termokast-32-liitrit-komplektis-2xgn1-2-noud-kaane-ja-kaepidemega-adexa-whepp212\\\/\"]}]},{\"@type\":\"ImageObject\",\"inLanguage\":\"en-US\",\"@id\":\"https:\\\/\\\/adexa.ee\\\/toode\\\/epp-isolatsiooniga-toidutranspordi-kast-termokast-32-liitrit-komplektis-2xgn1-2-noud-kaane-ja-kaepidemega-adexa-whepp212\\\/#primaryimage\",\"url\":\"https:\\\/\\\/adexa.ee\\\/wp-content\\\/uploads\\\/2024\\\/12\\\/WHEPP212.jpg\",\"contentUrl\":\"https:\\\/\\\/adexa.ee\\\/wp-content\\\/uploads\\\/2024\\\/12\\\/WHEPP212.jpg\",\"width\":1021,\"height\":1021},{\"@type\":\"BreadcrumbList\",\"@id\":\"https:\\\/\\\/adexa.ee\\\/toode\\\/epp-isolatsiooniga-toidutranspordi-kast-termokast-32-liitrit-komplektis-2xgn1-2-noud-kaane-ja-kaepidemega-adexa-whepp212\\\/#breadcrumb\",\"itemListElement\":[{\"@type\":\"ListItem\",\"position\":1,\"name\":\"Home\",\"item\":\"https:\\\/\\\/adexa.ee\\\/\"},{\"@type\":\"ListItem\",\"position\":2,\"name\":\"Tooted\",\"item\":\"https:\\\/\\\/adexa.ee\\\/pood\\\/\"},{\"@type\":\"ListItem\",\"position\":3,\"name\":\"EPP Isolatsiooniga Toidutranspordi kast \\\/ Termokast 32 liitrit, komplektis 2xGN1\\\/2 n\u00f5ud kaane ja k\u00e4epidemega | Adexa WHEPP212\"}]},{\"@type\":\"WebSite\",\"@id\":\"https:\\\/\\\/adexa.ee\\\/#website\",\"url\":\"https:\\\/\\\/adexa.ee\\\/\",\"name\":\"Adexa\",\"description\":\"\",\"publisher\":{\"@id\":\"https:\\\/\\\/adexa.ee\\\/#organization\"},\"potentialAction\":[{\"@type\":\"SearchAction\",\"target\":{\"@type\":\"EntryPoint\",\"urlTemplate\":\"https:\\\/\\\/adexa.ee\\\/?s={search_term_string}\"},\"query-input\":{\"@type\":\"PropertyValueSpecification\",\"valueRequired\":true,\"valueName\":\"search_term_string\"}}],\"inLanguage\":\"en-US\"},{\"@type\":\"Organization\",\"@id\":\"https:\\\/\\\/adexa.ee\\\/#organization\",\"name\":\"Adexa\",\"url\":\"https:\\\/\\\/adexa.ee\\\/\",\"logo\":{\"@type\":\"ImageObject\",\"inLanguage\":\"en-US\",\"@id\":\"https:\\\/\\\/adexa.ee\\\/#\\\/schema\\\/logo\\\/image\\\/\",\"url\":\"https:\\\/\\\/adexa.ee\\\/wp-content\\\/uploads\\\/2024\\\/04\\\/chef-cooks-working-in-professional-kitchen-2023-11-27-05-07-39-utc-scaled.jpg\",\"contentUrl\":\"https:\\\/\\\/adexa.ee\\\/wp-content\\\/uploads\\\/2024\\\/04\\\/chef-cooks-working-in-professional-kitchen-2023-11-27-05-07-39-utc-scaled.jpg\",\"width\":2560,\"height\":1708,\"caption\":\"Adexa\"},\"image\":{\"@id\":\"https:\\\/\\\/adexa.ee\\\/#\\\/schema\\\/logo\\\/image\\\/\"}}]}<\/script>\n<!-- \/ Yoast SEO plugin. -->","yoast_head_json":{"title":"EPP Isolatsiooniga Toidutranspordi kast \/ Termokast 32 liitrit, komplektis 2xGN1\/2 n\u00f5ud kaane ja k\u00e4epidemega | Adexa WHEPP212 - Adexa \u2013 Suurk\u00f6\u00f6giseadmed restoranidele ja toitlustusele","robots":{"index":"index","follow":"follow","max-snippet":"max-snippet:-1","max-image-preview":"max-image-preview:large","max-video-preview":"max-video-preview:-1"},"canonical":"https:\/\/adexa.ee\/toode\/epp-isolatsiooniga-toidutranspordi-kast-termokast-32-liitrit-komplektis-2xgn1-2-noud-kaane-ja-kaepidemega-adexa-whepp212\/","og_locale":"en_US","og_type":"article","og_title":"EPP Isolatsiooniga Toidutranspordi kast \/ Termokast 32 liitrit, komplektis 2xGN1\/2 n\u00f5ud kaane ja k\u00e4epidemega | Adexa WHEPP212 - Adexa \u2013 Suurk\u00f6\u00f6giseadmed restoranidele ja toitlustusele","og_description":"Suurep\u00e4rase isolatsiooni ja vastupidava struktuuriga, valmistatud CFC-vabast laiendatud pol\u00fcprop\u00fcleenist (EPP), need pagarikastide termokastid on vastupidavad, kerged ja virnastatavad, samuti h\u00fcgieenilised","og_url":"https:\/\/adexa.ee\/toode\/epp-isolatsiooniga-toidutranspordi-kast-termokast-32-liitrit-komplektis-2xgn1-2-noud-kaane-ja-kaepidemega-adexa-whepp212\/","og_site_name":"Adexa \u2013 Suurk\u00f6\u00f6giseadmed restoranidele ja toitlustusele","article_modified_time":"2026-03-26T07:15:56+00:00","og_image":[{"width":1021,"height":1021,"url":"https:\/\/adexa.ee\/wp-content\/uploads\/2024\/12\/WHEPP212.jpg","type":"image\/jpeg"}],"twitter_card":"summary_large_image","twitter_misc":{"Est. reading time":"1 minute"},"schema":{"@context":"https:\/\/schema.org","@graph":[{"@type":"WebPage","@id":"https:\/\/adexa.ee\/toode\/epp-isolatsiooniga-toidutranspordi-kast-termokast-32-liitrit-komplektis-2xgn1-2-noud-kaane-ja-kaepidemega-adexa-whepp212\/","url":"https:\/\/adexa.ee\/toode\/epp-isolatsiooniga-toidutranspordi-kast-termokast-32-liitrit-komplektis-2xgn1-2-noud-kaane-ja-kaepidemega-adexa-whepp212\/","name":"EPP Isolatsiooniga Toidutranspordi kast \/ Termokast 32 liitrit, komplektis 2xGN1\/2 n\u00f5ud kaane ja k\u00e4epidemega | Adexa WHEPP212 - Adexa \u2013 Suurk\u00f6\u00f6giseadmed restoranidele ja toitlustusele","isPartOf":{"@id":"https:\/\/adexa.ee\/#website"},"primaryImageOfPage":{"@id":"https:\/\/adexa.ee\/toode\/epp-isolatsiooniga-toidutranspordi-kast-termokast-32-liitrit-komplektis-2xgn1-2-noud-kaane-ja-kaepidemega-adexa-whepp212\/#primaryimage"},"image":{"@id":"https:\/\/adexa.ee\/toode\/epp-isolatsiooniga-toidutranspordi-kast-termokast-32-liitrit-komplektis-2xgn1-2-noud-kaane-ja-kaepidemega-adexa-whepp212\/#primaryimage"},"thumbnailUrl":"https:\/\/adexa.ee\/wp-content\/uploads\/2024\/12\/WHEPP212.jpg","datePublished":"2026-03-26T07:15:55+00:00","dateModified":"2026-03-26T07:15:56+00:00","breadcrumb":{"@id":"https:\/\/adexa.ee\/toode\/epp-isolatsiooniga-toidutranspordi-kast-termokast-32-liitrit-komplektis-2xgn1-2-noud-kaane-ja-kaepidemega-adexa-whepp212\/#breadcrumb"},"inLanguage":"en-US","potentialAction":[{"@type":"ReadAction","target":["https:\/\/adexa.ee\/toode\/epp-isolatsiooniga-toidutranspordi-kast-termokast-32-liitrit-komplektis-2xgn1-2-noud-kaane-ja-kaepidemega-adexa-whepp212\/"]}]},{"@type":"ImageObject","inLanguage":"en-US","@id":"https:\/\/adexa.ee\/toode\/epp-isolatsiooniga-toidutranspordi-kast-termokast-32-liitrit-komplektis-2xgn1-2-noud-kaane-ja-kaepidemega-adexa-whepp212\/#primaryimage","url":"https:\/\/adexa.ee\/wp-content\/uploads\/2024\/12\/WHEPP212.jpg","contentUrl":"https:\/\/adexa.ee\/wp-content\/uploads\/2024\/12\/WHEPP212.jpg","width":1021,"height":1021},{"@type":"BreadcrumbList","@id":"https:\/\/adexa.ee\/toode\/epp-isolatsiooniga-toidutranspordi-kast-termokast-32-liitrit-komplektis-2xgn1-2-noud-kaane-ja-kaepidemega-adexa-whepp212\/#breadcrumb","itemListElement":[{"@type":"ListItem","position":1,"name":"Home","item":"https:\/\/adexa.ee\/"},{"@type":"ListItem","position":2,"name":"Tooted","item":"https:\/\/adexa.ee\/pood\/"},{"@type":"ListItem","position":3,"name":"EPP Isolatsiooniga Toidutranspordi kast \/ Termokast 32 liitrit, komplektis 2xGN1\/2 n\u00f5ud kaane ja k\u00e4epidemega | Adexa WHEPP212"}]},{"@type":"WebSite","@id":"https:\/\/adexa.ee\/#website","url":"https:\/\/adexa.ee\/","name":"Adexa","description":"","publisher":{"@id":"https:\/\/adexa.ee\/#organization"},"potentialAction":[{"@type":"SearchAction","target":{"@type":"EntryPoint","urlTemplate":"https:\/\/adexa.ee\/?s={search_term_string}"},"query-input":{"@type":"PropertyValueSpecification","valueRequired":true,"valueName":"search_term_string"}}],"inLanguage":"en-US"},{"@type":"Organization","@id":"https:\/\/adexa.ee\/#organization","name":"Adexa","url":"https:\/\/adexa.ee\/","logo":{"@type":"ImageObject","inLanguage":"en-US","@id":"https:\/\/adexa.ee\/#\/schema\/logo\/image\/","url":"https:\/\/adexa.ee\/wp-content\/uploads\/2024\/04\/chef-cooks-working-in-professional-kitchen-2023-11-27-05-07-39-utc-scaled.jpg","contentUrl":"https:\/\/adexa.ee\/wp-content\/uploads\/2024\/04\/chef-cooks-working-in-professional-kitchen-2023-11-27-05-07-39-utc-scaled.jpg","width":2560,"height":1708,"caption":"Adexa"},"image":{"@id":"https:\/\/adexa.ee\/#\/schema\/logo\/image\/"}}]}},"_links":{"self":[{"href":"https:\/\/adexa.ee\/en\/wp-json\/wp\/v2\/product\/11017","targetHints":{"allow":["GET"]}}],"collection":[{"href":"https:\/\/adexa.ee\/en\/wp-json\/wp\/v2\/product"}],"about":[{"href":"https:\/\/adexa.ee\/en\/wp-json\/wp\/v2\/types\/product"}],"wp:featuredmedia":[{"embeddable":true,"href":"https:\/\/adexa.ee\/en\/wp-json\/wp\/v2\/media\/11019"}],"wp:attachment":[{"href":"https:\/\/adexa.ee\/en\/wp-json\/wp\/v2\/media?parent=11017"}],"wp:term":[{"taxonomy":"product_brand","embeddable":true,"href":"https:\/\/adexa.ee\/en\/wp-json\/wp\/v2\/product_brand?post=11017"},{"taxonomy":"product_cat","embeddable":true,"href":"https:\/\/adexa.ee\/en\/wp-json\/wp\/v2\/product_cat?post=11017"},{"taxonomy":"product_tag","embeddable":true,"href":"https:\/\/adexa.ee\/en\/wp-json\/wp\/v2\/product_tag?post=11017"}],"curies":[{"name":"wp","href":"https:\/\/api.w.org\/{rel}","templated":true}]}}