{"id":11025,"date":"2026-03-26T09:15:55","date_gmt":"2026-03-26T07:15:55","guid":{"rendered":"https:\/\/adexa.ee\/toode\/must-terasest-tool-musta-puidust-istme-ja-musta-seljatoega-adexa-gs694bwsbb\/"},"modified":"2026-03-26T09:15:57","modified_gmt":"2026-03-26T07:15:57","slug":"must-terasest-tool-musta-puidust-istme-ja-musta-seljatoega-adexa-gs694bwsbb","status":"publish","type":"product","link":"https:\/\/adexa.ee\/en\/toode\/must-terasest-tool-musta-puidust-istme-ja-musta-seljatoega-adexa-gs694bwsbb\/","title":{"rendered":"Must Terasest Tool Musta Puidust Istme ja Musta Seljatoega | Adexa GS694BWSBB"},"content":{"rendered":"<p>Paku oma k\u00fclalistele mugavust ja stiili selle musta viimistlusega metallist redel-seljatoega kohvikutooliga, millel on must puidust iste. Selle tooli musta viimistlusega raam annab elegantse ja luksusliku ilme, mis sobib peaaegu iga sisekujundusega, samas kui tugev raam pakub kauakestvat vastupidavust. Lisaks on selle pilkup\u00fc\u00fcdva redel-seljatoega disain kujundatud kliendi selga toetama, pakkudes \u00fcletamatut mugavust, s\u00e4ilitades samal ajal teie baari oman\u00e4olise v\u00e4ljan\u00e4gemise. See on ideaalne k\u00f5rgus, et istuda oma kohviku v\u00f5i s\u00f6\u00f6gitoa laudade \u00e4\u00e4res. Tooli kontuuriga puidust iste tagab teie k\u00fclastajatele mugavuse, kui nad naudivad teie signatuurjooke v\u00f5i -roogasid. Lisaks on neli jalga \u00fchendatud tugikonstruktsiooniga lisastabiilsuse jaoks ning varustatud plastist libisemiskaitsetega, et kaitsta p\u00f5randaid kriimustuste ja h\u00f5\u00f5rumisj\u00e4lgede eest. T\u00e4iendava kasutusmugavuse huvides on sellel toolil 150 kg kandev\u00f5ime, mis annab toolile tugeva ja stabiilse aluse. Usaldusv\u00e4\u00e4rne disain tagab, et saate seda tooli oma kohvikus v\u00f5i restoranis kasutada veel aastaid!<\/p>\n<table style=\"border-collapse: collapse; width: 100%; text-align: left;\">\n<tbody>\n<tr>\n<td style=\"border: 1px solid #ddd; padding: 8px; width: 45%;\"><strong>S\u00fcgavus<\/strong><\/td>\n<td style=\"border: 1px solid #ddd; padding: 8px;\">485 mm<\/td>\n<\/tr>\n<tr>\n<td style=\"border: 1px solid #ddd; padding: 8px; width: 45%;\"><strong>K\u00f5rgus<\/strong><\/td>\n<td style=\"border: 1px solid #ddd; padding: 8px;\">820 mm<\/td>\n<\/tr>\n<tr>\n<td style=\"border: 1px solid #ddd; padding: 8px; width: 45%;\"><strong>Laius<\/strong><\/td>\n<td style=\"border: 1px solid #ddd; padding: 8px;\">440 mm<\/td>\n<\/tr>\n<tr>\n<td style=\"border: 1px solid #ddd; padding: 8px; width: 45%;\"><strong>Kaal<\/strong><\/td>\n<td style=\"border: 1px solid #ddd; padding: 8px;\">4,5 kg<\/td>\n<\/tr>\n<tr>\n<td style=\"border: 1px solid #ddd; padding: 8px; width: 45%;\"><strong>Garantii<\/strong><\/td>\n<td style=\"border: 1px solid #ddd; padding: 8px;\">12 kuu varuosade garantii<\/td>\n<\/tr>\n<tr>\n<td style=\"border: 1px solid #ddd; padding: 8px; width: 45%;\"><strong>Materjal<\/strong><\/td>\n<td style=\"border: 1px solid #ddd; padding: 8px;\">Pulberv\u00e4rvitud teras (raam) \/ Puit (iste) \/ Puit (seljatugi)<\/td>\n<\/tr>\n<tr>\n<td style=\"border: 1px solid #ddd; padding: 8px; width: 45%;\"><strong>V\u00e4rv<\/strong><\/td>\n<td style=\"border: 1px solid #ddd; padding: 8px;\">Must<\/td>\n<\/tr>\n<tr>\n<td style=\"border: 1px solid #ddd; padding: 8px; width: 45%;\"><strong>K\u00f5rgus (iste)<\/strong><\/td>\n<td style=\"border: 1px solid #ddd; padding: 8px;\">495 mm<\/td>\n<\/tr>\n<\/tbody>\n<\/table>\n","protected":false},"excerpt":{"rendered":"<p>Paku oma k\u00fclalistele mugavust ja stiili selle musta viimistlusega metallist redel-seljatoega kohvikutooliga, millel on must puidust iste. Selle tooli musta<\/p>\n","protected":false},"featured_media":11027,"template":"","meta":[],"product_brand":[],"product_cat":[722,561],"product_tag":[],"class_list":{"0":"post-11025","1":"product","2":"type-product","3":"status-publish","4":"has-post-thumbnail","6":"product_cat-bistroo-ja-soogitoolid","7":"product_cat-moobel-ja-hoiustamine","9":"first","10":"instock","11":"sale","12":"taxable","13":"shipping-taxable","14":"purchasable","15":"product-type-simple"},"yoast_head":"<!-- This site is optimized with the Yoast SEO plugin v27.3 - https:\/\/yoast.com\/product\/yoast-seo-wordpress\/ -->\n<title>Must Terasest Tool Musta Puidust Istme ja Musta Seljatoega | Adexa GS694BWSBB - Adexa \u2013 Suurk\u00f6\u00f6giseadmed restoranidele ja toitlustusele<\/title>\n<meta name=\"robots\" content=\"index, follow, max-snippet:-1, max-image-preview:large, max-video-preview:-1\" \/>\n<link rel=\"canonical\" href=\"https:\/\/adexa.ee\/toode\/must-terasest-tool-musta-puidust-istme-ja-musta-seljatoega-adexa-gs694bwsbb\/\" \/>\n<meta property=\"og:locale\" content=\"en_US\" \/>\n<meta property=\"og:type\" content=\"article\" \/>\n<meta property=\"og:title\" content=\"Must Terasest Tool Musta Puidust Istme ja Musta Seljatoega | Adexa GS694BWSBB - Adexa \u2013 Suurk\u00f6\u00f6giseadmed restoranidele ja toitlustusele\" \/>\n<meta property=\"og:description\" content=\"Paku oma k\u00fclalistele mugavust ja stiili selle musta viimistlusega metallist redel-seljatoega kohvikutooliga, millel on must puidust iste. Selle tooli musta\" \/>\n<meta property=\"og:url\" content=\"https:\/\/adexa.ee\/toode\/must-terasest-tool-musta-puidust-istme-ja-musta-seljatoega-adexa-gs694bwsbb\/\" \/>\n<meta property=\"og:site_name\" content=\"Adexa \u2013 Suurk\u00f6\u00f6giseadmed restoranidele ja toitlustusele\" \/>\n<meta property=\"article:modified_time\" content=\"2026-03-26T07:15:57+00:00\" \/>\n<meta property=\"og:image\" content=\"https:\/\/adexa.ee\/wp-content\/uploads\/2024\/12\/GS694BLACKSEATBLACKBACK.jpg\" \/>\n\t<meta property=\"og:image:width\" content=\"2000\" \/>\n\t<meta property=\"og:image:height\" content=\"2000\" \/>\n\t<meta property=\"og:image:type\" content=\"image\/jpeg\" \/>\n<meta name=\"twitter:card\" content=\"summary_large_image\" \/>\n<meta name=\"twitter:label1\" content=\"Est. reading time\" \/>\n\t<meta name=\"twitter:data1\" content=\"1 minute\" \/>\n<script type=\"application\/ld+json\" class=\"yoast-schema-graph\">{\"@context\":\"https:\\\/\\\/schema.org\",\"@graph\":[{\"@type\":\"WebPage\",\"@id\":\"https:\\\/\\\/adexa.ee\\\/toode\\\/must-terasest-tool-musta-puidust-istme-ja-musta-seljatoega-adexa-gs694bwsbb\\\/\",\"url\":\"https:\\\/\\\/adexa.ee\\\/toode\\\/must-terasest-tool-musta-puidust-istme-ja-musta-seljatoega-adexa-gs694bwsbb\\\/\",\"name\":\"Must Terasest Tool Musta Puidust Istme ja Musta Seljatoega | Adexa GS694BWSBB - Adexa \u2013 Suurk\u00f6\u00f6giseadmed restoranidele ja toitlustusele\",\"isPartOf\":{\"@id\":\"https:\\\/\\\/adexa.ee\\\/#website\"},\"primaryImageOfPage\":{\"@id\":\"https:\\\/\\\/adexa.ee\\\/toode\\\/must-terasest-tool-musta-puidust-istme-ja-musta-seljatoega-adexa-gs694bwsbb\\\/#primaryimage\"},\"image\":{\"@id\":\"https:\\\/\\\/adexa.ee\\\/toode\\\/must-terasest-tool-musta-puidust-istme-ja-musta-seljatoega-adexa-gs694bwsbb\\\/#primaryimage\"},\"thumbnailUrl\":\"https:\\\/\\\/adexa.ee\\\/wp-content\\\/uploads\\\/2024\\\/12\\\/GS694BLACKSEATBLACKBACK.jpg\",\"datePublished\":\"2026-03-26T07:15:55+00:00\",\"dateModified\":\"2026-03-26T07:15:57+00:00\",\"breadcrumb\":{\"@id\":\"https:\\\/\\\/adexa.ee\\\/toode\\\/must-terasest-tool-musta-puidust-istme-ja-musta-seljatoega-adexa-gs694bwsbb\\\/#breadcrumb\"},\"inLanguage\":\"en-US\",\"potentialAction\":[{\"@type\":\"ReadAction\",\"target\":[\"https:\\\/\\\/adexa.ee\\\/toode\\\/must-terasest-tool-musta-puidust-istme-ja-musta-seljatoega-adexa-gs694bwsbb\\\/\"]}]},{\"@type\":\"ImageObject\",\"inLanguage\":\"en-US\",\"@id\":\"https:\\\/\\\/adexa.ee\\\/toode\\\/must-terasest-tool-musta-puidust-istme-ja-musta-seljatoega-adexa-gs694bwsbb\\\/#primaryimage\",\"url\":\"https:\\\/\\\/adexa.ee\\\/wp-content\\\/uploads\\\/2024\\\/12\\\/GS694BLACKSEATBLACKBACK.jpg\",\"contentUrl\":\"https:\\\/\\\/adexa.ee\\\/wp-content\\\/uploads\\\/2024\\\/12\\\/GS694BLACKSEATBLACKBACK.jpg\",\"width\":2000,\"height\":2000},{\"@type\":\"BreadcrumbList\",\"@id\":\"https:\\\/\\\/adexa.ee\\\/toode\\\/must-terasest-tool-musta-puidust-istme-ja-musta-seljatoega-adexa-gs694bwsbb\\\/#breadcrumb\",\"itemListElement\":[{\"@type\":\"ListItem\",\"position\":1,\"name\":\"Home\",\"item\":\"https:\\\/\\\/adexa.ee\\\/\"},{\"@type\":\"ListItem\",\"position\":2,\"name\":\"Tooted\",\"item\":\"https:\\\/\\\/adexa.ee\\\/pood\\\/\"},{\"@type\":\"ListItem\",\"position\":3,\"name\":\"Must Terasest Tool Musta Puidust Istme ja Musta Seljatoega | Adexa GS694BWSBB\"}]},{\"@type\":\"WebSite\",\"@id\":\"https:\\\/\\\/adexa.ee\\\/#website\",\"url\":\"https:\\\/\\\/adexa.ee\\\/\",\"name\":\"Adexa\",\"description\":\"\",\"publisher\":{\"@id\":\"https:\\\/\\\/adexa.ee\\\/#organization\"},\"potentialAction\":[{\"@type\":\"SearchAction\",\"target\":{\"@type\":\"EntryPoint\",\"urlTemplate\":\"https:\\\/\\\/adexa.ee\\\/?s={search_term_string}\"},\"query-input\":{\"@type\":\"PropertyValueSpecification\",\"valueRequired\":true,\"valueName\":\"search_term_string\"}}],\"inLanguage\":\"en-US\"},{\"@type\":\"Organization\",\"@id\":\"https:\\\/\\\/adexa.ee\\\/#organization\",\"name\":\"Adexa\",\"url\":\"https:\\\/\\\/adexa.ee\\\/\",\"logo\":{\"@type\":\"ImageObject\",\"inLanguage\":\"en-US\",\"@id\":\"https:\\\/\\\/adexa.ee\\\/#\\\/schema\\\/logo\\\/image\\\/\",\"url\":\"https:\\\/\\\/adexa.ee\\\/wp-content\\\/uploads\\\/2024\\\/04\\\/chef-cooks-working-in-professional-kitchen-2023-11-27-05-07-39-utc-scaled.jpg\",\"contentUrl\":\"https:\\\/\\\/adexa.ee\\\/wp-content\\\/uploads\\\/2024\\\/04\\\/chef-cooks-working-in-professional-kitchen-2023-11-27-05-07-39-utc-scaled.jpg\",\"width\":2560,\"height\":1708,\"caption\":\"Adexa\"},\"image\":{\"@id\":\"https:\\\/\\\/adexa.ee\\\/#\\\/schema\\\/logo\\\/image\\\/\"}}]}<\/script>\n<!-- \/ Yoast SEO plugin. -->","yoast_head_json":{"title":"Must Terasest Tool Musta Puidust Istme ja Musta Seljatoega | Adexa GS694BWSBB - Adexa \u2013 Suurk\u00f6\u00f6giseadmed restoranidele ja toitlustusele","robots":{"index":"index","follow":"follow","max-snippet":"max-snippet:-1","max-image-preview":"max-image-preview:large","max-video-preview":"max-video-preview:-1"},"canonical":"https:\/\/adexa.ee\/toode\/must-terasest-tool-musta-puidust-istme-ja-musta-seljatoega-adexa-gs694bwsbb\/","og_locale":"en_US","og_type":"article","og_title":"Must Terasest Tool Musta Puidust Istme ja Musta Seljatoega | Adexa GS694BWSBB - Adexa \u2013 Suurk\u00f6\u00f6giseadmed restoranidele ja toitlustusele","og_description":"Paku oma k\u00fclalistele mugavust ja stiili selle musta viimistlusega metallist redel-seljatoega kohvikutooliga, millel on must puidust iste. Selle tooli musta","og_url":"https:\/\/adexa.ee\/toode\/must-terasest-tool-musta-puidust-istme-ja-musta-seljatoega-adexa-gs694bwsbb\/","og_site_name":"Adexa \u2013 Suurk\u00f6\u00f6giseadmed restoranidele ja toitlustusele","article_modified_time":"2026-03-26T07:15:57+00:00","og_image":[{"width":2000,"height":2000,"url":"https:\/\/adexa.ee\/wp-content\/uploads\/2024\/12\/GS694BLACKSEATBLACKBACK.jpg","type":"image\/jpeg"}],"twitter_card":"summary_large_image","twitter_misc":{"Est. reading time":"1 minute"},"schema":{"@context":"https:\/\/schema.org","@graph":[{"@type":"WebPage","@id":"https:\/\/adexa.ee\/toode\/must-terasest-tool-musta-puidust-istme-ja-musta-seljatoega-adexa-gs694bwsbb\/","url":"https:\/\/adexa.ee\/toode\/must-terasest-tool-musta-puidust-istme-ja-musta-seljatoega-adexa-gs694bwsbb\/","name":"Must Terasest Tool Musta Puidust Istme ja Musta Seljatoega | Adexa GS694BWSBB - Adexa \u2013 Suurk\u00f6\u00f6giseadmed restoranidele ja toitlustusele","isPartOf":{"@id":"https:\/\/adexa.ee\/#website"},"primaryImageOfPage":{"@id":"https:\/\/adexa.ee\/toode\/must-terasest-tool-musta-puidust-istme-ja-musta-seljatoega-adexa-gs694bwsbb\/#primaryimage"},"image":{"@id":"https:\/\/adexa.ee\/toode\/must-terasest-tool-musta-puidust-istme-ja-musta-seljatoega-adexa-gs694bwsbb\/#primaryimage"},"thumbnailUrl":"https:\/\/adexa.ee\/wp-content\/uploads\/2024\/12\/GS694BLACKSEATBLACKBACK.jpg","datePublished":"2026-03-26T07:15:55+00:00","dateModified":"2026-03-26T07:15:57+00:00","breadcrumb":{"@id":"https:\/\/adexa.ee\/toode\/must-terasest-tool-musta-puidust-istme-ja-musta-seljatoega-adexa-gs694bwsbb\/#breadcrumb"},"inLanguage":"en-US","potentialAction":[{"@type":"ReadAction","target":["https:\/\/adexa.ee\/toode\/must-terasest-tool-musta-puidust-istme-ja-musta-seljatoega-adexa-gs694bwsbb\/"]}]},{"@type":"ImageObject","inLanguage":"en-US","@id":"https:\/\/adexa.ee\/toode\/must-terasest-tool-musta-puidust-istme-ja-musta-seljatoega-adexa-gs694bwsbb\/#primaryimage","url":"https:\/\/adexa.ee\/wp-content\/uploads\/2024\/12\/GS694BLACKSEATBLACKBACK.jpg","contentUrl":"https:\/\/adexa.ee\/wp-content\/uploads\/2024\/12\/GS694BLACKSEATBLACKBACK.jpg","width":2000,"height":2000},{"@type":"BreadcrumbList","@id":"https:\/\/adexa.ee\/toode\/must-terasest-tool-musta-puidust-istme-ja-musta-seljatoega-adexa-gs694bwsbb\/#breadcrumb","itemListElement":[{"@type":"ListItem","position":1,"name":"Home","item":"https:\/\/adexa.ee\/"},{"@type":"ListItem","position":2,"name":"Tooted","item":"https:\/\/adexa.ee\/pood\/"},{"@type":"ListItem","position":3,"name":"Must Terasest Tool Musta Puidust Istme ja Musta Seljatoega | Adexa GS694BWSBB"}]},{"@type":"WebSite","@id":"https:\/\/adexa.ee\/#website","url":"https:\/\/adexa.ee\/","name":"Adexa","description":"","publisher":{"@id":"https:\/\/adexa.ee\/#organization"},"potentialAction":[{"@type":"SearchAction","target":{"@type":"EntryPoint","urlTemplate":"https:\/\/adexa.ee\/?s={search_term_string}"},"query-input":{"@type":"PropertyValueSpecification","valueRequired":true,"valueName":"search_term_string"}}],"inLanguage":"en-US"},{"@type":"Organization","@id":"https:\/\/adexa.ee\/#organization","name":"Adexa","url":"https:\/\/adexa.ee\/","logo":{"@type":"ImageObject","inLanguage":"en-US","@id":"https:\/\/adexa.ee\/#\/schema\/logo\/image\/","url":"https:\/\/adexa.ee\/wp-content\/uploads\/2024\/04\/chef-cooks-working-in-professional-kitchen-2023-11-27-05-07-39-utc-scaled.jpg","contentUrl":"https:\/\/adexa.ee\/wp-content\/uploads\/2024\/04\/chef-cooks-working-in-professional-kitchen-2023-11-27-05-07-39-utc-scaled.jpg","width":2560,"height":1708,"caption":"Adexa"},"image":{"@id":"https:\/\/adexa.ee\/#\/schema\/logo\/image\/"}}]}},"_links":{"self":[{"href":"https:\/\/adexa.ee\/en\/wp-json\/wp\/v2\/product\/11025","targetHints":{"allow":["GET"]}}],"collection":[{"href":"https:\/\/adexa.ee\/en\/wp-json\/wp\/v2\/product"}],"about":[{"href":"https:\/\/adexa.ee\/en\/wp-json\/wp\/v2\/types\/product"}],"wp:featuredmedia":[{"embeddable":true,"href":"https:\/\/adexa.ee\/en\/wp-json\/wp\/v2\/media\/11027"}],"wp:attachment":[{"href":"https:\/\/adexa.ee\/en\/wp-json\/wp\/v2\/media?parent=11025"}],"wp:term":[{"taxonomy":"product_brand","embeddable":true,"href":"https:\/\/adexa.ee\/en\/wp-json\/wp\/v2\/product_brand?post=11025"},{"taxonomy":"product_cat","embeddable":true,"href":"https:\/\/adexa.ee\/en\/wp-json\/wp\/v2\/product_cat?post=11025"},{"taxonomy":"product_tag","embeddable":true,"href":"https:\/\/adexa.ee\/en\/wp-json\/wp\/v2\/product_tag?post=11025"}],"curies":[{"name":"wp","href":"https:\/\/api.w.org\/{rel}","templated":true}]}}