{"id":11045,"date":"2026-03-26T09:15:55","date_gmt":"2026-03-26T07:15:55","guid":{"rendered":"https:\/\/adexa.ee\/toode\/lamineeritud-ummargune-lauaplaat-pooratav-mahagoni-must-o30-adexa-tt30rmb\/"},"modified":"2026-03-26T09:15:58","modified_gmt":"2026-03-26T07:15:58","slug":"lamineeritud-ummargune-lauaplaat-pooratav-mahagoni-must-o30-adexa-tt30rmb","status":"publish","type":"product","link":"https:\/\/adexa.ee\/en\/toode\/lamineeritud-ummargune-lauaplaat-pooratav-mahagoni-must-o30-adexa-tt30rmb\/","title":{"rendered":"Lamineeritud \u00dcmmargune Lauaplaat P\u00f6\u00f6ratav Mahagoni &#038; Must \u00d830&#8221; | Adexa TT30RMB"},"content":{"rendered":"<p>Lihtsalt sobita oma asutuse sisekujunduse v\u00f5i v\u00e4rviskeemiga selle p\u00f6\u00f6ratava lauaplaadi abil. Sellel tootel on 30-tollise l\u00e4bim\u00f5\u00f5duga disain, mis v\u00f5imaldab majutada kuni neli k\u00fclalist, v\u00f5tmata teie saali alalt palju ruumi. T\u00e4nu laminaatmaterjalidele on seda lauaplaati lihtne puhastada. Lauaplaadil on p\u00f6\u00f6ratav disain, mis v\u00f5imaldab valida kahe k\u00fclje vahel. Lisaks on see valmistatud vastupidavatest laminaatmaterjalidest, mis peavad vastu pikaajalisele kasutamisele teie restoranis v\u00f5i delis. Mustad PVC servad kaitsevad teie lauda ebameeldivate kildude ja kriimustuste eest, hoides seda suurep\u00e4rases seisukorras tavap\u00e4rase kasutamise k\u00e4igus.<\/p>\n<table style=\"border-collapse: collapse; width: 100%; text-align: left;\">\n<tbody>\n<tr>\n<td style=\"border: 1px solid #ddd; padding: 8px; width: 45%;\"><strong>Kaal<\/strong><\/td>\n<td style=\"border: 1px solid #ddd; padding: 8px;\">12 kg<\/td>\n<\/tr>\n<tr>\n<td style=\"border: 1px solid #ddd; padding: 8px; width: 45%;\"><strong>Garantii<\/strong><\/td>\n<td style=\"border: 1px solid #ddd; padding: 8px;\">12 kuu varuosade garantii<\/td>\n<\/tr>\n<tr>\n<td style=\"border: 1px solid #ddd; padding: 8px; width: 45%;\"><strong>Materjal<\/strong><\/td>\n<td style=\"border: 1px solid #ddd; padding: 8px;\">Lamineeritud<\/td>\n<\/tr>\n<tr>\n<td style=\"border: 1px solid #ddd; padding: 8px; width: 45%;\"><strong>V\u00e4rv<\/strong><\/td>\n<td style=\"border: 1px solid #ddd; padding: 8px;\">Mahagon ja must<\/td>\n<\/tr>\n<tr>\n<td style=\"border: 1px solid #ddd; padding: 8px; width: 45%;\"><strong>Paksus<\/strong><\/td>\n<td style=\"border: 1px solid #ddd; padding: 8px;\">1&#8221; \/ 25 mm<\/td>\n<\/tr>\n<\/tbody>\n<\/table>\n","protected":false},"excerpt":{"rendered":"<p>Lihtsalt sobita oma asutuse sisekujunduse v\u00f5i v\u00e4rviskeemiga selle p\u00f6\u00f6ratava lauaplaadi abil. Sellel tootel on 30-tollise l\u00e4bim\u00f5\u00f5duga disain, mis v\u00f5imaldab majutada<\/p>\n","protected":false},"featured_media":11047,"template":"","meta":[],"product_brand":[],"product_cat":[562,563,569,561],"product_tag":[],"class_list":{"0":"post-11045","1":"product","2":"type-product","3":"status-publish","4":"has-post-thumbnail","6":"product_cat-bistroo-ja-soogilauad","7":"product_cat-lauaplaadid","8":"product_cat-lopumuuk","9":"product_cat-moobel-ja-hoiustamine","11":"first","12":"instock","13":"sale","14":"taxable","15":"shipping-taxable","16":"purchasable","17":"product-type-simple"},"yoast_head":"<!-- This site is optimized with the Yoast SEO plugin v27.3 - https:\/\/yoast.com\/product\/yoast-seo-wordpress\/ -->\n<title>Lamineeritud \u00dcmmargune Lauaplaat P\u00f6\u00f6ratav Mahagoni &amp; Must \u00d830&#039;&#039; | Adexa TT30RMB - Adexa \u2013 Suurk\u00f6\u00f6giseadmed restoranidele ja toitlustusele<\/title>\n<meta name=\"robots\" content=\"index, follow, max-snippet:-1, max-image-preview:large, max-video-preview:-1\" \/>\n<link rel=\"canonical\" href=\"https:\/\/adexa.ee\/toode\/lamineeritud-ummargune-lauaplaat-pooratav-mahagoni-must-o30-adexa-tt30rmb\/\" \/>\n<meta property=\"og:locale\" content=\"en_US\" \/>\n<meta property=\"og:type\" content=\"article\" \/>\n<meta property=\"og:title\" content=\"Lamineeritud \u00dcmmargune Lauaplaat P\u00f6\u00f6ratav Mahagoni &amp; Must \u00d830&#039;&#039; | Adexa TT30RMB - Adexa \u2013 Suurk\u00f6\u00f6giseadmed restoranidele ja toitlustusele\" \/>\n<meta property=\"og:description\" content=\"Lihtsalt sobita oma asutuse sisekujunduse v\u00f5i v\u00e4rviskeemiga selle p\u00f6\u00f6ratava lauaplaadi abil. Sellel tootel on 30-tollise l\u00e4bim\u00f5\u00f5duga disain, mis v\u00f5imaldab majutada\" \/>\n<meta property=\"og:url\" content=\"https:\/\/adexa.ee\/toode\/lamineeritud-ummargune-lauaplaat-pooratav-mahagoni-must-o30-adexa-tt30rmb\/\" \/>\n<meta property=\"og:site_name\" content=\"Adexa \u2013 Suurk\u00f6\u00f6giseadmed restoranidele ja toitlustusele\" \/>\n<meta property=\"article:modified_time\" content=\"2026-03-26T07:15:58+00:00\" \/>\n<meta property=\"og:image\" content=\"https:\/\/adexa.ee\/wp-content\/uploads\/2024\/12\/TT30RMB-.jpg\" \/>\n\t<meta property=\"og:image:width\" content=\"1882\" \/>\n\t<meta property=\"og:image:height\" content=\"1882\" \/>\n\t<meta property=\"og:image:type\" content=\"image\/jpeg\" \/>\n<meta name=\"twitter:card\" content=\"summary_large_image\" \/>\n<meta name=\"twitter:label1\" content=\"Est. reading time\" \/>\n\t<meta name=\"twitter:data1\" content=\"1 minute\" \/>\n<script type=\"application\/ld+json\" class=\"yoast-schema-graph\">{\"@context\":\"https:\\\/\\\/schema.org\",\"@graph\":[{\"@type\":\"WebPage\",\"@id\":\"https:\\\/\\\/adexa.ee\\\/toode\\\/lamineeritud-ummargune-lauaplaat-pooratav-mahagoni-must-o30-adexa-tt30rmb\\\/\",\"url\":\"https:\\\/\\\/adexa.ee\\\/toode\\\/lamineeritud-ummargune-lauaplaat-pooratav-mahagoni-must-o30-adexa-tt30rmb\\\/\",\"name\":\"Lamineeritud \u00dcmmargune Lauaplaat P\u00f6\u00f6ratav Mahagoni & Must \u00d830'' | Adexa TT30RMB - Adexa \u2013 Suurk\u00f6\u00f6giseadmed restoranidele ja toitlustusele\",\"isPartOf\":{\"@id\":\"https:\\\/\\\/adexa.ee\\\/#website\"},\"primaryImageOfPage\":{\"@id\":\"https:\\\/\\\/adexa.ee\\\/toode\\\/lamineeritud-ummargune-lauaplaat-pooratav-mahagoni-must-o30-adexa-tt30rmb\\\/#primaryimage\"},\"image\":{\"@id\":\"https:\\\/\\\/adexa.ee\\\/toode\\\/lamineeritud-ummargune-lauaplaat-pooratav-mahagoni-must-o30-adexa-tt30rmb\\\/#primaryimage\"},\"thumbnailUrl\":\"https:\\\/\\\/adexa.ee\\\/wp-content\\\/uploads\\\/2024\\\/12\\\/TT30RMB-.jpg\",\"datePublished\":\"2026-03-26T07:15:55+00:00\",\"dateModified\":\"2026-03-26T07:15:58+00:00\",\"breadcrumb\":{\"@id\":\"https:\\\/\\\/adexa.ee\\\/toode\\\/lamineeritud-ummargune-lauaplaat-pooratav-mahagoni-must-o30-adexa-tt30rmb\\\/#breadcrumb\"},\"inLanguage\":\"en-US\",\"potentialAction\":[{\"@type\":\"ReadAction\",\"target\":[\"https:\\\/\\\/adexa.ee\\\/toode\\\/lamineeritud-ummargune-lauaplaat-pooratav-mahagoni-must-o30-adexa-tt30rmb\\\/\"]}]},{\"@type\":\"ImageObject\",\"inLanguage\":\"en-US\",\"@id\":\"https:\\\/\\\/adexa.ee\\\/toode\\\/lamineeritud-ummargune-lauaplaat-pooratav-mahagoni-must-o30-adexa-tt30rmb\\\/#primaryimage\",\"url\":\"https:\\\/\\\/adexa.ee\\\/wp-content\\\/uploads\\\/2024\\\/12\\\/TT30RMB-.jpg\",\"contentUrl\":\"https:\\\/\\\/adexa.ee\\\/wp-content\\\/uploads\\\/2024\\\/12\\\/TT30RMB-.jpg\",\"width\":1882,\"height\":1882},{\"@type\":\"BreadcrumbList\",\"@id\":\"https:\\\/\\\/adexa.ee\\\/toode\\\/lamineeritud-ummargune-lauaplaat-pooratav-mahagoni-must-o30-adexa-tt30rmb\\\/#breadcrumb\",\"itemListElement\":[{\"@type\":\"ListItem\",\"position\":1,\"name\":\"Home\",\"item\":\"https:\\\/\\\/adexa.ee\\\/\"},{\"@type\":\"ListItem\",\"position\":2,\"name\":\"Tooted\",\"item\":\"https:\\\/\\\/adexa.ee\\\/pood\\\/\"},{\"@type\":\"ListItem\",\"position\":3,\"name\":\"Lamineeritud \u00dcmmargune Lauaplaat P\u00f6\u00f6ratav Mahagoni &#038; Must \u00d830&#8221; | Adexa TT30RMB\"}]},{\"@type\":\"WebSite\",\"@id\":\"https:\\\/\\\/adexa.ee\\\/#website\",\"url\":\"https:\\\/\\\/adexa.ee\\\/\",\"name\":\"Adexa\",\"description\":\"\",\"publisher\":{\"@id\":\"https:\\\/\\\/adexa.ee\\\/#organization\"},\"potentialAction\":[{\"@type\":\"SearchAction\",\"target\":{\"@type\":\"EntryPoint\",\"urlTemplate\":\"https:\\\/\\\/adexa.ee\\\/?s={search_term_string}\"},\"query-input\":{\"@type\":\"PropertyValueSpecification\",\"valueRequired\":true,\"valueName\":\"search_term_string\"}}],\"inLanguage\":\"en-US\"},{\"@type\":\"Organization\",\"@id\":\"https:\\\/\\\/adexa.ee\\\/#organization\",\"name\":\"Adexa\",\"url\":\"https:\\\/\\\/adexa.ee\\\/\",\"logo\":{\"@type\":\"ImageObject\",\"inLanguage\":\"en-US\",\"@id\":\"https:\\\/\\\/adexa.ee\\\/#\\\/schema\\\/logo\\\/image\\\/\",\"url\":\"https:\\\/\\\/adexa.ee\\\/wp-content\\\/uploads\\\/2024\\\/04\\\/chef-cooks-working-in-professional-kitchen-2023-11-27-05-07-39-utc-scaled.jpg\",\"contentUrl\":\"https:\\\/\\\/adexa.ee\\\/wp-content\\\/uploads\\\/2024\\\/04\\\/chef-cooks-working-in-professional-kitchen-2023-11-27-05-07-39-utc-scaled.jpg\",\"width\":2560,\"height\":1708,\"caption\":\"Adexa\"},\"image\":{\"@id\":\"https:\\\/\\\/adexa.ee\\\/#\\\/schema\\\/logo\\\/image\\\/\"}}]}<\/script>\n<!-- \/ Yoast SEO plugin. -->","yoast_head_json":{"title":"Lamineeritud \u00dcmmargune Lauaplaat P\u00f6\u00f6ratav Mahagoni & Must \u00d830'' | Adexa TT30RMB - Adexa \u2013 Suurk\u00f6\u00f6giseadmed restoranidele ja toitlustusele","robots":{"index":"index","follow":"follow","max-snippet":"max-snippet:-1","max-image-preview":"max-image-preview:large","max-video-preview":"max-video-preview:-1"},"canonical":"https:\/\/adexa.ee\/toode\/lamineeritud-ummargune-lauaplaat-pooratav-mahagoni-must-o30-adexa-tt30rmb\/","og_locale":"en_US","og_type":"article","og_title":"Lamineeritud \u00dcmmargune Lauaplaat P\u00f6\u00f6ratav Mahagoni & Must \u00d830'' | Adexa TT30RMB - Adexa \u2013 Suurk\u00f6\u00f6giseadmed restoranidele ja toitlustusele","og_description":"Lihtsalt sobita oma asutuse sisekujunduse v\u00f5i v\u00e4rviskeemiga selle p\u00f6\u00f6ratava lauaplaadi abil. Sellel tootel on 30-tollise l\u00e4bim\u00f5\u00f5duga disain, mis v\u00f5imaldab majutada","og_url":"https:\/\/adexa.ee\/toode\/lamineeritud-ummargune-lauaplaat-pooratav-mahagoni-must-o30-adexa-tt30rmb\/","og_site_name":"Adexa \u2013 Suurk\u00f6\u00f6giseadmed restoranidele ja toitlustusele","article_modified_time":"2026-03-26T07:15:58+00:00","og_image":[{"width":1882,"height":1882,"url":"https:\/\/adexa.ee\/wp-content\/uploads\/2024\/12\/TT30RMB-.jpg","type":"image\/jpeg"}],"twitter_card":"summary_large_image","twitter_misc":{"Est. reading time":"1 minute"},"schema":{"@context":"https:\/\/schema.org","@graph":[{"@type":"WebPage","@id":"https:\/\/adexa.ee\/toode\/lamineeritud-ummargune-lauaplaat-pooratav-mahagoni-must-o30-adexa-tt30rmb\/","url":"https:\/\/adexa.ee\/toode\/lamineeritud-ummargune-lauaplaat-pooratav-mahagoni-must-o30-adexa-tt30rmb\/","name":"Lamineeritud \u00dcmmargune Lauaplaat P\u00f6\u00f6ratav Mahagoni & Must \u00d830'' | Adexa TT30RMB - Adexa \u2013 Suurk\u00f6\u00f6giseadmed restoranidele ja toitlustusele","isPartOf":{"@id":"https:\/\/adexa.ee\/#website"},"primaryImageOfPage":{"@id":"https:\/\/adexa.ee\/toode\/lamineeritud-ummargune-lauaplaat-pooratav-mahagoni-must-o30-adexa-tt30rmb\/#primaryimage"},"image":{"@id":"https:\/\/adexa.ee\/toode\/lamineeritud-ummargune-lauaplaat-pooratav-mahagoni-must-o30-adexa-tt30rmb\/#primaryimage"},"thumbnailUrl":"https:\/\/adexa.ee\/wp-content\/uploads\/2024\/12\/TT30RMB-.jpg","datePublished":"2026-03-26T07:15:55+00:00","dateModified":"2026-03-26T07:15:58+00:00","breadcrumb":{"@id":"https:\/\/adexa.ee\/toode\/lamineeritud-ummargune-lauaplaat-pooratav-mahagoni-must-o30-adexa-tt30rmb\/#breadcrumb"},"inLanguage":"en-US","potentialAction":[{"@type":"ReadAction","target":["https:\/\/adexa.ee\/toode\/lamineeritud-ummargune-lauaplaat-pooratav-mahagoni-must-o30-adexa-tt30rmb\/"]}]},{"@type":"ImageObject","inLanguage":"en-US","@id":"https:\/\/adexa.ee\/toode\/lamineeritud-ummargune-lauaplaat-pooratav-mahagoni-must-o30-adexa-tt30rmb\/#primaryimage","url":"https:\/\/adexa.ee\/wp-content\/uploads\/2024\/12\/TT30RMB-.jpg","contentUrl":"https:\/\/adexa.ee\/wp-content\/uploads\/2024\/12\/TT30RMB-.jpg","width":1882,"height":1882},{"@type":"BreadcrumbList","@id":"https:\/\/adexa.ee\/toode\/lamineeritud-ummargune-lauaplaat-pooratav-mahagoni-must-o30-adexa-tt30rmb\/#breadcrumb","itemListElement":[{"@type":"ListItem","position":1,"name":"Home","item":"https:\/\/adexa.ee\/"},{"@type":"ListItem","position":2,"name":"Tooted","item":"https:\/\/adexa.ee\/pood\/"},{"@type":"ListItem","position":3,"name":"Lamineeritud \u00dcmmargune Lauaplaat P\u00f6\u00f6ratav Mahagoni &#038; Must \u00d830&#8221; | Adexa TT30RMB"}]},{"@type":"WebSite","@id":"https:\/\/adexa.ee\/#website","url":"https:\/\/adexa.ee\/","name":"Adexa","description":"","publisher":{"@id":"https:\/\/adexa.ee\/#organization"},"potentialAction":[{"@type":"SearchAction","target":{"@type":"EntryPoint","urlTemplate":"https:\/\/adexa.ee\/?s={search_term_string}"},"query-input":{"@type":"PropertyValueSpecification","valueRequired":true,"valueName":"search_term_string"}}],"inLanguage":"en-US"},{"@type":"Organization","@id":"https:\/\/adexa.ee\/#organization","name":"Adexa","url":"https:\/\/adexa.ee\/","logo":{"@type":"ImageObject","inLanguage":"en-US","@id":"https:\/\/adexa.ee\/#\/schema\/logo\/image\/","url":"https:\/\/adexa.ee\/wp-content\/uploads\/2024\/04\/chef-cooks-working-in-professional-kitchen-2023-11-27-05-07-39-utc-scaled.jpg","contentUrl":"https:\/\/adexa.ee\/wp-content\/uploads\/2024\/04\/chef-cooks-working-in-professional-kitchen-2023-11-27-05-07-39-utc-scaled.jpg","width":2560,"height":1708,"caption":"Adexa"},"image":{"@id":"https:\/\/adexa.ee\/#\/schema\/logo\/image\/"}}]}},"_links":{"self":[{"href":"https:\/\/adexa.ee\/en\/wp-json\/wp\/v2\/product\/11045","targetHints":{"allow":["GET"]}}],"collection":[{"href":"https:\/\/adexa.ee\/en\/wp-json\/wp\/v2\/product"}],"about":[{"href":"https:\/\/adexa.ee\/en\/wp-json\/wp\/v2\/types\/product"}],"wp:featuredmedia":[{"embeddable":true,"href":"https:\/\/adexa.ee\/en\/wp-json\/wp\/v2\/media\/11047"}],"wp:attachment":[{"href":"https:\/\/adexa.ee\/en\/wp-json\/wp\/v2\/media?parent=11045"}],"wp:term":[{"taxonomy":"product_brand","embeddable":true,"href":"https:\/\/adexa.ee\/en\/wp-json\/wp\/v2\/product_brand?post=11045"},{"taxonomy":"product_cat","embeddable":true,"href":"https:\/\/adexa.ee\/en\/wp-json\/wp\/v2\/product_cat?post=11045"},{"taxonomy":"product_tag","embeddable":true,"href":"https:\/\/adexa.ee\/en\/wp-json\/wp\/v2\/product_tag?post=11045"}],"curies":[{"name":"wp","href":"https:\/\/api.w.org\/{rel}","templated":true}]}}