{"id":11272,"date":"2026-03-26T09:25:18","date_gmt":"2026-03-26T07:25:18","guid":{"rendered":"https:\/\/adexa.ee\/toode\/professionaalne-klaasipoleerija-3-harjaga-220-klaasi-h-adexa-gfm11b3\/"},"modified":"2026-03-26T09:25:27","modified_gmt":"2026-03-26T07:25:27","slug":"professionaalne-klaasipoleerija-3-harjaga-220-klaasi-h-adexa-gfm11b3","status":"publish","type":"product","link":"https:\/\/adexa.ee\/en\/toode\/professionaalne-klaasipoleerija-3-harjaga-220-klaasi-h-adexa-gfm11b3\/","title":{"rendered":"Professionaalne klaasipoleerija 3 harjaga, 220 klaasi\/h | Adexa GFM11B3"},"content":{"rendered":"<p>Kaubanduslik poleerimismasin klaaside ja tasside kuivatamiseks ja poleerimiseks, mis teeb l\u00f5pu k\u00e4sitsi kuivatamisele. See tagab protsessi k\u00f5rgema h\u00fcgieeni ja puhtuse ning professionaalse viimistluse m\u00f5ne sekundiga. T\u00e4iusliku h\u00fcgieeni, puhtuse ja esitluskvaliteedi s\u00e4ilitamiseks on vajalik t\u00e4pne kuivatamisprotsess; klaasidel mis tahes veej\u00e4lgede puudumine on oluline aspekt iga toitlustus- v\u00f5i restorani\u00e4ri maines. Selle looduslikud, neelavad ja paindlikud harjad sobivad erineva suuruse ja kujuga tassidele ja klaasidele, muutes kuivatamise protsessi lihtsamaks ja kiiremaks. Toide: 230V \/ 1 faasStandardne \u00dchendkuningriigi pistik kuum \u00f5hukuivatusRoostevabast terasest korpusDetailsed andmed leiate jaotisest &#8220;Spetsifikatsioon&#8221;.<\/p>\n<table style=\"border-collapse: collapse; width: 100%; text-align: left;\">\n<tbody>\n<tr>\n<td style=\"border: 1px solid #ddd; padding: 8px; width: 45%;\"><strong>S\u00fcgavus<\/strong><\/td>\n<td style=\"border: 1px solid #ddd; padding: 8px;\">350 mm<\/td>\n<\/tr>\n<tr>\n<td style=\"border: 1px solid #ddd; padding: 8px; width: 45%;\"><strong>K\u00f5rgus<\/strong><\/td>\n<td style=\"border: 1px solid #ddd; padding: 8px;\">510 mm<\/td>\n<\/tr>\n<tr>\n<td style=\"border: 1px solid #ddd; padding: 8px; width: 45%;\"><strong>Laius<\/strong><\/td>\n<td style=\"border: 1px solid #ddd; padding: 8px;\">380 mm<\/td>\n<\/tr>\n<tr>\n<td style=\"border: 1px solid #ddd; padding: 8px; width: 45%;\"><strong>Kaal<\/strong><\/td>\n<td style=\"border: 1px solid #ddd; padding: 8px;\">13 kg<\/td>\n<\/tr>\n<tr>\n<td style=\"border: 1px solid #ddd; padding: 8px; width: 45%;\"><strong>Garantii<\/strong><\/td>\n<td style=\"border: 1px solid #ddd; padding: 8px;\">12 kuu varuosade garantii<\/td>\n<\/tr>\n<tr>\n<td style=\"border: 1px solid #ddd; padding: 8px; width: 45%;\"><strong>Mahutavus<\/strong><\/td>\n<td style=\"border: 1px solid #ddd; padding: 8px;\">200 &#8211; 220 klaasi\/tund<\/td>\n<\/tr>\n<tr>\n<td style=\"border: 1px solid #ddd; padding: 8px; width: 45%;\"><strong>Toiteallikas<\/strong><\/td>\n<td style=\"border: 1px solid #ddd; padding: 8px;\">230V \/ 1 faas<\/td>\n<\/tr>\n<tr>\n<td style=\"border: 1px solid #ddd; padding: 8px; width: 45%;\"><strong>V\u00f5imsus<\/strong><\/td>\n<td style=\"border: 1px solid #ddd; padding: 8px;\">1150W<\/td>\n<\/tr>\n<tr>\n<td style=\"border: 1px solid #ddd; padding: 8px; width: 45%;\"><strong>Materjal<\/strong><\/td>\n<td style=\"border: 1px solid #ddd; padding: 8px;\">Roostevaba teras<\/td>\n<\/tr>\n<\/tbody>\n<\/table>\n","protected":false},"excerpt":{"rendered":"<p>Kaubanduslik poleerimismasin klaaside ja tasside kuivatamiseks ja poleerimiseks, mis teeb l\u00f5pu k\u00e4sitsi kuivatamisele. See tagab protsessi k\u00f5rgema h\u00fcgieeni ja puhtuse<\/p>\n","protected":false},"featured_media":11279,"template":"","meta":[],"product_brand":[],"product_cat":[569,609,791],"product_tag":[],"class_list":{"0":"post-11272","1":"product","2":"type-product","3":"status-publish","4":"has-post-thumbnail","6":"product_cat-lopumuuk","7":"product_cat-noudepesu","8":"product_cat-soogi-ja-klaasipoleerimisseadmed","10":"first","11":"instock","12":"sale","13":"taxable","14":"shipping-taxable","15":"purchasable","16":"product-type-simple"},"yoast_head":"<!-- This site is optimized with the Yoast SEO plugin v27.3 - https:\/\/yoast.com\/product\/yoast-seo-wordpress\/ -->\n<title>Professionaalne klaasipoleerija 3 harjaga, 220 klaasi\/h | Adexa GFM11B3 - Adexa \u2013 Suurk\u00f6\u00f6giseadmed restoranidele ja toitlustusele<\/title>\n<meta name=\"robots\" content=\"index, follow, max-snippet:-1, max-image-preview:large, max-video-preview:-1\" \/>\n<link rel=\"canonical\" href=\"https:\/\/adexa.ee\/toode\/professionaalne-klaasipoleerija-3-harjaga-220-klaasi-h-adexa-gfm11b3\/\" \/>\n<meta property=\"og:locale\" content=\"en_US\" \/>\n<meta property=\"og:type\" content=\"article\" \/>\n<meta property=\"og:title\" content=\"Professionaalne klaasipoleerija 3 harjaga, 220 klaasi\/h | Adexa GFM11B3 - Adexa \u2013 Suurk\u00f6\u00f6giseadmed restoranidele ja toitlustusele\" \/>\n<meta property=\"og:description\" content=\"Kaubanduslik poleerimismasin klaaside ja tasside kuivatamiseks ja poleerimiseks, mis teeb l\u00f5pu k\u00e4sitsi kuivatamisele. See tagab protsessi k\u00f5rgema h\u00fcgieeni ja puhtuse\" \/>\n<meta property=\"og:url\" content=\"https:\/\/adexa.ee\/toode\/professionaalne-klaasipoleerija-3-harjaga-220-klaasi-h-adexa-gfm11b3\/\" \/>\n<meta property=\"og:site_name\" content=\"Adexa \u2013 Suurk\u00f6\u00f6giseadmed restoranidele ja toitlustusele\" \/>\n<meta property=\"article:modified_time\" content=\"2026-03-26T07:25:27+00:00\" \/>\n<meta property=\"og:image\" content=\"https:\/\/adexa.ee\/wp-content\/uploads\/2024\/12\/GFM11B3.jpg\" \/>\n\t<meta property=\"og:image:width\" content=\"1176\" \/>\n\t<meta property=\"og:image:height\" content=\"1176\" \/>\n\t<meta property=\"og:image:type\" content=\"image\/jpeg\" \/>\n<meta name=\"twitter:card\" content=\"summary_large_image\" \/>\n<meta name=\"twitter:label1\" content=\"Est. reading time\" \/>\n\t<meta name=\"twitter:data1\" content=\"1 minute\" \/>\n<script type=\"application\/ld+json\" class=\"yoast-schema-graph\">{\"@context\":\"https:\\\/\\\/schema.org\",\"@graph\":[{\"@type\":\"WebPage\",\"@id\":\"https:\\\/\\\/adexa.ee\\\/toode\\\/professionaalne-klaasipoleerija-3-harjaga-220-klaasi-h-adexa-gfm11b3\\\/\",\"url\":\"https:\\\/\\\/adexa.ee\\\/toode\\\/professionaalne-klaasipoleerija-3-harjaga-220-klaasi-h-adexa-gfm11b3\\\/\",\"name\":\"Professionaalne klaasipoleerija 3 harjaga, 220 klaasi\\\/h | Adexa GFM11B3 - Adexa \u2013 Suurk\u00f6\u00f6giseadmed restoranidele ja toitlustusele\",\"isPartOf\":{\"@id\":\"https:\\\/\\\/adexa.ee\\\/#website\"},\"primaryImageOfPage\":{\"@id\":\"https:\\\/\\\/adexa.ee\\\/toode\\\/professionaalne-klaasipoleerija-3-harjaga-220-klaasi-h-adexa-gfm11b3\\\/#primaryimage\"},\"image\":{\"@id\":\"https:\\\/\\\/adexa.ee\\\/toode\\\/professionaalne-klaasipoleerija-3-harjaga-220-klaasi-h-adexa-gfm11b3\\\/#primaryimage\"},\"thumbnailUrl\":\"https:\\\/\\\/adexa.ee\\\/wp-content\\\/uploads\\\/2024\\\/12\\\/GFM11B3.jpg\",\"datePublished\":\"2026-03-26T07:25:18+00:00\",\"dateModified\":\"2026-03-26T07:25:27+00:00\",\"breadcrumb\":{\"@id\":\"https:\\\/\\\/adexa.ee\\\/toode\\\/professionaalne-klaasipoleerija-3-harjaga-220-klaasi-h-adexa-gfm11b3\\\/#breadcrumb\"},\"inLanguage\":\"en-US\",\"potentialAction\":[{\"@type\":\"ReadAction\",\"target\":[\"https:\\\/\\\/adexa.ee\\\/toode\\\/professionaalne-klaasipoleerija-3-harjaga-220-klaasi-h-adexa-gfm11b3\\\/\"]}]},{\"@type\":\"ImageObject\",\"inLanguage\":\"en-US\",\"@id\":\"https:\\\/\\\/adexa.ee\\\/toode\\\/professionaalne-klaasipoleerija-3-harjaga-220-klaasi-h-adexa-gfm11b3\\\/#primaryimage\",\"url\":\"https:\\\/\\\/adexa.ee\\\/wp-content\\\/uploads\\\/2024\\\/12\\\/GFM11B3.jpg\",\"contentUrl\":\"https:\\\/\\\/adexa.ee\\\/wp-content\\\/uploads\\\/2024\\\/12\\\/GFM11B3.jpg\",\"width\":1176,\"height\":1176},{\"@type\":\"BreadcrumbList\",\"@id\":\"https:\\\/\\\/adexa.ee\\\/toode\\\/professionaalne-klaasipoleerija-3-harjaga-220-klaasi-h-adexa-gfm11b3\\\/#breadcrumb\",\"itemListElement\":[{\"@type\":\"ListItem\",\"position\":1,\"name\":\"Home\",\"item\":\"https:\\\/\\\/adexa.ee\\\/\"},{\"@type\":\"ListItem\",\"position\":2,\"name\":\"Tooted\",\"item\":\"https:\\\/\\\/adexa.ee\\\/pood\\\/\"},{\"@type\":\"ListItem\",\"position\":3,\"name\":\"Professionaalne klaasipoleerija 3 harjaga, 220 klaasi\\\/h | Adexa GFM11B3\"}]},{\"@type\":\"WebSite\",\"@id\":\"https:\\\/\\\/adexa.ee\\\/#website\",\"url\":\"https:\\\/\\\/adexa.ee\\\/\",\"name\":\"Adexa\",\"description\":\"\",\"publisher\":{\"@id\":\"https:\\\/\\\/adexa.ee\\\/#organization\"},\"potentialAction\":[{\"@type\":\"SearchAction\",\"target\":{\"@type\":\"EntryPoint\",\"urlTemplate\":\"https:\\\/\\\/adexa.ee\\\/?s={search_term_string}\"},\"query-input\":{\"@type\":\"PropertyValueSpecification\",\"valueRequired\":true,\"valueName\":\"search_term_string\"}}],\"inLanguage\":\"en-US\"},{\"@type\":\"Organization\",\"@id\":\"https:\\\/\\\/adexa.ee\\\/#organization\",\"name\":\"Adexa\",\"url\":\"https:\\\/\\\/adexa.ee\\\/\",\"logo\":{\"@type\":\"ImageObject\",\"inLanguage\":\"en-US\",\"@id\":\"https:\\\/\\\/adexa.ee\\\/#\\\/schema\\\/logo\\\/image\\\/\",\"url\":\"https:\\\/\\\/adexa.ee\\\/wp-content\\\/uploads\\\/2024\\\/04\\\/chef-cooks-working-in-professional-kitchen-2023-11-27-05-07-39-utc-scaled.jpg\",\"contentUrl\":\"https:\\\/\\\/adexa.ee\\\/wp-content\\\/uploads\\\/2024\\\/04\\\/chef-cooks-working-in-professional-kitchen-2023-11-27-05-07-39-utc-scaled.jpg\",\"width\":2560,\"height\":1708,\"caption\":\"Adexa\"},\"image\":{\"@id\":\"https:\\\/\\\/adexa.ee\\\/#\\\/schema\\\/logo\\\/image\\\/\"}}]}<\/script>\n<!-- \/ Yoast SEO plugin. -->","yoast_head_json":{"title":"Professionaalne klaasipoleerija 3 harjaga, 220 klaasi\/h | Adexa GFM11B3 - Adexa \u2013 Suurk\u00f6\u00f6giseadmed restoranidele ja toitlustusele","robots":{"index":"index","follow":"follow","max-snippet":"max-snippet:-1","max-image-preview":"max-image-preview:large","max-video-preview":"max-video-preview:-1"},"canonical":"https:\/\/adexa.ee\/toode\/professionaalne-klaasipoleerija-3-harjaga-220-klaasi-h-adexa-gfm11b3\/","og_locale":"en_US","og_type":"article","og_title":"Professionaalne klaasipoleerija 3 harjaga, 220 klaasi\/h | Adexa GFM11B3 - Adexa \u2013 Suurk\u00f6\u00f6giseadmed restoranidele ja toitlustusele","og_description":"Kaubanduslik poleerimismasin klaaside ja tasside kuivatamiseks ja poleerimiseks, mis teeb l\u00f5pu k\u00e4sitsi kuivatamisele. See tagab protsessi k\u00f5rgema h\u00fcgieeni ja puhtuse","og_url":"https:\/\/adexa.ee\/toode\/professionaalne-klaasipoleerija-3-harjaga-220-klaasi-h-adexa-gfm11b3\/","og_site_name":"Adexa \u2013 Suurk\u00f6\u00f6giseadmed restoranidele ja toitlustusele","article_modified_time":"2026-03-26T07:25:27+00:00","og_image":[{"width":1176,"height":1176,"url":"https:\/\/adexa.ee\/wp-content\/uploads\/2024\/12\/GFM11B3.jpg","type":"image\/jpeg"}],"twitter_card":"summary_large_image","twitter_misc":{"Est. reading time":"1 minute"},"schema":{"@context":"https:\/\/schema.org","@graph":[{"@type":"WebPage","@id":"https:\/\/adexa.ee\/toode\/professionaalne-klaasipoleerija-3-harjaga-220-klaasi-h-adexa-gfm11b3\/","url":"https:\/\/adexa.ee\/toode\/professionaalne-klaasipoleerija-3-harjaga-220-klaasi-h-adexa-gfm11b3\/","name":"Professionaalne klaasipoleerija 3 harjaga, 220 klaasi\/h | Adexa GFM11B3 - Adexa \u2013 Suurk\u00f6\u00f6giseadmed restoranidele ja toitlustusele","isPartOf":{"@id":"https:\/\/adexa.ee\/#website"},"primaryImageOfPage":{"@id":"https:\/\/adexa.ee\/toode\/professionaalne-klaasipoleerija-3-harjaga-220-klaasi-h-adexa-gfm11b3\/#primaryimage"},"image":{"@id":"https:\/\/adexa.ee\/toode\/professionaalne-klaasipoleerija-3-harjaga-220-klaasi-h-adexa-gfm11b3\/#primaryimage"},"thumbnailUrl":"https:\/\/adexa.ee\/wp-content\/uploads\/2024\/12\/GFM11B3.jpg","datePublished":"2026-03-26T07:25:18+00:00","dateModified":"2026-03-26T07:25:27+00:00","breadcrumb":{"@id":"https:\/\/adexa.ee\/toode\/professionaalne-klaasipoleerija-3-harjaga-220-klaasi-h-adexa-gfm11b3\/#breadcrumb"},"inLanguage":"en-US","potentialAction":[{"@type":"ReadAction","target":["https:\/\/adexa.ee\/toode\/professionaalne-klaasipoleerija-3-harjaga-220-klaasi-h-adexa-gfm11b3\/"]}]},{"@type":"ImageObject","inLanguage":"en-US","@id":"https:\/\/adexa.ee\/toode\/professionaalne-klaasipoleerija-3-harjaga-220-klaasi-h-adexa-gfm11b3\/#primaryimage","url":"https:\/\/adexa.ee\/wp-content\/uploads\/2024\/12\/GFM11B3.jpg","contentUrl":"https:\/\/adexa.ee\/wp-content\/uploads\/2024\/12\/GFM11B3.jpg","width":1176,"height":1176},{"@type":"BreadcrumbList","@id":"https:\/\/adexa.ee\/toode\/professionaalne-klaasipoleerija-3-harjaga-220-klaasi-h-adexa-gfm11b3\/#breadcrumb","itemListElement":[{"@type":"ListItem","position":1,"name":"Home","item":"https:\/\/adexa.ee\/"},{"@type":"ListItem","position":2,"name":"Tooted","item":"https:\/\/adexa.ee\/pood\/"},{"@type":"ListItem","position":3,"name":"Professionaalne klaasipoleerija 3 harjaga, 220 klaasi\/h | Adexa GFM11B3"}]},{"@type":"WebSite","@id":"https:\/\/adexa.ee\/#website","url":"https:\/\/adexa.ee\/","name":"Adexa","description":"","publisher":{"@id":"https:\/\/adexa.ee\/#organization"},"potentialAction":[{"@type":"SearchAction","target":{"@type":"EntryPoint","urlTemplate":"https:\/\/adexa.ee\/?s={search_term_string}"},"query-input":{"@type":"PropertyValueSpecification","valueRequired":true,"valueName":"search_term_string"}}],"inLanguage":"en-US"},{"@type":"Organization","@id":"https:\/\/adexa.ee\/#organization","name":"Adexa","url":"https:\/\/adexa.ee\/","logo":{"@type":"ImageObject","inLanguage":"en-US","@id":"https:\/\/adexa.ee\/#\/schema\/logo\/image\/","url":"https:\/\/adexa.ee\/wp-content\/uploads\/2024\/04\/chef-cooks-working-in-professional-kitchen-2023-11-27-05-07-39-utc-scaled.jpg","contentUrl":"https:\/\/adexa.ee\/wp-content\/uploads\/2024\/04\/chef-cooks-working-in-professional-kitchen-2023-11-27-05-07-39-utc-scaled.jpg","width":2560,"height":1708,"caption":"Adexa"},"image":{"@id":"https:\/\/adexa.ee\/#\/schema\/logo\/image\/"}}]}},"_links":{"self":[{"href":"https:\/\/adexa.ee\/en\/wp-json\/wp\/v2\/product\/11272","targetHints":{"allow":["GET"]}}],"collection":[{"href":"https:\/\/adexa.ee\/en\/wp-json\/wp\/v2\/product"}],"about":[{"href":"https:\/\/adexa.ee\/en\/wp-json\/wp\/v2\/types\/product"}],"wp:featuredmedia":[{"embeddable":true,"href":"https:\/\/adexa.ee\/en\/wp-json\/wp\/v2\/media\/11279"}],"wp:attachment":[{"href":"https:\/\/adexa.ee\/en\/wp-json\/wp\/v2\/media?parent=11272"}],"wp:term":[{"taxonomy":"product_brand","embeddable":true,"href":"https:\/\/adexa.ee\/en\/wp-json\/wp\/v2\/product_brand?post=11272"},{"taxonomy":"product_cat","embeddable":true,"href":"https:\/\/adexa.ee\/en\/wp-json\/wp\/v2\/product_cat?post=11272"},{"taxonomy":"product_tag","embeddable":true,"href":"https:\/\/adexa.ee\/en\/wp-json\/wp\/v2\/product_tag?post=11272"}],"curies":[{"name":"wp","href":"https:\/\/api.w.org\/{rel}","templated":true}]}}