{"id":11284,"date":"2026-03-26T09:25:27","date_gmt":"2026-03-26T07:25:27","guid":{"rendered":"https:\/\/adexa.ee\/toode\/jahutusega-servery-valmistuspind-1800mm-8xgn1-4-sugavus-330mm-adexa-pt18\/"},"modified":"2026-03-26T09:25:28","modified_gmt":"2026-03-26T07:25:28","slug":"jahutusega-ettevalmistuslaud-1800mm-8xgn1-4-sugavus-330mm-adexa-pt18","status":"publish","type":"product","link":"https:\/\/adexa.ee\/en\/toode\/jahutusega-ettevalmistuslaud-1800mm-8xgn1-4-sugavus-330mm-adexa-pt18\/","title":{"rendered":"Jahutusega Ettevalmistuslaud 1800mm 8xGN1\/4 S\u00fcgavus 330mm | Adexa PT18"},"content":{"rendered":"<p>See k\u00f5rgekvaliteediline jahutusega kattemoodul on loodud tagama silmapaistvat j\u00f5udlust p\u00e4evast p\u00e4eva k\u00f5igis toitlustusasutustes. Ideaalne restoranide, kiirtoidupoodide, toidu kaasaostukohtade, delikatessipoodide, v\u00f5ileivabaaride jms jaoks. See on valmistatud k\u00f5rgekvaliteedilisest roostevabast terasest, et pakkuda suurt t\u00f6\u00f6kindlust, j\u00f5udlust, stiili ja erakordset hinna-ja-kvaliteedi suhet. Pange t\u00e4hele, et GN-n\u00f5ud ja kaaned EI kuulu seadme m\u00fc\u00fcki. Suurep\u00e4rane k\u00f5ikide koostisosade, hakitud k\u00f6\u00f6giviljade, salati ja muu jahutatuna hoidmiseks ning k\u00e4ep\u00e4rast hoidmiseks, et toite kaunistada, valmistada v\u00f5ileibu, pitsasid ja nii edasi. Sellel on t\u00e4ielikult reguleeritav temperatuuri kontroller ning kergesti hooldatav ja puhastatav k\u00f5rgekvaliteediline roostevabast terasest korpus koos l\u00e4bipaistva klaasist \u00fcmbrisega. Digitaalne ekraan Digitaalne termostaat Elektrooniline temperatuuri juhtimine Korpus valmistatud premium roostevabast terasest AISI 304 Klaaskattega CFC-vaba jahutusained \u00dcmarad sisek\u00fcljed Dokumendid Kl\u00f5psake siin, et alla laadida kasutusjuhend Kl\u00f5psake siin, et alla laadida CE vastavusdeklaratsioon Selle seadme klaas asub eraldi sektsioonis pakendi all \u2013 palun veenduge, et see on k\u00e4tte saadud enne kaitsekarbi \u00e4raviskamist. Palun vaadake &#8216;Spetsifikatsioon&#8217; jaotise alt t\u00e4psema teabe saamiseks.<\/p>\n<table style=\"border-collapse: collapse; width: 100%; text-align: left;\">\n<tbody>\n<tr>\n<td style=\"border: 1px solid #ddd; padding: 8px; width: 45%;\"><strong>S\u00fcgavus<\/strong><\/td>\n<td style=\"border: 1px solid #ddd; padding: 8px;\">335 mm<\/td>\n<\/tr>\n<tr>\n<td style=\"border: 1px solid #ddd; padding: 8px; width: 45%;\"><strong>K\u00f5rgus<\/strong><\/td>\n<td style=\"border: 1px solid #ddd; padding: 8px;\">435 mm<\/td>\n<\/tr>\n<tr>\n<td style=\"border: 1px solid #ddd; padding: 8px; width: 45%;\"><strong>Laius<\/strong><\/td>\n<td style=\"border: 1px solid #ddd; padding: 8px;\">1800 mm<\/td>\n<\/tr>\n<tr>\n<td style=\"border: 1px solid #ddd; padding: 8px; width: 45%;\"><strong>Kaal<\/strong><\/td>\n<td style=\"border: 1px solid #ddd; padding: 8px;\">49 kg<\/td>\n<\/tr>\n<tr>\n<td style=\"border: 1px solid #ddd; padding: 8px; width: 45%;\"><strong>Garantii<\/strong><\/td>\n<td style=\"border: 1px solid #ddd; padding: 8px;\">12 kuu varuosade garantii<\/td>\n<\/tr>\n<tr>\n<td style=\"border: 1px solid #ddd; padding: 8px; width: 45%;\"><strong>Mahutavus<\/strong><\/td>\n<td style=\"border: 1px solid #ddd; padding: 8px;\">8 x GN1\/4<\/td>\n<\/tr>\n<tr>\n<td style=\"border: 1px solid #ddd; padding: 8px; width: 45%;\"><strong>Toiteallikas<\/strong><\/td>\n<td style=\"border: 1px solid #ddd; padding: 8px;\">230V \/ 1 faas<\/td>\n<\/tr>\n<tr>\n<td style=\"border: 1px solid #ddd; padding: 8px; width: 45%;\"><strong>V\u00f5imsus<\/strong><\/td>\n<td style=\"border: 1px solid #ddd; padding: 8px;\">220W<\/td>\n<\/tr>\n<tr>\n<td style=\"border: 1px solid #ddd; padding: 8px; width: 45%;\"><strong>Jahutamine<\/strong><\/td>\n<td style=\"border: 1px solid #ddd; padding: 8px;\">Staatiline<\/td>\n<\/tr>\n<tr>\n<td style=\"border: 1px solid #ddd; padding: 8px; width: 45%;\"><strong>Sulatamine<\/strong><\/td>\n<td style=\"border: 1px solid #ddd; padding: 8px;\">K\u00e4siraamat<\/td>\n<\/tr>\n<tr>\n<td style=\"border: 1px solid #ddd; padding: 8px; width: 45%;\"><strong>Temperatuur<\/strong><\/td>\n<td style=\"border: 1px solid #ddd; padding: 8px;\">+2 \u00b0C kuni +8 \u00b0C<\/td>\n<\/tr>\n<tr>\n<td style=\"border: 1px solid #ddd; padding: 8px; width: 45%;\"><strong>Kontrollid<\/strong><\/td>\n<td style=\"border: 1px solid #ddd; padding: 8px;\">Digitaalne<\/td>\n<\/tr>\n<tr>\n<td style=\"border: 1px solid #ddd; padding: 8px; width: 45%;\"><strong>Maksimaalne temperatuur (ruum)<\/strong><\/td>\n<td style=\"border: 1px solid #ddd; padding: 8px;\">+48 \u00b0C<\/td>\n<\/tr>\n<tr>\n<td style=\"border: 1px solid #ddd; padding: 8px; width: 45%;\"><strong>Materjal (v\u00e4limine)<\/strong><\/td>\n<td style=\"border: 1px solid #ddd; padding: 8px;\">Roostevaba teras<\/td>\n<\/tr>\n<tr>\n<td style=\"border: 1px solid #ddd; padding: 8px; width: 45%;\"><strong>Materjal (sisemine)<\/strong><\/td>\n<td style=\"border: 1px solid #ddd; padding: 8px;\">Roostevaba teras<\/td>\n<\/tr>\n<\/tbody>\n<\/table>\n","protected":false},"excerpt":{"rendered":"<p>See k\u00f5rgekvaliteediline jahutusega kattemoodul on loodud tagama silmapaistvat j\u00f5udlust p\u00e4evast p\u00e4eva k\u00f5igis toitlustusasutustes. Ideaalne restoranide, kiirtoidupoodide, toidu kaasaostukohtade, delikatessipoodide, v\u00f5ileivabaaride<\/p>\n","protected":false},"featured_media":11286,"template":"","meta":[],"product_brand":[],"product_cat":[564,690,628,569],"product_tag":[],"class_list":{"0":"post-11284","1":"product","2":"type-product","3":"status-publish","4":"has-post-thumbnail","6":"product_cat-jahutusseadmed","7":"product_cat-kaup-super-diiliga","8":"product_cat-lauapealsed-kulmletid-serveerimislauad","9":"product_cat-lopumuuk","11":"first","12":"instock","13":"sale","14":"taxable","15":"shipping-taxable","16":"purchasable","17":"product-type-simple"},"yoast_head":"<!-- This site is optimized with the Yoast SEO plugin v27.3 - https:\/\/yoast.com\/product\/yoast-seo-wordpress\/ -->\n<title>Jahutusega Ettevalmistuslaud 1800mm 8xGN1\/4 S\u00fcgavus 330mm | Adexa PT18 - Adexa \u2013 Suurk\u00f6\u00f6giseadmed restoranidele ja toitlustusele<\/title>\n<meta name=\"robots\" content=\"index, follow, max-snippet:-1, max-image-preview:large, max-video-preview:-1\" \/>\n<link rel=\"canonical\" href=\"https:\/\/adexa.ee\/toode\/jahutusega-ettevalmistuslaud-1800mm-8xgn1-4-sugavus-330mm-adexa-pt18\/\" \/>\n<meta property=\"og:locale\" content=\"en_US\" \/>\n<meta property=\"og:type\" content=\"article\" \/>\n<meta property=\"og:title\" content=\"Jahutusega Ettevalmistuslaud 1800mm 8xGN1\/4 S\u00fcgavus 330mm | Adexa PT18 - Adexa \u2013 Suurk\u00f6\u00f6giseadmed restoranidele ja toitlustusele\" \/>\n<meta property=\"og:description\" content=\"See k\u00f5rgekvaliteediline jahutusega kattemoodul on loodud tagama silmapaistvat j\u00f5udlust p\u00e4evast p\u00e4eva k\u00f5igis toitlustusasutustes. Ideaalne restoranide, kiirtoidupoodide, toidu kaasaostukohtade, delikatessipoodide, v\u00f5ileivabaaride\" \/>\n<meta property=\"og:url\" content=\"https:\/\/adexa.ee\/toode\/jahutusega-ettevalmistuslaud-1800mm-8xgn1-4-sugavus-330mm-adexa-pt18\/\" \/>\n<meta property=\"og:site_name\" content=\"Adexa \u2013 Suurk\u00f6\u00f6giseadmed restoranidele ja toitlustusele\" \/>\n<meta property=\"article:modified_time\" content=\"2026-03-26T07:25:28+00:00\" \/>\n<meta property=\"og:image\" content=\"https:\/\/adexa.ee\/wp-content\/uploads\/2024\/12\/PT18-.jpg\" \/>\n\t<meta property=\"og:image:width\" content=\"2000\" \/>\n\t<meta property=\"og:image:height\" content=\"2000\" \/>\n\t<meta property=\"og:image:type\" content=\"image\/jpeg\" \/>\n<meta name=\"twitter:card\" content=\"summary_large_image\" \/>\n<meta name=\"twitter:label1\" content=\"Est. reading time\" \/>\n\t<meta name=\"twitter:data1\" content=\"1 minute\" \/>\n<script type=\"application\/ld+json\" class=\"yoast-schema-graph\">{\"@context\":\"https:\\\/\\\/schema.org\",\"@graph\":[{\"@type\":\"WebPage\",\"@id\":\"https:\\\/\\\/adexa.ee\\\/toode\\\/jahutusega-ettevalmistuslaud-1800mm-8xgn1-4-sugavus-330mm-adexa-pt18\\\/\",\"url\":\"https:\\\/\\\/adexa.ee\\\/toode\\\/jahutusega-ettevalmistuslaud-1800mm-8xgn1-4-sugavus-330mm-adexa-pt18\\\/\",\"name\":\"Jahutusega Ettevalmistuslaud 1800mm 8xGN1\\\/4 S\u00fcgavus 330mm | Adexa PT18 - Adexa \u2013 Suurk\u00f6\u00f6giseadmed restoranidele ja toitlustusele\",\"isPartOf\":{\"@id\":\"https:\\\/\\\/adexa.ee\\\/#website\"},\"primaryImageOfPage\":{\"@id\":\"https:\\\/\\\/adexa.ee\\\/toode\\\/jahutusega-ettevalmistuslaud-1800mm-8xgn1-4-sugavus-330mm-adexa-pt18\\\/#primaryimage\"},\"image\":{\"@id\":\"https:\\\/\\\/adexa.ee\\\/toode\\\/jahutusega-ettevalmistuslaud-1800mm-8xgn1-4-sugavus-330mm-adexa-pt18\\\/#primaryimage\"},\"thumbnailUrl\":\"https:\\\/\\\/adexa.ee\\\/wp-content\\\/uploads\\\/2024\\\/12\\\/PT18-.jpg\",\"datePublished\":\"2026-03-26T07:25:27+00:00\",\"dateModified\":\"2026-03-26T07:25:28+00:00\",\"breadcrumb\":{\"@id\":\"https:\\\/\\\/adexa.ee\\\/toode\\\/jahutusega-ettevalmistuslaud-1800mm-8xgn1-4-sugavus-330mm-adexa-pt18\\\/#breadcrumb\"},\"inLanguage\":\"en-US\",\"potentialAction\":[{\"@type\":\"ReadAction\",\"target\":[\"https:\\\/\\\/adexa.ee\\\/toode\\\/jahutusega-ettevalmistuslaud-1800mm-8xgn1-4-sugavus-330mm-adexa-pt18\\\/\"]}]},{\"@type\":\"ImageObject\",\"inLanguage\":\"en-US\",\"@id\":\"https:\\\/\\\/adexa.ee\\\/toode\\\/jahutusega-ettevalmistuslaud-1800mm-8xgn1-4-sugavus-330mm-adexa-pt18\\\/#primaryimage\",\"url\":\"https:\\\/\\\/adexa.ee\\\/wp-content\\\/uploads\\\/2024\\\/12\\\/PT18-.jpg\",\"contentUrl\":\"https:\\\/\\\/adexa.ee\\\/wp-content\\\/uploads\\\/2024\\\/12\\\/PT18-.jpg\",\"width\":2000,\"height\":2000},{\"@type\":\"BreadcrumbList\",\"@id\":\"https:\\\/\\\/adexa.ee\\\/toode\\\/jahutusega-ettevalmistuslaud-1800mm-8xgn1-4-sugavus-330mm-adexa-pt18\\\/#breadcrumb\",\"itemListElement\":[{\"@type\":\"ListItem\",\"position\":1,\"name\":\"Home\",\"item\":\"https:\\\/\\\/adexa.ee\\\/\"},{\"@type\":\"ListItem\",\"position\":2,\"name\":\"Tooted\",\"item\":\"https:\\\/\\\/adexa.ee\\\/pood\\\/\"},{\"@type\":\"ListItem\",\"position\":3,\"name\":\"Jahutusega Ettevalmistuslaud 1800mm 8xGN1\\\/4 S\u00fcgavus 330mm | Adexa PT18\"}]},{\"@type\":\"WebSite\",\"@id\":\"https:\\\/\\\/adexa.ee\\\/#website\",\"url\":\"https:\\\/\\\/adexa.ee\\\/\",\"name\":\"Adexa\",\"description\":\"\",\"publisher\":{\"@id\":\"https:\\\/\\\/adexa.ee\\\/#organization\"},\"potentialAction\":[{\"@type\":\"SearchAction\",\"target\":{\"@type\":\"EntryPoint\",\"urlTemplate\":\"https:\\\/\\\/adexa.ee\\\/?s={search_term_string}\"},\"query-input\":{\"@type\":\"PropertyValueSpecification\",\"valueRequired\":true,\"valueName\":\"search_term_string\"}}],\"inLanguage\":\"en-US\"},{\"@type\":\"Organization\",\"@id\":\"https:\\\/\\\/adexa.ee\\\/#organization\",\"name\":\"Adexa\",\"url\":\"https:\\\/\\\/adexa.ee\\\/\",\"logo\":{\"@type\":\"ImageObject\",\"inLanguage\":\"en-US\",\"@id\":\"https:\\\/\\\/adexa.ee\\\/#\\\/schema\\\/logo\\\/image\\\/\",\"url\":\"https:\\\/\\\/adexa.ee\\\/wp-content\\\/uploads\\\/2024\\\/04\\\/chef-cooks-working-in-professional-kitchen-2023-11-27-05-07-39-utc-scaled.jpg\",\"contentUrl\":\"https:\\\/\\\/adexa.ee\\\/wp-content\\\/uploads\\\/2024\\\/04\\\/chef-cooks-working-in-professional-kitchen-2023-11-27-05-07-39-utc-scaled.jpg\",\"width\":2560,\"height\":1708,\"caption\":\"Adexa\"},\"image\":{\"@id\":\"https:\\\/\\\/adexa.ee\\\/#\\\/schema\\\/logo\\\/image\\\/\"}}]}<\/script>\n<!-- \/ Yoast SEO plugin. -->","yoast_head_json":{"title":"Jahutusega Ettevalmistuslaud 1800mm 8xGN1\/4 S\u00fcgavus 330mm | Adexa PT18 - Adexa \u2013 Suurk\u00f6\u00f6giseadmed restoranidele ja toitlustusele","robots":{"index":"index","follow":"follow","max-snippet":"max-snippet:-1","max-image-preview":"max-image-preview:large","max-video-preview":"max-video-preview:-1"},"canonical":"https:\/\/adexa.ee\/toode\/jahutusega-ettevalmistuslaud-1800mm-8xgn1-4-sugavus-330mm-adexa-pt18\/","og_locale":"en_US","og_type":"article","og_title":"Jahutusega Ettevalmistuslaud 1800mm 8xGN1\/4 S\u00fcgavus 330mm | Adexa PT18 - Adexa \u2013 Suurk\u00f6\u00f6giseadmed restoranidele ja toitlustusele","og_description":"See k\u00f5rgekvaliteediline jahutusega kattemoodul on loodud tagama silmapaistvat j\u00f5udlust p\u00e4evast p\u00e4eva k\u00f5igis toitlustusasutustes. Ideaalne restoranide, kiirtoidupoodide, toidu kaasaostukohtade, delikatessipoodide, v\u00f5ileivabaaride","og_url":"https:\/\/adexa.ee\/toode\/jahutusega-ettevalmistuslaud-1800mm-8xgn1-4-sugavus-330mm-adexa-pt18\/","og_site_name":"Adexa \u2013 Suurk\u00f6\u00f6giseadmed restoranidele ja toitlustusele","article_modified_time":"2026-03-26T07:25:28+00:00","og_image":[{"width":2000,"height":2000,"url":"https:\/\/adexa.ee\/wp-content\/uploads\/2024\/12\/PT18-.jpg","type":"image\/jpeg"}],"twitter_card":"summary_large_image","twitter_misc":{"Est. reading time":"1 minute"},"schema":{"@context":"https:\/\/schema.org","@graph":[{"@type":"WebPage","@id":"https:\/\/adexa.ee\/toode\/jahutusega-ettevalmistuslaud-1800mm-8xgn1-4-sugavus-330mm-adexa-pt18\/","url":"https:\/\/adexa.ee\/toode\/jahutusega-ettevalmistuslaud-1800mm-8xgn1-4-sugavus-330mm-adexa-pt18\/","name":"Jahutusega Ettevalmistuslaud 1800mm 8xGN1\/4 S\u00fcgavus 330mm | Adexa PT18 - Adexa \u2013 Suurk\u00f6\u00f6giseadmed restoranidele ja toitlustusele","isPartOf":{"@id":"https:\/\/adexa.ee\/#website"},"primaryImageOfPage":{"@id":"https:\/\/adexa.ee\/toode\/jahutusega-ettevalmistuslaud-1800mm-8xgn1-4-sugavus-330mm-adexa-pt18\/#primaryimage"},"image":{"@id":"https:\/\/adexa.ee\/toode\/jahutusega-ettevalmistuslaud-1800mm-8xgn1-4-sugavus-330mm-adexa-pt18\/#primaryimage"},"thumbnailUrl":"https:\/\/adexa.ee\/wp-content\/uploads\/2024\/12\/PT18-.jpg","datePublished":"2026-03-26T07:25:27+00:00","dateModified":"2026-03-26T07:25:28+00:00","breadcrumb":{"@id":"https:\/\/adexa.ee\/toode\/jahutusega-ettevalmistuslaud-1800mm-8xgn1-4-sugavus-330mm-adexa-pt18\/#breadcrumb"},"inLanguage":"en-US","potentialAction":[{"@type":"ReadAction","target":["https:\/\/adexa.ee\/toode\/jahutusega-ettevalmistuslaud-1800mm-8xgn1-4-sugavus-330mm-adexa-pt18\/"]}]},{"@type":"ImageObject","inLanguage":"en-US","@id":"https:\/\/adexa.ee\/toode\/jahutusega-ettevalmistuslaud-1800mm-8xgn1-4-sugavus-330mm-adexa-pt18\/#primaryimage","url":"https:\/\/adexa.ee\/wp-content\/uploads\/2024\/12\/PT18-.jpg","contentUrl":"https:\/\/adexa.ee\/wp-content\/uploads\/2024\/12\/PT18-.jpg","width":2000,"height":2000},{"@type":"BreadcrumbList","@id":"https:\/\/adexa.ee\/toode\/jahutusega-ettevalmistuslaud-1800mm-8xgn1-4-sugavus-330mm-adexa-pt18\/#breadcrumb","itemListElement":[{"@type":"ListItem","position":1,"name":"Home","item":"https:\/\/adexa.ee\/"},{"@type":"ListItem","position":2,"name":"Tooted","item":"https:\/\/adexa.ee\/pood\/"},{"@type":"ListItem","position":3,"name":"Jahutusega Ettevalmistuslaud 1800mm 8xGN1\/4 S\u00fcgavus 330mm | Adexa PT18"}]},{"@type":"WebSite","@id":"https:\/\/adexa.ee\/#website","url":"https:\/\/adexa.ee\/","name":"Adexa","description":"","publisher":{"@id":"https:\/\/adexa.ee\/#organization"},"potentialAction":[{"@type":"SearchAction","target":{"@type":"EntryPoint","urlTemplate":"https:\/\/adexa.ee\/?s={search_term_string}"},"query-input":{"@type":"PropertyValueSpecification","valueRequired":true,"valueName":"search_term_string"}}],"inLanguage":"en-US"},{"@type":"Organization","@id":"https:\/\/adexa.ee\/#organization","name":"Adexa","url":"https:\/\/adexa.ee\/","logo":{"@type":"ImageObject","inLanguage":"en-US","@id":"https:\/\/adexa.ee\/#\/schema\/logo\/image\/","url":"https:\/\/adexa.ee\/wp-content\/uploads\/2024\/04\/chef-cooks-working-in-professional-kitchen-2023-11-27-05-07-39-utc-scaled.jpg","contentUrl":"https:\/\/adexa.ee\/wp-content\/uploads\/2024\/04\/chef-cooks-working-in-professional-kitchen-2023-11-27-05-07-39-utc-scaled.jpg","width":2560,"height":1708,"caption":"Adexa"},"image":{"@id":"https:\/\/adexa.ee\/#\/schema\/logo\/image\/"}}]}},"_links":{"self":[{"href":"https:\/\/adexa.ee\/en\/wp-json\/wp\/v2\/product\/11284","targetHints":{"allow":["GET"]}}],"collection":[{"href":"https:\/\/adexa.ee\/en\/wp-json\/wp\/v2\/product"}],"about":[{"href":"https:\/\/adexa.ee\/en\/wp-json\/wp\/v2\/types\/product"}],"wp:featuredmedia":[{"embeddable":true,"href":"https:\/\/adexa.ee\/en\/wp-json\/wp\/v2\/media\/11286"}],"wp:attachment":[{"href":"https:\/\/adexa.ee\/en\/wp-json\/wp\/v2\/media?parent=11284"}],"wp:term":[{"taxonomy":"product_brand","embeddable":true,"href":"https:\/\/adexa.ee\/en\/wp-json\/wp\/v2\/product_brand?post=11284"},{"taxonomy":"product_cat","embeddable":true,"href":"https:\/\/adexa.ee\/en\/wp-json\/wp\/v2\/product_cat?post=11284"},{"taxonomy":"product_tag","embeddable":true,"href":"https:\/\/adexa.ee\/en\/wp-json\/wp\/v2\/product_tag?post=11284"}],"curies":[{"name":"wp","href":"https:\/\/api.w.org\/{rel}","templated":true}]}}