{"id":11369,"date":"2026-04-01T12:05:26","date_gmt":"2026-04-01T09:05:26","guid":{"rendered":"https:\/\/adexa.ee\/toode\/kaubanduslik-vurtside-hoidja-kaanega-sisaldab-3xgn1-6-150mm-mahuteid-roostevaba-teras-adexa-chd03adfl\/"},"modified":"2026-04-01T12:05:27","modified_gmt":"2026-04-01T09:05:27","slug":"vurtside-hoidja-kaanega-sisaldab-3xgn1-6-150mm-mahuteid-roostevaba-teras-adexa-chd03adfl","status":"publish","type":"product","link":"https:\/\/adexa.ee\/en\/toode\/vurtside-hoidja-kaanega-sisaldab-3xgn1-6-150mm-mahuteid-roostevaba-teras-adexa-chd03adfl\/","title":{"rendered":"V\u00fcrtside Hoidja Kaanega, Sisaldab 3Xgn1\/6-150Mm Mahuteid, Roostevaba Teras | Adexa Chd03Adfl"},"content":{"rendered":"<p>See v\u00fcrtside hoidik on ideaalne toidu serveerimiseks buffet-laual v\u00f5i toidu valmistamiseks k\u00f6\u00f6gis ettevalmistusjaamas. Valmistatud tugevast roostevabast terasest, on mahutihoidik v\u00e4ga vastupidav ja kauakestev, taludes aastatepikkust intensiivset kasutamist ja piirates seel\u00e4bi teie vajadust osta asendusi. Sile roostevaba teras on samuti v\u00e4ga lihtne puhastada. Sisaldab 3xGN1\/6-150mm.<\/p>\n<table style=\"border-collapse: collapse; width: 100%; text-align: left;\">\n<tbody>\n<tr>\n<td style=\"border: 1px solid #ddd; padding: 8px; width: 45%;\"><strong>S\u00fcgavus<\/strong><\/td>\n<td style=\"border: 1px solid #ddd; padding: 8px;\">225 mm<\/td>\n<\/tr>\n<tr>\n<td style=\"border: 1px solid #ddd; padding: 8px; width: 45%;\"><strong>Laius<\/strong><\/td>\n<td style=\"border: 1px solid #ddd; padding: 8px;\">545 mm<\/td>\n<\/tr>\n<tr>\n<td style=\"border: 1px solid #ddd; padding: 8px; width: 45%;\"><strong>Kaal<\/strong><\/td>\n<td style=\"border: 1px solid #ddd; padding: 8px;\">3 kg<\/td>\n<\/tr>\n<tr>\n<td style=\"border: 1px solid #ddd; padding: 8px; width: 45%;\"><strong>Mahutavus<\/strong><\/td>\n<td style=\"border: 1px solid #ddd; padding: 8px;\">3 x GN1\/6 konteinerit 150 mm s\u00fcgavusega<\/td>\n<\/tr>\n<tr>\n<td style=\"border: 1px solid #ddd; padding: 8px; width: 45%;\"><strong>Materjal<\/strong><\/td>\n<td style=\"border: 1px solid #ddd; padding: 8px;\">Roostevaba teras<\/td>\n<\/tr>\n<\/tbody>\n<\/table>\n","protected":false},"excerpt":{"rendered":"<p>See v\u00fcrtside hoidik on ideaalne toidu serveerimiseks buffet-laual v\u00f5i toidu valmistamiseks k\u00f6\u00f6gis ettevalmistusjaamas. Valmistatud tugevast roostevabast terasest, on mahutihoidik v\u00e4ga<\/p>\n","protected":false},"featured_media":10977,"template":"","meta":[],"product_brand":[],"product_cat":[585,646,584,579,557,572,586],"product_tag":[],"class_list":{"0":"post-11369","1":"product","2":"type-product","3":"status-publish","4":"has-post-thumbnail","6":"product_cat-gn-noud","7":"product_cat-gn-noude-hoidikud-ja-suvendid","8":"product_cat-hoidikud-ja-kandikud","9":"product_cat-koogitarbed-noud","10":"product_cat-kupsetusseadmed","11":"product_cat-roostevabad-tooted","12":"product_cat-serveerimine","14":"first","15":"instock","16":"sale","17":"taxable","18":"shipping-taxable","19":"purchasable","20":"product-type-simple"},"yoast_head":"<!-- This site is optimized with the Yoast SEO plugin v27.3 - https:\/\/yoast.com\/product\/yoast-seo-wordpress\/ -->\n<title>V\u00fcrtside Hoidja Kaanega, Sisaldab 3Xgn1\/6-150Mm Mahuteid, Roostevaba Teras | Adexa Chd03Adfl - Adexa \u2013 Suurk\u00f6\u00f6giseadmed restoranidele ja toitlustusele<\/title>\n<meta name=\"robots\" content=\"index, follow, max-snippet:-1, max-image-preview:large, max-video-preview:-1\" \/>\n<link rel=\"canonical\" href=\"https:\/\/adexa.ee\/toode\/vurtside-hoidja-kaanega-sisaldab-3xgn1-6-150mm-mahuteid-roostevaba-teras-adexa-chd03adfl\/\" \/>\n<meta property=\"og:locale\" content=\"en_US\" \/>\n<meta property=\"og:type\" content=\"article\" \/>\n<meta property=\"og:title\" content=\"V\u00fcrtside Hoidja Kaanega, Sisaldab 3Xgn1\/6-150Mm Mahuteid, Roostevaba Teras | Adexa Chd03Adfl - Adexa \u2013 Suurk\u00f6\u00f6giseadmed restoranidele ja toitlustusele\" \/>\n<meta property=\"og:description\" content=\"See v\u00fcrtside hoidik on ideaalne toidu serveerimiseks buffet-laual v\u00f5i toidu valmistamiseks k\u00f6\u00f6gis ettevalmistusjaamas. Valmistatud tugevast roostevabast terasest, on mahutihoidik v\u00e4ga\" \/>\n<meta property=\"og:url\" content=\"https:\/\/adexa.ee\/toode\/vurtside-hoidja-kaanega-sisaldab-3xgn1-6-150mm-mahuteid-roostevaba-teras-adexa-chd03adfl\/\" \/>\n<meta property=\"og:site_name\" content=\"Adexa \u2013 Suurk\u00f6\u00f6giseadmed restoranidele ja toitlustusele\" \/>\n<meta property=\"article:modified_time\" content=\"2026-04-01T09:05:27+00:00\" \/>\n<meta property=\"og:image\" content=\"https:\/\/adexa.ee\/wp-content\/uploads\/2024\/12\/CHD03AFL.jpg\" \/>\n\t<meta property=\"og:image:width\" content=\"1200\" \/>\n\t<meta property=\"og:image:height\" content=\"1200\" \/>\n\t<meta property=\"og:image:type\" content=\"image\/jpeg\" \/>\n<meta name=\"twitter:card\" content=\"summary_large_image\" \/>\n<script type=\"application\/ld+json\" class=\"yoast-schema-graph\">{\"@context\":\"https:\\\/\\\/schema.org\",\"@graph\":[{\"@type\":\"WebPage\",\"@id\":\"https:\\\/\\\/adexa.ee\\\/toode\\\/vurtside-hoidja-kaanega-sisaldab-3xgn1-6-150mm-mahuteid-roostevaba-teras-adexa-chd03adfl\\\/\",\"url\":\"https:\\\/\\\/adexa.ee\\\/toode\\\/vurtside-hoidja-kaanega-sisaldab-3xgn1-6-150mm-mahuteid-roostevaba-teras-adexa-chd03adfl\\\/\",\"name\":\"V\u00fcrtside Hoidja Kaanega, Sisaldab 3Xgn1\\\/6-150Mm Mahuteid, Roostevaba Teras | Adexa Chd03Adfl - Adexa \u2013 Suurk\u00f6\u00f6giseadmed restoranidele ja toitlustusele\",\"isPartOf\":{\"@id\":\"https:\\\/\\\/adexa.ee\\\/#website\"},\"primaryImageOfPage\":{\"@id\":\"https:\\\/\\\/adexa.ee\\\/toode\\\/vurtside-hoidja-kaanega-sisaldab-3xgn1-6-150mm-mahuteid-roostevaba-teras-adexa-chd03adfl\\\/#primaryimage\"},\"image\":{\"@id\":\"https:\\\/\\\/adexa.ee\\\/toode\\\/vurtside-hoidja-kaanega-sisaldab-3xgn1-6-150mm-mahuteid-roostevaba-teras-adexa-chd03adfl\\\/#primaryimage\"},\"thumbnailUrl\":\"https:\\\/\\\/adexa.ee\\\/wp-content\\\/uploads\\\/2024\\\/12\\\/CHD03AFL.jpg\",\"datePublished\":\"2026-04-01T09:05:26+00:00\",\"dateModified\":\"2026-04-01T09:05:27+00:00\",\"breadcrumb\":{\"@id\":\"https:\\\/\\\/adexa.ee\\\/toode\\\/vurtside-hoidja-kaanega-sisaldab-3xgn1-6-150mm-mahuteid-roostevaba-teras-adexa-chd03adfl\\\/#breadcrumb\"},\"inLanguage\":\"en-US\",\"potentialAction\":[{\"@type\":\"ReadAction\",\"target\":[\"https:\\\/\\\/adexa.ee\\\/toode\\\/vurtside-hoidja-kaanega-sisaldab-3xgn1-6-150mm-mahuteid-roostevaba-teras-adexa-chd03adfl\\\/\"]}]},{\"@type\":\"ImageObject\",\"inLanguage\":\"en-US\",\"@id\":\"https:\\\/\\\/adexa.ee\\\/toode\\\/vurtside-hoidja-kaanega-sisaldab-3xgn1-6-150mm-mahuteid-roostevaba-teras-adexa-chd03adfl\\\/#primaryimage\",\"url\":\"https:\\\/\\\/adexa.ee\\\/wp-content\\\/uploads\\\/2024\\\/12\\\/CHD03AFL.jpg\",\"contentUrl\":\"https:\\\/\\\/adexa.ee\\\/wp-content\\\/uploads\\\/2024\\\/12\\\/CHD03AFL.jpg\",\"width\":1200,\"height\":1200},{\"@type\":\"BreadcrumbList\",\"@id\":\"https:\\\/\\\/adexa.ee\\\/toode\\\/vurtside-hoidja-kaanega-sisaldab-3xgn1-6-150mm-mahuteid-roostevaba-teras-adexa-chd03adfl\\\/#breadcrumb\",\"itemListElement\":[{\"@type\":\"ListItem\",\"position\":1,\"name\":\"Home\",\"item\":\"https:\\\/\\\/adexa.ee\\\/\"},{\"@type\":\"ListItem\",\"position\":2,\"name\":\"Tooted\",\"item\":\"https:\\\/\\\/adexa.ee\\\/pood\\\/\"},{\"@type\":\"ListItem\",\"position\":3,\"name\":\"V\u00fcrtside Hoidja Kaanega, Sisaldab 3Xgn1\\\/6-150Mm Mahuteid, Roostevaba Teras | Adexa Chd03Adfl\"}]},{\"@type\":\"WebSite\",\"@id\":\"https:\\\/\\\/adexa.ee\\\/#website\",\"url\":\"https:\\\/\\\/adexa.ee\\\/\",\"name\":\"Adexa\",\"description\":\"\",\"publisher\":{\"@id\":\"https:\\\/\\\/adexa.ee\\\/#organization\"},\"potentialAction\":[{\"@type\":\"SearchAction\",\"target\":{\"@type\":\"EntryPoint\",\"urlTemplate\":\"https:\\\/\\\/adexa.ee\\\/?s={search_term_string}\"},\"query-input\":{\"@type\":\"PropertyValueSpecification\",\"valueRequired\":true,\"valueName\":\"search_term_string\"}}],\"inLanguage\":\"en-US\"},{\"@type\":\"Organization\",\"@id\":\"https:\\\/\\\/adexa.ee\\\/#organization\",\"name\":\"Adexa\",\"url\":\"https:\\\/\\\/adexa.ee\\\/\",\"logo\":{\"@type\":\"ImageObject\",\"inLanguage\":\"en-US\",\"@id\":\"https:\\\/\\\/adexa.ee\\\/#\\\/schema\\\/logo\\\/image\\\/\",\"url\":\"https:\\\/\\\/adexa.ee\\\/wp-content\\\/uploads\\\/2024\\\/04\\\/chef-cooks-working-in-professional-kitchen-2023-11-27-05-07-39-utc-scaled.jpg\",\"contentUrl\":\"https:\\\/\\\/adexa.ee\\\/wp-content\\\/uploads\\\/2024\\\/04\\\/chef-cooks-working-in-professional-kitchen-2023-11-27-05-07-39-utc-scaled.jpg\",\"width\":2560,\"height\":1708,\"caption\":\"Adexa\"},\"image\":{\"@id\":\"https:\\\/\\\/adexa.ee\\\/#\\\/schema\\\/logo\\\/image\\\/\"}}]}<\/script>\n<!-- \/ Yoast SEO plugin. -->","yoast_head_json":{"title":"V\u00fcrtside Hoidja Kaanega, Sisaldab 3Xgn1\/6-150Mm Mahuteid, Roostevaba Teras | Adexa Chd03Adfl - Adexa \u2013 Suurk\u00f6\u00f6giseadmed restoranidele ja toitlustusele","robots":{"index":"index","follow":"follow","max-snippet":"max-snippet:-1","max-image-preview":"max-image-preview:large","max-video-preview":"max-video-preview:-1"},"canonical":"https:\/\/adexa.ee\/toode\/vurtside-hoidja-kaanega-sisaldab-3xgn1-6-150mm-mahuteid-roostevaba-teras-adexa-chd03adfl\/","og_locale":"en_US","og_type":"article","og_title":"V\u00fcrtside Hoidja Kaanega, Sisaldab 3Xgn1\/6-150Mm Mahuteid, Roostevaba Teras | Adexa Chd03Adfl - Adexa \u2013 Suurk\u00f6\u00f6giseadmed restoranidele ja toitlustusele","og_description":"See v\u00fcrtside hoidik on ideaalne toidu serveerimiseks buffet-laual v\u00f5i toidu valmistamiseks k\u00f6\u00f6gis ettevalmistusjaamas. Valmistatud tugevast roostevabast terasest, on mahutihoidik v\u00e4ga","og_url":"https:\/\/adexa.ee\/toode\/vurtside-hoidja-kaanega-sisaldab-3xgn1-6-150mm-mahuteid-roostevaba-teras-adexa-chd03adfl\/","og_site_name":"Adexa \u2013 Suurk\u00f6\u00f6giseadmed restoranidele ja toitlustusele","article_modified_time":"2026-04-01T09:05:27+00:00","og_image":[{"width":1200,"height":1200,"url":"https:\/\/adexa.ee\/wp-content\/uploads\/2024\/12\/CHD03AFL.jpg","type":"image\/jpeg"}],"twitter_card":"summary_large_image","schema":{"@context":"https:\/\/schema.org","@graph":[{"@type":"WebPage","@id":"https:\/\/adexa.ee\/toode\/vurtside-hoidja-kaanega-sisaldab-3xgn1-6-150mm-mahuteid-roostevaba-teras-adexa-chd03adfl\/","url":"https:\/\/adexa.ee\/toode\/vurtside-hoidja-kaanega-sisaldab-3xgn1-6-150mm-mahuteid-roostevaba-teras-adexa-chd03adfl\/","name":"V\u00fcrtside Hoidja Kaanega, Sisaldab 3Xgn1\/6-150Mm Mahuteid, Roostevaba Teras | Adexa Chd03Adfl - Adexa \u2013 Suurk\u00f6\u00f6giseadmed restoranidele ja toitlustusele","isPartOf":{"@id":"https:\/\/adexa.ee\/#website"},"primaryImageOfPage":{"@id":"https:\/\/adexa.ee\/toode\/vurtside-hoidja-kaanega-sisaldab-3xgn1-6-150mm-mahuteid-roostevaba-teras-adexa-chd03adfl\/#primaryimage"},"image":{"@id":"https:\/\/adexa.ee\/toode\/vurtside-hoidja-kaanega-sisaldab-3xgn1-6-150mm-mahuteid-roostevaba-teras-adexa-chd03adfl\/#primaryimage"},"thumbnailUrl":"https:\/\/adexa.ee\/wp-content\/uploads\/2024\/12\/CHD03AFL.jpg","datePublished":"2026-04-01T09:05:26+00:00","dateModified":"2026-04-01T09:05:27+00:00","breadcrumb":{"@id":"https:\/\/adexa.ee\/toode\/vurtside-hoidja-kaanega-sisaldab-3xgn1-6-150mm-mahuteid-roostevaba-teras-adexa-chd03adfl\/#breadcrumb"},"inLanguage":"en-US","potentialAction":[{"@type":"ReadAction","target":["https:\/\/adexa.ee\/toode\/vurtside-hoidja-kaanega-sisaldab-3xgn1-6-150mm-mahuteid-roostevaba-teras-adexa-chd03adfl\/"]}]},{"@type":"ImageObject","inLanguage":"en-US","@id":"https:\/\/adexa.ee\/toode\/vurtside-hoidja-kaanega-sisaldab-3xgn1-6-150mm-mahuteid-roostevaba-teras-adexa-chd03adfl\/#primaryimage","url":"https:\/\/adexa.ee\/wp-content\/uploads\/2024\/12\/CHD03AFL.jpg","contentUrl":"https:\/\/adexa.ee\/wp-content\/uploads\/2024\/12\/CHD03AFL.jpg","width":1200,"height":1200},{"@type":"BreadcrumbList","@id":"https:\/\/adexa.ee\/toode\/vurtside-hoidja-kaanega-sisaldab-3xgn1-6-150mm-mahuteid-roostevaba-teras-adexa-chd03adfl\/#breadcrumb","itemListElement":[{"@type":"ListItem","position":1,"name":"Home","item":"https:\/\/adexa.ee\/"},{"@type":"ListItem","position":2,"name":"Tooted","item":"https:\/\/adexa.ee\/pood\/"},{"@type":"ListItem","position":3,"name":"V\u00fcrtside Hoidja Kaanega, Sisaldab 3Xgn1\/6-150Mm Mahuteid, Roostevaba Teras | Adexa Chd03Adfl"}]},{"@type":"WebSite","@id":"https:\/\/adexa.ee\/#website","url":"https:\/\/adexa.ee\/","name":"Adexa","description":"","publisher":{"@id":"https:\/\/adexa.ee\/#organization"},"potentialAction":[{"@type":"SearchAction","target":{"@type":"EntryPoint","urlTemplate":"https:\/\/adexa.ee\/?s={search_term_string}"},"query-input":{"@type":"PropertyValueSpecification","valueRequired":true,"valueName":"search_term_string"}}],"inLanguage":"en-US"},{"@type":"Organization","@id":"https:\/\/adexa.ee\/#organization","name":"Adexa","url":"https:\/\/adexa.ee\/","logo":{"@type":"ImageObject","inLanguage":"en-US","@id":"https:\/\/adexa.ee\/#\/schema\/logo\/image\/","url":"https:\/\/adexa.ee\/wp-content\/uploads\/2024\/04\/chef-cooks-working-in-professional-kitchen-2023-11-27-05-07-39-utc-scaled.jpg","contentUrl":"https:\/\/adexa.ee\/wp-content\/uploads\/2024\/04\/chef-cooks-working-in-professional-kitchen-2023-11-27-05-07-39-utc-scaled.jpg","width":2560,"height":1708,"caption":"Adexa"},"image":{"@id":"https:\/\/adexa.ee\/#\/schema\/logo\/image\/"}}]}},"_links":{"self":[{"href":"https:\/\/adexa.ee\/en\/wp-json\/wp\/v2\/product\/11369","targetHints":{"allow":["GET"]}}],"collection":[{"href":"https:\/\/adexa.ee\/en\/wp-json\/wp\/v2\/product"}],"about":[{"href":"https:\/\/adexa.ee\/en\/wp-json\/wp\/v2\/types\/product"}],"wp:featuredmedia":[{"embeddable":true,"href":"https:\/\/adexa.ee\/en\/wp-json\/wp\/v2\/media\/10977"}],"wp:attachment":[{"href":"https:\/\/adexa.ee\/en\/wp-json\/wp\/v2\/media?parent=11369"}],"wp:term":[{"taxonomy":"product_brand","embeddable":true,"href":"https:\/\/adexa.ee\/en\/wp-json\/wp\/v2\/product_brand?post=11369"},{"taxonomy":"product_cat","embeddable":true,"href":"https:\/\/adexa.ee\/en\/wp-json\/wp\/v2\/product_cat?post=11369"},{"taxonomy":"product_tag","embeddable":true,"href":"https:\/\/adexa.ee\/en\/wp-json\/wp\/v2\/product_tag?post=11369"}],"curies":[{"name":"wp","href":"https:\/\/api.w.org\/{rel}","templated":true}]}}