{"id":11371,"date":"2026-03-26T09:25:35","date_gmt":"2026-03-26T07:25:35","guid":{"rendered":"https:\/\/adexa.ee\/toode\/must-terastool-triivpuidust-iste-ja-seljatugi-adexa-gs65vdwsdwb\/"},"modified":"2026-03-26T09:25:38","modified_gmt":"2026-03-26T07:25:38","slug":"must-terasest-tool-triivpuidust-istme-ja-seljatoega-adexa-gs65vdwsdwb","status":"publish","type":"product","link":"https:\/\/adexa.ee\/en\/toode\/must-terasest-tool-triivpuidust-istme-ja-seljatoega-adexa-gs65vdwsdwb\/","title":{"rendered":"Must terasest tool triivpuidust istme ja seljatoega | Adexa GS65VDWSDWB"},"content":{"rendered":"<p>Istuge oma k\u00fclalisi mugavuse ja stiiliga selle musta raamiga s\u00f6\u00f6gilaua k\u00f5rguse tooliga, millel on puidust iste ja seljatugi! Disain on nii vastupidav kui ka stiilne, andes igale asukohale kaasaegse ilme. Selle usaldusv\u00e4\u00e4rne ja kaasaegne disain tagab, et kasutate seda tavak\u00f5rgusega tooli oma pubis v\u00f5i restoranis veel aastaid. Tooli seljatugi on kujundatud spetsiaalselt teie k\u00fclaliste mugavuse tagamiseks, s\u00e4ilitades samal ajal kaasaegse ja elegantse stiili.<\/p>\n<table style=\"border-collapse: collapse; width: 100%; text-align: left;\">\n<tbody>\n<tr>\n<td style=\"border: 1px solid #ddd; padding: 8px; width: 45%;\"><strong>S\u00fcgavus<\/strong><\/td>\n<td style=\"border: 1px solid #ddd; padding: 8px;\">485 mm<\/td>\n<\/tr>\n<tr>\n<td style=\"border: 1px solid #ddd; padding: 8px; width: 45%;\"><strong>K\u00f5rgus<\/strong><\/td>\n<td style=\"border: 1px solid #ddd; padding: 8px;\">830 mm<\/td>\n<\/tr>\n<tr>\n<td style=\"border: 1px solid #ddd; padding: 8px; width: 45%;\"><strong>Laius<\/strong><\/td>\n<td style=\"border: 1px solid #ddd; padding: 8px;\">440 mm<\/td>\n<\/tr>\n<tr>\n<td style=\"border: 1px solid #ddd; padding: 8px; width: 45%;\"><strong>Kaal<\/strong><\/td>\n<td style=\"border: 1px solid #ddd; padding: 8px;\">3,5 kg<\/td>\n<\/tr>\n<tr>\n<td style=\"border: 1px solid #ddd; padding: 8px; width: 45%;\"><strong>Garantii<\/strong><\/td>\n<td style=\"border: 1px solid #ddd; padding: 8px;\">12 kuu varuosade garantii<\/td>\n<\/tr>\n<tr>\n<td style=\"border: 1px solid #ddd; padding: 8px; width: 45%;\"><strong>Materjal<\/strong><\/td>\n<td style=\"border: 1px solid #ddd; padding: 8px;\">Pulberv\u00e4rvitud teras (raam) \/ Puit (iste ja seljatugi)<\/td>\n<\/tr>\n<tr>\n<td style=\"border: 1px solid #ddd; padding: 8px; width: 45%;\"><strong>V\u00e4rv<\/strong><\/td>\n<td style=\"border: 1px solid #ddd; padding: 8px;\">Must raam \/ Triivpuidust iste \/ Triivpuidust seljatugi<\/td>\n<\/tr>\n<tr>\n<td style=\"border: 1px solid #ddd; padding: 8px; width: 45%;\"><strong>K\u00f5rgus (iste)<\/strong><\/td>\n<td style=\"border: 1px solid #ddd; padding: 8px;\">495 mm<\/td>\n<\/tr>\n<\/tbody>\n<\/table>\n","protected":false},"excerpt":{"rendered":"<p>Istuge oma k\u00fclalisi mugavuse ja stiiliga selle musta raamiga s\u00f6\u00f6gilaua k\u00f5rguse tooliga, millel on puidust iste ja seljatugi! Disain on<\/p>\n","protected":false},"featured_media":11373,"template":"","meta":[],"product_brand":[],"product_cat":[722,569,561],"product_tag":[],"class_list":{"0":"post-11371","1":"product","2":"type-product","3":"status-publish","4":"has-post-thumbnail","6":"product_cat-bistroo-ja-soogitoolid","7":"product_cat-lopumuuk","8":"product_cat-moobel-ja-hoiustamine","10":"first","11":"instock","12":"sale","13":"taxable","14":"shipping-taxable","15":"purchasable","16":"product-type-simple"},"yoast_head":"<!-- This site is optimized with the Yoast SEO plugin v27.3 - https:\/\/yoast.com\/product\/yoast-seo-wordpress\/ -->\n<title>Must terasest tool triivpuidust istme ja seljatoega | Adexa GS65VDWSDWB - Adexa \u2013 Suurk\u00f6\u00f6giseadmed restoranidele ja toitlustusele<\/title>\n<meta name=\"robots\" content=\"index, follow, max-snippet:-1, max-image-preview:large, max-video-preview:-1\" \/>\n<link rel=\"canonical\" href=\"https:\/\/adexa.ee\/toode\/must-terasest-tool-triivpuidust-istme-ja-seljatoega-adexa-gs65vdwsdwb\/\" \/>\n<meta property=\"og:locale\" content=\"en_US\" \/>\n<meta property=\"og:type\" content=\"article\" \/>\n<meta property=\"og:title\" content=\"Must terasest tool triivpuidust istme ja seljatoega | Adexa GS65VDWSDWB - Adexa \u2013 Suurk\u00f6\u00f6giseadmed restoranidele ja toitlustusele\" \/>\n<meta property=\"og:description\" content=\"Istuge oma k\u00fclalisi mugavuse ja stiiliga selle musta raamiga s\u00f6\u00f6gilaua k\u00f5rguse tooliga, millel on puidust iste ja seljatugi! Disain on\" \/>\n<meta property=\"og:url\" content=\"https:\/\/adexa.ee\/toode\/must-terasest-tool-triivpuidust-istme-ja-seljatoega-adexa-gs65vdwsdwb\/\" \/>\n<meta property=\"og:site_name\" content=\"Adexa \u2013 Suurk\u00f6\u00f6giseadmed restoranidele ja toitlustusele\" \/>\n<meta property=\"article:modified_time\" content=\"2026-03-26T07:25:38+00:00\" \/>\n<meta property=\"og:image\" content=\"https:\/\/adexa.ee\/wp-content\/uploads\/2024\/12\/GS65VDRIFTWOODSEATDRIFTWOODBACK.jpg\" \/>\n\t<meta property=\"og:image:width\" content=\"1936\" \/>\n\t<meta property=\"og:image:height\" content=\"1936\" \/>\n\t<meta property=\"og:image:type\" content=\"image\/jpeg\" \/>\n<meta name=\"twitter:card\" content=\"summary_large_image\" \/>\n<meta name=\"twitter:label1\" content=\"Est. reading time\" \/>\n\t<meta name=\"twitter:data1\" content=\"1 minute\" \/>\n<script type=\"application\/ld+json\" class=\"yoast-schema-graph\">{\"@context\":\"https:\\\/\\\/schema.org\",\"@graph\":[{\"@type\":\"WebPage\",\"@id\":\"https:\\\/\\\/adexa.ee\\\/toode\\\/must-terasest-tool-triivpuidust-istme-ja-seljatoega-adexa-gs65vdwsdwb\\\/\",\"url\":\"https:\\\/\\\/adexa.ee\\\/toode\\\/must-terasest-tool-triivpuidust-istme-ja-seljatoega-adexa-gs65vdwsdwb\\\/\",\"name\":\"Must terasest tool triivpuidust istme ja seljatoega | Adexa GS65VDWSDWB - Adexa \u2013 Suurk\u00f6\u00f6giseadmed restoranidele ja toitlustusele\",\"isPartOf\":{\"@id\":\"https:\\\/\\\/adexa.ee\\\/#website\"},\"primaryImageOfPage\":{\"@id\":\"https:\\\/\\\/adexa.ee\\\/toode\\\/must-terasest-tool-triivpuidust-istme-ja-seljatoega-adexa-gs65vdwsdwb\\\/#primaryimage\"},\"image\":{\"@id\":\"https:\\\/\\\/adexa.ee\\\/toode\\\/must-terasest-tool-triivpuidust-istme-ja-seljatoega-adexa-gs65vdwsdwb\\\/#primaryimage\"},\"thumbnailUrl\":\"https:\\\/\\\/adexa.ee\\\/wp-content\\\/uploads\\\/2024\\\/12\\\/GS65VDRIFTWOODSEATDRIFTWOODBACK.jpg\",\"datePublished\":\"2026-03-26T07:25:35+00:00\",\"dateModified\":\"2026-03-26T07:25:38+00:00\",\"breadcrumb\":{\"@id\":\"https:\\\/\\\/adexa.ee\\\/toode\\\/must-terasest-tool-triivpuidust-istme-ja-seljatoega-adexa-gs65vdwsdwb\\\/#breadcrumb\"},\"inLanguage\":\"en-US\",\"potentialAction\":[{\"@type\":\"ReadAction\",\"target\":[\"https:\\\/\\\/adexa.ee\\\/toode\\\/must-terasest-tool-triivpuidust-istme-ja-seljatoega-adexa-gs65vdwsdwb\\\/\"]}]},{\"@type\":\"ImageObject\",\"inLanguage\":\"en-US\",\"@id\":\"https:\\\/\\\/adexa.ee\\\/toode\\\/must-terasest-tool-triivpuidust-istme-ja-seljatoega-adexa-gs65vdwsdwb\\\/#primaryimage\",\"url\":\"https:\\\/\\\/adexa.ee\\\/wp-content\\\/uploads\\\/2024\\\/12\\\/GS65VDRIFTWOODSEATDRIFTWOODBACK.jpg\",\"contentUrl\":\"https:\\\/\\\/adexa.ee\\\/wp-content\\\/uploads\\\/2024\\\/12\\\/GS65VDRIFTWOODSEATDRIFTWOODBACK.jpg\",\"width\":1936,\"height\":1936},{\"@type\":\"BreadcrumbList\",\"@id\":\"https:\\\/\\\/adexa.ee\\\/toode\\\/must-terasest-tool-triivpuidust-istme-ja-seljatoega-adexa-gs65vdwsdwb\\\/#breadcrumb\",\"itemListElement\":[{\"@type\":\"ListItem\",\"position\":1,\"name\":\"Home\",\"item\":\"https:\\\/\\\/adexa.ee\\\/\"},{\"@type\":\"ListItem\",\"position\":2,\"name\":\"Tooted\",\"item\":\"https:\\\/\\\/adexa.ee\\\/pood\\\/\"},{\"@type\":\"ListItem\",\"position\":3,\"name\":\"Must terasest tool triivpuidust istme ja seljatoega | Adexa GS65VDWSDWB\"}]},{\"@type\":\"WebSite\",\"@id\":\"https:\\\/\\\/adexa.ee\\\/#website\",\"url\":\"https:\\\/\\\/adexa.ee\\\/\",\"name\":\"Adexa\",\"description\":\"\",\"publisher\":{\"@id\":\"https:\\\/\\\/adexa.ee\\\/#organization\"},\"potentialAction\":[{\"@type\":\"SearchAction\",\"target\":{\"@type\":\"EntryPoint\",\"urlTemplate\":\"https:\\\/\\\/adexa.ee\\\/?s={search_term_string}\"},\"query-input\":{\"@type\":\"PropertyValueSpecification\",\"valueRequired\":true,\"valueName\":\"search_term_string\"}}],\"inLanguage\":\"en-US\"},{\"@type\":\"Organization\",\"@id\":\"https:\\\/\\\/adexa.ee\\\/#organization\",\"name\":\"Adexa\",\"url\":\"https:\\\/\\\/adexa.ee\\\/\",\"logo\":{\"@type\":\"ImageObject\",\"inLanguage\":\"en-US\",\"@id\":\"https:\\\/\\\/adexa.ee\\\/#\\\/schema\\\/logo\\\/image\\\/\",\"url\":\"https:\\\/\\\/adexa.ee\\\/wp-content\\\/uploads\\\/2024\\\/04\\\/chef-cooks-working-in-professional-kitchen-2023-11-27-05-07-39-utc-scaled.jpg\",\"contentUrl\":\"https:\\\/\\\/adexa.ee\\\/wp-content\\\/uploads\\\/2024\\\/04\\\/chef-cooks-working-in-professional-kitchen-2023-11-27-05-07-39-utc-scaled.jpg\",\"width\":2560,\"height\":1708,\"caption\":\"Adexa\"},\"image\":{\"@id\":\"https:\\\/\\\/adexa.ee\\\/#\\\/schema\\\/logo\\\/image\\\/\"}}]}<\/script>\n<!-- \/ Yoast SEO plugin. -->","yoast_head_json":{"title":"Must terasest tool triivpuidust istme ja seljatoega | Adexa GS65VDWSDWB - Adexa \u2013 Suurk\u00f6\u00f6giseadmed restoranidele ja toitlustusele","robots":{"index":"index","follow":"follow","max-snippet":"max-snippet:-1","max-image-preview":"max-image-preview:large","max-video-preview":"max-video-preview:-1"},"canonical":"https:\/\/adexa.ee\/toode\/must-terasest-tool-triivpuidust-istme-ja-seljatoega-adexa-gs65vdwsdwb\/","og_locale":"en_US","og_type":"article","og_title":"Must terasest tool triivpuidust istme ja seljatoega | Adexa GS65VDWSDWB - Adexa \u2013 Suurk\u00f6\u00f6giseadmed restoranidele ja toitlustusele","og_description":"Istuge oma k\u00fclalisi mugavuse ja stiiliga selle musta raamiga s\u00f6\u00f6gilaua k\u00f5rguse tooliga, millel on puidust iste ja seljatugi! Disain on","og_url":"https:\/\/adexa.ee\/toode\/must-terasest-tool-triivpuidust-istme-ja-seljatoega-adexa-gs65vdwsdwb\/","og_site_name":"Adexa \u2013 Suurk\u00f6\u00f6giseadmed restoranidele ja toitlustusele","article_modified_time":"2026-03-26T07:25:38+00:00","og_image":[{"width":1936,"height":1936,"url":"https:\/\/adexa.ee\/wp-content\/uploads\/2024\/12\/GS65VDRIFTWOODSEATDRIFTWOODBACK.jpg","type":"image\/jpeg"}],"twitter_card":"summary_large_image","twitter_misc":{"Est. reading time":"1 minute"},"schema":{"@context":"https:\/\/schema.org","@graph":[{"@type":"WebPage","@id":"https:\/\/adexa.ee\/toode\/must-terasest-tool-triivpuidust-istme-ja-seljatoega-adexa-gs65vdwsdwb\/","url":"https:\/\/adexa.ee\/toode\/must-terasest-tool-triivpuidust-istme-ja-seljatoega-adexa-gs65vdwsdwb\/","name":"Must terasest tool triivpuidust istme ja seljatoega | Adexa GS65VDWSDWB - Adexa \u2013 Suurk\u00f6\u00f6giseadmed restoranidele ja toitlustusele","isPartOf":{"@id":"https:\/\/adexa.ee\/#website"},"primaryImageOfPage":{"@id":"https:\/\/adexa.ee\/toode\/must-terasest-tool-triivpuidust-istme-ja-seljatoega-adexa-gs65vdwsdwb\/#primaryimage"},"image":{"@id":"https:\/\/adexa.ee\/toode\/must-terasest-tool-triivpuidust-istme-ja-seljatoega-adexa-gs65vdwsdwb\/#primaryimage"},"thumbnailUrl":"https:\/\/adexa.ee\/wp-content\/uploads\/2024\/12\/GS65VDRIFTWOODSEATDRIFTWOODBACK.jpg","datePublished":"2026-03-26T07:25:35+00:00","dateModified":"2026-03-26T07:25:38+00:00","breadcrumb":{"@id":"https:\/\/adexa.ee\/toode\/must-terasest-tool-triivpuidust-istme-ja-seljatoega-adexa-gs65vdwsdwb\/#breadcrumb"},"inLanguage":"en-US","potentialAction":[{"@type":"ReadAction","target":["https:\/\/adexa.ee\/toode\/must-terasest-tool-triivpuidust-istme-ja-seljatoega-adexa-gs65vdwsdwb\/"]}]},{"@type":"ImageObject","inLanguage":"en-US","@id":"https:\/\/adexa.ee\/toode\/must-terasest-tool-triivpuidust-istme-ja-seljatoega-adexa-gs65vdwsdwb\/#primaryimage","url":"https:\/\/adexa.ee\/wp-content\/uploads\/2024\/12\/GS65VDRIFTWOODSEATDRIFTWOODBACK.jpg","contentUrl":"https:\/\/adexa.ee\/wp-content\/uploads\/2024\/12\/GS65VDRIFTWOODSEATDRIFTWOODBACK.jpg","width":1936,"height":1936},{"@type":"BreadcrumbList","@id":"https:\/\/adexa.ee\/toode\/must-terasest-tool-triivpuidust-istme-ja-seljatoega-adexa-gs65vdwsdwb\/#breadcrumb","itemListElement":[{"@type":"ListItem","position":1,"name":"Home","item":"https:\/\/adexa.ee\/"},{"@type":"ListItem","position":2,"name":"Tooted","item":"https:\/\/adexa.ee\/pood\/"},{"@type":"ListItem","position":3,"name":"Must terasest tool triivpuidust istme ja seljatoega | Adexa GS65VDWSDWB"}]},{"@type":"WebSite","@id":"https:\/\/adexa.ee\/#website","url":"https:\/\/adexa.ee\/","name":"Adexa","description":"","publisher":{"@id":"https:\/\/adexa.ee\/#organization"},"potentialAction":[{"@type":"SearchAction","target":{"@type":"EntryPoint","urlTemplate":"https:\/\/adexa.ee\/?s={search_term_string}"},"query-input":{"@type":"PropertyValueSpecification","valueRequired":true,"valueName":"search_term_string"}}],"inLanguage":"en-US"},{"@type":"Organization","@id":"https:\/\/adexa.ee\/#organization","name":"Adexa","url":"https:\/\/adexa.ee\/","logo":{"@type":"ImageObject","inLanguage":"en-US","@id":"https:\/\/adexa.ee\/#\/schema\/logo\/image\/","url":"https:\/\/adexa.ee\/wp-content\/uploads\/2024\/04\/chef-cooks-working-in-professional-kitchen-2023-11-27-05-07-39-utc-scaled.jpg","contentUrl":"https:\/\/adexa.ee\/wp-content\/uploads\/2024\/04\/chef-cooks-working-in-professional-kitchen-2023-11-27-05-07-39-utc-scaled.jpg","width":2560,"height":1708,"caption":"Adexa"},"image":{"@id":"https:\/\/adexa.ee\/#\/schema\/logo\/image\/"}}]}},"_links":{"self":[{"href":"https:\/\/adexa.ee\/en\/wp-json\/wp\/v2\/product\/11371","targetHints":{"allow":["GET"]}}],"collection":[{"href":"https:\/\/adexa.ee\/en\/wp-json\/wp\/v2\/product"}],"about":[{"href":"https:\/\/adexa.ee\/en\/wp-json\/wp\/v2\/types\/product"}],"wp:featuredmedia":[{"embeddable":true,"href":"https:\/\/adexa.ee\/en\/wp-json\/wp\/v2\/media\/11373"}],"wp:attachment":[{"href":"https:\/\/adexa.ee\/en\/wp-json\/wp\/v2\/media?parent=11371"}],"wp:term":[{"taxonomy":"product_brand","embeddable":true,"href":"https:\/\/adexa.ee\/en\/wp-json\/wp\/v2\/product_brand?post=11371"},{"taxonomy":"product_cat","embeddable":true,"href":"https:\/\/adexa.ee\/en\/wp-json\/wp\/v2\/product_cat?post=11371"},{"taxonomy":"product_tag","embeddable":true,"href":"https:\/\/adexa.ee\/en\/wp-json\/wp\/v2\/product_tag?post=11371"}],"curies":[{"name":"wp","href":"https:\/\/api.w.org\/{rel}","templated":true}]}}