{"id":11399,"date":"2026-03-26T09:25:35","date_gmt":"2026-03-26T07:25:35","guid":{"rendered":"https:\/\/adexa.ee\/toode\/kaubanduslik-vurtside-hoidja-sisaldab-2xgn1-6-100mm-ja-3xgn1-9-100mm-panne-ning-kaanega-peaosasid-adexa-chrlf04b2\/"},"modified":"2026-03-26T09:25:42","modified_gmt":"2026-03-26T07:25:42","slug":"vurtside-hoidja-sisaldab-2xgn1-6-100mm-ja-3xgn1-9-100mm-panne-ning-kaanega-peaosasid-adexa-chrlf04b2","status":"publish","type":"product","link":"https:\/\/adexa.ee\/en\/toode\/vurtside-hoidja-sisaldab-2xgn1-6-100mm-ja-3xgn1-9-100mm-panne-ning-kaanega-peaosasid-adexa-chrlf04b2\/","title":{"rendered":"V\u00fcrtside Hoidja, Sisaldab 2Xgn1\/6-100Mm Ja 3Xgn1\/9-100Mm Panne Ning Kaanega Peaosasid | Adexa Chrlf04B2"},"content":{"rendered":"<p>See panniriiul sobib suurep\u00e4raselt toidu esitlemiseks puhvetil v\u00f5i k\u00f6\u00f6gis ettevalmistamise jaamas toidu ettevalmistamiseks. Tugevast roostevabast terasest valmistatud mahutiriiul on v\u00e4ga vastupidav ja vastupidav, olles v\u00f5imeline taluma mitmeid aastaid rasket kasutust ning seet\u00f5ttu v\u00e4hendama vajadust asenduste ostmiseks. Sileda roostevaba terase kergus v\u00f5imaldab seda v\u00e4ga lihtsalt puhastada.<\/p>\n<table style=\"border-collapse: collapse; width: 100%; text-align: left;\">\n<tbody>\n<tr>\n<td style=\"border: 1px solid #ddd; padding: 8px; width: 45%;\"><strong>S\u00fcgavus<\/strong><\/td>\n<td style=\"border: 1px solid #ddd; padding: 8px;\">340 mm<\/td>\n<\/tr>\n<tr>\n<td style=\"border: 1px solid #ddd; padding: 8px; width: 45%;\"><strong>Laius<\/strong><\/td>\n<td style=\"border: 1px solid #ddd; padding: 8px;\">420 mm<\/td>\n<\/tr>\n<tr>\n<td style=\"border: 1px solid #ddd; padding: 8px; width: 45%;\"><strong>Mahutavus<\/strong><\/td>\n<td style=\"border: 1px solid #ddd; padding: 8px;\">2xGN1\/6 (100mm) + 3xGN1\/9 (100mm)<\/td>\n<\/tr>\n<tr>\n<td style=\"border: 1px solid #ddd; padding: 8px; width: 45%;\"><strong>Materjal<\/strong><\/td>\n<td style=\"border: 1px solid #ddd; padding: 8px;\">Roostevaba teras<\/td>\n<\/tr>\n<tr>\n<td style=\"border: 1px solid #ddd; padding: 8px; width: 45%;\"><strong>Kaasas<\/strong><\/td>\n<td style=\"border: 1px solid #ddd; padding: 8px;\">2xGN1\/6 + 3xGN1\/9 pannid ja klapiga kaaned ning serveerimiskulbid<\/td>\n<\/tr>\n<\/tbody>\n<\/table>\n","protected":false},"excerpt":{"rendered":"<p>See panniriiul sobib suurep\u00e4raselt toidu esitlemiseks puhvetil v\u00f5i k\u00f6\u00f6gis ettevalmistamise jaamas toidu ettevalmistamiseks. Tugevast roostevabast terasest valmistatud mahutiriiul on v\u00e4ga<\/p>\n","protected":false},"featured_media":11404,"template":"","meta":[],"product_brand":[],"product_cat":[585,646,584,579,557,572,586],"product_tag":[],"class_list":{"0":"post-11399","1":"product","2":"type-product","3":"status-publish","4":"has-post-thumbnail","6":"product_cat-gn-noud","7":"product_cat-gn-noude-hoidikud-ja-suvendid","8":"product_cat-hoidikud-ja-kandikud","9":"product_cat-koogitarbed-noud","10":"product_cat-kupsetusseadmed","11":"product_cat-roostevabad-tooted","12":"product_cat-serveerimine","14":"first","15":"instock","16":"sale","17":"taxable","18":"shipping-taxable","19":"purchasable","20":"product-type-simple"},"yoast_head":"<!-- This site is optimized with the Yoast SEO plugin v27.3 - https:\/\/yoast.com\/product\/yoast-seo-wordpress\/ -->\n<title>V\u00fcrtside Hoidja, Sisaldab 2Xgn1\/6-100Mm Ja 3Xgn1\/9-100Mm Panne Ning Kaanega Peaosasid | Adexa Chrlf04B2 - Adexa \u2013 Suurk\u00f6\u00f6giseadmed restoranidele ja toitlustusele<\/title>\n<meta name=\"robots\" content=\"index, follow, max-snippet:-1, max-image-preview:large, max-video-preview:-1\" \/>\n<link rel=\"canonical\" href=\"https:\/\/adexa.ee\/toode\/vurtside-hoidja-sisaldab-2xgn1-6-100mm-ja-3xgn1-9-100mm-panne-ning-kaanega-peaosasid-adexa-chrlf04b2\/\" \/>\n<meta property=\"og:locale\" content=\"en_US\" \/>\n<meta property=\"og:type\" content=\"article\" \/>\n<meta property=\"og:title\" content=\"V\u00fcrtside Hoidja, Sisaldab 2Xgn1\/6-100Mm Ja 3Xgn1\/9-100Mm Panne Ning Kaanega Peaosasid | Adexa Chrlf04B2 - Adexa \u2013 Suurk\u00f6\u00f6giseadmed restoranidele ja toitlustusele\" \/>\n<meta property=\"og:description\" content=\"See panniriiul sobib suurep\u00e4raselt toidu esitlemiseks puhvetil v\u00f5i k\u00f6\u00f6gis ettevalmistamise jaamas toidu ettevalmistamiseks. Tugevast roostevabast terasest valmistatud mahutiriiul on v\u00e4ga\" \/>\n<meta property=\"og:url\" content=\"https:\/\/adexa.ee\/toode\/vurtside-hoidja-sisaldab-2xgn1-6-100mm-ja-3xgn1-9-100mm-panne-ning-kaanega-peaosasid-adexa-chrlf04b2\/\" \/>\n<meta property=\"og:site_name\" content=\"Adexa \u2013 Suurk\u00f6\u00f6giseadmed restoranidele ja toitlustusele\" \/>\n<meta property=\"article:modified_time\" content=\"2026-03-26T07:25:42+00:00\" \/>\n<meta property=\"og:image\" content=\"https:\/\/adexa.ee\/wp-content\/uploads\/2024\/12\/CHRLF04B2.jpg\" \/>\n\t<meta property=\"og:image:width\" content=\"1373\" \/>\n\t<meta property=\"og:image:height\" content=\"1373\" \/>\n\t<meta property=\"og:image:type\" content=\"image\/jpeg\" \/>\n<meta name=\"twitter:card\" content=\"summary_large_image\" \/>\n<script type=\"application\/ld+json\" class=\"yoast-schema-graph\">{\"@context\":\"https:\\\/\\\/schema.org\",\"@graph\":[{\"@type\":\"WebPage\",\"@id\":\"https:\\\/\\\/adexa.ee\\\/toode\\\/vurtside-hoidja-sisaldab-2xgn1-6-100mm-ja-3xgn1-9-100mm-panne-ning-kaanega-peaosasid-adexa-chrlf04b2\\\/\",\"url\":\"https:\\\/\\\/adexa.ee\\\/toode\\\/vurtside-hoidja-sisaldab-2xgn1-6-100mm-ja-3xgn1-9-100mm-panne-ning-kaanega-peaosasid-adexa-chrlf04b2\\\/\",\"name\":\"V\u00fcrtside Hoidja, Sisaldab 2Xgn1\\\/6-100Mm Ja 3Xgn1\\\/9-100Mm Panne Ning Kaanega Peaosasid | Adexa Chrlf04B2 - Adexa \u2013 Suurk\u00f6\u00f6giseadmed restoranidele ja toitlustusele\",\"isPartOf\":{\"@id\":\"https:\\\/\\\/adexa.ee\\\/#website\"},\"primaryImageOfPage\":{\"@id\":\"https:\\\/\\\/adexa.ee\\\/toode\\\/vurtside-hoidja-sisaldab-2xgn1-6-100mm-ja-3xgn1-9-100mm-panne-ning-kaanega-peaosasid-adexa-chrlf04b2\\\/#primaryimage\"},\"image\":{\"@id\":\"https:\\\/\\\/adexa.ee\\\/toode\\\/vurtside-hoidja-sisaldab-2xgn1-6-100mm-ja-3xgn1-9-100mm-panne-ning-kaanega-peaosasid-adexa-chrlf04b2\\\/#primaryimage\"},\"thumbnailUrl\":\"https:\\\/\\\/adexa.ee\\\/wp-content\\\/uploads\\\/2024\\\/12\\\/CHRLF04B2.jpg\",\"datePublished\":\"2026-03-26T07:25:35+00:00\",\"dateModified\":\"2026-03-26T07:25:42+00:00\",\"breadcrumb\":{\"@id\":\"https:\\\/\\\/adexa.ee\\\/toode\\\/vurtside-hoidja-sisaldab-2xgn1-6-100mm-ja-3xgn1-9-100mm-panne-ning-kaanega-peaosasid-adexa-chrlf04b2\\\/#breadcrumb\"},\"inLanguage\":\"en-US\",\"potentialAction\":[{\"@type\":\"ReadAction\",\"target\":[\"https:\\\/\\\/adexa.ee\\\/toode\\\/vurtside-hoidja-sisaldab-2xgn1-6-100mm-ja-3xgn1-9-100mm-panne-ning-kaanega-peaosasid-adexa-chrlf04b2\\\/\"]}]},{\"@type\":\"ImageObject\",\"inLanguage\":\"en-US\",\"@id\":\"https:\\\/\\\/adexa.ee\\\/toode\\\/vurtside-hoidja-sisaldab-2xgn1-6-100mm-ja-3xgn1-9-100mm-panne-ning-kaanega-peaosasid-adexa-chrlf04b2\\\/#primaryimage\",\"url\":\"https:\\\/\\\/adexa.ee\\\/wp-content\\\/uploads\\\/2024\\\/12\\\/CHRLF04B2.jpg\",\"contentUrl\":\"https:\\\/\\\/adexa.ee\\\/wp-content\\\/uploads\\\/2024\\\/12\\\/CHRLF04B2.jpg\",\"width\":1373,\"height\":1373},{\"@type\":\"BreadcrumbList\",\"@id\":\"https:\\\/\\\/adexa.ee\\\/toode\\\/vurtside-hoidja-sisaldab-2xgn1-6-100mm-ja-3xgn1-9-100mm-panne-ning-kaanega-peaosasid-adexa-chrlf04b2\\\/#breadcrumb\",\"itemListElement\":[{\"@type\":\"ListItem\",\"position\":1,\"name\":\"Home\",\"item\":\"https:\\\/\\\/adexa.ee\\\/\"},{\"@type\":\"ListItem\",\"position\":2,\"name\":\"Tooted\",\"item\":\"https:\\\/\\\/adexa.ee\\\/pood\\\/\"},{\"@type\":\"ListItem\",\"position\":3,\"name\":\"V\u00fcrtside Hoidja, Sisaldab 2Xgn1\\\/6-100Mm Ja 3Xgn1\\\/9-100Mm Panne Ning Kaanega Peaosasid | Adexa Chrlf04B2\"}]},{\"@type\":\"WebSite\",\"@id\":\"https:\\\/\\\/adexa.ee\\\/#website\",\"url\":\"https:\\\/\\\/adexa.ee\\\/\",\"name\":\"Adexa\",\"description\":\"\",\"publisher\":{\"@id\":\"https:\\\/\\\/adexa.ee\\\/#organization\"},\"potentialAction\":[{\"@type\":\"SearchAction\",\"target\":{\"@type\":\"EntryPoint\",\"urlTemplate\":\"https:\\\/\\\/adexa.ee\\\/?s={search_term_string}\"},\"query-input\":{\"@type\":\"PropertyValueSpecification\",\"valueRequired\":true,\"valueName\":\"search_term_string\"}}],\"inLanguage\":\"en-US\"},{\"@type\":\"Organization\",\"@id\":\"https:\\\/\\\/adexa.ee\\\/#organization\",\"name\":\"Adexa\",\"url\":\"https:\\\/\\\/adexa.ee\\\/\",\"logo\":{\"@type\":\"ImageObject\",\"inLanguage\":\"en-US\",\"@id\":\"https:\\\/\\\/adexa.ee\\\/#\\\/schema\\\/logo\\\/image\\\/\",\"url\":\"https:\\\/\\\/adexa.ee\\\/wp-content\\\/uploads\\\/2024\\\/04\\\/chef-cooks-working-in-professional-kitchen-2023-11-27-05-07-39-utc-scaled.jpg\",\"contentUrl\":\"https:\\\/\\\/adexa.ee\\\/wp-content\\\/uploads\\\/2024\\\/04\\\/chef-cooks-working-in-professional-kitchen-2023-11-27-05-07-39-utc-scaled.jpg\",\"width\":2560,\"height\":1708,\"caption\":\"Adexa\"},\"image\":{\"@id\":\"https:\\\/\\\/adexa.ee\\\/#\\\/schema\\\/logo\\\/image\\\/\"}}]}<\/script>\n<!-- \/ Yoast SEO plugin. -->","yoast_head_json":{"title":"V\u00fcrtside Hoidja, Sisaldab 2Xgn1\/6-100Mm Ja 3Xgn1\/9-100Mm Panne Ning Kaanega Peaosasid | Adexa Chrlf04B2 - Adexa \u2013 Suurk\u00f6\u00f6giseadmed restoranidele ja toitlustusele","robots":{"index":"index","follow":"follow","max-snippet":"max-snippet:-1","max-image-preview":"max-image-preview:large","max-video-preview":"max-video-preview:-1"},"canonical":"https:\/\/adexa.ee\/toode\/vurtside-hoidja-sisaldab-2xgn1-6-100mm-ja-3xgn1-9-100mm-panne-ning-kaanega-peaosasid-adexa-chrlf04b2\/","og_locale":"en_US","og_type":"article","og_title":"V\u00fcrtside Hoidja, Sisaldab 2Xgn1\/6-100Mm Ja 3Xgn1\/9-100Mm Panne Ning Kaanega Peaosasid | Adexa Chrlf04B2 - Adexa \u2013 Suurk\u00f6\u00f6giseadmed restoranidele ja toitlustusele","og_description":"See panniriiul sobib suurep\u00e4raselt toidu esitlemiseks puhvetil v\u00f5i k\u00f6\u00f6gis ettevalmistamise jaamas toidu ettevalmistamiseks. Tugevast roostevabast terasest valmistatud mahutiriiul on v\u00e4ga","og_url":"https:\/\/adexa.ee\/toode\/vurtside-hoidja-sisaldab-2xgn1-6-100mm-ja-3xgn1-9-100mm-panne-ning-kaanega-peaosasid-adexa-chrlf04b2\/","og_site_name":"Adexa \u2013 Suurk\u00f6\u00f6giseadmed restoranidele ja toitlustusele","article_modified_time":"2026-03-26T07:25:42+00:00","og_image":[{"width":1373,"height":1373,"url":"https:\/\/adexa.ee\/wp-content\/uploads\/2024\/12\/CHRLF04B2.jpg","type":"image\/jpeg"}],"twitter_card":"summary_large_image","schema":{"@context":"https:\/\/schema.org","@graph":[{"@type":"WebPage","@id":"https:\/\/adexa.ee\/toode\/vurtside-hoidja-sisaldab-2xgn1-6-100mm-ja-3xgn1-9-100mm-panne-ning-kaanega-peaosasid-adexa-chrlf04b2\/","url":"https:\/\/adexa.ee\/toode\/vurtside-hoidja-sisaldab-2xgn1-6-100mm-ja-3xgn1-9-100mm-panne-ning-kaanega-peaosasid-adexa-chrlf04b2\/","name":"V\u00fcrtside Hoidja, Sisaldab 2Xgn1\/6-100Mm Ja 3Xgn1\/9-100Mm Panne Ning Kaanega Peaosasid | Adexa Chrlf04B2 - Adexa \u2013 Suurk\u00f6\u00f6giseadmed restoranidele ja toitlustusele","isPartOf":{"@id":"https:\/\/adexa.ee\/#website"},"primaryImageOfPage":{"@id":"https:\/\/adexa.ee\/toode\/vurtside-hoidja-sisaldab-2xgn1-6-100mm-ja-3xgn1-9-100mm-panne-ning-kaanega-peaosasid-adexa-chrlf04b2\/#primaryimage"},"image":{"@id":"https:\/\/adexa.ee\/toode\/vurtside-hoidja-sisaldab-2xgn1-6-100mm-ja-3xgn1-9-100mm-panne-ning-kaanega-peaosasid-adexa-chrlf04b2\/#primaryimage"},"thumbnailUrl":"https:\/\/adexa.ee\/wp-content\/uploads\/2024\/12\/CHRLF04B2.jpg","datePublished":"2026-03-26T07:25:35+00:00","dateModified":"2026-03-26T07:25:42+00:00","breadcrumb":{"@id":"https:\/\/adexa.ee\/toode\/vurtside-hoidja-sisaldab-2xgn1-6-100mm-ja-3xgn1-9-100mm-panne-ning-kaanega-peaosasid-adexa-chrlf04b2\/#breadcrumb"},"inLanguage":"en-US","potentialAction":[{"@type":"ReadAction","target":["https:\/\/adexa.ee\/toode\/vurtside-hoidja-sisaldab-2xgn1-6-100mm-ja-3xgn1-9-100mm-panne-ning-kaanega-peaosasid-adexa-chrlf04b2\/"]}]},{"@type":"ImageObject","inLanguage":"en-US","@id":"https:\/\/adexa.ee\/toode\/vurtside-hoidja-sisaldab-2xgn1-6-100mm-ja-3xgn1-9-100mm-panne-ning-kaanega-peaosasid-adexa-chrlf04b2\/#primaryimage","url":"https:\/\/adexa.ee\/wp-content\/uploads\/2024\/12\/CHRLF04B2.jpg","contentUrl":"https:\/\/adexa.ee\/wp-content\/uploads\/2024\/12\/CHRLF04B2.jpg","width":1373,"height":1373},{"@type":"BreadcrumbList","@id":"https:\/\/adexa.ee\/toode\/vurtside-hoidja-sisaldab-2xgn1-6-100mm-ja-3xgn1-9-100mm-panne-ning-kaanega-peaosasid-adexa-chrlf04b2\/#breadcrumb","itemListElement":[{"@type":"ListItem","position":1,"name":"Home","item":"https:\/\/adexa.ee\/"},{"@type":"ListItem","position":2,"name":"Tooted","item":"https:\/\/adexa.ee\/pood\/"},{"@type":"ListItem","position":3,"name":"V\u00fcrtside Hoidja, Sisaldab 2Xgn1\/6-100Mm Ja 3Xgn1\/9-100Mm Panne Ning Kaanega Peaosasid | Adexa Chrlf04B2"}]},{"@type":"WebSite","@id":"https:\/\/adexa.ee\/#website","url":"https:\/\/adexa.ee\/","name":"Adexa","description":"","publisher":{"@id":"https:\/\/adexa.ee\/#organization"},"potentialAction":[{"@type":"SearchAction","target":{"@type":"EntryPoint","urlTemplate":"https:\/\/adexa.ee\/?s={search_term_string}"},"query-input":{"@type":"PropertyValueSpecification","valueRequired":true,"valueName":"search_term_string"}}],"inLanguage":"en-US"},{"@type":"Organization","@id":"https:\/\/adexa.ee\/#organization","name":"Adexa","url":"https:\/\/adexa.ee\/","logo":{"@type":"ImageObject","inLanguage":"en-US","@id":"https:\/\/adexa.ee\/#\/schema\/logo\/image\/","url":"https:\/\/adexa.ee\/wp-content\/uploads\/2024\/04\/chef-cooks-working-in-professional-kitchen-2023-11-27-05-07-39-utc-scaled.jpg","contentUrl":"https:\/\/adexa.ee\/wp-content\/uploads\/2024\/04\/chef-cooks-working-in-professional-kitchen-2023-11-27-05-07-39-utc-scaled.jpg","width":2560,"height":1708,"caption":"Adexa"},"image":{"@id":"https:\/\/adexa.ee\/#\/schema\/logo\/image\/"}}]}},"_links":{"self":[{"href":"https:\/\/adexa.ee\/en\/wp-json\/wp\/v2\/product\/11399","targetHints":{"allow":["GET"]}}],"collection":[{"href":"https:\/\/adexa.ee\/en\/wp-json\/wp\/v2\/product"}],"about":[{"href":"https:\/\/adexa.ee\/en\/wp-json\/wp\/v2\/types\/product"}],"wp:featuredmedia":[{"embeddable":true,"href":"https:\/\/adexa.ee\/en\/wp-json\/wp\/v2\/media\/11404"}],"wp:attachment":[{"href":"https:\/\/adexa.ee\/en\/wp-json\/wp\/v2\/media?parent=11399"}],"wp:term":[{"taxonomy":"product_brand","embeddable":true,"href":"https:\/\/adexa.ee\/en\/wp-json\/wp\/v2\/product_brand?post=11399"},{"taxonomy":"product_cat","embeddable":true,"href":"https:\/\/adexa.ee\/en\/wp-json\/wp\/v2\/product_cat?post=11399"},{"taxonomy":"product_tag","embeddable":true,"href":"https:\/\/adexa.ee\/en\/wp-json\/wp\/v2\/product_tag?post=11399"}],"curies":[{"name":"wp","href":"https:\/\/api.w.org\/{rel}","templated":true}]}}