{"id":11425,"date":"2026-03-31T07:35:22","date_gmt":"2026-03-31T04:35:22","guid":{"rendered":"https:\/\/adexa.ee\/toode\/rasked-panini-kontaktgrill-uksik-ribikujuline-adexa-mlp811\/"},"modified":"2026-03-31T07:35:23","modified_gmt":"2026-03-31T04:35:23","slug":"rasked-panini-kontaktgrill-uksik-ribikujuline-adexa-mlp811","status":"publish","type":"product","link":"https:\/\/adexa.ee\/en\/toode\/rasked-panini-kontaktgrill-uksik-ribikujuline-adexa-mlp811\/","title":{"rendered":"Rasked Panini Kontaktgrill \u00dcksik Ribikujuline | Adexa MLP811"},"content":{"rendered":"<p>K\u00fcpsetage oma populaarseimad v\u00f5ileivad t\u00e4iuslikult selle mitmekontaktse panini v\u00f5ileivagrilliga! See grill on varustatud siledate malmplaatidega, mis k\u00fcpsetavad v\u00f5ileibu \u00fchtlaselt ja j\u00e4tavad leivale isu\u00e4ratavad grillijoone. Termostaatilised juhtnupud v\u00f5imaldavad reguleerida temperatuuri, et saaksite k\u00fcpsetada t\u00e4iuslikul temperatuuril, samas kui roostevabast terasest v\u00e4lisraam tagab pikaajalise vastupidavuse. Suurep\u00e4rane paninide, v\u00f5ileibade, leibade, isegi hamburgerite ja quesadillade grillimiseks, see mitmek\u00fclgne grill lisab mitmekesisust teie asutusse! \u00dcksikasjalikku teavet leiate jaotises &#8220;Spetsifikatsioon&#8221;.<\/p>\n<table style=\"border-collapse: collapse; width: 100%; text-align: left;\">\n<tbody>\n<tr>\n<td style=\"border: 1px solid #ddd; padding: 8px; width: 45%;\"><strong>S\u00fcgavus<\/strong><\/td>\n<td style=\"border: 1px solid #ddd; padding: 8px;\">370 mm<\/td>\n<\/tr>\n<tr>\n<td style=\"border: 1px solid #ddd; padding: 8px; width: 45%;\"><strong>K\u00f5rgus<\/strong><\/td>\n<td style=\"border: 1px solid #ddd; padding: 8px;\">200 mm<\/td>\n<\/tr>\n<tr>\n<td style=\"border: 1px solid #ddd; padding: 8px; width: 45%;\"><strong>Laius<\/strong><\/td>\n<td style=\"border: 1px solid #ddd; padding: 8px;\">310 mm<\/td>\n<\/tr>\n<tr>\n<td style=\"border: 1px solid #ddd; padding: 8px; width: 45%;\"><strong>Kaal<\/strong><\/td>\n<td style=\"border: 1px solid #ddd; padding: 8px;\">11 kg<\/td>\n<\/tr>\n<tr>\n<td style=\"border: 1px solid #ddd; padding: 8px; width: 45%;\"><strong>Garantii<\/strong><\/td>\n<td style=\"border: 1px solid #ddd; padding: 8px;\">12 kuu varuosade garantii<\/td>\n<\/tr>\n<tr>\n<td style=\"border: 1px solid #ddd; padding: 8px; width: 45%;\"><strong>Versioon<\/strong><\/td>\n<td style=\"border: 1px solid #ddd; padding: 8px;\">Ribiline \u00fclaosa \/ Ribiline alaosa<\/td>\n<\/tr>\n<tr>\n<td style=\"border: 1px solid #ddd; padding: 8px; width: 45%;\"><strong>Toiteallikas<\/strong><\/td>\n<td style=\"border: 1px solid #ddd; padding: 8px;\">230V \/ 1 faas<\/td>\n<\/tr>\n<tr>\n<td style=\"border: 1px solid #ddd; padding: 8px; width: 45%;\"><strong>Materjal<\/strong><\/td>\n<td style=\"border: 1px solid #ddd; padding: 8px;\">Roostevaba teras<\/td>\n<\/tr>\n<tr>\n<td style=\"border: 1px solid #ddd; padding: 8px; width: 45%;\"><strong>Temperatuur<\/strong><\/td>\n<td style=\"border: 1px solid #ddd; padding: 8px;\">+50\u00b0C kuni +300\u00b0C<\/td>\n<\/tr>\n<tr>\n<td style=\"border: 1px solid #ddd; padding: 8px; width: 45%;\"><strong>Materjal (keetmisala)<\/strong><\/td>\n<td style=\"border: 1px solid #ddd; padding: 8px;\">Malm<\/td>\n<\/tr>\n<tr>\n<td style=\"border: 1px solid #ddd; padding: 8px; width: 45%;\"><strong>M\u00f5\u00f5tmed (keetmisala)<\/strong><\/td>\n<td style=\"border: 1px solid #ddd; padding: 8px;\">215&#215;215 mm (\u00fclemine) \/ 225&#215;225 mm (alumine)<\/td>\n<\/tr>\n<\/tbody>\n<\/table>\n","protected":false},"excerpt":{"rendered":"<p>K\u00fcpsetage oma populaarseimad v\u00f5ileivad t\u00e4iuslikult selle mitmekontaktse panini v\u00f5ileivagrilliga! See grill on varustatud siledate malmplaatidega, mis k\u00fcpsetavad v\u00f5ileibu \u00fchtlaselt ja<\/p>\n","protected":false},"featured_media":11430,"template":"","meta":[],"product_brand":[],"product_cat":[557,569,728],"product_tag":[],"class_list":{"0":"post-11425","1":"product","2":"type-product","3":"status-publish","4":"has-post-thumbnail","6":"product_cat-kupsetusseadmed","7":"product_cat-lopumuuk","8":"product_cat-panini-kontaktgrillid","10":"first","11":"instock","12":"sale","13":"taxable","14":"shipping-taxable","15":"purchasable","16":"product-type-simple"},"yoast_head":"<!-- This site is optimized with the Yoast SEO plugin v27.3 - https:\/\/yoast.com\/product\/yoast-seo-wordpress\/ -->\n<title>Rasked Panini Kontaktgrill \u00dcksik Ribikujuline | Adexa MLP811 - Adexa \u2013 Suurk\u00f6\u00f6giseadmed restoranidele ja toitlustusele<\/title>\n<meta name=\"robots\" content=\"index, follow, max-snippet:-1, max-image-preview:large, max-video-preview:-1\" \/>\n<link rel=\"canonical\" href=\"https:\/\/adexa.ee\/toode\/rasked-panini-kontaktgrill-uksik-ribikujuline-adexa-mlp811\/\" \/>\n<meta property=\"og:locale\" content=\"en_US\" \/>\n<meta property=\"og:type\" content=\"article\" \/>\n<meta property=\"og:title\" content=\"Rasked Panini Kontaktgrill \u00dcksik Ribikujuline | Adexa MLP811 - Adexa \u2013 Suurk\u00f6\u00f6giseadmed restoranidele ja toitlustusele\" \/>\n<meta property=\"og:description\" content=\"K\u00fcpsetage oma populaarseimad v\u00f5ileivad t\u00e4iuslikult selle mitmekontaktse panini v\u00f5ileivagrilliga! See grill on varustatud siledate malmplaatidega, mis k\u00fcpsetavad v\u00f5ileibu \u00fchtlaselt ja\" \/>\n<meta property=\"og:url\" content=\"https:\/\/adexa.ee\/toode\/rasked-panini-kontaktgrill-uksik-ribikujuline-adexa-mlp811\/\" \/>\n<meta property=\"og:site_name\" content=\"Adexa \u2013 Suurk\u00f6\u00f6giseadmed restoranidele ja toitlustusele\" \/>\n<meta property=\"article:modified_time\" content=\"2026-03-31T04:35:23+00:00\" \/>\n<meta property=\"og:image\" content=\"https:\/\/adexa.ee\/wp-content\/uploads\/2024\/12\/MLP811-N.jpg\" \/>\n\t<meta property=\"og:image:width\" content=\"2000\" \/>\n\t<meta property=\"og:image:height\" content=\"2000\" \/>\n\t<meta property=\"og:image:type\" content=\"image\/jpeg\" \/>\n<meta name=\"twitter:card\" content=\"summary_large_image\" \/>\n<meta name=\"twitter:label1\" content=\"Est. reading time\" \/>\n\t<meta name=\"twitter:data1\" content=\"1 minute\" \/>\n<script type=\"application\/ld+json\" class=\"yoast-schema-graph\">{\"@context\":\"https:\\\/\\\/schema.org\",\"@graph\":[{\"@type\":\"WebPage\",\"@id\":\"https:\\\/\\\/adexa.ee\\\/toode\\\/rasked-panini-kontaktgrill-uksik-ribikujuline-adexa-mlp811\\\/\",\"url\":\"https:\\\/\\\/adexa.ee\\\/toode\\\/rasked-panini-kontaktgrill-uksik-ribikujuline-adexa-mlp811\\\/\",\"name\":\"Rasked Panini Kontaktgrill \u00dcksik Ribikujuline | Adexa MLP811 - Adexa \u2013 Suurk\u00f6\u00f6giseadmed restoranidele ja toitlustusele\",\"isPartOf\":{\"@id\":\"https:\\\/\\\/adexa.ee\\\/#website\"},\"primaryImageOfPage\":{\"@id\":\"https:\\\/\\\/adexa.ee\\\/toode\\\/rasked-panini-kontaktgrill-uksik-ribikujuline-adexa-mlp811\\\/#primaryimage\"},\"image\":{\"@id\":\"https:\\\/\\\/adexa.ee\\\/toode\\\/rasked-panini-kontaktgrill-uksik-ribikujuline-adexa-mlp811\\\/#primaryimage\"},\"thumbnailUrl\":\"https:\\\/\\\/adexa.ee\\\/wp-content\\\/uploads\\\/2024\\\/12\\\/MLP811-N.jpg\",\"datePublished\":\"2026-03-31T04:35:22+00:00\",\"dateModified\":\"2026-03-31T04:35:23+00:00\",\"breadcrumb\":{\"@id\":\"https:\\\/\\\/adexa.ee\\\/toode\\\/rasked-panini-kontaktgrill-uksik-ribikujuline-adexa-mlp811\\\/#breadcrumb\"},\"inLanguage\":\"en-US\",\"potentialAction\":[{\"@type\":\"ReadAction\",\"target\":[\"https:\\\/\\\/adexa.ee\\\/toode\\\/rasked-panini-kontaktgrill-uksik-ribikujuline-adexa-mlp811\\\/\"]}]},{\"@type\":\"ImageObject\",\"inLanguage\":\"en-US\",\"@id\":\"https:\\\/\\\/adexa.ee\\\/toode\\\/rasked-panini-kontaktgrill-uksik-ribikujuline-adexa-mlp811\\\/#primaryimage\",\"url\":\"https:\\\/\\\/adexa.ee\\\/wp-content\\\/uploads\\\/2024\\\/12\\\/MLP811-N.jpg\",\"contentUrl\":\"https:\\\/\\\/adexa.ee\\\/wp-content\\\/uploads\\\/2024\\\/12\\\/MLP811-N.jpg\",\"width\":2000,\"height\":2000},{\"@type\":\"BreadcrumbList\",\"@id\":\"https:\\\/\\\/adexa.ee\\\/toode\\\/rasked-panini-kontaktgrill-uksik-ribikujuline-adexa-mlp811\\\/#breadcrumb\",\"itemListElement\":[{\"@type\":\"ListItem\",\"position\":1,\"name\":\"Home\",\"item\":\"https:\\\/\\\/adexa.ee\\\/\"},{\"@type\":\"ListItem\",\"position\":2,\"name\":\"Tooted\",\"item\":\"https:\\\/\\\/adexa.ee\\\/pood\\\/\"},{\"@type\":\"ListItem\",\"position\":3,\"name\":\"Rasked Panini Kontaktgrill \u00dcksik Ribikujuline | Adexa MLP811\"}]},{\"@type\":\"WebSite\",\"@id\":\"https:\\\/\\\/adexa.ee\\\/#website\",\"url\":\"https:\\\/\\\/adexa.ee\\\/\",\"name\":\"Adexa\",\"description\":\"\",\"publisher\":{\"@id\":\"https:\\\/\\\/adexa.ee\\\/#organization\"},\"potentialAction\":[{\"@type\":\"SearchAction\",\"target\":{\"@type\":\"EntryPoint\",\"urlTemplate\":\"https:\\\/\\\/adexa.ee\\\/?s={search_term_string}\"},\"query-input\":{\"@type\":\"PropertyValueSpecification\",\"valueRequired\":true,\"valueName\":\"search_term_string\"}}],\"inLanguage\":\"en-US\"},{\"@type\":\"Organization\",\"@id\":\"https:\\\/\\\/adexa.ee\\\/#organization\",\"name\":\"Adexa\",\"url\":\"https:\\\/\\\/adexa.ee\\\/\",\"logo\":{\"@type\":\"ImageObject\",\"inLanguage\":\"en-US\",\"@id\":\"https:\\\/\\\/adexa.ee\\\/#\\\/schema\\\/logo\\\/image\\\/\",\"url\":\"https:\\\/\\\/adexa.ee\\\/wp-content\\\/uploads\\\/2024\\\/04\\\/chef-cooks-working-in-professional-kitchen-2023-11-27-05-07-39-utc-scaled.jpg\",\"contentUrl\":\"https:\\\/\\\/adexa.ee\\\/wp-content\\\/uploads\\\/2024\\\/04\\\/chef-cooks-working-in-professional-kitchen-2023-11-27-05-07-39-utc-scaled.jpg\",\"width\":2560,\"height\":1708,\"caption\":\"Adexa\"},\"image\":{\"@id\":\"https:\\\/\\\/adexa.ee\\\/#\\\/schema\\\/logo\\\/image\\\/\"}}]}<\/script>\n<!-- \/ Yoast SEO plugin. -->","yoast_head_json":{"title":"Rasked Panini Kontaktgrill \u00dcksik Ribikujuline | Adexa MLP811 - Adexa \u2013 Suurk\u00f6\u00f6giseadmed restoranidele ja toitlustusele","robots":{"index":"index","follow":"follow","max-snippet":"max-snippet:-1","max-image-preview":"max-image-preview:large","max-video-preview":"max-video-preview:-1"},"canonical":"https:\/\/adexa.ee\/toode\/rasked-panini-kontaktgrill-uksik-ribikujuline-adexa-mlp811\/","og_locale":"en_US","og_type":"article","og_title":"Rasked Panini Kontaktgrill \u00dcksik Ribikujuline | Adexa MLP811 - Adexa \u2013 Suurk\u00f6\u00f6giseadmed restoranidele ja toitlustusele","og_description":"K\u00fcpsetage oma populaarseimad v\u00f5ileivad t\u00e4iuslikult selle mitmekontaktse panini v\u00f5ileivagrilliga! See grill on varustatud siledate malmplaatidega, mis k\u00fcpsetavad v\u00f5ileibu \u00fchtlaselt ja","og_url":"https:\/\/adexa.ee\/toode\/rasked-panini-kontaktgrill-uksik-ribikujuline-adexa-mlp811\/","og_site_name":"Adexa \u2013 Suurk\u00f6\u00f6giseadmed restoranidele ja toitlustusele","article_modified_time":"2026-03-31T04:35:23+00:00","og_image":[{"width":2000,"height":2000,"url":"https:\/\/adexa.ee\/wp-content\/uploads\/2024\/12\/MLP811-N.jpg","type":"image\/jpeg"}],"twitter_card":"summary_large_image","twitter_misc":{"Est. reading time":"1 minute"},"schema":{"@context":"https:\/\/schema.org","@graph":[{"@type":"WebPage","@id":"https:\/\/adexa.ee\/toode\/rasked-panini-kontaktgrill-uksik-ribikujuline-adexa-mlp811\/","url":"https:\/\/adexa.ee\/toode\/rasked-panini-kontaktgrill-uksik-ribikujuline-adexa-mlp811\/","name":"Rasked Panini Kontaktgrill \u00dcksik Ribikujuline | Adexa MLP811 - Adexa \u2013 Suurk\u00f6\u00f6giseadmed restoranidele ja toitlustusele","isPartOf":{"@id":"https:\/\/adexa.ee\/#website"},"primaryImageOfPage":{"@id":"https:\/\/adexa.ee\/toode\/rasked-panini-kontaktgrill-uksik-ribikujuline-adexa-mlp811\/#primaryimage"},"image":{"@id":"https:\/\/adexa.ee\/toode\/rasked-panini-kontaktgrill-uksik-ribikujuline-adexa-mlp811\/#primaryimage"},"thumbnailUrl":"https:\/\/adexa.ee\/wp-content\/uploads\/2024\/12\/MLP811-N.jpg","datePublished":"2026-03-31T04:35:22+00:00","dateModified":"2026-03-31T04:35:23+00:00","breadcrumb":{"@id":"https:\/\/adexa.ee\/toode\/rasked-panini-kontaktgrill-uksik-ribikujuline-adexa-mlp811\/#breadcrumb"},"inLanguage":"en-US","potentialAction":[{"@type":"ReadAction","target":["https:\/\/adexa.ee\/toode\/rasked-panini-kontaktgrill-uksik-ribikujuline-adexa-mlp811\/"]}]},{"@type":"ImageObject","inLanguage":"en-US","@id":"https:\/\/adexa.ee\/toode\/rasked-panini-kontaktgrill-uksik-ribikujuline-adexa-mlp811\/#primaryimage","url":"https:\/\/adexa.ee\/wp-content\/uploads\/2024\/12\/MLP811-N.jpg","contentUrl":"https:\/\/adexa.ee\/wp-content\/uploads\/2024\/12\/MLP811-N.jpg","width":2000,"height":2000},{"@type":"BreadcrumbList","@id":"https:\/\/adexa.ee\/toode\/rasked-panini-kontaktgrill-uksik-ribikujuline-adexa-mlp811\/#breadcrumb","itemListElement":[{"@type":"ListItem","position":1,"name":"Home","item":"https:\/\/adexa.ee\/"},{"@type":"ListItem","position":2,"name":"Tooted","item":"https:\/\/adexa.ee\/pood\/"},{"@type":"ListItem","position":3,"name":"Rasked Panini Kontaktgrill \u00dcksik Ribikujuline | Adexa MLP811"}]},{"@type":"WebSite","@id":"https:\/\/adexa.ee\/#website","url":"https:\/\/adexa.ee\/","name":"Adexa","description":"","publisher":{"@id":"https:\/\/adexa.ee\/#organization"},"potentialAction":[{"@type":"SearchAction","target":{"@type":"EntryPoint","urlTemplate":"https:\/\/adexa.ee\/?s={search_term_string}"},"query-input":{"@type":"PropertyValueSpecification","valueRequired":true,"valueName":"search_term_string"}}],"inLanguage":"en-US"},{"@type":"Organization","@id":"https:\/\/adexa.ee\/#organization","name":"Adexa","url":"https:\/\/adexa.ee\/","logo":{"@type":"ImageObject","inLanguage":"en-US","@id":"https:\/\/adexa.ee\/#\/schema\/logo\/image\/","url":"https:\/\/adexa.ee\/wp-content\/uploads\/2024\/04\/chef-cooks-working-in-professional-kitchen-2023-11-27-05-07-39-utc-scaled.jpg","contentUrl":"https:\/\/adexa.ee\/wp-content\/uploads\/2024\/04\/chef-cooks-working-in-professional-kitchen-2023-11-27-05-07-39-utc-scaled.jpg","width":2560,"height":1708,"caption":"Adexa"},"image":{"@id":"https:\/\/adexa.ee\/#\/schema\/logo\/image\/"}}]}},"_links":{"self":[{"href":"https:\/\/adexa.ee\/en\/wp-json\/wp\/v2\/product\/11425","targetHints":{"allow":["GET"]}}],"collection":[{"href":"https:\/\/adexa.ee\/en\/wp-json\/wp\/v2\/product"}],"about":[{"href":"https:\/\/adexa.ee\/en\/wp-json\/wp\/v2\/types\/product"}],"wp:featuredmedia":[{"embeddable":true,"href":"https:\/\/adexa.ee\/en\/wp-json\/wp\/v2\/media\/11430"}],"wp:attachment":[{"href":"https:\/\/adexa.ee\/en\/wp-json\/wp\/v2\/media?parent=11425"}],"wp:term":[{"taxonomy":"product_brand","embeddable":true,"href":"https:\/\/adexa.ee\/en\/wp-json\/wp\/v2\/product_brand?post=11425"},{"taxonomy":"product_cat","embeddable":true,"href":"https:\/\/adexa.ee\/en\/wp-json\/wp\/v2\/product_cat?post=11425"},{"taxonomy":"product_tag","embeddable":true,"href":"https:\/\/adexa.ee\/en\/wp-json\/wp\/v2\/product_tag?post=11425"}],"curies":[{"name":"wp","href":"https:\/\/api.w.org\/{rel}","templated":true}]}}