{"id":11462,"date":"2026-03-31T11:05:28","date_gmt":"2026-03-31T08:05:28","guid":{"rendered":"https:\/\/adexa.ee\/toode\/polukarbonaat-gastronormi-kaane-gn1-2-labipaistev-adexa-p812l\/"},"modified":"2026-03-31T11:05:29","modified_gmt":"2026-03-31T08:05:29","slug":"polukarbonaat-gn-nou-kaane-gn1-2-labipaistev-adexa-p812l","status":"publish","type":"product","link":"https:\/\/adexa.ee\/en\/toode\/polukarbonaat-gn-nou-kaane-gn1-2-labipaistev-adexa-p812l\/","title":{"rendered":"Pol\u00fckarbonaat GN-n\u00f5u Kaane GN1\/2 L\u00e4bipaistev | Adexa P812L"},"content":{"rendered":"<p>Lisage oma k\u00f6\u00f6gile mitmek\u00fclgsust selle vastupidava gastronoomikonteineri abil, mis on valmistatud l\u00e4bipaistvast pol\u00fckarbonaadist. Tugevast pol\u00fckarbonaadist valmistatud konteinerit saab kasutada k\u00fclmletis v\u00f5i iseseisva hoiukastina teie k\u00f6\u00f6giriiulitel. See on mitmek\u00fclgne lisand teie k\u00f6\u00f6gile, kuna seda saab kasutada toidu ettevalmistamiseks, ladustamiseks, transportimiseks ja serveerimiseks. V\u00f5ite seda isegi kasutada oma aurulauas v\u00f5i salatibaaris! Toidukindel pol\u00fckarbonaadimaterjal on praktiliselt purunematu ning vastupidav toiduhapete ja \u00f5lide suhtes, mis aitab pikendada gastronoomikonteineri eluiga. See talub temperatuure vahemikus -40 kuni 100 kraadi Celsiuse j\u00e4rgi, seega saab seda kasutada erinevates hoiukohtades. Tugevdatud \u00fclemised ja alumised nurgad on samuti vastupidavad paindumisele, pragunemisele ja m\u00f5lkimisele, mist\u00f5ttu on see konteiner valmis pikaajaliseks kasutamiseks teie kommertsk\u00f6\u00f6gis. \u00dcksikasjaliku teabe saamiseks palun vaatage jaotise &#8220;Spetsifikatsioon&#8221; alt.<\/p>\n<table style=\"border-collapse: collapse; width: 100%; text-align: left;\">\n<tbody>\n<tr>\n<td style=\"border: 1px solid #ddd; padding: 8px; width: 45%;\"><strong>S\u00fcgavus<\/strong><\/td>\n<td style=\"border: 1px solid #ddd; padding: 8px;\">265 mm<\/td>\n<\/tr>\n<tr>\n<td style=\"border: 1px solid #ddd; padding: 8px; width: 45%;\"><strong>K\u00f5rgus<\/strong><\/td>\n<td style=\"border: 1px solid #ddd; padding: 8px;\">10 mm<\/td>\n<\/tr>\n<tr>\n<td style=\"border: 1px solid #ddd; padding: 8px; width: 45%;\"><strong>Laius<\/strong><\/td>\n<td style=\"border: 1px solid #ddd; padding: 8px;\">325 mm<\/td>\n<\/tr>\n<tr>\n<td style=\"border: 1px solid #ddd; padding: 8px; width: 45%;\"><strong>Materjal<\/strong><\/td>\n<td style=\"border: 1px solid #ddd; padding: 8px;\">Pol\u00fckarbonaat<\/td>\n<\/tr>\n<\/tbody>\n<\/table>\n","protected":false},"excerpt":{"rendered":"<p>Lisage oma k\u00f6\u00f6gile mitmek\u00fclgsust selle vastupidava gastronoomikonteineri abil, mis on valmistatud l\u00e4bipaistvast pol\u00fckarbonaadist. Tugevast pol\u00fckarbonaadist valmistatud konteinerit saab kasutada k\u00fclmletis<\/p>\n","protected":false},"featured_media":11464,"template":"","meta":[],"product_brand":[],"product_cat":[585,627,579,626,625],"product_tag":[],"class_list":{"0":"post-11462","1":"product","2":"type-product","3":"status-publish","4":"has-post-thumbnail","6":"product_cat-gn-noud","7":"product_cat-gn-noud-labipaistvad-plastik","8":"product_cat-koogitarbed-noud","9":"product_cat-plastikust-toiduaine-hoiukonteinerid","10":"product_cat-toidukonteinerid","12":"first","13":"instock","14":"sale","15":"taxable","16":"shipping-taxable","17":"purchasable","18":"product-type-simple"},"yoast_head":"<!-- This site is optimized with the Yoast SEO plugin v27.3 - https:\/\/yoast.com\/product\/yoast-seo-wordpress\/ -->\n<title>Pol\u00fckarbonaat GN-n\u00f5u Kaane GN1\/2 L\u00e4bipaistev | Adexa P812L - Adexa \u2013 Suurk\u00f6\u00f6giseadmed restoranidele ja toitlustusele<\/title>\n<meta name=\"robots\" content=\"index, follow, max-snippet:-1, max-image-preview:large, max-video-preview:-1\" \/>\n<link rel=\"canonical\" href=\"https:\/\/adexa.ee\/toode\/polukarbonaat-gn-nou-kaane-gn1-2-labipaistev-adexa-p812l\/\" \/>\n<meta property=\"og:locale\" content=\"en_US\" \/>\n<meta property=\"og:type\" content=\"article\" \/>\n<meta property=\"og:title\" content=\"Pol\u00fckarbonaat GN-n\u00f5u Kaane GN1\/2 L\u00e4bipaistev | Adexa P812L - Adexa \u2013 Suurk\u00f6\u00f6giseadmed restoranidele ja toitlustusele\" \/>\n<meta property=\"og:description\" content=\"Lisage oma k\u00f6\u00f6gile mitmek\u00fclgsust selle vastupidava gastronoomikonteineri abil, mis on valmistatud l\u00e4bipaistvast pol\u00fckarbonaadist. Tugevast pol\u00fckarbonaadist valmistatud konteinerit saab kasutada k\u00fclmletis\" \/>\n<meta property=\"og:url\" content=\"https:\/\/adexa.ee\/toode\/polukarbonaat-gn-nou-kaane-gn1-2-labipaistev-adexa-p812l\/\" \/>\n<meta property=\"og:site_name\" content=\"Adexa \u2013 Suurk\u00f6\u00f6giseadmed restoranidele ja toitlustusele\" \/>\n<meta property=\"article:modified_time\" content=\"2026-03-31T08:05:29+00:00\" \/>\n<meta property=\"og:image\" content=\"https:\/\/adexa.ee\/wp-content\/uploads\/2024\/12\/P812L.jpg\" \/>\n\t<meta property=\"og:image:width\" content=\"2000\" \/>\n\t<meta property=\"og:image:height\" content=\"2000\" \/>\n\t<meta property=\"og:image:type\" content=\"image\/jpeg\" \/>\n<meta name=\"twitter:card\" content=\"summary_large_image\" \/>\n<meta name=\"twitter:label1\" content=\"Est. reading time\" \/>\n\t<meta name=\"twitter:data1\" content=\"1 minute\" \/>\n<script type=\"application\/ld+json\" class=\"yoast-schema-graph\">{\"@context\":\"https:\\\/\\\/schema.org\",\"@graph\":[{\"@type\":\"WebPage\",\"@id\":\"https:\\\/\\\/adexa.ee\\\/toode\\\/polukarbonaat-gn-nou-kaane-gn1-2-labipaistev-adexa-p812l\\\/\",\"url\":\"https:\\\/\\\/adexa.ee\\\/toode\\\/polukarbonaat-gn-nou-kaane-gn1-2-labipaistev-adexa-p812l\\\/\",\"name\":\"Pol\u00fckarbonaat GN-n\u00f5u Kaane GN1\\\/2 L\u00e4bipaistev | Adexa P812L - Adexa \u2013 Suurk\u00f6\u00f6giseadmed restoranidele ja toitlustusele\",\"isPartOf\":{\"@id\":\"https:\\\/\\\/adexa.ee\\\/#website\"},\"primaryImageOfPage\":{\"@id\":\"https:\\\/\\\/adexa.ee\\\/toode\\\/polukarbonaat-gn-nou-kaane-gn1-2-labipaistev-adexa-p812l\\\/#primaryimage\"},\"image\":{\"@id\":\"https:\\\/\\\/adexa.ee\\\/toode\\\/polukarbonaat-gn-nou-kaane-gn1-2-labipaistev-adexa-p812l\\\/#primaryimage\"},\"thumbnailUrl\":\"https:\\\/\\\/adexa.ee\\\/wp-content\\\/uploads\\\/2024\\\/12\\\/P812L.jpg\",\"datePublished\":\"2026-03-31T08:05:28+00:00\",\"dateModified\":\"2026-03-31T08:05:29+00:00\",\"breadcrumb\":{\"@id\":\"https:\\\/\\\/adexa.ee\\\/toode\\\/polukarbonaat-gn-nou-kaane-gn1-2-labipaistev-adexa-p812l\\\/#breadcrumb\"},\"inLanguage\":\"en-US\",\"potentialAction\":[{\"@type\":\"ReadAction\",\"target\":[\"https:\\\/\\\/adexa.ee\\\/toode\\\/polukarbonaat-gn-nou-kaane-gn1-2-labipaistev-adexa-p812l\\\/\"]}]},{\"@type\":\"ImageObject\",\"inLanguage\":\"en-US\",\"@id\":\"https:\\\/\\\/adexa.ee\\\/toode\\\/polukarbonaat-gn-nou-kaane-gn1-2-labipaistev-adexa-p812l\\\/#primaryimage\",\"url\":\"https:\\\/\\\/adexa.ee\\\/wp-content\\\/uploads\\\/2024\\\/12\\\/P812L.jpg\",\"contentUrl\":\"https:\\\/\\\/adexa.ee\\\/wp-content\\\/uploads\\\/2024\\\/12\\\/P812L.jpg\",\"width\":2000,\"height\":2000},{\"@type\":\"BreadcrumbList\",\"@id\":\"https:\\\/\\\/adexa.ee\\\/toode\\\/polukarbonaat-gn-nou-kaane-gn1-2-labipaistev-adexa-p812l\\\/#breadcrumb\",\"itemListElement\":[{\"@type\":\"ListItem\",\"position\":1,\"name\":\"Home\",\"item\":\"https:\\\/\\\/adexa.ee\\\/\"},{\"@type\":\"ListItem\",\"position\":2,\"name\":\"Tooted\",\"item\":\"https:\\\/\\\/adexa.ee\\\/pood\\\/\"},{\"@type\":\"ListItem\",\"position\":3,\"name\":\"Pol\u00fckarbonaat GN-n\u00f5u Kaane GN1\\\/2 L\u00e4bipaistev | Adexa P812L\"}]},{\"@type\":\"WebSite\",\"@id\":\"https:\\\/\\\/adexa.ee\\\/#website\",\"url\":\"https:\\\/\\\/adexa.ee\\\/\",\"name\":\"Adexa\",\"description\":\"\",\"publisher\":{\"@id\":\"https:\\\/\\\/adexa.ee\\\/#organization\"},\"potentialAction\":[{\"@type\":\"SearchAction\",\"target\":{\"@type\":\"EntryPoint\",\"urlTemplate\":\"https:\\\/\\\/adexa.ee\\\/?s={search_term_string}\"},\"query-input\":{\"@type\":\"PropertyValueSpecification\",\"valueRequired\":true,\"valueName\":\"search_term_string\"}}],\"inLanguage\":\"en-US\"},{\"@type\":\"Organization\",\"@id\":\"https:\\\/\\\/adexa.ee\\\/#organization\",\"name\":\"Adexa\",\"url\":\"https:\\\/\\\/adexa.ee\\\/\",\"logo\":{\"@type\":\"ImageObject\",\"inLanguage\":\"en-US\",\"@id\":\"https:\\\/\\\/adexa.ee\\\/#\\\/schema\\\/logo\\\/image\\\/\",\"url\":\"https:\\\/\\\/adexa.ee\\\/wp-content\\\/uploads\\\/2024\\\/04\\\/chef-cooks-working-in-professional-kitchen-2023-11-27-05-07-39-utc-scaled.jpg\",\"contentUrl\":\"https:\\\/\\\/adexa.ee\\\/wp-content\\\/uploads\\\/2024\\\/04\\\/chef-cooks-working-in-professional-kitchen-2023-11-27-05-07-39-utc-scaled.jpg\",\"width\":2560,\"height\":1708,\"caption\":\"Adexa\"},\"image\":{\"@id\":\"https:\\\/\\\/adexa.ee\\\/#\\\/schema\\\/logo\\\/image\\\/\"}}]}<\/script>\n<!-- \/ Yoast SEO plugin. -->","yoast_head_json":{"title":"Pol\u00fckarbonaat GN-n\u00f5u Kaane GN1\/2 L\u00e4bipaistev | Adexa P812L - Adexa \u2013 Suurk\u00f6\u00f6giseadmed restoranidele ja toitlustusele","robots":{"index":"index","follow":"follow","max-snippet":"max-snippet:-1","max-image-preview":"max-image-preview:large","max-video-preview":"max-video-preview:-1"},"canonical":"https:\/\/adexa.ee\/toode\/polukarbonaat-gn-nou-kaane-gn1-2-labipaistev-adexa-p812l\/","og_locale":"en_US","og_type":"article","og_title":"Pol\u00fckarbonaat GN-n\u00f5u Kaane GN1\/2 L\u00e4bipaistev | Adexa P812L - Adexa \u2013 Suurk\u00f6\u00f6giseadmed restoranidele ja toitlustusele","og_description":"Lisage oma k\u00f6\u00f6gile mitmek\u00fclgsust selle vastupidava gastronoomikonteineri abil, mis on valmistatud l\u00e4bipaistvast pol\u00fckarbonaadist. Tugevast pol\u00fckarbonaadist valmistatud konteinerit saab kasutada k\u00fclmletis","og_url":"https:\/\/adexa.ee\/toode\/polukarbonaat-gn-nou-kaane-gn1-2-labipaistev-adexa-p812l\/","og_site_name":"Adexa \u2013 Suurk\u00f6\u00f6giseadmed restoranidele ja toitlustusele","article_modified_time":"2026-03-31T08:05:29+00:00","og_image":[{"width":2000,"height":2000,"url":"https:\/\/adexa.ee\/wp-content\/uploads\/2024\/12\/P812L.jpg","type":"image\/jpeg"}],"twitter_card":"summary_large_image","twitter_misc":{"Est. reading time":"1 minute"},"schema":{"@context":"https:\/\/schema.org","@graph":[{"@type":"WebPage","@id":"https:\/\/adexa.ee\/toode\/polukarbonaat-gn-nou-kaane-gn1-2-labipaistev-adexa-p812l\/","url":"https:\/\/adexa.ee\/toode\/polukarbonaat-gn-nou-kaane-gn1-2-labipaistev-adexa-p812l\/","name":"Pol\u00fckarbonaat GN-n\u00f5u Kaane GN1\/2 L\u00e4bipaistev | Adexa P812L - Adexa \u2013 Suurk\u00f6\u00f6giseadmed restoranidele ja toitlustusele","isPartOf":{"@id":"https:\/\/adexa.ee\/#website"},"primaryImageOfPage":{"@id":"https:\/\/adexa.ee\/toode\/polukarbonaat-gn-nou-kaane-gn1-2-labipaistev-adexa-p812l\/#primaryimage"},"image":{"@id":"https:\/\/adexa.ee\/toode\/polukarbonaat-gn-nou-kaane-gn1-2-labipaistev-adexa-p812l\/#primaryimage"},"thumbnailUrl":"https:\/\/adexa.ee\/wp-content\/uploads\/2024\/12\/P812L.jpg","datePublished":"2026-03-31T08:05:28+00:00","dateModified":"2026-03-31T08:05:29+00:00","breadcrumb":{"@id":"https:\/\/adexa.ee\/toode\/polukarbonaat-gn-nou-kaane-gn1-2-labipaistev-adexa-p812l\/#breadcrumb"},"inLanguage":"en-US","potentialAction":[{"@type":"ReadAction","target":["https:\/\/adexa.ee\/toode\/polukarbonaat-gn-nou-kaane-gn1-2-labipaistev-adexa-p812l\/"]}]},{"@type":"ImageObject","inLanguage":"en-US","@id":"https:\/\/adexa.ee\/toode\/polukarbonaat-gn-nou-kaane-gn1-2-labipaistev-adexa-p812l\/#primaryimage","url":"https:\/\/adexa.ee\/wp-content\/uploads\/2024\/12\/P812L.jpg","contentUrl":"https:\/\/adexa.ee\/wp-content\/uploads\/2024\/12\/P812L.jpg","width":2000,"height":2000},{"@type":"BreadcrumbList","@id":"https:\/\/adexa.ee\/toode\/polukarbonaat-gn-nou-kaane-gn1-2-labipaistev-adexa-p812l\/#breadcrumb","itemListElement":[{"@type":"ListItem","position":1,"name":"Home","item":"https:\/\/adexa.ee\/"},{"@type":"ListItem","position":2,"name":"Tooted","item":"https:\/\/adexa.ee\/pood\/"},{"@type":"ListItem","position":3,"name":"Pol\u00fckarbonaat GN-n\u00f5u Kaane GN1\/2 L\u00e4bipaistev | Adexa P812L"}]},{"@type":"WebSite","@id":"https:\/\/adexa.ee\/#website","url":"https:\/\/adexa.ee\/","name":"Adexa","description":"","publisher":{"@id":"https:\/\/adexa.ee\/#organization"},"potentialAction":[{"@type":"SearchAction","target":{"@type":"EntryPoint","urlTemplate":"https:\/\/adexa.ee\/?s={search_term_string}"},"query-input":{"@type":"PropertyValueSpecification","valueRequired":true,"valueName":"search_term_string"}}],"inLanguage":"en-US"},{"@type":"Organization","@id":"https:\/\/adexa.ee\/#organization","name":"Adexa","url":"https:\/\/adexa.ee\/","logo":{"@type":"ImageObject","inLanguage":"en-US","@id":"https:\/\/adexa.ee\/#\/schema\/logo\/image\/","url":"https:\/\/adexa.ee\/wp-content\/uploads\/2024\/04\/chef-cooks-working-in-professional-kitchen-2023-11-27-05-07-39-utc-scaled.jpg","contentUrl":"https:\/\/adexa.ee\/wp-content\/uploads\/2024\/04\/chef-cooks-working-in-professional-kitchen-2023-11-27-05-07-39-utc-scaled.jpg","width":2560,"height":1708,"caption":"Adexa"},"image":{"@id":"https:\/\/adexa.ee\/#\/schema\/logo\/image\/"}}]}},"_links":{"self":[{"href":"https:\/\/adexa.ee\/en\/wp-json\/wp\/v2\/product\/11462","targetHints":{"allow":["GET"]}}],"collection":[{"href":"https:\/\/adexa.ee\/en\/wp-json\/wp\/v2\/product"}],"about":[{"href":"https:\/\/adexa.ee\/en\/wp-json\/wp\/v2\/types\/product"}],"wp:featuredmedia":[{"embeddable":true,"href":"https:\/\/adexa.ee\/en\/wp-json\/wp\/v2\/media\/11464"}],"wp:attachment":[{"href":"https:\/\/adexa.ee\/en\/wp-json\/wp\/v2\/media?parent=11462"}],"wp:term":[{"taxonomy":"product_brand","embeddable":true,"href":"https:\/\/adexa.ee\/en\/wp-json\/wp\/v2\/product_brand?post=11462"},{"taxonomy":"product_cat","embeddable":true,"href":"https:\/\/adexa.ee\/en\/wp-json\/wp\/v2\/product_cat?post=11462"},{"taxonomy":"product_tag","embeddable":true,"href":"https:\/\/adexa.ee\/en\/wp-json\/wp\/v2\/product_tag?post=11462"}],"curies":[{"name":"wp","href":"https:\/\/api.w.org\/{rel}","templated":true}]}}