{"id":11480,"date":"2026-03-30T08:35:17","date_gmt":"2026-03-30T05:35:17","guid":{"rendered":"https:\/\/adexa.ee\/?post_type=product&#038;p=11480"},"modified":"2026-03-30T08:35:18","modified_gmt":"2026-03-30T05:35:18","slug":"professionaalne-roostevabast-terasest-pott-257-liitrit-adexa-se13232","status":"publish","type":"product","link":"https:\/\/adexa.ee\/en\/toode\/professionaalne-roostevabast-terasest-pott-257-liitrit-adexa-se13232\/","title":{"rendered":"Professionaalne roostevabast terasest pott 25,7 liitrit | Adexa SE13232"},"content":{"rendered":"<p>See premiumklassi roostevabast terasest pott pakub suurep\u00e4rast professionaalset kvaliteeti \u00e4\u00e4rmiselt konkurentsiv\u00f5imelise hinnaga. Valmistatud raskest k\u00f5rgekvaliteedilisest roostevabast terasest, on need potid \u00e4\u00e4rmiselt vastupidavad ja seega sobivad pidevaks kasutamiseks tiheda t\u00f6\u00f6ga kommertsk\u00f6\u00f6gis. Igal potil on k\u00fclmakindlad keevitatud k\u00e4epidemed, mis v\u00f5imaldavad raskete sisude h\u00f5lpsat transportimist. Kapseldatud p\u00f5hi v\u00f5imaldab induktsioonkuumutusel \u00fchtlast soojusjaotust. Tugevad k\u00e4epidemed mitmepunktise kinnitusega poti pinnale, mis ei kuumene. Valmistatud k\u00f5rge kvaliteediga roostevabast terasest, kasutades s\u00fcgavat t\u00f5mbetehnoloogiat. Happekindel. Siidja viimistlusega pinnad ja k\u00f5rgl\u00e4ikega poleeritud raske bumper. Palun vaadake rubriigi &#8220;Spetsifikatsioon&#8221; alt t\u00e4psemat teavet.<\/p>\n<table style=\"border-collapse: collapse; width: 100%; text-align: left;\">\n<tbody>\n<tr>\n<td style=\"border: 1px solid #ddd; padding: 8px; width: 45%;\"><strong>K\u00f5rgus<\/strong><\/td>\n<td style=\"border: 1px solid #ddd; padding: 8px;\">320 mm<\/td>\n<\/tr>\n<tr>\n<td style=\"border: 1px solid #ddd; padding: 8px; width: 45%;\"><strong>Garantii<\/strong><\/td>\n<td style=\"border: 1px solid #ddd; padding: 8px;\">12 kuu varuosade garantii<\/td>\n<\/tr>\n<tr>\n<td style=\"border: 1px solid #ddd; padding: 8px; width: 45%;\"><strong>Mahutavus<\/strong><\/td>\n<td style=\"border: 1px solid #ddd; padding: 8px;\">25,7 liitrit<\/td>\n<\/tr>\n<tr>\n<td style=\"border: 1px solid #ddd; padding: 8px; width: 45%;\"><strong>Materjal<\/strong><\/td>\n<td style=\"border: 1px solid #ddd; padding: 8px;\">Roostevaba teras<\/td>\n<\/tr>\n<tr>\n<td style=\"border: 1px solid #ddd; padding: 8px; width: 45%;\"><strong>Kaas<\/strong><\/td>\n<td style=\"border: 1px solid #ddd; padding: 8px;\">Kaasatud<\/td>\n<\/tr>\n<tr>\n<td style=\"border: 1px solid #ddd; padding: 8px; width: 45%;\"><strong>L\u00e4bim\u00f5\u00f5t<\/strong><\/td>\n<td style=\"border: 1px solid #ddd; padding: 8px;\">320 mm<\/td>\n<\/tr>\n<tr>\n<td style=\"border: 1px solid #ddd; padding: 8px; width: 45%;\"><strong>Induktsiooniga \u00fchilduv<\/strong><\/td>\n<td style=\"border: 1px solid #ddd; padding: 8px;\">Jah<\/td>\n<\/tr>\n<\/tbody>\n<\/table>\n","protected":false},"excerpt":{"rendered":"<p>See premiumklassi roostevabast terasest pott pakub suurep\u00e4rast professionaalset kvaliteeti \u00e4\u00e4rmiselt konkurentsiv\u00f5imelise hinnaga. Valmistatud raskest k\u00f5rgekvaliteedilisest roostevabast terasest, on need potid<\/p>\n","protected":false},"featured_media":13071,"template":"","meta":[],"product_brand":[],"product_cat":[755,579,569,606],"product_tag":[],"class_list":{"0":"post-11480","1":"product","2":"type-product","3":"status-publish","4":"has-post-thumbnail","6":"product_cat-keedupotid-hautamispotid-ja-puljongipotid","7":"product_cat-koogitarbed-noud","8":"product_cat-lopumuuk","9":"product_cat-potid-ja-pannid","11":"first","12":"instock","13":"sale","14":"taxable","15":"shipping-taxable","16":"purchasable","17":"product-type-simple"},"yoast_head":"<!-- This site is optimized with the Yoast SEO plugin v27.3 - https:\/\/yoast.com\/product\/yoast-seo-wordpress\/ -->\n<title>Professionaalne roostevabast terasest pott 25,7 liitrit | Adexa SE13232 - Adexa \u2013 Suurk\u00f6\u00f6giseadmed restoranidele ja toitlustusele<\/title>\n<meta name=\"robots\" content=\"index, follow, max-snippet:-1, max-image-preview:large, max-video-preview:-1\" \/>\n<link rel=\"canonical\" href=\"https:\/\/adexa.ee\/toode\/professionaalne-roostevabast-terasest-pott-257-liitrit-adexa-se13232\/\" \/>\n<meta property=\"og:locale\" content=\"en_US\" \/>\n<meta property=\"og:type\" content=\"article\" \/>\n<meta property=\"og:title\" content=\"Professionaalne roostevabast terasest pott 25,7 liitrit | Adexa SE13232 - Adexa \u2013 Suurk\u00f6\u00f6giseadmed restoranidele ja toitlustusele\" \/>\n<meta property=\"og:description\" content=\"See premiumklassi roostevabast terasest pott pakub suurep\u00e4rast professionaalset kvaliteeti \u00e4\u00e4rmiselt konkurentsiv\u00f5imelise hinnaga. Valmistatud raskest k\u00f5rgekvaliteedilisest roostevabast terasest, on need potid\" \/>\n<meta property=\"og:url\" content=\"https:\/\/adexa.ee\/toode\/professionaalne-roostevabast-terasest-pott-257-liitrit-adexa-se13232\/\" \/>\n<meta property=\"og:site_name\" content=\"Adexa \u2013 Suurk\u00f6\u00f6giseadmed restoranidele ja toitlustusele\" \/>\n<meta property=\"article:modified_time\" content=\"2026-03-30T05:35:18+00:00\" \/>\n<meta property=\"og:image\" content=\"https:\/\/adexa.ee\/wp-content\/uploads\/2024\/12\/SE1.jpg\" \/>\n\t<meta property=\"og:image:width\" content=\"1088\" \/>\n\t<meta property=\"og:image:height\" content=\"1088\" \/>\n\t<meta property=\"og:image:type\" content=\"image\/jpeg\" \/>\n<meta name=\"twitter:card\" content=\"summary_large_image\" \/>\n<meta name=\"twitter:label1\" content=\"Est. reading time\" \/>\n\t<meta name=\"twitter:data1\" content=\"1 minute\" \/>\n<script type=\"application\/ld+json\" class=\"yoast-schema-graph\">{\"@context\":\"https:\\\/\\\/schema.org\",\"@graph\":[{\"@type\":\"WebPage\",\"@id\":\"https:\\\/\\\/adexa.ee\\\/toode\\\/professionaalne-roostevabast-terasest-pott-257-liitrit-adexa-se13232\\\/\",\"url\":\"https:\\\/\\\/adexa.ee\\\/toode\\\/professionaalne-roostevabast-terasest-pott-257-liitrit-adexa-se13232\\\/\",\"name\":\"Professionaalne roostevabast terasest pott 25,7 liitrit | Adexa SE13232 - Adexa \u2013 Suurk\u00f6\u00f6giseadmed restoranidele ja toitlustusele\",\"isPartOf\":{\"@id\":\"https:\\\/\\\/adexa.ee\\\/#website\"},\"primaryImageOfPage\":{\"@id\":\"https:\\\/\\\/adexa.ee\\\/toode\\\/professionaalne-roostevabast-terasest-pott-257-liitrit-adexa-se13232\\\/#primaryimage\"},\"image\":{\"@id\":\"https:\\\/\\\/adexa.ee\\\/toode\\\/professionaalne-roostevabast-terasest-pott-257-liitrit-adexa-se13232\\\/#primaryimage\"},\"thumbnailUrl\":\"https:\\\/\\\/adexa.ee\\\/wp-content\\\/uploads\\\/2024\\\/12\\\/SE1.jpg\",\"datePublished\":\"2026-03-30T05:35:17+00:00\",\"dateModified\":\"2026-03-30T05:35:18+00:00\",\"breadcrumb\":{\"@id\":\"https:\\\/\\\/adexa.ee\\\/toode\\\/professionaalne-roostevabast-terasest-pott-257-liitrit-adexa-se13232\\\/#breadcrumb\"},\"inLanguage\":\"en-US\",\"potentialAction\":[{\"@type\":\"ReadAction\",\"target\":[\"https:\\\/\\\/adexa.ee\\\/toode\\\/professionaalne-roostevabast-terasest-pott-257-liitrit-adexa-se13232\\\/\"]}]},{\"@type\":\"ImageObject\",\"inLanguage\":\"en-US\",\"@id\":\"https:\\\/\\\/adexa.ee\\\/toode\\\/professionaalne-roostevabast-terasest-pott-257-liitrit-adexa-se13232\\\/#primaryimage\",\"url\":\"https:\\\/\\\/adexa.ee\\\/wp-content\\\/uploads\\\/2024\\\/12\\\/SE1.jpg\",\"contentUrl\":\"https:\\\/\\\/adexa.ee\\\/wp-content\\\/uploads\\\/2024\\\/12\\\/SE1.jpg\",\"width\":1088,\"height\":1088},{\"@type\":\"BreadcrumbList\",\"@id\":\"https:\\\/\\\/adexa.ee\\\/toode\\\/professionaalne-roostevabast-terasest-pott-257-liitrit-adexa-se13232\\\/#breadcrumb\",\"itemListElement\":[{\"@type\":\"ListItem\",\"position\":1,\"name\":\"Home\",\"item\":\"https:\\\/\\\/adexa.ee\\\/\"},{\"@type\":\"ListItem\",\"position\":2,\"name\":\"Tooted\",\"item\":\"https:\\\/\\\/adexa.ee\\\/pood\\\/\"},{\"@type\":\"ListItem\",\"position\":3,\"name\":\"Professionaalne roostevabast terasest pott 25,7 liitrit | Adexa SE13232\"}]},{\"@type\":\"WebSite\",\"@id\":\"https:\\\/\\\/adexa.ee\\\/#website\",\"url\":\"https:\\\/\\\/adexa.ee\\\/\",\"name\":\"Adexa\",\"description\":\"\",\"publisher\":{\"@id\":\"https:\\\/\\\/adexa.ee\\\/#organization\"},\"potentialAction\":[{\"@type\":\"SearchAction\",\"target\":{\"@type\":\"EntryPoint\",\"urlTemplate\":\"https:\\\/\\\/adexa.ee\\\/?s={search_term_string}\"},\"query-input\":{\"@type\":\"PropertyValueSpecification\",\"valueRequired\":true,\"valueName\":\"search_term_string\"}}],\"inLanguage\":\"en-US\"},{\"@type\":\"Organization\",\"@id\":\"https:\\\/\\\/adexa.ee\\\/#organization\",\"name\":\"Adexa\",\"url\":\"https:\\\/\\\/adexa.ee\\\/\",\"logo\":{\"@type\":\"ImageObject\",\"inLanguage\":\"en-US\",\"@id\":\"https:\\\/\\\/adexa.ee\\\/#\\\/schema\\\/logo\\\/image\\\/\",\"url\":\"https:\\\/\\\/adexa.ee\\\/wp-content\\\/uploads\\\/2024\\\/04\\\/chef-cooks-working-in-professional-kitchen-2023-11-27-05-07-39-utc-scaled.jpg\",\"contentUrl\":\"https:\\\/\\\/adexa.ee\\\/wp-content\\\/uploads\\\/2024\\\/04\\\/chef-cooks-working-in-professional-kitchen-2023-11-27-05-07-39-utc-scaled.jpg\",\"width\":2560,\"height\":1708,\"caption\":\"Adexa\"},\"image\":{\"@id\":\"https:\\\/\\\/adexa.ee\\\/#\\\/schema\\\/logo\\\/image\\\/\"}}]}<\/script>\n<!-- \/ Yoast SEO plugin. -->","yoast_head_json":{"title":"Professionaalne roostevabast terasest pott 25,7 liitrit | Adexa SE13232 - Adexa \u2013 Suurk\u00f6\u00f6giseadmed restoranidele ja toitlustusele","robots":{"index":"index","follow":"follow","max-snippet":"max-snippet:-1","max-image-preview":"max-image-preview:large","max-video-preview":"max-video-preview:-1"},"canonical":"https:\/\/adexa.ee\/toode\/professionaalne-roostevabast-terasest-pott-257-liitrit-adexa-se13232\/","og_locale":"en_US","og_type":"article","og_title":"Professionaalne roostevabast terasest pott 25,7 liitrit | Adexa SE13232 - Adexa \u2013 Suurk\u00f6\u00f6giseadmed restoranidele ja toitlustusele","og_description":"See premiumklassi roostevabast terasest pott pakub suurep\u00e4rast professionaalset kvaliteeti \u00e4\u00e4rmiselt konkurentsiv\u00f5imelise hinnaga. Valmistatud raskest k\u00f5rgekvaliteedilisest roostevabast terasest, on need potid","og_url":"https:\/\/adexa.ee\/toode\/professionaalne-roostevabast-terasest-pott-257-liitrit-adexa-se13232\/","og_site_name":"Adexa \u2013 Suurk\u00f6\u00f6giseadmed restoranidele ja toitlustusele","article_modified_time":"2026-03-30T05:35:18+00:00","og_image":[{"width":1088,"height":1088,"url":"https:\/\/adexa.ee\/wp-content\/uploads\/2024\/12\/SE1.jpg","type":"image\/jpeg"}],"twitter_card":"summary_large_image","twitter_misc":{"Est. reading time":"1 minute"},"schema":{"@context":"https:\/\/schema.org","@graph":[{"@type":"WebPage","@id":"https:\/\/adexa.ee\/toode\/professionaalne-roostevabast-terasest-pott-257-liitrit-adexa-se13232\/","url":"https:\/\/adexa.ee\/toode\/professionaalne-roostevabast-terasest-pott-257-liitrit-adexa-se13232\/","name":"Professionaalne roostevabast terasest pott 25,7 liitrit | Adexa SE13232 - Adexa \u2013 Suurk\u00f6\u00f6giseadmed restoranidele ja toitlustusele","isPartOf":{"@id":"https:\/\/adexa.ee\/#website"},"primaryImageOfPage":{"@id":"https:\/\/adexa.ee\/toode\/professionaalne-roostevabast-terasest-pott-257-liitrit-adexa-se13232\/#primaryimage"},"image":{"@id":"https:\/\/adexa.ee\/toode\/professionaalne-roostevabast-terasest-pott-257-liitrit-adexa-se13232\/#primaryimage"},"thumbnailUrl":"https:\/\/adexa.ee\/wp-content\/uploads\/2024\/12\/SE1.jpg","datePublished":"2026-03-30T05:35:17+00:00","dateModified":"2026-03-30T05:35:18+00:00","breadcrumb":{"@id":"https:\/\/adexa.ee\/toode\/professionaalne-roostevabast-terasest-pott-257-liitrit-adexa-se13232\/#breadcrumb"},"inLanguage":"en-US","potentialAction":[{"@type":"ReadAction","target":["https:\/\/adexa.ee\/toode\/professionaalne-roostevabast-terasest-pott-257-liitrit-adexa-se13232\/"]}]},{"@type":"ImageObject","inLanguage":"en-US","@id":"https:\/\/adexa.ee\/toode\/professionaalne-roostevabast-terasest-pott-257-liitrit-adexa-se13232\/#primaryimage","url":"https:\/\/adexa.ee\/wp-content\/uploads\/2024\/12\/SE1.jpg","contentUrl":"https:\/\/adexa.ee\/wp-content\/uploads\/2024\/12\/SE1.jpg","width":1088,"height":1088},{"@type":"BreadcrumbList","@id":"https:\/\/adexa.ee\/toode\/professionaalne-roostevabast-terasest-pott-257-liitrit-adexa-se13232\/#breadcrumb","itemListElement":[{"@type":"ListItem","position":1,"name":"Home","item":"https:\/\/adexa.ee\/"},{"@type":"ListItem","position":2,"name":"Tooted","item":"https:\/\/adexa.ee\/pood\/"},{"@type":"ListItem","position":3,"name":"Professionaalne roostevabast terasest pott 25,7 liitrit | Adexa SE13232"}]},{"@type":"WebSite","@id":"https:\/\/adexa.ee\/#website","url":"https:\/\/adexa.ee\/","name":"Adexa","description":"","publisher":{"@id":"https:\/\/adexa.ee\/#organization"},"potentialAction":[{"@type":"SearchAction","target":{"@type":"EntryPoint","urlTemplate":"https:\/\/adexa.ee\/?s={search_term_string}"},"query-input":{"@type":"PropertyValueSpecification","valueRequired":true,"valueName":"search_term_string"}}],"inLanguage":"en-US"},{"@type":"Organization","@id":"https:\/\/adexa.ee\/#organization","name":"Adexa","url":"https:\/\/adexa.ee\/","logo":{"@type":"ImageObject","inLanguage":"en-US","@id":"https:\/\/adexa.ee\/#\/schema\/logo\/image\/","url":"https:\/\/adexa.ee\/wp-content\/uploads\/2024\/04\/chef-cooks-working-in-professional-kitchen-2023-11-27-05-07-39-utc-scaled.jpg","contentUrl":"https:\/\/adexa.ee\/wp-content\/uploads\/2024\/04\/chef-cooks-working-in-professional-kitchen-2023-11-27-05-07-39-utc-scaled.jpg","width":2560,"height":1708,"caption":"Adexa"},"image":{"@id":"https:\/\/adexa.ee\/#\/schema\/logo\/image\/"}}]}},"_links":{"self":[{"href":"https:\/\/adexa.ee\/en\/wp-json\/wp\/v2\/product\/11480","targetHints":{"allow":["GET"]}}],"collection":[{"href":"https:\/\/adexa.ee\/en\/wp-json\/wp\/v2\/product"}],"about":[{"href":"https:\/\/adexa.ee\/en\/wp-json\/wp\/v2\/types\/product"}],"wp:featuredmedia":[{"embeddable":true,"href":"https:\/\/adexa.ee\/en\/wp-json\/wp\/v2\/media\/13071"}],"wp:attachment":[{"href":"https:\/\/adexa.ee\/en\/wp-json\/wp\/v2\/media?parent=11480"}],"wp:term":[{"taxonomy":"product_brand","embeddable":true,"href":"https:\/\/adexa.ee\/en\/wp-json\/wp\/v2\/product_brand?post=11480"},{"taxonomy":"product_cat","embeddable":true,"href":"https:\/\/adexa.ee\/en\/wp-json\/wp\/v2\/product_cat?post=11480"},{"taxonomy":"product_tag","embeddable":true,"href":"https:\/\/adexa.ee\/en\/wp-json\/wp\/v2\/product_tag?post=11480"}],"curies":[{"name":"wp","href":"https:\/\/api.w.org\/{rel}","templated":true}]}}