{"id":11567,"date":"2026-03-26T09:25:52","date_gmt":"2026-03-26T07:25:52","guid":{"rendered":"https:\/\/adexa.ee\/toode\/seinariiul-perforeeritud-1-tasand-roostevaba-teras-1000x350x254mm-adexa-wsw35100p\/"},"modified":"2026-03-26T09:25:57","modified_gmt":"2026-03-26T07:25:57","slug":"seinariiul-perforeeritud-1-tasand-roostevaba-teras-1000x350x254mm-adexa-wsw35100p","status":"publish","type":"product","link":"https:\/\/adexa.ee\/en\/toode\/seinariiul-perforeeritud-1-tasand-roostevaba-teras-1000x350x254mm-adexa-wsw35100p\/","title":{"rendered":"Seinariiul Perforeeritud 1 tasand Roostevaba teras 1000x350x254mm | Adexa WSW35100P"},"content":{"rendered":"<p>Raskeveokite riiul, mis kannatab kuni 50kg &#8211; ideaalne pottidele, pannidele, anumatele ja t\u00f6\u00f6riistadele. Tugev, ohutu roostevabast terasest riiul k\u00f5rge kvaliteediga keevitusega.<\/p>\n<table style=\"border-collapse: collapse; width: 100%; text-align: left;\">\n<tbody>\n<tr>\n<td style=\"border: 1px solid #ddd; padding: 8px; width: 45%;\"><strong>S\u00fcgavus<\/strong><\/td>\n<td style=\"border: 1px solid #ddd; padding: 8px;\">350 mm<\/td>\n<\/tr>\n<tr>\n<td style=\"border: 1px solid #ddd; padding: 8px; width: 45%;\"><strong>K\u00f5rgus<\/strong><\/td>\n<td style=\"border: 1px solid #ddd; padding: 8px;\">254 mm<\/td>\n<\/tr>\n<tr>\n<td style=\"border: 1px solid #ddd; padding: 8px; width: 45%;\"><strong>Laius<\/strong><\/td>\n<td style=\"border: 1px solid #ddd; padding: 8px;\">1000 mm<\/td>\n<\/tr>\n<tr>\n<td style=\"border: 1px solid #ddd; padding: 8px; width: 45%;\"><strong>Kaal<\/strong><\/td>\n<td style=\"border: 1px solid #ddd; padding: 8px;\">4 kg<\/td>\n<\/tr>\n<tr>\n<td style=\"border: 1px solid #ddd; padding: 8px; width: 45%;\"><strong>Kokku panemine<\/strong><\/td>\n<td style=\"border: 1px solid #ddd; padding: 8px;\">Kinnitatud otse seina k\u00fclge ilma siinideta.<\/td>\n<\/tr>\n<tr>\n<td style=\"border: 1px solid #ddd; padding: 8px; width: 45%;\"><strong>Materjal<\/strong><\/td>\n<td style=\"border: 1px solid #ddd; padding: 8px;\">Roostevaba teras<\/td>\n<\/tr>\n<\/tbody>\n<\/table>\n","protected":false},"excerpt":{"rendered":"<p>Raskeveokite riiul, mis kannatab kuni 50kg &#8211; ideaalne pottidele, pannidele, anumatele ja t\u00f6\u00f6riistadele. Tugev, ohutu roostevabast terasest riiul k\u00f5rge kvaliteediga<\/p>\n","protected":false},"featured_media":11499,"template":"","meta":[],"product_brand":[],"product_cat":[721,572,617],"product_tag":[],"class_list":{"0":"post-11567","1":"product","2":"type-product","3":"status-publish","4":"has-post-thumbnail","6":"product_cat-perforeeritud-seinariiulid","7":"product_cat-roostevabad-tooted","8":"product_cat-seinariiulid","10":"first","11":"instock","12":"sale","13":"taxable","14":"shipping-taxable","15":"purchasable","16":"product-type-simple"},"yoast_head":"<!-- This site is optimized with the Yoast SEO plugin v27.3 - https:\/\/yoast.com\/product\/yoast-seo-wordpress\/ -->\n<title>Seinariiul Perforeeritud 1 tasand Roostevaba teras 1000x350x254mm | Adexa WSW35100P - Adexa \u2013 Suurk\u00f6\u00f6giseadmed restoranidele ja toitlustusele<\/title>\n<meta name=\"robots\" content=\"index, follow, max-snippet:-1, max-image-preview:large, max-video-preview:-1\" \/>\n<link rel=\"canonical\" href=\"https:\/\/adexa.ee\/toode\/seinariiul-perforeeritud-1-tasand-roostevaba-teras-1000x350x254mm-adexa-wsw35100p\/\" \/>\n<meta property=\"og:locale\" content=\"en_US\" \/>\n<meta property=\"og:type\" content=\"article\" \/>\n<meta property=\"og:title\" content=\"Seinariiul Perforeeritud 1 tasand Roostevaba teras 1000x350x254mm | Adexa WSW35100P - Adexa \u2013 Suurk\u00f6\u00f6giseadmed restoranidele ja toitlustusele\" \/>\n<meta property=\"og:description\" content=\"Raskeveokite riiul, mis kannatab kuni 50kg &#8211; ideaalne pottidele, pannidele, anumatele ja t\u00f6\u00f6riistadele. Tugev, ohutu roostevabast terasest riiul k\u00f5rge kvaliteediga\" \/>\n<meta property=\"og:url\" content=\"https:\/\/adexa.ee\/toode\/seinariiul-perforeeritud-1-tasand-roostevaba-teras-1000x350x254mm-adexa-wsw35100p\/\" \/>\n<meta property=\"og:site_name\" content=\"Adexa \u2013 Suurk\u00f6\u00f6giseadmed restoranidele ja toitlustusele\" \/>\n<meta property=\"article:modified_time\" content=\"2026-03-26T07:25:57+00:00\" \/>\n<meta property=\"og:image\" content=\"https:\/\/adexa.ee\/wp-content\/uploads\/2024\/12\/WSW300-350-400.jpg\" \/>\n\t<meta property=\"og:image:width\" content=\"1352\" \/>\n\t<meta property=\"og:image:height\" content=\"1352\" \/>\n\t<meta property=\"og:image:type\" content=\"image\/jpeg\" \/>\n<meta name=\"twitter:card\" content=\"summary_large_image\" \/>\n<script type=\"application\/ld+json\" class=\"yoast-schema-graph\">{\"@context\":\"https:\\\/\\\/schema.org\",\"@graph\":[{\"@type\":\"WebPage\",\"@id\":\"https:\\\/\\\/adexa.ee\\\/toode\\\/seinariiul-perforeeritud-1-tasand-roostevaba-teras-1000x350x254mm-adexa-wsw35100p\\\/\",\"url\":\"https:\\\/\\\/adexa.ee\\\/toode\\\/seinariiul-perforeeritud-1-tasand-roostevaba-teras-1000x350x254mm-adexa-wsw35100p\\\/\",\"name\":\"Seinariiul Perforeeritud 1 tasand Roostevaba teras 1000x350x254mm | Adexa WSW35100P - Adexa \u2013 Suurk\u00f6\u00f6giseadmed restoranidele ja toitlustusele\",\"isPartOf\":{\"@id\":\"https:\\\/\\\/adexa.ee\\\/#website\"},\"primaryImageOfPage\":{\"@id\":\"https:\\\/\\\/adexa.ee\\\/toode\\\/seinariiul-perforeeritud-1-tasand-roostevaba-teras-1000x350x254mm-adexa-wsw35100p\\\/#primaryimage\"},\"image\":{\"@id\":\"https:\\\/\\\/adexa.ee\\\/toode\\\/seinariiul-perforeeritud-1-tasand-roostevaba-teras-1000x350x254mm-adexa-wsw35100p\\\/#primaryimage\"},\"thumbnailUrl\":\"https:\\\/\\\/adexa.ee\\\/wp-content\\\/uploads\\\/2024\\\/12\\\/WSW300-350-400.jpg\",\"datePublished\":\"2026-03-26T07:25:52+00:00\",\"dateModified\":\"2026-03-26T07:25:57+00:00\",\"breadcrumb\":{\"@id\":\"https:\\\/\\\/adexa.ee\\\/toode\\\/seinariiul-perforeeritud-1-tasand-roostevaba-teras-1000x350x254mm-adexa-wsw35100p\\\/#breadcrumb\"},\"inLanguage\":\"en-US\",\"potentialAction\":[{\"@type\":\"ReadAction\",\"target\":[\"https:\\\/\\\/adexa.ee\\\/toode\\\/seinariiul-perforeeritud-1-tasand-roostevaba-teras-1000x350x254mm-adexa-wsw35100p\\\/\"]}]},{\"@type\":\"ImageObject\",\"inLanguage\":\"en-US\",\"@id\":\"https:\\\/\\\/adexa.ee\\\/toode\\\/seinariiul-perforeeritud-1-tasand-roostevaba-teras-1000x350x254mm-adexa-wsw35100p\\\/#primaryimage\",\"url\":\"https:\\\/\\\/adexa.ee\\\/wp-content\\\/uploads\\\/2024\\\/12\\\/WSW300-350-400.jpg\",\"contentUrl\":\"https:\\\/\\\/adexa.ee\\\/wp-content\\\/uploads\\\/2024\\\/12\\\/WSW300-350-400.jpg\",\"width\":1352,\"height\":1352},{\"@type\":\"BreadcrumbList\",\"@id\":\"https:\\\/\\\/adexa.ee\\\/toode\\\/seinariiul-perforeeritud-1-tasand-roostevaba-teras-1000x350x254mm-adexa-wsw35100p\\\/#breadcrumb\",\"itemListElement\":[{\"@type\":\"ListItem\",\"position\":1,\"name\":\"Home\",\"item\":\"https:\\\/\\\/adexa.ee\\\/\"},{\"@type\":\"ListItem\",\"position\":2,\"name\":\"Tooted\",\"item\":\"https:\\\/\\\/adexa.ee\\\/pood\\\/\"},{\"@type\":\"ListItem\",\"position\":3,\"name\":\"Seinariiul Perforeeritud 1 tasand Roostevaba teras 1000x350x254mm | Adexa WSW35100P\"}]},{\"@type\":\"WebSite\",\"@id\":\"https:\\\/\\\/adexa.ee\\\/#website\",\"url\":\"https:\\\/\\\/adexa.ee\\\/\",\"name\":\"Adexa\",\"description\":\"\",\"publisher\":{\"@id\":\"https:\\\/\\\/adexa.ee\\\/#organization\"},\"potentialAction\":[{\"@type\":\"SearchAction\",\"target\":{\"@type\":\"EntryPoint\",\"urlTemplate\":\"https:\\\/\\\/adexa.ee\\\/?s={search_term_string}\"},\"query-input\":{\"@type\":\"PropertyValueSpecification\",\"valueRequired\":true,\"valueName\":\"search_term_string\"}}],\"inLanguage\":\"en-US\"},{\"@type\":\"Organization\",\"@id\":\"https:\\\/\\\/adexa.ee\\\/#organization\",\"name\":\"Adexa\",\"url\":\"https:\\\/\\\/adexa.ee\\\/\",\"logo\":{\"@type\":\"ImageObject\",\"inLanguage\":\"en-US\",\"@id\":\"https:\\\/\\\/adexa.ee\\\/#\\\/schema\\\/logo\\\/image\\\/\",\"url\":\"https:\\\/\\\/adexa.ee\\\/wp-content\\\/uploads\\\/2024\\\/04\\\/chef-cooks-working-in-professional-kitchen-2023-11-27-05-07-39-utc-scaled.jpg\",\"contentUrl\":\"https:\\\/\\\/adexa.ee\\\/wp-content\\\/uploads\\\/2024\\\/04\\\/chef-cooks-working-in-professional-kitchen-2023-11-27-05-07-39-utc-scaled.jpg\",\"width\":2560,\"height\":1708,\"caption\":\"Adexa\"},\"image\":{\"@id\":\"https:\\\/\\\/adexa.ee\\\/#\\\/schema\\\/logo\\\/image\\\/\"}}]}<\/script>\n<!-- \/ Yoast SEO plugin. -->","yoast_head_json":{"title":"Seinariiul Perforeeritud 1 tasand Roostevaba teras 1000x350x254mm | Adexa WSW35100P - Adexa \u2013 Suurk\u00f6\u00f6giseadmed restoranidele ja toitlustusele","robots":{"index":"index","follow":"follow","max-snippet":"max-snippet:-1","max-image-preview":"max-image-preview:large","max-video-preview":"max-video-preview:-1"},"canonical":"https:\/\/adexa.ee\/toode\/seinariiul-perforeeritud-1-tasand-roostevaba-teras-1000x350x254mm-adexa-wsw35100p\/","og_locale":"en_US","og_type":"article","og_title":"Seinariiul Perforeeritud 1 tasand Roostevaba teras 1000x350x254mm | Adexa WSW35100P - Adexa \u2013 Suurk\u00f6\u00f6giseadmed restoranidele ja toitlustusele","og_description":"Raskeveokite riiul, mis kannatab kuni 50kg &#8211; ideaalne pottidele, pannidele, anumatele ja t\u00f6\u00f6riistadele. Tugev, ohutu roostevabast terasest riiul k\u00f5rge kvaliteediga","og_url":"https:\/\/adexa.ee\/toode\/seinariiul-perforeeritud-1-tasand-roostevaba-teras-1000x350x254mm-adexa-wsw35100p\/","og_site_name":"Adexa \u2013 Suurk\u00f6\u00f6giseadmed restoranidele ja toitlustusele","article_modified_time":"2026-03-26T07:25:57+00:00","og_image":[{"width":1352,"height":1352,"url":"https:\/\/adexa.ee\/wp-content\/uploads\/2024\/12\/WSW300-350-400.jpg","type":"image\/jpeg"}],"twitter_card":"summary_large_image","schema":{"@context":"https:\/\/schema.org","@graph":[{"@type":"WebPage","@id":"https:\/\/adexa.ee\/toode\/seinariiul-perforeeritud-1-tasand-roostevaba-teras-1000x350x254mm-adexa-wsw35100p\/","url":"https:\/\/adexa.ee\/toode\/seinariiul-perforeeritud-1-tasand-roostevaba-teras-1000x350x254mm-adexa-wsw35100p\/","name":"Seinariiul Perforeeritud 1 tasand Roostevaba teras 1000x350x254mm | Adexa WSW35100P - Adexa \u2013 Suurk\u00f6\u00f6giseadmed restoranidele ja toitlustusele","isPartOf":{"@id":"https:\/\/adexa.ee\/#website"},"primaryImageOfPage":{"@id":"https:\/\/adexa.ee\/toode\/seinariiul-perforeeritud-1-tasand-roostevaba-teras-1000x350x254mm-adexa-wsw35100p\/#primaryimage"},"image":{"@id":"https:\/\/adexa.ee\/toode\/seinariiul-perforeeritud-1-tasand-roostevaba-teras-1000x350x254mm-adexa-wsw35100p\/#primaryimage"},"thumbnailUrl":"https:\/\/adexa.ee\/wp-content\/uploads\/2024\/12\/WSW300-350-400.jpg","datePublished":"2026-03-26T07:25:52+00:00","dateModified":"2026-03-26T07:25:57+00:00","breadcrumb":{"@id":"https:\/\/adexa.ee\/toode\/seinariiul-perforeeritud-1-tasand-roostevaba-teras-1000x350x254mm-adexa-wsw35100p\/#breadcrumb"},"inLanguage":"en-US","potentialAction":[{"@type":"ReadAction","target":["https:\/\/adexa.ee\/toode\/seinariiul-perforeeritud-1-tasand-roostevaba-teras-1000x350x254mm-adexa-wsw35100p\/"]}]},{"@type":"ImageObject","inLanguage":"en-US","@id":"https:\/\/adexa.ee\/toode\/seinariiul-perforeeritud-1-tasand-roostevaba-teras-1000x350x254mm-adexa-wsw35100p\/#primaryimage","url":"https:\/\/adexa.ee\/wp-content\/uploads\/2024\/12\/WSW300-350-400.jpg","contentUrl":"https:\/\/adexa.ee\/wp-content\/uploads\/2024\/12\/WSW300-350-400.jpg","width":1352,"height":1352},{"@type":"BreadcrumbList","@id":"https:\/\/adexa.ee\/toode\/seinariiul-perforeeritud-1-tasand-roostevaba-teras-1000x350x254mm-adexa-wsw35100p\/#breadcrumb","itemListElement":[{"@type":"ListItem","position":1,"name":"Home","item":"https:\/\/adexa.ee\/"},{"@type":"ListItem","position":2,"name":"Tooted","item":"https:\/\/adexa.ee\/pood\/"},{"@type":"ListItem","position":3,"name":"Seinariiul Perforeeritud 1 tasand Roostevaba teras 1000x350x254mm | Adexa WSW35100P"}]},{"@type":"WebSite","@id":"https:\/\/adexa.ee\/#website","url":"https:\/\/adexa.ee\/","name":"Adexa","description":"","publisher":{"@id":"https:\/\/adexa.ee\/#organization"},"potentialAction":[{"@type":"SearchAction","target":{"@type":"EntryPoint","urlTemplate":"https:\/\/adexa.ee\/?s={search_term_string}"},"query-input":{"@type":"PropertyValueSpecification","valueRequired":true,"valueName":"search_term_string"}}],"inLanguage":"en-US"},{"@type":"Organization","@id":"https:\/\/adexa.ee\/#organization","name":"Adexa","url":"https:\/\/adexa.ee\/","logo":{"@type":"ImageObject","inLanguage":"en-US","@id":"https:\/\/adexa.ee\/#\/schema\/logo\/image\/","url":"https:\/\/adexa.ee\/wp-content\/uploads\/2024\/04\/chef-cooks-working-in-professional-kitchen-2023-11-27-05-07-39-utc-scaled.jpg","contentUrl":"https:\/\/adexa.ee\/wp-content\/uploads\/2024\/04\/chef-cooks-working-in-professional-kitchen-2023-11-27-05-07-39-utc-scaled.jpg","width":2560,"height":1708,"caption":"Adexa"},"image":{"@id":"https:\/\/adexa.ee\/#\/schema\/logo\/image\/"}}]}},"_links":{"self":[{"href":"https:\/\/adexa.ee\/en\/wp-json\/wp\/v2\/product\/11567","targetHints":{"allow":["GET"]}}],"collection":[{"href":"https:\/\/adexa.ee\/en\/wp-json\/wp\/v2\/product"}],"about":[{"href":"https:\/\/adexa.ee\/en\/wp-json\/wp\/v2\/types\/product"}],"wp:featuredmedia":[{"embeddable":true,"href":"https:\/\/adexa.ee\/en\/wp-json\/wp\/v2\/media\/11499"}],"wp:attachment":[{"href":"https:\/\/adexa.ee\/en\/wp-json\/wp\/v2\/media?parent=11567"}],"wp:term":[{"taxonomy":"product_brand","embeddable":true,"href":"https:\/\/adexa.ee\/en\/wp-json\/wp\/v2\/product_brand?post=11567"},{"taxonomy":"product_cat","embeddable":true,"href":"https:\/\/adexa.ee\/en\/wp-json\/wp\/v2\/product_cat?post=11567"},{"taxonomy":"product_tag","embeddable":true,"href":"https:\/\/adexa.ee\/en\/wp-json\/wp\/v2\/product_tag?post=11567"}],"curies":[{"name":"wp","href":"https:\/\/api.w.org\/{rel}","templated":true}]}}