{"id":11584,"date":"2026-04-01T11:35:26","date_gmt":"2026-04-01T08:35:26","guid":{"rendered":"https:\/\/adexa.ee\/toode\/eelpesu-pihustusseade-teki-kulge-kinnitatav-kahe-sisselaskeavaga-korgus-1000-mm-roostevaba-teras-adexa-eq2801a\/"},"modified":"2026-04-01T11:35:27","modified_gmt":"2026-04-01T08:35:27","slug":"eelpesu-pihustusseade-teki-kulge-kinnitatav-kahe-sisselaskeavaga-korgus-1000-mm-roostevaba-teras-adexa-eq2801a","status":"publish","type":"product","link":"https:\/\/adexa.ee\/en\/toode\/eelpesu-pihustusseade-teki-kulge-kinnitatav-kahe-sisselaskeavaga-korgus-1000-mm-roostevaba-teras-adexa-eq2801a\/","title":{"rendered":"Eelpesu pihustusseade Teki k\u00fclge kinnitatav Kahe sisselaskeavaga K\u00f5rgus 1000 mm Roostevaba teras | Adexa EQ2801A"},"content":{"rendered":"<p>Professionaalne ja \u00e4\u00e4rmiselt vastupidav eelpesu pihusti, mis sobib ideaalselt toiduainete teeninduseks, kommertsk\u00f6\u00f6kideks, restoranideks ja hotellideks. Vedrumehhanismiga kael ja keraamiline n\u00f5el, et v\u00e4ltida lekkimist, muudavad m\u00f5lemad eelpesu seadmed sagedaseks kasutamiseks vastupidavaks ja vastupidavaks. Teki k\u00fclge kinnitatav t\u00fc\u00fcp Kahe sisselaskeavaga (soe ja k\u00fclm vesi) Tugev roostevabast terasest konstruktsioon<\/p>\n<table style=\"border-collapse: collapse; width: 100%; text-align: left;\">\n<tbody>\n<tr>\n<td style=\"border: 1px solid #ddd; padding: 8px; width: 45%;\"><strong>K\u00f5rgus<\/strong><\/td>\n<td style=\"border: 1px solid #ddd; padding: 8px;\">1000 mm<\/td>\n<\/tr>\n<tr>\n<td style=\"border: 1px solid #ddd; padding: 8px; width: 45%;\"><strong>Garantii<\/strong><\/td>\n<td style=\"border: 1px solid #ddd; padding: 8px;\">12 kuu varuosade garantii<\/td>\n<\/tr>\n<tr>\n<td style=\"border: 1px solid #ddd; padding: 8px; width: 45%;\"><strong>T\u00fc\u00fcp<\/strong><\/td>\n<td style=\"border: 1px solid #ddd; padding: 8px;\">\u00dcks auk \/ Kahekordne sisselaskeava<\/td>\n<\/tr>\n<tr>\n<td style=\"border: 1px solid #ddd; padding: 8px; width: 45%;\"><strong>Versioon<\/strong><\/td>\n<td style=\"border: 1px solid #ddd; padding: 8px;\">Teki kinnitus<\/td>\n<\/tr>\n<tr>\n<td style=\"border: 1px solid #ddd; padding: 8px; width: 45%;\"><strong>Materjal<\/strong><\/td>\n<td style=\"border: 1px solid #ddd; padding: 8px;\">Roostevaba teras<\/td>\n<\/tr>\n<tr>\n<td style=\"border: 1px solid #ddd; padding: 8px; width: 45%;\"><strong>Segisti<\/strong><\/td>\n<td style=\"border: 1px solid #ddd; padding: 8px;\">Ei<\/td>\n<\/tr>\n<tr>\n<td style=\"border: 1px solid #ddd; padding: 8px; width: 45%;\"><strong>L\u00e4bim\u00f5\u00f5t<\/strong><\/td>\n<td style=\"border: 1px solid #ddd; padding: 8px;\">\u00d832mm (kraaniava)<\/td>\n<\/tr>\n<tr>\n<td style=\"border: 1px solid #ddd; padding: 8px; width: 45%;\"><strong>M\u00f5\u00f5tmed<\/strong><\/td>\n<td style=\"border: 1px solid #ddd; padding: 8px;\">Post: 500 mm \/ Voolik: 950 mm \/ Vedru: 660 mm<\/td>\n<\/tr>\n<\/tbody>\n<\/table>\n","protected":false},"excerpt":{"rendered":"<p>Professionaalne ja \u00e4\u00e4rmiselt vastupidav eelpesu pihusti, mis sobib ideaalselt toiduainete teeninduseks, kommertsk\u00f6\u00f6kideks, restoranideks ja hotellideks. Vedrumehhanismiga kael ja keraamiline n\u00f5el,<\/p>\n","protected":false},"featured_media":11586,"template":"","meta":[],"product_brand":[],"product_cat":[610,698,609,661],"product_tag":[],"class_list":{"0":"post-11584","1":"product","2":"type-product","3":"status-publish","4":"has-post-thumbnail","6":"product_cat-dusid-segistid","7":"product_cat-eelpesudushid","8":"product_cat-noudepesu","9":"product_cat-valamutarvikud","11":"first","12":"instock","13":"sale","14":"taxable","15":"shipping-taxable","16":"purchasable","17":"product-type-simple"},"yoast_head":"<!-- This site is optimized with the Yoast SEO plugin v27.3 - https:\/\/yoast.com\/product\/yoast-seo-wordpress\/ -->\n<title>Eelpesu pihustusseade Teki k\u00fclge kinnitatav Kahe sisselaskeavaga K\u00f5rgus 1000 mm Roostevaba teras | Adexa EQ2801A - Adexa \u2013 Suurk\u00f6\u00f6giseadmed restoranidele ja toitlustusele<\/title>\n<meta name=\"robots\" content=\"index, follow, max-snippet:-1, max-image-preview:large, max-video-preview:-1\" \/>\n<link rel=\"canonical\" href=\"https:\/\/adexa.ee\/toode\/eelpesu-pihustusseade-teki-kulge-kinnitatav-kahe-sisselaskeavaga-korgus-1000-mm-roostevaba-teras-adexa-eq2801a\/\" \/>\n<meta property=\"og:locale\" content=\"en_US\" \/>\n<meta property=\"og:type\" content=\"article\" \/>\n<meta property=\"og:title\" content=\"Eelpesu pihustusseade Teki k\u00fclge kinnitatav Kahe sisselaskeavaga K\u00f5rgus 1000 mm Roostevaba teras | Adexa EQ2801A - Adexa \u2013 Suurk\u00f6\u00f6giseadmed restoranidele ja toitlustusele\" \/>\n<meta property=\"og:description\" content=\"Professionaalne ja \u00e4\u00e4rmiselt vastupidav eelpesu pihusti, mis sobib ideaalselt toiduainete teeninduseks, kommertsk\u00f6\u00f6kideks, restoranideks ja hotellideks. Vedrumehhanismiga kael ja keraamiline n\u00f5el,\" \/>\n<meta property=\"og:url\" content=\"https:\/\/adexa.ee\/toode\/eelpesu-pihustusseade-teki-kulge-kinnitatav-kahe-sisselaskeavaga-korgus-1000-mm-roostevaba-teras-adexa-eq2801a\/\" \/>\n<meta property=\"og:site_name\" content=\"Adexa \u2013 Suurk\u00f6\u00f6giseadmed restoranidele ja toitlustusele\" \/>\n<meta property=\"article:modified_time\" content=\"2026-04-01T08:35:27+00:00\" \/>\n<meta property=\"og:image\" content=\"https:\/\/adexa.ee\/wp-content\/uploads\/2024\/12\/EQ2801A.jpg\" \/>\n\t<meta property=\"og:image:width\" content=\"900\" \/>\n\t<meta property=\"og:image:height\" content=\"900\" \/>\n\t<meta property=\"og:image:type\" content=\"image\/jpeg\" \/>\n<meta name=\"twitter:card\" content=\"summary_large_image\" \/>\n<script type=\"application\/ld+json\" class=\"yoast-schema-graph\">{\"@context\":\"https:\\\/\\\/schema.org\",\"@graph\":[{\"@type\":\"WebPage\",\"@id\":\"https:\\\/\\\/adexa.ee\\\/toode\\\/eelpesu-pihustusseade-teki-kulge-kinnitatav-kahe-sisselaskeavaga-korgus-1000-mm-roostevaba-teras-adexa-eq2801a\\\/\",\"url\":\"https:\\\/\\\/adexa.ee\\\/toode\\\/eelpesu-pihustusseade-teki-kulge-kinnitatav-kahe-sisselaskeavaga-korgus-1000-mm-roostevaba-teras-adexa-eq2801a\\\/\",\"name\":\"Eelpesu pihustusseade Teki k\u00fclge kinnitatav Kahe sisselaskeavaga K\u00f5rgus 1000 mm Roostevaba teras | Adexa EQ2801A - Adexa \u2013 Suurk\u00f6\u00f6giseadmed restoranidele ja toitlustusele\",\"isPartOf\":{\"@id\":\"https:\\\/\\\/adexa.ee\\\/#website\"},\"primaryImageOfPage\":{\"@id\":\"https:\\\/\\\/adexa.ee\\\/toode\\\/eelpesu-pihustusseade-teki-kulge-kinnitatav-kahe-sisselaskeavaga-korgus-1000-mm-roostevaba-teras-adexa-eq2801a\\\/#primaryimage\"},\"image\":{\"@id\":\"https:\\\/\\\/adexa.ee\\\/toode\\\/eelpesu-pihustusseade-teki-kulge-kinnitatav-kahe-sisselaskeavaga-korgus-1000-mm-roostevaba-teras-adexa-eq2801a\\\/#primaryimage\"},\"thumbnailUrl\":\"https:\\\/\\\/adexa.ee\\\/wp-content\\\/uploads\\\/2024\\\/12\\\/EQ2801A.jpg\",\"datePublished\":\"2026-04-01T08:35:26+00:00\",\"dateModified\":\"2026-04-01T08:35:27+00:00\",\"breadcrumb\":{\"@id\":\"https:\\\/\\\/adexa.ee\\\/toode\\\/eelpesu-pihustusseade-teki-kulge-kinnitatav-kahe-sisselaskeavaga-korgus-1000-mm-roostevaba-teras-adexa-eq2801a\\\/#breadcrumb\"},\"inLanguage\":\"en-US\",\"potentialAction\":[{\"@type\":\"ReadAction\",\"target\":[\"https:\\\/\\\/adexa.ee\\\/toode\\\/eelpesu-pihustusseade-teki-kulge-kinnitatav-kahe-sisselaskeavaga-korgus-1000-mm-roostevaba-teras-adexa-eq2801a\\\/\"]}]},{\"@type\":\"ImageObject\",\"inLanguage\":\"en-US\",\"@id\":\"https:\\\/\\\/adexa.ee\\\/toode\\\/eelpesu-pihustusseade-teki-kulge-kinnitatav-kahe-sisselaskeavaga-korgus-1000-mm-roostevaba-teras-adexa-eq2801a\\\/#primaryimage\",\"url\":\"https:\\\/\\\/adexa.ee\\\/wp-content\\\/uploads\\\/2024\\\/12\\\/EQ2801A.jpg\",\"contentUrl\":\"https:\\\/\\\/adexa.ee\\\/wp-content\\\/uploads\\\/2024\\\/12\\\/EQ2801A.jpg\",\"width\":900,\"height\":900},{\"@type\":\"BreadcrumbList\",\"@id\":\"https:\\\/\\\/adexa.ee\\\/toode\\\/eelpesu-pihustusseade-teki-kulge-kinnitatav-kahe-sisselaskeavaga-korgus-1000-mm-roostevaba-teras-adexa-eq2801a\\\/#breadcrumb\",\"itemListElement\":[{\"@type\":\"ListItem\",\"position\":1,\"name\":\"Home\",\"item\":\"https:\\\/\\\/adexa.ee\\\/\"},{\"@type\":\"ListItem\",\"position\":2,\"name\":\"Tooted\",\"item\":\"https:\\\/\\\/adexa.ee\\\/pood\\\/\"},{\"@type\":\"ListItem\",\"position\":3,\"name\":\"Eelpesu pihustusseade Teki k\u00fclge kinnitatav Kahe sisselaskeavaga K\u00f5rgus 1000 mm Roostevaba teras | Adexa EQ2801A\"}]},{\"@type\":\"WebSite\",\"@id\":\"https:\\\/\\\/adexa.ee\\\/#website\",\"url\":\"https:\\\/\\\/adexa.ee\\\/\",\"name\":\"Adexa\",\"description\":\"\",\"publisher\":{\"@id\":\"https:\\\/\\\/adexa.ee\\\/#organization\"},\"potentialAction\":[{\"@type\":\"SearchAction\",\"target\":{\"@type\":\"EntryPoint\",\"urlTemplate\":\"https:\\\/\\\/adexa.ee\\\/?s={search_term_string}\"},\"query-input\":{\"@type\":\"PropertyValueSpecification\",\"valueRequired\":true,\"valueName\":\"search_term_string\"}}],\"inLanguage\":\"en-US\"},{\"@type\":\"Organization\",\"@id\":\"https:\\\/\\\/adexa.ee\\\/#organization\",\"name\":\"Adexa\",\"url\":\"https:\\\/\\\/adexa.ee\\\/\",\"logo\":{\"@type\":\"ImageObject\",\"inLanguage\":\"en-US\",\"@id\":\"https:\\\/\\\/adexa.ee\\\/#\\\/schema\\\/logo\\\/image\\\/\",\"url\":\"https:\\\/\\\/adexa.ee\\\/wp-content\\\/uploads\\\/2024\\\/04\\\/chef-cooks-working-in-professional-kitchen-2023-11-27-05-07-39-utc-scaled.jpg\",\"contentUrl\":\"https:\\\/\\\/adexa.ee\\\/wp-content\\\/uploads\\\/2024\\\/04\\\/chef-cooks-working-in-professional-kitchen-2023-11-27-05-07-39-utc-scaled.jpg\",\"width\":2560,\"height\":1708,\"caption\":\"Adexa\"},\"image\":{\"@id\":\"https:\\\/\\\/adexa.ee\\\/#\\\/schema\\\/logo\\\/image\\\/\"}}]}<\/script>\n<!-- \/ Yoast SEO plugin. -->","yoast_head_json":{"title":"Eelpesu pihustusseade Teki k\u00fclge kinnitatav Kahe sisselaskeavaga K\u00f5rgus 1000 mm Roostevaba teras | Adexa EQ2801A - Adexa \u2013 Suurk\u00f6\u00f6giseadmed restoranidele ja toitlustusele","robots":{"index":"index","follow":"follow","max-snippet":"max-snippet:-1","max-image-preview":"max-image-preview:large","max-video-preview":"max-video-preview:-1"},"canonical":"https:\/\/adexa.ee\/toode\/eelpesu-pihustusseade-teki-kulge-kinnitatav-kahe-sisselaskeavaga-korgus-1000-mm-roostevaba-teras-adexa-eq2801a\/","og_locale":"en_US","og_type":"article","og_title":"Eelpesu pihustusseade Teki k\u00fclge kinnitatav Kahe sisselaskeavaga K\u00f5rgus 1000 mm Roostevaba teras | Adexa EQ2801A - Adexa \u2013 Suurk\u00f6\u00f6giseadmed restoranidele ja toitlustusele","og_description":"Professionaalne ja \u00e4\u00e4rmiselt vastupidav eelpesu pihusti, mis sobib ideaalselt toiduainete teeninduseks, kommertsk\u00f6\u00f6kideks, restoranideks ja hotellideks. Vedrumehhanismiga kael ja keraamiline n\u00f5el,","og_url":"https:\/\/adexa.ee\/toode\/eelpesu-pihustusseade-teki-kulge-kinnitatav-kahe-sisselaskeavaga-korgus-1000-mm-roostevaba-teras-adexa-eq2801a\/","og_site_name":"Adexa \u2013 Suurk\u00f6\u00f6giseadmed restoranidele ja toitlustusele","article_modified_time":"2026-04-01T08:35:27+00:00","og_image":[{"width":900,"height":900,"url":"https:\/\/adexa.ee\/wp-content\/uploads\/2024\/12\/EQ2801A.jpg","type":"image\/jpeg"}],"twitter_card":"summary_large_image","schema":{"@context":"https:\/\/schema.org","@graph":[{"@type":"WebPage","@id":"https:\/\/adexa.ee\/toode\/eelpesu-pihustusseade-teki-kulge-kinnitatav-kahe-sisselaskeavaga-korgus-1000-mm-roostevaba-teras-adexa-eq2801a\/","url":"https:\/\/adexa.ee\/toode\/eelpesu-pihustusseade-teki-kulge-kinnitatav-kahe-sisselaskeavaga-korgus-1000-mm-roostevaba-teras-adexa-eq2801a\/","name":"Eelpesu pihustusseade Teki k\u00fclge kinnitatav Kahe sisselaskeavaga K\u00f5rgus 1000 mm Roostevaba teras | Adexa EQ2801A - Adexa \u2013 Suurk\u00f6\u00f6giseadmed restoranidele ja toitlustusele","isPartOf":{"@id":"https:\/\/adexa.ee\/#website"},"primaryImageOfPage":{"@id":"https:\/\/adexa.ee\/toode\/eelpesu-pihustusseade-teki-kulge-kinnitatav-kahe-sisselaskeavaga-korgus-1000-mm-roostevaba-teras-adexa-eq2801a\/#primaryimage"},"image":{"@id":"https:\/\/adexa.ee\/toode\/eelpesu-pihustusseade-teki-kulge-kinnitatav-kahe-sisselaskeavaga-korgus-1000-mm-roostevaba-teras-adexa-eq2801a\/#primaryimage"},"thumbnailUrl":"https:\/\/adexa.ee\/wp-content\/uploads\/2024\/12\/EQ2801A.jpg","datePublished":"2026-04-01T08:35:26+00:00","dateModified":"2026-04-01T08:35:27+00:00","breadcrumb":{"@id":"https:\/\/adexa.ee\/toode\/eelpesu-pihustusseade-teki-kulge-kinnitatav-kahe-sisselaskeavaga-korgus-1000-mm-roostevaba-teras-adexa-eq2801a\/#breadcrumb"},"inLanguage":"en-US","potentialAction":[{"@type":"ReadAction","target":["https:\/\/adexa.ee\/toode\/eelpesu-pihustusseade-teki-kulge-kinnitatav-kahe-sisselaskeavaga-korgus-1000-mm-roostevaba-teras-adexa-eq2801a\/"]}]},{"@type":"ImageObject","inLanguage":"en-US","@id":"https:\/\/adexa.ee\/toode\/eelpesu-pihustusseade-teki-kulge-kinnitatav-kahe-sisselaskeavaga-korgus-1000-mm-roostevaba-teras-adexa-eq2801a\/#primaryimage","url":"https:\/\/adexa.ee\/wp-content\/uploads\/2024\/12\/EQ2801A.jpg","contentUrl":"https:\/\/adexa.ee\/wp-content\/uploads\/2024\/12\/EQ2801A.jpg","width":900,"height":900},{"@type":"BreadcrumbList","@id":"https:\/\/adexa.ee\/toode\/eelpesu-pihustusseade-teki-kulge-kinnitatav-kahe-sisselaskeavaga-korgus-1000-mm-roostevaba-teras-adexa-eq2801a\/#breadcrumb","itemListElement":[{"@type":"ListItem","position":1,"name":"Home","item":"https:\/\/adexa.ee\/"},{"@type":"ListItem","position":2,"name":"Tooted","item":"https:\/\/adexa.ee\/pood\/"},{"@type":"ListItem","position":3,"name":"Eelpesu pihustusseade Teki k\u00fclge kinnitatav Kahe sisselaskeavaga K\u00f5rgus 1000 mm Roostevaba teras | Adexa EQ2801A"}]},{"@type":"WebSite","@id":"https:\/\/adexa.ee\/#website","url":"https:\/\/adexa.ee\/","name":"Adexa","description":"","publisher":{"@id":"https:\/\/adexa.ee\/#organization"},"potentialAction":[{"@type":"SearchAction","target":{"@type":"EntryPoint","urlTemplate":"https:\/\/adexa.ee\/?s={search_term_string}"},"query-input":{"@type":"PropertyValueSpecification","valueRequired":true,"valueName":"search_term_string"}}],"inLanguage":"en-US"},{"@type":"Organization","@id":"https:\/\/adexa.ee\/#organization","name":"Adexa","url":"https:\/\/adexa.ee\/","logo":{"@type":"ImageObject","inLanguage":"en-US","@id":"https:\/\/adexa.ee\/#\/schema\/logo\/image\/","url":"https:\/\/adexa.ee\/wp-content\/uploads\/2024\/04\/chef-cooks-working-in-professional-kitchen-2023-11-27-05-07-39-utc-scaled.jpg","contentUrl":"https:\/\/adexa.ee\/wp-content\/uploads\/2024\/04\/chef-cooks-working-in-professional-kitchen-2023-11-27-05-07-39-utc-scaled.jpg","width":2560,"height":1708,"caption":"Adexa"},"image":{"@id":"https:\/\/adexa.ee\/#\/schema\/logo\/image\/"}}]}},"_links":{"self":[{"href":"https:\/\/adexa.ee\/en\/wp-json\/wp\/v2\/product\/11584","targetHints":{"allow":["GET"]}}],"collection":[{"href":"https:\/\/adexa.ee\/en\/wp-json\/wp\/v2\/product"}],"about":[{"href":"https:\/\/adexa.ee\/en\/wp-json\/wp\/v2\/types\/product"}],"wp:featuredmedia":[{"embeddable":true,"href":"https:\/\/adexa.ee\/en\/wp-json\/wp\/v2\/media\/11586"}],"wp:attachment":[{"href":"https:\/\/adexa.ee\/en\/wp-json\/wp\/v2\/media?parent=11584"}],"wp:term":[{"taxonomy":"product_brand","embeddable":true,"href":"https:\/\/adexa.ee\/en\/wp-json\/wp\/v2\/product_brand?post=11584"},{"taxonomy":"product_cat","embeddable":true,"href":"https:\/\/adexa.ee\/en\/wp-json\/wp\/v2\/product_cat?post=11584"},{"taxonomy":"product_tag","embeddable":true,"href":"https:\/\/adexa.ee\/en\/wp-json\/wp\/v2\/product_tag?post=11584"}],"curies":[{"name":"wp","href":"https:\/\/api.w.org\/{rel}","templated":true}]}}