{"id":11608,"date":"2026-03-26T09:25:59","date_gmt":"2026-03-26T07:25:59","guid":{"rendered":"https:\/\/adexa.ee\/?post_type=product&#038;p=11608"},"modified":"2026-03-26T09:26:01","modified_gmt":"2026-03-26T07:26:01","slug":"serveerimis-teenindus-karutostuk-roostevabast-terasest-3-kihiline-810x460x900mm-adexa-rst3b","status":"publish","type":"product","link":"https:\/\/adexa.ee\/en\/toode\/serveerimis-teenindus-karutostuk-roostevabast-terasest-3-kihiline-810x460x900mm-adexa-rst3b\/","title":{"rendered":"serveerimis-\/teenindus-\/k\u00e4rut\u00f5stuk Roostevabast terasest 3-kihiline 810x460x900mm | Adexa RST3B"},"content":{"rendered":"<p>See kolme tugeva kandikupinnaga serveerimisk\u00e4ru sobitub sujuvalt igasse keskkonda. T\u00e4nu oma vastupidavale konstruktsioonile on see eriti sobiv kasutamiseks s\u00f6\u00f6klates, suurk\u00f6\u00f6kides, restoranides, avalikes asutustes, aga ka erasektoris. Selle abil muutub toitude v\u00f5i jookide serveerimine, lauate puhastamine ja n\u00f5ude k\u00f6\u00f6ki viimine vaevatuks. See roostevabast terasest k\u00e4ru on erakordselt vastupidav ja kergesti puhastatav.<\/p>\n<p>M\u00f5\u00f5tmed: 810x460x900mm<\/p>\n<p>3 tasandit<\/p>\n<p>\u00dcmara kujuga torud, mis tagavad mugava haarde<\/p>\n<p>Toimetatakse kohale osadena &#8211; lihtne ise kokku panna<\/p>\n<p>Dokumendid<\/p>\n<p>Kl\u00f5psake siin, et alla laadida kokkupaneku juhised<\/p>\n<p>Palun vaadake rubriiki &#8216;Spetsifikatsioon&#8217; \u00fcksikasjaliku teabe saamiseks.<\/p>\n<table style=\"border-collapse: collapse; width: 100%; text-align: left;\">\n<tbody>\n<tr>\n<td style=\"border: 1px solid #ddd; padding: 8px; width: 45%;\"><strong>S\u00fcgavus<\/strong><\/td>\n<td style=\"border: 1px solid #ddd; padding: 8px;\">460 mm<\/td>\n<\/tr>\n<tr>\n<td style=\"border: 1px solid #ddd; padding: 8px; width: 45%;\"><strong>K\u00f5rgus<\/strong><\/td>\n<td style=\"border: 1px solid #ddd; padding: 8px;\">900 mm<\/td>\n<\/tr>\n<tr>\n<td style=\"border: 1px solid #ddd; padding: 8px; width: 45%;\"><strong>Laius<\/strong><\/td>\n<td style=\"border: 1px solid #ddd; padding: 8px;\">810 mm<\/td>\n<\/tr>\n<tr>\n<td style=\"border: 1px solid #ddd; padding: 8px; width: 45%;\"><strong>Kaal<\/strong><\/td>\n<td style=\"border: 1px solid #ddd; padding: 8px;\">13kg<\/td>\n<\/tr>\n<tr>\n<td style=\"border: 1px solid #ddd; padding: 8px; width: 45%;\"><strong>Garantii<\/strong><\/td>\n<td style=\"border: 1px solid #ddd; padding: 8px;\">12 kuu varuosade garantii<\/td>\n<\/tr>\n<tr>\n<td style=\"border: 1px solid #ddd; padding: 8px; width: 45%;\"><strong>Mahutavus<\/strong><\/td>\n<td style=\"border: 1px solid #ddd; padding: 8px;\">150 kg<\/td>\n<\/tr>\n<tr>\n<td style=\"border: 1px solid #ddd; padding: 8px; width: 45%;\"><strong>Rullikud<\/strong><\/td>\n<td style=\"border: 1px solid #ddd; padding: 8px;\">Piduritega<\/td>\n<\/tr>\n<tr>\n<td style=\"border: 1px solid #ddd; padding: 8px; width: 45%;\"><strong>Materjal<\/strong><\/td>\n<td style=\"border: 1px solid #ddd; padding: 8px;\">Roostevaba teras<\/td>\n<\/tr>\n<tr>\n<td style=\"border: 1px solid #ddd; padding: 8px; width: 45%;\"><strong>Tasandid<\/strong><\/td>\n<td style=\"border: 1px solid #ddd; padding: 8px;\">3<\/td>\n<\/tr>\n<\/tbody>\n<\/table>\n","protected":false},"excerpt":{"rendered":"<p>See kolme tugeva kandikupinnaga serveerimisk\u00e4ru sobitub sujuvalt igasse keskkonda. T\u00e4nu oma vastupidavale konstruktsioonile on see eriti sobiv kasutamiseks s\u00f6\u00f6klates, suurk\u00f6\u00f6kides,<\/p>\n","protected":false},"featured_media":19075,"template":"","meta":[],"product_brand":[],"product_cat":[968,623,665,569,561,609,572,573],"product_tag":[],"class_list":{"0":"post-11608","1":"product","2":"type-product","3":"status-publish","4":"has-post-thumbnail","6":"product_cat-valamud","7":"product_cat-karud","8":"product_cat-ladustamine-transport","9":"product_cat-lopumuuk","10":"product_cat-moobel-ja-hoiustamine","11":"product_cat-noudepesu","12":"product_cat-roostevabad-tooted","13":"product_cat-uhesed-ja-kahesed-valamud","15":"first","16":"instock","17":"sale","18":"taxable","19":"shipping-taxable","20":"purchasable","21":"product-type-simple"},"yoast_head":"<!-- This site is optimized with the Yoast SEO plugin v27.3 - https:\/\/yoast.com\/product\/yoast-seo-wordpress\/ -->\n<title>serveerimis-\/teenindus-\/k\u00e4rut\u00f5stuk Roostevabast terasest 3-kihiline 810x460x900mm | Adexa RST3B - Adexa \u2013 Suurk\u00f6\u00f6giseadmed restoranidele ja toitlustusele<\/title>\n<meta name=\"robots\" content=\"index, follow, max-snippet:-1, max-image-preview:large, max-video-preview:-1\" \/>\n<link rel=\"canonical\" href=\"https:\/\/adexa.ee\/toode\/serveerimis-teenindus-karutostuk-roostevabast-terasest-3-kihiline-810x460x900mm-adexa-rst3b\/\" \/>\n<meta property=\"og:locale\" content=\"en_US\" \/>\n<meta property=\"og:type\" content=\"article\" \/>\n<meta property=\"og:title\" content=\"serveerimis-\/teenindus-\/k\u00e4rut\u00f5stuk Roostevabast terasest 3-kihiline 810x460x900mm | Adexa RST3B - Adexa \u2013 Suurk\u00f6\u00f6giseadmed restoranidele ja toitlustusele\" \/>\n<meta property=\"og:description\" content=\"See kolme tugeva kandikupinnaga serveerimisk\u00e4ru sobitub sujuvalt igasse keskkonda. T\u00e4nu oma vastupidavale konstruktsioonile on see eriti sobiv kasutamiseks s\u00f6\u00f6klates, suurk\u00f6\u00f6kides,\" \/>\n<meta property=\"og:url\" content=\"https:\/\/adexa.ee\/toode\/serveerimis-teenindus-karutostuk-roostevabast-terasest-3-kihiline-810x460x900mm-adexa-rst3b\/\" \/>\n<meta property=\"og:site_name\" content=\"Adexa \u2013 Suurk\u00f6\u00f6giseadmed restoranidele ja toitlustusele\" \/>\n<meta property=\"article:modified_time\" content=\"2026-03-26T07:26:01+00:00\" \/>\n<meta property=\"og:image\" content=\"https:\/\/adexa.ee\/wp-content\/uploads\/2024\/12\/RST3.jpg\" \/>\n\t<meta property=\"og:image:width\" content=\"1200\" \/>\n\t<meta property=\"og:image:height\" content=\"1200\" \/>\n\t<meta property=\"og:image:type\" content=\"image\/jpeg\" \/>\n<meta name=\"twitter:card\" content=\"summary_large_image\" \/>\n<meta name=\"twitter:label1\" content=\"Est. reading time\" \/>\n\t<meta name=\"twitter:data1\" content=\"1 minute\" \/>\n<script type=\"application\/ld+json\" class=\"yoast-schema-graph\">{\"@context\":\"https:\\\/\\\/schema.org\",\"@graph\":[{\"@type\":\"WebPage\",\"@id\":\"https:\\\/\\\/adexa.ee\\\/toode\\\/serveerimis-teenindus-karutostuk-roostevabast-terasest-3-kihiline-810x460x900mm-adexa-rst3b\\\/\",\"url\":\"https:\\\/\\\/adexa.ee\\\/toode\\\/serveerimis-teenindus-karutostuk-roostevabast-terasest-3-kihiline-810x460x900mm-adexa-rst3b\\\/\",\"name\":\"serveerimis-\\\/teenindus-\\\/k\u00e4rut\u00f5stuk Roostevabast terasest 3-kihiline 810x460x900mm | Adexa RST3B - Adexa \u2013 Suurk\u00f6\u00f6giseadmed restoranidele ja toitlustusele\",\"isPartOf\":{\"@id\":\"https:\\\/\\\/adexa.ee\\\/#website\"},\"primaryImageOfPage\":{\"@id\":\"https:\\\/\\\/adexa.ee\\\/toode\\\/serveerimis-teenindus-karutostuk-roostevabast-terasest-3-kihiline-810x460x900mm-adexa-rst3b\\\/#primaryimage\"},\"image\":{\"@id\":\"https:\\\/\\\/adexa.ee\\\/toode\\\/serveerimis-teenindus-karutostuk-roostevabast-terasest-3-kihiline-810x460x900mm-adexa-rst3b\\\/#primaryimage\"},\"thumbnailUrl\":\"https:\\\/\\\/adexa.ee\\\/wp-content\\\/uploads\\\/2024\\\/12\\\/RST3.jpg\",\"datePublished\":\"2026-03-26T07:25:59+00:00\",\"dateModified\":\"2026-03-26T07:26:01+00:00\",\"breadcrumb\":{\"@id\":\"https:\\\/\\\/adexa.ee\\\/toode\\\/serveerimis-teenindus-karutostuk-roostevabast-terasest-3-kihiline-810x460x900mm-adexa-rst3b\\\/#breadcrumb\"},\"inLanguage\":\"en-US\",\"potentialAction\":[{\"@type\":\"ReadAction\",\"target\":[\"https:\\\/\\\/adexa.ee\\\/toode\\\/serveerimis-teenindus-karutostuk-roostevabast-terasest-3-kihiline-810x460x900mm-adexa-rst3b\\\/\"]}]},{\"@type\":\"ImageObject\",\"inLanguage\":\"en-US\",\"@id\":\"https:\\\/\\\/adexa.ee\\\/toode\\\/serveerimis-teenindus-karutostuk-roostevabast-terasest-3-kihiline-810x460x900mm-adexa-rst3b\\\/#primaryimage\",\"url\":\"https:\\\/\\\/adexa.ee\\\/wp-content\\\/uploads\\\/2024\\\/12\\\/RST3.jpg\",\"contentUrl\":\"https:\\\/\\\/adexa.ee\\\/wp-content\\\/uploads\\\/2024\\\/12\\\/RST3.jpg\",\"width\":1200,\"height\":1200},{\"@type\":\"BreadcrumbList\",\"@id\":\"https:\\\/\\\/adexa.ee\\\/toode\\\/serveerimis-teenindus-karutostuk-roostevabast-terasest-3-kihiline-810x460x900mm-adexa-rst3b\\\/#breadcrumb\",\"itemListElement\":[{\"@type\":\"ListItem\",\"position\":1,\"name\":\"Home\",\"item\":\"https:\\\/\\\/adexa.ee\\\/\"},{\"@type\":\"ListItem\",\"position\":2,\"name\":\"Tooted\",\"item\":\"https:\\\/\\\/adexa.ee\\\/pood\\\/\"},{\"@type\":\"ListItem\",\"position\":3,\"name\":\"serveerimis-\\\/teenindus-\\\/k\u00e4rut\u00f5stuk Roostevabast terasest 3-kihiline 810x460x900mm | Adexa RST3B\"}]},{\"@type\":\"WebSite\",\"@id\":\"https:\\\/\\\/adexa.ee\\\/#website\",\"url\":\"https:\\\/\\\/adexa.ee\\\/\",\"name\":\"Adexa\",\"description\":\"\",\"publisher\":{\"@id\":\"https:\\\/\\\/adexa.ee\\\/#organization\"},\"potentialAction\":[{\"@type\":\"SearchAction\",\"target\":{\"@type\":\"EntryPoint\",\"urlTemplate\":\"https:\\\/\\\/adexa.ee\\\/?s={search_term_string}\"},\"query-input\":{\"@type\":\"PropertyValueSpecification\",\"valueRequired\":true,\"valueName\":\"search_term_string\"}}],\"inLanguage\":\"en-US\"},{\"@type\":\"Organization\",\"@id\":\"https:\\\/\\\/adexa.ee\\\/#organization\",\"name\":\"Adexa\",\"url\":\"https:\\\/\\\/adexa.ee\\\/\",\"logo\":{\"@type\":\"ImageObject\",\"inLanguage\":\"en-US\",\"@id\":\"https:\\\/\\\/adexa.ee\\\/#\\\/schema\\\/logo\\\/image\\\/\",\"url\":\"https:\\\/\\\/adexa.ee\\\/wp-content\\\/uploads\\\/2024\\\/04\\\/chef-cooks-working-in-professional-kitchen-2023-11-27-05-07-39-utc-scaled.jpg\",\"contentUrl\":\"https:\\\/\\\/adexa.ee\\\/wp-content\\\/uploads\\\/2024\\\/04\\\/chef-cooks-working-in-professional-kitchen-2023-11-27-05-07-39-utc-scaled.jpg\",\"width\":2560,\"height\":1708,\"caption\":\"Adexa\"},\"image\":{\"@id\":\"https:\\\/\\\/adexa.ee\\\/#\\\/schema\\\/logo\\\/image\\\/\"}}]}<\/script>\n<!-- \/ Yoast SEO plugin. -->","yoast_head_json":{"title":"serveerimis-\/teenindus-\/k\u00e4rut\u00f5stuk Roostevabast terasest 3-kihiline 810x460x900mm | Adexa RST3B - Adexa \u2013 Suurk\u00f6\u00f6giseadmed restoranidele ja toitlustusele","robots":{"index":"index","follow":"follow","max-snippet":"max-snippet:-1","max-image-preview":"max-image-preview:large","max-video-preview":"max-video-preview:-1"},"canonical":"https:\/\/adexa.ee\/toode\/serveerimis-teenindus-karutostuk-roostevabast-terasest-3-kihiline-810x460x900mm-adexa-rst3b\/","og_locale":"en_US","og_type":"article","og_title":"serveerimis-\/teenindus-\/k\u00e4rut\u00f5stuk Roostevabast terasest 3-kihiline 810x460x900mm | Adexa RST3B - Adexa \u2013 Suurk\u00f6\u00f6giseadmed restoranidele ja toitlustusele","og_description":"See kolme tugeva kandikupinnaga serveerimisk\u00e4ru sobitub sujuvalt igasse keskkonda. T\u00e4nu oma vastupidavale konstruktsioonile on see eriti sobiv kasutamiseks s\u00f6\u00f6klates, suurk\u00f6\u00f6kides,","og_url":"https:\/\/adexa.ee\/toode\/serveerimis-teenindus-karutostuk-roostevabast-terasest-3-kihiline-810x460x900mm-adexa-rst3b\/","og_site_name":"Adexa \u2013 Suurk\u00f6\u00f6giseadmed restoranidele ja toitlustusele","article_modified_time":"2026-03-26T07:26:01+00:00","og_image":[{"width":1200,"height":1200,"url":"https:\/\/adexa.ee\/wp-content\/uploads\/2024\/12\/RST3.jpg","type":"image\/jpeg"}],"twitter_card":"summary_large_image","twitter_misc":{"Est. reading time":"1 minute"},"schema":{"@context":"https:\/\/schema.org","@graph":[{"@type":"WebPage","@id":"https:\/\/adexa.ee\/toode\/serveerimis-teenindus-karutostuk-roostevabast-terasest-3-kihiline-810x460x900mm-adexa-rst3b\/","url":"https:\/\/adexa.ee\/toode\/serveerimis-teenindus-karutostuk-roostevabast-terasest-3-kihiline-810x460x900mm-adexa-rst3b\/","name":"serveerimis-\/teenindus-\/k\u00e4rut\u00f5stuk Roostevabast terasest 3-kihiline 810x460x900mm | Adexa RST3B - Adexa \u2013 Suurk\u00f6\u00f6giseadmed restoranidele ja toitlustusele","isPartOf":{"@id":"https:\/\/adexa.ee\/#website"},"primaryImageOfPage":{"@id":"https:\/\/adexa.ee\/toode\/serveerimis-teenindus-karutostuk-roostevabast-terasest-3-kihiline-810x460x900mm-adexa-rst3b\/#primaryimage"},"image":{"@id":"https:\/\/adexa.ee\/toode\/serveerimis-teenindus-karutostuk-roostevabast-terasest-3-kihiline-810x460x900mm-adexa-rst3b\/#primaryimage"},"thumbnailUrl":"https:\/\/adexa.ee\/wp-content\/uploads\/2024\/12\/RST3.jpg","datePublished":"2026-03-26T07:25:59+00:00","dateModified":"2026-03-26T07:26:01+00:00","breadcrumb":{"@id":"https:\/\/adexa.ee\/toode\/serveerimis-teenindus-karutostuk-roostevabast-terasest-3-kihiline-810x460x900mm-adexa-rst3b\/#breadcrumb"},"inLanguage":"en-US","potentialAction":[{"@type":"ReadAction","target":["https:\/\/adexa.ee\/toode\/serveerimis-teenindus-karutostuk-roostevabast-terasest-3-kihiline-810x460x900mm-adexa-rst3b\/"]}]},{"@type":"ImageObject","inLanguage":"en-US","@id":"https:\/\/adexa.ee\/toode\/serveerimis-teenindus-karutostuk-roostevabast-terasest-3-kihiline-810x460x900mm-adexa-rst3b\/#primaryimage","url":"https:\/\/adexa.ee\/wp-content\/uploads\/2024\/12\/RST3.jpg","contentUrl":"https:\/\/adexa.ee\/wp-content\/uploads\/2024\/12\/RST3.jpg","width":1200,"height":1200},{"@type":"BreadcrumbList","@id":"https:\/\/adexa.ee\/toode\/serveerimis-teenindus-karutostuk-roostevabast-terasest-3-kihiline-810x460x900mm-adexa-rst3b\/#breadcrumb","itemListElement":[{"@type":"ListItem","position":1,"name":"Home","item":"https:\/\/adexa.ee\/"},{"@type":"ListItem","position":2,"name":"Tooted","item":"https:\/\/adexa.ee\/pood\/"},{"@type":"ListItem","position":3,"name":"serveerimis-\/teenindus-\/k\u00e4rut\u00f5stuk Roostevabast terasest 3-kihiline 810x460x900mm | Adexa RST3B"}]},{"@type":"WebSite","@id":"https:\/\/adexa.ee\/#website","url":"https:\/\/adexa.ee\/","name":"Adexa","description":"","publisher":{"@id":"https:\/\/adexa.ee\/#organization"},"potentialAction":[{"@type":"SearchAction","target":{"@type":"EntryPoint","urlTemplate":"https:\/\/adexa.ee\/?s={search_term_string}"},"query-input":{"@type":"PropertyValueSpecification","valueRequired":true,"valueName":"search_term_string"}}],"inLanguage":"en-US"},{"@type":"Organization","@id":"https:\/\/adexa.ee\/#organization","name":"Adexa","url":"https:\/\/adexa.ee\/","logo":{"@type":"ImageObject","inLanguage":"en-US","@id":"https:\/\/adexa.ee\/#\/schema\/logo\/image\/","url":"https:\/\/adexa.ee\/wp-content\/uploads\/2024\/04\/chef-cooks-working-in-professional-kitchen-2023-11-27-05-07-39-utc-scaled.jpg","contentUrl":"https:\/\/adexa.ee\/wp-content\/uploads\/2024\/04\/chef-cooks-working-in-professional-kitchen-2023-11-27-05-07-39-utc-scaled.jpg","width":2560,"height":1708,"caption":"Adexa"},"image":{"@id":"https:\/\/adexa.ee\/#\/schema\/logo\/image\/"}}]}},"_links":{"self":[{"href":"https:\/\/adexa.ee\/en\/wp-json\/wp\/v2\/product\/11608","targetHints":{"allow":["GET"]}}],"collection":[{"href":"https:\/\/adexa.ee\/en\/wp-json\/wp\/v2\/product"}],"about":[{"href":"https:\/\/adexa.ee\/en\/wp-json\/wp\/v2\/types\/product"}],"wp:featuredmedia":[{"embeddable":true,"href":"https:\/\/adexa.ee\/en\/wp-json\/wp\/v2\/media\/19075"}],"wp:attachment":[{"href":"https:\/\/adexa.ee\/en\/wp-json\/wp\/v2\/media?parent=11608"}],"wp:term":[{"taxonomy":"product_brand","embeddable":true,"href":"https:\/\/adexa.ee\/en\/wp-json\/wp\/v2\/product_brand?post=11608"},{"taxonomy":"product_cat","embeddable":true,"href":"https:\/\/adexa.ee\/en\/wp-json\/wp\/v2\/product_cat?post=11608"},{"taxonomy":"product_tag","embeddable":true,"href":"https:\/\/adexa.ee\/en\/wp-json\/wp\/v2\/product_tag?post=11608"}],"curies":[{"name":"wp","href":"https:\/\/api.w.org\/{rel}","templated":true}]}}