{"id":11626,"date":"2026-03-26T09:25:59","date_gmt":"2026-03-26T07:25:59","guid":{"rendered":"https:\/\/adexa.ee\/toode\/kokkupandav-roostevabast-terasest-toolaua-1000x600x850mm-adexa-fw4187645\/"},"modified":"2026-03-26T09:26:02","modified_gmt":"2026-03-26T07:26:02","slug":"kokkupandav-roostevabast-terasest-toolaud-1000x600x850mm-adexa-fw4187645","status":"publish","type":"product","link":"https:\/\/adexa.ee\/en\/toode\/kokkupandav-roostevabast-terasest-toolaud-1000x600x850mm-adexa-fw4187645\/","title":{"rendered":"Kokkupandav Roostevabast Terasest T\u00f6\u00f6laud 1000x600x850mm | Adexa FW4187645"},"content":{"rendered":"<p>See kommertskasutuseks m\u00f5eldud tugev kokkupandav laud sobib ideaalselt nii alaliseks k\u00f6\u00f6gis kasutamiseks kui ka v\u00e4litingimustes toitlustamiseks, pakkudes lisaruumi buffee serveerimiseks v\u00f5i toiduvalmistamiseks. Valmistatud k\u00f5rge kvaliteediga 304 roostevabast terasest, jalad 201 roostevabast terasest, need tugevad lauad pakuvad usaldusv\u00e4\u00e4rset kaasaskantavat pinda, mis on vastupidav ja kergesti puhastatav. Tugevad, vastupidavad ja praktilised lauad, kui vajate t\u00f6\u00f6pinda, mida saate kaasa v\u00f5tta. Kaasaskantav ja lihtne kokku panna, kasutamiseks k\u00f6\u00f6giosas v\u00f5i lisaruumi pakkumiseks. Ideaalne toiduvalmistamislauaks k\u00f6\u00f6gis v\u00f5i lisaruumiks toidu serveerimisel. T\u00e4psema teabe leiate jaotise alt &#8220;Spetsifikatsioon&#8221;.<\/p>\n<table style=\"border-collapse: collapse; width: 100%; text-align: left;\">\n<tbody>\n<tr>\n<td style=\"border: 1px solid #ddd; padding: 8px; width: 45%;\"><strong>S\u00fcgavus<\/strong><\/td>\n<td style=\"border: 1px solid #ddd; padding: 8px;\">600 mm<\/td>\n<\/tr>\n<tr>\n<td style=\"border: 1px solid #ddd; padding: 8px; width: 45%;\"><strong>K\u00f5rgus<\/strong><\/td>\n<td style=\"border: 1px solid #ddd; padding: 8px;\">850 mm<\/td>\n<\/tr>\n<tr>\n<td style=\"border: 1px solid #ddd; padding: 8px; width: 45%;\"><strong>Laius<\/strong><\/td>\n<td style=\"border: 1px solid #ddd; padding: 8px;\">1000 mm<\/td>\n<\/tr>\n<tr>\n<td style=\"border: 1px solid #ddd; padding: 8px; width: 45%;\"><strong>Kaal<\/strong><\/td>\n<td style=\"border: 1px solid #ddd; padding: 8px;\">14 kg<\/td>\n<\/tr>\n<tr>\n<td style=\"border: 1px solid #ddd; padding: 8px; width: 45%;\"><strong>Garantii<\/strong><\/td>\n<td style=\"border: 1px solid #ddd; padding: 8px;\">12 kuu varuosade garantii<\/td>\n<\/tr>\n<tr>\n<td style=\"border: 1px solid #ddd; padding: 8px; width: 45%;\"><strong>Materjal<\/strong><\/td>\n<td style=\"border: 1px solid #ddd; padding: 8px;\">Roostevaba teras<\/td>\n<\/tr>\n<\/tbody>\n<\/table>\n","protected":false},"excerpt":{"rendered":"<p>See kommertskasutuseks m\u00f5eldud tugev kokkupandav laud sobib ideaalselt nii alaliseks k\u00f6\u00f6gis kasutamiseks kui ka v\u00e4litingimustes toitlustamiseks, pakkudes lisaruumi buffee serveerimiseks<\/p>\n","protected":false},"featured_media":10835,"template":"","meta":[],"product_brand":[],"product_cat":[692,572,592],"product_tag":[],"class_list":{"0":"post-11626","1":"product","2":"type-product","3":"status-publish","4":"has-post-thumbnail","6":"product_cat-kokkupandavad-toolauad","7":"product_cat-roostevabad-tooted","8":"product_cat-toolauad","10":"first","11":"instock","12":"sale","13":"taxable","14":"shipping-taxable","15":"purchasable","16":"product-type-simple"},"yoast_head":"<!-- This site is optimized with the Yoast SEO plugin v27.3 - https:\/\/yoast.com\/product\/yoast-seo-wordpress\/ -->\n<title>Kokkupandav Roostevabast Terasest T\u00f6\u00f6laud 1000x600x850mm | Adexa FW4187645 - Adexa \u2013 Suurk\u00f6\u00f6giseadmed restoranidele ja toitlustusele<\/title>\n<meta name=\"robots\" content=\"index, follow, max-snippet:-1, max-image-preview:large, max-video-preview:-1\" \/>\n<link rel=\"canonical\" href=\"https:\/\/adexa.ee\/toode\/kokkupandav-roostevabast-terasest-toolaud-1000x600x850mm-adexa-fw4187645\/\" \/>\n<meta property=\"og:locale\" content=\"en_US\" \/>\n<meta property=\"og:type\" content=\"article\" \/>\n<meta property=\"og:title\" content=\"Kokkupandav Roostevabast Terasest T\u00f6\u00f6laud 1000x600x850mm | Adexa FW4187645 - Adexa \u2013 Suurk\u00f6\u00f6giseadmed restoranidele ja toitlustusele\" \/>\n<meta property=\"og:description\" content=\"See kommertskasutuseks m\u00f5eldud tugev kokkupandav laud sobib ideaalselt nii alaliseks k\u00f6\u00f6gis kasutamiseks kui ka v\u00e4litingimustes toitlustamiseks, pakkudes lisaruumi buffee serveerimiseks\" \/>\n<meta property=\"og:url\" content=\"https:\/\/adexa.ee\/toode\/kokkupandav-roostevabast-terasest-toolaud-1000x600x850mm-adexa-fw4187645\/\" \/>\n<meta property=\"og:site_name\" content=\"Adexa \u2013 Suurk\u00f6\u00f6giseadmed restoranidele ja toitlustusele\" \/>\n<meta property=\"article:modified_time\" content=\"2026-03-26T07:26:02+00:00\" \/>\n<meta property=\"og:image\" content=\"https:\/\/adexa.ee\/wp-content\/uploads\/2024\/12\/FW41876.jpg\" \/>\n\t<meta property=\"og:image:width\" content=\"1200\" \/>\n\t<meta property=\"og:image:height\" content=\"1200\" \/>\n\t<meta property=\"og:image:type\" content=\"image\/jpeg\" \/>\n<meta name=\"twitter:card\" content=\"summary_large_image\" \/>\n<meta name=\"twitter:label1\" content=\"Est. reading time\" \/>\n\t<meta name=\"twitter:data1\" content=\"1 minute\" \/>\n<script type=\"application\/ld+json\" class=\"yoast-schema-graph\">{\"@context\":\"https:\\\/\\\/schema.org\",\"@graph\":[{\"@type\":\"WebPage\",\"@id\":\"https:\\\/\\\/adexa.ee\\\/toode\\\/kokkupandav-roostevabast-terasest-toolaud-1000x600x850mm-adexa-fw4187645\\\/\",\"url\":\"https:\\\/\\\/adexa.ee\\\/toode\\\/kokkupandav-roostevabast-terasest-toolaud-1000x600x850mm-adexa-fw4187645\\\/\",\"name\":\"Kokkupandav Roostevabast Terasest T\u00f6\u00f6laud 1000x600x850mm | Adexa FW4187645 - Adexa \u2013 Suurk\u00f6\u00f6giseadmed restoranidele ja toitlustusele\",\"isPartOf\":{\"@id\":\"https:\\\/\\\/adexa.ee\\\/#website\"},\"primaryImageOfPage\":{\"@id\":\"https:\\\/\\\/adexa.ee\\\/toode\\\/kokkupandav-roostevabast-terasest-toolaud-1000x600x850mm-adexa-fw4187645\\\/#primaryimage\"},\"image\":{\"@id\":\"https:\\\/\\\/adexa.ee\\\/toode\\\/kokkupandav-roostevabast-terasest-toolaud-1000x600x850mm-adexa-fw4187645\\\/#primaryimage\"},\"thumbnailUrl\":\"https:\\\/\\\/adexa.ee\\\/wp-content\\\/uploads\\\/2024\\\/12\\\/FW41876.jpg\",\"datePublished\":\"2026-03-26T07:25:59+00:00\",\"dateModified\":\"2026-03-26T07:26:02+00:00\",\"breadcrumb\":{\"@id\":\"https:\\\/\\\/adexa.ee\\\/toode\\\/kokkupandav-roostevabast-terasest-toolaud-1000x600x850mm-adexa-fw4187645\\\/#breadcrumb\"},\"inLanguage\":\"en-US\",\"potentialAction\":[{\"@type\":\"ReadAction\",\"target\":[\"https:\\\/\\\/adexa.ee\\\/toode\\\/kokkupandav-roostevabast-terasest-toolaud-1000x600x850mm-adexa-fw4187645\\\/\"]}]},{\"@type\":\"ImageObject\",\"inLanguage\":\"en-US\",\"@id\":\"https:\\\/\\\/adexa.ee\\\/toode\\\/kokkupandav-roostevabast-terasest-toolaud-1000x600x850mm-adexa-fw4187645\\\/#primaryimage\",\"url\":\"https:\\\/\\\/adexa.ee\\\/wp-content\\\/uploads\\\/2024\\\/12\\\/FW41876.jpg\",\"contentUrl\":\"https:\\\/\\\/adexa.ee\\\/wp-content\\\/uploads\\\/2024\\\/12\\\/FW41876.jpg\",\"width\":1200,\"height\":1200},{\"@type\":\"BreadcrumbList\",\"@id\":\"https:\\\/\\\/adexa.ee\\\/toode\\\/kokkupandav-roostevabast-terasest-toolaud-1000x600x850mm-adexa-fw4187645\\\/#breadcrumb\",\"itemListElement\":[{\"@type\":\"ListItem\",\"position\":1,\"name\":\"Home\",\"item\":\"https:\\\/\\\/adexa.ee\\\/\"},{\"@type\":\"ListItem\",\"position\":2,\"name\":\"Tooted\",\"item\":\"https:\\\/\\\/adexa.ee\\\/pood\\\/\"},{\"@type\":\"ListItem\",\"position\":3,\"name\":\"Kokkupandav Roostevabast Terasest T\u00f6\u00f6laud 1000x600x850mm | Adexa FW4187645\"}]},{\"@type\":\"WebSite\",\"@id\":\"https:\\\/\\\/adexa.ee\\\/#website\",\"url\":\"https:\\\/\\\/adexa.ee\\\/\",\"name\":\"Adexa\",\"description\":\"\",\"publisher\":{\"@id\":\"https:\\\/\\\/adexa.ee\\\/#organization\"},\"potentialAction\":[{\"@type\":\"SearchAction\",\"target\":{\"@type\":\"EntryPoint\",\"urlTemplate\":\"https:\\\/\\\/adexa.ee\\\/?s={search_term_string}\"},\"query-input\":{\"@type\":\"PropertyValueSpecification\",\"valueRequired\":true,\"valueName\":\"search_term_string\"}}],\"inLanguage\":\"en-US\"},{\"@type\":\"Organization\",\"@id\":\"https:\\\/\\\/adexa.ee\\\/#organization\",\"name\":\"Adexa\",\"url\":\"https:\\\/\\\/adexa.ee\\\/\",\"logo\":{\"@type\":\"ImageObject\",\"inLanguage\":\"en-US\",\"@id\":\"https:\\\/\\\/adexa.ee\\\/#\\\/schema\\\/logo\\\/image\\\/\",\"url\":\"https:\\\/\\\/adexa.ee\\\/wp-content\\\/uploads\\\/2024\\\/04\\\/chef-cooks-working-in-professional-kitchen-2023-11-27-05-07-39-utc-scaled.jpg\",\"contentUrl\":\"https:\\\/\\\/adexa.ee\\\/wp-content\\\/uploads\\\/2024\\\/04\\\/chef-cooks-working-in-professional-kitchen-2023-11-27-05-07-39-utc-scaled.jpg\",\"width\":2560,\"height\":1708,\"caption\":\"Adexa\"},\"image\":{\"@id\":\"https:\\\/\\\/adexa.ee\\\/#\\\/schema\\\/logo\\\/image\\\/\"}}]}<\/script>\n<!-- \/ Yoast SEO plugin. -->","yoast_head_json":{"title":"Kokkupandav Roostevabast Terasest T\u00f6\u00f6laud 1000x600x850mm | Adexa FW4187645 - Adexa \u2013 Suurk\u00f6\u00f6giseadmed restoranidele ja toitlustusele","robots":{"index":"index","follow":"follow","max-snippet":"max-snippet:-1","max-image-preview":"max-image-preview:large","max-video-preview":"max-video-preview:-1"},"canonical":"https:\/\/adexa.ee\/toode\/kokkupandav-roostevabast-terasest-toolaud-1000x600x850mm-adexa-fw4187645\/","og_locale":"en_US","og_type":"article","og_title":"Kokkupandav Roostevabast Terasest T\u00f6\u00f6laud 1000x600x850mm | Adexa FW4187645 - Adexa \u2013 Suurk\u00f6\u00f6giseadmed restoranidele ja toitlustusele","og_description":"See kommertskasutuseks m\u00f5eldud tugev kokkupandav laud sobib ideaalselt nii alaliseks k\u00f6\u00f6gis kasutamiseks kui ka v\u00e4litingimustes toitlustamiseks, pakkudes lisaruumi buffee serveerimiseks","og_url":"https:\/\/adexa.ee\/toode\/kokkupandav-roostevabast-terasest-toolaud-1000x600x850mm-adexa-fw4187645\/","og_site_name":"Adexa \u2013 Suurk\u00f6\u00f6giseadmed restoranidele ja toitlustusele","article_modified_time":"2026-03-26T07:26:02+00:00","og_image":[{"width":1200,"height":1200,"url":"https:\/\/adexa.ee\/wp-content\/uploads\/2024\/12\/FW41876.jpg","type":"image\/jpeg"}],"twitter_card":"summary_large_image","twitter_misc":{"Est. reading time":"1 minute"},"schema":{"@context":"https:\/\/schema.org","@graph":[{"@type":"WebPage","@id":"https:\/\/adexa.ee\/toode\/kokkupandav-roostevabast-terasest-toolaud-1000x600x850mm-adexa-fw4187645\/","url":"https:\/\/adexa.ee\/toode\/kokkupandav-roostevabast-terasest-toolaud-1000x600x850mm-adexa-fw4187645\/","name":"Kokkupandav Roostevabast Terasest T\u00f6\u00f6laud 1000x600x850mm | Adexa FW4187645 - Adexa \u2013 Suurk\u00f6\u00f6giseadmed restoranidele ja toitlustusele","isPartOf":{"@id":"https:\/\/adexa.ee\/#website"},"primaryImageOfPage":{"@id":"https:\/\/adexa.ee\/toode\/kokkupandav-roostevabast-terasest-toolaud-1000x600x850mm-adexa-fw4187645\/#primaryimage"},"image":{"@id":"https:\/\/adexa.ee\/toode\/kokkupandav-roostevabast-terasest-toolaud-1000x600x850mm-adexa-fw4187645\/#primaryimage"},"thumbnailUrl":"https:\/\/adexa.ee\/wp-content\/uploads\/2024\/12\/FW41876.jpg","datePublished":"2026-03-26T07:25:59+00:00","dateModified":"2026-03-26T07:26:02+00:00","breadcrumb":{"@id":"https:\/\/adexa.ee\/toode\/kokkupandav-roostevabast-terasest-toolaud-1000x600x850mm-adexa-fw4187645\/#breadcrumb"},"inLanguage":"en-US","potentialAction":[{"@type":"ReadAction","target":["https:\/\/adexa.ee\/toode\/kokkupandav-roostevabast-terasest-toolaud-1000x600x850mm-adexa-fw4187645\/"]}]},{"@type":"ImageObject","inLanguage":"en-US","@id":"https:\/\/adexa.ee\/toode\/kokkupandav-roostevabast-terasest-toolaud-1000x600x850mm-adexa-fw4187645\/#primaryimage","url":"https:\/\/adexa.ee\/wp-content\/uploads\/2024\/12\/FW41876.jpg","contentUrl":"https:\/\/adexa.ee\/wp-content\/uploads\/2024\/12\/FW41876.jpg","width":1200,"height":1200},{"@type":"BreadcrumbList","@id":"https:\/\/adexa.ee\/toode\/kokkupandav-roostevabast-terasest-toolaud-1000x600x850mm-adexa-fw4187645\/#breadcrumb","itemListElement":[{"@type":"ListItem","position":1,"name":"Home","item":"https:\/\/adexa.ee\/"},{"@type":"ListItem","position":2,"name":"Tooted","item":"https:\/\/adexa.ee\/pood\/"},{"@type":"ListItem","position":3,"name":"Kokkupandav Roostevabast Terasest T\u00f6\u00f6laud 1000x600x850mm | Adexa FW4187645"}]},{"@type":"WebSite","@id":"https:\/\/adexa.ee\/#website","url":"https:\/\/adexa.ee\/","name":"Adexa","description":"","publisher":{"@id":"https:\/\/adexa.ee\/#organization"},"potentialAction":[{"@type":"SearchAction","target":{"@type":"EntryPoint","urlTemplate":"https:\/\/adexa.ee\/?s={search_term_string}"},"query-input":{"@type":"PropertyValueSpecification","valueRequired":true,"valueName":"search_term_string"}}],"inLanguage":"en-US"},{"@type":"Organization","@id":"https:\/\/adexa.ee\/#organization","name":"Adexa","url":"https:\/\/adexa.ee\/","logo":{"@type":"ImageObject","inLanguage":"en-US","@id":"https:\/\/adexa.ee\/#\/schema\/logo\/image\/","url":"https:\/\/adexa.ee\/wp-content\/uploads\/2024\/04\/chef-cooks-working-in-professional-kitchen-2023-11-27-05-07-39-utc-scaled.jpg","contentUrl":"https:\/\/adexa.ee\/wp-content\/uploads\/2024\/04\/chef-cooks-working-in-professional-kitchen-2023-11-27-05-07-39-utc-scaled.jpg","width":2560,"height":1708,"caption":"Adexa"},"image":{"@id":"https:\/\/adexa.ee\/#\/schema\/logo\/image\/"}}]}},"_links":{"self":[{"href":"https:\/\/adexa.ee\/en\/wp-json\/wp\/v2\/product\/11626","targetHints":{"allow":["GET"]}}],"collection":[{"href":"https:\/\/adexa.ee\/en\/wp-json\/wp\/v2\/product"}],"about":[{"href":"https:\/\/adexa.ee\/en\/wp-json\/wp\/v2\/types\/product"}],"wp:featuredmedia":[{"embeddable":true,"href":"https:\/\/adexa.ee\/en\/wp-json\/wp\/v2\/media\/10835"}],"wp:attachment":[{"href":"https:\/\/adexa.ee\/en\/wp-json\/wp\/v2\/media?parent=11626"}],"wp:term":[{"taxonomy":"product_brand","embeddable":true,"href":"https:\/\/adexa.ee\/en\/wp-json\/wp\/v2\/product_brand?post=11626"},{"taxonomy":"product_cat","embeddable":true,"href":"https:\/\/adexa.ee\/en\/wp-json\/wp\/v2\/product_cat?post=11626"},{"taxonomy":"product_tag","embeddable":true,"href":"https:\/\/adexa.ee\/en\/wp-json\/wp\/v2\/product_tag?post=11626"}],"curies":[{"name":"wp","href":"https:\/\/api.w.org\/{rel}","templated":true}]}}