{"id":11633,"date":"2026-03-29T17:35:30","date_gmt":"2026-03-29T14:35:30","guid":{"rendered":"https:\/\/adexa.ee\/toode\/kommertslik-vorstitopp-5-liitrine-roostevabast-terasest-vertikaalne-adexa-mx022v5l\/"},"modified":"2026-03-29T17:35:31","modified_gmt":"2026-03-29T14:35:31","slug":"vorstipustol-5-liitrine-roostevabast-terasest-vertikaalne-adexa-mx022v5l","status":"publish","type":"product","link":"https:\/\/adexa.ee\/en\/toode\/vorstipustol-5-liitrine-roostevabast-terasest-vertikaalne-adexa-mx022v5l\/","title":{"rendered":"Vorstip\u00fcstol 5-Liitrine Roostevabast Terasest Vertikaalne | Adexa Mx022V5L"},"content":{"rendered":"<p>T\u00e4ielikult roostevabast terasest professionaalne vorstit\u00e4idis, et luua ideaalne vorst kiiresti ja lihtsalt. Varustatud kahe t\u00e4itmiskiiruse s\u00fcsteemiga, lihtne kasutada ja kiire. Roostevabast terasest silinder. Roostevabast terasest k\u00fclgplaadid. Roostevabast terasest keermemutter. Roostevabast terasest kruvid. Rangelt vastavuses rahvusvaheliste h\u00fcgieenistandarditega. Lihtne puhastada.<\/p>\n<table style=\"border-collapse: collapse; width: 100%; text-align: left;\">\n<tbody>\n<tr>\n<td style=\"border: 1px solid #ddd; padding: 8px; width: 45%;\"><strong>S\u00fcgavus<\/strong><\/td>\n<td style=\"border: 1px solid #ddd; padding: 8px;\">300 mm<\/td>\n<\/tr>\n<tr>\n<td style=\"border: 1px solid #ddd; padding: 8px; width: 45%;\"><strong>K\u00f5rgus<\/strong><\/td>\n<td style=\"border: 1px solid #ddd; padding: 8px;\">300 mm<\/td>\n<\/tr>\n<tr>\n<td style=\"border: 1px solid #ddd; padding: 8px; width: 45%;\"><strong>Laius<\/strong><\/td>\n<td style=\"border: 1px solid #ddd; padding: 8px;\">640 mm<\/td>\n<\/tr>\n<tr>\n<td style=\"border: 1px solid #ddd; padding: 8px; width: 45%;\"><strong>Kaal<\/strong><\/td>\n<td style=\"border: 1px solid #ddd; padding: 8px;\">12 kg<\/td>\n<\/tr>\n<tr>\n<td style=\"border: 1px solid #ddd; padding: 8px; width: 45%;\"><strong>Garantii<\/strong><\/td>\n<td style=\"border: 1px solid #ddd; padding: 8px;\">12 kuu varuosade garantii<\/td>\n<\/tr>\n<tr>\n<td style=\"border: 1px solid #ddd; padding: 8px; width: 45%;\"><strong>Mahutavus<\/strong><\/td>\n<td style=\"border: 1px solid #ddd; padding: 8px;\">5 liitrit<\/td>\n<\/tr>\n<tr>\n<td style=\"border: 1px solid #ddd; padding: 8px; width: 45%;\"><strong>Materjal<\/strong><\/td>\n<td style=\"border: 1px solid #ddd; padding: 8px;\">Roostevaba teras<\/td>\n<\/tr>\n<tr>\n<td style=\"border: 1px solid #ddd; padding: 8px; width: 45%;\"><strong>Kaasas<\/strong><\/td>\n<td style=\"border: 1px solid #ddd; padding: 8px;\">4 vorstitrakti (\u00f816 mm, \u00f822 mm, \u00f832 mm, \u00f838 mm)<\/td>\n<\/tr>\n<\/tbody>\n<\/table>\n","protected":false},"excerpt":{"rendered":"<p>T\u00e4ielikult roostevabast terasest professionaalne vorstit\u00e4idis, et luua ideaalne vorst kiiresti ja lihtsalt. Varustatud kahe t\u00e4itmiskiiruse s\u00fcsteemiga, lihtne kasutada ja kiire.<\/p>\n","protected":false},"featured_media":11635,"template":"","meta":[],"product_brand":[],"product_cat":[714,569,809],"product_tag":[],"class_list":{"0":"post-11633","1":"product","2":"type-product","3":"status-publish","4":"has-post-thumbnail","6":"product_cat-ettevalmistus","7":"product_cat-lopumuuk","8":"product_cat-vorstipustolid-ja-muu","10":"first","11":"instock","12":"sale","13":"taxable","14":"shipping-taxable","15":"purchasable","16":"product-type-simple"},"yoast_head":"<!-- This site is optimized with the Yoast SEO plugin v27.3 - https:\/\/yoast.com\/product\/yoast-seo-wordpress\/ -->\n<title>Vorstip\u00fcstol 5-Liitrine Roostevabast Terasest Vertikaalne | Adexa Mx022V5L - Adexa \u2013 Suurk\u00f6\u00f6giseadmed restoranidele ja toitlustusele<\/title>\n<meta name=\"robots\" content=\"index, follow, max-snippet:-1, max-image-preview:large, max-video-preview:-1\" \/>\n<link rel=\"canonical\" href=\"https:\/\/adexa.ee\/toode\/vorstipustol-5-liitrine-roostevabast-terasest-vertikaalne-adexa-mx022v5l\/\" \/>\n<meta property=\"og:locale\" content=\"en_US\" \/>\n<meta property=\"og:type\" content=\"article\" \/>\n<meta property=\"og:title\" content=\"Vorstip\u00fcstol 5-Liitrine Roostevabast Terasest Vertikaalne | Adexa Mx022V5L - Adexa \u2013 Suurk\u00f6\u00f6giseadmed restoranidele ja toitlustusele\" \/>\n<meta property=\"og:description\" content=\"T\u00e4ielikult roostevabast terasest professionaalne vorstit\u00e4idis, et luua ideaalne vorst kiiresti ja lihtsalt. Varustatud kahe t\u00e4itmiskiiruse s\u00fcsteemiga, lihtne kasutada ja kiire.\" \/>\n<meta property=\"og:url\" content=\"https:\/\/adexa.ee\/toode\/vorstipustol-5-liitrine-roostevabast-terasest-vertikaalne-adexa-mx022v5l\/\" \/>\n<meta property=\"og:site_name\" content=\"Adexa \u2013 Suurk\u00f6\u00f6giseadmed restoranidele ja toitlustusele\" \/>\n<meta property=\"article:modified_time\" content=\"2026-03-29T14:35:31+00:00\" \/>\n<meta property=\"og:image\" content=\"https:\/\/adexa.ee\/wp-content\/uploads\/2024\/12\/MX022V-3L-5L.jpg\" \/>\n\t<meta property=\"og:image:width\" content=\"1400\" \/>\n\t<meta property=\"og:image:height\" content=\"1400\" \/>\n\t<meta property=\"og:image:type\" content=\"image\/jpeg\" \/>\n<meta name=\"twitter:card\" content=\"summary_large_image\" \/>\n<script type=\"application\/ld+json\" class=\"yoast-schema-graph\">{\"@context\":\"https:\\\/\\\/schema.org\",\"@graph\":[{\"@type\":\"WebPage\",\"@id\":\"https:\\\/\\\/adexa.ee\\\/toode\\\/vorstipustol-5-liitrine-roostevabast-terasest-vertikaalne-adexa-mx022v5l\\\/\",\"url\":\"https:\\\/\\\/adexa.ee\\\/toode\\\/vorstipustol-5-liitrine-roostevabast-terasest-vertikaalne-adexa-mx022v5l\\\/\",\"name\":\"Vorstip\u00fcstol 5-Liitrine Roostevabast Terasest Vertikaalne | Adexa Mx022V5L - Adexa \u2013 Suurk\u00f6\u00f6giseadmed restoranidele ja toitlustusele\",\"isPartOf\":{\"@id\":\"https:\\\/\\\/adexa.ee\\\/#website\"},\"primaryImageOfPage\":{\"@id\":\"https:\\\/\\\/adexa.ee\\\/toode\\\/vorstipustol-5-liitrine-roostevabast-terasest-vertikaalne-adexa-mx022v5l\\\/#primaryimage\"},\"image\":{\"@id\":\"https:\\\/\\\/adexa.ee\\\/toode\\\/vorstipustol-5-liitrine-roostevabast-terasest-vertikaalne-adexa-mx022v5l\\\/#primaryimage\"},\"thumbnailUrl\":\"https:\\\/\\\/adexa.ee\\\/wp-content\\\/uploads\\\/2024\\\/12\\\/MX022V-3L-5L.jpg\",\"datePublished\":\"2026-03-29T14:35:30+00:00\",\"dateModified\":\"2026-03-29T14:35:31+00:00\",\"breadcrumb\":{\"@id\":\"https:\\\/\\\/adexa.ee\\\/toode\\\/vorstipustol-5-liitrine-roostevabast-terasest-vertikaalne-adexa-mx022v5l\\\/#breadcrumb\"},\"inLanguage\":\"en-US\",\"potentialAction\":[{\"@type\":\"ReadAction\",\"target\":[\"https:\\\/\\\/adexa.ee\\\/toode\\\/vorstipustol-5-liitrine-roostevabast-terasest-vertikaalne-adexa-mx022v5l\\\/\"]}]},{\"@type\":\"ImageObject\",\"inLanguage\":\"en-US\",\"@id\":\"https:\\\/\\\/adexa.ee\\\/toode\\\/vorstipustol-5-liitrine-roostevabast-terasest-vertikaalne-adexa-mx022v5l\\\/#primaryimage\",\"url\":\"https:\\\/\\\/adexa.ee\\\/wp-content\\\/uploads\\\/2024\\\/12\\\/MX022V-3L-5L.jpg\",\"contentUrl\":\"https:\\\/\\\/adexa.ee\\\/wp-content\\\/uploads\\\/2024\\\/12\\\/MX022V-3L-5L.jpg\",\"width\":1400,\"height\":1400},{\"@type\":\"BreadcrumbList\",\"@id\":\"https:\\\/\\\/adexa.ee\\\/toode\\\/vorstipustol-5-liitrine-roostevabast-terasest-vertikaalne-adexa-mx022v5l\\\/#breadcrumb\",\"itemListElement\":[{\"@type\":\"ListItem\",\"position\":1,\"name\":\"Home\",\"item\":\"https:\\\/\\\/adexa.ee\\\/\"},{\"@type\":\"ListItem\",\"position\":2,\"name\":\"Tooted\",\"item\":\"https:\\\/\\\/adexa.ee\\\/pood\\\/\"},{\"@type\":\"ListItem\",\"position\":3,\"name\":\"Vorstip\u00fcstol 5-Liitrine Roostevabast Terasest Vertikaalne | Adexa Mx022V5L\"}]},{\"@type\":\"WebSite\",\"@id\":\"https:\\\/\\\/adexa.ee\\\/#website\",\"url\":\"https:\\\/\\\/adexa.ee\\\/\",\"name\":\"Adexa\",\"description\":\"\",\"publisher\":{\"@id\":\"https:\\\/\\\/adexa.ee\\\/#organization\"},\"potentialAction\":[{\"@type\":\"SearchAction\",\"target\":{\"@type\":\"EntryPoint\",\"urlTemplate\":\"https:\\\/\\\/adexa.ee\\\/?s={search_term_string}\"},\"query-input\":{\"@type\":\"PropertyValueSpecification\",\"valueRequired\":true,\"valueName\":\"search_term_string\"}}],\"inLanguage\":\"en-US\"},{\"@type\":\"Organization\",\"@id\":\"https:\\\/\\\/adexa.ee\\\/#organization\",\"name\":\"Adexa\",\"url\":\"https:\\\/\\\/adexa.ee\\\/\",\"logo\":{\"@type\":\"ImageObject\",\"inLanguage\":\"en-US\",\"@id\":\"https:\\\/\\\/adexa.ee\\\/#\\\/schema\\\/logo\\\/image\\\/\",\"url\":\"https:\\\/\\\/adexa.ee\\\/wp-content\\\/uploads\\\/2024\\\/04\\\/chef-cooks-working-in-professional-kitchen-2023-11-27-05-07-39-utc-scaled.jpg\",\"contentUrl\":\"https:\\\/\\\/adexa.ee\\\/wp-content\\\/uploads\\\/2024\\\/04\\\/chef-cooks-working-in-professional-kitchen-2023-11-27-05-07-39-utc-scaled.jpg\",\"width\":2560,\"height\":1708,\"caption\":\"Adexa\"},\"image\":{\"@id\":\"https:\\\/\\\/adexa.ee\\\/#\\\/schema\\\/logo\\\/image\\\/\"}}]}<\/script>\n<!-- \/ Yoast SEO plugin. -->","yoast_head_json":{"title":"Vorstip\u00fcstol 5-Liitrine Roostevabast Terasest Vertikaalne | Adexa Mx022V5L - Adexa \u2013 Suurk\u00f6\u00f6giseadmed restoranidele ja toitlustusele","robots":{"index":"index","follow":"follow","max-snippet":"max-snippet:-1","max-image-preview":"max-image-preview:large","max-video-preview":"max-video-preview:-1"},"canonical":"https:\/\/adexa.ee\/toode\/vorstipustol-5-liitrine-roostevabast-terasest-vertikaalne-adexa-mx022v5l\/","og_locale":"en_US","og_type":"article","og_title":"Vorstip\u00fcstol 5-Liitrine Roostevabast Terasest Vertikaalne | Adexa Mx022V5L - Adexa \u2013 Suurk\u00f6\u00f6giseadmed restoranidele ja toitlustusele","og_description":"T\u00e4ielikult roostevabast terasest professionaalne vorstit\u00e4idis, et luua ideaalne vorst kiiresti ja lihtsalt. Varustatud kahe t\u00e4itmiskiiruse s\u00fcsteemiga, lihtne kasutada ja kiire.","og_url":"https:\/\/adexa.ee\/toode\/vorstipustol-5-liitrine-roostevabast-terasest-vertikaalne-adexa-mx022v5l\/","og_site_name":"Adexa \u2013 Suurk\u00f6\u00f6giseadmed restoranidele ja toitlustusele","article_modified_time":"2026-03-29T14:35:31+00:00","og_image":[{"width":1400,"height":1400,"url":"https:\/\/adexa.ee\/wp-content\/uploads\/2024\/12\/MX022V-3L-5L.jpg","type":"image\/jpeg"}],"twitter_card":"summary_large_image","schema":{"@context":"https:\/\/schema.org","@graph":[{"@type":"WebPage","@id":"https:\/\/adexa.ee\/toode\/vorstipustol-5-liitrine-roostevabast-terasest-vertikaalne-adexa-mx022v5l\/","url":"https:\/\/adexa.ee\/toode\/vorstipustol-5-liitrine-roostevabast-terasest-vertikaalne-adexa-mx022v5l\/","name":"Vorstip\u00fcstol 5-Liitrine Roostevabast Terasest Vertikaalne | Adexa Mx022V5L - Adexa \u2013 Suurk\u00f6\u00f6giseadmed restoranidele ja toitlustusele","isPartOf":{"@id":"https:\/\/adexa.ee\/#website"},"primaryImageOfPage":{"@id":"https:\/\/adexa.ee\/toode\/vorstipustol-5-liitrine-roostevabast-terasest-vertikaalne-adexa-mx022v5l\/#primaryimage"},"image":{"@id":"https:\/\/adexa.ee\/toode\/vorstipustol-5-liitrine-roostevabast-terasest-vertikaalne-adexa-mx022v5l\/#primaryimage"},"thumbnailUrl":"https:\/\/adexa.ee\/wp-content\/uploads\/2024\/12\/MX022V-3L-5L.jpg","datePublished":"2026-03-29T14:35:30+00:00","dateModified":"2026-03-29T14:35:31+00:00","breadcrumb":{"@id":"https:\/\/adexa.ee\/toode\/vorstipustol-5-liitrine-roostevabast-terasest-vertikaalne-adexa-mx022v5l\/#breadcrumb"},"inLanguage":"en-US","potentialAction":[{"@type":"ReadAction","target":["https:\/\/adexa.ee\/toode\/vorstipustol-5-liitrine-roostevabast-terasest-vertikaalne-adexa-mx022v5l\/"]}]},{"@type":"ImageObject","inLanguage":"en-US","@id":"https:\/\/adexa.ee\/toode\/vorstipustol-5-liitrine-roostevabast-terasest-vertikaalne-adexa-mx022v5l\/#primaryimage","url":"https:\/\/adexa.ee\/wp-content\/uploads\/2024\/12\/MX022V-3L-5L.jpg","contentUrl":"https:\/\/adexa.ee\/wp-content\/uploads\/2024\/12\/MX022V-3L-5L.jpg","width":1400,"height":1400},{"@type":"BreadcrumbList","@id":"https:\/\/adexa.ee\/toode\/vorstipustol-5-liitrine-roostevabast-terasest-vertikaalne-adexa-mx022v5l\/#breadcrumb","itemListElement":[{"@type":"ListItem","position":1,"name":"Home","item":"https:\/\/adexa.ee\/"},{"@type":"ListItem","position":2,"name":"Tooted","item":"https:\/\/adexa.ee\/pood\/"},{"@type":"ListItem","position":3,"name":"Vorstip\u00fcstol 5-Liitrine Roostevabast Terasest Vertikaalne | Adexa Mx022V5L"}]},{"@type":"WebSite","@id":"https:\/\/adexa.ee\/#website","url":"https:\/\/adexa.ee\/","name":"Adexa","description":"","publisher":{"@id":"https:\/\/adexa.ee\/#organization"},"potentialAction":[{"@type":"SearchAction","target":{"@type":"EntryPoint","urlTemplate":"https:\/\/adexa.ee\/?s={search_term_string}"},"query-input":{"@type":"PropertyValueSpecification","valueRequired":true,"valueName":"search_term_string"}}],"inLanguage":"en-US"},{"@type":"Organization","@id":"https:\/\/adexa.ee\/#organization","name":"Adexa","url":"https:\/\/adexa.ee\/","logo":{"@type":"ImageObject","inLanguage":"en-US","@id":"https:\/\/adexa.ee\/#\/schema\/logo\/image\/","url":"https:\/\/adexa.ee\/wp-content\/uploads\/2024\/04\/chef-cooks-working-in-professional-kitchen-2023-11-27-05-07-39-utc-scaled.jpg","contentUrl":"https:\/\/adexa.ee\/wp-content\/uploads\/2024\/04\/chef-cooks-working-in-professional-kitchen-2023-11-27-05-07-39-utc-scaled.jpg","width":2560,"height":1708,"caption":"Adexa"},"image":{"@id":"https:\/\/adexa.ee\/#\/schema\/logo\/image\/"}}]}},"_links":{"self":[{"href":"https:\/\/adexa.ee\/en\/wp-json\/wp\/v2\/product\/11633","targetHints":{"allow":["GET"]}}],"collection":[{"href":"https:\/\/adexa.ee\/en\/wp-json\/wp\/v2\/product"}],"about":[{"href":"https:\/\/adexa.ee\/en\/wp-json\/wp\/v2\/types\/product"}],"wp:featuredmedia":[{"embeddable":true,"href":"https:\/\/adexa.ee\/en\/wp-json\/wp\/v2\/media\/11635"}],"wp:attachment":[{"href":"https:\/\/adexa.ee\/en\/wp-json\/wp\/v2\/media?parent=11633"}],"wp:term":[{"taxonomy":"product_brand","embeddable":true,"href":"https:\/\/adexa.ee\/en\/wp-json\/wp\/v2\/product_brand?post=11633"},{"taxonomy":"product_cat","embeddable":true,"href":"https:\/\/adexa.ee\/en\/wp-json\/wp\/v2\/product_cat?post=11633"},{"taxonomy":"product_tag","embeddable":true,"href":"https:\/\/adexa.ee\/en\/wp-json\/wp\/v2\/product_tag?post=11633"}],"curies":[{"name":"wp","href":"https:\/\/api.w.org\/{rel}","templated":true}]}}