{"id":11676,"date":"2026-03-26T09:35:02","date_gmt":"2026-03-26T07:35:02","guid":{"rendered":"https:\/\/adexa.ee\/toode\/kommertsiaalne-grillplaat-sile-triibuline-730x500x230mm-4-4-kw-elektriline-adexa-ft822\/"},"modified":"2026-03-26T09:35:06","modified_gmt":"2026-03-26T07:35:06","slug":"grillplaat-sile-triibuline-730x500x230mm-4-4-kw-elektriline-adexa-ft822","status":"publish","type":"product","link":"https:\/\/adexa.ee\/en\/toode\/grillplaat-sile-triibuline-730x500x230mm-4-4-kw-elektriline-adexa-ft822\/","title":{"rendered":"Grillplaat Sile\/Triibuline 730X500X230Mm 4.4 Kw Elektriline | Adexa Ft822"},"content":{"rendered":"<p>See professionaalne grillplaat on loodud silmas pidades kasutusmugavust \u2013 lihtsad juhtnupud ja vastupidavast, k\u00f5rgekvaliteedilisest roostevabast terasest konstruktsioon. Grillplaat suudab kuumeneda kuni 300\u00b0C-ni, pakkudes suurt 728mm x 400mm k\u00fcpsetuspinda 4000W v\u00f5imsusega, olles suurep\u00e4rane t\u00f6\u00f6vahend kommertsk\u00f6\u00f6kidele. Mudelil on pool siledat ja pool triibulist\/juhtega k\u00fcpsetuspinda. Poleeritud kerge terasplaat (10mm paksune), roostevabast terasest k\u00fctteelement. Praktiliste omaduste hulka kuuluvad pritsmekaitse, libisemisvastased jalad ja jahedalt puudutav Bakeliit nupp &#8211; millest k\u00f5ik optimeerivad grillplaadi ohutust ja funktsionaalsust. Temperatuurivahemik 50-300\u00b0C. Suur roostevabast terasest \u00f5likogur k\u00e4epidemega lihtsaks k\u00e4sitsemiseks. \u00dcksikasjalikku teavet leiate jaotisest &#8220;Spetsifikatsioonid.&#8221;<\/p>\n<table style=\"border-collapse: collapse; width: 100%; text-align: left;\">\n<tbody>\n<tr>\n<td style=\"border: 1px solid #ddd; padding: 8px; width: 45%;\"><strong>S\u00fcgavus<\/strong><\/td>\n<td style=\"border: 1px solid #ddd; padding: 8px;\">500 mm<\/td>\n<\/tr>\n<tr>\n<td style=\"border: 1px solid #ddd; padding: 8px; width: 45%;\"><strong>K\u00f5rgus<\/strong><\/td>\n<td style=\"border: 1px solid #ddd; padding: 8px;\">230 mm<\/td>\n<\/tr>\n<tr>\n<td style=\"border: 1px solid #ddd; padding: 8px; width: 45%;\"><strong>Laius<\/strong><\/td>\n<td style=\"border: 1px solid #ddd; padding: 8px;\">730 mm<\/td>\n<\/tr>\n<tr>\n<td style=\"border: 1px solid #ddd; padding: 8px; width: 45%;\"><strong>Kaal<\/strong><\/td>\n<td style=\"border: 1px solid #ddd; padding: 8px;\">34 kg<\/td>\n<\/tr>\n<tr>\n<td style=\"border: 1px solid #ddd; padding: 8px; width: 45%;\"><strong>Garantii<\/strong><\/td>\n<td style=\"border: 1px solid #ddd; padding: 8px;\">12 kuu varuosade garantii<\/td>\n<\/tr>\n<tr>\n<td style=\"border: 1px solid #ddd; padding: 8px; width: 45%;\"><strong>Versioon<\/strong><\/td>\n<td style=\"border: 1px solid #ddd; padding: 8px;\">Sile\/triibuline<\/td>\n<\/tr>\n<tr>\n<td style=\"border: 1px solid #ddd; padding: 8px; width: 45%;\"><strong>Toiteallikas<\/strong><\/td>\n<td style=\"border: 1px solid #ddd; padding: 8px;\">230V \/ 1 faas<\/td>\n<\/tr>\n<tr>\n<td style=\"border: 1px solid #ddd; padding: 8px; width: 45%;\"><strong>Materjal<\/strong><\/td>\n<td style=\"border: 1px solid #ddd; padding: 8px;\">Roostevaba teras<\/td>\n<\/tr>\n<tr>\n<td style=\"border: 1px solid #ddd; padding: 8px; width: 45%;\"><strong>Temperatuur<\/strong><\/td>\n<td style=\"border: 1px solid #ddd; padding: 8px;\">Kuni +300\u00b0C<\/td>\n<\/tr>\n<\/tbody>\n<\/table>\n","protected":false},"excerpt":{"rendered":"<p>See professionaalne grillplaat on loodud silmas pidades kasutusmugavust \u2013 lihtsad juhtnupud ja vastupidavast, k\u00f5rgekvaliteedilisest roostevabast terasest konstruktsioon. Grillplaat suudab kuumeneda<\/p>\n","protected":false},"featured_media":11678,"template":"","meta":[],"product_brand":[],"product_cat":[591,590,589,557,588,569],"product_tag":[],"class_list":{"0":"post-11676","1":"product","2":"type-product","3":"status-publish","4":"has-post-thumbnail","6":"product_cat-elektrilised","7":"product_cat-grillplaadid-kupsetusseadmed","8":"product_cat-grillplaadid","9":"product_cat-kupsetusseadmed","10":"product_cat-kuumseadmed","11":"product_cat-lopumuuk","13":"first","14":"instock","15":"sale","16":"taxable","17":"shipping-taxable","18":"purchasable","19":"product-type-simple"},"yoast_head":"<!-- This site is optimized with the Yoast SEO plugin v27.3 - https:\/\/yoast.com\/product\/yoast-seo-wordpress\/ -->\n<title>Grillplaat Sile\/Triibuline 730X500X230Mm 4.4 Kw Elektriline | Adexa Ft822 - Adexa \u2013 Suurk\u00f6\u00f6giseadmed restoranidele ja toitlustusele<\/title>\n<meta name=\"robots\" content=\"index, follow, max-snippet:-1, max-image-preview:large, max-video-preview:-1\" \/>\n<link rel=\"canonical\" href=\"https:\/\/adexa.ee\/toode\/grillplaat-sile-triibuline-730x500x230mm-4-4-kw-elektriline-adexa-ft822\/\" \/>\n<meta property=\"og:locale\" content=\"en_US\" \/>\n<meta property=\"og:type\" content=\"article\" \/>\n<meta property=\"og:title\" content=\"Grillplaat Sile\/Triibuline 730X500X230Mm 4.4 Kw Elektriline | Adexa Ft822 - Adexa \u2013 Suurk\u00f6\u00f6giseadmed restoranidele ja toitlustusele\" \/>\n<meta property=\"og:description\" content=\"See professionaalne grillplaat on loodud silmas pidades kasutusmugavust \u2013 lihtsad juhtnupud ja vastupidavast, k\u00f5rgekvaliteedilisest roostevabast terasest konstruktsioon. Grillplaat suudab kuumeneda\" \/>\n<meta property=\"og:url\" content=\"https:\/\/adexa.ee\/toode\/grillplaat-sile-triibuline-730x500x230mm-4-4-kw-elektriline-adexa-ft822\/\" \/>\n<meta property=\"og:site_name\" content=\"Adexa \u2013 Suurk\u00f6\u00f6giseadmed restoranidele ja toitlustusele\" \/>\n<meta property=\"article:modified_time\" content=\"2026-03-26T07:35:06+00:00\" \/>\n<meta property=\"og:image\" content=\"https:\/\/adexa.ee\/wp-content\/uploads\/2024\/12\/FT822-1.jpg\" \/>\n\t<meta property=\"og:image:width\" content=\"1500\" \/>\n\t<meta property=\"og:image:height\" content=\"1500\" \/>\n\t<meta property=\"og:image:type\" content=\"image\/jpeg\" \/>\n<meta name=\"twitter:card\" content=\"summary_large_image\" \/>\n<meta name=\"twitter:label1\" content=\"Est. reading time\" \/>\n\t<meta name=\"twitter:data1\" content=\"1 minute\" \/>\n<script type=\"application\/ld+json\" class=\"yoast-schema-graph\">{\"@context\":\"https:\\\/\\\/schema.org\",\"@graph\":[{\"@type\":\"WebPage\",\"@id\":\"https:\\\/\\\/adexa.ee\\\/toode\\\/grillplaat-sile-triibuline-730x500x230mm-4-4-kw-elektriline-adexa-ft822\\\/\",\"url\":\"https:\\\/\\\/adexa.ee\\\/toode\\\/grillplaat-sile-triibuline-730x500x230mm-4-4-kw-elektriline-adexa-ft822\\\/\",\"name\":\"Grillplaat Sile\\\/Triibuline 730X500X230Mm 4.4 Kw Elektriline | Adexa Ft822 - Adexa \u2013 Suurk\u00f6\u00f6giseadmed restoranidele ja toitlustusele\",\"isPartOf\":{\"@id\":\"https:\\\/\\\/adexa.ee\\\/#website\"},\"primaryImageOfPage\":{\"@id\":\"https:\\\/\\\/adexa.ee\\\/toode\\\/grillplaat-sile-triibuline-730x500x230mm-4-4-kw-elektriline-adexa-ft822\\\/#primaryimage\"},\"image\":{\"@id\":\"https:\\\/\\\/adexa.ee\\\/toode\\\/grillplaat-sile-triibuline-730x500x230mm-4-4-kw-elektriline-adexa-ft822\\\/#primaryimage\"},\"thumbnailUrl\":\"https:\\\/\\\/adexa.ee\\\/wp-content\\\/uploads\\\/2024\\\/12\\\/FT822-1.jpg\",\"datePublished\":\"2026-03-26T07:35:02+00:00\",\"dateModified\":\"2026-03-26T07:35:06+00:00\",\"breadcrumb\":{\"@id\":\"https:\\\/\\\/adexa.ee\\\/toode\\\/grillplaat-sile-triibuline-730x500x230mm-4-4-kw-elektriline-adexa-ft822\\\/#breadcrumb\"},\"inLanguage\":\"en-US\",\"potentialAction\":[{\"@type\":\"ReadAction\",\"target\":[\"https:\\\/\\\/adexa.ee\\\/toode\\\/grillplaat-sile-triibuline-730x500x230mm-4-4-kw-elektriline-adexa-ft822\\\/\"]}]},{\"@type\":\"ImageObject\",\"inLanguage\":\"en-US\",\"@id\":\"https:\\\/\\\/adexa.ee\\\/toode\\\/grillplaat-sile-triibuline-730x500x230mm-4-4-kw-elektriline-adexa-ft822\\\/#primaryimage\",\"url\":\"https:\\\/\\\/adexa.ee\\\/wp-content\\\/uploads\\\/2024\\\/12\\\/FT822-1.jpg\",\"contentUrl\":\"https:\\\/\\\/adexa.ee\\\/wp-content\\\/uploads\\\/2024\\\/12\\\/FT822-1.jpg\",\"width\":1500,\"height\":1500},{\"@type\":\"BreadcrumbList\",\"@id\":\"https:\\\/\\\/adexa.ee\\\/toode\\\/grillplaat-sile-triibuline-730x500x230mm-4-4-kw-elektriline-adexa-ft822\\\/#breadcrumb\",\"itemListElement\":[{\"@type\":\"ListItem\",\"position\":1,\"name\":\"Home\",\"item\":\"https:\\\/\\\/adexa.ee\\\/\"},{\"@type\":\"ListItem\",\"position\":2,\"name\":\"Tooted\",\"item\":\"https:\\\/\\\/adexa.ee\\\/pood\\\/\"},{\"@type\":\"ListItem\",\"position\":3,\"name\":\"Grillplaat Sile\\\/Triibuline 730X500X230Mm 4.4 Kw Elektriline | Adexa Ft822\"}]},{\"@type\":\"WebSite\",\"@id\":\"https:\\\/\\\/adexa.ee\\\/#website\",\"url\":\"https:\\\/\\\/adexa.ee\\\/\",\"name\":\"Adexa\",\"description\":\"\",\"publisher\":{\"@id\":\"https:\\\/\\\/adexa.ee\\\/#organization\"},\"potentialAction\":[{\"@type\":\"SearchAction\",\"target\":{\"@type\":\"EntryPoint\",\"urlTemplate\":\"https:\\\/\\\/adexa.ee\\\/?s={search_term_string}\"},\"query-input\":{\"@type\":\"PropertyValueSpecification\",\"valueRequired\":true,\"valueName\":\"search_term_string\"}}],\"inLanguage\":\"en-US\"},{\"@type\":\"Organization\",\"@id\":\"https:\\\/\\\/adexa.ee\\\/#organization\",\"name\":\"Adexa\",\"url\":\"https:\\\/\\\/adexa.ee\\\/\",\"logo\":{\"@type\":\"ImageObject\",\"inLanguage\":\"en-US\",\"@id\":\"https:\\\/\\\/adexa.ee\\\/#\\\/schema\\\/logo\\\/image\\\/\",\"url\":\"https:\\\/\\\/adexa.ee\\\/wp-content\\\/uploads\\\/2024\\\/04\\\/chef-cooks-working-in-professional-kitchen-2023-11-27-05-07-39-utc-scaled.jpg\",\"contentUrl\":\"https:\\\/\\\/adexa.ee\\\/wp-content\\\/uploads\\\/2024\\\/04\\\/chef-cooks-working-in-professional-kitchen-2023-11-27-05-07-39-utc-scaled.jpg\",\"width\":2560,\"height\":1708,\"caption\":\"Adexa\"},\"image\":{\"@id\":\"https:\\\/\\\/adexa.ee\\\/#\\\/schema\\\/logo\\\/image\\\/\"}}]}<\/script>\n<!-- \/ Yoast SEO plugin. -->","yoast_head_json":{"title":"Grillplaat Sile\/Triibuline 730X500X230Mm 4.4 Kw Elektriline | Adexa Ft822 - Adexa \u2013 Suurk\u00f6\u00f6giseadmed restoranidele ja toitlustusele","robots":{"index":"index","follow":"follow","max-snippet":"max-snippet:-1","max-image-preview":"max-image-preview:large","max-video-preview":"max-video-preview:-1"},"canonical":"https:\/\/adexa.ee\/toode\/grillplaat-sile-triibuline-730x500x230mm-4-4-kw-elektriline-adexa-ft822\/","og_locale":"en_US","og_type":"article","og_title":"Grillplaat Sile\/Triibuline 730X500X230Mm 4.4 Kw Elektriline | Adexa Ft822 - Adexa \u2013 Suurk\u00f6\u00f6giseadmed restoranidele ja toitlustusele","og_description":"See professionaalne grillplaat on loodud silmas pidades kasutusmugavust \u2013 lihtsad juhtnupud ja vastupidavast, k\u00f5rgekvaliteedilisest roostevabast terasest konstruktsioon. Grillplaat suudab kuumeneda","og_url":"https:\/\/adexa.ee\/toode\/grillplaat-sile-triibuline-730x500x230mm-4-4-kw-elektriline-adexa-ft822\/","og_site_name":"Adexa \u2013 Suurk\u00f6\u00f6giseadmed restoranidele ja toitlustusele","article_modified_time":"2026-03-26T07:35:06+00:00","og_image":[{"width":1500,"height":1500,"url":"https:\/\/adexa.ee\/wp-content\/uploads\/2024\/12\/FT822-1.jpg","type":"image\/jpeg"}],"twitter_card":"summary_large_image","twitter_misc":{"Est. reading time":"1 minute"},"schema":{"@context":"https:\/\/schema.org","@graph":[{"@type":"WebPage","@id":"https:\/\/adexa.ee\/toode\/grillplaat-sile-triibuline-730x500x230mm-4-4-kw-elektriline-adexa-ft822\/","url":"https:\/\/adexa.ee\/toode\/grillplaat-sile-triibuline-730x500x230mm-4-4-kw-elektriline-adexa-ft822\/","name":"Grillplaat Sile\/Triibuline 730X500X230Mm 4.4 Kw Elektriline | Adexa Ft822 - Adexa \u2013 Suurk\u00f6\u00f6giseadmed restoranidele ja toitlustusele","isPartOf":{"@id":"https:\/\/adexa.ee\/#website"},"primaryImageOfPage":{"@id":"https:\/\/adexa.ee\/toode\/grillplaat-sile-triibuline-730x500x230mm-4-4-kw-elektriline-adexa-ft822\/#primaryimage"},"image":{"@id":"https:\/\/adexa.ee\/toode\/grillplaat-sile-triibuline-730x500x230mm-4-4-kw-elektriline-adexa-ft822\/#primaryimage"},"thumbnailUrl":"https:\/\/adexa.ee\/wp-content\/uploads\/2024\/12\/FT822-1.jpg","datePublished":"2026-03-26T07:35:02+00:00","dateModified":"2026-03-26T07:35:06+00:00","breadcrumb":{"@id":"https:\/\/adexa.ee\/toode\/grillplaat-sile-triibuline-730x500x230mm-4-4-kw-elektriline-adexa-ft822\/#breadcrumb"},"inLanguage":"en-US","potentialAction":[{"@type":"ReadAction","target":["https:\/\/adexa.ee\/toode\/grillplaat-sile-triibuline-730x500x230mm-4-4-kw-elektriline-adexa-ft822\/"]}]},{"@type":"ImageObject","inLanguage":"en-US","@id":"https:\/\/adexa.ee\/toode\/grillplaat-sile-triibuline-730x500x230mm-4-4-kw-elektriline-adexa-ft822\/#primaryimage","url":"https:\/\/adexa.ee\/wp-content\/uploads\/2024\/12\/FT822-1.jpg","contentUrl":"https:\/\/adexa.ee\/wp-content\/uploads\/2024\/12\/FT822-1.jpg","width":1500,"height":1500},{"@type":"BreadcrumbList","@id":"https:\/\/adexa.ee\/toode\/grillplaat-sile-triibuline-730x500x230mm-4-4-kw-elektriline-adexa-ft822\/#breadcrumb","itemListElement":[{"@type":"ListItem","position":1,"name":"Home","item":"https:\/\/adexa.ee\/"},{"@type":"ListItem","position":2,"name":"Tooted","item":"https:\/\/adexa.ee\/pood\/"},{"@type":"ListItem","position":3,"name":"Grillplaat Sile\/Triibuline 730X500X230Mm 4.4 Kw Elektriline | Adexa Ft822"}]},{"@type":"WebSite","@id":"https:\/\/adexa.ee\/#website","url":"https:\/\/adexa.ee\/","name":"Adexa","description":"","publisher":{"@id":"https:\/\/adexa.ee\/#organization"},"potentialAction":[{"@type":"SearchAction","target":{"@type":"EntryPoint","urlTemplate":"https:\/\/adexa.ee\/?s={search_term_string}"},"query-input":{"@type":"PropertyValueSpecification","valueRequired":true,"valueName":"search_term_string"}}],"inLanguage":"en-US"},{"@type":"Organization","@id":"https:\/\/adexa.ee\/#organization","name":"Adexa","url":"https:\/\/adexa.ee\/","logo":{"@type":"ImageObject","inLanguage":"en-US","@id":"https:\/\/adexa.ee\/#\/schema\/logo\/image\/","url":"https:\/\/adexa.ee\/wp-content\/uploads\/2024\/04\/chef-cooks-working-in-professional-kitchen-2023-11-27-05-07-39-utc-scaled.jpg","contentUrl":"https:\/\/adexa.ee\/wp-content\/uploads\/2024\/04\/chef-cooks-working-in-professional-kitchen-2023-11-27-05-07-39-utc-scaled.jpg","width":2560,"height":1708,"caption":"Adexa"},"image":{"@id":"https:\/\/adexa.ee\/#\/schema\/logo\/image\/"}}]}},"_links":{"self":[{"href":"https:\/\/adexa.ee\/en\/wp-json\/wp\/v2\/product\/11676","targetHints":{"allow":["GET"]}}],"collection":[{"href":"https:\/\/adexa.ee\/en\/wp-json\/wp\/v2\/product"}],"about":[{"href":"https:\/\/adexa.ee\/en\/wp-json\/wp\/v2\/types\/product"}],"wp:featuredmedia":[{"embeddable":true,"href":"https:\/\/adexa.ee\/en\/wp-json\/wp\/v2\/media\/11678"}],"wp:attachment":[{"href":"https:\/\/adexa.ee\/en\/wp-json\/wp\/v2\/media?parent=11676"}],"wp:term":[{"taxonomy":"product_brand","embeddable":true,"href":"https:\/\/adexa.ee\/en\/wp-json\/wp\/v2\/product_brand?post=11676"},{"taxonomy":"product_cat","embeddable":true,"href":"https:\/\/adexa.ee\/en\/wp-json\/wp\/v2\/product_cat?post=11676"},{"taxonomy":"product_tag","embeddable":true,"href":"https:\/\/adexa.ee\/en\/wp-json\/wp\/v2\/product_tag?post=11676"}],"curies":[{"name":"wp","href":"https:\/\/api.w.org\/{rel}","templated":true}]}}