{"id":11679,"date":"2026-03-31T22:35:33","date_gmt":"2026-03-31T19:35:33","guid":{"rendered":"https:\/\/adexa.ee\/toode\/bistro-einetool-plastist-valge-siseruumidesse-ja-oue-adexa-ww036white\/"},"modified":"2026-03-31T22:35:34","modified_gmt":"2026-03-31T19:35:34","slug":"bistro-einetool-plastist-valge-siseruumidesse-ja-oue-adexa-ww036white","status":"publish","type":"product","link":"https:\/\/adexa.ee\/en\/toode\/bistro-einetool-plastist-valge-siseruumidesse-ja-oue-adexa-ww036white\/","title":{"rendered":"Bistro einetool Plastist Valge Siseruumidesse ja \u00d5ue | Adexa WW036WHITE"},"content":{"rendered":"<p>See bistro einetool on kvaliteetse kaasaegse disaini ja konstruktsiooniga, valmistatud pol\u00fcprop\u00fcleenist, mis talub igasuguseid ilmastikutingimusi ja sobib ideaalselt nii sise- kui v\u00e4litingimustesse. Ruumi s\u00e4\u00e4stev, virnastatav disain tagab, et toolid saab h\u00f5lpsasti hoiustada, kui neid parasjagu ei kasutata. Ideaalne igale restoranile, baarile, hotellile v\u00f5i kohvikule selle soodushinnaga. Pol\u00fcprop\u00fcleen Valge Virnastatav disain lihtsaks hoiustamiseks Tool sobib nii sise- kui v\u00e4litingimustesse, mis teeb selle populaarseks nii kodumaistes kui avalikes ruumides.<\/p>\n<table style=\"border-collapse: collapse; width: 100%; text-align: left;\">\n<tbody>\n<tr>\n<td style=\"border: 1px solid #ddd; padding: 8px; width: 45%;\"><strong>S\u00fcgavus<\/strong><\/td>\n<td style=\"border: 1px solid #ddd; padding: 8px;\">600 mm<\/td>\n<\/tr>\n<tr>\n<td style=\"border: 1px solid #ddd; padding: 8px; width: 45%;\"><strong>K\u00f5rgus<\/strong><\/td>\n<td style=\"border: 1px solid #ddd; padding: 8px;\">810 mm<\/td>\n<\/tr>\n<tr>\n<td style=\"border: 1px solid #ddd; padding: 8px; width: 45%;\"><strong>Laius<\/strong><\/td>\n<td style=\"border: 1px solid #ddd; padding: 8px;\">500 mm<\/td>\n<\/tr>\n<tr>\n<td style=\"border: 1px solid #ddd; padding: 8px; width: 45%;\"><strong>Kaal<\/strong><\/td>\n<td style=\"border: 1px solid #ddd; padding: 8px;\">4.9 kg<\/td>\n<\/tr>\n<tr>\n<td style=\"border: 1px solid #ddd; padding: 8px; width: 45%;\"><strong>Garantii<\/strong><\/td>\n<td style=\"border: 1px solid #ddd; padding: 8px;\">12 kuu varuosade garantii<\/td>\n<\/tr>\n<tr>\n<td style=\"border: 1px solid #ddd; padding: 8px; width: 45%;\"><strong>Materjal<\/strong><\/td>\n<td style=\"border: 1px solid #ddd; padding: 8px;\">Pol\u00fcprop\u00fcleen<\/td>\n<\/tr>\n<tr>\n<td style=\"border: 1px solid #ddd; padding: 8px; width: 45%;\"><strong>V\u00e4rv<\/strong><\/td>\n<td style=\"border: 1px solid #ddd; padding: 8px;\">Valge<\/td>\n<\/tr>\n<tr>\n<td style=\"border: 1px solid #ddd; padding: 8px; width: 45%;\"><strong>Virnastatav<\/strong><\/td>\n<td style=\"border: 1px solid #ddd; padding: 8px;\">Jah<\/td>\n<\/tr>\n<tr>\n<td style=\"border: 1px solid #ddd; padding: 8px; width: 45%;\"><strong>K\u00f5rgus (iste)<\/strong><\/td>\n<td style=\"border: 1px solid #ddd; padding: 8px;\">430 mm<\/td>\n<\/tr>\n<\/tbody>\n<\/table>\n","protected":false},"excerpt":{"rendered":"<p>See bistro einetool on kvaliteetse kaasaegse disaini ja konstruktsiooniga, valmistatud pol\u00fcprop\u00fcleenist, mis talub igasuguseid ilmastikutingimusi ja sobib ideaalselt nii sise-<\/p>\n","protected":false},"featured_media":11681,"template":"","meta":[],"product_brand":[],"product_cat":[722,561],"product_tag":[],"class_list":{"0":"post-11679","1":"product","2":"type-product","3":"status-publish","4":"has-post-thumbnail","6":"product_cat-bistroo-ja-soogitoolid","7":"product_cat-moobel-ja-hoiustamine","9":"first","10":"instock","11":"sale","12":"taxable","13":"shipping-taxable","14":"purchasable","15":"product-type-simple"},"yoast_head":"<!-- This site is optimized with the Yoast SEO plugin v27.3 - https:\/\/yoast.com\/product\/yoast-seo-wordpress\/ -->\n<title>Bistro einetool Plastist Valge Siseruumidesse ja \u00d5ue | Adexa WW036WHITE - Adexa \u2013 Suurk\u00f6\u00f6giseadmed restoranidele ja toitlustusele<\/title>\n<meta name=\"robots\" content=\"index, follow, max-snippet:-1, max-image-preview:large, max-video-preview:-1\" \/>\n<link rel=\"canonical\" href=\"https:\/\/adexa.ee\/toode\/bistro-einetool-plastist-valge-siseruumidesse-ja-oue-adexa-ww036white\/\" \/>\n<meta property=\"og:locale\" content=\"en_US\" \/>\n<meta property=\"og:type\" content=\"article\" \/>\n<meta property=\"og:title\" content=\"Bistro einetool Plastist Valge Siseruumidesse ja \u00d5ue | Adexa WW036WHITE - Adexa \u2013 Suurk\u00f6\u00f6giseadmed restoranidele ja toitlustusele\" \/>\n<meta property=\"og:description\" content=\"See bistro einetool on kvaliteetse kaasaegse disaini ja konstruktsiooniga, valmistatud pol\u00fcprop\u00fcleenist, mis talub igasuguseid ilmastikutingimusi ja sobib ideaalselt nii sise-\" \/>\n<meta property=\"og:url\" content=\"https:\/\/adexa.ee\/toode\/bistro-einetool-plastist-valge-siseruumidesse-ja-oue-adexa-ww036white\/\" \/>\n<meta property=\"og:site_name\" content=\"Adexa \u2013 Suurk\u00f6\u00f6giseadmed restoranidele ja toitlustusele\" \/>\n<meta property=\"article:modified_time\" content=\"2026-03-31T19:35:34+00:00\" \/>\n<meta property=\"og:image\" content=\"https:\/\/adexa.ee\/wp-content\/uploads\/2024\/12\/WW036WHITE.jpg\" \/>\n\t<meta property=\"og:image:width\" content=\"1773\" \/>\n\t<meta property=\"og:image:height\" content=\"1773\" \/>\n\t<meta property=\"og:image:type\" content=\"image\/jpeg\" \/>\n<meta name=\"twitter:card\" content=\"summary_large_image\" \/>\n<meta name=\"twitter:label1\" content=\"Est. reading time\" \/>\n\t<meta name=\"twitter:data1\" content=\"1 minute\" \/>\n<script type=\"application\/ld+json\" class=\"yoast-schema-graph\">{\"@context\":\"https:\\\/\\\/schema.org\",\"@graph\":[{\"@type\":\"WebPage\",\"@id\":\"https:\\\/\\\/adexa.ee\\\/toode\\\/bistro-einetool-plastist-valge-siseruumidesse-ja-oue-adexa-ww036white\\\/\",\"url\":\"https:\\\/\\\/adexa.ee\\\/toode\\\/bistro-einetool-plastist-valge-siseruumidesse-ja-oue-adexa-ww036white\\\/\",\"name\":\"Bistro einetool Plastist Valge Siseruumidesse ja \u00d5ue | Adexa WW036WHITE - Adexa \u2013 Suurk\u00f6\u00f6giseadmed restoranidele ja toitlustusele\",\"isPartOf\":{\"@id\":\"https:\\\/\\\/adexa.ee\\\/#website\"},\"primaryImageOfPage\":{\"@id\":\"https:\\\/\\\/adexa.ee\\\/toode\\\/bistro-einetool-plastist-valge-siseruumidesse-ja-oue-adexa-ww036white\\\/#primaryimage\"},\"image\":{\"@id\":\"https:\\\/\\\/adexa.ee\\\/toode\\\/bistro-einetool-plastist-valge-siseruumidesse-ja-oue-adexa-ww036white\\\/#primaryimage\"},\"thumbnailUrl\":\"https:\\\/\\\/adexa.ee\\\/wp-content\\\/uploads\\\/2024\\\/12\\\/WW036WHITE.jpg\",\"datePublished\":\"2026-03-31T19:35:33+00:00\",\"dateModified\":\"2026-03-31T19:35:34+00:00\",\"breadcrumb\":{\"@id\":\"https:\\\/\\\/adexa.ee\\\/toode\\\/bistro-einetool-plastist-valge-siseruumidesse-ja-oue-adexa-ww036white\\\/#breadcrumb\"},\"inLanguage\":\"en-US\",\"potentialAction\":[{\"@type\":\"ReadAction\",\"target\":[\"https:\\\/\\\/adexa.ee\\\/toode\\\/bistro-einetool-plastist-valge-siseruumidesse-ja-oue-adexa-ww036white\\\/\"]}]},{\"@type\":\"ImageObject\",\"inLanguage\":\"en-US\",\"@id\":\"https:\\\/\\\/adexa.ee\\\/toode\\\/bistro-einetool-plastist-valge-siseruumidesse-ja-oue-adexa-ww036white\\\/#primaryimage\",\"url\":\"https:\\\/\\\/adexa.ee\\\/wp-content\\\/uploads\\\/2024\\\/12\\\/WW036WHITE.jpg\",\"contentUrl\":\"https:\\\/\\\/adexa.ee\\\/wp-content\\\/uploads\\\/2024\\\/12\\\/WW036WHITE.jpg\",\"width\":1773,\"height\":1773},{\"@type\":\"BreadcrumbList\",\"@id\":\"https:\\\/\\\/adexa.ee\\\/toode\\\/bistro-einetool-plastist-valge-siseruumidesse-ja-oue-adexa-ww036white\\\/#breadcrumb\",\"itemListElement\":[{\"@type\":\"ListItem\",\"position\":1,\"name\":\"Home\",\"item\":\"https:\\\/\\\/adexa.ee\\\/\"},{\"@type\":\"ListItem\",\"position\":2,\"name\":\"Tooted\",\"item\":\"https:\\\/\\\/adexa.ee\\\/pood\\\/\"},{\"@type\":\"ListItem\",\"position\":3,\"name\":\"Bistro einetool Plastist Valge Siseruumidesse ja \u00d5ue | Adexa WW036WHITE\"}]},{\"@type\":\"WebSite\",\"@id\":\"https:\\\/\\\/adexa.ee\\\/#website\",\"url\":\"https:\\\/\\\/adexa.ee\\\/\",\"name\":\"Adexa\",\"description\":\"\",\"publisher\":{\"@id\":\"https:\\\/\\\/adexa.ee\\\/#organization\"},\"potentialAction\":[{\"@type\":\"SearchAction\",\"target\":{\"@type\":\"EntryPoint\",\"urlTemplate\":\"https:\\\/\\\/adexa.ee\\\/?s={search_term_string}\"},\"query-input\":{\"@type\":\"PropertyValueSpecification\",\"valueRequired\":true,\"valueName\":\"search_term_string\"}}],\"inLanguage\":\"en-US\"},{\"@type\":\"Organization\",\"@id\":\"https:\\\/\\\/adexa.ee\\\/#organization\",\"name\":\"Adexa\",\"url\":\"https:\\\/\\\/adexa.ee\\\/\",\"logo\":{\"@type\":\"ImageObject\",\"inLanguage\":\"en-US\",\"@id\":\"https:\\\/\\\/adexa.ee\\\/#\\\/schema\\\/logo\\\/image\\\/\",\"url\":\"https:\\\/\\\/adexa.ee\\\/wp-content\\\/uploads\\\/2024\\\/04\\\/chef-cooks-working-in-professional-kitchen-2023-11-27-05-07-39-utc-scaled.jpg\",\"contentUrl\":\"https:\\\/\\\/adexa.ee\\\/wp-content\\\/uploads\\\/2024\\\/04\\\/chef-cooks-working-in-professional-kitchen-2023-11-27-05-07-39-utc-scaled.jpg\",\"width\":2560,\"height\":1708,\"caption\":\"Adexa\"},\"image\":{\"@id\":\"https:\\\/\\\/adexa.ee\\\/#\\\/schema\\\/logo\\\/image\\\/\"}}]}<\/script>\n<!-- \/ Yoast SEO plugin. -->","yoast_head_json":{"title":"Bistro einetool Plastist Valge Siseruumidesse ja \u00d5ue | Adexa WW036WHITE - Adexa \u2013 Suurk\u00f6\u00f6giseadmed restoranidele ja toitlustusele","robots":{"index":"index","follow":"follow","max-snippet":"max-snippet:-1","max-image-preview":"max-image-preview:large","max-video-preview":"max-video-preview:-1"},"canonical":"https:\/\/adexa.ee\/toode\/bistro-einetool-plastist-valge-siseruumidesse-ja-oue-adexa-ww036white\/","og_locale":"en_US","og_type":"article","og_title":"Bistro einetool Plastist Valge Siseruumidesse ja \u00d5ue | Adexa WW036WHITE - Adexa \u2013 Suurk\u00f6\u00f6giseadmed restoranidele ja toitlustusele","og_description":"See bistro einetool on kvaliteetse kaasaegse disaini ja konstruktsiooniga, valmistatud pol\u00fcprop\u00fcleenist, mis talub igasuguseid ilmastikutingimusi ja sobib ideaalselt nii sise-","og_url":"https:\/\/adexa.ee\/toode\/bistro-einetool-plastist-valge-siseruumidesse-ja-oue-adexa-ww036white\/","og_site_name":"Adexa \u2013 Suurk\u00f6\u00f6giseadmed restoranidele ja toitlustusele","article_modified_time":"2026-03-31T19:35:34+00:00","og_image":[{"width":1773,"height":1773,"url":"https:\/\/adexa.ee\/wp-content\/uploads\/2024\/12\/WW036WHITE.jpg","type":"image\/jpeg"}],"twitter_card":"summary_large_image","twitter_misc":{"Est. reading time":"1 minute"},"schema":{"@context":"https:\/\/schema.org","@graph":[{"@type":"WebPage","@id":"https:\/\/adexa.ee\/toode\/bistro-einetool-plastist-valge-siseruumidesse-ja-oue-adexa-ww036white\/","url":"https:\/\/adexa.ee\/toode\/bistro-einetool-plastist-valge-siseruumidesse-ja-oue-adexa-ww036white\/","name":"Bistro einetool Plastist Valge Siseruumidesse ja \u00d5ue | Adexa WW036WHITE - Adexa \u2013 Suurk\u00f6\u00f6giseadmed restoranidele ja toitlustusele","isPartOf":{"@id":"https:\/\/adexa.ee\/#website"},"primaryImageOfPage":{"@id":"https:\/\/adexa.ee\/toode\/bistro-einetool-plastist-valge-siseruumidesse-ja-oue-adexa-ww036white\/#primaryimage"},"image":{"@id":"https:\/\/adexa.ee\/toode\/bistro-einetool-plastist-valge-siseruumidesse-ja-oue-adexa-ww036white\/#primaryimage"},"thumbnailUrl":"https:\/\/adexa.ee\/wp-content\/uploads\/2024\/12\/WW036WHITE.jpg","datePublished":"2026-03-31T19:35:33+00:00","dateModified":"2026-03-31T19:35:34+00:00","breadcrumb":{"@id":"https:\/\/adexa.ee\/toode\/bistro-einetool-plastist-valge-siseruumidesse-ja-oue-adexa-ww036white\/#breadcrumb"},"inLanguage":"en-US","potentialAction":[{"@type":"ReadAction","target":["https:\/\/adexa.ee\/toode\/bistro-einetool-plastist-valge-siseruumidesse-ja-oue-adexa-ww036white\/"]}]},{"@type":"ImageObject","inLanguage":"en-US","@id":"https:\/\/adexa.ee\/toode\/bistro-einetool-plastist-valge-siseruumidesse-ja-oue-adexa-ww036white\/#primaryimage","url":"https:\/\/adexa.ee\/wp-content\/uploads\/2024\/12\/WW036WHITE.jpg","contentUrl":"https:\/\/adexa.ee\/wp-content\/uploads\/2024\/12\/WW036WHITE.jpg","width":1773,"height":1773},{"@type":"BreadcrumbList","@id":"https:\/\/adexa.ee\/toode\/bistro-einetool-plastist-valge-siseruumidesse-ja-oue-adexa-ww036white\/#breadcrumb","itemListElement":[{"@type":"ListItem","position":1,"name":"Home","item":"https:\/\/adexa.ee\/"},{"@type":"ListItem","position":2,"name":"Tooted","item":"https:\/\/adexa.ee\/pood\/"},{"@type":"ListItem","position":3,"name":"Bistro einetool Plastist Valge Siseruumidesse ja \u00d5ue | Adexa WW036WHITE"}]},{"@type":"WebSite","@id":"https:\/\/adexa.ee\/#website","url":"https:\/\/adexa.ee\/","name":"Adexa","description":"","publisher":{"@id":"https:\/\/adexa.ee\/#organization"},"potentialAction":[{"@type":"SearchAction","target":{"@type":"EntryPoint","urlTemplate":"https:\/\/adexa.ee\/?s={search_term_string}"},"query-input":{"@type":"PropertyValueSpecification","valueRequired":true,"valueName":"search_term_string"}}],"inLanguage":"en-US"},{"@type":"Organization","@id":"https:\/\/adexa.ee\/#organization","name":"Adexa","url":"https:\/\/adexa.ee\/","logo":{"@type":"ImageObject","inLanguage":"en-US","@id":"https:\/\/adexa.ee\/#\/schema\/logo\/image\/","url":"https:\/\/adexa.ee\/wp-content\/uploads\/2024\/04\/chef-cooks-working-in-professional-kitchen-2023-11-27-05-07-39-utc-scaled.jpg","contentUrl":"https:\/\/adexa.ee\/wp-content\/uploads\/2024\/04\/chef-cooks-working-in-professional-kitchen-2023-11-27-05-07-39-utc-scaled.jpg","width":2560,"height":1708,"caption":"Adexa"},"image":{"@id":"https:\/\/adexa.ee\/#\/schema\/logo\/image\/"}}]}},"_links":{"self":[{"href":"https:\/\/adexa.ee\/en\/wp-json\/wp\/v2\/product\/11679","targetHints":{"allow":["GET"]}}],"collection":[{"href":"https:\/\/adexa.ee\/en\/wp-json\/wp\/v2\/product"}],"about":[{"href":"https:\/\/adexa.ee\/en\/wp-json\/wp\/v2\/types\/product"}],"wp:featuredmedia":[{"embeddable":true,"href":"https:\/\/adexa.ee\/en\/wp-json\/wp\/v2\/media\/11681"}],"wp:attachment":[{"href":"https:\/\/adexa.ee\/en\/wp-json\/wp\/v2\/media?parent=11679"}],"wp:term":[{"taxonomy":"product_brand","embeddable":true,"href":"https:\/\/adexa.ee\/en\/wp-json\/wp\/v2\/product_brand?post=11679"},{"taxonomy":"product_cat","embeddable":true,"href":"https:\/\/adexa.ee\/en\/wp-json\/wp\/v2\/product_cat?post=11679"},{"taxonomy":"product_tag","embeddable":true,"href":"https:\/\/adexa.ee\/en\/wp-json\/wp\/v2\/product_tag?post=11679"}],"curies":[{"name":"wp","href":"https:\/\/api.w.org\/{rel}","templated":true}]}}