{"id":11700,"date":"2026-03-26T09:35:02","date_gmt":"2026-03-26T07:35:02","guid":{"rendered":"https:\/\/adexa.ee\/toode\/liikuva-koostisosade-mahuti-120-liitrit-labipaistev-kaas-adexa-qhid120\/"},"modified":"2026-03-26T09:35:09","modified_gmt":"2026-03-26T07:35:09","slug":"kuivainete-konteiner-120-liitrit-labipaistev-kaas-adexa-qhid120","status":"publish","type":"product","link":"https:\/\/adexa.ee\/en\/toode\/kuivainete-konteiner-120-liitrit-labipaistev-kaas-adexa-qhid120\/","title":{"rendered":"Kuivainete konteiner 120 liitrit L\u00e4bipaistev kaas | Adexa QHID120"},"content":{"rendered":"<p>See koostisosade mahuti on ideaalne lisand restoranidele, pagari\u00e4ridele, s\u00f6\u00f6klatele ja toitlustusk\u00f6\u00f6kidele! Kui nimetate \u00fche kulbi kindlale mahutile, saate aidata v\u00e4ltida v\u00f5imalikke saastumisi, mis v\u00f5ivad tekkida sama kulbi kasutamisel mitme koostisosa jaoks. Kulbi hoidmine \u00fches kindlas piirkonnas v\u00e4hendab samuti riski toidu ja toidumahuti vaheliseks ristsaastumiseks.<\/p>\n<table style=\"border-collapse: collapse; width: 100%; text-align: left;\">\n<tbody>\n<tr>\n<td style=\"border: 1px solid #ddd; padding: 8px; width: 45%;\"><strong>S\u00fcgavus<\/strong><\/td>\n<td style=\"border: 1px solid #ddd; padding: 8px;\">750 mm<\/td>\n<\/tr>\n<tr>\n<td style=\"border: 1px solid #ddd; padding: 8px; width: 45%;\"><strong>K\u00f5rgus<\/strong><\/td>\n<td style=\"border: 1px solid #ddd; padding: 8px;\">750 mm<\/td>\n<\/tr>\n<tr>\n<td style=\"border: 1px solid #ddd; padding: 8px; width: 45%;\"><strong>Laius<\/strong><\/td>\n<td style=\"border: 1px solid #ddd; padding: 8px;\">460mm<\/td>\n<\/tr>\n<tr>\n<td style=\"border: 1px solid #ddd; padding: 8px; width: 45%;\"><strong>Kaal<\/strong><\/td>\n<td style=\"border: 1px solid #ddd; padding: 8px;\">13,7 kg<\/td>\n<\/tr>\n<tr>\n<td style=\"border: 1px solid #ddd; padding: 8px; width: 45%;\"><strong>Garantii<\/strong><\/td>\n<td style=\"border: 1px solid #ddd; padding: 8px;\">12 kuu varuosade garantii<\/td>\n<\/tr>\n<tr>\n<td style=\"border: 1px solid #ddd; padding: 8px; width: 45%;\"><strong>Mahutavus<\/strong><\/td>\n<td style=\"border: 1px solid #ddd; padding: 8px;\">120 liitrit<\/td>\n<\/tr>\n<tr>\n<td style=\"border: 1px solid #ddd; padding: 8px; width: 45%;\"><strong>Rullikud<\/strong><\/td>\n<td style=\"border: 1px solid #ddd; padding: 8px;\">Jah<\/td>\n<\/tr>\n<tr>\n<td style=\"border: 1px solid #ddd; padding: 8px; width: 45%;\"><strong>Materjal<\/strong><\/td>\n<td style=\"border: 1px solid #ddd; padding: 8px;\">Pol\u00fcprop\u00fcleen<\/td>\n<\/tr>\n<tr>\n<td style=\"border: 1px solid #ddd; padding: 8px; width: 45%;\"><strong>Kaas<\/strong><\/td>\n<td style=\"border: 1px solid #ddd; padding: 8px;\">L\u00e4bipaistev<\/td>\n<\/tr>\n<\/tbody>\n<\/table>\n","protected":false},"excerpt":{"rendered":"<p>See koostisosade mahuti on ideaalne lisand restoranidele, pagari\u00e4ridele, s\u00f6\u00f6klatele ja toitlustusk\u00f6\u00f6kidele! Kui nimetate \u00fche kulbi kindlale mahutile, saate aidata v\u00e4ltida<\/p>\n","protected":false},"featured_media":11339,"template":"","meta":[],"product_brand":[],"product_cat":[579,665,569,664,666,626,586,625],"product_tag":[],"class_list":{"0":"post-11700","1":"product","2":"type-product","3":"status-publish","4":"has-post-thumbnail","6":"product_cat-koogitarbed-noud","7":"product_cat-ladustamine-transport","8":"product_cat-lopumuuk","9":"product_cat-pitsa-ja-grill","10":"product_cat-pitsa-ladustamine-ja-transport","11":"product_cat-plastikust-toiduaine-hoiukonteinerid","12":"product_cat-serveerimine","13":"product_cat-toidukonteinerid","15":"first","16":"instock","17":"sale","18":"taxable","19":"shipping-taxable","20":"purchasable","21":"product-type-simple"},"yoast_head":"<!-- This site is optimized with the Yoast SEO plugin v27.3 - https:\/\/yoast.com\/product\/yoast-seo-wordpress\/ -->\n<title>Kuivainete konteiner 120 liitrit L\u00e4bipaistev kaas | Adexa QHID120 - Adexa \u2013 Suurk\u00f6\u00f6giseadmed restoranidele ja toitlustusele<\/title>\n<meta name=\"robots\" content=\"index, follow, max-snippet:-1, max-image-preview:large, max-video-preview:-1\" \/>\n<link rel=\"canonical\" href=\"https:\/\/adexa.ee\/toode\/kuivainete-konteiner-120-liitrit-labipaistev-kaas-adexa-qhid120\/\" \/>\n<meta property=\"og:locale\" content=\"en_US\" \/>\n<meta property=\"og:type\" content=\"article\" \/>\n<meta property=\"og:title\" content=\"Kuivainete konteiner 120 liitrit L\u00e4bipaistev kaas | Adexa QHID120 - Adexa \u2013 Suurk\u00f6\u00f6giseadmed restoranidele ja toitlustusele\" \/>\n<meta property=\"og:description\" content=\"See koostisosade mahuti on ideaalne lisand restoranidele, pagari\u00e4ridele, s\u00f6\u00f6klatele ja toitlustusk\u00f6\u00f6kidele! Kui nimetate \u00fche kulbi kindlale mahutile, saate aidata v\u00e4ltida\" \/>\n<meta property=\"og:url\" content=\"https:\/\/adexa.ee\/toode\/kuivainete-konteiner-120-liitrit-labipaistev-kaas-adexa-qhid120\/\" \/>\n<meta property=\"og:site_name\" content=\"Adexa \u2013 Suurk\u00f6\u00f6giseadmed restoranidele ja toitlustusele\" \/>\n<meta property=\"article:modified_time\" content=\"2026-03-26T07:35:09+00:00\" \/>\n<meta property=\"og:image\" content=\"https:\/\/adexa.ee\/wp-content\/uploads\/2024\/12\/QHID81.jpg\" \/>\n\t<meta property=\"og:image:width\" content=\"2000\" \/>\n\t<meta property=\"og:image:height\" content=\"2000\" \/>\n\t<meta property=\"og:image:type\" content=\"image\/jpeg\" \/>\n<meta name=\"twitter:card\" content=\"summary_large_image\" \/>\n<script type=\"application\/ld+json\" class=\"yoast-schema-graph\">{\"@context\":\"https:\\\/\\\/schema.org\",\"@graph\":[{\"@type\":\"WebPage\",\"@id\":\"https:\\\/\\\/adexa.ee\\\/toode\\\/kuivainete-konteiner-120-liitrit-labipaistev-kaas-adexa-qhid120\\\/\",\"url\":\"https:\\\/\\\/adexa.ee\\\/toode\\\/kuivainete-konteiner-120-liitrit-labipaistev-kaas-adexa-qhid120\\\/\",\"name\":\"Kuivainete konteiner 120 liitrit L\u00e4bipaistev kaas | Adexa QHID120 - Adexa \u2013 Suurk\u00f6\u00f6giseadmed restoranidele ja toitlustusele\",\"isPartOf\":{\"@id\":\"https:\\\/\\\/adexa.ee\\\/#website\"},\"primaryImageOfPage\":{\"@id\":\"https:\\\/\\\/adexa.ee\\\/toode\\\/kuivainete-konteiner-120-liitrit-labipaistev-kaas-adexa-qhid120\\\/#primaryimage\"},\"image\":{\"@id\":\"https:\\\/\\\/adexa.ee\\\/toode\\\/kuivainete-konteiner-120-liitrit-labipaistev-kaas-adexa-qhid120\\\/#primaryimage\"},\"thumbnailUrl\":\"https:\\\/\\\/adexa.ee\\\/wp-content\\\/uploads\\\/2024\\\/12\\\/QHID81.jpg\",\"datePublished\":\"2026-03-26T07:35:02+00:00\",\"dateModified\":\"2026-03-26T07:35:09+00:00\",\"breadcrumb\":{\"@id\":\"https:\\\/\\\/adexa.ee\\\/toode\\\/kuivainete-konteiner-120-liitrit-labipaistev-kaas-adexa-qhid120\\\/#breadcrumb\"},\"inLanguage\":\"en-US\",\"potentialAction\":[{\"@type\":\"ReadAction\",\"target\":[\"https:\\\/\\\/adexa.ee\\\/toode\\\/kuivainete-konteiner-120-liitrit-labipaistev-kaas-adexa-qhid120\\\/\"]}]},{\"@type\":\"ImageObject\",\"inLanguage\":\"en-US\",\"@id\":\"https:\\\/\\\/adexa.ee\\\/toode\\\/kuivainete-konteiner-120-liitrit-labipaistev-kaas-adexa-qhid120\\\/#primaryimage\",\"url\":\"https:\\\/\\\/adexa.ee\\\/wp-content\\\/uploads\\\/2024\\\/12\\\/QHID81.jpg\",\"contentUrl\":\"https:\\\/\\\/adexa.ee\\\/wp-content\\\/uploads\\\/2024\\\/12\\\/QHID81.jpg\",\"width\":2000,\"height\":2000},{\"@type\":\"BreadcrumbList\",\"@id\":\"https:\\\/\\\/adexa.ee\\\/toode\\\/kuivainete-konteiner-120-liitrit-labipaistev-kaas-adexa-qhid120\\\/#breadcrumb\",\"itemListElement\":[{\"@type\":\"ListItem\",\"position\":1,\"name\":\"Home\",\"item\":\"https:\\\/\\\/adexa.ee\\\/\"},{\"@type\":\"ListItem\",\"position\":2,\"name\":\"Tooted\",\"item\":\"https:\\\/\\\/adexa.ee\\\/pood\\\/\"},{\"@type\":\"ListItem\",\"position\":3,\"name\":\"Kuivainete konteiner 120 liitrit L\u00e4bipaistev kaas | Adexa QHID120\"}]},{\"@type\":\"WebSite\",\"@id\":\"https:\\\/\\\/adexa.ee\\\/#website\",\"url\":\"https:\\\/\\\/adexa.ee\\\/\",\"name\":\"Adexa\",\"description\":\"\",\"publisher\":{\"@id\":\"https:\\\/\\\/adexa.ee\\\/#organization\"},\"potentialAction\":[{\"@type\":\"SearchAction\",\"target\":{\"@type\":\"EntryPoint\",\"urlTemplate\":\"https:\\\/\\\/adexa.ee\\\/?s={search_term_string}\"},\"query-input\":{\"@type\":\"PropertyValueSpecification\",\"valueRequired\":true,\"valueName\":\"search_term_string\"}}],\"inLanguage\":\"en-US\"},{\"@type\":\"Organization\",\"@id\":\"https:\\\/\\\/adexa.ee\\\/#organization\",\"name\":\"Adexa\",\"url\":\"https:\\\/\\\/adexa.ee\\\/\",\"logo\":{\"@type\":\"ImageObject\",\"inLanguage\":\"en-US\",\"@id\":\"https:\\\/\\\/adexa.ee\\\/#\\\/schema\\\/logo\\\/image\\\/\",\"url\":\"https:\\\/\\\/adexa.ee\\\/wp-content\\\/uploads\\\/2024\\\/04\\\/chef-cooks-working-in-professional-kitchen-2023-11-27-05-07-39-utc-scaled.jpg\",\"contentUrl\":\"https:\\\/\\\/adexa.ee\\\/wp-content\\\/uploads\\\/2024\\\/04\\\/chef-cooks-working-in-professional-kitchen-2023-11-27-05-07-39-utc-scaled.jpg\",\"width\":2560,\"height\":1708,\"caption\":\"Adexa\"},\"image\":{\"@id\":\"https:\\\/\\\/adexa.ee\\\/#\\\/schema\\\/logo\\\/image\\\/\"}}]}<\/script>\n<!-- \/ Yoast SEO plugin. -->","yoast_head_json":{"title":"Kuivainete konteiner 120 liitrit L\u00e4bipaistev kaas | Adexa QHID120 - Adexa \u2013 Suurk\u00f6\u00f6giseadmed restoranidele ja toitlustusele","robots":{"index":"index","follow":"follow","max-snippet":"max-snippet:-1","max-image-preview":"max-image-preview:large","max-video-preview":"max-video-preview:-1"},"canonical":"https:\/\/adexa.ee\/toode\/kuivainete-konteiner-120-liitrit-labipaistev-kaas-adexa-qhid120\/","og_locale":"en_US","og_type":"article","og_title":"Kuivainete konteiner 120 liitrit L\u00e4bipaistev kaas | Adexa QHID120 - Adexa \u2013 Suurk\u00f6\u00f6giseadmed restoranidele ja toitlustusele","og_description":"See koostisosade mahuti on ideaalne lisand restoranidele, pagari\u00e4ridele, s\u00f6\u00f6klatele ja toitlustusk\u00f6\u00f6kidele! Kui nimetate \u00fche kulbi kindlale mahutile, saate aidata v\u00e4ltida","og_url":"https:\/\/adexa.ee\/toode\/kuivainete-konteiner-120-liitrit-labipaistev-kaas-adexa-qhid120\/","og_site_name":"Adexa \u2013 Suurk\u00f6\u00f6giseadmed restoranidele ja toitlustusele","article_modified_time":"2026-03-26T07:35:09+00:00","og_image":[{"width":2000,"height":2000,"url":"https:\/\/adexa.ee\/wp-content\/uploads\/2024\/12\/QHID81.jpg","type":"image\/jpeg"}],"twitter_card":"summary_large_image","schema":{"@context":"https:\/\/schema.org","@graph":[{"@type":"WebPage","@id":"https:\/\/adexa.ee\/toode\/kuivainete-konteiner-120-liitrit-labipaistev-kaas-adexa-qhid120\/","url":"https:\/\/adexa.ee\/toode\/kuivainete-konteiner-120-liitrit-labipaistev-kaas-adexa-qhid120\/","name":"Kuivainete konteiner 120 liitrit L\u00e4bipaistev kaas | Adexa QHID120 - Adexa \u2013 Suurk\u00f6\u00f6giseadmed restoranidele ja toitlustusele","isPartOf":{"@id":"https:\/\/adexa.ee\/#website"},"primaryImageOfPage":{"@id":"https:\/\/adexa.ee\/toode\/kuivainete-konteiner-120-liitrit-labipaistev-kaas-adexa-qhid120\/#primaryimage"},"image":{"@id":"https:\/\/adexa.ee\/toode\/kuivainete-konteiner-120-liitrit-labipaistev-kaas-adexa-qhid120\/#primaryimage"},"thumbnailUrl":"https:\/\/adexa.ee\/wp-content\/uploads\/2024\/12\/QHID81.jpg","datePublished":"2026-03-26T07:35:02+00:00","dateModified":"2026-03-26T07:35:09+00:00","breadcrumb":{"@id":"https:\/\/adexa.ee\/toode\/kuivainete-konteiner-120-liitrit-labipaistev-kaas-adexa-qhid120\/#breadcrumb"},"inLanguage":"en-US","potentialAction":[{"@type":"ReadAction","target":["https:\/\/adexa.ee\/toode\/kuivainete-konteiner-120-liitrit-labipaistev-kaas-adexa-qhid120\/"]}]},{"@type":"ImageObject","inLanguage":"en-US","@id":"https:\/\/adexa.ee\/toode\/kuivainete-konteiner-120-liitrit-labipaistev-kaas-adexa-qhid120\/#primaryimage","url":"https:\/\/adexa.ee\/wp-content\/uploads\/2024\/12\/QHID81.jpg","contentUrl":"https:\/\/adexa.ee\/wp-content\/uploads\/2024\/12\/QHID81.jpg","width":2000,"height":2000},{"@type":"BreadcrumbList","@id":"https:\/\/adexa.ee\/toode\/kuivainete-konteiner-120-liitrit-labipaistev-kaas-adexa-qhid120\/#breadcrumb","itemListElement":[{"@type":"ListItem","position":1,"name":"Home","item":"https:\/\/adexa.ee\/"},{"@type":"ListItem","position":2,"name":"Tooted","item":"https:\/\/adexa.ee\/pood\/"},{"@type":"ListItem","position":3,"name":"Kuivainete konteiner 120 liitrit L\u00e4bipaistev kaas | Adexa QHID120"}]},{"@type":"WebSite","@id":"https:\/\/adexa.ee\/#website","url":"https:\/\/adexa.ee\/","name":"Adexa","description":"","publisher":{"@id":"https:\/\/adexa.ee\/#organization"},"potentialAction":[{"@type":"SearchAction","target":{"@type":"EntryPoint","urlTemplate":"https:\/\/adexa.ee\/?s={search_term_string}"},"query-input":{"@type":"PropertyValueSpecification","valueRequired":true,"valueName":"search_term_string"}}],"inLanguage":"en-US"},{"@type":"Organization","@id":"https:\/\/adexa.ee\/#organization","name":"Adexa","url":"https:\/\/adexa.ee\/","logo":{"@type":"ImageObject","inLanguage":"en-US","@id":"https:\/\/adexa.ee\/#\/schema\/logo\/image\/","url":"https:\/\/adexa.ee\/wp-content\/uploads\/2024\/04\/chef-cooks-working-in-professional-kitchen-2023-11-27-05-07-39-utc-scaled.jpg","contentUrl":"https:\/\/adexa.ee\/wp-content\/uploads\/2024\/04\/chef-cooks-working-in-professional-kitchen-2023-11-27-05-07-39-utc-scaled.jpg","width":2560,"height":1708,"caption":"Adexa"},"image":{"@id":"https:\/\/adexa.ee\/#\/schema\/logo\/image\/"}}]}},"_links":{"self":[{"href":"https:\/\/adexa.ee\/en\/wp-json\/wp\/v2\/product\/11700","targetHints":{"allow":["GET"]}}],"collection":[{"href":"https:\/\/adexa.ee\/en\/wp-json\/wp\/v2\/product"}],"about":[{"href":"https:\/\/adexa.ee\/en\/wp-json\/wp\/v2\/types\/product"}],"wp:featuredmedia":[{"embeddable":true,"href":"https:\/\/adexa.ee\/en\/wp-json\/wp\/v2\/media\/11339"}],"wp:attachment":[{"href":"https:\/\/adexa.ee\/en\/wp-json\/wp\/v2\/media?parent=11700"}],"wp:term":[{"taxonomy":"product_brand","embeddable":true,"href":"https:\/\/adexa.ee\/en\/wp-json\/wp\/v2\/product_brand?post=11700"},{"taxonomy":"product_cat","embeddable":true,"href":"https:\/\/adexa.ee\/en\/wp-json\/wp\/v2\/product_cat?post=11700"},{"taxonomy":"product_tag","embeddable":true,"href":"https:\/\/adexa.ee\/en\/wp-json\/wp\/v2\/product_tag?post=11700"}],"curies":[{"name":"wp","href":"https:\/\/api.w.org\/{rel}","templated":true}]}}