{"id":11704,"date":"2026-03-26T09:35:02","date_gmt":"2026-03-26T07:35:02","guid":{"rendered":"https:\/\/adexa.ee\/toode\/2-uhes-pitsaloikur-ja-serveermislabidas-roostevabast-terasest-adexa-whk057\/"},"modified":"2026-03-26T09:35:09","modified_gmt":"2026-03-26T07:35:09","slug":"2-uhes-pitsaloikur-ja-serveermislabidas-roostevabast-terasest-adexa-whk057","status":"publish","type":"product","link":"https:\/\/adexa.ee\/en\/toode\/2-uhes-pitsaloikur-ja-serveermislabidas-roostevabast-terasest-adexa-whk057\/","title":{"rendered":"2-\u00fches Pitsal\u00f5ikur ja Serveermislabidas Roostevabast Terasest | Adexa WHK057"},"content":{"rendered":"<p>T\u00e4iuslik igaks pitsapeoks, restorani v\u00f5i pitsabaari jaoks, see pitsal\u00f5ikur ja spaatel on 2-\u00fches must-have k\u00f6\u00f6giriist. \u00dches otsas on \u00fcmmargune rullikl\u00f5ikur ja teises otsas spaatel, sobib suurep\u00e4raselt pitsa, kookide, pirukate ja muu jaoks. L\u00f5ika k\u00f5ik oma ekstra suured pitsad stiilselt &#8211; olgu see liha v\u00f5i k\u00f6\u00f6giviljad, seened v\u00f5i ananassid v\u00f5i lisajuust peal, olgu see \u00f5huke, paks v\u00f5i t\u00e4idetud koorik, s\u00f5ltumata pitsa suurusest, kui sul on see t\u00f6\u00f6riist k\u00e4ep\u00e4rast, saad seda sekunditega l\u00f5igata ja serveerida! Kasutajas\u00f5bralik &#8211; peen pitsal\u00f5ikur on varustatud t\u00e4iendava kaitsekihiga &#8211; s\u00f5rmevalvuriga. Ei mingeid vigastusi s\u00f5jas noa ja pitsaga. L\u00f5ikab sujuvalt ja stiilselt mistahes katte, suuruse v\u00f5i paksuse l\u00e4bi. Samuti on see \u00e4\u00e4rmiselt lihtne puhastada. Pead vaid asetama selle n\u00f5udepesumasinasse! 100% aja kokkuhoidu ja kuluefektiivne toode &#8211; pitsa on maitsev, kuid selle l\u00f5ikamine noaga on \u00f5udusunen\u00e4gu. Kui sa ei taha segadust, kasuta seda pitsal\u00f5ikurit, et serveerida oma kallimatele maailma parimat pitsat. Oleme muutnud pitsal\u00f5ikamise sulle efektiivseks, v\u00f5ib s\u00e4\u00e4sta sinu aega ja pakkuda mugavust. Kindel ja stabiilne disain &#8211; tugev ergonoomiline disain eristab meie pitsal\u00f5ikurit. Pikk k\u00e4epide aitab sul sujuvalt ja kiiresti ratast juhtida, j\u00e4ttes maha ideaalsed pitsaviilud. Kindel haare muudab \u00fchtlaste t\u00fckkide l\u00f5ikamise lihtsamaks. Oluline t\u00f6\u00f6riist &#8211; pitsal\u00f5ikur on vajalik t\u00f6\u00f6riist taina ja kooriku lihtsaks l\u00f5ikamiseks. Roostevabast terasest pitsal\u00f5ikur on kasutusel kodukokkade ja professionaalsete kokkade seas \u00fcle maailma. Palun tutvu &#8216;Spetsifikatsioonid&#8217; all oleva \u00fcksikasjaliku teabega.<\/p>\n<table style=\"border-collapse: collapse; width: 100%; text-align: left;\">\n<tbody>\n<tr>\n<td style=\"border: 1px solid #ddd; padding: 8px; width: 45%;\"><strong>Laius<\/strong><\/td>\n<td style=\"border: 1px solid #ddd; padding: 8px;\">100mm<\/td>\n<\/tr>\n<tr>\n<td style=\"border: 1px solid #ddd; padding: 8px; width: 45%;\"><strong>Materjal<\/strong><\/td>\n<td style=\"border: 1px solid #ddd; padding: 8px;\">Roostevaba teras \/ Plastik<\/td>\n<\/tr>\n<tr>\n<td style=\"border: 1px solid #ddd; padding: 8px; width: 45%;\"><strong>Pikkus<\/strong><\/td>\n<td style=\"border: 1px solid #ddd; padding: 8px;\">280mm<\/td>\n<\/tr>\n<\/tbody>\n<\/table>\n","protected":false},"excerpt":{"rendered":"<p>T\u00e4iuslik igaks pitsapeoks, restorani v\u00f5i pitsabaari jaoks, see pitsal\u00f5ikur ja spaatel on 2-\u00fches must-have k\u00f6\u00f6giriist. \u00dches otsas on \u00fcmmargune rullikl\u00f5ikur<\/p>\n","protected":false},"featured_media":11707,"template":"","meta":[],"product_brand":[],"product_cat":[980,580,579,571,569,664,742,727],"product_tag":[],"class_list":{"0":"post-11704","1":"product","2":"type-product","3":"status-publish","4":"has-post-thumbnail","6":"product_cat-laovarude-tuhjendus-koogitarvikud","7":"product_cat-koogiriistad","8":"product_cat-koogitarbed-noud","9":"product_cat-laovaru-muuk","10":"product_cat-lopumuuk","11":"product_cat-pitsa-ja-grill","12":"product_cat-pitsatarvikud","13":"product_cat-vahustajad","15":"first","16":"instock","17":"sale","18":"taxable","19":"shipping-taxable","20":"purchasable","21":"product-type-simple"},"yoast_head":"<!-- This site is optimized with the Yoast SEO plugin v27.3 - https:\/\/yoast.com\/product\/yoast-seo-wordpress\/ -->\n<title>2-\u00fches Pitsal\u00f5ikur ja Serveermislabidas Roostevabast Terasest | Adexa WHK057 - Adexa \u2013 Suurk\u00f6\u00f6giseadmed restoranidele ja toitlustusele<\/title>\n<meta name=\"robots\" content=\"index, follow, max-snippet:-1, max-image-preview:large, max-video-preview:-1\" \/>\n<link rel=\"canonical\" href=\"https:\/\/adexa.ee\/toode\/2-uhes-pitsaloikur-ja-serveermislabidas-roostevabast-terasest-adexa-whk057\/\" \/>\n<meta property=\"og:locale\" content=\"en_US\" \/>\n<meta property=\"og:type\" content=\"article\" \/>\n<meta property=\"og:title\" content=\"2-\u00fches Pitsal\u00f5ikur ja Serveermislabidas Roostevabast Terasest | Adexa WHK057 - Adexa \u2013 Suurk\u00f6\u00f6giseadmed restoranidele ja toitlustusele\" \/>\n<meta property=\"og:description\" content=\"T\u00e4iuslik igaks pitsapeoks, restorani v\u00f5i pitsabaari jaoks, see pitsal\u00f5ikur ja spaatel on 2-\u00fches must-have k\u00f6\u00f6giriist. \u00dches otsas on \u00fcmmargune rullikl\u00f5ikur\" \/>\n<meta property=\"og:url\" content=\"https:\/\/adexa.ee\/toode\/2-uhes-pitsaloikur-ja-serveermislabidas-roostevabast-terasest-adexa-whk057\/\" \/>\n<meta property=\"og:site_name\" content=\"Adexa \u2013 Suurk\u00f6\u00f6giseadmed restoranidele ja toitlustusele\" \/>\n<meta property=\"article:modified_time\" content=\"2026-03-26T07:35:09+00:00\" \/>\n<meta property=\"og:image\" content=\"https:\/\/adexa.ee\/wp-content\/uploads\/2024\/12\/WHK057-1.jpg\" \/>\n\t<meta property=\"og:image:width\" content=\"730\" \/>\n\t<meta property=\"og:image:height\" content=\"730\" \/>\n\t<meta property=\"og:image:type\" content=\"image\/jpeg\" \/>\n<meta name=\"twitter:card\" content=\"summary_large_image\" \/>\n<meta name=\"twitter:label1\" content=\"Est. reading time\" \/>\n\t<meta name=\"twitter:data1\" content=\"1 minute\" \/>\n<script type=\"application\/ld+json\" class=\"yoast-schema-graph\">{\"@context\":\"https:\\\/\\\/schema.org\",\"@graph\":[{\"@type\":\"WebPage\",\"@id\":\"https:\\\/\\\/adexa.ee\\\/toode\\\/2-uhes-pitsaloikur-ja-serveermislabidas-roostevabast-terasest-adexa-whk057\\\/\",\"url\":\"https:\\\/\\\/adexa.ee\\\/toode\\\/2-uhes-pitsaloikur-ja-serveermislabidas-roostevabast-terasest-adexa-whk057\\\/\",\"name\":\"2-\u00fches Pitsal\u00f5ikur ja Serveermislabidas Roostevabast Terasest | Adexa WHK057 - Adexa \u2013 Suurk\u00f6\u00f6giseadmed restoranidele ja toitlustusele\",\"isPartOf\":{\"@id\":\"https:\\\/\\\/adexa.ee\\\/#website\"},\"primaryImageOfPage\":{\"@id\":\"https:\\\/\\\/adexa.ee\\\/toode\\\/2-uhes-pitsaloikur-ja-serveermislabidas-roostevabast-terasest-adexa-whk057\\\/#primaryimage\"},\"image\":{\"@id\":\"https:\\\/\\\/adexa.ee\\\/toode\\\/2-uhes-pitsaloikur-ja-serveermislabidas-roostevabast-terasest-adexa-whk057\\\/#primaryimage\"},\"thumbnailUrl\":\"https:\\\/\\\/adexa.ee\\\/wp-content\\\/uploads\\\/2024\\\/12\\\/WHK057-1.jpg\",\"datePublished\":\"2026-03-26T07:35:02+00:00\",\"dateModified\":\"2026-03-26T07:35:09+00:00\",\"breadcrumb\":{\"@id\":\"https:\\\/\\\/adexa.ee\\\/toode\\\/2-uhes-pitsaloikur-ja-serveermislabidas-roostevabast-terasest-adexa-whk057\\\/#breadcrumb\"},\"inLanguage\":\"en-US\",\"potentialAction\":[{\"@type\":\"ReadAction\",\"target\":[\"https:\\\/\\\/adexa.ee\\\/toode\\\/2-uhes-pitsaloikur-ja-serveermislabidas-roostevabast-terasest-adexa-whk057\\\/\"]}]},{\"@type\":\"ImageObject\",\"inLanguage\":\"en-US\",\"@id\":\"https:\\\/\\\/adexa.ee\\\/toode\\\/2-uhes-pitsaloikur-ja-serveermislabidas-roostevabast-terasest-adexa-whk057\\\/#primaryimage\",\"url\":\"https:\\\/\\\/adexa.ee\\\/wp-content\\\/uploads\\\/2024\\\/12\\\/WHK057-1.jpg\",\"contentUrl\":\"https:\\\/\\\/adexa.ee\\\/wp-content\\\/uploads\\\/2024\\\/12\\\/WHK057-1.jpg\",\"width\":730,\"height\":730},{\"@type\":\"BreadcrumbList\",\"@id\":\"https:\\\/\\\/adexa.ee\\\/toode\\\/2-uhes-pitsaloikur-ja-serveermislabidas-roostevabast-terasest-adexa-whk057\\\/#breadcrumb\",\"itemListElement\":[{\"@type\":\"ListItem\",\"position\":1,\"name\":\"Home\",\"item\":\"https:\\\/\\\/adexa.ee\\\/\"},{\"@type\":\"ListItem\",\"position\":2,\"name\":\"Tooted\",\"item\":\"https:\\\/\\\/adexa.ee\\\/pood\\\/\"},{\"@type\":\"ListItem\",\"position\":3,\"name\":\"2-\u00fches Pitsal\u00f5ikur ja Serveermislabidas Roostevabast Terasest | Adexa WHK057\"}]},{\"@type\":\"WebSite\",\"@id\":\"https:\\\/\\\/adexa.ee\\\/#website\",\"url\":\"https:\\\/\\\/adexa.ee\\\/\",\"name\":\"Adexa\",\"description\":\"\",\"publisher\":{\"@id\":\"https:\\\/\\\/adexa.ee\\\/#organization\"},\"potentialAction\":[{\"@type\":\"SearchAction\",\"target\":{\"@type\":\"EntryPoint\",\"urlTemplate\":\"https:\\\/\\\/adexa.ee\\\/?s={search_term_string}\"},\"query-input\":{\"@type\":\"PropertyValueSpecification\",\"valueRequired\":true,\"valueName\":\"search_term_string\"}}],\"inLanguage\":\"en-US\"},{\"@type\":\"Organization\",\"@id\":\"https:\\\/\\\/adexa.ee\\\/#organization\",\"name\":\"Adexa\",\"url\":\"https:\\\/\\\/adexa.ee\\\/\",\"logo\":{\"@type\":\"ImageObject\",\"inLanguage\":\"en-US\",\"@id\":\"https:\\\/\\\/adexa.ee\\\/#\\\/schema\\\/logo\\\/image\\\/\",\"url\":\"https:\\\/\\\/adexa.ee\\\/wp-content\\\/uploads\\\/2024\\\/04\\\/chef-cooks-working-in-professional-kitchen-2023-11-27-05-07-39-utc-scaled.jpg\",\"contentUrl\":\"https:\\\/\\\/adexa.ee\\\/wp-content\\\/uploads\\\/2024\\\/04\\\/chef-cooks-working-in-professional-kitchen-2023-11-27-05-07-39-utc-scaled.jpg\",\"width\":2560,\"height\":1708,\"caption\":\"Adexa\"},\"image\":{\"@id\":\"https:\\\/\\\/adexa.ee\\\/#\\\/schema\\\/logo\\\/image\\\/\"}}]}<\/script>\n<!-- \/ Yoast SEO plugin. -->","yoast_head_json":{"title":"2-\u00fches Pitsal\u00f5ikur ja Serveermislabidas Roostevabast Terasest | Adexa WHK057 - Adexa \u2013 Suurk\u00f6\u00f6giseadmed restoranidele ja toitlustusele","robots":{"index":"index","follow":"follow","max-snippet":"max-snippet:-1","max-image-preview":"max-image-preview:large","max-video-preview":"max-video-preview:-1"},"canonical":"https:\/\/adexa.ee\/toode\/2-uhes-pitsaloikur-ja-serveermislabidas-roostevabast-terasest-adexa-whk057\/","og_locale":"en_US","og_type":"article","og_title":"2-\u00fches Pitsal\u00f5ikur ja Serveermislabidas Roostevabast Terasest | Adexa WHK057 - Adexa \u2013 Suurk\u00f6\u00f6giseadmed restoranidele ja toitlustusele","og_description":"T\u00e4iuslik igaks pitsapeoks, restorani v\u00f5i pitsabaari jaoks, see pitsal\u00f5ikur ja spaatel on 2-\u00fches must-have k\u00f6\u00f6giriist. \u00dches otsas on \u00fcmmargune rullikl\u00f5ikur","og_url":"https:\/\/adexa.ee\/toode\/2-uhes-pitsaloikur-ja-serveermislabidas-roostevabast-terasest-adexa-whk057\/","og_site_name":"Adexa \u2013 Suurk\u00f6\u00f6giseadmed restoranidele ja toitlustusele","article_modified_time":"2026-03-26T07:35:09+00:00","og_image":[{"width":730,"height":730,"url":"https:\/\/adexa.ee\/wp-content\/uploads\/2024\/12\/WHK057-1.jpg","type":"image\/jpeg"}],"twitter_card":"summary_large_image","twitter_misc":{"Est. reading time":"1 minute"},"schema":{"@context":"https:\/\/schema.org","@graph":[{"@type":"WebPage","@id":"https:\/\/adexa.ee\/toode\/2-uhes-pitsaloikur-ja-serveermislabidas-roostevabast-terasest-adexa-whk057\/","url":"https:\/\/adexa.ee\/toode\/2-uhes-pitsaloikur-ja-serveermislabidas-roostevabast-terasest-adexa-whk057\/","name":"2-\u00fches Pitsal\u00f5ikur ja Serveermislabidas Roostevabast Terasest | Adexa WHK057 - Adexa \u2013 Suurk\u00f6\u00f6giseadmed restoranidele ja toitlustusele","isPartOf":{"@id":"https:\/\/adexa.ee\/#website"},"primaryImageOfPage":{"@id":"https:\/\/adexa.ee\/toode\/2-uhes-pitsaloikur-ja-serveermislabidas-roostevabast-terasest-adexa-whk057\/#primaryimage"},"image":{"@id":"https:\/\/adexa.ee\/toode\/2-uhes-pitsaloikur-ja-serveermislabidas-roostevabast-terasest-adexa-whk057\/#primaryimage"},"thumbnailUrl":"https:\/\/adexa.ee\/wp-content\/uploads\/2024\/12\/WHK057-1.jpg","datePublished":"2026-03-26T07:35:02+00:00","dateModified":"2026-03-26T07:35:09+00:00","breadcrumb":{"@id":"https:\/\/adexa.ee\/toode\/2-uhes-pitsaloikur-ja-serveermislabidas-roostevabast-terasest-adexa-whk057\/#breadcrumb"},"inLanguage":"en-US","potentialAction":[{"@type":"ReadAction","target":["https:\/\/adexa.ee\/toode\/2-uhes-pitsaloikur-ja-serveermislabidas-roostevabast-terasest-adexa-whk057\/"]}]},{"@type":"ImageObject","inLanguage":"en-US","@id":"https:\/\/adexa.ee\/toode\/2-uhes-pitsaloikur-ja-serveermislabidas-roostevabast-terasest-adexa-whk057\/#primaryimage","url":"https:\/\/adexa.ee\/wp-content\/uploads\/2024\/12\/WHK057-1.jpg","contentUrl":"https:\/\/adexa.ee\/wp-content\/uploads\/2024\/12\/WHK057-1.jpg","width":730,"height":730},{"@type":"BreadcrumbList","@id":"https:\/\/adexa.ee\/toode\/2-uhes-pitsaloikur-ja-serveermislabidas-roostevabast-terasest-adexa-whk057\/#breadcrumb","itemListElement":[{"@type":"ListItem","position":1,"name":"Home","item":"https:\/\/adexa.ee\/"},{"@type":"ListItem","position":2,"name":"Tooted","item":"https:\/\/adexa.ee\/pood\/"},{"@type":"ListItem","position":3,"name":"2-\u00fches Pitsal\u00f5ikur ja Serveermislabidas Roostevabast Terasest | Adexa WHK057"}]},{"@type":"WebSite","@id":"https:\/\/adexa.ee\/#website","url":"https:\/\/adexa.ee\/","name":"Adexa","description":"","publisher":{"@id":"https:\/\/adexa.ee\/#organization"},"potentialAction":[{"@type":"SearchAction","target":{"@type":"EntryPoint","urlTemplate":"https:\/\/adexa.ee\/?s={search_term_string}"},"query-input":{"@type":"PropertyValueSpecification","valueRequired":true,"valueName":"search_term_string"}}],"inLanguage":"en-US"},{"@type":"Organization","@id":"https:\/\/adexa.ee\/#organization","name":"Adexa","url":"https:\/\/adexa.ee\/","logo":{"@type":"ImageObject","inLanguage":"en-US","@id":"https:\/\/adexa.ee\/#\/schema\/logo\/image\/","url":"https:\/\/adexa.ee\/wp-content\/uploads\/2024\/04\/chef-cooks-working-in-professional-kitchen-2023-11-27-05-07-39-utc-scaled.jpg","contentUrl":"https:\/\/adexa.ee\/wp-content\/uploads\/2024\/04\/chef-cooks-working-in-professional-kitchen-2023-11-27-05-07-39-utc-scaled.jpg","width":2560,"height":1708,"caption":"Adexa"},"image":{"@id":"https:\/\/adexa.ee\/#\/schema\/logo\/image\/"}}]}},"_links":{"self":[{"href":"https:\/\/adexa.ee\/en\/wp-json\/wp\/v2\/product\/11704","targetHints":{"allow":["GET"]}}],"collection":[{"href":"https:\/\/adexa.ee\/en\/wp-json\/wp\/v2\/product"}],"about":[{"href":"https:\/\/adexa.ee\/en\/wp-json\/wp\/v2\/types\/product"}],"wp:featuredmedia":[{"embeddable":true,"href":"https:\/\/adexa.ee\/en\/wp-json\/wp\/v2\/media\/11707"}],"wp:attachment":[{"href":"https:\/\/adexa.ee\/en\/wp-json\/wp\/v2\/media?parent=11704"}],"wp:term":[{"taxonomy":"product_brand","embeddable":true,"href":"https:\/\/adexa.ee\/en\/wp-json\/wp\/v2\/product_brand?post=11704"},{"taxonomy":"product_cat","embeddable":true,"href":"https:\/\/adexa.ee\/en\/wp-json\/wp\/v2\/product_cat?post=11704"},{"taxonomy":"product_tag","embeddable":true,"href":"https:\/\/adexa.ee\/en\/wp-json\/wp\/v2\/product_tag?post=11704"}],"curies":[{"name":"wp","href":"https:\/\/api.w.org\/{rel}","templated":true}]}}